{"id":9609,"date":"2010-06-17T08:10:33","date_gmt":"2010-06-17T06:10:33","guid":{"rendered":"http:\/\/www.it.tarnow.pl\/globikowa-dinosaurs\/"},"modified":"2019-04-03T15:15:14","modified_gmt":"2019-04-03T13:15:14","slug":"globikowa-dinosaurs","status":"publish","type":"page","link":"https:\/\/www.it.tarnow.pl\/en\/worth-seeing\/other-interesting-places-in-tarnow-region\/globikowa-dinosaurs\/","title":{"rendered":"G\u0142obikowa (Dinosaurs)"},"content":{"rendered":"<p>Location: <\/p>\n<p> Province: Podkarpackie <br> District: D\u0119bicki<br> Parish: D\u0119bica <\/p>\n<p> Distance from Tarn\u00f3w: 40 km<br> Driving directions from Tarn\u00f3w: Tarn\u00f3w \u2013 Parkosz (National Road No. 4, towards Rzesz\u00f3w) \u2013 Go\u0142\u0119czyna \u2013 Po\u0142omia \u2013 G\u0142obikowa <\/p>\n<p>\u00a0<\/p>\n<p>In G\u0142obikowa, next to \u201cRozdzielnia wiatr\u00f3w\u201d hostel and 20-meter-high viewing tower (where one can observe Tatra Mountains during good visibility) a \u201cJuraPark\u201d is being constructed. Two dinosaurs have already been put in place: roaring and illuminated diplodocus (weight: 4 tons, dimensions: 15m long, 5m tall, 6m wide) and triceratops (dimensions: 5m long, 2m high). Whereas in another place in D\u0119bica county \u2013 Pustk\u00f3w Osiedle (14 km north from D\u0119bica) one can see a replica of pteranodon, the largest flying predator in the history of the Earth, which stands nearby Commune Culture Center. <\/p>\n<p> There is an intention of building a mammoth path, where models of these animals would be placed. Mammoths\u2019 bones were frequently found during excavations. <\/p>\n<p> Another place worth seeing in G\u0142obikowa is \u201cTomasz\u00f3wka\u201d park. This object was a property of Oba\u017cewski family and was listed on national monument list in the 19th century. This is a naturalistic, national scenic area having a few hundred years old ash tree and alley of oaks, which are considered natural monuments. <\/p>\n<p>\u00a0<\/p>\n<p>More information at: <a href=\"http:\/\/www.ugdebica.pl\/\" class=\"target_blank\">www.ugdebica.pl<\/a>\n (Polish only)<\/p>","protected":false},"excerpt":{"rendered":"Location: Province: Podkarpackie District: D\u0119bicki Parish: D\u0119bica Distance from Tarn\u00f3w: 40 km Driving directions from Tarn\u00f3w: Tarn\u00f3w \u2013 Parkosz (National Road No. 4, towards Rzesz\u00f3w) \u2013 Go\u0142\u0119czyna \u2013 Po\u0142omia \u2013 [&hellip;]","protected":false},"author":1,"featured_media":0,"parent":9608,"menu_order":658,"comment_status":"closed","ping_status":"closed","template":"","meta":{"_acf_changed":false,"footnotes":""},"tags":[],"class_list":["post-9609","page","type-page","status-publish","hentry"],"acf":{"in_menu":null,"show_date":null,"intro_text":"<p>In G\u0142obikowa, next to \u201cRozdzielnia wiatr\u00f3w\u201d hostel and 20-meter-high viewing tower (where one can observe Tatra Mountains during good visibility) a \u201cJuraPark\u201d is being constructed. Two dinosaurs have already been put in place: roaring and illuminated diplodocus (weight: 4 tons, dimensions: 15m long, 5m tall, 6m wide) and triceratops (dimensions: 5m long, 2m high).<\/p>","map":{"lat":"49.962609","lng":"21.451728","address":"","zoom":12}},"yoast_head":"<!-- This site is optimized with the Yoast SEO Premium plugin v25.4 (Yoast SEO v25.4) - https:\/\/yoast.com\/wordpress\/plugins\/seo\/ -->\n<title>G\u0142obikowa (Dinosaurs) - Tarnowskie Centrum Informacji<\/title>\n<meta name=\"robots\" content=\"index, follow, max-snippet:-1, max-image-preview:large, max-video-preview:-1\" \/>\n<link rel=\"canonical\" href=\"https:\/\/www.it.tarnow.pl\/en\/worth-seeing\/other-interesting-places-in-tarnow-region\/globikowa-dinosaurs\/\" \/>\n<meta property=\"og:locale\" content=\"en_US\" \/>\n<meta property=\"og:type\" content=\"article\" \/>\n<meta property=\"og:title\" content=\"G\u0142obikowa (Dinosaurs)\" \/>\n<meta property=\"og:description\" content=\"Location: Province: Podkarpackie District: D\u0119bicki Parish: D\u0119bica Distance from Tarn\u00f3w: 40 km Driving directions from Tarn\u00f3w: Tarn\u00f3w \u2013 Parkosz (National Road No. 4, towards Rzesz\u00f3w) \u2013 Go\u0142\u0119czyna \u2013 Po\u0142omia \u2013 [&hellip;]\" \/>\n<meta property=\"og:url\" content=\"https:\/\/www.it.tarnow.pl\/en\/worth-seeing\/other-interesting-places-in-tarnow-region\/globikowa-dinosaurs\/\" \/>\n<meta property=\"og:site_name\" content=\"Tarnowskie Centrum Informacji\" \/>\n<meta property=\"article:modified_time\" content=\"2019-04-03T13:15:14+00:00\" \/>\n<meta name=\"twitter:card\" content=\"summary_large_image\" \/>\n<meta name=\"twitter:label1\" content=\"Est. reading time\" \/>\n\t<meta name=\"twitter:data1\" content=\"1 minute\" \/>\n<script type=\"application\/ld+json\" class=\"yoast-schema-graph\">{\"@context\":\"https:\/\/schema.org\",\"@graph\":[{\"@type\":\"WebPage\",\"@id\":\"https:\/\/www.it.tarnow.pl\/en\/worth-seeing\/other-interesting-places-in-tarnow-region\/globikowa-dinosaurs\/\",\"url\":\"https:\/\/www.it.tarnow.pl\/en\/worth-seeing\/other-interesting-places-in-tarnow-region\/globikowa-dinosaurs\/\",\"name\":\"G\u0142obikowa (Dinosaurs) - Tarnowskie Centrum Informacji\",\"isPartOf\":{\"@id\":\"https:\/\/www.it.tarnow.pl\/#website\"},\"datePublished\":\"2010-06-17T06:10:33+00:00\",\"dateModified\":\"2019-04-03T13:15:14+00:00\",\"breadcrumb\":{\"@id\":\"https:\/\/www.it.tarnow.pl\/en\/worth-seeing\/other-interesting-places-in-tarnow-region\/globikowa-dinosaurs\/#breadcrumb\"},\"inLanguage\":\"en-US\",\"potentialAction\":[{\"@type\":\"ReadAction\",\"target\":[\"https:\/\/www.it.tarnow.pl\/en\/worth-seeing\/other-interesting-places-in-tarnow-region\/globikowa-dinosaurs\/\"]}]},{\"@type\":\"BreadcrumbList\",\"@id\":\"https:\/\/www.it.tarnow.pl\/en\/worth-seeing\/other-interesting-places-in-tarnow-region\/globikowa-dinosaurs\/#breadcrumb\",\"itemListElement\":[{\"@type\":\"ListItem\",\"position\":1,\"name\":\"Home page\",\"item\":\"https:\/\/www.it.tarnow.pl\/en\/\"},{\"@type\":\"ListItem\",\"position\":2,\"name\":\"Worth seeing\",\"item\":\"https:\/\/www.it.tarnow.pl\/en\/worth-seeing\/\"},{\"@type\":\"ListItem\",\"position\":3,\"name\":\"Other interesting places in Tarnow region\",\"item\":\"https:\/\/www.it.tarnow.pl\/en\/worth-seeing\/other-interesting-places-in-tarnow-region\/\"},{\"@type\":\"ListItem\",\"position\":4,\"name\":\"G\u0142obikowa (Dinosaurs)\"}]},{\"@type\":\"WebSite\",\"@id\":\"https:\/\/www.it.tarnow.pl\/#website\",\"url\":\"https:\/\/www.it.tarnow.pl\/\",\"name\":\"Tarnowskie Centrum Informacji\",\"description\":\"Informacja turystyczna o Tarnowie i regionie tarnowskim.\",\"potentialAction\":[{\"@type\":\"SearchAction\",\"target\":{\"@type\":\"EntryPoint\",\"urlTemplate\":\"https:\/\/www.it.tarnow.pl\/?s={search_term_string}\"},\"query-input\":{\"@type\":\"PropertyValueSpecification\",\"valueRequired\":true,\"valueName\":\"search_term_string\"}}],\"inLanguage\":\"en-US\"}]}<\/script>\n<!-- \/ Yoast SEO Premium plugin. -->","yoast_head_json":{"title":"G\u0142obikowa (Dinosaurs) - Tarnowskie Centrum Informacji","robots":{"index":"index","follow":"follow","max-snippet":"max-snippet:-1","max-image-preview":"max-image-preview:large","max-video-preview":"max-video-preview:-1"},"canonical":"https:\/\/www.it.tarnow.pl\/en\/worth-seeing\/other-interesting-places-in-tarnow-region\/globikowa-dinosaurs\/","og_locale":"en_US","og_type":"article","og_title":"G\u0142obikowa (Dinosaurs)","og_description":"Location: Province: Podkarpackie District: D\u0119bicki Parish: D\u0119bica Distance from Tarn\u00f3w: 40 km Driving directions from Tarn\u00f3w: Tarn\u00f3w \u2013 Parkosz (National Road No. 4, towards Rzesz\u00f3w) \u2013 Go\u0142\u0119czyna \u2013 Po\u0142omia \u2013 [&hellip;]","og_url":"https:\/\/www.it.tarnow.pl\/en\/worth-seeing\/other-interesting-places-in-tarnow-region\/globikowa-dinosaurs\/","og_site_name":"Tarnowskie Centrum Informacji","article_modified_time":"2019-04-03T13:15:14+00:00","twitter_card":"summary_large_image","twitter_misc":{"Est. reading time":"1 minute"},"schema":{"@context":"https:\/\/schema.org","@graph":[{"@type":"WebPage","@id":"https:\/\/www.it.tarnow.pl\/en\/worth-seeing\/other-interesting-places-in-tarnow-region\/globikowa-dinosaurs\/","url":"https:\/\/www.it.tarnow.pl\/en\/worth-seeing\/other-interesting-places-in-tarnow-region\/globikowa-dinosaurs\/","name":"G\u0142obikowa (Dinosaurs) - Tarnowskie Centrum Informacji","isPartOf":{"@id":"https:\/\/www.it.tarnow.pl\/#website"},"datePublished":"2010-06-17T06:10:33+00:00","dateModified":"2019-04-03T13:15:14+00:00","breadcrumb":{"@id":"https:\/\/www.it.tarnow.pl\/en\/worth-seeing\/other-interesting-places-in-tarnow-region\/globikowa-dinosaurs\/#breadcrumb"},"inLanguage":"en-US","potentialAction":[{"@type":"ReadAction","target":["https:\/\/www.it.tarnow.pl\/en\/worth-seeing\/other-interesting-places-in-tarnow-region\/globikowa-dinosaurs\/"]}]},{"@type":"BreadcrumbList","@id":"https:\/\/www.it.tarnow.pl\/en\/worth-seeing\/other-interesting-places-in-tarnow-region\/globikowa-dinosaurs\/#breadcrumb","itemListElement":[{"@type":"ListItem","position":1,"name":"Home page","item":"https:\/\/www.it.tarnow.pl\/en\/"},{"@type":"ListItem","position":2,"name":"Worth seeing","item":"https:\/\/www.it.tarnow.pl\/en\/worth-seeing\/"},{"@type":"ListItem","position":3,"name":"Other interesting places in Tarnow region","item":"https:\/\/www.it.tarnow.pl\/en\/worth-seeing\/other-interesting-places-in-tarnow-region\/"},{"@type":"ListItem","position":4,"name":"G\u0142obikowa (Dinosaurs)"}]},{"@type":"WebSite","@id":"https:\/\/www.it.tarnow.pl\/#website","url":"https:\/\/www.it.tarnow.pl\/","name":"Tarnowskie Centrum Informacji","description":"Informacja turystyczna o Tarnowie i regionie tarnowskim.","potentialAction":[{"@type":"SearchAction","target":{"@type":"EntryPoint","urlTemplate":"https:\/\/www.it.tarnow.pl\/?s={search_term_string}"},"query-input":{"@type":"PropertyValueSpecification","valueRequired":true,"valueName":"search_term_string"}}],"inLanguage":"en-US"}]}},"_links":{"self":[{"href":"https:\/\/www.it.tarnow.pl\/en\/wp-json\/wp\/v2\/pages\/9609","targetHints":{"allow":["GET"]}}],"collection":[{"href":"https:\/\/www.it.tarnow.pl\/en\/wp-json\/wp\/v2\/pages"}],"about":[{"href":"https:\/\/www.it.tarnow.pl\/en\/wp-json\/wp\/v2\/types\/page"}],"author":[{"embeddable":true,"href":"https:\/\/www.it.tarnow.pl\/en\/wp-json\/wp\/v2\/users\/1"}],"replies":[{"embeddable":true,"href":"https:\/\/www.it.tarnow.pl\/en\/wp-json\/wp\/v2\/comments?post=9609"}],"version-history":[{"count":0,"href":"https:\/\/www.it.tarnow.pl\/en\/wp-json\/wp\/v2\/pages\/9609\/revisions"}],"up":[{"embeddable":true,"href":"https:\/\/www.it.tarnow.pl\/en\/wp-json\/wp\/v2\/pages\/9608"}],"wp:attachment":[{"href":"https:\/\/www.it.tarnow.pl\/en\/wp-json\/wp\/v2\/media?parent=9609"}],"wp:term":[{"taxonomy":"post_tag","embeddable":true,"href":"https:\/\/www.it.tarnow.pl\/en\/wp-json\/wp\/v2\/tags?post=9609"}],"curies":[{"name":"wp","href":"https:\/\/api.w.org\/{rel}","templated":true}]}}