{"id":9607,"date":"2010-07-09T17:42:46","date_gmt":"2010-07-09T15:42:46","guid":{"rendered":"http:\/\/www.it.tarnow.pl\/exceptional-museums-in-tarnow-region\/"},"modified":"2019-04-03T15:15:14","modified_gmt":"2019-04-03T13:15:14","slug":"exceptional-museums-in-tarnow-region","status":"publish","type":"page","link":"https:\/\/www.it.tarnow.pl\/en\/worth-seeing\/exceptional-museums-in-tarnow-region\/","title":{"rendered":"Exceptional museums in Tarn\u00f3w region"},"content":{"rendered":"<img loading=\"lazy\" decoding=\"async\" width=\"300\" height=\"225\" class=\"size-medium alignleft wp-image-36132\" src=\"http:\/\/www.it.tarnow.pl\/wp-content\/uploads\/2019\/02\/Szczucin_Road_Museum_small-300x225.jpg\" alt=\"\" srcset=\"https:\/\/www.it.tarnow.pl\/wp-content\/uploads\/2019\/02\/Szczucin_Road_Museum_small-300x225.jpg 300w, https:\/\/www.it.tarnow.pl\/wp-content\/uploads\/2019\/02\/Szczucin_Road_Museum_small.jpg 640w\" sizes=\"auto, (max-width: 300px) 100vw, 300px\" \/><p><b>Muzeum Drogownictwa w Szczucinie (Museum of Road Building in Szczucin) <\/b><br> 35 km north from Tarn\u00f3w, toward Warszawa and Kielce<br>ul. 1 Maja 39, 33-230 Szczucin, PL, phone: +48 14 643 63 81, web: <a href=\"http:\/\/www.gddkia.gov.pl\/whd\" class=\"target_blank\">www.gddkia.gov.pl\/whd<\/a>\n<\/p>\n<p>An extremely interesting open air exhibition of road building machines and vehicles. An indoor exhibitions, presented in a bridgeshaped building, include: rich collection of tools used in road building over centuries, unique 19th century documents, roads and bridges designs, souvenirs and uniforms of road building personnel. The exhibitions are presented in a modern way, therefore very interesting for viewers. Slide shows, movies projections and presentations on history and techniques of road and bridge building can be scheduled by appointment.<\/p>\n<p>\u00a0<\/p> <img loading=\"lazy\" decoding=\"async\" width=\"300\" height=\"225\" class=\"size-medium alignleft wp-image-36137\" src=\"http:\/\/www.it.tarnow.pl\/wp-content\/uploads\/2019\/02\/Zalipie_small-300x225.jpg\" alt=\"\" srcset=\"https:\/\/www.it.tarnow.pl\/wp-content\/uploads\/2019\/02\/Zalipie_small-300x225.jpg 300w, https:\/\/www.it.tarnow.pl\/wp-content\/uploads\/2019\/02\/Zalipie_small.jpg 640w\" sizes=\"auto, (max-width: 300px) 100vw, 300px\" \/><p><b>Zalipie \u2013 \u201eMalowana Wie\u015b\u201d (Painted Village)<\/b> <br> 40 kilometers north from Tarn\u00f3w, toward \u017babno<br> Dom Malarek w Zalipiu, PL, phone: +48 14 641 19 38<br><b>Zagroda Felicji Cury\u0142owej w Zalipiu<\/b> (branch of the Tarn\u00f3w Regional Museum)<br> phone: +48 14 641 19 12, web: <a href=\"http:\/\/www.muzeum.tarnow.pl\/\" class=\"target_blank\">www.muzeum.tarnow.pl<\/a>\n <\/p>\n<p>Zalipie &#8211; \u201ePainted village\u201d is famous for the tradition of painting houses in original floral ornaments. An exhibition on the history of floral painting can be seen in Dom Malarek. Special workshops for children are organized there. Kids can learn traditional Zalipie paintings, paint Easter eggs or make Easter palms. A must-see in Zalipie is Zagroda Felicji Cury\u0142owej (Felicja Cury\u0142owa\u2019s Farmstead) where besides walls of house and farm building one can admire beautifully painted interiors. Special museum lessons can be scheduled here as well.<\/p>\n<p>\u00a0<\/p> <img loading=\"lazy\" decoding=\"async\" width=\"300\" height=\"225\" class=\"size-medium alignleft wp-image-36142\" src=\"http:\/\/www.it.tarnow.pl\/wp-content\/uploads\/2019\/02\/Dolls_Museum_small-300x225.jpg\" alt=\"\" srcset=\"https:\/\/www.it.tarnow.pl\/wp-content\/uploads\/2019\/02\/Dolls_Museum_small-300x225.jpg 300w, https:\/\/www.it.tarnow.pl\/wp-content\/uploads\/2019\/02\/Dolls_Museum_small.jpg 640w\" sizes=\"auto, (max-width: 300px) 100vw, 300px\" \/><p><b>Muzeum Lalek<\/b> (Dolls Museum)<br> some 25 kilometers east from Tarn\u00f3w, toward Rzesz\u00f3w<br> ul. Grodzka 24, 39-220 Pilzno, PL<br> phone: +48 14 672 13 21, web: <a href=\"http:\/\/www.muzeumlalek.pl\/\" class=\"target_blank\">www.muzeumlalek.pl<\/a>\n <br> open air exposition in Lipiny (by E 40 Tarn\u00f3w \u2013 Rzesz\u00f3w route) <\/p>\n<p> This unique place was established within the dolls workshop. Its exhibitions include collections of dolls from all over the world, including significant collection of Japanese dolls. An addition to the dolls collection is an exhibition of ancient and rare religious and every-day equipment. The branch of the Dolls Museum, located in Lipiny (some 15 km east of Tarn\u00f3w on E-40 Tarn\u00f3w-Rzeszow international route) hosts the exhibitions of miniature buildings and characters from the most popular fairy tales. The Witch Inn, which is the name of this branch, provides delicious meals to all visitors. <br>Museum\u2019s wide educational offer focuses on meeting child\u2019s needs and interests. Some of the courses include: cooking with the Witch, weaving techniques, traditional pottery making techniques, hand making crepe paper flowers, puppets making, Christmas and Easter motifs in decoration, or expressing feelings through dolls\u2019 shapes and colors. The last one is free of charge.<\/p>\n<p>\u00a0<\/p>\n<p> <b>Muzeum Przyrodnicze w Ci\u0119\u017ckowicach<\/b> (Nature Museum in Ci\u0119\u017ckowice) <br> 35 kilometers south from Tarn\u00f3w, toward Krynica<br> ul. 3 Maja 4, 33-190 Ci\u0119\u017ckowice, PL<br> phone: +48 14 651 00 38, <a href=\"http:\/\/www.ciezkowice.pl\/\" class=\"target_blank\">www.ciezkowice.pl<\/a>\n <\/p>\n<p>The exhibitions include some 200 species of birds, 500 insects and tens of hunting trophies. Other attractions are: bats\u2019 cave, insects\u2019 feeding grounds, local flora and pictures of a nature by some of the best photographers. Educational offer: \u201eOur bats\u201d, \u201ePolish owls\u201d and \u201eThe nature of Pog\u00f3rze in English\u201d.<\/p>","protected":false},"excerpt":{"rendered":"Muzeum Drogownictwa w Szczucinie (Museum of Road Building in Szczucin) 35 km north from Tarn\u00f3w, toward Warszawa and Kielceul. 1 Maja 39, 33-230 Szczucin, PL, phone: +48 14 643 63 [&hellip;]","protected":false},"author":17,"featured_media":0,"parent":9548,"menu_order":479,"comment_status":"closed","ping_status":"closed","template":"","meta":{"_acf_changed":false,"footnotes":""},"tags":[],"class_list":["post-9607","page","type-page","status-publish","hentry"],"acf":{"in_menu":null,"show_date":null,"intro_text":"","map":null},"yoast_head":"<!-- This site is optimized with the Yoast SEO Premium plugin v25.4 (Yoast SEO v25.4) - https:\/\/yoast.com\/wordpress\/plugins\/seo\/ -->\n<title>Exceptional museums in Tarn\u00f3w region - Tarnowskie Centrum Informacji<\/title>\n<meta name=\"robots\" content=\"index, follow, max-snippet:-1, max-image-preview:large, max-video-preview:-1\" \/>\n<link rel=\"canonical\" href=\"https:\/\/www.it.tarnow.pl\/en\/worth-seeing\/exceptional-museums-in-tarnow-region\/\" \/>\n<meta property=\"og:locale\" content=\"en_US\" \/>\n<meta property=\"og:type\" content=\"article\" \/>\n<meta property=\"og:title\" content=\"Exceptional museums in Tarn\u00f3w region\" \/>\n<meta property=\"og:description\" content=\"Muzeum Drogownictwa w Szczucinie (Museum of Road Building in Szczucin) 35 km north from Tarn\u00f3w, toward Warszawa and Kielceul. 1 Maja 39, 33-230 Szczucin, PL, phone: +48 14 643 63 [&hellip;]\" \/>\n<meta property=\"og:url\" content=\"https:\/\/www.it.tarnow.pl\/en\/worth-seeing\/exceptional-museums-in-tarnow-region\/\" \/>\n<meta property=\"og:site_name\" content=\"Tarnowskie Centrum Informacji\" \/>\n<meta property=\"article:modified_time\" content=\"2019-04-03T13:15:14+00:00\" \/>\n<meta property=\"og:image\" content=\"http:\/\/www.it.tarnow.pl\/wp-content\/uploads\/2019\/02\/Szczucin_Road_Museum_small-300x225.jpg\" \/>\n<meta name=\"twitter:card\" content=\"summary_large_image\" \/>\n<meta name=\"twitter:label1\" content=\"Est. reading time\" \/>\n\t<meta name=\"twitter:data1\" content=\"2 minutes\" \/>\n<script type=\"application\/ld+json\" class=\"yoast-schema-graph\">{\"@context\":\"https:\/\/schema.org\",\"@graph\":[{\"@type\":\"WebPage\",\"@id\":\"https:\/\/www.it.tarnow.pl\/en\/worth-seeing\/exceptional-museums-in-tarnow-region\/\",\"url\":\"https:\/\/www.it.tarnow.pl\/en\/worth-seeing\/exceptional-museums-in-tarnow-region\/\",\"name\":\"Exceptional museums in Tarn\u00f3w region - Tarnowskie Centrum Informacji\",\"isPartOf\":{\"@id\":\"https:\/\/www.it.tarnow.pl\/#website\"},\"primaryImageOfPage\":{\"@id\":\"https:\/\/www.it.tarnow.pl\/en\/worth-seeing\/exceptional-museums-in-tarnow-region\/#primaryimage\"},\"image\":{\"@id\":\"https:\/\/www.it.tarnow.pl\/en\/worth-seeing\/exceptional-museums-in-tarnow-region\/#primaryimage\"},\"thumbnailUrl\":\"http:\/\/www.it.tarnow.pl\/wp-content\/uploads\/2019\/02\/Szczucin_Road_Museum_small-300x225.jpg\",\"datePublished\":\"2010-07-09T15:42:46+00:00\",\"dateModified\":\"2019-04-03T13:15:14+00:00\",\"breadcrumb\":{\"@id\":\"https:\/\/www.it.tarnow.pl\/en\/worth-seeing\/exceptional-museums-in-tarnow-region\/#breadcrumb\"},\"inLanguage\":\"en-US\",\"potentialAction\":[{\"@type\":\"ReadAction\",\"target\":[\"https:\/\/www.it.tarnow.pl\/en\/worth-seeing\/exceptional-museums-in-tarnow-region\/\"]}]},{\"@type\":\"ImageObject\",\"inLanguage\":\"en-US\",\"@id\":\"https:\/\/www.it.tarnow.pl\/en\/worth-seeing\/exceptional-museums-in-tarnow-region\/#primaryimage\",\"url\":\"http:\/\/www.it.tarnow.pl\/wp-content\/uploads\/2019\/02\/Szczucin_Road_Museum_small-300x225.jpg\",\"contentUrl\":\"http:\/\/www.it.tarnow.pl\/wp-content\/uploads\/2019\/02\/Szczucin_Road_Museum_small-300x225.jpg\"},{\"@type\":\"BreadcrumbList\",\"@id\":\"https:\/\/www.it.tarnow.pl\/en\/worth-seeing\/exceptional-museums-in-tarnow-region\/#breadcrumb\",\"itemListElement\":[{\"@type\":\"ListItem\",\"position\":1,\"name\":\"Home page\",\"item\":\"https:\/\/www.it.tarnow.pl\/en\/\"},{\"@type\":\"ListItem\",\"position\":2,\"name\":\"Worth seeing\",\"item\":\"https:\/\/www.it.tarnow.pl\/en\/worth-seeing\/\"},{\"@type\":\"ListItem\",\"position\":3,\"name\":\"Exceptional museums in Tarn\u00f3w region\"}]},{\"@type\":\"WebSite\",\"@id\":\"https:\/\/www.it.tarnow.pl\/#website\",\"url\":\"https:\/\/www.it.tarnow.pl\/\",\"name\":\"Tarnowskie Centrum Informacji\",\"description\":\"Informacja turystyczna o Tarnowie i regionie tarnowskim.\",\"potentialAction\":[{\"@type\":\"SearchAction\",\"target\":{\"@type\":\"EntryPoint\",\"urlTemplate\":\"https:\/\/www.it.tarnow.pl\/?s={search_term_string}\"},\"query-input\":{\"@type\":\"PropertyValueSpecification\",\"valueRequired\":true,\"valueName\":\"search_term_string\"}}],\"inLanguage\":\"en-US\"}]}<\/script>\n<!-- \/ Yoast SEO Premium plugin. -->","yoast_head_json":{"title":"Exceptional museums in Tarn\u00f3w region - Tarnowskie Centrum Informacji","robots":{"index":"index","follow":"follow","max-snippet":"max-snippet:-1","max-image-preview":"max-image-preview:large","max-video-preview":"max-video-preview:-1"},"canonical":"https:\/\/www.it.tarnow.pl\/en\/worth-seeing\/exceptional-museums-in-tarnow-region\/","og_locale":"en_US","og_type":"article","og_title":"Exceptional museums in Tarn\u00f3w region","og_description":"Muzeum Drogownictwa w Szczucinie (Museum of Road Building in Szczucin) 35 km north from Tarn\u00f3w, toward Warszawa and Kielceul. 1 Maja 39, 33-230 Szczucin, PL, phone: +48 14 643 63 [&hellip;]","og_url":"https:\/\/www.it.tarnow.pl\/en\/worth-seeing\/exceptional-museums-in-tarnow-region\/","og_site_name":"Tarnowskie Centrum Informacji","article_modified_time":"2019-04-03T13:15:14+00:00","og_image":[{"url":"http:\/\/www.it.tarnow.pl\/wp-content\/uploads\/2019\/02\/Szczucin_Road_Museum_small-300x225.jpg","type":"","width":"","height":""}],"twitter_card":"summary_large_image","twitter_misc":{"Est. reading time":"2 minutes"},"schema":{"@context":"https:\/\/schema.org","@graph":[{"@type":"WebPage","@id":"https:\/\/www.it.tarnow.pl\/en\/worth-seeing\/exceptional-museums-in-tarnow-region\/","url":"https:\/\/www.it.tarnow.pl\/en\/worth-seeing\/exceptional-museums-in-tarnow-region\/","name":"Exceptional museums in Tarn\u00f3w region - Tarnowskie Centrum Informacji","isPartOf":{"@id":"https:\/\/www.it.tarnow.pl\/#website"},"primaryImageOfPage":{"@id":"https:\/\/www.it.tarnow.pl\/en\/worth-seeing\/exceptional-museums-in-tarnow-region\/#primaryimage"},"image":{"@id":"https:\/\/www.it.tarnow.pl\/en\/worth-seeing\/exceptional-museums-in-tarnow-region\/#primaryimage"},"thumbnailUrl":"http:\/\/www.it.tarnow.pl\/wp-content\/uploads\/2019\/02\/Szczucin_Road_Museum_small-300x225.jpg","datePublished":"2010-07-09T15:42:46+00:00","dateModified":"2019-04-03T13:15:14+00:00","breadcrumb":{"@id":"https:\/\/www.it.tarnow.pl\/en\/worth-seeing\/exceptional-museums-in-tarnow-region\/#breadcrumb"},"inLanguage":"en-US","potentialAction":[{"@type":"ReadAction","target":["https:\/\/www.it.tarnow.pl\/en\/worth-seeing\/exceptional-museums-in-tarnow-region\/"]}]},{"@type":"ImageObject","inLanguage":"en-US","@id":"https:\/\/www.it.tarnow.pl\/en\/worth-seeing\/exceptional-museums-in-tarnow-region\/#primaryimage","url":"http:\/\/www.it.tarnow.pl\/wp-content\/uploads\/2019\/02\/Szczucin_Road_Museum_small-300x225.jpg","contentUrl":"http:\/\/www.it.tarnow.pl\/wp-content\/uploads\/2019\/02\/Szczucin_Road_Museum_small-300x225.jpg"},{"@type":"BreadcrumbList","@id":"https:\/\/www.it.tarnow.pl\/en\/worth-seeing\/exceptional-museums-in-tarnow-region\/#breadcrumb","itemListElement":[{"@type":"ListItem","position":1,"name":"Home page","item":"https:\/\/www.it.tarnow.pl\/en\/"},{"@type":"ListItem","position":2,"name":"Worth seeing","item":"https:\/\/www.it.tarnow.pl\/en\/worth-seeing\/"},{"@type":"ListItem","position":3,"name":"Exceptional museums in Tarn\u00f3w region"}]},{"@type":"WebSite","@id":"https:\/\/www.it.tarnow.pl\/#website","url":"https:\/\/www.it.tarnow.pl\/","name":"Tarnowskie Centrum Informacji","description":"Informacja turystyczna o Tarnowie i regionie tarnowskim.","potentialAction":[{"@type":"SearchAction","target":{"@type":"EntryPoint","urlTemplate":"https:\/\/www.it.tarnow.pl\/?s={search_term_string}"},"query-input":{"@type":"PropertyValueSpecification","valueRequired":true,"valueName":"search_term_string"}}],"inLanguage":"en-US"}]}},"_links":{"self":[{"href":"https:\/\/www.it.tarnow.pl\/en\/wp-json\/wp\/v2\/pages\/9607","targetHints":{"allow":["GET"]}}],"collection":[{"href":"https:\/\/www.it.tarnow.pl\/en\/wp-json\/wp\/v2\/pages"}],"about":[{"href":"https:\/\/www.it.tarnow.pl\/en\/wp-json\/wp\/v2\/types\/page"}],"author":[{"embeddable":true,"href":"https:\/\/www.it.tarnow.pl\/en\/wp-json\/wp\/v2\/users\/17"}],"replies":[{"embeddable":true,"href":"https:\/\/www.it.tarnow.pl\/en\/wp-json\/wp\/v2\/comments?post=9607"}],"version-history":[{"count":0,"href":"https:\/\/www.it.tarnow.pl\/en\/wp-json\/wp\/v2\/pages\/9607\/revisions"}],"up":[{"embeddable":true,"href":"https:\/\/www.it.tarnow.pl\/en\/wp-json\/wp\/v2\/pages\/9548"}],"wp:attachment":[{"href":"https:\/\/www.it.tarnow.pl\/en\/wp-json\/wp\/v2\/media?parent=9607"}],"wp:term":[{"taxonomy":"post_tag","embeddable":true,"href":"https:\/\/www.it.tarnow.pl\/en\/wp-json\/wp\/v2\/tags?post=9607"}],"curies":[{"name":"wp","href":"https:\/\/api.w.org\/{rel}","templated":true}]}}