{"id":9605,"date":"2010-06-16T18:19:36","date_gmt":"2010-06-16T16:19:36","guid":{"rendered":"http:\/\/www.it.tarnow.pl\/culture\/"},"modified":"2021-11-21T15:56:01","modified_gmt":"2021-11-21T14:56:01","slug":"culture","status":"publish","type":"page","link":"https:\/\/www.it.tarnow.pl\/en\/worth-seeing\/culture\/","title":{"rendered":"Culture"},"content":{"rendered":"<p><img loading=\"lazy\" decoding=\"async\" class=\"alignright wp-image-26286\" src=\"http:\/\/www.it.tarnow.pl\/wp-content\/uploads\/2019\/02\/Talia-02-300x194.jpg\" alt=\"\" width=\"400\" height=\"259\" srcset=\"https:\/\/www.it.tarnow.pl\/wp-content\/uploads\/2019\/02\/Talia-02-300x194.jpg 300w, https:\/\/www.it.tarnow.pl\/wp-content\/uploads\/2019\/02\/Talia-02.jpg 635w\" sizes=\"auto, (max-width: 400px) 100vw, 400px\" \/>Tarn\u00f3w is the city of film, musical and theatrical festivals, unusual open air events, plastic arts. Here art can be met on the streets in the form of open air exhibitions and free concerts. The Ludwik Solski theater\u2019s offer is prepared by a professional group of actors, casts and gifted artists. On Sunday mornings in the Tarn\u00f3w Town Hall there are organized \u201cPoetry Salons\u201d, concerts and meetings with writers. The Theater also takes care of the arrangements of the consecutive National Talia Comedy Festival.<\/p>\r\n<p>City Gallery BWA is the place where contemporary art, both Polish and foreign, is displayed. Nearly thirty exhibitions, presentations and artistic events are ogranized each year. Tarn\u00f3w Culture Centre is known for organizing Tarn\u00f3w Film Award &#8211; festival of the best Polish movies. It is second, after the festival in Gdynia, such event in Poland. The best film is awarded the figure of Lelivita, however the audience also gives their own prize &#8211; Maszkaron figure.<\/p>\r\n<p>At the invitation of TCK Jazz Club every month the best jazz players perform in Tarn\u00f3w. In TCK school of rock music functions as one of the few schools in Poland. In Marzenie cinema within the framework of \u201cThe fourth extra movie\u201d good and ambitious films are projected.<\/p>\r\n<p>Tarn\u00f3w is often visited by the stars of classical music who perform in the concerts arranged by Paderewski Centre in K\u0105\u015bna Dolna. Young artists who begin their musical career are granted \u201cticket to fame\u201d during Talents\u2019 Week.<\/p>\r\n<p>Every month Tarn\u00f3w Chamber Orchestra performs. Also two Christian world renown choirs function, these are male Pueri Cantores Tarnovienses and female Puellae Orantes. Both of them achieved numerous prestigious awards. In addition \u201c\u015awierczkowiacy\u201d Folk Dance Ensemble performs.<\/p>\r\n<p>&nbsp;<\/p>\r\n<h3>MUSIC<\/h3>\r\n<p><b>Musical meetings at Paderewski\u2019s mansion<\/b> are arranged in the form of annual cycle of summer concerts held in the manor house and park complex in K\u0105\u015bna Dolna. The event is widely recognized and promotes classical music performed by the best players. The concerts are organized in the only preserved mansion of the great Polish composer and politician.<\/p>\r\n<p><b>Bravo Maestro Chamber Music Festival<\/b> focuses on the best Polish performers. Happening once in two years, it is numbered among the most prestigious festivals in Poland. Its programme comprises the most outstanding works of chamber music.<\/p>\r\n<p><b>National Festival &#8220;Talent Week&#8221;<\/b> has been organized by Paderewski Centre from twenty five years. It aims at promoting young artists, the laureates of national and foreign contests. For many a young artist performance in Tarn\u00f3w is the first step in career. This festival initiated the career of many performers such as Waldemar Malicki, Tomasz Strahl or Rafa\u0142 Kwiatkowski. Opinion Commission recommending the most promising performers of the festival commit themselves to promoting these artists through the whole year.<\/p>\r\n<p><b><img loading=\"lazy\" decoding=\"async\" class=\"alignright wp-image-26281\" src=\"http:\/\/www.it.tarnow.pl\/wp-content\/uploads\/2019\/02\/F-Muzyki-Odnalezionej-01-300x194.jpg\" alt=\"\" width=\"400\" height=\"259\" srcset=\"https:\/\/www.it.tarnow.pl\/wp-content\/uploads\/2019\/02\/F-Muzyki-Odnalezionej-01-300x194.jpg 300w, https:\/\/www.it.tarnow.pl\/wp-content\/uploads\/2019\/02\/F-Muzyki-Odnalezionej-01.jpg 635w\" sizes=\"auto, (max-width: 400px) 100vw, 400px\" \/>International Festival of Rediscovered and Forgotten Music<\/b> in Tarn\u00f3w is the only event in the world which presents already forgotten pieces of music composed by both national and foreign artists. It is organized under under auspices of Ministry of Culture and National Heritage. The idea of Festival is to present forgotten and freshly rediscovered music by well known and forgotten composers, written hundreds years ago and found at present in the castles, churches, museums, private houses.<\/p>\r\n<p>&nbsp;<\/p>\r\n<h3>THEATER AND FILM<\/h3>\r\n<p><b>National Talia Comedy Festival<\/b>. Both national and foreign comedies are performed. The whole event spread from the Tarn\u00f3w theater to pubs and cafeterias leaving the streets full of laughing people. The contest is accompanied by numerous workshops, film festivals and meeting with actors.<\/p>\r\n<p><b><img loading=\"lazy\" decoding=\"async\" class=\"alignright wp-image-26291\" src=\"http:\/\/www.it.tarnow.pl\/wp-content\/uploads\/2019\/02\/TNF-01-300x194.jpg\" alt=\"\" width=\"400\" height=\"259\" srcset=\"https:\/\/www.it.tarnow.pl\/wp-content\/uploads\/2019\/02\/TNF-01-300x194.jpg 300w, https:\/\/www.it.tarnow.pl\/wp-content\/uploads\/2019\/02\/TNF-01.jpg 635w\" sizes=\"auto, (max-width: 400px) 100vw, 400px\" \/>Tarnowska Film Award<\/b> is a festival of the best Polish films which had been presented in cinemas in the year preceding the event. The purpose for which it is organized is to familiarize people with Polish cinema as well as promote Polish film making. For the first time it was launched in 1987.<\/p>\r\n<p><b>\u201cVitae Valor\u201d<\/b> (value of life) <b>film festival<\/b> presents and popularizes works emphasizing human existence as a value based on moral, spiritual, ethical and metaphysical foundations. Vitae Valor is not only an opportunity to promote such films but also to popularize their message.<\/p>\r\n<p>&nbsp;<\/p>\r\n<h3>SPECIAL EVENTS<\/h3>\r\n<p><b><img loading=\"lazy\" decoding=\"async\" class=\"alignright size-medium wp-image-26296\" src=\"http:\/\/www.it.tarnow.pl\/wp-content\/uploads\/2019\/02\/Zderzenia-01-300x194.jpg\" alt=\"\" width=\"300\" height=\"194\" srcset=\"https:\/\/www.it.tarnow.pl\/wp-content\/uploads\/2019\/02\/Zderzenia-01-300x194.jpg 300w, https:\/\/www.it.tarnow.pl\/wp-content\/uploads\/2019\/02\/Zderzenia-01.jpg 635w\" sizes=\"auto, (max-width: 300px) 100vw, 300px\" \/>Tarn\u00f3w Days &#8211; Festival of Cultures<\/b> is organized every two years. It is the festival of Tarn\u00f3w and is classed as the largest cultural event in the city. It comprises a couple of days\u2019 festival of artistic forms (street theaters\u2019 performances, concerts and presenting the folklore of the neighboring regions).<\/p>\r\n<p><b><img loading=\"lazy\" decoding=\"async\" class=\"size-medium wp-image-26301 alignleft\" src=\"http:\/\/www.it.tarnow.pl\/wp-content\/uploads\/2019\/02\/Galicjaner-02-300x194.jpg\" alt=\"\" width=\"300\" height=\"194\" srcset=\"https:\/\/www.it.tarnow.pl\/wp-content\/uploads\/2019\/02\/Galicjaner-02-300x194.jpg 300w, https:\/\/www.it.tarnow.pl\/wp-content\/uploads\/2019\/02\/Galicjaner-02.jpg 635w\" sizes=\"auto, (max-width: 300px) 100vw, 300px\" \/>The Days of Remembrance for Galician Jews<\/b> are organized to commemorate 10 000 residents of the city of Jewish origin who were slaughtered by Nazis in Buczyna forest in June 1942. The programme of the event encompasses concerts near Bimah, shows, concerts of klezmer music. Furthermore, the guided tour of the Jewish cemetery is allowed.<\/p>\r\n<p><b><img loading=\"lazy\" decoding=\"async\" class=\"size-medium wp-image-26311 alignright\" src=\"http:\/\/www.it.tarnow.pl\/wp-content\/uploads\/2019\/02\/Malowana-chata-01-300x200.jpg\" alt=\"\" width=\"300\" height=\"200\" srcset=\"https:\/\/www.it.tarnow.pl\/wp-content\/uploads\/2019\/02\/Malowana-chata-01-300x200.jpg 300w, https:\/\/www.it.tarnow.pl\/wp-content\/uploads\/2019\/02\/Malowana-chata-01.jpg 600w\" sizes=\"auto, (max-width: 300px) 100vw, 300px\" \/>Painted Cottage<\/b> is a contest which woman folk painters from Powi\u015ble D\u0105browskie participate in. Its purpose is to maintain the tradition of embellishing the houses with original plant patterns. Every year a few dozen participants compete for prizes. The most numerous representation constitute painters from \u201cpainted village\u201d &#8211; Zalipie.<\/p>\r\n<p><b>The tournament for a golden plait of Tar\u0142\u00f3wna<\/b> in the D\u0119bno castle. It is one of the largest open air events in Ma\u0142opolska. Every year it gathers thousands of spectators from the whole Poland. The main stage of show is the castle moat, which thanks to its vastness and great visibility guarantees proper presentation of armed formations and cavalry.<\/p>","protected":false},"excerpt":{"rendered":"Tarn\u00f3w is the city of film, musical and theatrical festivals, unusual open air events, plastic arts. Here art can be met on the streets in the form of open air [&hellip;]","protected":false},"author":1,"featured_media":0,"parent":9548,"menu_order":447,"comment_status":"closed","ping_status":"closed","template":"","meta":{"_acf_changed":false,"footnotes":""},"tags":[],"class_list":["post-9605","page","type-page","status-publish","hentry"],"acf":{"old_object_id":"4443","old_parent_id":"211","old_url":"Worth-seeing\/Culture","intro_text":"","show_children":"1","class":"folder","type":"single","in_menu":true,"show_date":false,"map":"","old_id":"","rooms_info":"","top_column":"","left_column":"","right_column":"","bottom_column":"","skip_import":false,"_menu_related_id":"96188"},"yoast_head":"<!-- This site is optimized with the Yoast SEO Premium plugin v25.4 (Yoast SEO v25.4) - https:\/\/yoast.com\/wordpress\/plugins\/seo\/ -->\n<title>Culture - Tarnowskie Centrum Informacji<\/title>\n<meta name=\"robots\" content=\"index, follow, max-snippet:-1, max-image-preview:large, max-video-preview:-1\" \/>\n<link rel=\"canonical\" href=\"https:\/\/www.it.tarnow.pl\/en\/worth-seeing\/culture\/\" \/>\n<meta property=\"og:locale\" content=\"en_US\" \/>\n<meta property=\"og:type\" content=\"article\" \/>\n<meta property=\"og:title\" content=\"Culture\" \/>\n<meta property=\"og:description\" content=\"Tarn\u00f3w is the city of film, musical and theatrical festivals, unusual open air events, plastic arts. Here art can be met on the streets in the form of open air [&hellip;]\" \/>\n<meta property=\"og:url\" content=\"https:\/\/www.it.tarnow.pl\/en\/worth-seeing\/culture\/\" \/>\n<meta property=\"og:site_name\" content=\"Tarnowskie Centrum Informacji\" \/>\n<meta property=\"article:modified_time\" content=\"2021-11-21T14:56:01+00:00\" \/>\n<meta property=\"og:image\" content=\"http:\/\/www.it.tarnow.pl\/wp-content\/uploads\/2019\/02\/Talia-02-300x194.jpg\" \/>\n<meta name=\"twitter:card\" content=\"summary_large_image\" \/>\n<meta name=\"twitter:label1\" content=\"Est. reading time\" \/>\n\t<meta name=\"twitter:data1\" content=\"5 minutes\" \/>\n<script type=\"application\/ld+json\" class=\"yoast-schema-graph\">{\"@context\":\"https:\/\/schema.org\",\"@graph\":[{\"@type\":\"WebPage\",\"@id\":\"https:\/\/www.it.tarnow.pl\/en\/worth-seeing\/culture\/\",\"url\":\"https:\/\/www.it.tarnow.pl\/en\/worth-seeing\/culture\/\",\"name\":\"Culture - Tarnowskie Centrum Informacji\",\"isPartOf\":{\"@id\":\"https:\/\/www.it.tarnow.pl\/#website\"},\"primaryImageOfPage\":{\"@id\":\"https:\/\/www.it.tarnow.pl\/en\/worth-seeing\/culture\/#primaryimage\"},\"image\":{\"@id\":\"https:\/\/www.it.tarnow.pl\/en\/worth-seeing\/culture\/#primaryimage\"},\"thumbnailUrl\":\"http:\/\/www.it.tarnow.pl\/wp-content\/uploads\/2019\/02\/Talia-02-300x194.jpg\",\"datePublished\":\"2010-06-16T16:19:36+00:00\",\"dateModified\":\"2021-11-21T14:56:01+00:00\",\"breadcrumb\":{\"@id\":\"https:\/\/www.it.tarnow.pl\/en\/worth-seeing\/culture\/#breadcrumb\"},\"inLanguage\":\"en-US\",\"potentialAction\":[{\"@type\":\"ReadAction\",\"target\":[\"https:\/\/www.it.tarnow.pl\/en\/worth-seeing\/culture\/\"]}]},{\"@type\":\"ImageObject\",\"inLanguage\":\"en-US\",\"@id\":\"https:\/\/www.it.tarnow.pl\/en\/worth-seeing\/culture\/#primaryimage\",\"url\":\"http:\/\/www.it.tarnow.pl\/wp-content\/uploads\/2019\/02\/Talia-02-300x194.jpg\",\"contentUrl\":\"http:\/\/www.it.tarnow.pl\/wp-content\/uploads\/2019\/02\/Talia-02-300x194.jpg\"},{\"@type\":\"BreadcrumbList\",\"@id\":\"https:\/\/www.it.tarnow.pl\/en\/worth-seeing\/culture\/#breadcrumb\",\"itemListElement\":[{\"@type\":\"ListItem\",\"position\":1,\"name\":\"Home page\",\"item\":\"https:\/\/www.it.tarnow.pl\/en\/\"},{\"@type\":\"ListItem\",\"position\":2,\"name\":\"Worth seeing\",\"item\":\"https:\/\/www.it.tarnow.pl\/en\/worth-seeing\/\"},{\"@type\":\"ListItem\",\"position\":3,\"name\":\"Culture\"}]},{\"@type\":\"WebSite\",\"@id\":\"https:\/\/www.it.tarnow.pl\/#website\",\"url\":\"https:\/\/www.it.tarnow.pl\/\",\"name\":\"Tarnowskie Centrum Informacji\",\"description\":\"Informacja turystyczna o Tarnowie i regionie tarnowskim.\",\"potentialAction\":[{\"@type\":\"SearchAction\",\"target\":{\"@type\":\"EntryPoint\",\"urlTemplate\":\"https:\/\/www.it.tarnow.pl\/?s={search_term_string}\"},\"query-input\":{\"@type\":\"PropertyValueSpecification\",\"valueRequired\":true,\"valueName\":\"search_term_string\"}}],\"inLanguage\":\"en-US\"}]}<\/script>\n<!-- \/ Yoast SEO Premium plugin. -->","yoast_head_json":{"title":"Culture - Tarnowskie Centrum Informacji","robots":{"index":"index","follow":"follow","max-snippet":"max-snippet:-1","max-image-preview":"max-image-preview:large","max-video-preview":"max-video-preview:-1"},"canonical":"https:\/\/www.it.tarnow.pl\/en\/worth-seeing\/culture\/","og_locale":"en_US","og_type":"article","og_title":"Culture","og_description":"Tarn\u00f3w is the city of film, musical and theatrical festivals, unusual open air events, plastic arts. Here art can be met on the streets in the form of open air [&hellip;]","og_url":"https:\/\/www.it.tarnow.pl\/en\/worth-seeing\/culture\/","og_site_name":"Tarnowskie Centrum Informacji","article_modified_time":"2021-11-21T14:56:01+00:00","og_image":[{"url":"http:\/\/www.it.tarnow.pl\/wp-content\/uploads\/2019\/02\/Talia-02-300x194.jpg","type":"","width":"","height":""}],"twitter_card":"summary_large_image","twitter_misc":{"Est. reading time":"5 minutes"},"schema":{"@context":"https:\/\/schema.org","@graph":[{"@type":"WebPage","@id":"https:\/\/www.it.tarnow.pl\/en\/worth-seeing\/culture\/","url":"https:\/\/www.it.tarnow.pl\/en\/worth-seeing\/culture\/","name":"Culture - Tarnowskie Centrum Informacji","isPartOf":{"@id":"https:\/\/www.it.tarnow.pl\/#website"},"primaryImageOfPage":{"@id":"https:\/\/www.it.tarnow.pl\/en\/worth-seeing\/culture\/#primaryimage"},"image":{"@id":"https:\/\/www.it.tarnow.pl\/en\/worth-seeing\/culture\/#primaryimage"},"thumbnailUrl":"http:\/\/www.it.tarnow.pl\/wp-content\/uploads\/2019\/02\/Talia-02-300x194.jpg","datePublished":"2010-06-16T16:19:36+00:00","dateModified":"2021-11-21T14:56:01+00:00","breadcrumb":{"@id":"https:\/\/www.it.tarnow.pl\/en\/worth-seeing\/culture\/#breadcrumb"},"inLanguage":"en-US","potentialAction":[{"@type":"ReadAction","target":["https:\/\/www.it.tarnow.pl\/en\/worth-seeing\/culture\/"]}]},{"@type":"ImageObject","inLanguage":"en-US","@id":"https:\/\/www.it.tarnow.pl\/en\/worth-seeing\/culture\/#primaryimage","url":"http:\/\/www.it.tarnow.pl\/wp-content\/uploads\/2019\/02\/Talia-02-300x194.jpg","contentUrl":"http:\/\/www.it.tarnow.pl\/wp-content\/uploads\/2019\/02\/Talia-02-300x194.jpg"},{"@type":"BreadcrumbList","@id":"https:\/\/www.it.tarnow.pl\/en\/worth-seeing\/culture\/#breadcrumb","itemListElement":[{"@type":"ListItem","position":1,"name":"Home page","item":"https:\/\/www.it.tarnow.pl\/en\/"},{"@type":"ListItem","position":2,"name":"Worth seeing","item":"https:\/\/www.it.tarnow.pl\/en\/worth-seeing\/"},{"@type":"ListItem","position":3,"name":"Culture"}]},{"@type":"WebSite","@id":"https:\/\/www.it.tarnow.pl\/#website","url":"https:\/\/www.it.tarnow.pl\/","name":"Tarnowskie Centrum Informacji","description":"Informacja turystyczna o Tarnowie i regionie tarnowskim.","potentialAction":[{"@type":"SearchAction","target":{"@type":"EntryPoint","urlTemplate":"https:\/\/www.it.tarnow.pl\/?s={search_term_string}"},"query-input":{"@type":"PropertyValueSpecification","valueRequired":true,"valueName":"search_term_string"}}],"inLanguage":"en-US"}]}},"_links":{"self":[{"href":"https:\/\/www.it.tarnow.pl\/en\/wp-json\/wp\/v2\/pages\/9605","targetHints":{"allow":["GET"]}}],"collection":[{"href":"https:\/\/www.it.tarnow.pl\/en\/wp-json\/wp\/v2\/pages"}],"about":[{"href":"https:\/\/www.it.tarnow.pl\/en\/wp-json\/wp\/v2\/types\/page"}],"author":[{"embeddable":true,"href":"https:\/\/www.it.tarnow.pl\/en\/wp-json\/wp\/v2\/users\/1"}],"replies":[{"embeddable":true,"href":"https:\/\/www.it.tarnow.pl\/en\/wp-json\/wp\/v2\/comments?post=9605"}],"version-history":[{"count":0,"href":"https:\/\/www.it.tarnow.pl\/en\/wp-json\/wp\/v2\/pages\/9605\/revisions"}],"up":[{"embeddable":true,"href":"https:\/\/www.it.tarnow.pl\/en\/wp-json\/wp\/v2\/pages\/9548"}],"wp:attachment":[{"href":"https:\/\/www.it.tarnow.pl\/en\/wp-json\/wp\/v2\/media?parent=9605"}],"wp:term":[{"taxonomy":"post_tag","embeddable":true,"href":"https:\/\/www.it.tarnow.pl\/en\/wp-json\/wp\/v2\/tags?post=9605"}],"curies":[{"name":"wp","href":"https:\/\/api.w.org\/{rel}","templated":true}]}}