{"id":9604,"date":"2010-07-12T14:13:29","date_gmt":"2010-07-12T12:13:29","guid":{"rendered":"http:\/\/www.it.tarnow.pl\/charming-small-towns\/"},"modified":"2021-11-21T15:35:07","modified_gmt":"2021-11-21T14:35:07","slug":"charming-small-towns","status":"publish","type":"page","link":"https:\/\/www.it.tarnow.pl\/en\/worth-seeing\/charming-small-towns\/","title":{"rendered":"Charming small towns"},"content":{"rendered":"<p>&nbsp;<\/p>\r\n<p>First written information about towns from the Tarn\u00f3w region comes from the beginnings of the 12th century. In surviving documents we can find names of local villages such as Tarn\u00f3w, Ci\u0119\u017ckowice, Lubaszowa and Tuch\u00f3w. In the 13th century Wojnicz is already a town, home of the Wojnicki Castellan, who rules one of the biggest districts in Poland of that time. 14th century is an era of intensive development. In the Tarn\u00f3w region new cities of Tarn\u00f3w, Ci\u0119\u017ckowice, Ryglice, Tuch\u00f3w and \u017babno are created. Numerous privileges, bestowed by King Kazimierz the Great as well as location along major trade routes greatly influence their growth. Middle ages is a time of the greatest prosperity for the towns of the region. The right of organizing fairs is bestowed on additional cities.<\/p>\r\n<p><img loading=\"lazy\" decoding=\"async\" width=\"300\" height=\"269\" class=\"size-medium alignleft wp-image-36084\" src=\"http:\/\/www.it.tarnow.pl\/wp-content\/uploads\/2019\/02\/Ciezkowice_corner_house_small-300x269.jpg\" alt=\"\" srcset=\"https:\/\/www.it.tarnow.pl\/wp-content\/uploads\/2019\/02\/Ciezkowice_corner_house_small-300x269.jpg 300w, https:\/\/www.it.tarnow.pl\/wp-content\/uploads\/2019\/02\/Ciezkowice_corner_house_small.jpg 477w\" sizes=\"auto, (max-width: 300px) 100vw, 300px\" \/><\/p>\r\n<p>Unquestionable leader are Ci\u0119\u017ckowice which were allowed to conduct 5 fairs a year. How important were these, can be best illustrated by a decision of king Zygmunt August from the year 1518 which abolishes a week long fair in Zakliczyn, which was the main competition to Czch\u00f3w. Number of different craft guilds start to appear in the cities. With time they began to \u201especialize\u201d and concentrate on specific crafts. In this way Czch\u00f3w becomes the second largest weaving center in Ma\u0142opolska. End of an era of rapid development of Tarn\u00f3w region falls on the end of the 17th century. Hand in this had invasions of foreign armies, including the Swedes and Hungarians, epidemics, sicknesses and famine brought about by crop failures. Devastated cities still did not regain their grandeur. Weak signs of development were muffled at first by partitions of Poland and later on by both world wars. Only after 1989, did the local governments, chosen in free elections, begun a systematic work on revitalizing these towns. Towns and cities of the region are becoming more citizen and tourist friendly. Tourists are especially enchanted by local architecture, climate and folklore.<\/p>\r\n<p><img loading=\"lazy\" decoding=\"async\" width=\"225\" height=\"300\" class=\"size-medium alignleft wp-image-36089\" src=\"http:\/\/www.it.tarnow.pl\/wp-content\/uploads\/2019\/02\/Ciezkowice_arcaded_houses_small-225x300.jpg\" alt=\"\" srcset=\"https:\/\/www.it.tarnow.pl\/wp-content\/uploads\/2019\/02\/Ciezkowice_arcaded_houses_small-225x300.jpg 225w, https:\/\/www.it.tarnow.pl\/wp-content\/uploads\/2019\/02\/Ciezkowice_arcaded_houses_small.jpg 640w\" sizes=\"auto, (max-width: 225px) 100vw, 225px\" \/><\/p>\r\n<p>Oldest information about <a id=\"Ci\u0119\u017ckowice\" name=\"Ci\u0119\u017ckowice\"><\/a><b>Ci\u0119\u017ckowice <\/b>can be found in the document issued by Bishop Idzi confirming property of the Tyniec monastery, dated 1123-1125. Settlement received city rights in 1348. Those were granted by king Kazimierz the Great in a location act. Till this day, a medieval layout of the city is still in tact, with a spacious rectangular city square and a pair of streets running out from each corner. Specific climate of Ci\u0119\u017ckowice is created by brick and wooden houses with arcades from the 18th and 19th century. These are log houses on a foundation constructed from local sandstone. Its saddle roofs, supported by wooden columns create characteristic arcades. These, along with a 19th century brick city hall with an internal courtyard and a clock tower, located in the middle of the town square, add a characteristic charm to the city. When visiting Ci\u0119\u017ckowice, it is hard to miss one of the kind natural reserve \u201eStone City\u201d. On 15 ha of land different rock formations, created from the local Ci\u0119\u017ckowice sandstone, can be found. These were given by nature odd shapes and forms. Thrown on the side of a hill small and large rock formations create an illusion of an ancient city. A must-see is also a manor house of I. J. Paderewski, famous composer and politician, located in a neighboring village of Kasna Dolna.<\/p>\r\n<p><img loading=\"lazy\" decoding=\"async\" width=\"300\" height=\"225\" class=\"size-medium alignleft wp-image-36094\" src=\"http:\/\/www.it.tarnow.pl\/wp-content\/uploads\/2019\/02\/Lipnica_Main_Square_small-300x225.jpg\" alt=\"\" srcset=\"https:\/\/www.it.tarnow.pl\/wp-content\/uploads\/2019\/02\/Lipnica_Main_Square_small-300x225.jpg 300w, https:\/\/www.it.tarnow.pl\/wp-content\/uploads\/2019\/02\/Lipnica_Main_Square_small.jpg 640w\" sizes=\"auto, (max-width: 300px) 100vw, 300px\" \/><\/p>\r\n<p>In the fork of Uszwica river and G\u00f3rza\u0144ski stream lays <a id=\"Lipnica Murowana\" name=\"Lipnica Murowana\"><\/a><b>Lipnica Murowana<\/b>. Oldest written records on this settlement come from 1325. In accounting books, a payment of 3 grzywny (currency and weight unit) is made by the priest from the Lipnik Parish. King W\u0142adys\u0142aw \u0141okietek, bestowed Lipnica Murowana with city rights in 1326. Till this day a medieval layout of the city, with a circular city square and a pair of streets running from each corner has been kept. In the center, single storey wooden arcade houses survived. In fact buildings make up most precious historical monuments of Lipnica Murowana.<\/p>\r\n<p><img loading=\"lazy\" decoding=\"async\" width=\"300\" height=\"225\" class=\"size-medium alignleft wp-image-36099\" src=\"http:\/\/www.it.tarnow.pl\/wp-content\/uploads\/2019\/02\/Lipnica_church_frescoes_small-300x225.jpg\" alt=\"\" srcset=\"https:\/\/www.it.tarnow.pl\/wp-content\/uploads\/2019\/02\/Lipnica_church_frescoes_small-300x225.jpg 300w, https:\/\/www.it.tarnow.pl\/wp-content\/uploads\/2019\/02\/Lipnica_church_frescoes_small.jpg 640w\" sizes=\"auto, (max-width: 300px) 100vw, 300px\" \/><\/p>\r\n<p>The most precious treasure of the town is an almost entirely preserved wooden, Gothic style St. Leonard\u2019s church. As the legend says, Christian temple was constructed on the place of an old pagan worship in the year 1141. Since the 15th century, it has not been changed in any way, not including necessary maintenance and conservation works. Original architecture and furnishings give the church unique value. Recognizing extraordinary value of the temple in Lipnica Murowana, commission of the World Cultural and Natural Heritage, added the St. Leonard\u2019s Church to a UNESCO World Heritage List on the 5th of July 2003. When visiting Lipnica Murowana, one has to remember the traditional, known world wide, competition for the biggest Easter palms. <br \/>\r\nNeighboring Nowy Wisnicz is known for the <a class=\"target_blank\" href=\"http:\/\/www.it.tarnow.pl\/en\/worth-seeing\/castles-and-fortifications\/\">Lubomirskich Castle<\/a> &#8211; the greatest Baroque residence in Poland.<\/p>\r\n<p><img loading=\"lazy\" decoding=\"async\" width=\"300\" height=\"225\" class=\"size-medium alignleft wp-image-36104\" src=\"http:\/\/www.it.tarnow.pl\/wp-content\/uploads\/2019\/02\/Tuchow_Monastery_small-300x225.jpg\" alt=\"\" srcset=\"https:\/\/www.it.tarnow.pl\/wp-content\/uploads\/2019\/02\/Tuchow_Monastery_small-300x225.jpg 300w, https:\/\/www.it.tarnow.pl\/wp-content\/uploads\/2019\/02\/Tuchow_Monastery_small.jpg 640w\" sizes=\"auto, (max-width: 300px) 100vw, 300px\" \/><\/p>\r\n<p>First written mention about <a id=\"Tuch\u00f3w\" name=\"Tuch\u00f3w\"><\/a><b>Tuch\u00f3w<\/b> comes from the year 1105. It can be found in a document, in which pope\u2019s legate informs about the fact that Tuk\u00f3w, which was its name at the time, was given to the Benedictine abbey by the wife of W\u0142adys\u0142aw Herman, Duke of Poland. In 1340 King Kazimierz the Great granted Tuch\u00f3w city rights. Major influence on this decision were great profits derived from a salt mine located in Tuch\u00f3w. When city rights were granted boundaries of the city square were drawn up and in the middle a city hall was erected. This setup is still evident till this very day. Modern Tuch\u00f3w is mainly a biggest, in the Tarn\u00f3w Diocese, place of Blessed Virgin Mary worship. In the Redemptorists\u2019 monastery we\u2019ll find a painting of the Blessed Virgin Mary of Tuch\u00f3w, which is known for many miracles. It was considered to be miraculous already in 1641. July holiday of the Blessed Virgin launches a week long church fair which draws in over one hundred thousand visitors from the whole country every year.<\/p>\r\n<p><img loading=\"lazy\" decoding=\"async\" width=\"300\" height=\"226\" class=\"size-medium alignleft wp-image-36109\" src=\"http:\/\/www.it.tarnow.pl\/wp-content\/uploads\/2019\/02\/Wojnicz_church_ceilling_small-300x226.jpg\" alt=\"\" srcset=\"https:\/\/www.it.tarnow.pl\/wp-content\/uploads\/2019\/02\/Wojnicz_church_ceilling_small-300x226.jpg 300w, https:\/\/www.it.tarnow.pl\/wp-content\/uploads\/2019\/02\/Wojnicz_church_ceilling_small.jpg 579w\" sizes=\"auto, (max-width: 300px) 100vw, 300px\" \/><\/p>\r\n<p><a id=\"Wojnicz\" name=\"Wojnicz\"><\/a><b>Wojnicz<\/b> is a city which grew from a trading settlement located near the castellan&#8217;s castle. Kasztelania Wojnicka, or Wojnicka Castellany, was one of the greatest and most important in Poland in 11th and 12th centuries. City rights were bestowed on Wojnicz by Prince Boles\u0142aw Wstydliwy, before the year 1277. It was changed into Magdeburg law by the King Kazimierz the Great in 1349. Especially worth visiting are fortifications from the turn of the 11th century, called \u201eCastellans Dikes\u201d, built to protect the castellan\u2019s castle located on the banks of Dunajec River. Gothic Saint Laurence Parish Church with interior decorated with baroque polychrome of Jan Neyd\u00f6rf from 1768; Saint Laurence\u2019s Church bell tower and an assistant church of Saint Leonard\u2019s from the 15th century are also worth visiting.<\/p>\r\n<p><img loading=\"lazy\" decoding=\"async\" width=\"300\" height=\"225\" class=\"size-medium alignleft wp-image-36114\" src=\"http:\/\/www.it.tarnow.pl\/wp-content\/uploads\/2019\/02\/Zakliczyn_clock_small-300x225.jpg\" alt=\"\" srcset=\"https:\/\/www.it.tarnow.pl\/wp-content\/uploads\/2019\/02\/Zakliczyn_clock_small-300x225.jpg 300w, https:\/\/www.it.tarnow.pl\/wp-content\/uploads\/2019\/02\/Zakliczyn_clock_small.jpg 640w\" sizes=\"auto, (max-width: 300px) 100vw, 300px\" \/><\/p>\r\n<p><b><a id=\"Zakliczyn\" name=\"Zakliczyn\"><\/a>Zakliczyn<\/b>, a town on the Dunajec River valley, was first known as Opatowice. First mention of it comes from 1215. Today\u2019s name was taken on in 1558, when Spytek Jordan, owner of the close by Melsztyn, took it over from Benedictines from Tyniec. Zakliczyn was designed in a form of a spindle on an east-west axis, with a spacious rectangular city square and extending side streets from each corner. City architecture, was primarily wooden constructed on 9 pillars.<\/p>\r\n<p><img loading=\"lazy\" decoding=\"async\" width=\"240\" height=\"180\" class=\"size-medium alignright wp-image-36119\" src=\"http:\/\/www.it.tarnow.pl\/wp-content\/uploads\/2019\/02\/Zakliczyn_arcaded_houses.jpg\" alt=\"\" \/><\/p>\r\n<p>This construction provided walls complete freedom from the roof, which in turn allowed for further design of the building\u2019s layout without invasion into roof\u2019s construction. Three external pillars make up an arcade, supporting extended beyond sidewalks eaves. Several of such houses from the 19th century can still be found on Mickiewicza and Malczewskiego streets, including \u201eunder the scale\u201d house which houses the local museum. When in Zakliczyn one has to participate in traditional fairs, which have taken place every Wednesday for 600 years.<\/p>\r\n<p><img loading=\"lazy\" decoding=\"async\" class=\"alignleft wp-image-179014 size-medium\" src=\"http:\/\/www.it.tarnow.pl\/wp-content\/uploads\/2019\/11\/Przewodnik-Zamki-palace-Zamek-Czchow-400x267.jpg\" alt=\"Baszta w Czchowie\" width=\"400\" height=\"267\" \/><\/p>\r\n<p>First written sources which regard <b>Czch\u00f3w<\/b>, and pertain to years 1208-1218, can be found in the calendar of the Krakow Cathedral Chapter, which notes that Bishop Wincenty Kad\u0142ubek bestows the Krakow Chapter, with tax income from Czch\u00f3w. Located on the \u201eHungarian trail\u201d, settlement was home to the royal customs station, even before it was granted city rights. These were bestowed by Prince Leszek Czarny at the end of the 13th century. In 1355, Kazimierz the Great bestowed Magdeburg laws on the city. Till this day, original architecture with wooden arcade houses from the 18th and 19th centuries survives. In the south-eastern corner of the main square, a Gothic church of the Birth of the Blessed Virgin Mary from 1346 still stands. It showcases roman elements and precious \u201eVia Crucis\u201d frescoes. Czch\u00f3w\u2019s biggest attraction are ruins of a 14th century castle with a restored defense and watch tower.<\/p>","protected":false},"excerpt":{"rendered":"&nbsp; First written information about towns from the Tarn\u00f3w region comes from the beginnings of the 12th century. In surviving documents we can find names of local villages such as [&hellip;]","protected":false},"author":17,"featured_media":0,"parent":9548,"menu_order":425,"comment_status":"closed","ping_status":"closed","template":"","meta":{"_acf_changed":false,"footnotes":""},"tags":[],"class_list":["post-9604","page","type-page","status-publish","hentry"],"acf":{"old_object_id":"4713","old_parent_id":"211","old_url":"Worth-seeing\/Charming-small-towns","intro_text":"<p><img loading=\"lazy\" decoding=\"async\" width=\"300\" height=\"225\" class=\"size-medium alignleft wp-image-36079\" src=\"http:\/\/www.it.tarnow.pl\/wp-content\/uploads\/2019\/02\/Czchow_small-300x225.jpg\" alt=\"\" srcset=\"https:\/\/www.it.tarnow.pl\/wp-content\/uploads\/2019\/02\/Czchow_small-300x225.jpg 300w, https:\/\/www.it.tarnow.pl\/wp-content\/uploads\/2019\/02\/Czchow_small.jpg 640w\" sizes=\"auto, (max-width: 300px) 100vw, 300px\" \/><\/p>\n<p>First written information about towns from the Tarn\u00f3w region comes from the beginnings of the 12th century. In surviving documents we can find names of local villages such as Tarn\u00f3w, Ci\u0119\u017ckowice, Lubaszowa and Tuch\u00f3w. In the 13th century Wojnicz is already a town, home of the Wojnicki Castellan, who rules one of the biggest districts in Poland of that time. 14th century is an era of intensive development. In the Tarn\u00f3w region new cities of Tarn\u00f3w, Ci\u0119\u017ckowice, Ryglice, Tuch\u00f3w and \u017babno are created. Numerous privileges, bestowed by King Kazimierz the Great as well as location along major trade routes greatly influence their growth. Middle ages is a time of the greatest prosperity for the towns of the region. The right of organizing fairs is bestowed on additional cities.<\/p>\n","show_children":"1","class":"folder","type":"single","in_menu":true,"show_date":false,"map":"","old_id":"","rooms_info":"","top_column":"","left_column":"","right_column":"","bottom_column":"","skip_import":false,"_menu_related_id":"96187"},"yoast_head":"<!-- This site is optimized with the Yoast SEO Premium plugin v25.4 (Yoast SEO v25.4) - https:\/\/yoast.com\/wordpress\/plugins\/seo\/ -->\n<title>Charming small towns - Tarnowskie Centrum Informacji<\/title>\n<meta name=\"robots\" content=\"index, follow, max-snippet:-1, max-image-preview:large, max-video-preview:-1\" \/>\n<link rel=\"canonical\" href=\"https:\/\/www.it.tarnow.pl\/en\/worth-seeing\/charming-small-towns\/\" \/>\n<meta property=\"og:locale\" content=\"en_US\" \/>\n<meta property=\"og:type\" content=\"article\" \/>\n<meta property=\"og:title\" content=\"Charming small towns\" \/>\n<meta property=\"og:description\" content=\"&nbsp; First written information about towns from the Tarn\u00f3w region comes from the beginnings of the 12th century. In surviving documents we can find names of local villages such as [&hellip;]\" \/>\n<meta property=\"og:url\" content=\"https:\/\/www.it.tarnow.pl\/en\/worth-seeing\/charming-small-towns\/\" \/>\n<meta property=\"og:site_name\" content=\"Tarnowskie Centrum Informacji\" \/>\n<meta property=\"article:modified_time\" content=\"2021-11-21T14:35:07+00:00\" \/>\n<meta property=\"og:image\" content=\"http:\/\/www.it.tarnow.pl\/wp-content\/uploads\/2019\/02\/Ciezkowice_corner_house_small-300x269.jpg\" \/>\n<meta name=\"twitter:card\" content=\"summary_large_image\" \/>\n<meta name=\"twitter:label1\" content=\"Est. reading time\" \/>\n\t<meta name=\"twitter:data1\" content=\"7 minutes\" \/>\n<script type=\"application\/ld+json\" class=\"yoast-schema-graph\">{\"@context\":\"https:\/\/schema.org\",\"@graph\":[{\"@type\":\"WebPage\",\"@id\":\"https:\/\/www.it.tarnow.pl\/en\/worth-seeing\/charming-small-towns\/\",\"url\":\"https:\/\/www.it.tarnow.pl\/en\/worth-seeing\/charming-small-towns\/\",\"name\":\"Charming small towns - Tarnowskie Centrum Informacji\",\"isPartOf\":{\"@id\":\"https:\/\/www.it.tarnow.pl\/#website\"},\"primaryImageOfPage\":{\"@id\":\"https:\/\/www.it.tarnow.pl\/en\/worth-seeing\/charming-small-towns\/#primaryimage\"},\"image\":{\"@id\":\"https:\/\/www.it.tarnow.pl\/en\/worth-seeing\/charming-small-towns\/#primaryimage\"},\"thumbnailUrl\":\"http:\/\/www.it.tarnow.pl\/wp-content\/uploads\/2019\/02\/Ciezkowice_corner_house_small-300x269.jpg\",\"datePublished\":\"2010-07-12T12:13:29+00:00\",\"dateModified\":\"2021-11-21T14:35:07+00:00\",\"breadcrumb\":{\"@id\":\"https:\/\/www.it.tarnow.pl\/en\/worth-seeing\/charming-small-towns\/#breadcrumb\"},\"inLanguage\":\"en-US\",\"potentialAction\":[{\"@type\":\"ReadAction\",\"target\":[\"https:\/\/www.it.tarnow.pl\/en\/worth-seeing\/charming-small-towns\/\"]}]},{\"@type\":\"ImageObject\",\"inLanguage\":\"en-US\",\"@id\":\"https:\/\/www.it.tarnow.pl\/en\/worth-seeing\/charming-small-towns\/#primaryimage\",\"url\":\"http:\/\/www.it.tarnow.pl\/wp-content\/uploads\/2019\/02\/Ciezkowice_corner_house_small-300x269.jpg\",\"contentUrl\":\"http:\/\/www.it.tarnow.pl\/wp-content\/uploads\/2019\/02\/Ciezkowice_corner_house_small-300x269.jpg\"},{\"@type\":\"BreadcrumbList\",\"@id\":\"https:\/\/www.it.tarnow.pl\/en\/worth-seeing\/charming-small-towns\/#breadcrumb\",\"itemListElement\":[{\"@type\":\"ListItem\",\"position\":1,\"name\":\"Home page\",\"item\":\"https:\/\/www.it.tarnow.pl\/en\/\"},{\"@type\":\"ListItem\",\"position\":2,\"name\":\"Worth seeing\",\"item\":\"https:\/\/www.it.tarnow.pl\/en\/worth-seeing\/\"},{\"@type\":\"ListItem\",\"position\":3,\"name\":\"Charming small towns\"}]},{\"@type\":\"WebSite\",\"@id\":\"https:\/\/www.it.tarnow.pl\/#website\",\"url\":\"https:\/\/www.it.tarnow.pl\/\",\"name\":\"Tarnowskie Centrum Informacji\",\"description\":\"Informacja turystyczna o Tarnowie i regionie tarnowskim.\",\"potentialAction\":[{\"@type\":\"SearchAction\",\"target\":{\"@type\":\"EntryPoint\",\"urlTemplate\":\"https:\/\/www.it.tarnow.pl\/?s={search_term_string}\"},\"query-input\":{\"@type\":\"PropertyValueSpecification\",\"valueRequired\":true,\"valueName\":\"search_term_string\"}}],\"inLanguage\":\"en-US\"}]}<\/script>\n<!-- \/ Yoast SEO Premium plugin. -->","yoast_head_json":{"title":"Charming small towns - Tarnowskie Centrum Informacji","robots":{"index":"index","follow":"follow","max-snippet":"max-snippet:-1","max-image-preview":"max-image-preview:large","max-video-preview":"max-video-preview:-1"},"canonical":"https:\/\/www.it.tarnow.pl\/en\/worth-seeing\/charming-small-towns\/","og_locale":"en_US","og_type":"article","og_title":"Charming small towns","og_description":"&nbsp; First written information about towns from the Tarn\u00f3w region comes from the beginnings of the 12th century. In surviving documents we can find names of local villages such as [&hellip;]","og_url":"https:\/\/www.it.tarnow.pl\/en\/worth-seeing\/charming-small-towns\/","og_site_name":"Tarnowskie Centrum Informacji","article_modified_time":"2021-11-21T14:35:07+00:00","og_image":[{"url":"http:\/\/www.it.tarnow.pl\/wp-content\/uploads\/2019\/02\/Ciezkowice_corner_house_small-300x269.jpg","type":"","width":"","height":""}],"twitter_card":"summary_large_image","twitter_misc":{"Est. reading time":"7 minutes"},"schema":{"@context":"https:\/\/schema.org","@graph":[{"@type":"WebPage","@id":"https:\/\/www.it.tarnow.pl\/en\/worth-seeing\/charming-small-towns\/","url":"https:\/\/www.it.tarnow.pl\/en\/worth-seeing\/charming-small-towns\/","name":"Charming small towns - Tarnowskie Centrum Informacji","isPartOf":{"@id":"https:\/\/www.it.tarnow.pl\/#website"},"primaryImageOfPage":{"@id":"https:\/\/www.it.tarnow.pl\/en\/worth-seeing\/charming-small-towns\/#primaryimage"},"image":{"@id":"https:\/\/www.it.tarnow.pl\/en\/worth-seeing\/charming-small-towns\/#primaryimage"},"thumbnailUrl":"http:\/\/www.it.tarnow.pl\/wp-content\/uploads\/2019\/02\/Ciezkowice_corner_house_small-300x269.jpg","datePublished":"2010-07-12T12:13:29+00:00","dateModified":"2021-11-21T14:35:07+00:00","breadcrumb":{"@id":"https:\/\/www.it.tarnow.pl\/en\/worth-seeing\/charming-small-towns\/#breadcrumb"},"inLanguage":"en-US","potentialAction":[{"@type":"ReadAction","target":["https:\/\/www.it.tarnow.pl\/en\/worth-seeing\/charming-small-towns\/"]}]},{"@type":"ImageObject","inLanguage":"en-US","@id":"https:\/\/www.it.tarnow.pl\/en\/worth-seeing\/charming-small-towns\/#primaryimage","url":"http:\/\/www.it.tarnow.pl\/wp-content\/uploads\/2019\/02\/Ciezkowice_corner_house_small-300x269.jpg","contentUrl":"http:\/\/www.it.tarnow.pl\/wp-content\/uploads\/2019\/02\/Ciezkowice_corner_house_small-300x269.jpg"},{"@type":"BreadcrumbList","@id":"https:\/\/www.it.tarnow.pl\/en\/worth-seeing\/charming-small-towns\/#breadcrumb","itemListElement":[{"@type":"ListItem","position":1,"name":"Home page","item":"https:\/\/www.it.tarnow.pl\/en\/"},{"@type":"ListItem","position":2,"name":"Worth seeing","item":"https:\/\/www.it.tarnow.pl\/en\/worth-seeing\/"},{"@type":"ListItem","position":3,"name":"Charming small towns"}]},{"@type":"WebSite","@id":"https:\/\/www.it.tarnow.pl\/#website","url":"https:\/\/www.it.tarnow.pl\/","name":"Tarnowskie Centrum Informacji","description":"Informacja turystyczna o Tarnowie i regionie tarnowskim.","potentialAction":[{"@type":"SearchAction","target":{"@type":"EntryPoint","urlTemplate":"https:\/\/www.it.tarnow.pl\/?s={search_term_string}"},"query-input":{"@type":"PropertyValueSpecification","valueRequired":true,"valueName":"search_term_string"}}],"inLanguage":"en-US"}]}},"_links":{"self":[{"href":"https:\/\/www.it.tarnow.pl\/en\/wp-json\/wp\/v2\/pages\/9604","targetHints":{"allow":["GET"]}}],"collection":[{"href":"https:\/\/www.it.tarnow.pl\/en\/wp-json\/wp\/v2\/pages"}],"about":[{"href":"https:\/\/www.it.tarnow.pl\/en\/wp-json\/wp\/v2\/types\/page"}],"author":[{"embeddable":true,"href":"https:\/\/www.it.tarnow.pl\/en\/wp-json\/wp\/v2\/users\/17"}],"replies":[{"embeddable":true,"href":"https:\/\/www.it.tarnow.pl\/en\/wp-json\/wp\/v2\/comments?post=9604"}],"version-history":[{"count":0,"href":"https:\/\/www.it.tarnow.pl\/en\/wp-json\/wp\/v2\/pages\/9604\/revisions"}],"up":[{"embeddable":true,"href":"https:\/\/www.it.tarnow.pl\/en\/wp-json\/wp\/v2\/pages\/9548"}],"wp:attachment":[{"href":"https:\/\/www.it.tarnow.pl\/en\/wp-json\/wp\/v2\/media?parent=9604"}],"wp:term":[{"taxonomy":"post_tag","embeddable":true,"href":"https:\/\/www.it.tarnow.pl\/en\/wp-json\/wp\/v2\/tags?post=9604"}],"curies":[{"name":"wp","href":"https:\/\/api.w.org\/{rel}","templated":true}]}}