{"id":9598,"date":"2010-06-16T16:35:37","date_gmt":"2010-06-16T14:35:37","guid":{"rendered":"http:\/\/www.it.tarnow.pl\/castles-and-fortifications\/"},"modified":"2021-11-21T15:30:36","modified_gmt":"2021-11-21T14:30:36","slug":"castles-and-fortifications","status":"publish","type":"page","link":"https:\/\/www.it.tarnow.pl\/en\/worth-seeing\/castles-and-fortifications\/","title":{"rendered":"Castles and fortifications"},"content":{"rendered":"<p>&nbsp;<\/p>\r\n<p><img loading=\"lazy\" decoding=\"async\" width=\"400\" height=\"300\" class=\"size-medium alignright wp-image-24523\" src=\"http:\/\/www.it.tarnow.pl\/wp-content\/uploads\/2019\/02\/Debno-Zamek-400x300.jpg\" alt=\"\" srcset=\"https:\/\/www.it.tarnow.pl\/wp-content\/uploads\/2019\/02\/Debno-Zamek-400x300.jpg 400w, https:\/\/www.it.tarnow.pl\/wp-content\/uploads\/2019\/02\/Debno-Zamek-768x576.jpg 768w, https:\/\/www.it.tarnow.pl\/wp-content\/uploads\/2019\/02\/Debno-Zamek-650x488.jpg 650w, https:\/\/www.it.tarnow.pl\/wp-content\/uploads\/2019\/02\/Debno-Zamek-300x225.jpg 300w, https:\/\/www.it.tarnow.pl\/wp-content\/uploads\/2019\/02\/Debno-Zamek.jpg 1024w\" sizes=\"auto, (max-width: 400px) 100vw, 400px\" \/><\/p>\r\n<p>The greatest period of development was during the first half of the 14th century when many noblemen were building strongholds and towns. Today most of those once impressive structures are ruins but some survived becoming significant tourist attractions.<\/p>\r\n<p>The Dunajec Valley in past centuries cradled an important trail connecting Poland, Hungary and Balkan countries. Consequently in the 13th and 14th centuries several castles were built here. The remaining outlines and ruins of those once impressive structures are being preserved by local communities. People find ancient ruins an important part of their identity and therefore stress local governments to take actions to preserve the remains. Other \u2018castle lovers\u2019 act individually and invest private capital. Tropsztyn Castle in Wytrzyszczka was actually rebuild by private investor. Today it is considered to be one of the most beautiful examples of 14th century stone castle in Poland.<\/p>\r\n<p>&nbsp;<\/p>\r\n<p>&nbsp;<\/p>\r\n<h2>CASTLES<\/h2>\r\n<p><img loading=\"lazy\" decoding=\"async\" width=\"300\" height=\"400\" class=\"size-medium alignright wp-image-24401\" src=\"http:\/\/www.it.tarnow.pl\/wp-content\/uploads\/2019\/02\/Nowy-Wisnicz-Zamek-7-300x400.jpg\" alt=\"\" srcset=\"https:\/\/www.it.tarnow.pl\/wp-content\/uploads\/2019\/02\/Nowy-Wisnicz-Zamek-7-300x400.jpg 300w, https:\/\/www.it.tarnow.pl\/wp-content\/uploads\/2019\/02\/Nowy-Wisnicz-Zamek-7.jpg 768w, https:\/\/www.it.tarnow.pl\/wp-content\/uploads\/2019\/02\/Nowy-Wisnicz-Zamek-7-488x650.jpg 488w, https:\/\/www.it.tarnow.pl\/wp-content\/uploads\/2019\/02\/Nowy-Wisnicz-Zamek-7-225x300.jpg 225w\" sizes=\"auto, (max-width: 300px) 100vw, 300px\" \/><\/p>\r\n<p><a id=\"Nowy Wi\u015bnicz Castle\" name=\"Nowy Wi\u015bnicz Castle\"><\/a>The 14th century <b>Castle in Nowy Wi\u015bnicz<\/b> is the biggest surviving Baroque defensive structure in Poland. It is composed of four two storey wings, grouped around internal courtyard. Castle has a rich architectural and painting decor (marble and stone arches, fireplace settings, wall polychrome and stucco decorations). The feature that allows the Castle its unparalleled allure is the four towers that proudly stand at each of the corners of the residence. Each tower has its own unique shape, rendering the appearance of a completely different structure from every angle. Its current shape is the result of an architectural design by Stanislaw Lubomirski, who had the Castle rebuilt in the years from 1615 to 1621. Since then, the Castle has been rebuilt and has received a stone fortification that now surrounds it.<\/p>\r\n<p><img loading=\"lazy\" decoding=\"async\" width=\"300\" height=\"400\" class=\"size-medium alignleft wp-image-24533\" src=\"http:\/\/www.it.tarnow.pl\/wp-content\/uploads\/2019\/02\/Nowy-Wisnicz-Zamek-6-300x400.jpg\" alt=\"\" srcset=\"https:\/\/www.it.tarnow.pl\/wp-content\/uploads\/2019\/02\/Nowy-Wisnicz-Zamek-6-300x400.jpg 300w, https:\/\/www.it.tarnow.pl\/wp-content\/uploads\/2019\/02\/Nowy-Wisnicz-Zamek-6.jpg 768w, https:\/\/www.it.tarnow.pl\/wp-content\/uploads\/2019\/02\/Nowy-Wisnicz-Zamek-6-488x650.jpg 488w, https:\/\/www.it.tarnow.pl\/wp-content\/uploads\/2019\/02\/Nowy-Wisnicz-Zamek-6-225x300.jpg 225w\" sizes=\"auto, (max-width: 300px) 100vw, 300px\" \/><\/p>\r\n<p>A local legend tells a story of Stanislaw Lubomirski, a lord who brought many Turkish captives to the Castle of Nowy Wisnicz after winning the battle of Chocim. A few of these prisoners that were confined to a tower began to construct wings from the feathers of the tower pigeons. When the wings were complete, four of the captives decided to fly to their freedom. Unfortunately they did not make it far and the first fugitive crashed in town near the Castle, the second and the third a few kilometers further, and the fourth one crashed near Bochnia. Stone obelisks were placed in each of these locations to commemorate their tragic deaths.<\/p>\r\n<p><img loading=\"lazy\" decoding=\"async\" width=\"400\" height=\"300\" class=\"size-medium alignright wp-image-24548\" src=\"http:\/\/www.it.tarnow.pl\/wp-content\/uploads\/2019\/02\/Debno-Zamek-6-400x300.jpg\" alt=\"\" srcset=\"https:\/\/www.it.tarnow.pl\/wp-content\/uploads\/2019\/02\/Debno-Zamek-6-400x300.jpg 400w, https:\/\/www.it.tarnow.pl\/wp-content\/uploads\/2019\/02\/Debno-Zamek-6-768x576.jpg 768w, https:\/\/www.it.tarnow.pl\/wp-content\/uploads\/2019\/02\/Debno-Zamek-6-650x488.jpg 650w, https:\/\/www.it.tarnow.pl\/wp-content\/uploads\/2019\/02\/Debno-Zamek-6-300x225.jpg 300w, https:\/\/www.it.tarnow.pl\/wp-content\/uploads\/2019\/02\/Debno-Zamek-6.jpg 1024w\" sizes=\"auto, (max-width: 400px) 100vw, 400px\" \/><\/p>\r\n<p><a id=\"D\u0119bno Castle\" name=\"D\u0119bno Castle\"><\/a>The <b>Debno Castle<\/b> is a late Gothic style knight\u2019s residence dated sometime between 1470-80, that is the best preserved of its kind in Poland. Unlike similar structures this castle is not surrounded by high walls because it was made in the late Gothic period when there was a shift from an emphasis on protection to prestige demonstrated by structural elevation and comfort. The Castle consists of four two-storey buildings that enclose a cobblestone quadrangle and a well. Wooden galleries within the courtyard allow for a convenient and beautiful passage between castle wings. The brick exterior of the Castle is enhanced with towers, bay windows, and door and window portals that are embellished with inscripted designs (plant, geometrical, and heraldic motifs). The interior exhibitions will offer you both historical facts and the opportunity to experience Thegn Hall, the chapel, the treasury and an old fashion kitchen. <\/p>\r\n<p><img loading=\"lazy\" decoding=\"async\" width=\"400\" height=\"300\" class=\"size-medium alignleft wp-image-24553\" src=\"http:\/\/www.it.tarnow.pl\/wp-content\/uploads\/2019\/02\/Debno-Zamek-3-400x300.jpg\" alt=\"\" srcset=\"https:\/\/www.it.tarnow.pl\/wp-content\/uploads\/2019\/02\/Debno-Zamek-3-400x300.jpg 400w, https:\/\/www.it.tarnow.pl\/wp-content\/uploads\/2019\/02\/Debno-Zamek-3-768x576.jpg 768w, https:\/\/www.it.tarnow.pl\/wp-content\/uploads\/2019\/02\/Debno-Zamek-3-650x488.jpg 650w, https:\/\/www.it.tarnow.pl\/wp-content\/uploads\/2019\/02\/Debno-Zamek-3-300x225.jpg 300w, https:\/\/www.it.tarnow.pl\/wp-content\/uploads\/2019\/02\/Debno-Zamek-3.jpg 1024w\" sizes=\"auto, (max-width: 400px) 100vw, 400px\" \/><\/p>\r\n<p>Debno Castle is enchanted by a legend about the tragic love of Tar\u0142\u00f3wna, the daughter of the master of the Castle, who felt in love with and married her father&#8217;s servant. As punishment for the shame of her family and the disobedience of her father&#8217;s will, she was bricked up in a wall while still alive. Her ghost, referred to as the &#8220;White Lady,&#8221; is reportedly haunting the Castle corridors even today.<\/p>\r\n<p>&nbsp;<\/p>\r\n<p>&nbsp;<\/p>\r\n<p>&nbsp;<\/p>\r\n<p>&nbsp;<\/p>\r\n<p><img decoding=\"async\" class=\"size-medium alignright wp-image-24558\" src=\"http:\/\/www.it.tarnow.pl\/wp-content\/uploads\/2019\/02\/TARNOW-Ruiny-zamku-Tarnowskich-400x300.jpg\" alt=\"\" \/><\/p>\r\n<p><b><a id=\"Tarn\u00f3w Castle\" name=\"Tarn\u00f3w Castle\"><\/a>Tarnow<\/b> contains the ruins of a castle on G\u00f3ra \u015bw. Marcina (St. Martin Hill). Original structure was erected in the years 1329-1331 by Specimir Leilwita. Originally it was a building made of stone and brick with a large tower, small residential area, and a surrounding rampart. At the beginning of the 16 th century the castle became the residency of Tarnowski family and was thoroughly rebuilt. The new structure composed of a high and low castle both fortified with towers. The castle has slowly deteriorated since the end of the 17 th c.<\/p>\r\n<p>&nbsp;<\/p>\r\n<p>&nbsp;<\/p>\r\n<p>&nbsp;<\/p>\r\n<p><b>Bren<\/b> maintains 17 th century fortifications called &#8220;okopy szwedzkie,&#8221; or Swedish trenches, which are pentagonal structures built of brick and surrounded by a ditch. The function of such a structure remains unknown.<\/p>\r\n<p>&nbsp;<\/p>\r\n<p>&nbsp;<\/p>\r\n<h3>Dunajec Valley Castles<\/h3>\r\n<p>At one time there was an important trade route that linked Poland, Hungary, and other Balkan countries through the Dunajec Valley. Consequently, many castles were built there in the 13 th and 14 th centuries.<\/p>\r\n<p><b>Trzewlin<\/b> has ruins of a castle built on Panienska Gora (Maiden Mountain) near Wojnicz in the 14 th c. Here there are wall fragments and a ditch still remaining.<\/p>\r\n<p><b>Melsztyn<\/b> contains the ruins of castle of the Leliwici Melsztynscy family, that was founded in 1340. The castle had been renovated in second half of the 16 th century in Renaissance style, but it was destroyed by the Russian army in 1771. Still preserved from the original castle are a fifteenth-century tower with living quarters only partially remaining, the north wall of the palace (16 th c.), and the basement, or water tank.<\/p>\r\n<p><img loading=\"lazy\" decoding=\"async\" class=\"wp-image-179014 size-medium alignright\" src=\"http:\/\/www.it.tarnow.pl\/wp-content\/uploads\/2019\/11\/Przewodnik-Zamki-palace-Zamek-Czchow-400x267.jpg\" alt=\"Baszta w Czchowie\" width=\"400\" height=\"267\" \/><\/p>\r\n<p><b><a id=\"Czch\u00f3w Castle\" name=\"Czch\u00f3w Castle\"><\/a>Czchow<\/b> is the home of the Czchow Castle ruins, which had been built at the turn of the 14 th century. Currently, it consists of a tower that stretches twenty meters into the air (tourists admitted), the foundations of walls, and living quarters.<\/p>\r\n<p><img loading=\"lazy\" decoding=\"async\" width=\"400\" height=\"300\" class=\"size-medium alignleft wp-image-24568\" src=\"http:\/\/www.it.tarnow.pl\/wp-content\/uploads\/2019\/02\/Zamek-Tropsztyn-w-Wytrzyszczce-1-400x300.jpg\" alt=\"\" srcset=\"https:\/\/www.it.tarnow.pl\/wp-content\/uploads\/2019\/02\/Zamek-Tropsztyn-w-Wytrzyszczce-1-400x300.jpg 400w, https:\/\/www.it.tarnow.pl\/wp-content\/uploads\/2019\/02\/Zamek-Tropsztyn-w-Wytrzyszczce-1-768x577.jpg 768w, https:\/\/www.it.tarnow.pl\/wp-content\/uploads\/2019\/02\/Zamek-Tropsztyn-w-Wytrzyszczce-1-650x488.jpg 650w, https:\/\/www.it.tarnow.pl\/wp-content\/uploads\/2019\/02\/Zamek-Tropsztyn-w-Wytrzyszczce-1-300x225.jpg 300w, https:\/\/www.it.tarnow.pl\/wp-content\/uploads\/2019\/02\/Zamek-Tropsztyn-w-Wytrzyszczce-1.jpg 1024w\" sizes=\"auto, (max-width: 400px) 100vw, 400px\" \/><\/p>\r\n<p><b><a id=\"Tropsztyn Castle\" name=\"Tropsztyn Castle\"><\/a>Tropsztyn<\/b> is the castle in Wytrzyszczka that was constructed on a rocky hill in the first half of the 14 th century. It has been thoroughly renovated becoming the most stunning example of a stone castle in Poland. While visiting you can walk along an underground trail that runs through the dungeons, and view an exhibition devoted to the Inca culture. The reason for an Inca display is that legend claims that this castle held the treasure needed for the restoration of the Incas Empire. It was hidden here by offspring of the Inca king.<\/p>\r\n<p><b>Gr\u00f3dek nad Dunajcem<\/b> was a castle built in the beginning of the 15 th century. Its ruins can be seen on the island called &#8220;Ma\u0142pia Wyspa,&#8221; or Monkey&#8217;s Island, in the northern part of Jezioro Ro\u017cnowskie (Roznowskie Lake).<\/p>\r\n<p><b>Ro\u017cn\u00f3w<\/b> contains the remains of the 14 th century \u0141aziska Castle. Ro\u017cn\u00f3w is also the location of a fortress that was never completed, but only begun by Jan Tarnowski. It consists of three conjoined buildings, a stone pentagonal corner tower and a gate.<\/p>\r\n<p>&nbsp;<\/p>\r\n<p>&nbsp;<\/p>\r\n<h3>Fortified Renaissance Manors<\/h3>\r\n<p>Manor in <b>Wieruszyce<\/b> was erected in 1531 and renovated in the second half of the 16 th c. The manor is built of stone and rests on a square foundation with a rounded corner tower. It is private property at the present.<\/p>\r\n<p><b>Je\u017c\u00f3w<\/b> contains a two-storey mansion built in the first half of the 16 th century, made of stone and brick, and covered with a hipped roof.<\/p>\r\n<p><b>\u0141\u0119ki G\u00f3rne<\/b> has a brick manor that is dated back to the early 17 th c. It is a three-storey high and loopholes are still preserved in the wall of the staircase.<\/p>\r\n<p><b>Szymbark<\/b> is the home of a manor founded in the 17 th c. and located on the headland of the Ropa Valley.<\/p>\r\n<p>&nbsp;<\/p>\r\n<h2>TOWN FORTIFICATIONS<\/h2>\r\n<p><b>Biecz<\/b> is a town once surrounded by impenetrable ramparts and intimidating barbicans during its golden age from the 14 th to the 16 th c. Today a few fragments of Gothic and Renaissance ramparts remain as well as three turrets.<\/p>\r\n<p><b>Tarn\u00f3w<\/b> is a city that was also greatly protected, surrounding itself with earth walls, ditches, and ramparts in the 14 th century. Fortifications were then modernized in the 15 th and early 16 th c. in order to defend the Church and Monastery of Bernadine that was built in 1468. What is more, the city was enclosed with a double ring of ramparts with towers and apses. Few pieces of the ramparts together with the apse have been preserved to this day. The apse was built of brick; it had composed part of the exterior lower rampart that preceded the main one.<\/p>\r\n<p><b>Pilzno<\/b> received its city rights in 1354. The town&#8217;s fortifications, its earth ramparts and apses, were constructed in the 15 th century and then modernized in the 16 th c. The tower and arsenal were again rebuilt in the 19 th century and have remained partially preserved.<\/p>\r\n<p>&nbsp;<\/p>\r\n<h2>FORTIFIED CHURCHES<\/h2>\r\n<p><b>Gnojnik<\/b> contains the Gothic church of \u015bw. Marcina Biskupa (St. Martin the Bishop) that was founded in 1380. Despite its primary purpose the church was also a defensive structure, evident through the battle stations in the roof top.<\/p>","protected":false},"excerpt":{"rendered":"&nbsp; The greatest period of development was during the first half of the 14th century when many noblemen were building strongholds and towns. Today most of those once impressive structures [&hellip;]","protected":false},"author":1,"featured_media":0,"parent":9548,"menu_order":260,"comment_status":"closed","ping_status":"closed","template":"","meta":{"_acf_changed":false,"footnotes":""},"tags":[],"class_list":["post-9598","page","type-page","status-publish","hentry"],"acf":{"old_object_id":"4435","old_parent_id":"211","old_url":"Worth-seeing\/Castles-and-fortifications","intro_text":"<p><img loading=\"lazy\" decoding=\"async\" width=\"400\" height=\"300\" class=\"size-medium alignleft wp-image-21117\" src=\"http:\/\/www.it.tarnow.pl\/wp-content\/uploads\/2019\/02\/Nowy-Wisnicz-Zamek-4-400x300.jpg\" alt=\"\" srcset=\"https:\/\/www.it.tarnow.pl\/wp-content\/uploads\/2019\/02\/Nowy-Wisnicz-Zamek-4-400x300.jpg 400w, https:\/\/www.it.tarnow.pl\/wp-content\/uploads\/2019\/02\/Nowy-Wisnicz-Zamek-4-768x576.jpg 768w, https:\/\/www.it.tarnow.pl\/wp-content\/uploads\/2019\/02\/Nowy-Wisnicz-Zamek-4-650x488.jpg 650w, https:\/\/www.it.tarnow.pl\/wp-content\/uploads\/2019\/02\/Nowy-Wisnicz-Zamek-4-300x225.jpg 300w, https:\/\/www.it.tarnow.pl\/wp-content\/uploads\/2019\/02\/Nowy-Wisnicz-Zamek-4.jpg 1024w\" sizes=\"auto, (max-width: 400px) 100vw, 400px\" \/><\/p>\n<p>In the eastern part of the Malopolska Region there are many fascinating places, both for those seeking picturesque landscapes and those more interested in historical and architectural landmarks. The development of castles in Poland was sparked by the appearance of noble families and the urgency of protecting Polish borders. Tarn\u00f3w\u2019s land did not compose a border but it was on the path of a major trade route that needed the protection of armed men and powerful fortresses. As a result, brick castles and fortifications began to spring up around this area in the 13th century.<\/p>\n","show_children":"1","class":"folder","type":"single","in_menu":true,"show_date":false,"map":"","old_id":"","rooms_info":"","top_column":"","left_column":"","right_column":"","bottom_column":"","skip_import":false,"_menu_related_id":"96186"},"yoast_head":"<!-- This site is optimized with the Yoast SEO Premium plugin v25.4 (Yoast SEO v25.4) - https:\/\/yoast.com\/wordpress\/plugins\/seo\/ -->\n<title>Castles and fortifications - Tarnowskie Centrum Informacji<\/title>\n<meta name=\"robots\" content=\"index, follow, max-snippet:-1, max-image-preview:large, max-video-preview:-1\" \/>\n<link rel=\"canonical\" href=\"https:\/\/www.it.tarnow.pl\/en\/worth-seeing\/castles-and-fortifications\/\" \/>\n<meta property=\"og:locale\" content=\"en_US\" \/>\n<meta property=\"og:type\" content=\"article\" \/>\n<meta property=\"og:title\" content=\"Castles and fortifications\" \/>\n<meta property=\"og:description\" content=\"&nbsp; The greatest period of development was during the first half of the 14th century when many noblemen were building strongholds and towns. Today most of those once impressive structures [&hellip;]\" \/>\n<meta property=\"og:url\" content=\"https:\/\/www.it.tarnow.pl\/en\/worth-seeing\/castles-and-fortifications\/\" \/>\n<meta property=\"og:site_name\" content=\"Tarnowskie Centrum Informacji\" \/>\n<meta property=\"article:modified_time\" content=\"2021-11-21T14:30:36+00:00\" \/>\n<meta property=\"og:image\" content=\"http:\/\/www.it.tarnow.pl\/wp-content\/uploads\/2019\/02\/Debno-Zamek-400x300.jpg\" \/>\n<meta name=\"twitter:card\" content=\"summary_large_image\" \/>\n<meta name=\"twitter:label1\" content=\"Est. reading time\" \/>\n\t<meta name=\"twitter:data1\" content=\"7 minutes\" \/>\n<script type=\"application\/ld+json\" class=\"yoast-schema-graph\">{\"@context\":\"https:\/\/schema.org\",\"@graph\":[{\"@type\":\"WebPage\",\"@id\":\"https:\/\/www.it.tarnow.pl\/en\/worth-seeing\/castles-and-fortifications\/\",\"url\":\"https:\/\/www.it.tarnow.pl\/en\/worth-seeing\/castles-and-fortifications\/\",\"name\":\"Castles and fortifications - Tarnowskie Centrum Informacji\",\"isPartOf\":{\"@id\":\"https:\/\/www.it.tarnow.pl\/#website\"},\"primaryImageOfPage\":{\"@id\":\"https:\/\/www.it.tarnow.pl\/en\/worth-seeing\/castles-and-fortifications\/#primaryimage\"},\"image\":{\"@id\":\"https:\/\/www.it.tarnow.pl\/en\/worth-seeing\/castles-and-fortifications\/#primaryimage\"},\"thumbnailUrl\":\"http:\/\/www.it.tarnow.pl\/wp-content\/uploads\/2019\/02\/Debno-Zamek-400x300.jpg\",\"datePublished\":\"2010-06-16T14:35:37+00:00\",\"dateModified\":\"2021-11-21T14:30:36+00:00\",\"breadcrumb\":{\"@id\":\"https:\/\/www.it.tarnow.pl\/en\/worth-seeing\/castles-and-fortifications\/#breadcrumb\"},\"inLanguage\":\"en-US\",\"potentialAction\":[{\"@type\":\"ReadAction\",\"target\":[\"https:\/\/www.it.tarnow.pl\/en\/worth-seeing\/castles-and-fortifications\/\"]}]},{\"@type\":\"ImageObject\",\"inLanguage\":\"en-US\",\"@id\":\"https:\/\/www.it.tarnow.pl\/en\/worth-seeing\/castles-and-fortifications\/#primaryimage\",\"url\":\"http:\/\/www.it.tarnow.pl\/wp-content\/uploads\/2019\/02\/Debno-Zamek-400x300.jpg\",\"contentUrl\":\"http:\/\/www.it.tarnow.pl\/wp-content\/uploads\/2019\/02\/Debno-Zamek-400x300.jpg\"},{\"@type\":\"BreadcrumbList\",\"@id\":\"https:\/\/www.it.tarnow.pl\/en\/worth-seeing\/castles-and-fortifications\/#breadcrumb\",\"itemListElement\":[{\"@type\":\"ListItem\",\"position\":1,\"name\":\"Home page\",\"item\":\"https:\/\/www.it.tarnow.pl\/en\/\"},{\"@type\":\"ListItem\",\"position\":2,\"name\":\"Worth seeing\",\"item\":\"https:\/\/www.it.tarnow.pl\/en\/worth-seeing\/\"},{\"@type\":\"ListItem\",\"position\":3,\"name\":\"Castles and fortifications\"}]},{\"@type\":\"WebSite\",\"@id\":\"https:\/\/www.it.tarnow.pl\/#website\",\"url\":\"https:\/\/www.it.tarnow.pl\/\",\"name\":\"Tarnowskie Centrum Informacji\",\"description\":\"Informacja turystyczna o Tarnowie i regionie tarnowskim.\",\"potentialAction\":[{\"@type\":\"SearchAction\",\"target\":{\"@type\":\"EntryPoint\",\"urlTemplate\":\"https:\/\/www.it.tarnow.pl\/?s={search_term_string}\"},\"query-input\":{\"@type\":\"PropertyValueSpecification\",\"valueRequired\":true,\"valueName\":\"search_term_string\"}}],\"inLanguage\":\"en-US\"}]}<\/script>\n<!-- \/ Yoast SEO Premium plugin. -->","yoast_head_json":{"title":"Castles and fortifications - Tarnowskie Centrum Informacji","robots":{"index":"index","follow":"follow","max-snippet":"max-snippet:-1","max-image-preview":"max-image-preview:large","max-video-preview":"max-video-preview:-1"},"canonical":"https:\/\/www.it.tarnow.pl\/en\/worth-seeing\/castles-and-fortifications\/","og_locale":"en_US","og_type":"article","og_title":"Castles and fortifications","og_description":"&nbsp; The greatest period of development was during the first half of the 14th century when many noblemen were building strongholds and towns. Today most of those once impressive structures [&hellip;]","og_url":"https:\/\/www.it.tarnow.pl\/en\/worth-seeing\/castles-and-fortifications\/","og_site_name":"Tarnowskie Centrum Informacji","article_modified_time":"2021-11-21T14:30:36+00:00","og_image":[{"url":"http:\/\/www.it.tarnow.pl\/wp-content\/uploads\/2019\/02\/Debno-Zamek-400x300.jpg","type":"","width":"","height":""}],"twitter_card":"summary_large_image","twitter_misc":{"Est. reading time":"7 minutes"},"schema":{"@context":"https:\/\/schema.org","@graph":[{"@type":"WebPage","@id":"https:\/\/www.it.tarnow.pl\/en\/worth-seeing\/castles-and-fortifications\/","url":"https:\/\/www.it.tarnow.pl\/en\/worth-seeing\/castles-and-fortifications\/","name":"Castles and fortifications - Tarnowskie Centrum Informacji","isPartOf":{"@id":"https:\/\/www.it.tarnow.pl\/#website"},"primaryImageOfPage":{"@id":"https:\/\/www.it.tarnow.pl\/en\/worth-seeing\/castles-and-fortifications\/#primaryimage"},"image":{"@id":"https:\/\/www.it.tarnow.pl\/en\/worth-seeing\/castles-and-fortifications\/#primaryimage"},"thumbnailUrl":"http:\/\/www.it.tarnow.pl\/wp-content\/uploads\/2019\/02\/Debno-Zamek-400x300.jpg","datePublished":"2010-06-16T14:35:37+00:00","dateModified":"2021-11-21T14:30:36+00:00","breadcrumb":{"@id":"https:\/\/www.it.tarnow.pl\/en\/worth-seeing\/castles-and-fortifications\/#breadcrumb"},"inLanguage":"en-US","potentialAction":[{"@type":"ReadAction","target":["https:\/\/www.it.tarnow.pl\/en\/worth-seeing\/castles-and-fortifications\/"]}]},{"@type":"ImageObject","inLanguage":"en-US","@id":"https:\/\/www.it.tarnow.pl\/en\/worth-seeing\/castles-and-fortifications\/#primaryimage","url":"http:\/\/www.it.tarnow.pl\/wp-content\/uploads\/2019\/02\/Debno-Zamek-400x300.jpg","contentUrl":"http:\/\/www.it.tarnow.pl\/wp-content\/uploads\/2019\/02\/Debno-Zamek-400x300.jpg"},{"@type":"BreadcrumbList","@id":"https:\/\/www.it.tarnow.pl\/en\/worth-seeing\/castles-and-fortifications\/#breadcrumb","itemListElement":[{"@type":"ListItem","position":1,"name":"Home page","item":"https:\/\/www.it.tarnow.pl\/en\/"},{"@type":"ListItem","position":2,"name":"Worth seeing","item":"https:\/\/www.it.tarnow.pl\/en\/worth-seeing\/"},{"@type":"ListItem","position":3,"name":"Castles and fortifications"}]},{"@type":"WebSite","@id":"https:\/\/www.it.tarnow.pl\/#website","url":"https:\/\/www.it.tarnow.pl\/","name":"Tarnowskie Centrum Informacji","description":"Informacja turystyczna o Tarnowie i regionie tarnowskim.","potentialAction":[{"@type":"SearchAction","target":{"@type":"EntryPoint","urlTemplate":"https:\/\/www.it.tarnow.pl\/?s={search_term_string}"},"query-input":{"@type":"PropertyValueSpecification","valueRequired":true,"valueName":"search_term_string"}}],"inLanguage":"en-US"}]}},"_links":{"self":[{"href":"https:\/\/www.it.tarnow.pl\/en\/wp-json\/wp\/v2\/pages\/9598","targetHints":{"allow":["GET"]}}],"collection":[{"href":"https:\/\/www.it.tarnow.pl\/en\/wp-json\/wp\/v2\/pages"}],"about":[{"href":"https:\/\/www.it.tarnow.pl\/en\/wp-json\/wp\/v2\/types\/page"}],"author":[{"embeddable":true,"href":"https:\/\/www.it.tarnow.pl\/en\/wp-json\/wp\/v2\/users\/1"}],"replies":[{"embeddable":true,"href":"https:\/\/www.it.tarnow.pl\/en\/wp-json\/wp\/v2\/comments?post=9598"}],"version-history":[{"count":0,"href":"https:\/\/www.it.tarnow.pl\/en\/wp-json\/wp\/v2\/pages\/9598\/revisions"}],"up":[{"embeddable":true,"href":"https:\/\/www.it.tarnow.pl\/en\/wp-json\/wp\/v2\/pages\/9548"}],"wp:attachment":[{"href":"https:\/\/www.it.tarnow.pl\/en\/wp-json\/wp\/v2\/media?parent=9598"}],"wp:term":[{"taxonomy":"post_tag","embeddable":true,"href":"https:\/\/www.it.tarnow.pl\/en\/wp-json\/wp\/v2\/tags?post=9598"}],"curies":[{"name":"wp","href":"https:\/\/api.w.org\/{rel}","templated":true}]}}