{"id":9595,"date":"2012-01-10T14:36:46","date_gmt":"2012-01-10T13:36:46","guid":{"rendered":"http:\/\/www.it.tarnow.pl\/tarnow-for-kids\/"},"modified":"2024-06-12T13:41:18","modified_gmt":"2024-06-12T11:41:18","slug":"tarnow-for-kids","status":"publish","type":"page","link":"https:\/\/www.it.tarnow.pl\/en\/worth-seeing\/tarnow-13\/tarnow-for-kids\/","title":{"rendered":"Tarn\u00f3w for kids"},"content":{"rendered":"<p><img loading=\"lazy\" decoding=\"async\" class=\"wp-image-186873 size-medium alignright\" src=\"https:\/\/www.it.tarnow.pl\/app\/uploads\/2020\/04\/Fontanna-uk\u0142ad-s\u0142oneczny-planetarny-Tarn\u00f3w-1-400x267.jpg\" alt=\"\" width=\"400\" height=\"267\" \/><\/p>\r\n<p>&nbsp;<\/p>\r\n<p><b>Annual events <\/b><br \/>\r\nThe following are just few examples of events dedicated to the young: <br \/>\r\n<b>Spring<\/b>: Sweet celebrations of Tarn\u00f3w&#8217;s Anniversary, Easter Palms Contest in Lipnica Murowana. <br \/>\r\n<b>Summer<\/b>: Wianki (traditional celebration of the first day of summer), theater performances in Strzelecki Park, Tabor Cyga\u0144ski (Gypsy Caravan), Malowana Chata (Painted Cottage) contest in Zalipie. <br \/>\r\n<b>Autumn\/fall<\/b>: Tydzie\u0144 Talent\u00f3w (Week of Geniuses) nationwide festival for winners of classical music contests, Knights Tournament in D\u0119bno. <br \/>\r\n<b>Winter<\/b>: Miko\u0142ajki \u2013 decorating Christmas tree an Town Square, outdoor crib with real animals at Bernardines Friary, winter brake with Pa\u0142ac M\u0142odzie\u017cy (Youth Palace), &#8216;O Lipnick\u0105 Gwiazd\u0119&#8217; Christmas carols contest and numerous sport events \u2013 including local, national and world competitions.<\/p>\r\n<p>&nbsp;<\/p>\r\n<p><b>Parks and playgrounds <\/b><br \/>\r\nOver a dozen parks in Tarn\u00f3w are popular destinations for weekend family walks. In most of those gardens playgrounds are located. The most popular and modern are those in Strzelecki Park and G\u00f3ra \u015bw. Marcina Park.<\/p>\r\n<p><b>Strzelecki Park<\/b> (established in 1866) is an English garden with irregular floral composition. In its northern section a water reservoir is located. In its center stands impressive structure \u2013 Mausoleum of general J\u00f3zef Bem, Polish and Hungarian national hero, born in Tarn\u00f3w. <a class=\"target_blank\" href=\"http:\/\/www.inyourpocket.com\/poland\/tarnow\/Jozef-Bem_70535f\">Learn more about Bem <i>In Your Pocket<\/i><\/a> . Right by the reservoir Ogr\u00f3dek Jordanowski (playground) is located.<\/p>\r\n<p><b>G\u00f3ra \u015bw. Marcina Park<\/b>, in the south of Tarn\u00f3w, covers the northern slopes of G\u00f3ra \u015bw. Marcina (St. Martin\u2019s Hill), 384 meters high, the northernmost hill of the Carpathians. Its playground, swimming pool and trails are very popular among families with children. Ruins of the Tarnowski Castle allow scenic overview of the city.<\/p>\r\n<p>Tarn\u00f3w is known as the &#8216;Polish hot spot&#8217; not only to meteorologists. Record-high temperature of December ever measured in Poland was recorded in Tarn\u00f3w, in 1989. The warmest area of the city is southern section of Sanguszk\u00f3w Park. The garden surrounds imposing palace of the Sanguszko Dukes, composing another magnetic site that attracts families as well as teenagers.<\/p>\r\n<p>&nbsp;<\/p>\r\n<p><b>The sites listed below should also be interesting for young visitors: <\/b><\/p>\r\n<p><img loading=\"lazy\" decoding=\"async\" width=\"400\" height=\"300\" class=\"size-medium alignright wp-image-21514\" src=\"https:\/\/www.it.tarnow.pl\/app\/uploads\/2019\/02\/TARNOW-Rynek-03-400x300.jpg\" alt=\"\" srcset=\"https:\/\/www.it.tarnow.pl\/wp-content\/uploads\/2019\/02\/TARNOW-Rynek-03-400x300.jpg 400w, https:\/\/www.it.tarnow.pl\/wp-content\/uploads\/2019\/02\/TARNOW-Rynek-03-768x576.jpg 768w, https:\/\/www.it.tarnow.pl\/wp-content\/uploads\/2019\/02\/TARNOW-Rynek-03-650x488.jpg 650w, https:\/\/www.it.tarnow.pl\/wp-content\/uploads\/2019\/02\/TARNOW-Rynek-03-300x225.jpg 300w, https:\/\/www.it.tarnow.pl\/wp-content\/uploads\/2019\/02\/TARNOW-Rynek-03.jpg 1024w\" sizes=\"auto, (max-width: 400px) 100vw, 400px\" \/><\/p>\r\n<p><b>Town Square<\/b> in Tarn\u00f3w is one of the smallest yet one of the most beautiful in Poland. It is surrounded by the Renaissance arcaded buildings. In the middle of the Square two story Town Hall topped with an attic with fourteen masks is located. The oldest sections of the structure are Gothic. It was rebuilt in Renaissance form by Giovanni Maria Padovano, one of the greatest architects of his times. In the Town Hall\u2019s tower (30 meters high) there is the oldest tower clock mechanism in Poland.<\/p>\r\n<p><b>Cathedral Basilica<\/b> of the Nativity of the Blessed Virgin Mary serves as the principal Church of the Diocese of Tarn\u00f3w. It is also the most impressive historic site of Tarn\u00f3w and a home of priceless works of art. Of note are the two nearly 13 meter tall monuments to the Tarnowski and Ostrogski families as well as the sculpture depicting Barbara Tarnowska of the T\u0119czy\u0144ski \u2013 considered the most beautiful Renaissance sculpture of a woman in Poland.<\/p>\r\n<p><img loading=\"lazy\" decoding=\"async\" class=\"wp-image-187201 size-medium alignright\" src=\"https:\/\/www.it.tarnow.pl\/app\/uploads\/2020\/04\/Muzuem-Etnograficzne-w-Tarnowie-13-400x267.jpg\" alt=\"\" width=\"400\" height=\"267\" \/><\/p>\r\n<p><b>Ethnographic Museum<\/b> is known for its unique Gypsy collections that have composed the first permanent exhibition dedicated to the Romany culture in Europe. Collection of five original horse-drawn wagons, parked in the backyard, is the necessary complement to the exhibited history. Shows of the Gypsy camp life (including dances) can be organized upon prior arrangement. Each summer the Museum launches the Gypsy Caravan of Remembrance, a few days ride to the places of the Romany martyrdom in the WWII. It\u2019s a unique opportunity to taste the Gypsy way of life.\u00a0<\/p>\r\n<p>&nbsp;<\/p>\r\n<p><b>Statues and monuments: <\/b><\/p>\r\n<p><img loading=\"lazy\" decoding=\"async\" width=\"400\" height=\"300\" class=\"size-medium alignright wp-image-25495\" src=\"https:\/\/www.it.tarnow.pl\/app\/uploads\/2019\/02\/slon-400x300.jpg\" alt=\"\" srcset=\"https:\/\/www.it.tarnow.pl\/wp-content\/uploads\/2019\/02\/slon.jpg 400w, https:\/\/www.it.tarnow.pl\/wp-content\/uploads\/2019\/02\/slon-300x225.jpg 300w\" sizes=\"auto, (max-width: 400px) 100vw, 400px\" \/><\/p>\r\n<p><b>\u201eElephant\u201d<\/b> &#8211; painted by kids &#8211; standing at the intersection of Krakowska and Nowy \u015awiat streets is popular meeting-point of the teenagers.<\/p>\r\n<p><b>\u201ePoets\u2019 bench\u201d<\/b> on Wa\u0142owa street with live-sized figures of Agnieszka Osiecka, Jan Brzechwa and Zbigniew Herbert \u2013 famous Polish poets. In small boxes, placed next to the statues, books with their poems are stored.<\/p>\r\n<p><b>&#8220;Solar system&#8221; fountain<\/b> &#8211; in the neighborhood of newly renovated building of &#8220;Dworzec G\u0142\u00f3wny&#8221; train station and \u2018Planty Kolejowe\u2019 park a water fountain modeled on the Solar System is located. The steel-glass Sun is surrounded with granite planets placed within their steel orbits. Each planet is set on a water jet that allows to change direction of its rotation easily. The fountain is illuminated and therefore especially worth seeing after the sunset.<\/p>\r\n<p>&nbsp;<\/p>\r\n<p><b>Museums:<\/b><\/p>\r\n<p>&nbsp;<\/p>\r\n<p><b>Muzeum Okr\u0119gowe (Regional Museum)<\/b> <br \/>\r\nRynek 3, 33-100 Tarn\u00f3w, PL<br \/>\r\ntel.: +48 14 621 21 49, <a class=\"target_blank\" href=\"http:\/\/www.muzeum.tarnow.pl\/\">www.muzeum.tarnow.pl<\/a><\/p>\r\n<p><b>Muzeum Etnograficzne (Ethnographic Museum)<\/b> <br \/>\r\nul. Krakowska 10, 33-100 Tarn\u00f3w, PL <br \/>\r\ntel.: +48 14 622 06 25, <a class=\"target_blank\" href=\"http:\/\/www.muzeum.tarnow.pl\/oddzialy.php?id=3\">www.muzeum.tarnow.pl<\/a> <br \/>\r\nMuseums in Tarn\u00f3w organize lectures for groups of kids and youth. Lectures are complementary to learning programs of Polish schools, are carried in unique interiors and allow direct contact with exhibits. Sample subjects: Peasant\u2019s cottage 100 years ago (interiors, equipment, activities), Winter ceremonials, Spring ceremonials, Gypsy history and culture, A tale on bread, Time to go \u2013 death in tradition and culture.<\/p>\r\n<p><b>Muzeum Drogownictwa w Szczucinie (Museum of Road Building in Szczucin)<\/b> <br \/>\r\n35 km north from Tarn\u00f3w, towards Warszawa and Kielce <br \/>\r\nul. 1 Maja 39, 33-230 Szczucin, PL <br \/>\r\ntel.: +48 14 643 63 81<br \/>\r\nOne-of-a-kind open air exhibition of road building machines and vehicles. An indoor exhibitions, presented in a bridge-shaped building, include: rich collection of tools used in road building over centuries, unique 19th century documents, roads and bridges designs, souvenirs and uniforms of road building personnel. The exhibitions are presented in modern and attractive way. Slide shows, movies projections and presentations on history and techniques of road and bridge building can be scheduled by appointment.<\/p>\r\n<p><b>Zalipie \u2013 Malowana Wie\u015b (Painted Village)<\/b><br \/>\r\n40 kilometers north from Tarn\u00f3w, towards \u017babno<\/p>\r\n<p><b>Dom Malarek w Zalipiu<\/b><br \/>\r\n33-263 Zalipie 128A, PL<br \/>\r\n<a class=\"target_blank\" href=\"http:\/\/www.dommalarek.pl\/\">www.dommalarek.pl<\/a> <br \/>\r\ntel.: +48 14 641 19 38<\/p>\r\n<p><b>Zagroda Felicji Cury\u0142owej w Zalipiu<\/b> <b>(Felicja Cury\u0142owa Farmstead Museum)<\/b> <br \/>\r\nZalipie 135, 33-210 Olesno, PL<br \/>\r\n<a class=\"target_blank\" href=\"http:\/\/www.muzeum.tarnow.pl\/oddzialy.php?id=6\">www.muzeum.tarnow.pl<\/a> <br \/>\r\ntel.: +48 14 641 19 12<br \/>\r\nZalipie &#8211; &#8216;Painted village&#8217; is famous for the tradition of painting houses in original floral ornaments. An exhibition on the history of floral painting can be seen in Dom Malarek. Special workshops for children are organized there. Kids can learn traditional Zalipie paintings, paint Easter eggs or make Easter palms. A must-see in Zalipie is Zagroda Felicji Cury\u0142owej (Felicja Cury\u0142owa\u2019s Farmstead) where besides walls of house and farm building one can admire beautifully painted interiors. Special museum lessons can be scheduled here as well.<\/p>\r\n<p><b>Muzeum Lalek w Pil\u017anie i Lipinach (<b>Museum<\/b> of Dolls)<\/b> <br \/>\r\nsome 25 and 15 kilometers east from Tarn\u00f3w, towards Rzesz\u00f3w <br \/>\r\nul. Grodzka 24, 39-220 Pilzno, PL<br \/>\r\ntel.: +48 14 672 13 21, <a class=\"target_blank\" href=\"http:\/\/www.muzeumlalek.pl\/\">www.muzeumlalek.pl<\/a> <br \/>\r\nopen air exhibition in Lipiny (by E 40 Tarn\u00f3w \u2013 Rzesz\u00f3w route) <br \/>\r\nMuseum\u2019s wide educational offer focuses on meeting child\u2019s needs and interests. Some of the courses include: cooking with the Witch, weaving techniques, traditional pottery making techniques, hand making crepe paper flowers, puppets making, Christmas and Easter motifs in decoration, or expressing feelings through dolls\u2019shapes and colors. The last one is free of charge.<\/p>\r\n<p><b>Muzeum Przyrodnicze w Ci\u0119\u017ckowicach (Natural Science\u00a0Museum in Ci\u0119\u017ckowice)<\/b><br \/>\r\n35 kilometers south from Tarn\u00f3w, towards Krynica <br \/>\r\nul. 3 Maja 4, 33-190 Ci\u0119\u017ckowice, tel.: +48 14 651 00 38, <a class=\"target_blank\" href=\"http:\/\/muzeum.ciezkowice.pl\/gb\/00073,ekspozycja\">muzeum.ciezkowice.pl<\/a><\/p>\r\n<p>The exhibitions include some 200 species of birds, 500 insects and tens of hunting trophies. Other attractions are: bats\u2019 cave, insects\u2019 feeding grounds, local flora and pictures of a nature by some of the best photographers.<\/p>\r\n<p>&nbsp;<\/p>\r\n<p><b>Entertainment <\/b><\/p>\r\n<p>Cinemas and theaters in Tarn\u00f3w welcome young audience. Cinemas offer regular movie sections just for kids. Tarnowski Theater and Centrum Sztuki Mo\u015bcice perform live for kids either with their own troupes or guest ones. Events calendar is available at <a class=\"target_blank\" href=\"http:\/\/www.tarnow.travel\">ww.tarnow.travel<\/a> (Polish only).<\/p>\r\n<p>&nbsp;<\/p>\r\n<p><b>Active leisure <\/b><\/p>\r\n<p>Tarn\u00f3w and Tarn\u00f3w region is a perfect place for all active, including the youngest ones. Kids can have great time at &#8216;Promienny Zamek&#8217; in Tarn\u00f3w. There are giant slide, pools with balls, three story playhouse with numerous stairs, dead ends, obstacles, toys and many other attractions. <br \/>\r\nOlder children can try kart racing, quad rides, bowling or climbing one of the biggest indoor climbing walls in Poland. Other activities in Tarn\u00f3w include paintball (both indoor and outdoor) or skating in one of the skate parks. Water lovers can take advantage of one of the swimming pools. And in the winter there are ice rinks operating with skate rentals in place. There are also several ski lifts just few kilometers outside the city.<\/p>\r\n<p>Once you get bored of the city, we encourage you to walk the Pog\u00f3rze Ci\u0119\u017ckowickie. There are numerous walking and cycling trails leading out of Tarn\u00f3w. Right outside the Ci\u0119\u017ckowice there is &#8216;Skamienia\u0142e Miasto&#8217;, or &#8216;Stone City&#8217; nature reserve with sandstone formations of unique shapes. Some rocks were named after what they look similar to: Grzybek (Mushroom), Borsuk (Badger), Warownia (Fortress) or Czarownica (Witch). <a class=\"target_blank\" href=\"http:\/\/www.inyourpocket.com\/poland\/tarnow\/sightseeing\/Ciezkowice\/Stone-City-Natural-Reserve_112999v\">More about Stone City <i>In Your Pocket<\/i><\/a> .<\/p>\r\n<p>&#8216;O\u015brodek Edukacji Ekologicznej&#8217; (Center for Ecologic Education) in Polichty \u2013 Sucha G\u00f3ra offers numerous paths which allow continuous observation of the nature all year round.<\/p>","protected":false},"excerpt":{"rendered":"&nbsp; Annual events The following are just few examples of events dedicated to the young: Spring: Sweet celebrations of Tarn\u00f3w&#8217;s Anniversary, Easter Palms Contest in Lipnica Murowana. Summer: Wianki (traditional [&hellip;]","protected":false},"author":1,"featured_media":0,"parent":9565,"menu_order":448,"comment_status":"closed","ping_status":"closed","template":"","meta":{"_acf_changed":false,"footnotes":""},"tags":[],"class_list":["post-9595","page","type-page","status-publish","hentry"],"acf":{"old_object_id":"9496","old_parent_id":"211","old_url":"Worth-seeing\/Tarnow-for-kids","intro_text":"","class":"folder","type":"single","in_menu":true,"show_date":false,"map":"","old_id":"","top_column":"","left_column":"","right_column":"","bottom_column":"","show_children":"","skip_import":false,"_menu_related_id":"96252","rooms_info":""},"yoast_head":"<!-- This site is optimized with the Yoast SEO Premium plugin v25.4 (Yoast SEO v25.4) - https:\/\/yoast.com\/wordpress\/plugins\/seo\/ -->\n<title>Tarn\u00f3w for kids - Tarnowskie Centrum Informacji<\/title>\n<meta name=\"robots\" content=\"index, follow, max-snippet:-1, max-image-preview:large, max-video-preview:-1\" \/>\n<link rel=\"canonical\" href=\"https:\/\/www.it.tarnow.pl\/en\/worth-seeing\/tarnow-13\/tarnow-for-kids\/\" \/>\n<meta property=\"og:locale\" content=\"en_US\" \/>\n<meta property=\"og:type\" content=\"article\" \/>\n<meta property=\"og:title\" content=\"Tarn\u00f3w for kids\" \/>\n<meta property=\"og:description\" content=\"&nbsp; Annual events The following are just few examples of events dedicated to the young: Spring: Sweet celebrations of Tarn\u00f3w&#8217;s Anniversary, Easter Palms Contest in Lipnica Murowana. Summer: Wianki (traditional [&hellip;]\" \/>\n<meta property=\"og:url\" content=\"https:\/\/www.it.tarnow.pl\/en\/worth-seeing\/tarnow-13\/tarnow-for-kids\/\" \/>\n<meta property=\"og:site_name\" content=\"Tarnowskie Centrum Informacji\" \/>\n<meta property=\"article:modified_time\" content=\"2024-06-12T11:41:18+00:00\" \/>\n<meta property=\"og:image\" content=\"https:\/\/www.it.tarnow.pl\/app\/uploads\/2019\/02\/TARNOW-Rynek-03-400x300.jpg\" \/>\n<meta name=\"twitter:card\" content=\"summary_large_image\" \/>\n<meta name=\"twitter:label1\" content=\"Est. reading time\" \/>\n\t<meta name=\"twitter:data1\" content=\"8 minutes\" \/>\n<script type=\"application\/ld+json\" class=\"yoast-schema-graph\">{\"@context\":\"https:\/\/schema.org\",\"@graph\":[{\"@type\":\"WebPage\",\"@id\":\"https:\/\/www.it.tarnow.pl\/en\/worth-seeing\/tarnow-13\/tarnow-for-kids\/\",\"url\":\"https:\/\/www.it.tarnow.pl\/en\/worth-seeing\/tarnow-13\/tarnow-for-kids\/\",\"name\":\"Tarn\u00f3w for kids - Tarnowskie Centrum Informacji\",\"isPartOf\":{\"@id\":\"https:\/\/www.it.tarnow.pl\/#website\"},\"primaryImageOfPage\":{\"@id\":\"https:\/\/www.it.tarnow.pl\/en\/worth-seeing\/tarnow-13\/tarnow-for-kids\/#primaryimage\"},\"image\":{\"@id\":\"https:\/\/www.it.tarnow.pl\/en\/worth-seeing\/tarnow-13\/tarnow-for-kids\/#primaryimage\"},\"thumbnailUrl\":\"https:\/\/www.it.tarnow.pl\/app\/uploads\/2019\/02\/TARNOW-Rynek-03-400x300.jpg\",\"datePublished\":\"2012-01-10T13:36:46+00:00\",\"dateModified\":\"2024-06-12T11:41:18+00:00\",\"breadcrumb\":{\"@id\":\"https:\/\/www.it.tarnow.pl\/en\/worth-seeing\/tarnow-13\/tarnow-for-kids\/#breadcrumb\"},\"inLanguage\":\"en-US\",\"potentialAction\":[{\"@type\":\"ReadAction\",\"target\":[\"https:\/\/www.it.tarnow.pl\/en\/worth-seeing\/tarnow-13\/tarnow-for-kids\/\"]}]},{\"@type\":\"ImageObject\",\"inLanguage\":\"en-US\",\"@id\":\"https:\/\/www.it.tarnow.pl\/en\/worth-seeing\/tarnow-13\/tarnow-for-kids\/#primaryimage\",\"url\":\"https:\/\/www.it.tarnow.pl\/app\/uploads\/2019\/02\/TARNOW-Rynek-03-400x300.jpg\",\"contentUrl\":\"https:\/\/www.it.tarnow.pl\/app\/uploads\/2019\/02\/TARNOW-Rynek-03-400x300.jpg\"},{\"@type\":\"BreadcrumbList\",\"@id\":\"https:\/\/www.it.tarnow.pl\/en\/worth-seeing\/tarnow-13\/tarnow-for-kids\/#breadcrumb\",\"itemListElement\":[{\"@type\":\"ListItem\",\"position\":1,\"name\":\"Home page\",\"item\":\"https:\/\/www.it.tarnow.pl\/en\/\"},{\"@type\":\"ListItem\",\"position\":2,\"name\":\"Worth seeing\",\"item\":\"https:\/\/www.it.tarnow.pl\/en\/worth-seeing\/\"},{\"@type\":\"ListItem\",\"position\":3,\"name\":\"Tarn\u00f3w\",\"item\":\"https:\/\/www.it.tarnow.pl\/en\/worth-seeing\/tarnow-13\/\"},{\"@type\":\"ListItem\",\"position\":4,\"name\":\"Tarn\u00f3w for kids\"}]},{\"@type\":\"WebSite\",\"@id\":\"https:\/\/www.it.tarnow.pl\/#website\",\"url\":\"https:\/\/www.it.tarnow.pl\/\",\"name\":\"Tarnowskie Centrum Informacji\",\"description\":\"Informacja turystyczna o Tarnowie i regionie tarnowskim.\",\"potentialAction\":[{\"@type\":\"SearchAction\",\"target\":{\"@type\":\"EntryPoint\",\"urlTemplate\":\"https:\/\/www.it.tarnow.pl\/?s={search_term_string}\"},\"query-input\":{\"@type\":\"PropertyValueSpecification\",\"valueRequired\":true,\"valueName\":\"search_term_string\"}}],\"inLanguage\":\"en-US\"}]}<\/script>\n<!-- \/ Yoast SEO Premium plugin. -->","yoast_head_json":{"title":"Tarn\u00f3w for kids - Tarnowskie Centrum Informacji","robots":{"index":"index","follow":"follow","max-snippet":"max-snippet:-1","max-image-preview":"max-image-preview:large","max-video-preview":"max-video-preview:-1"},"canonical":"https:\/\/www.it.tarnow.pl\/en\/worth-seeing\/tarnow-13\/tarnow-for-kids\/","og_locale":"en_US","og_type":"article","og_title":"Tarn\u00f3w for kids","og_description":"&nbsp; Annual events The following are just few examples of events dedicated to the young: Spring: Sweet celebrations of Tarn\u00f3w&#8217;s Anniversary, Easter Palms Contest in Lipnica Murowana. Summer: Wianki (traditional [&hellip;]","og_url":"https:\/\/www.it.tarnow.pl\/en\/worth-seeing\/tarnow-13\/tarnow-for-kids\/","og_site_name":"Tarnowskie Centrum Informacji","article_modified_time":"2024-06-12T11:41:18+00:00","og_image":[{"url":"https:\/\/www.it.tarnow.pl\/app\/uploads\/2019\/02\/TARNOW-Rynek-03-400x300.jpg","type":"","width":"","height":""}],"twitter_card":"summary_large_image","twitter_misc":{"Est. reading time":"8 minutes"},"schema":{"@context":"https:\/\/schema.org","@graph":[{"@type":"WebPage","@id":"https:\/\/www.it.tarnow.pl\/en\/worth-seeing\/tarnow-13\/tarnow-for-kids\/","url":"https:\/\/www.it.tarnow.pl\/en\/worth-seeing\/tarnow-13\/tarnow-for-kids\/","name":"Tarn\u00f3w for kids - Tarnowskie Centrum Informacji","isPartOf":{"@id":"https:\/\/www.it.tarnow.pl\/#website"},"primaryImageOfPage":{"@id":"https:\/\/www.it.tarnow.pl\/en\/worth-seeing\/tarnow-13\/tarnow-for-kids\/#primaryimage"},"image":{"@id":"https:\/\/www.it.tarnow.pl\/en\/worth-seeing\/tarnow-13\/tarnow-for-kids\/#primaryimage"},"thumbnailUrl":"https:\/\/www.it.tarnow.pl\/app\/uploads\/2019\/02\/TARNOW-Rynek-03-400x300.jpg","datePublished":"2012-01-10T13:36:46+00:00","dateModified":"2024-06-12T11:41:18+00:00","breadcrumb":{"@id":"https:\/\/www.it.tarnow.pl\/en\/worth-seeing\/tarnow-13\/tarnow-for-kids\/#breadcrumb"},"inLanguage":"en-US","potentialAction":[{"@type":"ReadAction","target":["https:\/\/www.it.tarnow.pl\/en\/worth-seeing\/tarnow-13\/tarnow-for-kids\/"]}]},{"@type":"ImageObject","inLanguage":"en-US","@id":"https:\/\/www.it.tarnow.pl\/en\/worth-seeing\/tarnow-13\/tarnow-for-kids\/#primaryimage","url":"https:\/\/www.it.tarnow.pl\/app\/uploads\/2019\/02\/TARNOW-Rynek-03-400x300.jpg","contentUrl":"https:\/\/www.it.tarnow.pl\/app\/uploads\/2019\/02\/TARNOW-Rynek-03-400x300.jpg"},{"@type":"BreadcrumbList","@id":"https:\/\/www.it.tarnow.pl\/en\/worth-seeing\/tarnow-13\/tarnow-for-kids\/#breadcrumb","itemListElement":[{"@type":"ListItem","position":1,"name":"Home page","item":"https:\/\/www.it.tarnow.pl\/en\/"},{"@type":"ListItem","position":2,"name":"Worth seeing","item":"https:\/\/www.it.tarnow.pl\/en\/worth-seeing\/"},{"@type":"ListItem","position":3,"name":"Tarn\u00f3w","item":"https:\/\/www.it.tarnow.pl\/en\/worth-seeing\/tarnow-13\/"},{"@type":"ListItem","position":4,"name":"Tarn\u00f3w for kids"}]},{"@type":"WebSite","@id":"https:\/\/www.it.tarnow.pl\/#website","url":"https:\/\/www.it.tarnow.pl\/","name":"Tarnowskie Centrum Informacji","description":"Informacja turystyczna o Tarnowie i regionie tarnowskim.","potentialAction":[{"@type":"SearchAction","target":{"@type":"EntryPoint","urlTemplate":"https:\/\/www.it.tarnow.pl\/?s={search_term_string}"},"query-input":{"@type":"PropertyValueSpecification","valueRequired":true,"valueName":"search_term_string"}}],"inLanguage":"en-US"}]}},"_links":{"self":[{"href":"https:\/\/www.it.tarnow.pl\/en\/wp-json\/wp\/v2\/pages\/9595","targetHints":{"allow":["GET"]}}],"collection":[{"href":"https:\/\/www.it.tarnow.pl\/en\/wp-json\/wp\/v2\/pages"}],"about":[{"href":"https:\/\/www.it.tarnow.pl\/en\/wp-json\/wp\/v2\/types\/page"}],"author":[{"embeddable":true,"href":"https:\/\/www.it.tarnow.pl\/en\/wp-json\/wp\/v2\/users\/1"}],"replies":[{"embeddable":true,"href":"https:\/\/www.it.tarnow.pl\/en\/wp-json\/wp\/v2\/comments?post=9595"}],"version-history":[{"count":0,"href":"https:\/\/www.it.tarnow.pl\/en\/wp-json\/wp\/v2\/pages\/9595\/revisions"}],"up":[{"embeddable":true,"href":"https:\/\/www.it.tarnow.pl\/en\/wp-json\/wp\/v2\/pages\/9565"}],"wp:attachment":[{"href":"https:\/\/www.it.tarnow.pl\/en\/wp-json\/wp\/v2\/media?parent=9595"}],"wp:term":[{"taxonomy":"post_tag","embeddable":true,"href":"https:\/\/www.it.tarnow.pl\/en\/wp-json\/wp\/v2\/tags?post=9595"}],"curies":[{"name":"wp","href":"https:\/\/api.w.org\/{rel}","templated":true}]}}