{"id":9594,"date":"2010-06-16T16:07:01","date_gmt":"2010-06-16T14:07:01","guid":{"rendered":"http:\/\/www.it.tarnow.pl\/twin-towns-and-sister-cities-of-tarnow\/"},"modified":"2019-04-03T15:14:52","modified_gmt":"2019-04-03T13:14:52","slug":"twin-towns-and-sister-cities-of-tarnow","status":"publish","type":"page","link":"https:\/\/www.it.tarnow.pl\/en\/worth-seeing\/tarnow-13\/twin-towns-and-sister-cities-of-tarnow\/","title":{"rendered":"Twin towns and sister cities of Tarn\u00f3w"},"content":{"rendered":"<p><b>1.\u00a0Kisk\u0151r\u00f6s <\/b><br>Country: Hungary<br>Web site: <a href=\"http:\/\/www.kiskoros.hu\/\" class=\"target_blank\">www.kiskoros.hu<\/a>\n <br>Population: 15 000 <br>Kisk\u0151r\u00f6s is the birthplace of S\u00e1ndor Pet\u0151fi, the national poet of Hungary and adjutant of General Jozef Bem.<\/p>\n<p><b>2. Tren\u010d\u00edn<\/b><br>Country: Slovakia<br>Web site: <a href=\"http:\/\/www.trencin.sk\/\" class=\"target_blank\">www.trencin.sk<\/a>\n <br>Population: 56 365 <\/p>\n<p><b>3. Schoten <\/b><br>Country: Belgium<br>Web site: <a href=\"http:\/\/www.schoten.be\/\" class=\"target_blank\">www.schoten.be<\/a>\n <br>Population: 33 000 <\/p>\n<p><b>4. Blackburn <\/b><br>Country: England<br>Web site: <a href=\"http:\/\/www.blackburn.gov.uk\/\" class=\"target_blank\">www.blackburn.gov.uk<\/a>\n <br>Population: 105 000 <\/p>\n<p><b>5. <\/b><b>\u041a\u043e\u0442\u043b\u0430\u0441 (Kotlas)<\/b><br>Country: Russia<br>Web site: <a href=\"http:\/\/www.kotlas-city.ru\/\" class=\"target_blank\">www.kotlas-city.ru<\/a>\n <br>Population: 60 600<\/p>\n<p><b>6. <\/b><b><b>\u0412\u0456\u043d\u043d\u0438\u0446\u044f (<\/b><\/b><b>Vinnytsia) <\/b><br>Country: Ukraine<br>Web site: <a href=\"http:\/\/www.vinnica.ua\/\" class=\"target_blank\">www.vinnica.ua<\/a>\n <br>Population: 350 000 <\/p>\n<p><b>7. \u0422\u0435\u0440\u043d\u043e\u043f\u0456\u043b\u044c (Ternopil)<\/b><br>Country: Ukraine<br>Website: <a href=\"http:\/\/www.rada.te.ua\/en\/\" class=\"target_blank\">www.rada.te.ua<\/a>\n <br>Population: 220 000<br>Ternopil (original name: Tarnopol) has been established by the Tarnowski family. <\/p>\n<p><b>8. \u0411i\u043b\u0430 \u0426\u0435\u0440\u043a\u0432\u0430 (Bila Tserkva)<\/b><br>Country: Ukraine<br>Web site: <a href=\"http:\/\/www.bila-cerkva.osp-ua.info\/\" class=\"target_blank\">www.bila-cerkva.osp-ua.info<\/a>\n <br>Population: 190 000 <\/p>\n<p><b>9. Casalmaggiore <\/b><br>Country: Italy<br>Web site: <a href=\"http:\/\/www.comune.casalmaggiore.cr.it\/\" class=\"target_blank\">www.comune.casalmaggiore.cr.it<\/a>\n <br>Population: 14 000 <\/p>\n<p><b>10. Nowy S\u0105cz <\/b><br>Country: Poland<br>Web site: <a href=\"http:\/\/www.nowysacz.pl\/\" class=\"target_blank\">www.nowysacz.pl<\/a>\n <br>Population: 84 478 <\/p>\n<p><b>11. Warszawa <\/b><br>Country: Poland<br>Web site: <a href=\"http:\/\/www.um.warszawa.pl\/\" class=\"target_blank\">www.um.warszawa.pl<\/a>\n <br>Population: 1 710 000 <\/p>\n<p><b>12. Veszpr\u00e9m \u2013 county <\/b><br>Country: Hungary<br>Web site: <a href=\"http:\/\/www.vpmegye.hu\/\" class=\"target_blank\">www.vpmegye.hu<\/a>\n <br>Population: 64 000 (town); 368 000 (county)<\/p>","protected":false},"excerpt":{"rendered":"1.\u00a0Kisk\u0151r\u00f6s Country: HungaryWeb site: www.kiskoros.hu Population: 15 000 Kisk\u0151r\u00f6s is the birthplace of S\u00e1ndor Pet\u0151fi, the national poet of Hungary and adjutant of General Jozef Bem. 2. Tren\u010d\u00ednCountry: SlovakiaWeb site: [&hellip;]","protected":false},"author":1,"featured_media":0,"parent":9565,"menu_order":464,"comment_status":"closed","ping_status":"closed","template":"","meta":{"_acf_changed":false,"footnotes":""},"tags":[],"class_list":["post-9594","page","type-page","status-publish","hentry"],"acf":{"in_menu":null,"show_date":null,"intro_text":"","map":null},"yoast_head":"<!-- This site is optimized with the Yoast SEO Premium plugin v25.4 (Yoast SEO v25.4) - https:\/\/yoast.com\/wordpress\/plugins\/seo\/ -->\n<title>Twin towns and sister cities of Tarn\u00f3w - Tarnowskie Centrum Informacji<\/title>\n<meta name=\"robots\" content=\"index, follow, max-snippet:-1, max-image-preview:large, max-video-preview:-1\" \/>\n<link rel=\"canonical\" href=\"https:\/\/www.it.tarnow.pl\/en\/worth-seeing\/tarnow-13\/twin-towns-and-sister-cities-of-tarnow\/\" \/>\n<meta property=\"og:locale\" content=\"en_US\" \/>\n<meta property=\"og:type\" content=\"article\" \/>\n<meta property=\"og:title\" content=\"Twin towns and sister cities of Tarn\u00f3w\" \/>\n<meta property=\"og:description\" content=\"1.\u00a0Kisk\u0151r\u00f6s Country: HungaryWeb site: www.kiskoros.hu Population: 15 000 Kisk\u0151r\u00f6s is the birthplace of S\u00e1ndor Pet\u0151fi, the national poet of Hungary and adjutant of General Jozef Bem. 2. Tren\u010d\u00ednCountry: SlovakiaWeb site: [&hellip;]\" \/>\n<meta property=\"og:url\" content=\"https:\/\/www.it.tarnow.pl\/en\/worth-seeing\/tarnow-13\/twin-towns-and-sister-cities-of-tarnow\/\" \/>\n<meta property=\"og:site_name\" content=\"Tarnowskie Centrum Informacji\" \/>\n<meta property=\"article:modified_time\" content=\"2019-04-03T13:14:52+00:00\" \/>\n<meta name=\"twitter:card\" content=\"summary_large_image\" \/>\n<meta name=\"twitter:label1\" content=\"Est. reading time\" \/>\n\t<meta name=\"twitter:data1\" content=\"1 minute\" \/>\n<script type=\"application\/ld+json\" class=\"yoast-schema-graph\">{\"@context\":\"https:\/\/schema.org\",\"@graph\":[{\"@type\":\"WebPage\",\"@id\":\"https:\/\/www.it.tarnow.pl\/en\/worth-seeing\/tarnow-13\/twin-towns-and-sister-cities-of-tarnow\/\",\"url\":\"https:\/\/www.it.tarnow.pl\/en\/worth-seeing\/tarnow-13\/twin-towns-and-sister-cities-of-tarnow\/\",\"name\":\"Twin towns and sister cities of Tarn\u00f3w - Tarnowskie Centrum Informacji\",\"isPartOf\":{\"@id\":\"https:\/\/www.it.tarnow.pl\/#website\"},\"datePublished\":\"2010-06-16T14:07:01+00:00\",\"dateModified\":\"2019-04-03T13:14:52+00:00\",\"breadcrumb\":{\"@id\":\"https:\/\/www.it.tarnow.pl\/en\/worth-seeing\/tarnow-13\/twin-towns-and-sister-cities-of-tarnow\/#breadcrumb\"},\"inLanguage\":\"en-US\",\"potentialAction\":[{\"@type\":\"ReadAction\",\"target\":[\"https:\/\/www.it.tarnow.pl\/en\/worth-seeing\/tarnow-13\/twin-towns-and-sister-cities-of-tarnow\/\"]}]},{\"@type\":\"BreadcrumbList\",\"@id\":\"https:\/\/www.it.tarnow.pl\/en\/worth-seeing\/tarnow-13\/twin-towns-and-sister-cities-of-tarnow\/#breadcrumb\",\"itemListElement\":[{\"@type\":\"ListItem\",\"position\":1,\"name\":\"Home page\",\"item\":\"https:\/\/www.it.tarnow.pl\/en\/\"},{\"@type\":\"ListItem\",\"position\":2,\"name\":\"Worth seeing\",\"item\":\"https:\/\/www.it.tarnow.pl\/en\/worth-seeing\/\"},{\"@type\":\"ListItem\",\"position\":3,\"name\":\"Tarn\u00f3w\",\"item\":\"https:\/\/www.it.tarnow.pl\/en\/worth-seeing\/tarnow-13\/\"},{\"@type\":\"ListItem\",\"position\":4,\"name\":\"Twin towns and sister cities of Tarn\u00f3w\"}]},{\"@type\":\"WebSite\",\"@id\":\"https:\/\/www.it.tarnow.pl\/#website\",\"url\":\"https:\/\/www.it.tarnow.pl\/\",\"name\":\"Tarnowskie Centrum Informacji\",\"description\":\"Informacja turystyczna o Tarnowie i regionie tarnowskim.\",\"potentialAction\":[{\"@type\":\"SearchAction\",\"target\":{\"@type\":\"EntryPoint\",\"urlTemplate\":\"https:\/\/www.it.tarnow.pl\/?s={search_term_string}\"},\"query-input\":{\"@type\":\"PropertyValueSpecification\",\"valueRequired\":true,\"valueName\":\"search_term_string\"}}],\"inLanguage\":\"en-US\"}]}<\/script>\n<!-- \/ Yoast SEO Premium plugin. -->","yoast_head_json":{"title":"Twin towns and sister cities of Tarn\u00f3w - Tarnowskie Centrum Informacji","robots":{"index":"index","follow":"follow","max-snippet":"max-snippet:-1","max-image-preview":"max-image-preview:large","max-video-preview":"max-video-preview:-1"},"canonical":"https:\/\/www.it.tarnow.pl\/en\/worth-seeing\/tarnow-13\/twin-towns-and-sister-cities-of-tarnow\/","og_locale":"en_US","og_type":"article","og_title":"Twin towns and sister cities of Tarn\u00f3w","og_description":"1.\u00a0Kisk\u0151r\u00f6s Country: HungaryWeb site: www.kiskoros.hu Population: 15 000 Kisk\u0151r\u00f6s is the birthplace of S\u00e1ndor Pet\u0151fi, the national poet of Hungary and adjutant of General Jozef Bem. 2. Tren\u010d\u00ednCountry: SlovakiaWeb site: [&hellip;]","og_url":"https:\/\/www.it.tarnow.pl\/en\/worth-seeing\/tarnow-13\/twin-towns-and-sister-cities-of-tarnow\/","og_site_name":"Tarnowskie Centrum Informacji","article_modified_time":"2019-04-03T13:14:52+00:00","twitter_card":"summary_large_image","twitter_misc":{"Est. reading time":"1 minute"},"schema":{"@context":"https:\/\/schema.org","@graph":[{"@type":"WebPage","@id":"https:\/\/www.it.tarnow.pl\/en\/worth-seeing\/tarnow-13\/twin-towns-and-sister-cities-of-tarnow\/","url":"https:\/\/www.it.tarnow.pl\/en\/worth-seeing\/tarnow-13\/twin-towns-and-sister-cities-of-tarnow\/","name":"Twin towns and sister cities of Tarn\u00f3w - Tarnowskie Centrum Informacji","isPartOf":{"@id":"https:\/\/www.it.tarnow.pl\/#website"},"datePublished":"2010-06-16T14:07:01+00:00","dateModified":"2019-04-03T13:14:52+00:00","breadcrumb":{"@id":"https:\/\/www.it.tarnow.pl\/en\/worth-seeing\/tarnow-13\/twin-towns-and-sister-cities-of-tarnow\/#breadcrumb"},"inLanguage":"en-US","potentialAction":[{"@type":"ReadAction","target":["https:\/\/www.it.tarnow.pl\/en\/worth-seeing\/tarnow-13\/twin-towns-and-sister-cities-of-tarnow\/"]}]},{"@type":"BreadcrumbList","@id":"https:\/\/www.it.tarnow.pl\/en\/worth-seeing\/tarnow-13\/twin-towns-and-sister-cities-of-tarnow\/#breadcrumb","itemListElement":[{"@type":"ListItem","position":1,"name":"Home page","item":"https:\/\/www.it.tarnow.pl\/en\/"},{"@type":"ListItem","position":2,"name":"Worth seeing","item":"https:\/\/www.it.tarnow.pl\/en\/worth-seeing\/"},{"@type":"ListItem","position":3,"name":"Tarn\u00f3w","item":"https:\/\/www.it.tarnow.pl\/en\/worth-seeing\/tarnow-13\/"},{"@type":"ListItem","position":4,"name":"Twin towns and sister cities of Tarn\u00f3w"}]},{"@type":"WebSite","@id":"https:\/\/www.it.tarnow.pl\/#website","url":"https:\/\/www.it.tarnow.pl\/","name":"Tarnowskie Centrum Informacji","description":"Informacja turystyczna o Tarnowie i regionie tarnowskim.","potentialAction":[{"@type":"SearchAction","target":{"@type":"EntryPoint","urlTemplate":"https:\/\/www.it.tarnow.pl\/?s={search_term_string}"},"query-input":{"@type":"PropertyValueSpecification","valueRequired":true,"valueName":"search_term_string"}}],"inLanguage":"en-US"}]}},"_links":{"self":[{"href":"https:\/\/www.it.tarnow.pl\/en\/wp-json\/wp\/v2\/pages\/9594","targetHints":{"allow":["GET"]}}],"collection":[{"href":"https:\/\/www.it.tarnow.pl\/en\/wp-json\/wp\/v2\/pages"}],"about":[{"href":"https:\/\/www.it.tarnow.pl\/en\/wp-json\/wp\/v2\/types\/page"}],"author":[{"embeddable":true,"href":"https:\/\/www.it.tarnow.pl\/en\/wp-json\/wp\/v2\/users\/1"}],"replies":[{"embeddable":true,"href":"https:\/\/www.it.tarnow.pl\/en\/wp-json\/wp\/v2\/comments?post=9594"}],"version-history":[{"count":0,"href":"https:\/\/www.it.tarnow.pl\/en\/wp-json\/wp\/v2\/pages\/9594\/revisions"}],"up":[{"embeddable":true,"href":"https:\/\/www.it.tarnow.pl\/en\/wp-json\/wp\/v2\/pages\/9565"}],"wp:attachment":[{"href":"https:\/\/www.it.tarnow.pl\/en\/wp-json\/wp\/v2\/media?parent=9594"}],"wp:term":[{"taxonomy":"post_tag","embeddable":true,"href":"https:\/\/www.it.tarnow.pl\/en\/wp-json\/wp\/v2\/tags?post=9594"}],"curies":[{"name":"wp","href":"https:\/\/api.w.org\/{rel}","templated":true}]}}