{"id":9591,"date":"2010-06-16T14:09:17","date_gmt":"2010-06-16T12:09:17","guid":{"rendered":"http:\/\/www.it.tarnow.pl\/walking-around-tarnow\/"},"modified":"2019-04-03T15:14:44","modified_gmt":"2019-04-03T13:14:44","slug":"walking-around-tarnow","status":"publish","type":"page","link":"https:\/\/www.it.tarnow.pl\/en\/worth-seeing\/tarnow-13\/walking-around-tarnow\/","title":{"rendered":"Walking around Tarn\u00f3w"},"content":{"rendered":"<ul>\n<li>\n<a href=\"http:\/\/www.it.tarnow.pl\/wp-content\/uploads\/2019\/02\/General-Bem-Route.pdf\">General Bem&#8217;s Route<\/a>\n<\/li>\n<li>\n<a href=\"http:\/\/www.it.tarnow.pl\/wp-content\/uploads\/2019\/02\/Renaissance-Route.pdf\">Renaissance Route<\/a>\n<\/li>\n<li>\n<a href=\"http:\/\/www.it.tarnow.pl\/wp-content\/uploads\/2019\/02\/Jewish-Heritage-Route.pdf\">Jewish Heritage Route<\/a>\n<\/li>\n<li>\n<a href=\"http:\/\/www.it.tarnow.pl\/wp-content\/uploads\/2019\/02\/Jan-Szczepanik-Route.pdf\">Jan Szczepanik&#8217;s Route<\/a>\n<\/li>\n\n<\/ul>\n<p>\u00a0<\/p>\n<ul>\n<li>\n<a href=\"http:\/\/www.it.tarnow.pl\/wp-content\/uploads\/2019\/02\/Other.pdf\">Manor House &#8211; 10 Krakowska street &#8211; recently Ethnographic Museum, Tarn\u00f3w Savings Bank, Old Bernardine Monastery, Holy Family Church, Green Area, Strzelecki Park, Railway Station, District and county seat, Sobieski square, Old Cemetery, The monument of King W\u0142adys\u0142aw \u0141okietek<\/a>\n<\/li>\n\n<\/ul>\n<p>\u00a0<\/p>\n<ul>\n<li>\n<a href=\"http:\/\/www.reneu.eu\/eren.php?c%5B%5D=63024\" class=\"target_blank\">Renaissance Route in Ma\u0142opolska<\/a>\n<\/li>\n\n<\/ul>","protected":false},"excerpt":{"rendered":"General Bem&#8217;s Route Renaissance Route Jewish Heritage Route Jan Szczepanik&#8217;s Route \u00a0 Manor House &#8211; 10 Krakowska street &#8211; recently Ethnographic Museum, Tarn\u00f3w Savings Bank, Old Bernardine Monastery, Holy Family [&hellip;]","protected":false},"author":1,"featured_media":0,"parent":9565,"menu_order":403,"comment_status":"closed","ping_status":"closed","template":"","meta":{"_acf_changed":false,"footnotes":""},"tags":[],"class_list":["post-9591","page","type-page","status-publish","hentry"],"acf":{"in_menu":null,"show_date":null,"intro_text":"","map":null},"yoast_head":"<!-- This site is optimized with the Yoast SEO Premium plugin v25.4 (Yoast SEO v25.4) - https:\/\/yoast.com\/wordpress\/plugins\/seo\/ -->\n<title>Walking around Tarn\u00f3w - Tarnowskie Centrum Informacji<\/title>\n<meta name=\"robots\" content=\"index, follow, max-snippet:-1, max-image-preview:large, max-video-preview:-1\" \/>\n<link rel=\"canonical\" href=\"https:\/\/www.it.tarnow.pl\/en\/worth-seeing\/tarnow-13\/walking-around-tarnow\/\" \/>\n<meta property=\"og:locale\" content=\"en_US\" \/>\n<meta property=\"og:type\" content=\"article\" \/>\n<meta property=\"og:title\" content=\"Walking around Tarn\u00f3w\" \/>\n<meta property=\"og:description\" content=\"General Bem&#8217;s Route Renaissance Route Jewish Heritage Route Jan Szczepanik&#8217;s Route \u00a0 Manor House &#8211; 10 Krakowska street &#8211; recently Ethnographic Museum, Tarn\u00f3w Savings Bank, Old Bernardine Monastery, Holy Family [&hellip;]\" \/>\n<meta property=\"og:url\" content=\"https:\/\/www.it.tarnow.pl\/en\/worth-seeing\/tarnow-13\/walking-around-tarnow\/\" \/>\n<meta property=\"og:site_name\" content=\"Tarnowskie Centrum Informacji\" \/>\n<meta property=\"article:modified_time\" content=\"2019-04-03T13:14:44+00:00\" \/>\n<meta name=\"twitter:card\" content=\"summary_large_image\" \/>\n<script type=\"application\/ld+json\" class=\"yoast-schema-graph\">{\"@context\":\"https:\/\/schema.org\",\"@graph\":[{\"@type\":\"WebPage\",\"@id\":\"https:\/\/www.it.tarnow.pl\/en\/worth-seeing\/tarnow-13\/walking-around-tarnow\/\",\"url\":\"https:\/\/www.it.tarnow.pl\/en\/worth-seeing\/tarnow-13\/walking-around-tarnow\/\",\"name\":\"Walking around Tarn\u00f3w - Tarnowskie Centrum Informacji\",\"isPartOf\":{\"@id\":\"https:\/\/www.it.tarnow.pl\/#website\"},\"datePublished\":\"2010-06-16T12:09:17+00:00\",\"dateModified\":\"2019-04-03T13:14:44+00:00\",\"breadcrumb\":{\"@id\":\"https:\/\/www.it.tarnow.pl\/en\/worth-seeing\/tarnow-13\/walking-around-tarnow\/#breadcrumb\"},\"inLanguage\":\"en-US\",\"potentialAction\":[{\"@type\":\"ReadAction\",\"target\":[\"https:\/\/www.it.tarnow.pl\/en\/worth-seeing\/tarnow-13\/walking-around-tarnow\/\"]}]},{\"@type\":\"BreadcrumbList\",\"@id\":\"https:\/\/www.it.tarnow.pl\/en\/worth-seeing\/tarnow-13\/walking-around-tarnow\/#breadcrumb\",\"itemListElement\":[{\"@type\":\"ListItem\",\"position\":1,\"name\":\"Home page\",\"item\":\"https:\/\/www.it.tarnow.pl\/en\/\"},{\"@type\":\"ListItem\",\"position\":2,\"name\":\"Worth seeing\",\"item\":\"https:\/\/www.it.tarnow.pl\/en\/worth-seeing\/\"},{\"@type\":\"ListItem\",\"position\":3,\"name\":\"Tarn\u00f3w\",\"item\":\"https:\/\/www.it.tarnow.pl\/en\/worth-seeing\/tarnow-13\/\"},{\"@type\":\"ListItem\",\"position\":4,\"name\":\"Walking around Tarn\u00f3w\"}]},{\"@type\":\"WebSite\",\"@id\":\"https:\/\/www.it.tarnow.pl\/#website\",\"url\":\"https:\/\/www.it.tarnow.pl\/\",\"name\":\"Tarnowskie Centrum Informacji\",\"description\":\"Informacja turystyczna o Tarnowie i regionie tarnowskim.\",\"potentialAction\":[{\"@type\":\"SearchAction\",\"target\":{\"@type\":\"EntryPoint\",\"urlTemplate\":\"https:\/\/www.it.tarnow.pl\/?s={search_term_string}\"},\"query-input\":{\"@type\":\"PropertyValueSpecification\",\"valueRequired\":true,\"valueName\":\"search_term_string\"}}],\"inLanguage\":\"en-US\"}]}<\/script>\n<!-- \/ Yoast SEO Premium plugin. -->","yoast_head_json":{"title":"Walking around Tarn\u00f3w - Tarnowskie Centrum Informacji","robots":{"index":"index","follow":"follow","max-snippet":"max-snippet:-1","max-image-preview":"max-image-preview:large","max-video-preview":"max-video-preview:-1"},"canonical":"https:\/\/www.it.tarnow.pl\/en\/worth-seeing\/tarnow-13\/walking-around-tarnow\/","og_locale":"en_US","og_type":"article","og_title":"Walking around Tarn\u00f3w","og_description":"General Bem&#8217;s Route Renaissance Route Jewish Heritage Route Jan Szczepanik&#8217;s Route \u00a0 Manor House &#8211; 10 Krakowska street &#8211; recently Ethnographic Museum, Tarn\u00f3w Savings Bank, Old Bernardine Monastery, Holy Family [&hellip;]","og_url":"https:\/\/www.it.tarnow.pl\/en\/worth-seeing\/tarnow-13\/walking-around-tarnow\/","og_site_name":"Tarnowskie Centrum Informacji","article_modified_time":"2019-04-03T13:14:44+00:00","twitter_card":"summary_large_image","schema":{"@context":"https:\/\/schema.org","@graph":[{"@type":"WebPage","@id":"https:\/\/www.it.tarnow.pl\/en\/worth-seeing\/tarnow-13\/walking-around-tarnow\/","url":"https:\/\/www.it.tarnow.pl\/en\/worth-seeing\/tarnow-13\/walking-around-tarnow\/","name":"Walking around Tarn\u00f3w - Tarnowskie Centrum Informacji","isPartOf":{"@id":"https:\/\/www.it.tarnow.pl\/#website"},"datePublished":"2010-06-16T12:09:17+00:00","dateModified":"2019-04-03T13:14:44+00:00","breadcrumb":{"@id":"https:\/\/www.it.tarnow.pl\/en\/worth-seeing\/tarnow-13\/walking-around-tarnow\/#breadcrumb"},"inLanguage":"en-US","potentialAction":[{"@type":"ReadAction","target":["https:\/\/www.it.tarnow.pl\/en\/worth-seeing\/tarnow-13\/walking-around-tarnow\/"]}]},{"@type":"BreadcrumbList","@id":"https:\/\/www.it.tarnow.pl\/en\/worth-seeing\/tarnow-13\/walking-around-tarnow\/#breadcrumb","itemListElement":[{"@type":"ListItem","position":1,"name":"Home page","item":"https:\/\/www.it.tarnow.pl\/en\/"},{"@type":"ListItem","position":2,"name":"Worth seeing","item":"https:\/\/www.it.tarnow.pl\/en\/worth-seeing\/"},{"@type":"ListItem","position":3,"name":"Tarn\u00f3w","item":"https:\/\/www.it.tarnow.pl\/en\/worth-seeing\/tarnow-13\/"},{"@type":"ListItem","position":4,"name":"Walking around Tarn\u00f3w"}]},{"@type":"WebSite","@id":"https:\/\/www.it.tarnow.pl\/#website","url":"https:\/\/www.it.tarnow.pl\/","name":"Tarnowskie Centrum Informacji","description":"Informacja turystyczna o Tarnowie i regionie tarnowskim.","potentialAction":[{"@type":"SearchAction","target":{"@type":"EntryPoint","urlTemplate":"https:\/\/www.it.tarnow.pl\/?s={search_term_string}"},"query-input":{"@type":"PropertyValueSpecification","valueRequired":true,"valueName":"search_term_string"}}],"inLanguage":"en-US"}]}},"_links":{"self":[{"href":"https:\/\/www.it.tarnow.pl\/en\/wp-json\/wp\/v2\/pages\/9591","targetHints":{"allow":["GET"]}}],"collection":[{"href":"https:\/\/www.it.tarnow.pl\/en\/wp-json\/wp\/v2\/pages"}],"about":[{"href":"https:\/\/www.it.tarnow.pl\/en\/wp-json\/wp\/v2\/types\/page"}],"author":[{"embeddable":true,"href":"https:\/\/www.it.tarnow.pl\/en\/wp-json\/wp\/v2\/users\/1"}],"replies":[{"embeddable":true,"href":"https:\/\/www.it.tarnow.pl\/en\/wp-json\/wp\/v2\/comments?post=9591"}],"version-history":[{"count":0,"href":"https:\/\/www.it.tarnow.pl\/en\/wp-json\/wp\/v2\/pages\/9591\/revisions"}],"up":[{"embeddable":true,"href":"https:\/\/www.it.tarnow.pl\/en\/wp-json\/wp\/v2\/pages\/9565"}],"wp:attachment":[{"href":"https:\/\/www.it.tarnow.pl\/en\/wp-json\/wp\/v2\/media?parent=9591"}],"wp:term":[{"taxonomy":"post_tag","embeddable":true,"href":"https:\/\/www.it.tarnow.pl\/en\/wp-json\/wp\/v2\/tags?post=9591"}],"curies":[{"name":"wp","href":"https:\/\/api.w.org\/{rel}","templated":true}]}}