{"id":9588,"date":"2010-12-06T14:08:44","date_gmt":"2010-12-06T13:08:44","guid":{"rendered":"http:\/\/www.it.tarnow.pl\/main-train-station\/"},"modified":"2019-04-03T15:14:26","modified_gmt":"2019-04-03T13:14:26","slug":"main-train-station","status":"publish","type":"page","link":"https:\/\/www.it.tarnow.pl\/en\/worth-seeing\/tarnow-13\/main-train-station\/","title":{"rendered":"Main Train Station"},"content":{"rendered":"<img loading=\"lazy\" decoding=\"async\" width=\"240\" height=\"180\" class=\"size-medium alignright wp-image-35888\" src=\"http:\/\/www.it.tarnow.pl\/wp-content\/uploads\/2019\/02\/Train_Station-7_m.jpg\" alt=\"\"><p>Monumental structure of Tarn\u00f3w\u2019s main train station was built in the years 1906-1910 in Art Nouveau style (known also as \u201cSecession style\u201d especially within the Austria-Hungary territory) and then thoroughly renovated in 2010. Interiors of the building resemble the interiors of elegant hotels from the turn of the 20<sup>th<\/sup> century. Recent renovation works were carried out with a great precision and attention \u2013 just to mention that investor needed to import floor tiles from England and paving bricks from Italy to restore original look of the structure. Together with renovation works the whole square in front of the station was rebuild. It was paved with porphyry and basalt stones and new, stylized, street lamps were installed.<\/p>\n<p>\u00a0<\/p> <img loading=\"lazy\" decoding=\"async\" width=\"240\" height=\"180\" class=\"size-medium alignright wp-image-35893\" src=\"http:\/\/www.it.tarnow.pl\/wp-content\/uploads\/2019\/02\/Train_Station-20_m.jpg\" alt=\"\"><p>The main train station witnessed some crucial moments in Tarn\u00f3w history. In 1914 volunteers from Tarn\u00f3w set out to join Polish Legions which later fought to regain independence for Poland, commanded by J\u00f3zef Pi\u0142sudski \u2013 the Father of the Nation. In 1929, train with the remains of Army General J\u00f3zef Bem arrived and hundreds of citizens of Tarn\u00f3w together with state officials paid their last respect to this ingenious commander and national hero of Poland and Hungary. On August 28<sup>th<\/sup> 1939, a bomb, hid in a left luggage office by a terrorist trained by Germans, exploded killing 20 people and injuring 53 others. Another WWII episode regards the prisoners of KL Auschwitz. First of the transports of prisoners delivered to that death camp was sent from Tarn\u00f3w on 14<sup>th<\/sup> of June 1940.<\/p>\n<p>After the renovation works the station remains the biggest of the train stations east of Krak\u00f3w, and became the most beautiful in Poland.<\/p>","protected":false},"excerpt":{"rendered":"Monumental structure of Tarn\u00f3w\u2019s main train station was built in the years 1906-1910 in Art Nouveau style (known also as \u201cSecession style\u201d especially within the Austria-Hungary territory) and then thoroughly [&hellip;]","protected":false},"author":17,"featured_media":0,"parent":9565,"menu_order":295,"comment_status":"closed","ping_status":"closed","template":"","meta":{"_acf_changed":false,"footnotes":""},"tags":[1183,1182,1181,1180],"class_list":["post-9588","page","type-page","status-publish","hentry","tag-renovation","tag-station","tag-train","tag-train-station"],"acf":{"in_menu":null,"show_date":null,"intro_text":"","map":null},"yoast_head":"<!-- This site is optimized with the Yoast SEO Premium plugin v25.4 (Yoast SEO v25.4) - https:\/\/yoast.com\/wordpress\/plugins\/seo\/ -->\n<title>Main Train Station - Tarnowskie Centrum Informacji<\/title>\n<meta name=\"robots\" content=\"index, follow, max-snippet:-1, max-image-preview:large, max-video-preview:-1\" \/>\n<link rel=\"canonical\" href=\"https:\/\/www.it.tarnow.pl\/en\/worth-seeing\/tarnow-13\/main-train-station\/\" \/>\n<meta property=\"og:locale\" content=\"en_US\" \/>\n<meta property=\"og:type\" content=\"article\" \/>\n<meta property=\"og:title\" content=\"Main Train Station\" \/>\n<meta property=\"og:description\" content=\"Monumental structure of Tarn\u00f3w\u2019s main train station was built in the years 1906-1910 in Art Nouveau style (known also as \u201cSecession style\u201d especially within the Austria-Hungary territory) and then thoroughly [&hellip;]\" \/>\n<meta property=\"og:url\" content=\"https:\/\/www.it.tarnow.pl\/en\/worth-seeing\/tarnow-13\/main-train-station\/\" \/>\n<meta property=\"og:site_name\" content=\"Tarnowskie Centrum Informacji\" \/>\n<meta property=\"article:modified_time\" content=\"2019-04-03T13:14:26+00:00\" \/>\n<meta property=\"og:image\" content=\"http:\/\/www.it.tarnow.pl\/wp-content\/uploads\/2019\/02\/Train_Station-7_m.jpg\" \/>\n<meta name=\"twitter:card\" content=\"summary_large_image\" \/>\n<meta name=\"twitter:label1\" content=\"Est. reading time\" \/>\n\t<meta name=\"twitter:data1\" content=\"1 minute\" \/>\n<script type=\"application\/ld+json\" class=\"yoast-schema-graph\">{\"@context\":\"https:\/\/schema.org\",\"@graph\":[{\"@type\":\"WebPage\",\"@id\":\"https:\/\/www.it.tarnow.pl\/en\/worth-seeing\/tarnow-13\/main-train-station\/\",\"url\":\"https:\/\/www.it.tarnow.pl\/en\/worth-seeing\/tarnow-13\/main-train-station\/\",\"name\":\"Main Train Station - Tarnowskie Centrum Informacji\",\"isPartOf\":{\"@id\":\"https:\/\/www.it.tarnow.pl\/#website\"},\"primaryImageOfPage\":{\"@id\":\"https:\/\/www.it.tarnow.pl\/en\/worth-seeing\/tarnow-13\/main-train-station\/#primaryimage\"},\"image\":{\"@id\":\"https:\/\/www.it.tarnow.pl\/en\/worth-seeing\/tarnow-13\/main-train-station\/#primaryimage\"},\"thumbnailUrl\":\"http:\/\/www.it.tarnow.pl\/wp-content\/uploads\/2019\/02\/Train_Station-7_m.jpg\",\"datePublished\":\"2010-12-06T13:08:44+00:00\",\"dateModified\":\"2019-04-03T13:14:26+00:00\",\"breadcrumb\":{\"@id\":\"https:\/\/www.it.tarnow.pl\/en\/worth-seeing\/tarnow-13\/main-train-station\/#breadcrumb\"},\"inLanguage\":\"en-US\",\"potentialAction\":[{\"@type\":\"ReadAction\",\"target\":[\"https:\/\/www.it.tarnow.pl\/en\/worth-seeing\/tarnow-13\/main-train-station\/\"]}]},{\"@type\":\"ImageObject\",\"inLanguage\":\"en-US\",\"@id\":\"https:\/\/www.it.tarnow.pl\/en\/worth-seeing\/tarnow-13\/main-train-station\/#primaryimage\",\"url\":\"http:\/\/www.it.tarnow.pl\/wp-content\/uploads\/2019\/02\/Train_Station-7_m.jpg\",\"contentUrl\":\"http:\/\/www.it.tarnow.pl\/wp-content\/uploads\/2019\/02\/Train_Station-7_m.jpg\"},{\"@type\":\"BreadcrumbList\",\"@id\":\"https:\/\/www.it.tarnow.pl\/en\/worth-seeing\/tarnow-13\/main-train-station\/#breadcrumb\",\"itemListElement\":[{\"@type\":\"ListItem\",\"position\":1,\"name\":\"Home page\",\"item\":\"https:\/\/www.it.tarnow.pl\/en\/\"},{\"@type\":\"ListItem\",\"position\":2,\"name\":\"Worth seeing\",\"item\":\"https:\/\/www.it.tarnow.pl\/en\/worth-seeing\/\"},{\"@type\":\"ListItem\",\"position\":3,\"name\":\"Tarn\u00f3w\",\"item\":\"https:\/\/www.it.tarnow.pl\/en\/worth-seeing\/tarnow-13\/\"},{\"@type\":\"ListItem\",\"position\":4,\"name\":\"Main Train Station\"}]},{\"@type\":\"WebSite\",\"@id\":\"https:\/\/www.it.tarnow.pl\/#website\",\"url\":\"https:\/\/www.it.tarnow.pl\/\",\"name\":\"Tarnowskie Centrum Informacji\",\"description\":\"Informacja turystyczna o Tarnowie i regionie tarnowskim.\",\"potentialAction\":[{\"@type\":\"SearchAction\",\"target\":{\"@type\":\"EntryPoint\",\"urlTemplate\":\"https:\/\/www.it.tarnow.pl\/?s={search_term_string}\"},\"query-input\":{\"@type\":\"PropertyValueSpecification\",\"valueRequired\":true,\"valueName\":\"search_term_string\"}}],\"inLanguage\":\"en-US\"}]}<\/script>\n<!-- \/ Yoast SEO Premium plugin. -->","yoast_head_json":{"title":"Main Train Station - Tarnowskie Centrum Informacji","robots":{"index":"index","follow":"follow","max-snippet":"max-snippet:-1","max-image-preview":"max-image-preview:large","max-video-preview":"max-video-preview:-1"},"canonical":"https:\/\/www.it.tarnow.pl\/en\/worth-seeing\/tarnow-13\/main-train-station\/","og_locale":"en_US","og_type":"article","og_title":"Main Train Station","og_description":"Monumental structure of Tarn\u00f3w\u2019s main train station was built in the years 1906-1910 in Art Nouveau style (known also as \u201cSecession style\u201d especially within the Austria-Hungary territory) and then thoroughly [&hellip;]","og_url":"https:\/\/www.it.tarnow.pl\/en\/worth-seeing\/tarnow-13\/main-train-station\/","og_site_name":"Tarnowskie Centrum Informacji","article_modified_time":"2019-04-03T13:14:26+00:00","og_image":[{"url":"http:\/\/www.it.tarnow.pl\/wp-content\/uploads\/2019\/02\/Train_Station-7_m.jpg","type":"","width":"","height":""}],"twitter_card":"summary_large_image","twitter_misc":{"Est. reading time":"1 minute"},"schema":{"@context":"https:\/\/schema.org","@graph":[{"@type":"WebPage","@id":"https:\/\/www.it.tarnow.pl\/en\/worth-seeing\/tarnow-13\/main-train-station\/","url":"https:\/\/www.it.tarnow.pl\/en\/worth-seeing\/tarnow-13\/main-train-station\/","name":"Main Train Station - Tarnowskie Centrum Informacji","isPartOf":{"@id":"https:\/\/www.it.tarnow.pl\/#website"},"primaryImageOfPage":{"@id":"https:\/\/www.it.tarnow.pl\/en\/worth-seeing\/tarnow-13\/main-train-station\/#primaryimage"},"image":{"@id":"https:\/\/www.it.tarnow.pl\/en\/worth-seeing\/tarnow-13\/main-train-station\/#primaryimage"},"thumbnailUrl":"http:\/\/www.it.tarnow.pl\/wp-content\/uploads\/2019\/02\/Train_Station-7_m.jpg","datePublished":"2010-12-06T13:08:44+00:00","dateModified":"2019-04-03T13:14:26+00:00","breadcrumb":{"@id":"https:\/\/www.it.tarnow.pl\/en\/worth-seeing\/tarnow-13\/main-train-station\/#breadcrumb"},"inLanguage":"en-US","potentialAction":[{"@type":"ReadAction","target":["https:\/\/www.it.tarnow.pl\/en\/worth-seeing\/tarnow-13\/main-train-station\/"]}]},{"@type":"ImageObject","inLanguage":"en-US","@id":"https:\/\/www.it.tarnow.pl\/en\/worth-seeing\/tarnow-13\/main-train-station\/#primaryimage","url":"http:\/\/www.it.tarnow.pl\/wp-content\/uploads\/2019\/02\/Train_Station-7_m.jpg","contentUrl":"http:\/\/www.it.tarnow.pl\/wp-content\/uploads\/2019\/02\/Train_Station-7_m.jpg"},{"@type":"BreadcrumbList","@id":"https:\/\/www.it.tarnow.pl\/en\/worth-seeing\/tarnow-13\/main-train-station\/#breadcrumb","itemListElement":[{"@type":"ListItem","position":1,"name":"Home page","item":"https:\/\/www.it.tarnow.pl\/en\/"},{"@type":"ListItem","position":2,"name":"Worth seeing","item":"https:\/\/www.it.tarnow.pl\/en\/worth-seeing\/"},{"@type":"ListItem","position":3,"name":"Tarn\u00f3w","item":"https:\/\/www.it.tarnow.pl\/en\/worth-seeing\/tarnow-13\/"},{"@type":"ListItem","position":4,"name":"Main Train Station"}]},{"@type":"WebSite","@id":"https:\/\/www.it.tarnow.pl\/#website","url":"https:\/\/www.it.tarnow.pl\/","name":"Tarnowskie Centrum Informacji","description":"Informacja turystyczna o Tarnowie i regionie tarnowskim.","potentialAction":[{"@type":"SearchAction","target":{"@type":"EntryPoint","urlTemplate":"https:\/\/www.it.tarnow.pl\/?s={search_term_string}"},"query-input":{"@type":"PropertyValueSpecification","valueRequired":true,"valueName":"search_term_string"}}],"inLanguage":"en-US"}]}},"_links":{"self":[{"href":"https:\/\/www.it.tarnow.pl\/en\/wp-json\/wp\/v2\/pages\/9588","targetHints":{"allow":["GET"]}}],"collection":[{"href":"https:\/\/www.it.tarnow.pl\/en\/wp-json\/wp\/v2\/pages"}],"about":[{"href":"https:\/\/www.it.tarnow.pl\/en\/wp-json\/wp\/v2\/types\/page"}],"author":[{"embeddable":true,"href":"https:\/\/www.it.tarnow.pl\/en\/wp-json\/wp\/v2\/users\/17"}],"replies":[{"embeddable":true,"href":"https:\/\/www.it.tarnow.pl\/en\/wp-json\/wp\/v2\/comments?post=9588"}],"version-history":[{"count":0,"href":"https:\/\/www.it.tarnow.pl\/en\/wp-json\/wp\/v2\/pages\/9588\/revisions"}],"up":[{"embeddable":true,"href":"https:\/\/www.it.tarnow.pl\/en\/wp-json\/wp\/v2\/pages\/9565"}],"wp:attachment":[{"href":"https:\/\/www.it.tarnow.pl\/en\/wp-json\/wp\/v2\/media?parent=9588"}],"wp:term":[{"taxonomy":"post_tag","embeddable":true,"href":"https:\/\/www.it.tarnow.pl\/en\/wp-json\/wp\/v2\/tags?post=9588"}],"curies":[{"name":"wp","href":"https:\/\/api.w.org\/{rel}","templated":true}]}}