{"id":9585,"date":"2010-06-16T13:33:00","date_gmt":"2010-06-16T11:33:00","guid":{"rendered":"http:\/\/www.it.tarnow.pl\/wooden-churches\/"},"modified":"2019-04-03T15:14:22","modified_gmt":"2019-04-03T13:14:22","slug":"wooden-churches","status":"publish","type":"page","link":"https:\/\/www.it.tarnow.pl\/en\/worth-seeing\/tarnow-13\/wooden-churches\/","title":{"rendered":"Wooden churches"},"content":{"rendered":"<p>\u00a0<\/p> <img loading=\"lazy\" decoding=\"async\" width=\"400\" height=\"300\" class=\"size-medium alignleft wp-image-21413\" src=\"http:\/\/www.it.tarnow.pl\/wp-content\/uploads\/2019\/02\/TARNOW-Kosciol-p.w.-Matki-Bozej-Szkaplerznej-2-400x300.jpg\" alt=\"\" srcset=\"https:\/\/www.it.tarnow.pl\/wp-content\/uploads\/2019\/02\/TARNOW-Kosciol-p.w.-Matki-Bozej-Szkaplerznej-2-400x300.jpg 400w, https:\/\/www.it.tarnow.pl\/wp-content\/uploads\/2019\/02\/TARNOW-Kosciol-p.w.-Matki-Bozej-Szkaplerznej-2-768x576.jpg 768w, https:\/\/www.it.tarnow.pl\/wp-content\/uploads\/2019\/02\/TARNOW-Kosciol-p.w.-Matki-Bozej-Szkaplerznej-2-650x488.jpg 650w, https:\/\/www.it.tarnow.pl\/wp-content\/uploads\/2019\/02\/TARNOW-Kosciol-p.w.-Matki-Bozej-Szkaplerznej-2-300x225.jpg 300w, https:\/\/www.it.tarnow.pl\/wp-content\/uploads\/2019\/02\/TARNOW-Kosciol-p.w.-Matki-Bozej-Szkaplerznej-2.jpg 1024w\" sizes=\"auto, (max-width: 400px) 100vw, 400px\" \/><p><b>Blessed Virgin Mary church<\/b>, originally dedicated to Our Lady of the Assumption, was likely built in 1458, by &#8220;6 peasants from the Major Suburb&#8221; of timber that had been used previously in the construction of the parish church that stood on site of the cathedral. The 19<sup>th<\/sup> c. inscription on the rood beam informs that the church was consecrated in 1462 by two cardinals: Isidore and Nicolas. If the two had indeed consecrated the church, then the building had to be erected before the official date as it is historically proven that the cardinals visited Tarn\u00f3w in March of 1440. The church was a subject of several construction works, including one after the great fire of Tarn\u00f3w of 1617.\u00a0<\/p>\n<p>\u00a0<\/p>\n<p>\u00a0<\/p> <img loading=\"lazy\" decoding=\"async\" width=\"300\" height=\"225\" class=\"size-medium alignright wp-image-35825\" src=\"http:\/\/www.it.tarnow.pl\/wp-content\/uploads\/2019\/02\/Tarnow_Na_Burku_Church-300x225.jpg\" alt=\"\" srcset=\"https:\/\/www.it.tarnow.pl\/wp-content\/uploads\/2019\/02\/Tarnow_Na_Burku_Church-300x225.jpg 300w, https:\/\/www.it.tarnow.pl\/wp-content\/uploads\/2019\/02\/Tarnow_Na_Burku_Church.jpg 640w\" sizes=\"auto, (max-width: 300px) 100vw, 300px\" \/><p>\u00a0<\/p>\n<p>\u00a0<\/p>\n<p>\u00a0<\/p>\n<p>In the 19<sup>th<\/sup> century the whole structure was relocated 6 meters off the banks of W\u0105tok. Tower was added only in 1910. Repairs of the WW2 damages and preservation works were completed in the mid-60&#8217;s. Interior decoration encompasses fragments of the 17th c. wall polychromes and ornamented parapet of the late-Renaissance choir with emblems of the church donors. The Rococo high altar shelters miraculous painting of Our Lady with the Child of the 16<sup>th<\/sup> century. Side altars are the replicas of the Gothic-Renaissance triptychs, secured in the Diocese Museum.<\/p>\n<p>\u00a0<\/p>\n<p>\u00a0<\/p> <img loading=\"lazy\" decoding=\"async\" width=\"300\" height=\"225\" class=\"size-medium alignleft wp-image-35830\" src=\"http:\/\/www.it.tarnow.pl\/wp-content\/uploads\/2019\/02\/Tarnow_Holy_Trinity_Church-300x225.jpg\" alt=\"\" srcset=\"https:\/\/www.it.tarnow.pl\/wp-content\/uploads\/2019\/02\/Tarnow_Holy_Trinity_Church-300x225.jpg 300w, https:\/\/www.it.tarnow.pl\/wp-content\/uploads\/2019\/02\/Tarnow_Holy_Trinity_Church.jpg 640w\" sizes=\"auto, (max-width: 300px) 100vw, 300px\" \/><p>The <b>Holy Trinity church<\/b> was erected between 1595 \u2013 1597 aside the road connecting town with the castle and the original route towards Krak\u00f3w. In the year of its completion, the church was consecrated by Cardinal Jerzy Radziwi\u0142\u0142. Its existence was threatened in the 19<sup>th<\/sup> c. by development of rail transport. The new extension to D\u0119bica, built in the close vicinity to the church, raised a risk of fire from the sparks of the locomotives. The authorities have already ordered the dismantling of the church, when pastor Micha\u0142 Kr\u00f3l came up with the idea to coat the whole structure with metal sheets and ultimately saved it. Flat ceiling inside is decorated with early 20<sup>th<\/sup> century painting of the Virgin Mary. The 17<sup>th<\/sup> c., late-Renaissance, high altar shelters an intriguing painting on panel, dating to 1600. It is representation of the Holy Trinity type known as the Throne of Grace. Base of the high altar encompasses the foundation stone engraved with date &#8216;1595&#8217;, the year the construction begun. Two side altars and the crucifix upon the rood beam date to the early 17<sup>th<\/sup> c. There are two Latin inscriptions on sides of the beam. One reminds Fr. \u0141ukasz Godzinka, the architect of church erection. The other, informs of Fr. Micha\u0142 Kr\u00f3l\u2019s renovation.<\/p>\n<p>\u00a0<\/p>\n<p>\u00a0<\/p>\n<p>\u00a0<\/p>\n<p>\u00a0<\/p>\n<p>\u00a0<\/p> <img loading=\"lazy\" decoding=\"async\" width=\"300\" height=\"225\" class=\"size-medium alignleft wp-image-35835\" src=\"http:\/\/www.it.tarnow.pl\/wp-content\/uploads\/2019\/02\/Zawada_wooden_church-300x225.jpg\" alt=\"\" srcset=\"https:\/\/www.it.tarnow.pl\/wp-content\/uploads\/2019\/02\/Zawada_wooden_church-300x225.jpg 300w, https:\/\/www.it.tarnow.pl\/wp-content\/uploads\/2019\/02\/Zawada_wooden_church.jpg 640w\" sizes=\"auto, (max-width: 300px) 100vw, 300px\" \/><p>Tarn\u00f3w &#8211; Zawada, <b>Church of St Martin the Bishop<\/b><\/p>\n<p>It is believed that the church in Zawada was erected in place of a shrine of Perun, Slavic god of thunder and lighting. It was allegedly founded by Spycymir of Tarn\u00f3w, who came around the place while hunting. The church building itself, according to the legend, was found floating down the Dunajec River. The earliest written information on the parish in Zawada date to 1326, although it might have been established already in the 12<sup>th<\/sup> c., when the land was bestowed on the Tyniec Monastery. In the pagan times, the area was inhabited by Wi\u015blanie (the Vistulans), Slavic tribe. Remnants of their impressive settlement and a hill fort were found nearby. The &#8216;soboty&#8217;, wooden arcades outside used as a shelter, were added in the 17<sup>th<\/sup> century. South and west entrances preserve original Gothic ogive doorway and pieces of the Gothic door fittings. The oldest furnishing are the late-Gothic bas-relief decorations of the choir parapet and the crucifix of the same age. A rosary attached to the rood beam was made by a blind shepherd of the single piece of wood. But most important pieces inside are the altars: the 17<sup>th<\/sup> c. neo-Baroque high altar with the painting of St Martin the Bishop and sculptures of Wojciech and Stanis\u0142aw; and two late-Baroque side altars. The smallest of the bells at the tower dates to the 1606.<\/p>","protected":false},"excerpt":{"rendered":"\u00a0 Blessed Virgin Mary church, originally dedicated to Our Lady of the Assumption, was likely built in 1458, by &#8220;6 peasants from the Major Suburb&#8221; of timber that had been [&hellip;]","protected":false},"author":1,"featured_media":0,"parent":9565,"menu_order":203,"comment_status":"closed","ping_status":"closed","template":"","meta":{"_acf_changed":false,"footnotes":""},"tags":[],"class_list":["post-9585","page","type-page","status-publish","hentry"],"acf":{"in_menu":null,"show_date":null,"intro_text":"<p>Fine wooden architecture is abundant in the Malopolska region. We would like to invite you on a tour of the uniquely beautiful wooden structures within the city of Tarn\u00f3w. Churches were erected in Gothic style as a one-nave structures with a triangular, enclosed presbytery and a tower. The buildings were often surrounded with arcades used by pilgrims as a shelter.<\/p>","map":null},"yoast_head":"<!-- This site is optimized with the Yoast SEO Premium plugin v25.4 (Yoast SEO v25.4) - https:\/\/yoast.com\/wordpress\/plugins\/seo\/ -->\n<title>Wooden churches - Tarnowskie Centrum Informacji<\/title>\n<meta name=\"robots\" content=\"index, follow, max-snippet:-1, max-image-preview:large, max-video-preview:-1\" \/>\n<link rel=\"canonical\" href=\"https:\/\/www.it.tarnow.pl\/en\/worth-seeing\/tarnow-13\/wooden-churches\/\" \/>\n<meta property=\"og:locale\" content=\"en_US\" \/>\n<meta property=\"og:type\" content=\"article\" \/>\n<meta property=\"og:title\" content=\"Wooden churches\" \/>\n<meta property=\"og:description\" content=\"\u00a0 Blessed Virgin Mary church, originally dedicated to Our Lady of the Assumption, was likely built in 1458, by &#8220;6 peasants from the Major Suburb&#8221; of timber that had been [&hellip;]\" \/>\n<meta property=\"og:url\" content=\"https:\/\/www.it.tarnow.pl\/en\/worth-seeing\/tarnow-13\/wooden-churches\/\" \/>\n<meta property=\"og:site_name\" content=\"Tarnowskie Centrum Informacji\" \/>\n<meta property=\"article:modified_time\" content=\"2019-04-03T13:14:22+00:00\" \/>\n<meta property=\"og:image\" content=\"http:\/\/www.it.tarnow.pl\/wp-content\/uploads\/2019\/02\/TARNOW-Kosciol-p.w.-Matki-Bozej-Szkaplerznej-2-400x300.jpg\" \/>\n<meta name=\"twitter:card\" content=\"summary_large_image\" \/>\n<meta name=\"twitter:label1\" content=\"Est. reading time\" \/>\n\t<meta name=\"twitter:data1\" content=\"3 minutes\" \/>\n<script type=\"application\/ld+json\" class=\"yoast-schema-graph\">{\"@context\":\"https:\/\/schema.org\",\"@graph\":[{\"@type\":\"WebPage\",\"@id\":\"https:\/\/www.it.tarnow.pl\/en\/worth-seeing\/tarnow-13\/wooden-churches\/\",\"url\":\"https:\/\/www.it.tarnow.pl\/en\/worth-seeing\/tarnow-13\/wooden-churches\/\",\"name\":\"Wooden churches - Tarnowskie Centrum Informacji\",\"isPartOf\":{\"@id\":\"https:\/\/www.it.tarnow.pl\/#website\"},\"primaryImageOfPage\":{\"@id\":\"https:\/\/www.it.tarnow.pl\/en\/worth-seeing\/tarnow-13\/wooden-churches\/#primaryimage\"},\"image\":{\"@id\":\"https:\/\/www.it.tarnow.pl\/en\/worth-seeing\/tarnow-13\/wooden-churches\/#primaryimage\"},\"thumbnailUrl\":\"http:\/\/www.it.tarnow.pl\/wp-content\/uploads\/2019\/02\/TARNOW-Kosciol-p.w.-Matki-Bozej-Szkaplerznej-2-400x300.jpg\",\"datePublished\":\"2010-06-16T11:33:00+00:00\",\"dateModified\":\"2019-04-03T13:14:22+00:00\",\"breadcrumb\":{\"@id\":\"https:\/\/www.it.tarnow.pl\/en\/worth-seeing\/tarnow-13\/wooden-churches\/#breadcrumb\"},\"inLanguage\":\"en-US\",\"potentialAction\":[{\"@type\":\"ReadAction\",\"target\":[\"https:\/\/www.it.tarnow.pl\/en\/worth-seeing\/tarnow-13\/wooden-churches\/\"]}]},{\"@type\":\"ImageObject\",\"inLanguage\":\"en-US\",\"@id\":\"https:\/\/www.it.tarnow.pl\/en\/worth-seeing\/tarnow-13\/wooden-churches\/#primaryimage\",\"url\":\"http:\/\/www.it.tarnow.pl\/wp-content\/uploads\/2019\/02\/TARNOW-Kosciol-p.w.-Matki-Bozej-Szkaplerznej-2-400x300.jpg\",\"contentUrl\":\"http:\/\/www.it.tarnow.pl\/wp-content\/uploads\/2019\/02\/TARNOW-Kosciol-p.w.-Matki-Bozej-Szkaplerznej-2-400x300.jpg\"},{\"@type\":\"BreadcrumbList\",\"@id\":\"https:\/\/www.it.tarnow.pl\/en\/worth-seeing\/tarnow-13\/wooden-churches\/#breadcrumb\",\"itemListElement\":[{\"@type\":\"ListItem\",\"position\":1,\"name\":\"Home page\",\"item\":\"https:\/\/www.it.tarnow.pl\/en\/\"},{\"@type\":\"ListItem\",\"position\":2,\"name\":\"Worth seeing\",\"item\":\"https:\/\/www.it.tarnow.pl\/en\/worth-seeing\/\"},{\"@type\":\"ListItem\",\"position\":3,\"name\":\"Tarn\u00f3w\",\"item\":\"https:\/\/www.it.tarnow.pl\/en\/worth-seeing\/tarnow-13\/\"},{\"@type\":\"ListItem\",\"position\":4,\"name\":\"Wooden churches\"}]},{\"@type\":\"WebSite\",\"@id\":\"https:\/\/www.it.tarnow.pl\/#website\",\"url\":\"https:\/\/www.it.tarnow.pl\/\",\"name\":\"Tarnowskie Centrum Informacji\",\"description\":\"Informacja turystyczna o Tarnowie i regionie tarnowskim.\",\"potentialAction\":[{\"@type\":\"SearchAction\",\"target\":{\"@type\":\"EntryPoint\",\"urlTemplate\":\"https:\/\/www.it.tarnow.pl\/?s={search_term_string}\"},\"query-input\":{\"@type\":\"PropertyValueSpecification\",\"valueRequired\":true,\"valueName\":\"search_term_string\"}}],\"inLanguage\":\"en-US\"}]}<\/script>\n<!-- \/ Yoast SEO Premium plugin. -->","yoast_head_json":{"title":"Wooden churches - Tarnowskie Centrum Informacji","robots":{"index":"index","follow":"follow","max-snippet":"max-snippet:-1","max-image-preview":"max-image-preview:large","max-video-preview":"max-video-preview:-1"},"canonical":"https:\/\/www.it.tarnow.pl\/en\/worth-seeing\/tarnow-13\/wooden-churches\/","og_locale":"en_US","og_type":"article","og_title":"Wooden churches","og_description":"\u00a0 Blessed Virgin Mary church, originally dedicated to Our Lady of the Assumption, was likely built in 1458, by &#8220;6 peasants from the Major Suburb&#8221; of timber that had been [&hellip;]","og_url":"https:\/\/www.it.tarnow.pl\/en\/worth-seeing\/tarnow-13\/wooden-churches\/","og_site_name":"Tarnowskie Centrum Informacji","article_modified_time":"2019-04-03T13:14:22+00:00","og_image":[{"url":"http:\/\/www.it.tarnow.pl\/wp-content\/uploads\/2019\/02\/TARNOW-Kosciol-p.w.-Matki-Bozej-Szkaplerznej-2-400x300.jpg","type":"","width":"","height":""}],"twitter_card":"summary_large_image","twitter_misc":{"Est. reading time":"3 minutes"},"schema":{"@context":"https:\/\/schema.org","@graph":[{"@type":"WebPage","@id":"https:\/\/www.it.tarnow.pl\/en\/worth-seeing\/tarnow-13\/wooden-churches\/","url":"https:\/\/www.it.tarnow.pl\/en\/worth-seeing\/tarnow-13\/wooden-churches\/","name":"Wooden churches - Tarnowskie Centrum Informacji","isPartOf":{"@id":"https:\/\/www.it.tarnow.pl\/#website"},"primaryImageOfPage":{"@id":"https:\/\/www.it.tarnow.pl\/en\/worth-seeing\/tarnow-13\/wooden-churches\/#primaryimage"},"image":{"@id":"https:\/\/www.it.tarnow.pl\/en\/worth-seeing\/tarnow-13\/wooden-churches\/#primaryimage"},"thumbnailUrl":"http:\/\/www.it.tarnow.pl\/wp-content\/uploads\/2019\/02\/TARNOW-Kosciol-p.w.-Matki-Bozej-Szkaplerznej-2-400x300.jpg","datePublished":"2010-06-16T11:33:00+00:00","dateModified":"2019-04-03T13:14:22+00:00","breadcrumb":{"@id":"https:\/\/www.it.tarnow.pl\/en\/worth-seeing\/tarnow-13\/wooden-churches\/#breadcrumb"},"inLanguage":"en-US","potentialAction":[{"@type":"ReadAction","target":["https:\/\/www.it.tarnow.pl\/en\/worth-seeing\/tarnow-13\/wooden-churches\/"]}]},{"@type":"ImageObject","inLanguage":"en-US","@id":"https:\/\/www.it.tarnow.pl\/en\/worth-seeing\/tarnow-13\/wooden-churches\/#primaryimage","url":"http:\/\/www.it.tarnow.pl\/wp-content\/uploads\/2019\/02\/TARNOW-Kosciol-p.w.-Matki-Bozej-Szkaplerznej-2-400x300.jpg","contentUrl":"http:\/\/www.it.tarnow.pl\/wp-content\/uploads\/2019\/02\/TARNOW-Kosciol-p.w.-Matki-Bozej-Szkaplerznej-2-400x300.jpg"},{"@type":"BreadcrumbList","@id":"https:\/\/www.it.tarnow.pl\/en\/worth-seeing\/tarnow-13\/wooden-churches\/#breadcrumb","itemListElement":[{"@type":"ListItem","position":1,"name":"Home page","item":"https:\/\/www.it.tarnow.pl\/en\/"},{"@type":"ListItem","position":2,"name":"Worth seeing","item":"https:\/\/www.it.tarnow.pl\/en\/worth-seeing\/"},{"@type":"ListItem","position":3,"name":"Tarn\u00f3w","item":"https:\/\/www.it.tarnow.pl\/en\/worth-seeing\/tarnow-13\/"},{"@type":"ListItem","position":4,"name":"Wooden churches"}]},{"@type":"WebSite","@id":"https:\/\/www.it.tarnow.pl\/#website","url":"https:\/\/www.it.tarnow.pl\/","name":"Tarnowskie Centrum Informacji","description":"Informacja turystyczna o Tarnowie i regionie tarnowskim.","potentialAction":[{"@type":"SearchAction","target":{"@type":"EntryPoint","urlTemplate":"https:\/\/www.it.tarnow.pl\/?s={search_term_string}"},"query-input":{"@type":"PropertyValueSpecification","valueRequired":true,"valueName":"search_term_string"}}],"inLanguage":"en-US"}]}},"_links":{"self":[{"href":"https:\/\/www.it.tarnow.pl\/en\/wp-json\/wp\/v2\/pages\/9585","targetHints":{"allow":["GET"]}}],"collection":[{"href":"https:\/\/www.it.tarnow.pl\/en\/wp-json\/wp\/v2\/pages"}],"about":[{"href":"https:\/\/www.it.tarnow.pl\/en\/wp-json\/wp\/v2\/types\/page"}],"author":[{"embeddable":true,"href":"https:\/\/www.it.tarnow.pl\/en\/wp-json\/wp\/v2\/users\/1"}],"replies":[{"embeddable":true,"href":"https:\/\/www.it.tarnow.pl\/en\/wp-json\/wp\/v2\/comments?post=9585"}],"version-history":[{"count":0,"href":"https:\/\/www.it.tarnow.pl\/en\/wp-json\/wp\/v2\/pages\/9585\/revisions"}],"up":[{"embeddable":true,"href":"https:\/\/www.it.tarnow.pl\/en\/wp-json\/wp\/v2\/pages\/9565"}],"wp:attachment":[{"href":"https:\/\/www.it.tarnow.pl\/en\/wp-json\/wp\/v2\/media?parent=9585"}],"wp:term":[{"taxonomy":"post_tag","embeddable":true,"href":"https:\/\/www.it.tarnow.pl\/en\/wp-json\/wp\/v2\/tags?post=9585"}],"curies":[{"name":"wp","href":"https:\/\/api.w.org\/{rel}","templated":true}]}}