{"id":9583,"date":"2010-07-23T14:37:36","date_gmt":"2010-07-23T12:37:36","guid":{"rendered":"http:\/\/www.it.tarnow.pl\/green-area\/"},"modified":"2019-04-03T15:14:21","modified_gmt":"2019-04-03T13:14:21","slug":"green-area","status":"publish","type":"page","link":"https:\/\/www.it.tarnow.pl\/en\/worth-seeing\/tarnow-13\/historic-sites\/green-area\/","title":{"rendered":"Green Area"},"content":{"rendered":"<p>Once called \u201ePrincely\u201d or Rail\u201d, from the 9th of May 1889 is a city property and from the year 2004 it bears the name of J\u00f3zef Jakubowski, a local government activist and creator of the Municipal Museum, opened in 1927. In the eighties of the 19th century, green area was a frightful place for all those who on their way to or from the railway station, had to pass through the thick of bushes, which were an excellent hiding place for all sorts of villains and thugs. Once existing Prince Sanguszko Brewery pond, \u201ccruelly\u201d polluted the air while the brewery restaurant and beer garden made an excellent harbor for city inhabitants looking for adventure. Aniela Piszowa recalls that this place \u201dhad such nice guests that bloody fights often broke out and drownings in the pool were not infrequent.\u201d From the time of the decision made by Mayor Witold Rogoyski, gardener started to work in the green area and the brewery pond was systematically filled up with garbage brought in from the city. Despite that, after eight years this area still looked terrible. That\u2019s when, following an initiative of a local periodical \u201cPogo\u0144\u201d, green area was handed over for exploitation to the \u201choliday corps\u201d, a youth organization which operated in Tarn\u00f3w from 1890, and later to the whole Tarn\u00f3w Community. Thanks to the efforts of Ignacy Przyby\u0142kiewicz, a playing field was build, perfectly maintained it was a sharp contrast to the messy reality of the green area. Teenagers of both sexes trained in the field, guided by the \u201cIn a Healthy Body Healthy Spirit\u201d slogan. At the same time \u201cCyclist\u2019s Club\u201d was created for older participants. Sport activity brought about a change in the green area. Once considered the worst area in Tarn\u00f3w, it became a place where people met to watch sporting events. With time, alleys, paths and cut grass started to appear. The playing field, once named after Ignacy Przyby\u0142kiewicz, is used to this very day by the Municipal Sports Club \u201cTarnovia\u201d.<\/p>","protected":false},"excerpt":{"rendered":"Once called \u201ePrincely\u201d or Rail\u201d, from the 9th of May 1889 is a city property and from the year 2004 it bears the name of J\u00f3zef Jakubowski, a local government [&hellip;]","protected":false},"author":17,"featured_media":0,"parent":9569,"menu_order":662,"comment_status":"closed","ping_status":"closed","template":"","meta":{"_acf_changed":false,"footnotes":""},"tags":[],"class_list":["post-9583","page","type-page","status-publish","hentry"],"acf":{"in_menu":null,"show_date":null,"intro_text":"<p>Once called \u201ePrincely\u201d or Rail\u201d, from the 9th of May 1889 is a city property and from the year 2004 it bears the name of J\u00f3zef Jakubowski, a local government activist and creator of the Municipal Museum, opened in 1927. In the eighties of the 19th century, green area was a frightful place for all those who on their way to or from the railway station, had to pass through the thick of bushes, which were an excellent hiding place for all sorts of villains and thugs.<\/p>","map":null},"yoast_head":"<!-- This site is optimized with the Yoast SEO Premium plugin v25.4 (Yoast SEO v25.4) - https:\/\/yoast.com\/wordpress\/plugins\/seo\/ -->\n<title>Green Area - Tarnowskie Centrum Informacji<\/title>\n<meta name=\"robots\" content=\"index, follow, max-snippet:-1, max-image-preview:large, max-video-preview:-1\" \/>\n<link rel=\"canonical\" href=\"https:\/\/www.it.tarnow.pl\/en\/worth-seeing\/tarnow-13\/historic-sites\/green-area\/\" \/>\n<meta property=\"og:locale\" content=\"en_US\" \/>\n<meta property=\"og:type\" content=\"article\" \/>\n<meta property=\"og:title\" content=\"Green Area\" \/>\n<meta property=\"og:description\" content=\"Once called \u201ePrincely\u201d or Rail\u201d, from the 9th of May 1889 is a city property and from the year 2004 it bears the name of J\u00f3zef Jakubowski, a local government [&hellip;]\" \/>\n<meta property=\"og:url\" content=\"https:\/\/www.it.tarnow.pl\/en\/worth-seeing\/tarnow-13\/historic-sites\/green-area\/\" \/>\n<meta property=\"og:site_name\" content=\"Tarnowskie Centrum Informacji\" \/>\n<meta property=\"article:modified_time\" content=\"2019-04-03T13:14:21+00:00\" \/>\n<meta name=\"twitter:card\" content=\"summary_large_image\" \/>\n<meta name=\"twitter:label1\" content=\"Est. reading time\" \/>\n\t<meta name=\"twitter:data1\" content=\"2 minutes\" \/>\n<script type=\"application\/ld+json\" class=\"yoast-schema-graph\">{\"@context\":\"https:\/\/schema.org\",\"@graph\":[{\"@type\":\"WebPage\",\"@id\":\"https:\/\/www.it.tarnow.pl\/en\/worth-seeing\/tarnow-13\/historic-sites\/green-area\/\",\"url\":\"https:\/\/www.it.tarnow.pl\/en\/worth-seeing\/tarnow-13\/historic-sites\/green-area\/\",\"name\":\"Green Area - Tarnowskie Centrum Informacji\",\"isPartOf\":{\"@id\":\"https:\/\/www.it.tarnow.pl\/#website\"},\"datePublished\":\"2010-07-23T12:37:36+00:00\",\"dateModified\":\"2019-04-03T13:14:21+00:00\",\"breadcrumb\":{\"@id\":\"https:\/\/www.it.tarnow.pl\/en\/worth-seeing\/tarnow-13\/historic-sites\/green-area\/#breadcrumb\"},\"inLanguage\":\"en-US\",\"potentialAction\":[{\"@type\":\"ReadAction\",\"target\":[\"https:\/\/www.it.tarnow.pl\/en\/worth-seeing\/tarnow-13\/historic-sites\/green-area\/\"]}]},{\"@type\":\"BreadcrumbList\",\"@id\":\"https:\/\/www.it.tarnow.pl\/en\/worth-seeing\/tarnow-13\/historic-sites\/green-area\/#breadcrumb\",\"itemListElement\":[{\"@type\":\"ListItem\",\"position\":1,\"name\":\"Home page\",\"item\":\"https:\/\/www.it.tarnow.pl\/en\/\"},{\"@type\":\"ListItem\",\"position\":2,\"name\":\"Worth seeing\",\"item\":\"https:\/\/www.it.tarnow.pl\/en\/worth-seeing\/\"},{\"@type\":\"ListItem\",\"position\":3,\"name\":\"Tarn\u00f3w\",\"item\":\"https:\/\/www.it.tarnow.pl\/en\/worth-seeing\/tarnow-13\/\"},{\"@type\":\"ListItem\",\"position\":4,\"name\":\"Historic sites\",\"item\":\"https:\/\/www.it.tarnow.pl\/en\/worth-seeing\/tarnow-13\/historic-sites\/\"},{\"@type\":\"ListItem\",\"position\":5,\"name\":\"Green Area\"}]},{\"@type\":\"WebSite\",\"@id\":\"https:\/\/www.it.tarnow.pl\/#website\",\"url\":\"https:\/\/www.it.tarnow.pl\/\",\"name\":\"Tarnowskie Centrum Informacji\",\"description\":\"Informacja turystyczna o Tarnowie i regionie tarnowskim.\",\"potentialAction\":[{\"@type\":\"SearchAction\",\"target\":{\"@type\":\"EntryPoint\",\"urlTemplate\":\"https:\/\/www.it.tarnow.pl\/?s={search_term_string}\"},\"query-input\":{\"@type\":\"PropertyValueSpecification\",\"valueRequired\":true,\"valueName\":\"search_term_string\"}}],\"inLanguage\":\"en-US\"}]}<\/script>\n<!-- \/ Yoast SEO Premium plugin. -->","yoast_head_json":{"title":"Green Area - Tarnowskie Centrum Informacji","robots":{"index":"index","follow":"follow","max-snippet":"max-snippet:-1","max-image-preview":"max-image-preview:large","max-video-preview":"max-video-preview:-1"},"canonical":"https:\/\/www.it.tarnow.pl\/en\/worth-seeing\/tarnow-13\/historic-sites\/green-area\/","og_locale":"en_US","og_type":"article","og_title":"Green Area","og_description":"Once called \u201ePrincely\u201d or Rail\u201d, from the 9th of May 1889 is a city property and from the year 2004 it bears the name of J\u00f3zef Jakubowski, a local government [&hellip;]","og_url":"https:\/\/www.it.tarnow.pl\/en\/worth-seeing\/tarnow-13\/historic-sites\/green-area\/","og_site_name":"Tarnowskie Centrum Informacji","article_modified_time":"2019-04-03T13:14:21+00:00","twitter_card":"summary_large_image","twitter_misc":{"Est. reading time":"2 minutes"},"schema":{"@context":"https:\/\/schema.org","@graph":[{"@type":"WebPage","@id":"https:\/\/www.it.tarnow.pl\/en\/worth-seeing\/tarnow-13\/historic-sites\/green-area\/","url":"https:\/\/www.it.tarnow.pl\/en\/worth-seeing\/tarnow-13\/historic-sites\/green-area\/","name":"Green Area - Tarnowskie Centrum Informacji","isPartOf":{"@id":"https:\/\/www.it.tarnow.pl\/#website"},"datePublished":"2010-07-23T12:37:36+00:00","dateModified":"2019-04-03T13:14:21+00:00","breadcrumb":{"@id":"https:\/\/www.it.tarnow.pl\/en\/worth-seeing\/tarnow-13\/historic-sites\/green-area\/#breadcrumb"},"inLanguage":"en-US","potentialAction":[{"@type":"ReadAction","target":["https:\/\/www.it.tarnow.pl\/en\/worth-seeing\/tarnow-13\/historic-sites\/green-area\/"]}]},{"@type":"BreadcrumbList","@id":"https:\/\/www.it.tarnow.pl\/en\/worth-seeing\/tarnow-13\/historic-sites\/green-area\/#breadcrumb","itemListElement":[{"@type":"ListItem","position":1,"name":"Home page","item":"https:\/\/www.it.tarnow.pl\/en\/"},{"@type":"ListItem","position":2,"name":"Worth seeing","item":"https:\/\/www.it.tarnow.pl\/en\/worth-seeing\/"},{"@type":"ListItem","position":3,"name":"Tarn\u00f3w","item":"https:\/\/www.it.tarnow.pl\/en\/worth-seeing\/tarnow-13\/"},{"@type":"ListItem","position":4,"name":"Historic sites","item":"https:\/\/www.it.tarnow.pl\/en\/worth-seeing\/tarnow-13\/historic-sites\/"},{"@type":"ListItem","position":5,"name":"Green Area"}]},{"@type":"WebSite","@id":"https:\/\/www.it.tarnow.pl\/#website","url":"https:\/\/www.it.tarnow.pl\/","name":"Tarnowskie Centrum Informacji","description":"Informacja turystyczna o Tarnowie i regionie tarnowskim.","potentialAction":[{"@type":"SearchAction","target":{"@type":"EntryPoint","urlTemplate":"https:\/\/www.it.tarnow.pl\/?s={search_term_string}"},"query-input":{"@type":"PropertyValueSpecification","valueRequired":true,"valueName":"search_term_string"}}],"inLanguage":"en-US"}]}},"_links":{"self":[{"href":"https:\/\/www.it.tarnow.pl\/en\/wp-json\/wp\/v2\/pages\/9583","targetHints":{"allow":["GET"]}}],"collection":[{"href":"https:\/\/www.it.tarnow.pl\/en\/wp-json\/wp\/v2\/pages"}],"about":[{"href":"https:\/\/www.it.tarnow.pl\/en\/wp-json\/wp\/v2\/types\/page"}],"author":[{"embeddable":true,"href":"https:\/\/www.it.tarnow.pl\/en\/wp-json\/wp\/v2\/users\/17"}],"replies":[{"embeddable":true,"href":"https:\/\/www.it.tarnow.pl\/en\/wp-json\/wp\/v2\/comments?post=9583"}],"version-history":[{"count":0,"href":"https:\/\/www.it.tarnow.pl\/en\/wp-json\/wp\/v2\/pages\/9583\/revisions"}],"up":[{"embeddable":true,"href":"https:\/\/www.it.tarnow.pl\/en\/wp-json\/wp\/v2\/pages\/9569"}],"wp:attachment":[{"href":"https:\/\/www.it.tarnow.pl\/en\/wp-json\/wp\/v2\/media?parent=9583"}],"wp:term":[{"taxonomy":"post_tag","embeddable":true,"href":"https:\/\/www.it.tarnow.pl\/en\/wp-json\/wp\/v2\/tags?post=9583"}],"curies":[{"name":"wp","href":"https:\/\/api.w.org\/{rel}","templated":true}]}}