{"id":9576,"date":"2010-07-23T14:26:59","date_gmt":"2010-07-23T12:26:59","guid":{"rendered":"http:\/\/www.it.tarnow.pl\/strzelecki-park\/"},"modified":"2019-04-03T15:14:18","modified_gmt":"2019-04-03T13:14:18","slug":"strzelecki-park","status":"publish","type":"page","link":"https:\/\/www.it.tarnow.pl\/en\/worth-seeing\/tarnow-13\/historic-sites\/strzelecki-park\/","title":{"rendered":"Strzelecki Park"},"content":{"rendered":"<img loading=\"lazy\" decoding=\"async\" width=\"300\" height=\"225\" class=\"size-medium alignleft wp-image-35776\" src=\"http:\/\/www.it.tarnow.pl\/wp-content\/uploads\/2019\/02\/Strzelecki_Park-300x225.jpg\" alt=\"\" srcset=\"https:\/\/www.it.tarnow.pl\/wp-content\/uploads\/2019\/02\/Strzelecki_Park-300x225.jpg 300w, https:\/\/www.it.tarnow.pl\/wp-content\/uploads\/2019\/02\/Strzelecki_Park.jpg 640w\" sizes=\"auto, (max-width: 300px) 100vw, 300px\" \/><p>Municipal park in Tarn\u00f3w was set up in 1866. Franciszek Herzig states: \u201dThis year, on the grounds of an old Podwale Dykson\u00f3wka farm, donated by the city, a shooting range for the shooting association was established, it was also decided that a park will be setup right beside the range.\u201d The author of the park\u2019s design was Antoni Schmidt, a gardener from Krosno. The park did not undergo any changes for a longer period of time. However its internal layout kept getting more complicated with time. On a city map from around 1878 internal layout of the park can be seen. Garden was located on a swampy and picturesque rectangular piece of land in the northern side of the city. This land was, in its southern part, elevated with a short and steep southern slope and an easy and long northern slope. Garden area was divided into a walking garden on the east and a working garden on the west. Working garden was divided into a tree nursery and a vegetable garden located in the north-western side. <\/p> <img loading=\"lazy\" decoding=\"async\" width=\"300\" height=\"223\" class=\"size-medium alignright wp-image-35781\" src=\"http:\/\/www.it.tarnow.pl\/wp-content\/uploads\/2019\/02\/Bem_Mausoleum_small-1-300x223.jpg\" alt=\"\" srcset=\"https:\/\/www.it.tarnow.pl\/wp-content\/uploads\/2019\/02\/Bem_Mausoleum_small-1-300x223.jpg 300w, https:\/\/www.it.tarnow.pl\/wp-content\/uploads\/2019\/02\/Bem_Mausoleum_small-1.jpg 640w\" sizes=\"auto, (max-width: 300px) 100vw, 300px\" \/><p>Shooting range building was located in the south-western part and an open range was located right next to it to the north. Main gate was located on the corner of Seminaryjska (Pi\u0142sudskiego) and Kurkowa (S\u0142owackiego) streets. Park\u2019s plan tied into this setup through two straight avenues which ran perpendicularly to these two roads, creating a passage to a further, irregular, layout of park\u2019s alleys. Internal layout of avenues, grass carpets and bushes, contained countless surprises and changing views, brought about by a specific location of hedges. Today Strzelecki park is accessible through 4 main gates, two of those are located on Romanowicza street, and one on S\u0142owackiego and one on Pi\u0142sudskiego streets. Currently Strzelecki Park is a place where Tarn\u00f3w\u2019s families go for family walks.<\/p>\n<p>\u00a0<\/p>\n<p><b>The Building of the Shooting Brotherhood<\/b><\/p> <img loading=\"lazy\" decoding=\"async\" width=\"300\" height=\"200\" class=\"size-medium alignright wp-image-21443\" src=\"http:\/\/www.it.tarnow.pl\/wp-content\/uploads\/2019\/02\/Budynek-Bractwa-Strzeleckiego-1-300x200.jpg\" alt=\"\"><p>The glorious traditions, originating as long ago as the Medieval Ages, of the Brotherhood of the Rooster [Bractwo Kurkowe] were continued by the Shooting Association established in 1845 on the basis of a decree of the Galician Gubernium [Gubernium Galicyjskie] (gubernium &#8211; unit of local administration in Austria functioning in 18th and 19th century). The real reason for resuming the activity of the Brotherhood of the Rooster &#8211; preparation of civilians for possible military actions aimed at regaining the independence of Poland &#8211; was concealed under a laconic provision of the statute on \u201cdecent and orderly entertainment involving shooting at the shooting target\u201d. <\/p>\n<p>Owing to the benevolence of the authorities of the city of Tarn\u00f3w, including the personal one of the contemporary mayor, J\u00f3zef P\u0119dracki, in 1866, the city gave the Association 14 morgen (ca. 8 ha) of land within the area of old city farm, Podwale &#8211; Dykson\u00f3wka. In the same year, the building of a shooting range was put into operation and its neo-Gothic structure survived until today. The author of the design could have been Franciszek Lanci or his imitator. The plastered fa\u00e7ade of the building is furnished with battlements. Slender turrets divide the elevation providing the building with monumental character. The large room, which covers almost half of the building, served both as an indoor shooting range and a ballroom. <\/p>\n<p>On the eastern elevation, there is a plaque commemorating J\u00f3zef P\u0119dracki which was built in in 1888 owing to the efforts of the members of the Shooting Association. <\/p>\n<p>Here, during the night of 30th October 1918, ca. 200 young people from the National Emergency Squads of the Polish Scouts [Harcerskie Pogotowie Narodowe] and POWs were put up in barracks and the following day, they conducted the operation of disarming the Austrians and taking over the civil administration in the city. <\/p>\n<p>After the II World War, this building was the first seat of the Youth Centre and the Tarn\u00f3w District of the Polish Scouting and Guiding Association. Currently, there is the Office of Artistic Exhibitions &#8211; the City Gallery in Tarn\u00f3w. <\/p>","protected":false},"excerpt":{"rendered":"Municipal park in Tarn\u00f3w was set up in 1866. Franciszek Herzig states: \u201dThis year, on the grounds of an old Podwale Dykson\u00f3wka farm, donated by the city, a shooting range [&hellip;]","protected":false},"author":17,"featured_media":0,"parent":9569,"menu_order":798,"comment_status":"closed","ping_status":"closed","template":"","meta":{"_acf_changed":false,"footnotes":""},"tags":[],"class_list":["post-9576","page","type-page","status-publish","hentry"],"acf":{"in_menu":null,"show_date":null,"intro_text":"<img class=\"size-small alignleft wp-image-35776\" src=\"http:\/\/www.it.tarnow.pl\/wp-content\/uploads\/2019\/02\/Strzelecki_Park-150x150.jpg\" alt=\"\"><p>Municipal park in Tarn\u00f3w was set up in 1866. Franciszek Herzig states: \u201dThis year, on the grounds of an old Podwale Dykson\u00f3wka farm, donated by the city, a shooting range for the shooting association was established, it was also decided that a park will be setup right beside the range.\u201d The author of the park\u2019s design was Antoni Schmidt, a gardener from Krosno.<\/p>","map":null},"yoast_head":"<!-- This site is optimized with the Yoast SEO Premium plugin v25.4 (Yoast SEO v25.4) - https:\/\/yoast.com\/wordpress\/plugins\/seo\/ -->\n<title>Strzelecki Park - Tarnowskie Centrum Informacji<\/title>\n<meta name=\"robots\" content=\"index, follow, max-snippet:-1, max-image-preview:large, max-video-preview:-1\" \/>\n<link rel=\"canonical\" href=\"https:\/\/www.it.tarnow.pl\/en\/worth-seeing\/tarnow-13\/historic-sites\/strzelecki-park\/\" \/>\n<meta property=\"og:locale\" content=\"en_US\" \/>\n<meta property=\"og:type\" content=\"article\" \/>\n<meta property=\"og:title\" content=\"Strzelecki Park\" \/>\n<meta property=\"og:description\" content=\"Municipal park in Tarn\u00f3w was set up in 1866. Franciszek Herzig states: \u201dThis year, on the grounds of an old Podwale Dykson\u00f3wka farm, donated by the city, a shooting range [&hellip;]\" \/>\n<meta property=\"og:url\" content=\"https:\/\/www.it.tarnow.pl\/en\/worth-seeing\/tarnow-13\/historic-sites\/strzelecki-park\/\" \/>\n<meta property=\"og:site_name\" content=\"Tarnowskie Centrum Informacji\" \/>\n<meta property=\"article:modified_time\" content=\"2019-04-03T13:14:18+00:00\" \/>\n<meta property=\"og:image\" content=\"http:\/\/www.it.tarnow.pl\/wp-content\/uploads\/2019\/02\/Strzelecki_Park-300x225.jpg\" \/>\n<meta name=\"twitter:card\" content=\"summary_large_image\" \/>\n<meta name=\"twitter:label1\" content=\"Est. reading time\" \/>\n\t<meta name=\"twitter:data1\" content=\"3 minutes\" \/>\n<script type=\"application\/ld+json\" class=\"yoast-schema-graph\">{\"@context\":\"https:\/\/schema.org\",\"@graph\":[{\"@type\":\"WebPage\",\"@id\":\"https:\/\/www.it.tarnow.pl\/en\/worth-seeing\/tarnow-13\/historic-sites\/strzelecki-park\/\",\"url\":\"https:\/\/www.it.tarnow.pl\/en\/worth-seeing\/tarnow-13\/historic-sites\/strzelecki-park\/\",\"name\":\"Strzelecki Park - Tarnowskie Centrum Informacji\",\"isPartOf\":{\"@id\":\"https:\/\/www.it.tarnow.pl\/#website\"},\"primaryImageOfPage\":{\"@id\":\"https:\/\/www.it.tarnow.pl\/en\/worth-seeing\/tarnow-13\/historic-sites\/strzelecki-park\/#primaryimage\"},\"image\":{\"@id\":\"https:\/\/www.it.tarnow.pl\/en\/worth-seeing\/tarnow-13\/historic-sites\/strzelecki-park\/#primaryimage\"},\"thumbnailUrl\":\"http:\/\/www.it.tarnow.pl\/wp-content\/uploads\/2019\/02\/Strzelecki_Park-300x225.jpg\",\"datePublished\":\"2010-07-23T12:26:59+00:00\",\"dateModified\":\"2019-04-03T13:14:18+00:00\",\"breadcrumb\":{\"@id\":\"https:\/\/www.it.tarnow.pl\/en\/worth-seeing\/tarnow-13\/historic-sites\/strzelecki-park\/#breadcrumb\"},\"inLanguage\":\"en-US\",\"potentialAction\":[{\"@type\":\"ReadAction\",\"target\":[\"https:\/\/www.it.tarnow.pl\/en\/worth-seeing\/tarnow-13\/historic-sites\/strzelecki-park\/\"]}]},{\"@type\":\"ImageObject\",\"inLanguage\":\"en-US\",\"@id\":\"https:\/\/www.it.tarnow.pl\/en\/worth-seeing\/tarnow-13\/historic-sites\/strzelecki-park\/#primaryimage\",\"url\":\"http:\/\/www.it.tarnow.pl\/wp-content\/uploads\/2019\/02\/Strzelecki_Park-300x225.jpg\",\"contentUrl\":\"http:\/\/www.it.tarnow.pl\/wp-content\/uploads\/2019\/02\/Strzelecki_Park-300x225.jpg\"},{\"@type\":\"BreadcrumbList\",\"@id\":\"https:\/\/www.it.tarnow.pl\/en\/worth-seeing\/tarnow-13\/historic-sites\/strzelecki-park\/#breadcrumb\",\"itemListElement\":[{\"@type\":\"ListItem\",\"position\":1,\"name\":\"Home page\",\"item\":\"https:\/\/www.it.tarnow.pl\/en\/\"},{\"@type\":\"ListItem\",\"position\":2,\"name\":\"Worth seeing\",\"item\":\"https:\/\/www.it.tarnow.pl\/en\/worth-seeing\/\"},{\"@type\":\"ListItem\",\"position\":3,\"name\":\"Tarn\u00f3w\",\"item\":\"https:\/\/www.it.tarnow.pl\/en\/worth-seeing\/tarnow-13\/\"},{\"@type\":\"ListItem\",\"position\":4,\"name\":\"Historic sites\",\"item\":\"https:\/\/www.it.tarnow.pl\/en\/worth-seeing\/tarnow-13\/historic-sites\/\"},{\"@type\":\"ListItem\",\"position\":5,\"name\":\"Strzelecki Park\"}]},{\"@type\":\"WebSite\",\"@id\":\"https:\/\/www.it.tarnow.pl\/#website\",\"url\":\"https:\/\/www.it.tarnow.pl\/\",\"name\":\"Tarnowskie Centrum Informacji\",\"description\":\"Informacja turystyczna o Tarnowie i regionie tarnowskim.\",\"potentialAction\":[{\"@type\":\"SearchAction\",\"target\":{\"@type\":\"EntryPoint\",\"urlTemplate\":\"https:\/\/www.it.tarnow.pl\/?s={search_term_string}\"},\"query-input\":{\"@type\":\"PropertyValueSpecification\",\"valueRequired\":true,\"valueName\":\"search_term_string\"}}],\"inLanguage\":\"en-US\"}]}<\/script>\n<!-- \/ Yoast SEO Premium plugin. -->","yoast_head_json":{"title":"Strzelecki Park - Tarnowskie Centrum Informacji","robots":{"index":"index","follow":"follow","max-snippet":"max-snippet:-1","max-image-preview":"max-image-preview:large","max-video-preview":"max-video-preview:-1"},"canonical":"https:\/\/www.it.tarnow.pl\/en\/worth-seeing\/tarnow-13\/historic-sites\/strzelecki-park\/","og_locale":"en_US","og_type":"article","og_title":"Strzelecki Park","og_description":"Municipal park in Tarn\u00f3w was set up in 1866. Franciszek Herzig states: \u201dThis year, on the grounds of an old Podwale Dykson\u00f3wka farm, donated by the city, a shooting range [&hellip;]","og_url":"https:\/\/www.it.tarnow.pl\/en\/worth-seeing\/tarnow-13\/historic-sites\/strzelecki-park\/","og_site_name":"Tarnowskie Centrum Informacji","article_modified_time":"2019-04-03T13:14:18+00:00","og_image":[{"url":"http:\/\/www.it.tarnow.pl\/wp-content\/uploads\/2019\/02\/Strzelecki_Park-300x225.jpg","type":"","width":"","height":""}],"twitter_card":"summary_large_image","twitter_misc":{"Est. reading time":"3 minutes"},"schema":{"@context":"https:\/\/schema.org","@graph":[{"@type":"WebPage","@id":"https:\/\/www.it.tarnow.pl\/en\/worth-seeing\/tarnow-13\/historic-sites\/strzelecki-park\/","url":"https:\/\/www.it.tarnow.pl\/en\/worth-seeing\/tarnow-13\/historic-sites\/strzelecki-park\/","name":"Strzelecki Park - Tarnowskie Centrum Informacji","isPartOf":{"@id":"https:\/\/www.it.tarnow.pl\/#website"},"primaryImageOfPage":{"@id":"https:\/\/www.it.tarnow.pl\/en\/worth-seeing\/tarnow-13\/historic-sites\/strzelecki-park\/#primaryimage"},"image":{"@id":"https:\/\/www.it.tarnow.pl\/en\/worth-seeing\/tarnow-13\/historic-sites\/strzelecki-park\/#primaryimage"},"thumbnailUrl":"http:\/\/www.it.tarnow.pl\/wp-content\/uploads\/2019\/02\/Strzelecki_Park-300x225.jpg","datePublished":"2010-07-23T12:26:59+00:00","dateModified":"2019-04-03T13:14:18+00:00","breadcrumb":{"@id":"https:\/\/www.it.tarnow.pl\/en\/worth-seeing\/tarnow-13\/historic-sites\/strzelecki-park\/#breadcrumb"},"inLanguage":"en-US","potentialAction":[{"@type":"ReadAction","target":["https:\/\/www.it.tarnow.pl\/en\/worth-seeing\/tarnow-13\/historic-sites\/strzelecki-park\/"]}]},{"@type":"ImageObject","inLanguage":"en-US","@id":"https:\/\/www.it.tarnow.pl\/en\/worth-seeing\/tarnow-13\/historic-sites\/strzelecki-park\/#primaryimage","url":"http:\/\/www.it.tarnow.pl\/wp-content\/uploads\/2019\/02\/Strzelecki_Park-300x225.jpg","contentUrl":"http:\/\/www.it.tarnow.pl\/wp-content\/uploads\/2019\/02\/Strzelecki_Park-300x225.jpg"},{"@type":"BreadcrumbList","@id":"https:\/\/www.it.tarnow.pl\/en\/worth-seeing\/tarnow-13\/historic-sites\/strzelecki-park\/#breadcrumb","itemListElement":[{"@type":"ListItem","position":1,"name":"Home page","item":"https:\/\/www.it.tarnow.pl\/en\/"},{"@type":"ListItem","position":2,"name":"Worth seeing","item":"https:\/\/www.it.tarnow.pl\/en\/worth-seeing\/"},{"@type":"ListItem","position":3,"name":"Tarn\u00f3w","item":"https:\/\/www.it.tarnow.pl\/en\/worth-seeing\/tarnow-13\/"},{"@type":"ListItem","position":4,"name":"Historic sites","item":"https:\/\/www.it.tarnow.pl\/en\/worth-seeing\/tarnow-13\/historic-sites\/"},{"@type":"ListItem","position":5,"name":"Strzelecki Park"}]},{"@type":"WebSite","@id":"https:\/\/www.it.tarnow.pl\/#website","url":"https:\/\/www.it.tarnow.pl\/","name":"Tarnowskie Centrum Informacji","description":"Informacja turystyczna o Tarnowie i regionie tarnowskim.","potentialAction":[{"@type":"SearchAction","target":{"@type":"EntryPoint","urlTemplate":"https:\/\/www.it.tarnow.pl\/?s={search_term_string}"},"query-input":{"@type":"PropertyValueSpecification","valueRequired":true,"valueName":"search_term_string"}}],"inLanguage":"en-US"}]}},"_links":{"self":[{"href":"https:\/\/www.it.tarnow.pl\/en\/wp-json\/wp\/v2\/pages\/9576","targetHints":{"allow":["GET"]}}],"collection":[{"href":"https:\/\/www.it.tarnow.pl\/en\/wp-json\/wp\/v2\/pages"}],"about":[{"href":"https:\/\/www.it.tarnow.pl\/en\/wp-json\/wp\/v2\/types\/page"}],"author":[{"embeddable":true,"href":"https:\/\/www.it.tarnow.pl\/en\/wp-json\/wp\/v2\/users\/17"}],"replies":[{"embeddable":true,"href":"https:\/\/www.it.tarnow.pl\/en\/wp-json\/wp\/v2\/comments?post=9576"}],"version-history":[{"count":0,"href":"https:\/\/www.it.tarnow.pl\/en\/wp-json\/wp\/v2\/pages\/9576\/revisions"}],"up":[{"embeddable":true,"href":"https:\/\/www.it.tarnow.pl\/en\/wp-json\/wp\/v2\/pages\/9569"}],"wp:attachment":[{"href":"https:\/\/www.it.tarnow.pl\/en\/wp-json\/wp\/v2\/media?parent=9576"}],"wp:term":[{"taxonomy":"post_tag","embeddable":true,"href":"https:\/\/www.it.tarnow.pl\/en\/wp-json\/wp\/v2\/tags?post=9576"}],"curies":[{"name":"wp","href":"https:\/\/api.w.org\/{rel}","templated":true}]}}