{"id":9575,"date":"2010-07-23T14:25:57","date_gmt":"2010-07-23T12:25:57","guid":{"rendered":"http:\/\/www.it.tarnow.pl\/district-and-county-seat-sobieski-square\/"},"modified":"2019-04-03T15:14:17","modified_gmt":"2019-04-03T13:14:17","slug":"district-and-county-seat-sobieski-square","status":"publish","type":"page","link":"https:\/\/www.it.tarnow.pl\/en\/worth-seeing\/tarnow-13\/historic-sites\/district-and-county-seat-sobieski-square\/","title":{"rendered":"District and county seat, Sobieski square"},"content":{"rendered":"<p>South side of the Sobieski square is decorated by a building with a structurally complicated facade, constructed in the spirit of historical architecture. This building, for a very long time, served the local community as one of the most important public buildings. For over 100 years it was the seat of the County Government, and from 1867 (after Galicia gained autonomy) it served as the seat of the Tarn\u00f3w District Government. Originally, in the first years of its existence, it was an impressive classicist magnate residence. It was build in the mid-eighties of the 18th century, by the last, private at that time, owner of Tarn\u00f3w, Prince Hieronim Sanguszko, who as the first from his family, decided to permanently settle in Tarn\u00f3w. It was designed as a single storey palace, with a 10 axis facade a spacious hall in the middle and located behind the Krakowska Gate, right next to the Austrians build, imperial track, connecting Krak\u00f3w and Lvov with Vienna. City map form 1796, informs about the existence of the palace. Sanguszko family lived in this place for only few years. At the beginning of the century they moved to the \u201cNikelsonowski\u201d tenement house on the Main Square 4, and later to, build by them, villa in Gumniska. At the beginning of the second decade of the 19th century, Eustachy Sanguszko, builder\u2019s son, sold the building to Austrian occupational authorities, which converted it to a county seat, with rooms for the county prefect and thirty county and court officials. Around 1870, the palace was greatly enlarged, it was extended in eastern and western directions. Second floor was added and the old hall was converted into offices. Added space greatly disrupted the look of the building and that is why at the beginning of the last century Austrian district authorities decided to give it a uniform look in accordance with the esthetics of that time. The assignment was given to the manager of the civil engineering in Tarn\u00f3w, Szcz\u0119sny Zar\u0119ba, who designed the new, kept till this day, architectural layout of the building.<\/p>","protected":false},"excerpt":{"rendered":"South side of the Sobieski square is decorated by a building with a structurally complicated facade, constructed in the spirit of historical architecture. This building, for a very long time, [&hellip;]","protected":false},"author":17,"featured_media":0,"parent":9569,"menu_order":647,"comment_status":"closed","ping_status":"closed","template":"","meta":{"_acf_changed":false,"footnotes":""},"tags":[],"class_list":["post-9575","page","type-page","status-publish","hentry"],"acf":{"in_menu":null,"show_date":null,"intro_text":"<p>South side of the Sobieski square is decorated by a building with a structurally complicated facade, constructed in the spirit of historical architecture. This building, for a very long time, served the local community as one of the most important public buildings. For over 100 years it was the seat of the County Government, and from 1867 (after Galicia gained autonomy) it served as the seat of the Tarn\u00f3w District Government.\ufeff<\/p>","map":null},"yoast_head":"<!-- This site is optimized with the Yoast SEO Premium plugin v25.4 (Yoast SEO v25.4) - https:\/\/yoast.com\/wordpress\/plugins\/seo\/ -->\n<title>District and county seat, Sobieski square - Tarnowskie Centrum Informacji<\/title>\n<meta name=\"robots\" content=\"index, follow, max-snippet:-1, max-image-preview:large, max-video-preview:-1\" \/>\n<link rel=\"canonical\" href=\"https:\/\/www.it.tarnow.pl\/en\/worth-seeing\/tarnow-13\/historic-sites\/district-and-county-seat-sobieski-square\/\" \/>\n<meta property=\"og:locale\" content=\"en_US\" \/>\n<meta property=\"og:type\" content=\"article\" \/>\n<meta property=\"og:title\" content=\"District and county seat, Sobieski square\" \/>\n<meta property=\"og:description\" content=\"South side of the Sobieski square is decorated by a building with a structurally complicated facade, constructed in the spirit of historical architecture. This building, for a very long time, [&hellip;]\" \/>\n<meta property=\"og:url\" content=\"https:\/\/www.it.tarnow.pl\/en\/worth-seeing\/tarnow-13\/historic-sites\/district-and-county-seat-sobieski-square\/\" \/>\n<meta property=\"og:site_name\" content=\"Tarnowskie Centrum Informacji\" \/>\n<meta property=\"article:modified_time\" content=\"2019-04-03T13:14:17+00:00\" \/>\n<meta name=\"twitter:card\" content=\"summary_large_image\" \/>\n<meta name=\"twitter:label1\" content=\"Est. reading time\" \/>\n\t<meta name=\"twitter:data1\" content=\"2 minutes\" \/>\n<script type=\"application\/ld+json\" class=\"yoast-schema-graph\">{\"@context\":\"https:\/\/schema.org\",\"@graph\":[{\"@type\":\"WebPage\",\"@id\":\"https:\/\/www.it.tarnow.pl\/en\/worth-seeing\/tarnow-13\/historic-sites\/district-and-county-seat-sobieski-square\/\",\"url\":\"https:\/\/www.it.tarnow.pl\/en\/worth-seeing\/tarnow-13\/historic-sites\/district-and-county-seat-sobieski-square\/\",\"name\":\"District and county seat, Sobieski square - Tarnowskie Centrum Informacji\",\"isPartOf\":{\"@id\":\"https:\/\/www.it.tarnow.pl\/#website\"},\"datePublished\":\"2010-07-23T12:25:57+00:00\",\"dateModified\":\"2019-04-03T13:14:17+00:00\",\"breadcrumb\":{\"@id\":\"https:\/\/www.it.tarnow.pl\/en\/worth-seeing\/tarnow-13\/historic-sites\/district-and-county-seat-sobieski-square\/#breadcrumb\"},\"inLanguage\":\"en-US\",\"potentialAction\":[{\"@type\":\"ReadAction\",\"target\":[\"https:\/\/www.it.tarnow.pl\/en\/worth-seeing\/tarnow-13\/historic-sites\/district-and-county-seat-sobieski-square\/\"]}]},{\"@type\":\"BreadcrumbList\",\"@id\":\"https:\/\/www.it.tarnow.pl\/en\/worth-seeing\/tarnow-13\/historic-sites\/district-and-county-seat-sobieski-square\/#breadcrumb\",\"itemListElement\":[{\"@type\":\"ListItem\",\"position\":1,\"name\":\"Home page\",\"item\":\"https:\/\/www.it.tarnow.pl\/en\/\"},{\"@type\":\"ListItem\",\"position\":2,\"name\":\"Worth seeing\",\"item\":\"https:\/\/www.it.tarnow.pl\/en\/worth-seeing\/\"},{\"@type\":\"ListItem\",\"position\":3,\"name\":\"Tarn\u00f3w\",\"item\":\"https:\/\/www.it.tarnow.pl\/en\/worth-seeing\/tarnow-13\/\"},{\"@type\":\"ListItem\",\"position\":4,\"name\":\"Historic sites\",\"item\":\"https:\/\/www.it.tarnow.pl\/en\/worth-seeing\/tarnow-13\/historic-sites\/\"},{\"@type\":\"ListItem\",\"position\":5,\"name\":\"District and county seat, Sobieski square\"}]},{\"@type\":\"WebSite\",\"@id\":\"https:\/\/www.it.tarnow.pl\/#website\",\"url\":\"https:\/\/www.it.tarnow.pl\/\",\"name\":\"Tarnowskie Centrum Informacji\",\"description\":\"Informacja turystyczna o Tarnowie i regionie tarnowskim.\",\"potentialAction\":[{\"@type\":\"SearchAction\",\"target\":{\"@type\":\"EntryPoint\",\"urlTemplate\":\"https:\/\/www.it.tarnow.pl\/?s={search_term_string}\"},\"query-input\":{\"@type\":\"PropertyValueSpecification\",\"valueRequired\":true,\"valueName\":\"search_term_string\"}}],\"inLanguage\":\"en-US\"}]}<\/script>\n<!-- \/ Yoast SEO Premium plugin. -->","yoast_head_json":{"title":"District and county seat, Sobieski square - Tarnowskie Centrum Informacji","robots":{"index":"index","follow":"follow","max-snippet":"max-snippet:-1","max-image-preview":"max-image-preview:large","max-video-preview":"max-video-preview:-1"},"canonical":"https:\/\/www.it.tarnow.pl\/en\/worth-seeing\/tarnow-13\/historic-sites\/district-and-county-seat-sobieski-square\/","og_locale":"en_US","og_type":"article","og_title":"District and county seat, Sobieski square","og_description":"South side of the Sobieski square is decorated by a building with a structurally complicated facade, constructed in the spirit of historical architecture. This building, for a very long time, [&hellip;]","og_url":"https:\/\/www.it.tarnow.pl\/en\/worth-seeing\/tarnow-13\/historic-sites\/district-and-county-seat-sobieski-square\/","og_site_name":"Tarnowskie Centrum Informacji","article_modified_time":"2019-04-03T13:14:17+00:00","twitter_card":"summary_large_image","twitter_misc":{"Est. reading time":"2 minutes"},"schema":{"@context":"https:\/\/schema.org","@graph":[{"@type":"WebPage","@id":"https:\/\/www.it.tarnow.pl\/en\/worth-seeing\/tarnow-13\/historic-sites\/district-and-county-seat-sobieski-square\/","url":"https:\/\/www.it.tarnow.pl\/en\/worth-seeing\/tarnow-13\/historic-sites\/district-and-county-seat-sobieski-square\/","name":"District and county seat, Sobieski square - Tarnowskie Centrum Informacji","isPartOf":{"@id":"https:\/\/www.it.tarnow.pl\/#website"},"datePublished":"2010-07-23T12:25:57+00:00","dateModified":"2019-04-03T13:14:17+00:00","breadcrumb":{"@id":"https:\/\/www.it.tarnow.pl\/en\/worth-seeing\/tarnow-13\/historic-sites\/district-and-county-seat-sobieski-square\/#breadcrumb"},"inLanguage":"en-US","potentialAction":[{"@type":"ReadAction","target":["https:\/\/www.it.tarnow.pl\/en\/worth-seeing\/tarnow-13\/historic-sites\/district-and-county-seat-sobieski-square\/"]}]},{"@type":"BreadcrumbList","@id":"https:\/\/www.it.tarnow.pl\/en\/worth-seeing\/tarnow-13\/historic-sites\/district-and-county-seat-sobieski-square\/#breadcrumb","itemListElement":[{"@type":"ListItem","position":1,"name":"Home page","item":"https:\/\/www.it.tarnow.pl\/en\/"},{"@type":"ListItem","position":2,"name":"Worth seeing","item":"https:\/\/www.it.tarnow.pl\/en\/worth-seeing\/"},{"@type":"ListItem","position":3,"name":"Tarn\u00f3w","item":"https:\/\/www.it.tarnow.pl\/en\/worth-seeing\/tarnow-13\/"},{"@type":"ListItem","position":4,"name":"Historic sites","item":"https:\/\/www.it.tarnow.pl\/en\/worth-seeing\/tarnow-13\/historic-sites\/"},{"@type":"ListItem","position":5,"name":"District and county seat, Sobieski square"}]},{"@type":"WebSite","@id":"https:\/\/www.it.tarnow.pl\/#website","url":"https:\/\/www.it.tarnow.pl\/","name":"Tarnowskie Centrum Informacji","description":"Informacja turystyczna o Tarnowie i regionie tarnowskim.","potentialAction":[{"@type":"SearchAction","target":{"@type":"EntryPoint","urlTemplate":"https:\/\/www.it.tarnow.pl\/?s={search_term_string}"},"query-input":{"@type":"PropertyValueSpecification","valueRequired":true,"valueName":"search_term_string"}}],"inLanguage":"en-US"}]}},"_links":{"self":[{"href":"https:\/\/www.it.tarnow.pl\/en\/wp-json\/wp\/v2\/pages\/9575","targetHints":{"allow":["GET"]}}],"collection":[{"href":"https:\/\/www.it.tarnow.pl\/en\/wp-json\/wp\/v2\/pages"}],"about":[{"href":"https:\/\/www.it.tarnow.pl\/en\/wp-json\/wp\/v2\/types\/page"}],"author":[{"embeddable":true,"href":"https:\/\/www.it.tarnow.pl\/en\/wp-json\/wp\/v2\/users\/17"}],"replies":[{"embeddable":true,"href":"https:\/\/www.it.tarnow.pl\/en\/wp-json\/wp\/v2\/comments?post=9575"}],"version-history":[{"count":0,"href":"https:\/\/www.it.tarnow.pl\/en\/wp-json\/wp\/v2\/pages\/9575\/revisions"}],"up":[{"embeddable":true,"href":"https:\/\/www.it.tarnow.pl\/en\/wp-json\/wp\/v2\/pages\/9569"}],"wp:attachment":[{"href":"https:\/\/www.it.tarnow.pl\/en\/wp-json\/wp\/v2\/media?parent=9575"}],"wp:term":[{"taxonomy":"post_tag","embeddable":true,"href":"https:\/\/www.it.tarnow.pl\/en\/wp-json\/wp\/v2\/tags?post=9575"}],"curies":[{"name":"wp","href":"https:\/\/api.w.org\/{rel}","templated":true}]}}