{"id":9574,"date":"2010-07-23T14:21:57","date_gmt":"2010-07-23T12:21:57","guid":{"rendered":"http:\/\/www.it.tarnow.pl\/holy-family-church\/"},"modified":"2021-03-16T14:54:23","modified_gmt":"2021-03-16T13:54:23","slug":"holy-family-church","status":"publish","type":"page","link":"https:\/\/www.it.tarnow.pl\/en\/worth-seeing\/tarnow-13\/historic-sites\/holy-family-church\/","title":{"rendered":"Holy Family Church"},"content":{"rendered":"<p>Thanks to the efforts of Tarn\u00f3w Bishop Leon Wa\u0142\u0119ga, on the 1st of February 1904, first two priests from the Gathering of Missionaries arrived in Tarn\u00f3w. They stayed at the Bernardine friary on Bernardy\u0144ska street and held services in the St Mary\u2019s Church in the Burek. Excellent spot for construction was chosen and soon after construction began.<\/p>\r\n<p>Land for the church and the house was donated by Princess Konstancja Sanguszko from Gumniska. It was build thanks to contributions from the Tarn\u00f3w Diocese as well as Poles from America and Prussia. The church was named in accordance with the wishes of the church founder, Princess Sanguszko.<\/p>\r\n<p>The building was erected between 1904 and 1906, according to architectural designs of Jan Sas-Zubrzycki and under a watchful eye of Augustyn Tarkowski. It was blessed on the 1st of September 1907 and consecrated on the 4th of October 1908 by Bishop Leon Wa\u0142\u0119ga.<\/p>\r\n<p>In 1944 the church was damaged during hostilities and later renovated. It is a neo-gothic building, constructed from bricks and stone, covered with roof tiles and sheet metal, it has three naves a transept, chapels and a double tower massif. Church is equipped with mostly gothic furnishings, made by the Ferdynand Stuflerserr company from Tyrol.<\/p>\r\n<p>Internal polychrom, figures and ornaments, were made in 1934 and were later renovated in 1955 by Jakub Bere\u015b. Stained-glass windows in the transept were made according to plans by Jan Matejko. Up until the outbreak of the World War II, it was used by Polish Army as a garrison church.<\/p>\r\n<p>In 1976 the presbytery was changed in order to accommodate the renewed liturgy. South-western Tarn\u00f3w belongs to the Holy Family Parish, and it is the biggest Parish in the city. Parish Chronicles date back to 1903 and the birth register dates back to 1911.<\/p>","protected":false},"excerpt":{"rendered":"Thanks to the efforts of Tarn\u00f3w Bishop Leon Wa\u0142\u0119ga, on the 1st of February 1904, first two priests from the Gathering of Missionaries arrived in Tarn\u00f3w. They stayed at the [&hellip;]","protected":false},"author":17,"featured_media":0,"parent":9569,"menu_order":664,"comment_status":"closed","ping_status":"closed","template":"","meta":{"_acf_changed":false,"footnotes":""},"tags":[],"class_list":["post-9574","page","type-page","status-publish","hentry"],"acf":{"old_object_id":"4885","old_parent_id":"4854","old_url":"Worth-seeing\/Tarnow\/Historic-sites\/Holy-Family-Church","intro_text":"<p>Thanks to the efforts of Tarn\u00f3w\u2019s Bishop Leon Wa\u0142\u0119ga, on the 1st of February 1904, first two priests from the Gathering of Missionaries arrived in Tarn\u00f3w. They stayed at the Bernardine monastery\u00a0on Bernardy\u0144ska street and held services in the St Mary\u2019s Church in the Burek. Excellent spot for construction was chosen and soon after construction began.<\/p>\n","class":"article","type":"single","in_menu":true,"show_date":false,"map":"","old_id":"","rooms_info":"","top_column":"","left_column":"","right_column":"","bottom_column":"","show_children":"","skip_import":false,"_menu_related_id":"96230"},"yoast_head":"<!-- This site is optimized with the Yoast SEO Premium plugin v25.4 (Yoast SEO v25.4) - https:\/\/yoast.com\/wordpress\/plugins\/seo\/ -->\n<title>Holy Family Church - Tarnowskie Centrum Informacji<\/title>\n<meta name=\"robots\" content=\"index, follow, max-snippet:-1, max-image-preview:large, max-video-preview:-1\" \/>\n<link rel=\"canonical\" href=\"https:\/\/www.it.tarnow.pl\/en\/worth-seeing\/tarnow-13\/historic-sites\/holy-family-church\/\" \/>\n<meta property=\"og:locale\" content=\"en_US\" \/>\n<meta property=\"og:type\" content=\"article\" \/>\n<meta property=\"og:title\" content=\"Holy Family Church\" \/>\n<meta property=\"og:description\" content=\"Thanks to the efforts of Tarn\u00f3w Bishop Leon Wa\u0142\u0119ga, on the 1st of February 1904, first two priests from the Gathering of Missionaries arrived in Tarn\u00f3w. They stayed at the [&hellip;]\" \/>\n<meta property=\"og:url\" content=\"https:\/\/www.it.tarnow.pl\/en\/worth-seeing\/tarnow-13\/historic-sites\/holy-family-church\/\" \/>\n<meta property=\"og:site_name\" content=\"Tarnowskie Centrum Informacji\" \/>\n<meta property=\"article:modified_time\" content=\"2021-03-16T13:54:23+00:00\" \/>\n<meta name=\"twitter:card\" content=\"summary_large_image\" \/>\n<meta name=\"twitter:label1\" content=\"Est. reading time\" \/>\n\t<meta name=\"twitter:data1\" content=\"1 minute\" \/>\n<script type=\"application\/ld+json\" class=\"yoast-schema-graph\">{\"@context\":\"https:\/\/schema.org\",\"@graph\":[{\"@type\":\"WebPage\",\"@id\":\"https:\/\/www.it.tarnow.pl\/en\/worth-seeing\/tarnow-13\/historic-sites\/holy-family-church\/\",\"url\":\"https:\/\/www.it.tarnow.pl\/en\/worth-seeing\/tarnow-13\/historic-sites\/holy-family-church\/\",\"name\":\"Holy Family Church - Tarnowskie Centrum Informacji\",\"isPartOf\":{\"@id\":\"https:\/\/www.it.tarnow.pl\/#website\"},\"datePublished\":\"2010-07-23T12:21:57+00:00\",\"dateModified\":\"2021-03-16T13:54:23+00:00\",\"breadcrumb\":{\"@id\":\"https:\/\/www.it.tarnow.pl\/en\/worth-seeing\/tarnow-13\/historic-sites\/holy-family-church\/#breadcrumb\"},\"inLanguage\":\"en-US\",\"potentialAction\":[{\"@type\":\"ReadAction\",\"target\":[\"https:\/\/www.it.tarnow.pl\/en\/worth-seeing\/tarnow-13\/historic-sites\/holy-family-church\/\"]}]},{\"@type\":\"BreadcrumbList\",\"@id\":\"https:\/\/www.it.tarnow.pl\/en\/worth-seeing\/tarnow-13\/historic-sites\/holy-family-church\/#breadcrumb\",\"itemListElement\":[{\"@type\":\"ListItem\",\"position\":1,\"name\":\"Home page\",\"item\":\"https:\/\/www.it.tarnow.pl\/en\/\"},{\"@type\":\"ListItem\",\"position\":2,\"name\":\"Worth seeing\",\"item\":\"https:\/\/www.it.tarnow.pl\/en\/worth-seeing\/\"},{\"@type\":\"ListItem\",\"position\":3,\"name\":\"Tarn\u00f3w\",\"item\":\"https:\/\/www.it.tarnow.pl\/en\/worth-seeing\/tarnow-13\/\"},{\"@type\":\"ListItem\",\"position\":4,\"name\":\"Historic sites\",\"item\":\"https:\/\/www.it.tarnow.pl\/en\/worth-seeing\/tarnow-13\/historic-sites\/\"},{\"@type\":\"ListItem\",\"position\":5,\"name\":\"Holy Family Church\"}]},{\"@type\":\"WebSite\",\"@id\":\"https:\/\/www.it.tarnow.pl\/#website\",\"url\":\"https:\/\/www.it.tarnow.pl\/\",\"name\":\"Tarnowskie Centrum Informacji\",\"description\":\"Informacja turystyczna o Tarnowie i regionie tarnowskim.\",\"potentialAction\":[{\"@type\":\"SearchAction\",\"target\":{\"@type\":\"EntryPoint\",\"urlTemplate\":\"https:\/\/www.it.tarnow.pl\/?s={search_term_string}\"},\"query-input\":{\"@type\":\"PropertyValueSpecification\",\"valueRequired\":true,\"valueName\":\"search_term_string\"}}],\"inLanguage\":\"en-US\"}]}<\/script>\n<!-- \/ Yoast SEO Premium plugin. -->","yoast_head_json":{"title":"Holy Family Church - Tarnowskie Centrum Informacji","robots":{"index":"index","follow":"follow","max-snippet":"max-snippet:-1","max-image-preview":"max-image-preview:large","max-video-preview":"max-video-preview:-1"},"canonical":"https:\/\/www.it.tarnow.pl\/en\/worth-seeing\/tarnow-13\/historic-sites\/holy-family-church\/","og_locale":"en_US","og_type":"article","og_title":"Holy Family Church","og_description":"Thanks to the efforts of Tarn\u00f3w Bishop Leon Wa\u0142\u0119ga, on the 1st of February 1904, first two priests from the Gathering of Missionaries arrived in Tarn\u00f3w. They stayed at the [&hellip;]","og_url":"https:\/\/www.it.tarnow.pl\/en\/worth-seeing\/tarnow-13\/historic-sites\/holy-family-church\/","og_site_name":"Tarnowskie Centrum Informacji","article_modified_time":"2021-03-16T13:54:23+00:00","twitter_card":"summary_large_image","twitter_misc":{"Est. reading time":"1 minute"},"schema":{"@context":"https:\/\/schema.org","@graph":[{"@type":"WebPage","@id":"https:\/\/www.it.tarnow.pl\/en\/worth-seeing\/tarnow-13\/historic-sites\/holy-family-church\/","url":"https:\/\/www.it.tarnow.pl\/en\/worth-seeing\/tarnow-13\/historic-sites\/holy-family-church\/","name":"Holy Family Church - Tarnowskie Centrum Informacji","isPartOf":{"@id":"https:\/\/www.it.tarnow.pl\/#website"},"datePublished":"2010-07-23T12:21:57+00:00","dateModified":"2021-03-16T13:54:23+00:00","breadcrumb":{"@id":"https:\/\/www.it.tarnow.pl\/en\/worth-seeing\/tarnow-13\/historic-sites\/holy-family-church\/#breadcrumb"},"inLanguage":"en-US","potentialAction":[{"@type":"ReadAction","target":["https:\/\/www.it.tarnow.pl\/en\/worth-seeing\/tarnow-13\/historic-sites\/holy-family-church\/"]}]},{"@type":"BreadcrumbList","@id":"https:\/\/www.it.tarnow.pl\/en\/worth-seeing\/tarnow-13\/historic-sites\/holy-family-church\/#breadcrumb","itemListElement":[{"@type":"ListItem","position":1,"name":"Home page","item":"https:\/\/www.it.tarnow.pl\/en\/"},{"@type":"ListItem","position":2,"name":"Worth seeing","item":"https:\/\/www.it.tarnow.pl\/en\/worth-seeing\/"},{"@type":"ListItem","position":3,"name":"Tarn\u00f3w","item":"https:\/\/www.it.tarnow.pl\/en\/worth-seeing\/tarnow-13\/"},{"@type":"ListItem","position":4,"name":"Historic sites","item":"https:\/\/www.it.tarnow.pl\/en\/worth-seeing\/tarnow-13\/historic-sites\/"},{"@type":"ListItem","position":5,"name":"Holy Family Church"}]},{"@type":"WebSite","@id":"https:\/\/www.it.tarnow.pl\/#website","url":"https:\/\/www.it.tarnow.pl\/","name":"Tarnowskie Centrum Informacji","description":"Informacja turystyczna o Tarnowie i regionie tarnowskim.","potentialAction":[{"@type":"SearchAction","target":{"@type":"EntryPoint","urlTemplate":"https:\/\/www.it.tarnow.pl\/?s={search_term_string}"},"query-input":{"@type":"PropertyValueSpecification","valueRequired":true,"valueName":"search_term_string"}}],"inLanguage":"en-US"}]}},"_links":{"self":[{"href":"https:\/\/www.it.tarnow.pl\/en\/wp-json\/wp\/v2\/pages\/9574","targetHints":{"allow":["GET"]}}],"collection":[{"href":"https:\/\/www.it.tarnow.pl\/en\/wp-json\/wp\/v2\/pages"}],"about":[{"href":"https:\/\/www.it.tarnow.pl\/en\/wp-json\/wp\/v2\/types\/page"}],"author":[{"embeddable":true,"href":"https:\/\/www.it.tarnow.pl\/en\/wp-json\/wp\/v2\/users\/17"}],"replies":[{"embeddable":true,"href":"https:\/\/www.it.tarnow.pl\/en\/wp-json\/wp\/v2\/comments?post=9574"}],"version-history":[{"count":0,"href":"https:\/\/www.it.tarnow.pl\/en\/wp-json\/wp\/v2\/pages\/9574\/revisions"}],"up":[{"embeddable":true,"href":"https:\/\/www.it.tarnow.pl\/en\/wp-json\/wp\/v2\/pages\/9569"}],"wp:attachment":[{"href":"https:\/\/www.it.tarnow.pl\/en\/wp-json\/wp\/v2\/media?parent=9574"}],"wp:term":[{"taxonomy":"post_tag","embeddable":true,"href":"https:\/\/www.it.tarnow.pl\/en\/wp-json\/wp\/v2\/tags?post=9574"}],"curies":[{"name":"wp","href":"https:\/\/api.w.org\/{rel}","templated":true}]}}