{"id":9573,"date":"2010-07-23T14:21:09","date_gmt":"2010-07-23T12:21:09","guid":{"rendered":"http:\/\/www.it.tarnow.pl\/railway-station-in-tarnow\/"},"modified":"2019-04-03T15:14:16","modified_gmt":"2019-04-03T13:14:16","slug":"railway-station-in-tarnow","status":"publish","type":"page","link":"https:\/\/www.it.tarnow.pl\/en\/worth-seeing\/tarnow-13\/historic-sites\/railway-station-in-tarnow\/","title":{"rendered":"Railway Station in Tarn\u00f3w"},"content":{"rendered":"<p>Inclusion of the Krak\u00f3w Republic into the Habsburg Empire in 1846 brought about an idea of connecting Krak\u00f3w with Lvov by a railway. Work begun and in 1853 a rail connection between D\u0119bica and Bochnia was finished, however Krak\u00f3w was not a part of this line. Beginning of the Crimean war in the same year, and subsequent tensions between Austria and Russia, forced the Viennese government to rationalize transport in Galicia.<\/p>\n<p>Official opening of a railway running through Tarn\u00f3w, took place on the 20th of February 1856.<\/p>\n<p>Press from that time informed about the progress in laying tracks as well as the beginning of work on the construction of a temporary railway station and train service buildings. Construction of permanent train station buildings most likely began in 1860. Unfortunately there is no way to reconstruct the exact look of the building, although it was most likely erected according to a functional plan, which would be composed of an atrium, a vestibule with ticket counters, waiting rooms, separate for different travel classes and a restaurant. Within the rail station a baggage ticket counter, a post office and railway offices could also be found. There was a characteristic lack of connections between different parts of the train station, most significantly no direct access to the platform from the vestibule. The railway station served travelers for over 40 years, during which the number of travelers significantly increased.<\/p>\n<p>In 1906 construction of a new, larger railway station began. The building was designed by, today unknown, architect, E. Baudisch. Four years later it was finished. Size of the station more than doubled and the projection of the building was extended by moving it along the tracks and extending the northern facade. A lot more space for travelers was gained and a new post office building was added. Unlike the previous station, low and long, the new building, full of vertical elements, began to tower over the surroundings and the whole structure was complemented with secession-modernistic d\u00e9cor. It was a building tailor made for a fast developing city.<\/p> <img loading=\"lazy\" decoding=\"async\" width=\"240\" height=\"180\" class=\"size-medium wp-image-35768\" src=\"http:\/\/www.it.tarnow.pl\/wp-content\/uploads\/2019\/02\/Train-Station-in-Tarnow.jpg\" alt=\"\"><p>The design was based on the Lvov railway station. Additionally, the first and second platforms were equipped with roofs placed on cast iron columns, and after 1909 both platforms were connected by an underground passage.<\/p>\n<p>On the 28th of August 1939, Tarn\u00f3w Railway station was shocked by a bomb explosion. The bomb was placed in the railway station by German saboteurs. Twenty people were killed and 35 were wounded. In order to remember this event, a commemorative plaque was place on the right side of the main entrance, another plaque commemorating the first transport to the Auschwitz Concentration camp, was placed on the opposite side of the entrance in 2005.<\/p>","protected":false},"excerpt":{"rendered":"Inclusion of the Krak\u00f3w Republic into the Habsburg Empire in 1846 brought about an idea of connecting Krak\u00f3w with Lvov by a railway. Work begun and in 1853 a rail [&hellip;]","protected":false},"author":17,"featured_media":0,"parent":9569,"menu_order":763,"comment_status":"closed","ping_status":"closed","template":"","meta":{"_acf_changed":false,"footnotes":""},"tags":[],"class_list":["post-9573","page","type-page","status-publish","hentry"],"acf":{"in_menu":null,"show_date":null,"intro_text":"<p>Inclusion of the Krak\u00f3w Republic into the Habsburg Empire in 1846 brought about an idea of connecting Krak\u00f3w with Lvov by a railway. Work begun and in 1853 a rail connection between D\u0119bica and Bochnia was finished, however Krak\u00f3w was not a part of this line. Beginning of the Crimean war in the same year, and subsequent tensions between Austria and Russia, forced the Viennese government to rationalize transport in Galicia. Official opening of a railway running through Tarn\u00f3w, took place on the 20th of February 1856.<\/p>","map":null},"yoast_head":"<!-- This site is optimized with the Yoast SEO Premium plugin v25.4 (Yoast SEO v25.4) - https:\/\/yoast.com\/wordpress\/plugins\/seo\/ -->\n<title>Railway Station in Tarn\u00f3w - Tarnowskie Centrum Informacji<\/title>\n<meta name=\"robots\" content=\"index, follow, max-snippet:-1, max-image-preview:large, max-video-preview:-1\" \/>\n<link rel=\"canonical\" href=\"https:\/\/www.it.tarnow.pl\/en\/worth-seeing\/tarnow-13\/historic-sites\/railway-station-in-tarnow\/\" \/>\n<meta property=\"og:locale\" content=\"en_US\" \/>\n<meta property=\"og:type\" content=\"article\" \/>\n<meta property=\"og:title\" content=\"Railway Station in Tarn\u00f3w\" \/>\n<meta property=\"og:description\" content=\"Inclusion of the Krak\u00f3w Republic into the Habsburg Empire in 1846 brought about an idea of connecting Krak\u00f3w with Lvov by a railway. Work begun and in 1853 a rail [&hellip;]\" \/>\n<meta property=\"og:url\" content=\"https:\/\/www.it.tarnow.pl\/en\/worth-seeing\/tarnow-13\/historic-sites\/railway-station-in-tarnow\/\" \/>\n<meta property=\"og:site_name\" content=\"Tarnowskie Centrum Informacji\" \/>\n<meta property=\"article:modified_time\" content=\"2019-04-03T13:14:16+00:00\" \/>\n<meta property=\"og:image\" content=\"http:\/\/www.it.tarnow.pl\/wp-content\/uploads\/2019\/02\/Train-Station-in-Tarnow.jpg\" \/>\n<meta name=\"twitter:card\" content=\"summary_large_image\" \/>\n<meta name=\"twitter:label1\" content=\"Est. reading time\" \/>\n\t<meta name=\"twitter:data1\" content=\"2 minutes\" \/>\n<script type=\"application\/ld+json\" class=\"yoast-schema-graph\">{\"@context\":\"https:\/\/schema.org\",\"@graph\":[{\"@type\":\"WebPage\",\"@id\":\"https:\/\/www.it.tarnow.pl\/en\/worth-seeing\/tarnow-13\/historic-sites\/railway-station-in-tarnow\/\",\"url\":\"https:\/\/www.it.tarnow.pl\/en\/worth-seeing\/tarnow-13\/historic-sites\/railway-station-in-tarnow\/\",\"name\":\"Railway Station in Tarn\u00f3w - Tarnowskie Centrum Informacji\",\"isPartOf\":{\"@id\":\"https:\/\/www.it.tarnow.pl\/#website\"},\"primaryImageOfPage\":{\"@id\":\"https:\/\/www.it.tarnow.pl\/en\/worth-seeing\/tarnow-13\/historic-sites\/railway-station-in-tarnow\/#primaryimage\"},\"image\":{\"@id\":\"https:\/\/www.it.tarnow.pl\/en\/worth-seeing\/tarnow-13\/historic-sites\/railway-station-in-tarnow\/#primaryimage\"},\"thumbnailUrl\":\"http:\/\/www.it.tarnow.pl\/wp-content\/uploads\/2019\/02\/Train-Station-in-Tarnow.jpg\",\"datePublished\":\"2010-07-23T12:21:09+00:00\",\"dateModified\":\"2019-04-03T13:14:16+00:00\",\"breadcrumb\":{\"@id\":\"https:\/\/www.it.tarnow.pl\/en\/worth-seeing\/tarnow-13\/historic-sites\/railway-station-in-tarnow\/#breadcrumb\"},\"inLanguage\":\"en-US\",\"potentialAction\":[{\"@type\":\"ReadAction\",\"target\":[\"https:\/\/www.it.tarnow.pl\/en\/worth-seeing\/tarnow-13\/historic-sites\/railway-station-in-tarnow\/\"]}]},{\"@type\":\"ImageObject\",\"inLanguage\":\"en-US\",\"@id\":\"https:\/\/www.it.tarnow.pl\/en\/worth-seeing\/tarnow-13\/historic-sites\/railway-station-in-tarnow\/#primaryimage\",\"url\":\"http:\/\/www.it.tarnow.pl\/wp-content\/uploads\/2019\/02\/Train-Station-in-Tarnow.jpg\",\"contentUrl\":\"http:\/\/www.it.tarnow.pl\/wp-content\/uploads\/2019\/02\/Train-Station-in-Tarnow.jpg\"},{\"@type\":\"BreadcrumbList\",\"@id\":\"https:\/\/www.it.tarnow.pl\/en\/worth-seeing\/tarnow-13\/historic-sites\/railway-station-in-tarnow\/#breadcrumb\",\"itemListElement\":[{\"@type\":\"ListItem\",\"position\":1,\"name\":\"Home page\",\"item\":\"https:\/\/www.it.tarnow.pl\/en\/\"},{\"@type\":\"ListItem\",\"position\":2,\"name\":\"Worth seeing\",\"item\":\"https:\/\/www.it.tarnow.pl\/en\/worth-seeing\/\"},{\"@type\":\"ListItem\",\"position\":3,\"name\":\"Tarn\u00f3w\",\"item\":\"https:\/\/www.it.tarnow.pl\/en\/worth-seeing\/tarnow-13\/\"},{\"@type\":\"ListItem\",\"position\":4,\"name\":\"Historic sites\",\"item\":\"https:\/\/www.it.tarnow.pl\/en\/worth-seeing\/tarnow-13\/historic-sites\/\"},{\"@type\":\"ListItem\",\"position\":5,\"name\":\"Railway Station in Tarn\u00f3w\"}]},{\"@type\":\"WebSite\",\"@id\":\"https:\/\/www.it.tarnow.pl\/#website\",\"url\":\"https:\/\/www.it.tarnow.pl\/\",\"name\":\"Tarnowskie Centrum Informacji\",\"description\":\"Informacja turystyczna o Tarnowie i regionie tarnowskim.\",\"potentialAction\":[{\"@type\":\"SearchAction\",\"target\":{\"@type\":\"EntryPoint\",\"urlTemplate\":\"https:\/\/www.it.tarnow.pl\/?s={search_term_string}\"},\"query-input\":{\"@type\":\"PropertyValueSpecification\",\"valueRequired\":true,\"valueName\":\"search_term_string\"}}],\"inLanguage\":\"en-US\"}]}<\/script>\n<!-- \/ Yoast SEO Premium plugin. -->","yoast_head_json":{"title":"Railway Station in Tarn\u00f3w - Tarnowskie Centrum Informacji","robots":{"index":"index","follow":"follow","max-snippet":"max-snippet:-1","max-image-preview":"max-image-preview:large","max-video-preview":"max-video-preview:-1"},"canonical":"https:\/\/www.it.tarnow.pl\/en\/worth-seeing\/tarnow-13\/historic-sites\/railway-station-in-tarnow\/","og_locale":"en_US","og_type":"article","og_title":"Railway Station in Tarn\u00f3w","og_description":"Inclusion of the Krak\u00f3w Republic into the Habsburg Empire in 1846 brought about an idea of connecting Krak\u00f3w with Lvov by a railway. Work begun and in 1853 a rail [&hellip;]","og_url":"https:\/\/www.it.tarnow.pl\/en\/worth-seeing\/tarnow-13\/historic-sites\/railway-station-in-tarnow\/","og_site_name":"Tarnowskie Centrum Informacji","article_modified_time":"2019-04-03T13:14:16+00:00","og_image":[{"url":"http:\/\/www.it.tarnow.pl\/wp-content\/uploads\/2019\/02\/Train-Station-in-Tarnow.jpg","type":"","width":"","height":""}],"twitter_card":"summary_large_image","twitter_misc":{"Est. reading time":"2 minutes"},"schema":{"@context":"https:\/\/schema.org","@graph":[{"@type":"WebPage","@id":"https:\/\/www.it.tarnow.pl\/en\/worth-seeing\/tarnow-13\/historic-sites\/railway-station-in-tarnow\/","url":"https:\/\/www.it.tarnow.pl\/en\/worth-seeing\/tarnow-13\/historic-sites\/railway-station-in-tarnow\/","name":"Railway Station in Tarn\u00f3w - Tarnowskie Centrum Informacji","isPartOf":{"@id":"https:\/\/www.it.tarnow.pl\/#website"},"primaryImageOfPage":{"@id":"https:\/\/www.it.tarnow.pl\/en\/worth-seeing\/tarnow-13\/historic-sites\/railway-station-in-tarnow\/#primaryimage"},"image":{"@id":"https:\/\/www.it.tarnow.pl\/en\/worth-seeing\/tarnow-13\/historic-sites\/railway-station-in-tarnow\/#primaryimage"},"thumbnailUrl":"http:\/\/www.it.tarnow.pl\/wp-content\/uploads\/2019\/02\/Train-Station-in-Tarnow.jpg","datePublished":"2010-07-23T12:21:09+00:00","dateModified":"2019-04-03T13:14:16+00:00","breadcrumb":{"@id":"https:\/\/www.it.tarnow.pl\/en\/worth-seeing\/tarnow-13\/historic-sites\/railway-station-in-tarnow\/#breadcrumb"},"inLanguage":"en-US","potentialAction":[{"@type":"ReadAction","target":["https:\/\/www.it.tarnow.pl\/en\/worth-seeing\/tarnow-13\/historic-sites\/railway-station-in-tarnow\/"]}]},{"@type":"ImageObject","inLanguage":"en-US","@id":"https:\/\/www.it.tarnow.pl\/en\/worth-seeing\/tarnow-13\/historic-sites\/railway-station-in-tarnow\/#primaryimage","url":"http:\/\/www.it.tarnow.pl\/wp-content\/uploads\/2019\/02\/Train-Station-in-Tarnow.jpg","contentUrl":"http:\/\/www.it.tarnow.pl\/wp-content\/uploads\/2019\/02\/Train-Station-in-Tarnow.jpg"},{"@type":"BreadcrumbList","@id":"https:\/\/www.it.tarnow.pl\/en\/worth-seeing\/tarnow-13\/historic-sites\/railway-station-in-tarnow\/#breadcrumb","itemListElement":[{"@type":"ListItem","position":1,"name":"Home page","item":"https:\/\/www.it.tarnow.pl\/en\/"},{"@type":"ListItem","position":2,"name":"Worth seeing","item":"https:\/\/www.it.tarnow.pl\/en\/worth-seeing\/"},{"@type":"ListItem","position":3,"name":"Tarn\u00f3w","item":"https:\/\/www.it.tarnow.pl\/en\/worth-seeing\/tarnow-13\/"},{"@type":"ListItem","position":4,"name":"Historic sites","item":"https:\/\/www.it.tarnow.pl\/en\/worth-seeing\/tarnow-13\/historic-sites\/"},{"@type":"ListItem","position":5,"name":"Railway Station in Tarn\u00f3w"}]},{"@type":"WebSite","@id":"https:\/\/www.it.tarnow.pl\/#website","url":"https:\/\/www.it.tarnow.pl\/","name":"Tarnowskie Centrum Informacji","description":"Informacja turystyczna o Tarnowie i regionie tarnowskim.","potentialAction":[{"@type":"SearchAction","target":{"@type":"EntryPoint","urlTemplate":"https:\/\/www.it.tarnow.pl\/?s={search_term_string}"},"query-input":{"@type":"PropertyValueSpecification","valueRequired":true,"valueName":"search_term_string"}}],"inLanguage":"en-US"}]}},"_links":{"self":[{"href":"https:\/\/www.it.tarnow.pl\/en\/wp-json\/wp\/v2\/pages\/9573","targetHints":{"allow":["GET"]}}],"collection":[{"href":"https:\/\/www.it.tarnow.pl\/en\/wp-json\/wp\/v2\/pages"}],"about":[{"href":"https:\/\/www.it.tarnow.pl\/en\/wp-json\/wp\/v2\/types\/page"}],"author":[{"embeddable":true,"href":"https:\/\/www.it.tarnow.pl\/en\/wp-json\/wp\/v2\/users\/17"}],"replies":[{"embeddable":true,"href":"https:\/\/www.it.tarnow.pl\/en\/wp-json\/wp\/v2\/comments?post=9573"}],"version-history":[{"count":0,"href":"https:\/\/www.it.tarnow.pl\/en\/wp-json\/wp\/v2\/pages\/9573\/revisions"}],"up":[{"embeddable":true,"href":"https:\/\/www.it.tarnow.pl\/en\/wp-json\/wp\/v2\/pages\/9569"}],"wp:attachment":[{"href":"https:\/\/www.it.tarnow.pl\/en\/wp-json\/wp\/v2\/media?parent=9573"}],"wp:term":[{"taxonomy":"post_tag","embeddable":true,"href":"https:\/\/www.it.tarnow.pl\/en\/wp-json\/wp\/v2\/tags?post=9573"}],"curies":[{"name":"wp","href":"https:\/\/api.w.org\/{rel}","templated":true}]}}