{"id":9564,"date":"2010-06-15T15:35:24","date_gmt":"2010-06-15T13:35:24","guid":{"rendered":"http:\/\/www.it.tarnow.pl\/and-much-more\/"},"modified":"2019-04-03T15:14:08","modified_gmt":"2019-04-03T13:14:08","slug":"and-much-more","status":"publish","type":"page","link":"https:\/\/www.it.tarnow.pl\/en\/worth-seeing\/did-you-know-that\/and-much-more\/","title":{"rendered":"and much more&#8230;"},"content":{"rendered":"<p><b>The tallest Easter palms<\/b><\/p> <img loading=\"lazy\" decoding=\"async\" width=\"120\" height=\"162\" class=\"size-medium alignleft wp-image-35695\" src=\"http:\/\/www.it.tarnow.pl\/wp-content\/uploads\/2019\/02\/Lipnica_Easter_Palm_Contest_small.jpg\" alt=\"\"><p><a href=\"http:\/\/www.it.tarnow.pl\/en\/worth-seeing\/charming-small-towns\/\" class=\"target_blank\">Lipnica Murowana<\/a>\n is a small village with preserved Medieval layout, <br>that is famous for its annual Easter Palms contest. <br>The palms can reach as high as 30 meters into the air.<\/p>\n<p>\u00a0<\/p>\n<p>\u00a0<\/p>\n<p>\u00a0<\/p>\n<p>\u00a0<\/p>\n<p>\u00a0<\/p>\n<p>\u00a0<\/p>\n<p><b>The tallest sepulchral monuments in Europe<\/b><\/p> <img loading=\"lazy\" decoding=\"async\" width=\"120\" height=\"90\" class=\"size-medium alignleft wp-image-35700\" src=\"http:\/\/www.it.tarnow.pl\/wp-content\/uploads\/2019\/02\/TARNOW-Tarnowski_Monument_small.jpg\" alt=\"\"><p>Massive, over thirteen-meter-tall Gothic-Renaissance sepulchral monument <br>of Tarnowski family, and a Baroque one of Ostrogski family, <br>can be admired in\u00a0Tarn\u00f3w <a href=\"http:\/\/www.it.tarnow.pl\/en\/worth-seeing\/tarnow-13\/cathedral\/\" class=\"target_blank\">Cathedral<\/a>\n. <\/p>\n<p>\u00a0<\/p>\n<p>\u00a0<\/p>\n<p>\u00a0<\/p>\n<p><b>The oldest industrial plant in Europe, which has been operating for over 750 years<\/b><\/p> <img loading=\"lazy\" decoding=\"async\" width=\"95\" height=\"185\" class=\"size-medium alignleft wp-image-35705\" src=\"http:\/\/www.it.tarnow.pl\/wp-content\/uploads\/2019\/02\/Bochnia_Salt_Mine_small.jpg\" alt=\"\"><p>The <a href=\"http:\/\/www.it.tarnow.pl\/en\/worth-seeing\/bochnia-salt-mine\/\" class=\"target_blank\">Salt Mine in Bochnia<\/a>\n (registered UNESCO World Heritage Site in 2013) is the oldest salt mine in Poland, older than the one in Wieliczka. <br>It is the oldest industrial plant in Europe, continuously operating for over 750 years.<br>For several years now the Salt Mine in Bochnia has been open to the public, <br>inviting tourists and locals alike into its underground world. <br>Here they can hike along the winding maze of corridors and chambers, <br>some over 300 meters long, that have been drilled after years of mining. <\/p>\n<p>\u00a0<\/p>\n<p>\u00a0<\/p>\n<p>\u00a0<\/p>\n<p>\u00a0<\/p>\n<p>\u00a0<\/p>\n<p><b>The only exhibition in Europe which illustrates the history and culture of the polish Gypsies<\/b><\/p> <img loading=\"lazy\" decoding=\"async\" width=\"120\" height=\"90\" class=\"size-medium alignleft wp-image-35710\" src=\"http:\/\/www.it.tarnow.pl\/wp-content\/uploads\/2019\/02\/TARNOW-Muzeum-Etnograficzne_small.jpg\" alt=\"\"><p>The <a href=\"http:\/\/www.it.tarnow.pl\/en\/worth-seeing\/tarnow-13\/museums\/\" class=\"target_blank\">Ethnographic Museum in Tarn\u00f3w<\/a>\n is located in a mansion house <br>that dates back to the turn of the 18th and19th centuries. <br>This is the only museum in Europe that maintains a permanent exhibition <br>on Gypsy history and culture. <\/p>\n<p>\u00a0<\/p>\n<p>\u00a0<\/p>\n<p>\u00a0<\/p>\n<p><b>Tarn\u00f3w was for centuries a multicultural town<\/b><\/p>\n<p>In the past, people of varying ethnicity like Jews, Germans, Ukrainians, Scottish, Gypsies, and Austrians have lived here for centuries. Each nationality has left an enduring mark on Tarn\u00f3w through their own unique culture and history, which has gracefully intertwined with that of Poland.<\/p>\n<p>\u00a0<\/p>\n<p><b>The northernmost part of the Carpathian Mountains<\/b><\/p>\n<p>The northernmost hill of the Carpathians is St. Martins Mountain, located within Tarn\u00f3w&#8217;s administrative borders.<\/p>\n<p>\u00a0<\/p>\n<p><b>Tarn\u00f3w &#8211; Polish Capital of Comedy<\/b><\/p>\n<p>Each year in Autumn, the Ludwik Solski Theater in Tarn\u00f3w launches TALIA Festival of Comedy. Entertained by both Polish and foreign theater troupes, the audience laughs to tears.<\/p>\n<p>\u00a0<\/p>\n<p><b>The biggest monument of king W\u0142adys\u0142aw \u0141okietek<\/b><\/p> <img loading=\"lazy\" decoding=\"async\" width=\"300\" height=\"200\" class=\"size-medium alignleft wp-image-35715\" src=\"http:\/\/www.it.tarnow.pl\/wp-content\/uploads\/2019\/02\/Lokietek_monument_m-300x200.jpg\" alt=\"\" srcset=\"https:\/\/www.it.tarnow.pl\/wp-content\/uploads\/2019\/02\/Lokietek_monument_m-300x200.jpg 300w, https:\/\/www.it.tarnow.pl\/wp-content\/uploads\/2019\/02\/Lokietek_monument_m-768x512.jpg 768w, https:\/\/www.it.tarnow.pl\/wp-content\/uploads\/2019\/02\/Lokietek_monument_m.jpg 1024w\" sizes=\"auto, (max-width: 300px) 100vw, 300px\" \/><p style=\"text-align: left;\">The city has lately received another tourist feature \u2013 a 5-meter-high monument of king W\u0142adys\u0142aw \u0141okietek, who granted city rights to Tarn\u00f3w. He was also known for his little height. The monument is placed at a charming corner of Tarn\u00f3w &#8211; recently renovated, beautiful square at 7 Wa\u0142owa street. In addition, the parts of the old City Walls, which had not been shown before, were unveiled.<\/p>","protected":false},"excerpt":{"rendered":"The tallest Easter palms Lipnica Murowana is a small village with preserved Medieval layout, that is famous for its annual Easter Palms contest. The palms can reach as high as [&hellip;]","protected":false},"author":1,"featured_media":0,"parent":9550,"menu_order":445,"comment_status":"closed","ping_status":"closed","template":"","meta":{"_acf_changed":false,"footnotes":""},"tags":[],"class_list":["post-9564","page","type-page","status-publish","hentry"],"acf":{"in_menu":null,"show_date":null,"intro_text":"<p>The tallest Easter palms; the tallest sepulchral monuments in Europe; the oldest industry plant in Europe, which has been operating for over 750 years; the only exhibition in Europe which illustrates the history and culture of the polish Gypsies; Tarn\u00f3w was inhabited by people of varying ethnicity; the most northern part of the Carpathian mountains; Tarn\u00f3w - Polish Capital of Comedy; The biggest monument of king W\u0142adys\u0142aw \u0141okietek<\/p>","map":null},"yoast_head":"<!-- This site is optimized with the Yoast SEO Premium plugin v25.4 (Yoast SEO v25.4) - https:\/\/yoast.com\/wordpress\/plugins\/seo\/ -->\n<title>and much more... - Tarnowskie Centrum Informacji<\/title>\n<meta name=\"robots\" content=\"index, follow, max-snippet:-1, max-image-preview:large, max-video-preview:-1\" \/>\n<link rel=\"canonical\" href=\"https:\/\/www.it.tarnow.pl\/en\/worth-seeing\/did-you-know-that\/and-much-more\/\" \/>\n<meta property=\"og:locale\" content=\"en_US\" \/>\n<meta property=\"og:type\" content=\"article\" \/>\n<meta property=\"og:title\" content=\"and much more...\" \/>\n<meta property=\"og:description\" content=\"The tallest Easter palms Lipnica Murowana is a small village with preserved Medieval layout, that is famous for its annual Easter Palms contest. The palms can reach as high as [&hellip;]\" \/>\n<meta property=\"og:url\" content=\"https:\/\/www.it.tarnow.pl\/en\/worth-seeing\/did-you-know-that\/and-much-more\/\" \/>\n<meta property=\"og:site_name\" content=\"Tarnowskie Centrum Informacji\" \/>\n<meta property=\"article:modified_time\" content=\"2019-04-03T13:14:08+00:00\" \/>\n<meta property=\"og:image\" content=\"http:\/\/www.it.tarnow.pl\/wp-content\/uploads\/2019\/02\/Lipnica_Easter_Palm_Contest_small.jpg\" \/>\n<meta name=\"twitter:card\" content=\"summary_large_image\" \/>\n<meta name=\"twitter:label1\" content=\"Est. reading time\" \/>\n\t<meta name=\"twitter:data1\" content=\"2 minutes\" \/>\n<script type=\"application\/ld+json\" class=\"yoast-schema-graph\">{\"@context\":\"https:\/\/schema.org\",\"@graph\":[{\"@type\":\"WebPage\",\"@id\":\"https:\/\/www.it.tarnow.pl\/en\/worth-seeing\/did-you-know-that\/and-much-more\/\",\"url\":\"https:\/\/www.it.tarnow.pl\/en\/worth-seeing\/did-you-know-that\/and-much-more\/\",\"name\":\"and much more... - Tarnowskie Centrum Informacji\",\"isPartOf\":{\"@id\":\"https:\/\/www.it.tarnow.pl\/#website\"},\"primaryImageOfPage\":{\"@id\":\"https:\/\/www.it.tarnow.pl\/en\/worth-seeing\/did-you-know-that\/and-much-more\/#primaryimage\"},\"image\":{\"@id\":\"https:\/\/www.it.tarnow.pl\/en\/worth-seeing\/did-you-know-that\/and-much-more\/#primaryimage\"},\"thumbnailUrl\":\"http:\/\/www.it.tarnow.pl\/wp-content\/uploads\/2019\/02\/Lipnica_Easter_Palm_Contest_small.jpg\",\"datePublished\":\"2010-06-15T13:35:24+00:00\",\"dateModified\":\"2019-04-03T13:14:08+00:00\",\"breadcrumb\":{\"@id\":\"https:\/\/www.it.tarnow.pl\/en\/worth-seeing\/did-you-know-that\/and-much-more\/#breadcrumb\"},\"inLanguage\":\"en-US\",\"potentialAction\":[{\"@type\":\"ReadAction\",\"target\":[\"https:\/\/www.it.tarnow.pl\/en\/worth-seeing\/did-you-know-that\/and-much-more\/\"]}]},{\"@type\":\"ImageObject\",\"inLanguage\":\"en-US\",\"@id\":\"https:\/\/www.it.tarnow.pl\/en\/worth-seeing\/did-you-know-that\/and-much-more\/#primaryimage\",\"url\":\"http:\/\/www.it.tarnow.pl\/wp-content\/uploads\/2019\/02\/Lipnica_Easter_Palm_Contest_small.jpg\",\"contentUrl\":\"http:\/\/www.it.tarnow.pl\/wp-content\/uploads\/2019\/02\/Lipnica_Easter_Palm_Contest_small.jpg\"},{\"@type\":\"BreadcrumbList\",\"@id\":\"https:\/\/www.it.tarnow.pl\/en\/worth-seeing\/did-you-know-that\/and-much-more\/#breadcrumb\",\"itemListElement\":[{\"@type\":\"ListItem\",\"position\":1,\"name\":\"Home page\",\"item\":\"https:\/\/www.it.tarnow.pl\/en\/\"},{\"@type\":\"ListItem\",\"position\":2,\"name\":\"Worth seeing\",\"item\":\"https:\/\/www.it.tarnow.pl\/en\/worth-seeing\/\"},{\"@type\":\"ListItem\",\"position\":3,\"name\":\"Did you know that&#8230;?\",\"item\":\"https:\/\/www.it.tarnow.pl\/en\/worth-seeing\/did-you-know-that\/\"},{\"@type\":\"ListItem\",\"position\":4,\"name\":\"and much more&#8230;\"}]},{\"@type\":\"WebSite\",\"@id\":\"https:\/\/www.it.tarnow.pl\/#website\",\"url\":\"https:\/\/www.it.tarnow.pl\/\",\"name\":\"Tarnowskie Centrum Informacji\",\"description\":\"Informacja turystyczna o Tarnowie i regionie tarnowskim.\",\"potentialAction\":[{\"@type\":\"SearchAction\",\"target\":{\"@type\":\"EntryPoint\",\"urlTemplate\":\"https:\/\/www.it.tarnow.pl\/?s={search_term_string}\"},\"query-input\":{\"@type\":\"PropertyValueSpecification\",\"valueRequired\":true,\"valueName\":\"search_term_string\"}}],\"inLanguage\":\"en-US\"}]}<\/script>\n<!-- \/ Yoast SEO Premium plugin. -->","yoast_head_json":{"title":"and much more... - Tarnowskie Centrum Informacji","robots":{"index":"index","follow":"follow","max-snippet":"max-snippet:-1","max-image-preview":"max-image-preview:large","max-video-preview":"max-video-preview:-1"},"canonical":"https:\/\/www.it.tarnow.pl\/en\/worth-seeing\/did-you-know-that\/and-much-more\/","og_locale":"en_US","og_type":"article","og_title":"and much more...","og_description":"The tallest Easter palms Lipnica Murowana is a small village with preserved Medieval layout, that is famous for its annual Easter Palms contest. The palms can reach as high as [&hellip;]","og_url":"https:\/\/www.it.tarnow.pl\/en\/worth-seeing\/did-you-know-that\/and-much-more\/","og_site_name":"Tarnowskie Centrum Informacji","article_modified_time":"2019-04-03T13:14:08+00:00","og_image":[{"url":"http:\/\/www.it.tarnow.pl\/wp-content\/uploads\/2019\/02\/Lipnica_Easter_Palm_Contest_small.jpg","type":"","width":"","height":""}],"twitter_card":"summary_large_image","twitter_misc":{"Est. reading time":"2 minutes"},"schema":{"@context":"https:\/\/schema.org","@graph":[{"@type":"WebPage","@id":"https:\/\/www.it.tarnow.pl\/en\/worth-seeing\/did-you-know-that\/and-much-more\/","url":"https:\/\/www.it.tarnow.pl\/en\/worth-seeing\/did-you-know-that\/and-much-more\/","name":"and much more... - Tarnowskie Centrum Informacji","isPartOf":{"@id":"https:\/\/www.it.tarnow.pl\/#website"},"primaryImageOfPage":{"@id":"https:\/\/www.it.tarnow.pl\/en\/worth-seeing\/did-you-know-that\/and-much-more\/#primaryimage"},"image":{"@id":"https:\/\/www.it.tarnow.pl\/en\/worth-seeing\/did-you-know-that\/and-much-more\/#primaryimage"},"thumbnailUrl":"http:\/\/www.it.tarnow.pl\/wp-content\/uploads\/2019\/02\/Lipnica_Easter_Palm_Contest_small.jpg","datePublished":"2010-06-15T13:35:24+00:00","dateModified":"2019-04-03T13:14:08+00:00","breadcrumb":{"@id":"https:\/\/www.it.tarnow.pl\/en\/worth-seeing\/did-you-know-that\/and-much-more\/#breadcrumb"},"inLanguage":"en-US","potentialAction":[{"@type":"ReadAction","target":["https:\/\/www.it.tarnow.pl\/en\/worth-seeing\/did-you-know-that\/and-much-more\/"]}]},{"@type":"ImageObject","inLanguage":"en-US","@id":"https:\/\/www.it.tarnow.pl\/en\/worth-seeing\/did-you-know-that\/and-much-more\/#primaryimage","url":"http:\/\/www.it.tarnow.pl\/wp-content\/uploads\/2019\/02\/Lipnica_Easter_Palm_Contest_small.jpg","contentUrl":"http:\/\/www.it.tarnow.pl\/wp-content\/uploads\/2019\/02\/Lipnica_Easter_Palm_Contest_small.jpg"},{"@type":"BreadcrumbList","@id":"https:\/\/www.it.tarnow.pl\/en\/worth-seeing\/did-you-know-that\/and-much-more\/#breadcrumb","itemListElement":[{"@type":"ListItem","position":1,"name":"Home page","item":"https:\/\/www.it.tarnow.pl\/en\/"},{"@type":"ListItem","position":2,"name":"Worth seeing","item":"https:\/\/www.it.tarnow.pl\/en\/worth-seeing\/"},{"@type":"ListItem","position":3,"name":"Did you know that&#8230;?","item":"https:\/\/www.it.tarnow.pl\/en\/worth-seeing\/did-you-know-that\/"},{"@type":"ListItem","position":4,"name":"and much more&#8230;"}]},{"@type":"WebSite","@id":"https:\/\/www.it.tarnow.pl\/#website","url":"https:\/\/www.it.tarnow.pl\/","name":"Tarnowskie Centrum Informacji","description":"Informacja turystyczna o Tarnowie i regionie tarnowskim.","potentialAction":[{"@type":"SearchAction","target":{"@type":"EntryPoint","urlTemplate":"https:\/\/www.it.tarnow.pl\/?s={search_term_string}"},"query-input":{"@type":"PropertyValueSpecification","valueRequired":true,"valueName":"search_term_string"}}],"inLanguage":"en-US"}]}},"_links":{"self":[{"href":"https:\/\/www.it.tarnow.pl\/en\/wp-json\/wp\/v2\/pages\/9564","targetHints":{"allow":["GET"]}}],"collection":[{"href":"https:\/\/www.it.tarnow.pl\/en\/wp-json\/wp\/v2\/pages"}],"about":[{"href":"https:\/\/www.it.tarnow.pl\/en\/wp-json\/wp\/v2\/types\/page"}],"author":[{"embeddable":true,"href":"https:\/\/www.it.tarnow.pl\/en\/wp-json\/wp\/v2\/users\/1"}],"replies":[{"embeddable":true,"href":"https:\/\/www.it.tarnow.pl\/en\/wp-json\/wp\/v2\/comments?post=9564"}],"version-history":[{"count":0,"href":"https:\/\/www.it.tarnow.pl\/en\/wp-json\/wp\/v2\/pages\/9564\/revisions"}],"up":[{"embeddable":true,"href":"https:\/\/www.it.tarnow.pl\/en\/wp-json\/wp\/v2\/pages\/9550"}],"wp:attachment":[{"href":"https:\/\/www.it.tarnow.pl\/en\/wp-json\/wp\/v2\/media?parent=9564"}],"wp:term":[{"taxonomy":"post_tag","embeddable":true,"href":"https:\/\/www.it.tarnow.pl\/en\/wp-json\/wp\/v2\/tags?post=9564"}],"curies":[{"name":"wp","href":"https:\/\/api.w.org\/{rel}","templated":true}]}}