{"id":9561,"date":"2012-08-15T12:30:43","date_gmt":"2012-08-15T10:30:43","guid":{"rendered":"http:\/\/www.it.tarnow.pl\/solar-system-fountain\/"},"modified":"2021-11-21T14:52:37","modified_gmt":"2021-11-21T13:52:37","slug":"solar-system-fountain","status":"publish","type":"page","link":"https:\/\/www.it.tarnow.pl\/en\/worth-seeing\/did-you-know-that\/solar-system-fountain\/","title":{"rendered":"\u2018Solar system\u2019 fountain"},"content":{"rendered":"<p><img loading=\"lazy\" decoding=\"async\" class=\"alignright wp-image-205303 size-large\" src=\"http:\/\/www.it.tarnow.pl\/wp-content\/uploads\/2021\/06\/Tarn\u00f3w-Fontanna-Uk\u0142ad-s\u0142oneczny-650x433.jpg\" alt=\"Fontanna &quot;Uk\u0142ad s\u0142oneczny&quot;&quot;\" width=\"650\" height=\"433\" \/><\/p>\r\n<p>In the neighborhood of newly renovated train station and \u2018Planty Kolejowe\u2019 park stands an original structure \u2013 water fountain designed as the model of the Solar System. The Sun was build of steel and glass. Granite planets were placed within orbits made of steel. Moved by the water, they rotate just like the real ones. The fountain is illuminated and therefore especially worth seeing after the sunset.<\/p>","protected":false},"excerpt":{"rendered":"In the neighborhood of newly renovated train station and \u2018Planty Kolejowe\u2019 park stands an original structure \u2013 water fountain designed as the model of the Solar System. The Sun was [&hellip;]","protected":false},"author":1,"featured_media":0,"parent":9550,"menu_order":379,"comment_status":"closed","ping_status":"closed","template":"","meta":{"_acf_changed":false,"footnotes":""},"tags":[],"class_list":["post-9561","page","type-page","status-publish","hentry"],"acf":{"old_object_id":"11318","old_parent_id":"4266","old_url":"Worth-seeing\/Did-you-know-that\/Solar-system-fountain","intro_text":"<p><img loading=\"lazy\" decoding=\"async\" class=\"alignleft wp-image-186905 size-thumbnail\" src=\"http:\/\/www.it.tarnow.pl\/wp-content\/uploads\/2020\/04\/Fontanna-uk\u0142ad-s\u0142oneczny-planetarny-Tarn\u00f3w-5-250x250.jpg\" alt=\"\" width=\"250\" height=\"250\" \/><\/p>\n<p>In the neighborhood of newly renovated train station and \u2018Planty Kolejowe\u2019 park stands an original structure \u2013 water fountain designed as the model of the Solar System.<\/p>\n","class":"article","type":"single","in_menu":true,"show_date":false,"map":"","old_id":"","rooms_info":"","top_column":"","left_column":"","right_column":"","bottom_column":"","show_children":"","skip_import":false,"_menu_related_id":"96190"},"yoast_head":"<!-- This site is optimized with the Yoast SEO Premium plugin v25.4 (Yoast SEO v25.4) - https:\/\/yoast.com\/wordpress\/plugins\/seo\/ -->\n<title>\u2018Solar system\u2019 fountain - Tarnowskie Centrum Informacji<\/title>\n<meta name=\"robots\" content=\"index, follow, max-snippet:-1, max-image-preview:large, max-video-preview:-1\" \/>\n<link rel=\"canonical\" href=\"https:\/\/www.it.tarnow.pl\/en\/worth-seeing\/did-you-know-that\/solar-system-fountain\/\" \/>\n<meta property=\"og:locale\" content=\"en_US\" \/>\n<meta property=\"og:type\" content=\"article\" \/>\n<meta property=\"og:title\" content=\"\u2018Solar system\u2019 fountain\" \/>\n<meta property=\"og:description\" content=\"In the neighborhood of newly renovated train station and \u2018Planty Kolejowe\u2019 park stands an original structure \u2013 water fountain designed as the model of the Solar System. The Sun was [&hellip;]\" \/>\n<meta property=\"og:url\" content=\"https:\/\/www.it.tarnow.pl\/en\/worth-seeing\/did-you-know-that\/solar-system-fountain\/\" \/>\n<meta property=\"og:site_name\" content=\"Tarnowskie Centrum Informacji\" \/>\n<meta property=\"article:modified_time\" content=\"2021-11-21T13:52:37+00:00\" \/>\n<meta name=\"twitter:card\" content=\"summary_large_image\" \/>\n<script type=\"application\/ld+json\" class=\"yoast-schema-graph\">{\"@context\":\"https:\/\/schema.org\",\"@graph\":[{\"@type\":\"WebPage\",\"@id\":\"https:\/\/www.it.tarnow.pl\/en\/worth-seeing\/did-you-know-that\/solar-system-fountain\/\",\"url\":\"https:\/\/www.it.tarnow.pl\/en\/worth-seeing\/did-you-know-that\/solar-system-fountain\/\",\"name\":\"\u2018Solar system\u2019 fountain - Tarnowskie Centrum Informacji\",\"isPartOf\":{\"@id\":\"https:\/\/www.it.tarnow.pl\/#website\"},\"datePublished\":\"2012-08-15T10:30:43+00:00\",\"dateModified\":\"2021-11-21T13:52:37+00:00\",\"breadcrumb\":{\"@id\":\"https:\/\/www.it.tarnow.pl\/en\/worth-seeing\/did-you-know-that\/solar-system-fountain\/#breadcrumb\"},\"inLanguage\":\"en-US\",\"potentialAction\":[{\"@type\":\"ReadAction\",\"target\":[\"https:\/\/www.it.tarnow.pl\/en\/worth-seeing\/did-you-know-that\/solar-system-fountain\/\"]}]},{\"@type\":\"BreadcrumbList\",\"@id\":\"https:\/\/www.it.tarnow.pl\/en\/worth-seeing\/did-you-know-that\/solar-system-fountain\/#breadcrumb\",\"itemListElement\":[{\"@type\":\"ListItem\",\"position\":1,\"name\":\"Home page\",\"item\":\"https:\/\/www.it.tarnow.pl\/en\/\"},{\"@type\":\"ListItem\",\"position\":2,\"name\":\"Worth seeing\",\"item\":\"https:\/\/www.it.tarnow.pl\/en\/worth-seeing\/\"},{\"@type\":\"ListItem\",\"position\":3,\"name\":\"Did you know that&#8230;?\",\"item\":\"https:\/\/www.it.tarnow.pl\/en\/worth-seeing\/did-you-know-that\/\"},{\"@type\":\"ListItem\",\"position\":4,\"name\":\"\u2018Solar system\u2019 fountain\"}]},{\"@type\":\"WebSite\",\"@id\":\"https:\/\/www.it.tarnow.pl\/#website\",\"url\":\"https:\/\/www.it.tarnow.pl\/\",\"name\":\"Tarnowskie Centrum Informacji\",\"description\":\"Informacja turystyczna o Tarnowie i regionie tarnowskim.\",\"potentialAction\":[{\"@type\":\"SearchAction\",\"target\":{\"@type\":\"EntryPoint\",\"urlTemplate\":\"https:\/\/www.it.tarnow.pl\/?s={search_term_string}\"},\"query-input\":{\"@type\":\"PropertyValueSpecification\",\"valueRequired\":true,\"valueName\":\"search_term_string\"}}],\"inLanguage\":\"en-US\"}]}<\/script>\n<!-- \/ Yoast SEO Premium plugin. -->","yoast_head_json":{"title":"\u2018Solar system\u2019 fountain - Tarnowskie Centrum Informacji","robots":{"index":"index","follow":"follow","max-snippet":"max-snippet:-1","max-image-preview":"max-image-preview:large","max-video-preview":"max-video-preview:-1"},"canonical":"https:\/\/www.it.tarnow.pl\/en\/worth-seeing\/did-you-know-that\/solar-system-fountain\/","og_locale":"en_US","og_type":"article","og_title":"\u2018Solar system\u2019 fountain","og_description":"In the neighborhood of newly renovated train station and \u2018Planty Kolejowe\u2019 park stands an original structure \u2013 water fountain designed as the model of the Solar System. The Sun was [&hellip;]","og_url":"https:\/\/www.it.tarnow.pl\/en\/worth-seeing\/did-you-know-that\/solar-system-fountain\/","og_site_name":"Tarnowskie Centrum Informacji","article_modified_time":"2021-11-21T13:52:37+00:00","twitter_card":"summary_large_image","schema":{"@context":"https:\/\/schema.org","@graph":[{"@type":"WebPage","@id":"https:\/\/www.it.tarnow.pl\/en\/worth-seeing\/did-you-know-that\/solar-system-fountain\/","url":"https:\/\/www.it.tarnow.pl\/en\/worth-seeing\/did-you-know-that\/solar-system-fountain\/","name":"\u2018Solar system\u2019 fountain - Tarnowskie Centrum Informacji","isPartOf":{"@id":"https:\/\/www.it.tarnow.pl\/#website"},"datePublished":"2012-08-15T10:30:43+00:00","dateModified":"2021-11-21T13:52:37+00:00","breadcrumb":{"@id":"https:\/\/www.it.tarnow.pl\/en\/worth-seeing\/did-you-know-that\/solar-system-fountain\/#breadcrumb"},"inLanguage":"en-US","potentialAction":[{"@type":"ReadAction","target":["https:\/\/www.it.tarnow.pl\/en\/worth-seeing\/did-you-know-that\/solar-system-fountain\/"]}]},{"@type":"BreadcrumbList","@id":"https:\/\/www.it.tarnow.pl\/en\/worth-seeing\/did-you-know-that\/solar-system-fountain\/#breadcrumb","itemListElement":[{"@type":"ListItem","position":1,"name":"Home page","item":"https:\/\/www.it.tarnow.pl\/en\/"},{"@type":"ListItem","position":2,"name":"Worth seeing","item":"https:\/\/www.it.tarnow.pl\/en\/worth-seeing\/"},{"@type":"ListItem","position":3,"name":"Did you know that&#8230;?","item":"https:\/\/www.it.tarnow.pl\/en\/worth-seeing\/did-you-know-that\/"},{"@type":"ListItem","position":4,"name":"\u2018Solar system\u2019 fountain"}]},{"@type":"WebSite","@id":"https:\/\/www.it.tarnow.pl\/#website","url":"https:\/\/www.it.tarnow.pl\/","name":"Tarnowskie Centrum Informacji","description":"Informacja turystyczna o Tarnowie i regionie tarnowskim.","potentialAction":[{"@type":"SearchAction","target":{"@type":"EntryPoint","urlTemplate":"https:\/\/www.it.tarnow.pl\/?s={search_term_string}"},"query-input":{"@type":"PropertyValueSpecification","valueRequired":true,"valueName":"search_term_string"}}],"inLanguage":"en-US"}]}},"_links":{"self":[{"href":"https:\/\/www.it.tarnow.pl\/en\/wp-json\/wp\/v2\/pages\/9561","targetHints":{"allow":["GET"]}}],"collection":[{"href":"https:\/\/www.it.tarnow.pl\/en\/wp-json\/wp\/v2\/pages"}],"about":[{"href":"https:\/\/www.it.tarnow.pl\/en\/wp-json\/wp\/v2\/types\/page"}],"author":[{"embeddable":true,"href":"https:\/\/www.it.tarnow.pl\/en\/wp-json\/wp\/v2\/users\/1"}],"replies":[{"embeddable":true,"href":"https:\/\/www.it.tarnow.pl\/en\/wp-json\/wp\/v2\/comments?post=9561"}],"version-history":[{"count":0,"href":"https:\/\/www.it.tarnow.pl\/en\/wp-json\/wp\/v2\/pages\/9561\/revisions"}],"up":[{"embeddable":true,"href":"https:\/\/www.it.tarnow.pl\/en\/wp-json\/wp\/v2\/pages\/9550"}],"wp:attachment":[{"href":"https:\/\/www.it.tarnow.pl\/en\/wp-json\/wp\/v2\/media?parent=9561"}],"wp:term":[{"taxonomy":"post_tag","embeddable":true,"href":"https:\/\/www.it.tarnow.pl\/en\/wp-json\/wp\/v2\/tags?post=9561"}],"curies":[{"name":"wp","href":"https:\/\/api.w.org\/{rel}","templated":true}]}}