{"id":9548,"date":"2009-11-30T10:56:53","date_gmt":"2009-11-30T09:56:53","guid":{"rendered":"http:\/\/www.it.tarnow.pl\/worth-seeing\/"},"modified":"2019-04-03T15:13:56","modified_gmt":"2019-04-03T13:13:56","slug":"worth-seeing","status":"publish","type":"page","link":"https:\/\/www.it.tarnow.pl\/en\/worth-seeing\/","title":{"rendered":"Worth seeing"},"content":{"rendered":"<div class=\"class-view-folder\"><p class=\"title\"><a href=\"https:\/\/www.it.tarnow.pl\/en\/worth-seeing\/tarnow-13\/\">Tarn\u00f3w<\/a><\/p><p class=\"text\"><p><img loading=\"lazy\" decoding=\"async\" class=\"alignleft wp-image-205343 size-medium\" src=\"http:\/\/www.it.tarnow.pl\/wp-content\/uploads\/2021\/06\/Tarn\u00f3w-Rynek-1-400x267.jpg\" alt=\"\" width=\"400\" height=\"267\" \/><\/p>\n<p>Galician atmosphere of Tarn\u00f3w attracts tourists from all over the world who return again and again to re-experience its unique charm. Mixture of Gothic and Renaissance buildings and fortifications , in addition to a Medieval street layout give the Old Town its own distinct flavor. Complimenting the scenic aesthetics is the jovial spirit of its inhabitants, unique to the southern cities of Poland.<\/p>\n<\/p><\/div>  \n<div class=\"class-view-folder\"><p class=\"title\"><a href=\"https:\/\/www.it.tarnow.pl\/en\/worth-seeing\/wooden-architecture\/\">Wooden architecture<\/a><\/p><p class=\"text\"><p><img loading=\"lazy\" decoding=\"async\" width=\"400\" height=\"300\" class=\"size-medium alignleft wp-image-21095\" src=\"http:\/\/www.it.tarnow.pl\/wp-content\/uploads\/2019\/02\/Skrzyszow-Kosciol-p.w.-sw.-Stanislawa-Biskupa-2-400x300.jpg\" alt=\"\" srcset=\"https:\/\/www.it.tarnow.pl\/wp-content\/uploads\/2019\/02\/Skrzyszow-Kosciol-p.w.-sw.-Stanislawa-Biskupa-2-400x300.jpg 400w, https:\/\/www.it.tarnow.pl\/wp-content\/uploads\/2019\/02\/Skrzyszow-Kosciol-p.w.-sw.-Stanislawa-Biskupa-2-768x576.jpg 768w, https:\/\/www.it.tarnow.pl\/wp-content\/uploads\/2019\/02\/Skrzyszow-Kosciol-p.w.-sw.-Stanislawa-Biskupa-2-650x488.jpg 650w, https:\/\/www.it.tarnow.pl\/wp-content\/uploads\/2019\/02\/Skrzyszow-Kosciol-p.w.-sw.-Stanislawa-Biskupa-2-300x225.jpg 300w, https:\/\/www.it.tarnow.pl\/wp-content\/uploads\/2019\/02\/Skrzyszow-Kosciol-p.w.-sw.-Stanislawa-Biskupa-2.jpg 1024w\" sizes=\"auto, (max-width: 400px) 100vw, 400px\" \/><\/p>\n<p><a id=\"Wooden Architecture\" name=\"Wooden Architecture\"><\/a>Wooden architecture that at one time could be found everywhere and was considered to be a symbol of parochialism, is coming back to graces. Today we rediscover advantages of wood as building material. It is natural, healthy, economical and classically beautiful. And wooden buildings are exceptional. One may even say &#8211; they have a soul. Each visit, especially to the oldest structures, is an experience both aesthetic and mystical.<\/p>\n<\/p><\/div>  \n<div class=\"class-view-folder\"><p class=\"title\"><a href=\"https:\/\/www.it.tarnow.pl\/en\/worth-seeing\/castles-and-fortifications\/\">Castles and fortifications<\/a><\/p><p class=\"text\"><p><img loading=\"lazy\" decoding=\"async\" width=\"400\" height=\"300\" class=\"size-medium alignleft wp-image-21117\" src=\"http:\/\/www.it.tarnow.pl\/wp-content\/uploads\/2019\/02\/Nowy-Wisnicz-Zamek-4-400x300.jpg\" alt=\"\" srcset=\"https:\/\/www.it.tarnow.pl\/wp-content\/uploads\/2019\/02\/Nowy-Wisnicz-Zamek-4-400x300.jpg 400w, https:\/\/www.it.tarnow.pl\/wp-content\/uploads\/2019\/02\/Nowy-Wisnicz-Zamek-4-768x576.jpg 768w, https:\/\/www.it.tarnow.pl\/wp-content\/uploads\/2019\/02\/Nowy-Wisnicz-Zamek-4-650x488.jpg 650w, https:\/\/www.it.tarnow.pl\/wp-content\/uploads\/2019\/02\/Nowy-Wisnicz-Zamek-4-300x225.jpg 300w, https:\/\/www.it.tarnow.pl\/wp-content\/uploads\/2019\/02\/Nowy-Wisnicz-Zamek-4.jpg 1024w\" sizes=\"auto, (max-width: 400px) 100vw, 400px\" \/><\/p>\n<p>In the eastern part of the Malopolska Region there are many fascinating places, both for those seeking picturesque landscapes and those more interested in historical and architectural landmarks. The development of castles in Poland was sparked by the appearance of noble families and the urgency of protecting Polish borders. Tarn\u00f3w\u2019s land did not compose a border but it was on the path of a major trade route that needed the protection of armed men and powerful fortresses. As a result, brick castles and fortifications began to spring up around this area in the 13th century.<\/p>\n<\/p><\/div>  \n<div class=\"class-view-folder\"><p class=\"title\"><a href=\"https:\/\/www.it.tarnow.pl\/en\/worth-seeing\/bochnia-salt-mine\/\">Bochnia Salt Mine<\/a><\/p><p class=\"text\"><img loading=\"lazy\" decoding=\"async\" width=\"150\" height=\"150\" class=\"size-small alignleft wp-image-36039\" src=\"http:\/\/www.it.tarnow.pl\/wp-content\/uploads\/2019\/02\/kopalnia-bochnia-2014-02-1-150x150.jpg\" alt=\"\"><p>The salt mine in Bochnia (on the UNESCO List from 2013) is the oldest one in Poland, even older that the mine in Wieliczka; it is the oldest production works in Europe, continuously operating for 750 years.<\/p>\n<p>\u00a0For several years the salt mine in Bochnia has been open for the public, inviting tourists and locals alike into its underground world. Here they can hike along the winding maze of corridors and chambers, 300 meters long, that have been forged after years of mining.<\/p>\n<p>Thrilling experience are 140 meters long slides; underground train operating at a depth of 212 meters and cruise along underground lake. The Bochnia Salt Mine is more than original trip destination. It also serves as a health resort. On the surface there are Sutoris Hotel and the Centre of Rehabilitation and Biological Regeneration.<\/p><\/p><\/div>  \n<div class=\"class-view-folder\"><p class=\"title\"><a href=\"https:\/\/www.it.tarnow.pl\/en\/worth-seeing\/nature\/\">Nature<\/a><\/p><p class=\"text\"><img loading=\"lazy\" decoding=\"async\" width=\"400\" height=\"300\" class=\"size-medium alignleft wp-image-21123\" src=\"http:\/\/www.it.tarnow.pl\/wp-content\/uploads\/2019\/02\/Ciezkowice-Skamieniale-Miasto-2-400x300.jpg\" alt=\"\" srcset=\"https:\/\/www.it.tarnow.pl\/wp-content\/uploads\/2019\/02\/Ciezkowice-Skamieniale-Miasto-2-400x300.jpg 400w, https:\/\/www.it.tarnow.pl\/wp-content\/uploads\/2019\/02\/Ciezkowice-Skamieniale-Miasto-2-768x576.jpg 768w, https:\/\/www.it.tarnow.pl\/wp-content\/uploads\/2019\/02\/Ciezkowice-Skamieniale-Miasto-2-650x488.jpg 650w, https:\/\/www.it.tarnow.pl\/wp-content\/uploads\/2019\/02\/Ciezkowice-Skamieniale-Miasto-2-300x225.jpg 300w, https:\/\/www.it.tarnow.pl\/wp-content\/uploads\/2019\/02\/Ciezkowice-Skamieniale-Miasto-2.jpg 1024w\" sizes=\"auto, (max-width: 400px) 100vw, 400px\" \/><p>The Stone City<b> <\/b>is a reserve created in 1948 of ornate, natural rock formations on the slope of Skala (elevation of 367 m). The picturesque monadnocks (single rocks), formed out of coarse-grained sandstone, and the surrounding forests are protected by law. Making the \"Stone City\" distinct from many other monadnocks in the Ci\u0119\u017ckowickie Foothills, is its high concentration of rock forms in a relatively small area. The monadnocks have formed in an extremely bizarre and interesting way as the result of harsh atmospheric factors like rain, wind and frost. <\/p><\/p><\/div>  \n<div class=\"class-view-folder\"><p class=\"title\"><a href=\"https:\/\/www.it.tarnow.pl\/en\/worth-seeing\/ethnography\/\">Ethnography<\/a><\/p><p class=\"text\"><img loading=\"lazy\" decoding=\"async\" width=\"400\" height=\"300\" class=\"size-medium alignleft wp-image-22480\" src=\"http:\/\/www.it.tarnow.pl\/wp-content\/uploads\/2019\/02\/Zalipie-Malowana-Wies-7-400x300.jpg\" alt=\"\" srcset=\"https:\/\/www.it.tarnow.pl\/wp-content\/uploads\/2019\/02\/Zalipie-Malowana-Wies-7-400x300.jpg 400w, https:\/\/www.it.tarnow.pl\/wp-content\/uploads\/2019\/02\/Zalipie-Malowana-Wies-7-768x576.jpg 768w, https:\/\/www.it.tarnow.pl\/wp-content\/uploads\/2019\/02\/Zalipie-Malowana-Wies-7-650x488.jpg 650w, https:\/\/www.it.tarnow.pl\/wp-content\/uploads\/2019\/02\/Zalipie-Malowana-Wies-7-300x225.jpg 300w, https:\/\/www.it.tarnow.pl\/wp-content\/uploads\/2019\/02\/Zalipie-Malowana-Wies-7.jpg 1024w\" sizes=\"auto, (max-width: 400px) 100vw, 400px\" \/><p>Tarn\u00f3w region surprises with unique places that create specific atmosphere of the eastern part of Malopolska. Each nationality and culture that had lived in Tarn\u00f3w area throughout the centuries has succeeded in leaving its own unique mark on the city evident in both structures and traditions. The charm of these places makes people come back over and over again. Fascinating world of local traditions and reviving folk art are no longer the domain of older people but attract younger who search for their identity, their roots.<\/p><\/p><\/div>  \n<div class=\"class-view-folder\"><p class=\"title\"><a href=\"https:\/\/www.it.tarnow.pl\/en\/worth-seeing\/sanctuaries\/\">Sanctuaries<\/a><\/p><p class=\"text\"><img loading=\"lazy\" decoding=\"async\" width=\"300\" height=\"400\" class=\"size-medium alignleft wp-image-21573\" src=\"http:\/\/www.it.tarnow.pl\/wp-content\/uploads\/2019\/02\/TARNOW-Bazylika-katedralna-01-1-300x400.jpg\" alt=\"\" srcset=\"https:\/\/www.it.tarnow.pl\/wp-content\/uploads\/2019\/02\/TARNOW-Bazylika-katedralna-01-1-300x400.jpg 300w, https:\/\/www.it.tarnow.pl\/wp-content\/uploads\/2019\/02\/TARNOW-Bazylika-katedralna-01-1.jpg 768w, https:\/\/www.it.tarnow.pl\/wp-content\/uploads\/2019\/02\/TARNOW-Bazylika-katedralna-01-1-488x650.jpg 488w, https:\/\/www.it.tarnow.pl\/wp-content\/uploads\/2019\/02\/TARNOW-Bazylika-katedralna-01-1-225x300.jpg 225w\" sizes=\"auto, (max-width: 300px) 100vw, 300px\" \/><p>Tarn\u00f3w diocese is renowned for the largest number of sacerdotal vocations in Poland. This is also the place from which the largest number of priests go to all corners of the world on mission. John Paul II said about Tarn\u00f3w region: \u201cThe message of eight blessings has been lasting here for ages.\u201d<\/p>\n<p>\u00a0Faith works miracles as it is miraculous in its nature. Tarn\u00f3w region, considerably smaller than the area of the Diocese of Tarn\u00f3w, is strongly associated with many places of veneration of the Saints. Graces experienced by the worshipers are confirmed not only by oral transmission but also by ecclesiastical commissions. In Tarn\u00f3w there are as much as three Marian sanctuaries.<\/p><\/p><\/div>  \n<div class=\"class-view-folder\"><p class=\"title\"><a href=\"https:\/\/www.it.tarnow.pl\/en\/worth-seeing\/jewish-heritage\/\">Jewish heritage<\/a><\/p><p class=\"text\"><p><img loading=\"lazy\" decoding=\"async\" width=\"400\" height=\"300\" class=\"size-medium alignleft wp-image-21376\" src=\"http:\/\/www.it.tarnow.pl\/wp-content\/uploads\/2019\/02\/TARNOW-Cmentarz-zydowski-03-400x300.jpg\" alt=\"\" srcset=\"https:\/\/www.it.tarnow.pl\/wp-content\/uploads\/2019\/02\/TARNOW-Cmentarz-zydowski-03-400x300.jpg 400w, https:\/\/www.it.tarnow.pl\/wp-content\/uploads\/2019\/02\/TARNOW-Cmentarz-zydowski-03-768x576.jpg 768w, https:\/\/www.it.tarnow.pl\/wp-content\/uploads\/2019\/02\/TARNOW-Cmentarz-zydowski-03-650x488.jpg 650w, https:\/\/www.it.tarnow.pl\/wp-content\/uploads\/2019\/02\/TARNOW-Cmentarz-zydowski-03-300x225.jpg 300w, https:\/\/www.it.tarnow.pl\/wp-content\/uploads\/2019\/02\/TARNOW-Cmentarz-zydowski-03.jpg 1024w\" sizes=\"auto, (max-width: 400px) 100vw, 400px\" \/><\/p>\n<p>First Jewish immigrants settled in Tarn\u00f3w region in the Middle Ages. Their presence in the city is mentioned in 1445 writings. From the very beginning their commercial activities focused on wine and grain trading which they imported from Hungary and Russia. <br \/>\nJewish entrepreneurship was appreciated by the Tarn\u00f3w owners. In 1581 Konstanty Ostrogski issued special rights allowing Jews to trade in their houses, kiosks and market square. They were also granted right to brew and deal alcohol beverages.<\/p>\n<\/p><\/div>  \n<div class=\"class-view-folder\"><p class=\"title\"><a href=\"https:\/\/www.it.tarnow.pl\/en\/worth-seeing\/active-tourism\/\">Active tourism<\/a><\/p><p class=\"text\"><p><img loading=\"lazy\" decoding=\"async\" width=\"400\" height=\"267\" class=\"size-medium alignleft wp-image-25356\" src=\"http:\/\/www.it.tarnow.pl\/wp-content\/uploads\/2019\/02\/rowery-3-400x267.jpg\" alt=\"\" srcset=\"https:\/\/www.it.tarnow.pl\/wp-content\/uploads\/2019\/02\/rowery-3-400x267.jpg 400w, https:\/\/www.it.tarnow.pl\/wp-content\/uploads\/2019\/02\/rowery-3-300x200.jpg 300w, https:\/\/www.it.tarnow.pl\/wp-content\/uploads\/2019\/02\/rowery-3.jpg 625w\" sizes=\"auto, (max-width: 400px) 100vw, 400px\" \/><\/p>\n<p>Tarn\u00f3w region is a perfect place for those living active, with various landforms and unique environmental and cultural features. Relatively low elevation differences make active tourism an enjoyable way of spending free time to the people of various age and shape. <br \/>\nTens of walking, bicycle and horse riding trails cover the whole area. Numerous reservoirs such as Ro\u017cn\u00f3w Lake or Czch\u00f3w Lake give unique chance of spending free time by the water.<\/p>\n<\/p><\/div>","protected":false},"excerpt":{"rendered":"","protected":false},"author":1,"featured_media":0,"parent":0,"menu_order":278,"comment_status":"closed","ping_status":"closed","template":"","meta":{"_acf_changed":false,"footnotes":""},"tags":[],"class_list":["post-9548","page","type-page","status-publish","hentry"],"acf":{"in_menu":null,"show_date":null,"intro_text":"","map":null},"yoast_head":"<!-- This site is optimized with the Yoast SEO Premium plugin v25.4 (Yoast SEO v25.4) - https:\/\/yoast.com\/wordpress\/plugins\/seo\/ -->\n<title>Worth seeing - Tarnowskie Centrum Informacji<\/title>\n<meta name=\"robots\" content=\"index, follow, max-snippet:-1, max-image-preview:large, max-video-preview:-1\" \/>\n<link rel=\"canonical\" href=\"https:\/\/www.it.tarnow.pl\/en\/worth-seeing\/\" \/>\n<meta property=\"og:locale\" content=\"en_US\" \/>\n<meta property=\"og:type\" content=\"article\" \/>\n<meta property=\"og:title\" content=\"Worth seeing\" \/>\n<meta property=\"og:url\" content=\"https:\/\/www.it.tarnow.pl\/en\/worth-seeing\/\" \/>\n<meta property=\"og:site_name\" content=\"Tarnowskie Centrum Informacji\" \/>\n<meta property=\"article:modified_time\" content=\"2019-04-03T13:13:56+00:00\" \/>\n<meta name=\"twitter:card\" content=\"summary_large_image\" \/>\n<script type=\"application\/ld+json\" class=\"yoast-schema-graph\">{\"@context\":\"https:\/\/schema.org\",\"@graph\":[{\"@type\":\"WebPage\",\"@id\":\"https:\/\/www.it.tarnow.pl\/en\/worth-seeing\/\",\"url\":\"https:\/\/www.it.tarnow.pl\/en\/worth-seeing\/\",\"name\":\"Worth seeing - Tarnowskie Centrum Informacji\",\"isPartOf\":{\"@id\":\"https:\/\/www.it.tarnow.pl\/#website\"},\"datePublished\":\"2009-11-30T09:56:53+00:00\",\"dateModified\":\"2019-04-03T13:13:56+00:00\",\"breadcrumb\":{\"@id\":\"https:\/\/www.it.tarnow.pl\/en\/worth-seeing\/#breadcrumb\"},\"inLanguage\":\"en-US\",\"potentialAction\":[{\"@type\":\"ReadAction\",\"target\":[\"https:\/\/www.it.tarnow.pl\/en\/worth-seeing\/\"]}]},{\"@type\":\"BreadcrumbList\",\"@id\":\"https:\/\/www.it.tarnow.pl\/en\/worth-seeing\/#breadcrumb\",\"itemListElement\":[{\"@type\":\"ListItem\",\"position\":1,\"name\":\"Home page\",\"item\":\"https:\/\/www.it.tarnow.pl\/en\/\"},{\"@type\":\"ListItem\",\"position\":2,\"name\":\"Worth seeing\"}]},{\"@type\":\"WebSite\",\"@id\":\"https:\/\/www.it.tarnow.pl\/#website\",\"url\":\"https:\/\/www.it.tarnow.pl\/\",\"name\":\"Tarnowskie Centrum Informacji\",\"description\":\"Informacja turystyczna o Tarnowie i regionie tarnowskim.\",\"potentialAction\":[{\"@type\":\"SearchAction\",\"target\":{\"@type\":\"EntryPoint\",\"urlTemplate\":\"https:\/\/www.it.tarnow.pl\/?s={search_term_string}\"},\"query-input\":{\"@type\":\"PropertyValueSpecification\",\"valueRequired\":true,\"valueName\":\"search_term_string\"}}],\"inLanguage\":\"en-US\"}]}<\/script>\n<!-- \/ Yoast SEO Premium plugin. -->","yoast_head_json":{"title":"Worth seeing - Tarnowskie Centrum Informacji","robots":{"index":"index","follow":"follow","max-snippet":"max-snippet:-1","max-image-preview":"max-image-preview:large","max-video-preview":"max-video-preview:-1"},"canonical":"https:\/\/www.it.tarnow.pl\/en\/worth-seeing\/","og_locale":"en_US","og_type":"article","og_title":"Worth seeing","og_url":"https:\/\/www.it.tarnow.pl\/en\/worth-seeing\/","og_site_name":"Tarnowskie Centrum Informacji","article_modified_time":"2019-04-03T13:13:56+00:00","twitter_card":"summary_large_image","schema":{"@context":"https:\/\/schema.org","@graph":[{"@type":"WebPage","@id":"https:\/\/www.it.tarnow.pl\/en\/worth-seeing\/","url":"https:\/\/www.it.tarnow.pl\/en\/worth-seeing\/","name":"Worth seeing - Tarnowskie Centrum Informacji","isPartOf":{"@id":"https:\/\/www.it.tarnow.pl\/#website"},"datePublished":"2009-11-30T09:56:53+00:00","dateModified":"2019-04-03T13:13:56+00:00","breadcrumb":{"@id":"https:\/\/www.it.tarnow.pl\/en\/worth-seeing\/#breadcrumb"},"inLanguage":"en-US","potentialAction":[{"@type":"ReadAction","target":["https:\/\/www.it.tarnow.pl\/en\/worth-seeing\/"]}]},{"@type":"BreadcrumbList","@id":"https:\/\/www.it.tarnow.pl\/en\/worth-seeing\/#breadcrumb","itemListElement":[{"@type":"ListItem","position":1,"name":"Home page","item":"https:\/\/www.it.tarnow.pl\/en\/"},{"@type":"ListItem","position":2,"name":"Worth seeing"}]},{"@type":"WebSite","@id":"https:\/\/www.it.tarnow.pl\/#website","url":"https:\/\/www.it.tarnow.pl\/","name":"Tarnowskie Centrum Informacji","description":"Informacja turystyczna o Tarnowie i regionie tarnowskim.","potentialAction":[{"@type":"SearchAction","target":{"@type":"EntryPoint","urlTemplate":"https:\/\/www.it.tarnow.pl\/?s={search_term_string}"},"query-input":{"@type":"PropertyValueSpecification","valueRequired":true,"valueName":"search_term_string"}}],"inLanguage":"en-US"}]}},"_links":{"self":[{"href":"https:\/\/www.it.tarnow.pl\/en\/wp-json\/wp\/v2\/pages\/9548","targetHints":{"allow":["GET"]}}],"collection":[{"href":"https:\/\/www.it.tarnow.pl\/en\/wp-json\/wp\/v2\/pages"}],"about":[{"href":"https:\/\/www.it.tarnow.pl\/en\/wp-json\/wp\/v2\/types\/page"}],"author":[{"embeddable":true,"href":"https:\/\/www.it.tarnow.pl\/en\/wp-json\/wp\/v2\/users\/1"}],"replies":[{"embeddable":true,"href":"https:\/\/www.it.tarnow.pl\/en\/wp-json\/wp\/v2\/comments?post=9548"}],"version-history":[{"count":0,"href":"https:\/\/www.it.tarnow.pl\/en\/wp-json\/wp\/v2\/pages\/9548\/revisions"}],"wp:attachment":[{"href":"https:\/\/www.it.tarnow.pl\/en\/wp-json\/wp\/v2\/media?parent=9548"}],"wp:term":[{"taxonomy":"post_tag","embeddable":true,"href":"https:\/\/www.it.tarnow.pl\/en\/wp-json\/wp\/v2\/tags?post=9548"}],"curies":[{"name":"wp","href":"https:\/\/api.w.org\/{rel}","templated":true}]}}