{"id":9985,"date":"2010-08-09T13:28:34","date_gmt":"2010-08-09T11:28:34","guid":{"rendered":"http:\/\/www.it.tarnow.pl\/suche-nach-familienmitgliedern\/"},"modified":"2022-05-08T10:45:52","modified_gmt":"2022-05-08T08:45:52","slug":"suche-nach-familienmitgliedern","status":"publish","type":"page","link":"https:\/\/www.it.tarnow.pl\/de\/infos\/suche-nach-familienmitgliedern\/","title":{"rendered":"Suche nach Familienmitgliedern"},"content":{"rendered":"<p>Falls Sie nach Ihren Familienmitgliedern suchen, versuchen Sie:<\/p>\r\n<p>&nbsp;<\/p>\r\n<ul>\r\n\t<li><b>Staatliches Archiv in Krakau &#8211; Abteilung in Tarn\u00f3w<\/b><\/li>\r\n<\/ul>\r\n<p style=\"text-align: left;\">Archiwum Pa\u0144stwowe w Krakowie. Oddzia\u0142 w Tarnowie<br \/>\r\nul. Chemiczna 16<br \/>\r\n33-101 Tarn\u00f3w<br \/>\r\nPOLEN<br \/>\r\nTel: +48 14 633 06 21<br \/>\r\n<a class=\"target_blank\" href=\"http:\/\/www.archiwum.krakow.pl\/menueng.php\">www.archiwum.krakow.pl<\/a> \u00a0e-mail: <a href=\"mailto:tarnow@archiwum.krakow.pl\">tarnow@archiwum.krakow.pl<\/a><\/p>\r\n<p>&nbsp;<\/p>\r\n<p>&nbsp;<\/p>\r\n<ul>\r\n\t<li><b>Das Di\u00f6zesanarchiv in Tarn\u00f3w<\/b><\/li>\r\n<\/ul>\r\n<p>Archiwum Diecezjalne in \u00a0Tarn\u00f3w\u00a0<br \/>\r\nul. Katedralna 3<br \/>\r\n33-100 Tarn\u00f3w<br \/>\r\nPOLEN<br \/>\r\nTel: + 48 14 622 34 23, +48 14 626 21 23<br \/>\r\n<a class=\"target_blank\" href=\"http:\/\/www.archiwum.diecezja.tarnow.pl\/\">www.archiwum.diecezja.tarnow.pl<\/a> \u00a0 e-mail:\u00a0<a href=\"mailto:arch-diec@diecezja.tarnow.pl\">arch-diec@diecezja.tarnow.pl<\/a> <a href=\"mailto:arch-diec@diecezja.tarnow.pl\">\u00a0<\/a><\/p>\r\n<p>&nbsp;<\/p>\r\n<ul>\r\n\t<li><b>Standesamt in Tarn\u00f3w<\/b><\/li>\r\n<\/ul>\r\n<p>Urz\u0105d Stanu Cywilnego<br \/>\r\nul. Nowa 4 (bis zum 31. Januar 2020: ul. Gumniska 30)<br \/>\r\n33-100 Tarn\u00f3w<br \/>\r\nPOLEN<br \/>\r\nTel: +48 14 688 90 85; +48 14 688 90 86<br \/>\r\ne-mail:\u00a0<a href=\"mailto:usc@umt.tarnow.pl\">usc@umt.tarnow.pl<\/a><\/p>\r\n<p>&nbsp;<\/p>\r\n<h3 class=\"h1\">Suche in den Archiven<br \/>\r\n&#8211; Sammlung von Online-Archiv<\/h3>\r\n<p><a href=\"https:\/\/www.szukajwarchiwach.gov.pl\/de\/strona_glowna\">https:\/\/www.szukajwarchiwach.gov.pl\/de\/strona_glowna<\/a><\/p>\r\n<p>&nbsp;<\/p>\r\n<p>Lezte Aktualisierung: 08.05.2022<\/p>","protected":false},"excerpt":{"rendered":"Falls Sie nach Ihren Familienmitgliedern suchen, versuchen Sie: &nbsp; Staatliches Archiv in Krakau &#8211; Abteilung in Tarn\u00f3w Archiwum Pa\u0144stwowe w Krakowie. Oddzia\u0142 w Tarnowie ul. Chemiczna 16 33-101 Tarn\u00f3w POLEN [&hellip;]","protected":false},"author":1,"featured_media":0,"parent":9980,"menu_order":799,"comment_status":"closed","ping_status":"closed","template":"","meta":{"_acf_changed":false,"footnotes":""},"tags":[],"class_list":["post-9985","page","type-page","status-publish","hentry"],"acf":{"old_object_id":"5612","old_parent_id":"221","old_url":"Infos\/Suche-nach-Familienmitgliedern","intro_text":"","show_children":"1","class":"folder","type":"single","in_menu":true,"show_date":false,"map":"","old_id":"","top_column":"","left_column":"","right_column":"","bottom_column":"","skip_import":false,"_menu_related_id":"96113","rooms_info":""},"yoast_head":"<!-- This site is optimized with the Yoast SEO Premium plugin v25.4 (Yoast SEO v25.4) - https:\/\/yoast.com\/wordpress\/plugins\/seo\/ -->\n<title>Suche nach Familienmitgliedern - Tarnowskie Centrum Informacji<\/title>\n<meta name=\"robots\" content=\"index, follow, max-snippet:-1, max-image-preview:large, max-video-preview:-1\" \/>\n<link rel=\"canonical\" href=\"https:\/\/www.it.tarnow.pl\/de\/infos\/suche-nach-familienmitgliedern\/\" \/>\n<meta property=\"og:locale\" content=\"de_DE\" \/>\n<meta property=\"og:type\" content=\"article\" \/>\n<meta property=\"og:title\" content=\"Suche nach Familienmitgliedern\" \/>\n<meta property=\"og:description\" content=\"Falls Sie nach Ihren Familienmitgliedern suchen, versuchen Sie: &nbsp; Staatliches Archiv in Krakau &#8211; Abteilung in Tarn\u00f3w Archiwum Pa\u0144stwowe w Krakowie. Oddzia\u0142 w Tarnowie ul. Chemiczna 16 33-101 Tarn\u00f3w POLEN [&hellip;]\" \/>\n<meta property=\"og:url\" content=\"https:\/\/www.it.tarnow.pl\/de\/infos\/suche-nach-familienmitgliedern\/\" \/>\n<meta property=\"og:site_name\" content=\"Tarnowskie Centrum Informacji\" \/>\n<meta property=\"article:modified_time\" content=\"2022-05-08T08:45:52+00:00\" \/>\n<meta name=\"twitter:card\" content=\"summary_large_image\" \/>\n<meta name=\"twitter:label1\" content=\"Gesch\u00e4tzte Lesezeit\" \/>\n\t<meta name=\"twitter:data1\" content=\"1\u00a0Minute\" \/>\n<script type=\"application\/ld+json\" class=\"yoast-schema-graph\">{\"@context\":\"https:\/\/schema.org\",\"@graph\":[{\"@type\":\"WebPage\",\"@id\":\"https:\/\/www.it.tarnow.pl\/de\/infos\/suche-nach-familienmitgliedern\/\",\"url\":\"https:\/\/www.it.tarnow.pl\/de\/infos\/suche-nach-familienmitgliedern\/\",\"name\":\"Suche nach Familienmitgliedern - Tarnowskie Centrum Informacji\",\"isPartOf\":{\"@id\":\"https:\/\/www.it.tarnow.pl\/#website\"},\"datePublished\":\"2010-08-09T11:28:34+00:00\",\"dateModified\":\"2022-05-08T08:45:52+00:00\",\"breadcrumb\":{\"@id\":\"https:\/\/www.it.tarnow.pl\/de\/infos\/suche-nach-familienmitgliedern\/#breadcrumb\"},\"inLanguage\":\"de\",\"potentialAction\":[{\"@type\":\"ReadAction\",\"target\":[\"https:\/\/www.it.tarnow.pl\/de\/infos\/suche-nach-familienmitgliedern\/\"]}]},{\"@type\":\"BreadcrumbList\",\"@id\":\"https:\/\/www.it.tarnow.pl\/de\/infos\/suche-nach-familienmitgliedern\/#breadcrumb\",\"itemListElement\":[{\"@type\":\"ListItem\",\"position\":1,\"name\":\"Homepage\",\"item\":\"https:\/\/www.it.tarnow.pl\/de\/\"},{\"@type\":\"ListItem\",\"position\":2,\"name\":\"Infos\",\"item\":\"https:\/\/www.it.tarnow.pl\/de\/infos\/\"},{\"@type\":\"ListItem\",\"position\":3,\"name\":\"Suche nach Familienmitgliedern\"}]},{\"@type\":\"WebSite\",\"@id\":\"https:\/\/www.it.tarnow.pl\/#website\",\"url\":\"https:\/\/www.it.tarnow.pl\/\",\"name\":\"Tarnowskie Centrum Informacji\",\"description\":\"Informacja turystyczna o Tarnowie i regionie tarnowskim.\",\"potentialAction\":[{\"@type\":\"SearchAction\",\"target\":{\"@type\":\"EntryPoint\",\"urlTemplate\":\"https:\/\/www.it.tarnow.pl\/?s={search_term_string}\"},\"query-input\":{\"@type\":\"PropertyValueSpecification\",\"valueRequired\":true,\"valueName\":\"search_term_string\"}}],\"inLanguage\":\"de\"}]}<\/script>\n<!-- \/ Yoast SEO Premium plugin. -->","yoast_head_json":{"title":"Suche nach Familienmitgliedern - Tarnowskie Centrum Informacji","robots":{"index":"index","follow":"follow","max-snippet":"max-snippet:-1","max-image-preview":"max-image-preview:large","max-video-preview":"max-video-preview:-1"},"canonical":"https:\/\/www.it.tarnow.pl\/de\/infos\/suche-nach-familienmitgliedern\/","og_locale":"de_DE","og_type":"article","og_title":"Suche nach Familienmitgliedern","og_description":"Falls Sie nach Ihren Familienmitgliedern suchen, versuchen Sie: &nbsp; Staatliches Archiv in Krakau &#8211; Abteilung in Tarn\u00f3w Archiwum Pa\u0144stwowe w Krakowie. Oddzia\u0142 w Tarnowie ul. Chemiczna 16 33-101 Tarn\u00f3w POLEN [&hellip;]","og_url":"https:\/\/www.it.tarnow.pl\/de\/infos\/suche-nach-familienmitgliedern\/","og_site_name":"Tarnowskie Centrum Informacji","article_modified_time":"2022-05-08T08:45:52+00:00","twitter_card":"summary_large_image","twitter_misc":{"Gesch\u00e4tzte Lesezeit":"1\u00a0Minute"},"schema":{"@context":"https:\/\/schema.org","@graph":[{"@type":"WebPage","@id":"https:\/\/www.it.tarnow.pl\/de\/infos\/suche-nach-familienmitgliedern\/","url":"https:\/\/www.it.tarnow.pl\/de\/infos\/suche-nach-familienmitgliedern\/","name":"Suche nach Familienmitgliedern - Tarnowskie Centrum Informacji","isPartOf":{"@id":"https:\/\/www.it.tarnow.pl\/#website"},"datePublished":"2010-08-09T11:28:34+00:00","dateModified":"2022-05-08T08:45:52+00:00","breadcrumb":{"@id":"https:\/\/www.it.tarnow.pl\/de\/infos\/suche-nach-familienmitgliedern\/#breadcrumb"},"inLanguage":"de","potentialAction":[{"@type":"ReadAction","target":["https:\/\/www.it.tarnow.pl\/de\/infos\/suche-nach-familienmitgliedern\/"]}]},{"@type":"BreadcrumbList","@id":"https:\/\/www.it.tarnow.pl\/de\/infos\/suche-nach-familienmitgliedern\/#breadcrumb","itemListElement":[{"@type":"ListItem","position":1,"name":"Homepage","item":"https:\/\/www.it.tarnow.pl\/de\/"},{"@type":"ListItem","position":2,"name":"Infos","item":"https:\/\/www.it.tarnow.pl\/de\/infos\/"},{"@type":"ListItem","position":3,"name":"Suche nach Familienmitgliedern"}]},{"@type":"WebSite","@id":"https:\/\/www.it.tarnow.pl\/#website","url":"https:\/\/www.it.tarnow.pl\/","name":"Tarnowskie Centrum Informacji","description":"Informacja turystyczna o Tarnowie i regionie tarnowskim.","potentialAction":[{"@type":"SearchAction","target":{"@type":"EntryPoint","urlTemplate":"https:\/\/www.it.tarnow.pl\/?s={search_term_string}"},"query-input":{"@type":"PropertyValueSpecification","valueRequired":true,"valueName":"search_term_string"}}],"inLanguage":"de"}]}},"_links":{"self":[{"href":"https:\/\/www.it.tarnow.pl\/de\/wp-json\/wp\/v2\/pages\/9985","targetHints":{"allow":["GET"]}}],"collection":[{"href":"https:\/\/www.it.tarnow.pl\/de\/wp-json\/wp\/v2\/pages"}],"about":[{"href":"https:\/\/www.it.tarnow.pl\/de\/wp-json\/wp\/v2\/types\/page"}],"author":[{"embeddable":true,"href":"https:\/\/www.it.tarnow.pl\/de\/wp-json\/wp\/v2\/users\/1"}],"replies":[{"embeddable":true,"href":"https:\/\/www.it.tarnow.pl\/de\/wp-json\/wp\/v2\/comments?post=9985"}],"version-history":[{"count":0,"href":"https:\/\/www.it.tarnow.pl\/de\/wp-json\/wp\/v2\/pages\/9985\/revisions"}],"up":[{"embeddable":true,"href":"https:\/\/www.it.tarnow.pl\/de\/wp-json\/wp\/v2\/pages\/9980"}],"wp:attachment":[{"href":"https:\/\/www.it.tarnow.pl\/de\/wp-json\/wp\/v2\/media?parent=9985"}],"wp:term":[{"taxonomy":"post_tag","embeddable":true,"href":"https:\/\/www.it.tarnow.pl\/de\/wp-json\/wp\/v2\/tags?post=9985"}],"curies":[{"name":"wp","href":"https:\/\/api.w.org\/{rel}","templated":true}]}}