{"id":9984,"date":"2010-08-09T13:27:25","date_gmt":"2010-08-09T11:27:25","guid":{"rendered":"http:\/\/www.it.tarnow.pl\/gesundheit\/"},"modified":"2020-04-27T14:41:09","modified_gmt":"2020-04-27T12:41:09","slug":"gesundheit","status":"publish","type":"page","link":"https:\/\/www.it.tarnow.pl\/de\/infos\/gesundheit\/","title":{"rendered":"Gesundheit"},"content":{"rendered":"<p>Bevor Sie nach Polen einreisen, sollten Sie eine Gesundheitsversicherung abschlie\u00dfen.<br \/>\r\n\u00a0Den B\u00fcrgern aus manchen L\u00e4ndern wird in Polen dank den internationalen Vertr\u00e4gern eine Nothilfe gew\u00e4hrleistet. Im Notfall rufen Sie unter <b>999<\/b> oder <b>112<\/b> an (geb\u00fchrenfreie Telefonnummer des Rettungsdienstes). Arzneimittel kann man in den Apotheken kaufen. Achtung! Arzneimittel, mit Ausnahme der einfachsten, werden nur verkauft, wenn eine Verschreibung vorgelegt wird.<\/p>\r\n<p>&nbsp;<\/p>\r\n<p><b>Medizinische<\/b> <b>Betreuung in Tarn\u00f3w:<\/b><\/p>\r\n<p>&nbsp;<\/p>\r\n<p>In Tarn\u00f3w befinden sich zwei Krankenh\u00e4user:<\/p>\r\n<p>&nbsp;<\/p>\r\n<p><b>Szpital Wojew\u00f3dzki im. \u015bw. \u0141ukasza SP ZOZ (NOTDIENST)<\/b>\u00a0<br \/>\r\nul. Lwowska 178 a, 33-100 Tarn\u00f3w <br \/>\r\nTel.: +48 14 631 50 00<\/p>\r\n<p><a href=\"http:\/\/www.lukasz.med.pl\">www.lukasz.med.pl<\/a><\/p>\r\n<p>&nbsp;<\/p>\r\n<p><b>Specjalistyczny Szpital im. E. Szczeklika SP ZOZ<\/b><br \/>\r\nul. Szpitalna 13, 33-100 Tarn\u00f3w <br \/>\r\nTel.: +48 14 631 01 00<\/p>\r\n<p><a href=\"http:\/\/www.ssz.tar.pl\">www.ssz.tar.pl<\/a><\/p>\r\n<p>&nbsp;<\/p>\r\n<p><b>M<\/b><b>edizinische\u00a0<\/b><b>Betreuung <\/b><b>(von Montag bis Freitag <\/b><b>\u00a018:00 &#8211; 8.00, <\/b><strong>am Wochenende und an Feiertagen<\/strong><b><\/b><b>):<\/b><\/p>\r\n<p>Szpital Wojew\u00f3dzki im. \u015bw. \u0141ukasza SP ZOZ, ul. Lwowska 178 a, 33-100 Tarn\u00f3w, tel.: 14 631 50 00,\u00a0<a href=\"http:\/\/www.lukasz.med.pl\/\">www.lukasz.med.pl<\/a><\/p>\r\n<p>Specjalistyczny Szpital im. E. Szczeklika SP ZOZ, ul. Szpitalna 13, 33-100 Tarn\u00f3w, tel.: 14 63 10\u00a0100,\u00a0<a href=\"http:\/\/www.ssz.tar.pl\/\">www.ssz.tar.pl<\/a><\/p>\r\n<p>&nbsp;<\/p>\r\n<p><b>Apothekennotdienst<\/b><b>\u00a0(<\/b><b>rund<\/b><b>\u00a0um\u00a0die\u00a0Uhr<\/b><b>\u00a0) in Tarn\u00f3w:<\/b><\/p>\r\n<p>ul. Lwowska 22<br \/>\r\npl. Dworcowy 1<\/p>\r\n<p>Auf unserer polnischen Webseite finden Sie ein vollst\u00e4ndiges Verzeichnis aller Institutionen der medizinischen Betreuung in Tarn\u00f3w: <a href=\"http:\/\/www.it.tarnow.pl\/przydatne-informacje\/apteki-szpitale\/#apteki\">www.tarnow.travel<\/a><\/p>\r\n<p>&nbsp;<\/p>\r\n<p>Letzte Aktualisierung: 27.04.2020<\/p>\r\n<p>&nbsp;<\/p>","protected":false},"excerpt":{"rendered":"Bevor Sie nach Polen einreisen, sollten Sie eine Gesundheitsversicherung abschlie\u00dfen. \u00a0Den B\u00fcrgern aus manchen L\u00e4ndern wird in Polen dank den internationalen Vertr\u00e4gern eine Nothilfe gew\u00e4hrleistet. Im Notfall rufen Sie unter [&hellip;]","protected":false},"author":1,"featured_media":0,"parent":9980,"menu_order":656,"comment_status":"closed","ping_status":"closed","template":"","meta":{"_acf_changed":false,"footnotes":""},"tags":[],"class_list":["post-9984","page","type-page","status-publish","hentry"],"acf":{"old_object_id":"5611","old_parent_id":"221","old_url":"Infos\/Gesundheit","intro_text":"","show_children":"1","class":"folder","type":"single","in_menu":true,"show_date":false,"map":"","old_id":"","rooms_info":"","top_column":"","left_column":"","right_column":"","bottom_column":"","skip_import":false,"_menu_related_id":"96109"},"yoast_head":"<!-- This site is optimized with the Yoast SEO Premium plugin v25.4 (Yoast SEO v25.4) - https:\/\/yoast.com\/wordpress\/plugins\/seo\/ -->\n<title>Gesundheit - Tarnowskie Centrum Informacji<\/title>\n<meta name=\"robots\" content=\"index, follow, max-snippet:-1, max-image-preview:large, max-video-preview:-1\" \/>\n<link rel=\"canonical\" href=\"https:\/\/www.it.tarnow.pl\/de\/infos\/gesundheit\/\" \/>\n<meta property=\"og:locale\" content=\"de_DE\" \/>\n<meta property=\"og:type\" content=\"article\" \/>\n<meta property=\"og:title\" content=\"Gesundheit\" \/>\n<meta property=\"og:description\" content=\"Bevor Sie nach Polen einreisen, sollten Sie eine Gesundheitsversicherung abschlie\u00dfen. \u00a0Den B\u00fcrgern aus manchen L\u00e4ndern wird in Polen dank den internationalen Vertr\u00e4gern eine Nothilfe gew\u00e4hrleistet. Im Notfall rufen Sie unter [&hellip;]\" \/>\n<meta property=\"og:url\" content=\"https:\/\/www.it.tarnow.pl\/de\/infos\/gesundheit\/\" \/>\n<meta property=\"og:site_name\" content=\"Tarnowskie Centrum Informacji\" \/>\n<meta property=\"article:modified_time\" content=\"2020-04-27T12:41:09+00:00\" \/>\n<meta name=\"twitter:card\" content=\"summary_large_image\" \/>\n<meta name=\"twitter:label1\" content=\"Gesch\u00e4tzte Lesezeit\" \/>\n\t<meta name=\"twitter:data1\" content=\"1\u00a0Minute\" \/>\n<script type=\"application\/ld+json\" class=\"yoast-schema-graph\">{\"@context\":\"https:\/\/schema.org\",\"@graph\":[{\"@type\":\"WebPage\",\"@id\":\"https:\/\/www.it.tarnow.pl\/de\/infos\/gesundheit\/\",\"url\":\"https:\/\/www.it.tarnow.pl\/de\/infos\/gesundheit\/\",\"name\":\"Gesundheit - Tarnowskie Centrum Informacji\",\"isPartOf\":{\"@id\":\"https:\/\/www.it.tarnow.pl\/#website\"},\"datePublished\":\"2010-08-09T11:27:25+00:00\",\"dateModified\":\"2020-04-27T12:41:09+00:00\",\"breadcrumb\":{\"@id\":\"https:\/\/www.it.tarnow.pl\/de\/infos\/gesundheit\/#breadcrumb\"},\"inLanguage\":\"de\",\"potentialAction\":[{\"@type\":\"ReadAction\",\"target\":[\"https:\/\/www.it.tarnow.pl\/de\/infos\/gesundheit\/\"]}]},{\"@type\":\"BreadcrumbList\",\"@id\":\"https:\/\/www.it.tarnow.pl\/de\/infos\/gesundheit\/#breadcrumb\",\"itemListElement\":[{\"@type\":\"ListItem\",\"position\":1,\"name\":\"Homepage\",\"item\":\"https:\/\/www.it.tarnow.pl\/de\/\"},{\"@type\":\"ListItem\",\"position\":2,\"name\":\"Infos\",\"item\":\"https:\/\/www.it.tarnow.pl\/de\/infos\/\"},{\"@type\":\"ListItem\",\"position\":3,\"name\":\"Gesundheit\"}]},{\"@type\":\"WebSite\",\"@id\":\"https:\/\/www.it.tarnow.pl\/#website\",\"url\":\"https:\/\/www.it.tarnow.pl\/\",\"name\":\"Tarnowskie Centrum Informacji\",\"description\":\"Informacja turystyczna o Tarnowie i regionie tarnowskim.\",\"potentialAction\":[{\"@type\":\"SearchAction\",\"target\":{\"@type\":\"EntryPoint\",\"urlTemplate\":\"https:\/\/www.it.tarnow.pl\/?s={search_term_string}\"},\"query-input\":{\"@type\":\"PropertyValueSpecification\",\"valueRequired\":true,\"valueName\":\"search_term_string\"}}],\"inLanguage\":\"de\"}]}<\/script>\n<!-- \/ Yoast SEO Premium plugin. -->","yoast_head_json":{"title":"Gesundheit - Tarnowskie Centrum Informacji","robots":{"index":"index","follow":"follow","max-snippet":"max-snippet:-1","max-image-preview":"max-image-preview:large","max-video-preview":"max-video-preview:-1"},"canonical":"https:\/\/www.it.tarnow.pl\/de\/infos\/gesundheit\/","og_locale":"de_DE","og_type":"article","og_title":"Gesundheit","og_description":"Bevor Sie nach Polen einreisen, sollten Sie eine Gesundheitsversicherung abschlie\u00dfen. \u00a0Den B\u00fcrgern aus manchen L\u00e4ndern wird in Polen dank den internationalen Vertr\u00e4gern eine Nothilfe gew\u00e4hrleistet. Im Notfall rufen Sie unter [&hellip;]","og_url":"https:\/\/www.it.tarnow.pl\/de\/infos\/gesundheit\/","og_site_name":"Tarnowskie Centrum Informacji","article_modified_time":"2020-04-27T12:41:09+00:00","twitter_card":"summary_large_image","twitter_misc":{"Gesch\u00e4tzte Lesezeit":"1\u00a0Minute"},"schema":{"@context":"https:\/\/schema.org","@graph":[{"@type":"WebPage","@id":"https:\/\/www.it.tarnow.pl\/de\/infos\/gesundheit\/","url":"https:\/\/www.it.tarnow.pl\/de\/infos\/gesundheit\/","name":"Gesundheit - Tarnowskie Centrum Informacji","isPartOf":{"@id":"https:\/\/www.it.tarnow.pl\/#website"},"datePublished":"2010-08-09T11:27:25+00:00","dateModified":"2020-04-27T12:41:09+00:00","breadcrumb":{"@id":"https:\/\/www.it.tarnow.pl\/de\/infos\/gesundheit\/#breadcrumb"},"inLanguage":"de","potentialAction":[{"@type":"ReadAction","target":["https:\/\/www.it.tarnow.pl\/de\/infos\/gesundheit\/"]}]},{"@type":"BreadcrumbList","@id":"https:\/\/www.it.tarnow.pl\/de\/infos\/gesundheit\/#breadcrumb","itemListElement":[{"@type":"ListItem","position":1,"name":"Homepage","item":"https:\/\/www.it.tarnow.pl\/de\/"},{"@type":"ListItem","position":2,"name":"Infos","item":"https:\/\/www.it.tarnow.pl\/de\/infos\/"},{"@type":"ListItem","position":3,"name":"Gesundheit"}]},{"@type":"WebSite","@id":"https:\/\/www.it.tarnow.pl\/#website","url":"https:\/\/www.it.tarnow.pl\/","name":"Tarnowskie Centrum Informacji","description":"Informacja turystyczna o Tarnowie i regionie tarnowskim.","potentialAction":[{"@type":"SearchAction","target":{"@type":"EntryPoint","urlTemplate":"https:\/\/www.it.tarnow.pl\/?s={search_term_string}"},"query-input":{"@type":"PropertyValueSpecification","valueRequired":true,"valueName":"search_term_string"}}],"inLanguage":"de"}]}},"_links":{"self":[{"href":"https:\/\/www.it.tarnow.pl\/de\/wp-json\/wp\/v2\/pages\/9984","targetHints":{"allow":["GET"]}}],"collection":[{"href":"https:\/\/www.it.tarnow.pl\/de\/wp-json\/wp\/v2\/pages"}],"about":[{"href":"https:\/\/www.it.tarnow.pl\/de\/wp-json\/wp\/v2\/types\/page"}],"author":[{"embeddable":true,"href":"https:\/\/www.it.tarnow.pl\/de\/wp-json\/wp\/v2\/users\/1"}],"replies":[{"embeddable":true,"href":"https:\/\/www.it.tarnow.pl\/de\/wp-json\/wp\/v2\/comments?post=9984"}],"version-history":[{"count":0,"href":"https:\/\/www.it.tarnow.pl\/de\/wp-json\/wp\/v2\/pages\/9984\/revisions"}],"up":[{"embeddable":true,"href":"https:\/\/www.it.tarnow.pl\/de\/wp-json\/wp\/v2\/pages\/9980"}],"wp:attachment":[{"href":"https:\/\/www.it.tarnow.pl\/de\/wp-json\/wp\/v2\/media?parent=9984"}],"wp:term":[{"taxonomy":"post_tag","embeddable":true,"href":"https:\/\/www.it.tarnow.pl\/de\/wp-json\/wp\/v2\/tags?post=9984"}],"curies":[{"name":"wp","href":"https:\/\/api.w.org\/{rel}","templated":true}]}}