{"id":9982,"date":"2010-08-09T11:51:29","date_gmt":"2010-08-09T09:51:29","guid":{"rendered":"http:\/\/www.it.tarnow.pl\/postdienste\/"},"modified":"2020-04-27T18:01:03","modified_gmt":"2020-04-27T16:01:03","slug":"postdienste","status":"publish","type":"page","link":"https:\/\/www.it.tarnow.pl\/de\/infos\/postdienste\/","title":{"rendered":"Postdienste"},"content":{"rendered":"<p>Die meisten Post\u00e4mter sind von 8 bis 20 Uhr ge\u00f6ffnet. Auf der Post kann man: Briefe verchicken, Pakete aufgeben, Briefmarken und Postkarten kaufen, Postanweisungen (inl\u00e4ndisch) realisieren und manche Schecks einl\u00f6sen. Der Preis der Briefmarke h\u00e4ngt von dem Gewicht des Briefes und des Landes ab, in das der Brief geschickt wird. Es wird auch beachtet, ob der Brief normal, oder als Luftpost verschickt wird, oder ob es ein Einschreiben ist. Um Telefongespr\u00e4che zu f\u00fchren, ist es am besten eine Telefonkarte zu kaufen. Die Telefonautomaten befinden sich an Bahnh\u00f6fen, in Hotels und in den Stadtzentren. Es gibt zwei Arten von Telefonkarten. Die eine Sorte funktioniert mit Chip (Chipkarten) und die andere weist einen Magnetstreifen auf (magnetische Karten). Letztere kann man nicht in jeder Telefonzelle verwenden.<\/p>\r\n<p>&nbsp;<\/p>\r\n<p><a href=\"http:\/\/www.it.tarnow.pl\/przydatne-informacje\/poczta-kurierzy\/#poczta\">Adressen von Post\u00e4mtern in Tarn\u00f3w<\/a><\/p>\r\n<p>&nbsp;<\/p>\r\n<p>Gespr\u00e4che f\u00fchren:<\/p>\r\n<p>Telefonieren vom Ausland nach Polen : +48 (die Landesvorwahl)+ die Nummer<br \/>\r\nTelefonieren von Polen ins Ausland: 00+ (die Landesvorwahl) + die Nummer<\/p>\r\n<p>Telefonieren in Polen zwischen den Zonen:<br \/>\r\nin Polen gibt es mehrere Telefonzonen, die ihre eigene Vorwahl haben, z.B.:<\/p>\r\n<p>Krak\u00f3w und seine Umgebung (12)<br \/>\r\nTarn\u00f3w und seine Umgebung (14)<br \/>\r\nNowy S\u0105cz, Zakopane und seine Umgebung (18)<br \/>\r\nO\u015bwi\u0119cim und seine Umgebung (33)<br \/>\r\nChrzan\u00f3w, Olkusz und seine Umgebung (32)<br \/>\r\nMiech\u00f3w und seine Umgebung (41)<\/p>\r\n<p>&nbsp;<\/p>\r\n<p>Je nachdem, ob Sie den Anruf aus einem \u00f6ffentlichen Telefonapparat, oder aus einem Privattelefon machen, gibt es verschiedene Regeln, die beim W\u00e4hlen der Nummer zu beachten sind:<\/p>\r\n<ul>\r\n\t<li>Vom privaten Telefonapparat 0 + \/1033, oder 1044, oder 1055, oder 1066\/ + \/Vorwahl\/ + Telefonnummer<\/li>\r\n\t<li>\r\n<p>Vom \u00f6ffentlichen Telefonapparat 0 + \/Vorwahl\/ + Telefonnummer<\/p>\r\n<p>&nbsp;<\/p>\r\n<\/li>\r\n<\/ul>\r\n<p>Mobiles Telefonieren ist in Polen sehr popul\u00e4r. Es gibt es mehrere Anbieter z.B.: PLAY, T-MOBILE, ORANGE und PLUS. Auf dem ganzen Gebiet gibt es praktisch keine (mit kleinen Ausnahmen) Probleme mit der Netzverf\u00fcgung.<\/p>\r\n<p>Lezte Aktualizierung: 27.04.2020<\/p>","protected":false},"excerpt":{"rendered":"Die meisten Post\u00e4mter sind von 8 bis 20 Uhr ge\u00f6ffnet. Auf der Post kann man: Briefe verchicken, Pakete aufgeben, Briefmarken und Postkarten kaufen, Postanweisungen (inl\u00e4ndisch) realisieren und manche Schecks einl\u00f6sen. [&hellip;]","protected":false},"author":1,"featured_media":0,"parent":9980,"menu_order":754,"comment_status":"closed","ping_status":"closed","template":"","meta":{"_acf_changed":false,"footnotes":""},"tags":[],"class_list":["post-9982","page","type-page","status-publish","hentry"],"acf":{"old_object_id":"5607","old_parent_id":"221","old_url":"Infos\/Postdienste","intro_text":"","show_children":"1","class":"folder","type":"single","in_menu":true,"show_date":false,"map":"","old_id":"","rooms_info":"","top_column":"","left_column":"","right_column":"","bottom_column":"","skip_import":false,"_menu_related_id":"96112"},"yoast_head":"<!-- This site is optimized with the Yoast SEO Premium plugin v25.4 (Yoast SEO v25.4) - https:\/\/yoast.com\/wordpress\/plugins\/seo\/ -->\n<title>Postdienste - Tarnowskie Centrum Informacji<\/title>\n<meta name=\"robots\" content=\"index, follow, max-snippet:-1, max-image-preview:large, max-video-preview:-1\" \/>\n<link rel=\"canonical\" href=\"https:\/\/www.it.tarnow.pl\/de\/infos\/postdienste\/\" \/>\n<meta property=\"og:locale\" content=\"de_DE\" \/>\n<meta property=\"og:type\" content=\"article\" \/>\n<meta property=\"og:title\" content=\"Postdienste\" \/>\n<meta property=\"og:description\" content=\"Die meisten Post\u00e4mter sind von 8 bis 20 Uhr ge\u00f6ffnet. Auf der Post kann man: Briefe verchicken, Pakete aufgeben, Briefmarken und Postkarten kaufen, Postanweisungen (inl\u00e4ndisch) realisieren und manche Schecks einl\u00f6sen. [&hellip;]\" \/>\n<meta property=\"og:url\" content=\"https:\/\/www.it.tarnow.pl\/de\/infos\/postdienste\/\" \/>\n<meta property=\"og:site_name\" content=\"Tarnowskie Centrum Informacji\" \/>\n<meta property=\"article:modified_time\" content=\"2020-04-27T16:01:03+00:00\" \/>\n<meta name=\"twitter:card\" content=\"summary_large_image\" \/>\n<meta name=\"twitter:label1\" content=\"Gesch\u00e4tzte Lesezeit\" \/>\n\t<meta name=\"twitter:data1\" content=\"1\u00a0Minute\" \/>\n<script type=\"application\/ld+json\" class=\"yoast-schema-graph\">{\"@context\":\"https:\/\/schema.org\",\"@graph\":[{\"@type\":\"WebPage\",\"@id\":\"https:\/\/www.it.tarnow.pl\/de\/infos\/postdienste\/\",\"url\":\"https:\/\/www.it.tarnow.pl\/de\/infos\/postdienste\/\",\"name\":\"Postdienste - Tarnowskie Centrum Informacji\",\"isPartOf\":{\"@id\":\"https:\/\/www.it.tarnow.pl\/#website\"},\"datePublished\":\"2010-08-09T09:51:29+00:00\",\"dateModified\":\"2020-04-27T16:01:03+00:00\",\"breadcrumb\":{\"@id\":\"https:\/\/www.it.tarnow.pl\/de\/infos\/postdienste\/#breadcrumb\"},\"inLanguage\":\"de\",\"potentialAction\":[{\"@type\":\"ReadAction\",\"target\":[\"https:\/\/www.it.tarnow.pl\/de\/infos\/postdienste\/\"]}]},{\"@type\":\"BreadcrumbList\",\"@id\":\"https:\/\/www.it.tarnow.pl\/de\/infos\/postdienste\/#breadcrumb\",\"itemListElement\":[{\"@type\":\"ListItem\",\"position\":1,\"name\":\"Homepage\",\"item\":\"https:\/\/www.it.tarnow.pl\/de\/\"},{\"@type\":\"ListItem\",\"position\":2,\"name\":\"Infos\",\"item\":\"https:\/\/www.it.tarnow.pl\/de\/infos\/\"},{\"@type\":\"ListItem\",\"position\":3,\"name\":\"Postdienste\"}]},{\"@type\":\"WebSite\",\"@id\":\"https:\/\/www.it.tarnow.pl\/#website\",\"url\":\"https:\/\/www.it.tarnow.pl\/\",\"name\":\"Tarnowskie Centrum Informacji\",\"description\":\"Informacja turystyczna o Tarnowie i regionie tarnowskim.\",\"potentialAction\":[{\"@type\":\"SearchAction\",\"target\":{\"@type\":\"EntryPoint\",\"urlTemplate\":\"https:\/\/www.it.tarnow.pl\/?s={search_term_string}\"},\"query-input\":{\"@type\":\"PropertyValueSpecification\",\"valueRequired\":true,\"valueName\":\"search_term_string\"}}],\"inLanguage\":\"de\"}]}<\/script>\n<!-- \/ Yoast SEO Premium plugin. -->","yoast_head_json":{"title":"Postdienste - Tarnowskie Centrum Informacji","robots":{"index":"index","follow":"follow","max-snippet":"max-snippet:-1","max-image-preview":"max-image-preview:large","max-video-preview":"max-video-preview:-1"},"canonical":"https:\/\/www.it.tarnow.pl\/de\/infos\/postdienste\/","og_locale":"de_DE","og_type":"article","og_title":"Postdienste","og_description":"Die meisten Post\u00e4mter sind von 8 bis 20 Uhr ge\u00f6ffnet. Auf der Post kann man: Briefe verchicken, Pakete aufgeben, Briefmarken und Postkarten kaufen, Postanweisungen (inl\u00e4ndisch) realisieren und manche Schecks einl\u00f6sen. [&hellip;]","og_url":"https:\/\/www.it.tarnow.pl\/de\/infos\/postdienste\/","og_site_name":"Tarnowskie Centrum Informacji","article_modified_time":"2020-04-27T16:01:03+00:00","twitter_card":"summary_large_image","twitter_misc":{"Gesch\u00e4tzte Lesezeit":"1\u00a0Minute"},"schema":{"@context":"https:\/\/schema.org","@graph":[{"@type":"WebPage","@id":"https:\/\/www.it.tarnow.pl\/de\/infos\/postdienste\/","url":"https:\/\/www.it.tarnow.pl\/de\/infos\/postdienste\/","name":"Postdienste - Tarnowskie Centrum Informacji","isPartOf":{"@id":"https:\/\/www.it.tarnow.pl\/#website"},"datePublished":"2010-08-09T09:51:29+00:00","dateModified":"2020-04-27T16:01:03+00:00","breadcrumb":{"@id":"https:\/\/www.it.tarnow.pl\/de\/infos\/postdienste\/#breadcrumb"},"inLanguage":"de","potentialAction":[{"@type":"ReadAction","target":["https:\/\/www.it.tarnow.pl\/de\/infos\/postdienste\/"]}]},{"@type":"BreadcrumbList","@id":"https:\/\/www.it.tarnow.pl\/de\/infos\/postdienste\/#breadcrumb","itemListElement":[{"@type":"ListItem","position":1,"name":"Homepage","item":"https:\/\/www.it.tarnow.pl\/de\/"},{"@type":"ListItem","position":2,"name":"Infos","item":"https:\/\/www.it.tarnow.pl\/de\/infos\/"},{"@type":"ListItem","position":3,"name":"Postdienste"}]},{"@type":"WebSite","@id":"https:\/\/www.it.tarnow.pl\/#website","url":"https:\/\/www.it.tarnow.pl\/","name":"Tarnowskie Centrum Informacji","description":"Informacja turystyczna o Tarnowie i regionie tarnowskim.","potentialAction":[{"@type":"SearchAction","target":{"@type":"EntryPoint","urlTemplate":"https:\/\/www.it.tarnow.pl\/?s={search_term_string}"},"query-input":{"@type":"PropertyValueSpecification","valueRequired":true,"valueName":"search_term_string"}}],"inLanguage":"de"}]}},"_links":{"self":[{"href":"https:\/\/www.it.tarnow.pl\/de\/wp-json\/wp\/v2\/pages\/9982","targetHints":{"allow":["GET"]}}],"collection":[{"href":"https:\/\/www.it.tarnow.pl\/de\/wp-json\/wp\/v2\/pages"}],"about":[{"href":"https:\/\/www.it.tarnow.pl\/de\/wp-json\/wp\/v2\/types\/page"}],"author":[{"embeddable":true,"href":"https:\/\/www.it.tarnow.pl\/de\/wp-json\/wp\/v2\/users\/1"}],"replies":[{"embeddable":true,"href":"https:\/\/www.it.tarnow.pl\/de\/wp-json\/wp\/v2\/comments?post=9982"}],"version-history":[{"count":0,"href":"https:\/\/www.it.tarnow.pl\/de\/wp-json\/wp\/v2\/pages\/9982\/revisions"}],"up":[{"embeddable":true,"href":"https:\/\/www.it.tarnow.pl\/de\/wp-json\/wp\/v2\/pages\/9980"}],"wp:attachment":[{"href":"https:\/\/www.it.tarnow.pl\/de\/wp-json\/wp\/v2\/media?parent=9982"}],"wp:term":[{"taxonomy":"post_tag","embeddable":true,"href":"https:\/\/www.it.tarnow.pl\/de\/wp-json\/wp\/v2\/tags?post=9982"}],"curies":[{"name":"wp","href":"https:\/\/api.w.org\/{rel}","templated":true}]}}