{"id":9981,"date":"2015-08-12T12:56:38","date_gmt":"2015-08-12T10:56:38","guid":{"rendered":"http:\/\/www.it.tarnow.pl\/touristen-hotline\/"},"modified":"2020-04-27T17:53:53","modified_gmt":"2020-04-27T15:53:53","slug":"touristen-hotline","status":"publish","type":"page","link":"https:\/\/www.it.tarnow.pl\/de\/infos\/touristen-hotline\/","title":{"rendered":"Touristen Hotline"},"content":{"rendered":"<p><b>Die wichtigsten Notrufnummern f\u00fcr Reisen nach Polen:<\/b><\/p>\r\n<p>&nbsp;<\/p>\r\n<p><b>Polizei \u2013 997<\/b><\/p>\r\n<p><b>Feuerwehr \u2013 998<\/b><\/p>\r\n<p><b>Rettungsdienst\/Notarzt \u2013 999<\/b><\/p>\r\n<p><b>(112 \u2013 vom Handy aus)<\/b><\/p>\r\n<p>&nbsp;<\/p>\r\n<p><b>Touristen-Hotline<\/b><\/p>\r\n<p>\u00dcber die Touristen-Hotline der Polnischen Tourismusorganisation k\u00f6nnen polnische und ausl\u00e4ndische G\u00e4ste neben touristischen Informationen zu Sehensw\u00fcrdigkeiten, Kultur- und Sportveranstaltungen sowie Unterk\u00fcnften und gastronomischen Einrichtungen, auch Hilfe in Notfallsituationen erhalten. Wer seine Dokumente verliert, medizinische Hilfe ben\u00f6tigt, eine Panne oder andere Probleme hat, kann sich an diese wenden.<\/p>\r\n<p>Nutzen Sie dazu bitte eine der folgenden Telefonnummern:<\/p>\r\n<p><b>Tel: (0048) 22 278 77 77<\/b><\/p>\r\n<p><b>oder<\/b><\/p>\r\n<p><b>Tel: (0048) 608 599 999 (Mobiltelefon)<\/b><\/p>\r\n<p>Die anfallenden Kosten f\u00fcr Ihren Anruf richten sich nach den Tarifen des jeweiligen Telekommunikationsanbieters. Die Auskunft ist (au\u00dfer an gesetzlichen Feiertagen)<br \/>\r\nt\u00e4glich von 8 bis 18 Uhr, zwischen dem 01. Juni und dem 30. September von 8 bis 20 Uhr erreichbar.<\/p>\r\n<p>Ausk\u00fcnfte erhalten Sie auch per e-Mail:\u00a0<strong><a href=\"mailto:cc@pot.gov.pl\">cc@pot.gov.pl<\/a><br \/>\r\n<br \/>\r\n<\/strong><\/p>\r\n<p>Die Touristen-Hotline erteilt ganzj\u00e4hrig Ausk\u00fcnfte in polnischer, spanischer, englischer und deutscher Sprache.<br \/>\r\n<br \/>\r\n<\/p>\r\n<p>Das Notruftelefon ist eine gemeinsame Initiative des Ministeriums f\u00fcr Sport und Tourismus, der Hauptkommandantur der Polizei,<br \/>\r\ndem Amt f\u00fcr Ausl\u00e4nderangelegenheiten und der Polnischen Organisation f\u00fcr Tourismus.<\/p>\r\n<p>\u00a0Mehr Informationen unter:\u00a0<a href=\"https:\/\/www.polen.travel\/de\/reisen\/notrufnummern\"> www.polen.travel\u00a0<\/a><\/p>","protected":false},"excerpt":{"rendered":"Die wichtigsten Notrufnummern f\u00fcr Reisen nach Polen: &nbsp; Polizei \u2013 997 Feuerwehr \u2013 998 Rettungsdienst\/Notarzt \u2013 999 (112 \u2013 vom Handy aus) &nbsp; Touristen-Hotline \u00dcber die Touristen-Hotline der Polnischen Tourismusorganisation [&hellip;]","protected":false},"author":18,"featured_media":0,"parent":9980,"menu_order":836,"comment_status":"closed","ping_status":"closed","template":"","meta":{"_acf_changed":false,"footnotes":""},"tags":[],"class_list":["post-9981","page","type-page","status-publish","hentry"],"acf":{"old_object_id":"20324","old_parent_id":"221","old_url":"Infos\/Touristen-Hotline","intro_text":"","show_children":"1","class":"folder","type":"single","in_menu":true,"show_date":false,"map":"","old_id":"","rooms_info":"","top_column":"","left_column":"","right_column":"","bottom_column":"","skip_import":false,"_menu_related_id":"96114"},"yoast_head":"<!-- This site is optimized with the Yoast SEO Premium plugin v25.4 (Yoast SEO v25.4) - https:\/\/yoast.com\/wordpress\/plugins\/seo\/ -->\n<title>Touristen Hotline - Tarnowskie Centrum Informacji<\/title>\n<meta name=\"robots\" content=\"index, follow, max-snippet:-1, max-image-preview:large, max-video-preview:-1\" \/>\n<link rel=\"canonical\" href=\"https:\/\/www.it.tarnow.pl\/de\/infos\/touristen-hotline\/\" \/>\n<meta property=\"og:locale\" content=\"de_DE\" \/>\n<meta property=\"og:type\" content=\"article\" \/>\n<meta property=\"og:title\" content=\"Touristen Hotline\" \/>\n<meta property=\"og:description\" content=\"Die wichtigsten Notrufnummern f\u00fcr Reisen nach Polen: &nbsp; Polizei \u2013 997 Feuerwehr \u2013 998 Rettungsdienst\/Notarzt \u2013 999 (112 \u2013 vom Handy aus) &nbsp; Touristen-Hotline \u00dcber die Touristen-Hotline der Polnischen Tourismusorganisation [&hellip;]\" \/>\n<meta property=\"og:url\" content=\"https:\/\/www.it.tarnow.pl\/de\/infos\/touristen-hotline\/\" \/>\n<meta property=\"og:site_name\" content=\"Tarnowskie Centrum Informacji\" \/>\n<meta property=\"article:modified_time\" content=\"2020-04-27T15:53:53+00:00\" \/>\n<meta name=\"twitter:card\" content=\"summary_large_image\" \/>\n<meta name=\"twitter:label1\" content=\"Gesch\u00e4tzte Lesezeit\" \/>\n\t<meta name=\"twitter:data1\" content=\"1\u00a0Minute\" \/>\n<script type=\"application\/ld+json\" class=\"yoast-schema-graph\">{\"@context\":\"https:\/\/schema.org\",\"@graph\":[{\"@type\":\"WebPage\",\"@id\":\"https:\/\/www.it.tarnow.pl\/de\/infos\/touristen-hotline\/\",\"url\":\"https:\/\/www.it.tarnow.pl\/de\/infos\/touristen-hotline\/\",\"name\":\"Touristen Hotline - Tarnowskie Centrum Informacji\",\"isPartOf\":{\"@id\":\"https:\/\/www.it.tarnow.pl\/#website\"},\"datePublished\":\"2015-08-12T10:56:38+00:00\",\"dateModified\":\"2020-04-27T15:53:53+00:00\",\"breadcrumb\":{\"@id\":\"https:\/\/www.it.tarnow.pl\/de\/infos\/touristen-hotline\/#breadcrumb\"},\"inLanguage\":\"de\",\"potentialAction\":[{\"@type\":\"ReadAction\",\"target\":[\"https:\/\/www.it.tarnow.pl\/de\/infos\/touristen-hotline\/\"]}]},{\"@type\":\"BreadcrumbList\",\"@id\":\"https:\/\/www.it.tarnow.pl\/de\/infos\/touristen-hotline\/#breadcrumb\",\"itemListElement\":[{\"@type\":\"ListItem\",\"position\":1,\"name\":\"Homepage\",\"item\":\"https:\/\/www.it.tarnow.pl\/de\/\"},{\"@type\":\"ListItem\",\"position\":2,\"name\":\"Infos\",\"item\":\"https:\/\/www.it.tarnow.pl\/de\/infos\/\"},{\"@type\":\"ListItem\",\"position\":3,\"name\":\"Touristen Hotline\"}]},{\"@type\":\"WebSite\",\"@id\":\"https:\/\/www.it.tarnow.pl\/#website\",\"url\":\"https:\/\/www.it.tarnow.pl\/\",\"name\":\"Tarnowskie Centrum Informacji\",\"description\":\"Informacja turystyczna o Tarnowie i regionie tarnowskim.\",\"potentialAction\":[{\"@type\":\"SearchAction\",\"target\":{\"@type\":\"EntryPoint\",\"urlTemplate\":\"https:\/\/www.it.tarnow.pl\/?s={search_term_string}\"},\"query-input\":{\"@type\":\"PropertyValueSpecification\",\"valueRequired\":true,\"valueName\":\"search_term_string\"}}],\"inLanguage\":\"de\"}]}<\/script>\n<!-- \/ Yoast SEO Premium plugin. -->","yoast_head_json":{"title":"Touristen Hotline - Tarnowskie Centrum Informacji","robots":{"index":"index","follow":"follow","max-snippet":"max-snippet:-1","max-image-preview":"max-image-preview:large","max-video-preview":"max-video-preview:-1"},"canonical":"https:\/\/www.it.tarnow.pl\/de\/infos\/touristen-hotline\/","og_locale":"de_DE","og_type":"article","og_title":"Touristen Hotline","og_description":"Die wichtigsten Notrufnummern f\u00fcr Reisen nach Polen: &nbsp; Polizei \u2013 997 Feuerwehr \u2013 998 Rettungsdienst\/Notarzt \u2013 999 (112 \u2013 vom Handy aus) &nbsp; Touristen-Hotline \u00dcber die Touristen-Hotline der Polnischen Tourismusorganisation [&hellip;]","og_url":"https:\/\/www.it.tarnow.pl\/de\/infos\/touristen-hotline\/","og_site_name":"Tarnowskie Centrum Informacji","article_modified_time":"2020-04-27T15:53:53+00:00","twitter_card":"summary_large_image","twitter_misc":{"Gesch\u00e4tzte Lesezeit":"1\u00a0Minute"},"schema":{"@context":"https:\/\/schema.org","@graph":[{"@type":"WebPage","@id":"https:\/\/www.it.tarnow.pl\/de\/infos\/touristen-hotline\/","url":"https:\/\/www.it.tarnow.pl\/de\/infos\/touristen-hotline\/","name":"Touristen Hotline - Tarnowskie Centrum Informacji","isPartOf":{"@id":"https:\/\/www.it.tarnow.pl\/#website"},"datePublished":"2015-08-12T10:56:38+00:00","dateModified":"2020-04-27T15:53:53+00:00","breadcrumb":{"@id":"https:\/\/www.it.tarnow.pl\/de\/infos\/touristen-hotline\/#breadcrumb"},"inLanguage":"de","potentialAction":[{"@type":"ReadAction","target":["https:\/\/www.it.tarnow.pl\/de\/infos\/touristen-hotline\/"]}]},{"@type":"BreadcrumbList","@id":"https:\/\/www.it.tarnow.pl\/de\/infos\/touristen-hotline\/#breadcrumb","itemListElement":[{"@type":"ListItem","position":1,"name":"Homepage","item":"https:\/\/www.it.tarnow.pl\/de\/"},{"@type":"ListItem","position":2,"name":"Infos","item":"https:\/\/www.it.tarnow.pl\/de\/infos\/"},{"@type":"ListItem","position":3,"name":"Touristen Hotline"}]},{"@type":"WebSite","@id":"https:\/\/www.it.tarnow.pl\/#website","url":"https:\/\/www.it.tarnow.pl\/","name":"Tarnowskie Centrum Informacji","description":"Informacja turystyczna o Tarnowie i regionie tarnowskim.","potentialAction":[{"@type":"SearchAction","target":{"@type":"EntryPoint","urlTemplate":"https:\/\/www.it.tarnow.pl\/?s={search_term_string}"},"query-input":{"@type":"PropertyValueSpecification","valueRequired":true,"valueName":"search_term_string"}}],"inLanguage":"de"}]}},"_links":{"self":[{"href":"https:\/\/www.it.tarnow.pl\/de\/wp-json\/wp\/v2\/pages\/9981","targetHints":{"allow":["GET"]}}],"collection":[{"href":"https:\/\/www.it.tarnow.pl\/de\/wp-json\/wp\/v2\/pages"}],"about":[{"href":"https:\/\/www.it.tarnow.pl\/de\/wp-json\/wp\/v2\/types\/page"}],"author":[{"embeddable":true,"href":"https:\/\/www.it.tarnow.pl\/de\/wp-json\/wp\/v2\/users\/18"}],"replies":[{"embeddable":true,"href":"https:\/\/www.it.tarnow.pl\/de\/wp-json\/wp\/v2\/comments?post=9981"}],"version-history":[{"count":0,"href":"https:\/\/www.it.tarnow.pl\/de\/wp-json\/wp\/v2\/pages\/9981\/revisions"}],"up":[{"embeddable":true,"href":"https:\/\/www.it.tarnow.pl\/de\/wp-json\/wp\/v2\/pages\/9980"}],"wp:attachment":[{"href":"https:\/\/www.it.tarnow.pl\/de\/wp-json\/wp\/v2\/media?parent=9981"}],"wp:term":[{"taxonomy":"post_tag","embeddable":true,"href":"https:\/\/www.it.tarnow.pl\/de\/wp-json\/wp\/v2\/tags?post=9981"}],"curies":[{"name":"wp","href":"https:\/\/api.w.org\/{rel}","templated":true}]}}