{"id":9979,"date":"2010-08-09T11:31:12","date_gmt":"2010-08-09T09:31:12","guid":{"rendered":"http:\/\/www.it.tarnow.pl\/andere\/"},"modified":"2026-01-16T12:18:38","modified_gmt":"2026-01-16T11:18:38","slug":"andere","status":"publish","type":"page","link":"https:\/\/www.it.tarnow.pl\/de\/restaurants-2\/andere\/","title":{"rendered":"Andere"},"content":{"rendered":"<p>&nbsp;<\/p>\r\n<h2><b>Pizzerias <\/b><\/h2>\r\n<p>&nbsp;<\/p>\r\n<p><b>&#8222;Maranto&#8220; Pizzeria<\/b><br \/>\r\n\u00a033-100 Tarn\u00f3w, ul. Wa\u0142owa 26<br \/>\r\n\u00a0Tel. +48 14 629 41 10, +48 14 622 46 78<br \/>\r\n\u00a0<a class=\"target_blank\" href=\"http:\/\/www.maranto.pl\/\">maranto.pl<\/a> \u00a0 <a href=\"mailto:marantopizzeria@gmail.com\">marantopizzeria@gmail.com<\/a> <br \/>\r\n\u00a0Aktualisierung: 16.01.2026<\/p>\r\n<p>&nbsp;<\/p>\r\n<p>\u00a0<b>&#8222;Aida&#8220; Pizzeria<\/b><br \/>\r\n\u00a033-100 Tarn\u00f3w, ul. Wa\u0142owa 4<br \/>\r\n\u00a0Tel: +48 662 253 337<br \/>\r\n<a href=\"https:\/\/aida-restauracja.pl\">aida-restauracja.pl<\/a> \u00a0 <a href=\"mailto:restauracja.aida@interia.pl\">restauracja.aida@interia.pl<\/a><br \/>\r\nAktualisierung: 16.01.2026<\/p>\r\n<p>&nbsp;<\/p>\r\n<p><strong>&#8222;Pod Trzynastk\u0105&#8220; Pizzeria\u00a0<\/strong><br \/>\r\n33-100 Tarn\u00f3w, ul. Wa\u0142owa 13<br \/>\r\nTel. +48 14 621 97 35\u00a0<br \/>\r\n<a href=\"https:\/\/www.facebook.com\/profile.php?id=100041234799319\">facebook.com<\/a><br \/>\r\nAktualisierung: 16.01.2026<\/p>\r\n<p>&nbsp;<\/p>\r\n<p><b>PHU \u201cBujani\u201d Pizzeria<\/b><br \/>\r\n\u00a033-100 Tarn\u00f3w, ul. Urszula\u0144ska 7<br \/>\r\n\u00a0tel. +48 515 202 431<br \/>\r\n\u00a0<a class=\"target_blank\" href=\"http:\/\/www.bujanipizza.pl\/\">bujanipizza.pl<\/a> \u00a0\u00a0<a href=\"mailto:bujani@op.pl\">bujani@op.pl<\/a><br \/>\r\nAktualisierung: 16.01.2026<\/p>\r\n<p>&nbsp;<\/p>\r\n<p><b>\u201cDesperado\u201d Pizzeria Pub<\/b><br \/>\r\n\u00a033-100 Tarn\u00f3w, <span class=\"LrzXr\">al. Jana Paw\u0142a II 5<\/span><br \/>\r\n\u00a0Tel: +48 14 620 10 17, Mobil: +48 662 098 944<br \/>\r\n\u00a0<a class=\"target_blank\" href=\"http:\/\/www.desperadopub.pl\/\">desperadopub.pl<\/a> \u00a0 <a href=\"mailto:pub.desperado@gmail.com\">pub.desperado@gmail.com<\/a><br \/>\r\n\u00a0Aktualisierung: 16.01.2026<\/p>\r\n<p>&nbsp;<\/p>\r\n<p><b>Pizzeria Grande Forno<\/b><br \/>\r\n33-100 Tarn\u00f3w, ul. Tuchowska 80<br \/>\r\nMobil: +48 508 445 559<br \/>\r\n<a href=\"http:\/\/www.grandeforno.pl\/?fbclid=IwAR0XstwOVQ9AYt-NZwE_bzZwq--7LqPZ9oNiQE1LTkrUaQfRqrWyqCmY9d0\" target=\"_blank\" rel=\"noopener nofollow noreferrer\" data-ft=\"{&quot;tn&quot;:&quot;-U&quot;}\" data-lynx-mode=\"asynclazy\" data-lynx-uri=\"https:\/\/l.facebook.com\/l.php?u=http%3A%2F%2Fwww.grandeforno.pl%2F%3Ffbclid%3DIwAR0XstwOVQ9AYt-NZwE_bzZwq--7LqPZ9oNiQE1LTkrUaQfRqrWyqCmY9d0&amp;h=AT3KR2yIv7xA_1e6G4uLHVf8Qr9XSQjVUZ8j7zTyOPc20hjBwWOCcB90mK_Xj66jBNVp05tIpRt-jCDThfDRr6dHBXwhxji1V7UvFPlQdYHQjRn8zC_JIpfFSqG6A8PIZ1Twhx5T\">grandeforno.pl<\/a><br \/>\r\nAktualisierung: 16.01.2026<\/p>\r\n<p>&nbsp;<\/p>\r\n<p><strong>Pizzeria \u201cRotunda\u201d<\/strong><br \/>\r\n33-100 Tarn\u00f3w, ul. Kwiatkowskiego 20<br \/>\r\nTel.: +48 661 999 911<br \/>\r\n<a href=\"http:\/\/www.pizzeriarotunda.pl\/\">pizzeriarotunda.pl<\/a> \u00a0 <a href=\"mailto:biuro@geo-pomiar.net.pl\"><span data-mce-mark=\"1\">biuro@geo-pomiar.net.pl<\/span><\/a><br \/>\r\nAktualisierung: 16.01.2026<\/p>\r\n<p>&nbsp;<\/p>\r\n<p><strong>Pizzeria Fornax PIZZA<\/strong><br \/>\r\n33-100 Tarn\u00f3w, ul. Lwowska 205<br \/>\r\nTel.: +48 <span class=\"elementor-icon-list-text\">733 659 315<\/span><br \/>\r\n<a href=\"https:\/\/pizzafornax.pl\/\">pizzafornax.pl<\/a><br \/>\r\nAktualisierung: 16.01.2026<\/p>\r\n<p>&nbsp;<\/p>\r\n<p>&nbsp;<\/p>\r\n<h2><b>Fast-food<\/b><\/h2>\r\n<p>&nbsp;<\/p>\r\n<p>\u00a0<b>Bar &#8222;Frasses&#8220;<\/b><br \/>\r\n\u00a033-100 Tarn\u00f3w, ul. S\u0142oneczna 22, Tel. +48 14 627 27 14<br \/>\r\n\u00a033-100 Tarn\u00f3w, plac Sobieskiego 3, Tel; + 48\u00a014 622 37 88<br \/>\r\n\u00a0<a href=\"https:\/\/www.frassesbar.pl\/#\">frassesbar.pl<\/a><br \/>\r\n\u00a0Aktualisierung: 16.01.2026<\/p>\r\n<p>&nbsp;<\/p>\r\n<p><strong>\u00a0&#8222;MAGDEN DERSIM&#8220; t\u00fcrkisch D\u00f6ner<\/strong> <br \/>\r\n\u00a0Pu\u0142askiego 5a, 33-100 Tarn\u00f3w <br \/>\r\n\u00a0Tel. +48 789 157 977<br \/>\r\n\u00a0<a href=\"https:\/\/www.facebook.com\/mageddersim\/\">facebook.com<\/a><br \/>\r\n\u00a0Aktualisierung: 16.01.2026<\/p>\r\n<p>&nbsp;<\/p>\r\n<p><strong>\u201cMcDonalds\u201d<\/strong><br \/>\r\n33-100 Tarn\u00f3w, ul. Szkotnik 2e<br \/>\r\nTel: +48 694 495 997<br \/>\r\n33-100 Tarn\u00f3w , Aleja Jana Paw\u0142a II 26<br \/>\r\nMobil: +48 799 821 566<br \/>\r\n33-100 Tarn\u00f3w, ul. Krakowska 309<br \/>\r\n<span class=\"LrzXr zdqRlf kno-fv\"><span aria-label=\"Zadzwo\u0144 pod numer 728 856 264\">Mobil: +48 728 856 264<\/span><\/span><br \/>\r\n<a href=\"https:\/\/mcdonalds.pl\/\">mcdonalds.pl<\/a><br \/>\r\nAktualisierung: 16.01.2026<\/p>\r\n<p>&nbsp;<\/p>\r\n<p><strong>KFC <\/strong><br \/>\r\n33-100 Tarn\u00f3w, ul. Nowod\u0105browska 127, Mobil:<span class=\"control-label-value text-font-18-line-26 font-weight-500\">+48 519 191 739<\/span><br \/>\r\n33-100 Tarn\u00f3w, ul. Lwowska 116, Mobil: +48 22 536 36 36 <br \/>\r\nAktualisierung: 16.01.2026<\/p>\r\n<p>&nbsp;<\/p>\r\n<p><strong>Efes Kebab<\/strong><br \/>\r\nul. Rynek 9, 33-100 Tarn\u00f3w<br \/>\r\nul. Katedralna 4, 33-100 Tarn\u00f3w<br \/>\r\nTel: +48 14 648 30 00, Mobil: +48 533 308 608<br \/>\r\n<a href=\"http:\/\/www.efestarnow.pl\">efestarnow.pl<\/a> \u00a0 <a href=\"mailto:ok@efestarnow.pl\">efes@interia.eu<\/a><br \/>\r\nAktualisierung: 16.01.2026<\/p>\r\n<p>&nbsp;<\/p>\r\n<p><strong>Indie Kebab &amp; Curry<\/strong><br \/>\r\n33-100 Tarn\u00f3w, ul. Nowy \u015awiat 3<br \/>\r\nMobil: +48 <span class=\"x193iq5w xeuugli x13faqbe x1vvkbs x1xmvt09 x1lliihq x1s928wv xhkezso x1gmr53x x1cpjm7i x1fgarty x1943h6x xudqn12 x3x7a5m x6prxxf xvq8zen xo1l8bm xzsf02u x1yc453h\" dir=\"auto\">880 076 762<\/span><br \/>\r\n<a href=\"http:\/\/indiekebabandcurry.pl\">indiekebabandcurry.pl<\/a> \u00a0 <a href=\"mailto:indiekebabandcurry@gmail.com\"><span class=\"x193iq5w xeuugli x13faqbe x1vvkbs x1xmvt09 x1lliihq x1s928wv xhkezso x1gmr53x x1cpjm7i x1fgarty x1943h6x xudqn12 x3x7a5m x6prxxf xvq8zen xo1l8bm xzsf02u x1yc453h\" dir=\"auto\">indiekebabandcurry@gmail.com<\/span><\/a><br \/>\r\nAktualisierung: 16.01.2026<\/p>\r\n<p>&nbsp;<\/p>\r\n<p><strong>&#8222;Crazy Pig&#8220; Restaurant<br \/>\r\n<\/strong>B\u0142onie 5, 33-100 Tarn\u00f3w, Poland<br \/>\r\nMobil: 452 354 108<br \/>\r\n<a href=\"https:\/\/www.crazypigtarnow.pl\/\">crazypigtarnow.pl<\/a> \u00a0 <a href=\"mailto:crazypigtarnow@gmail.com\">crazypigtarnow@gmail.com<\/a><br \/>\r\nAktualisierung: 16.01.2026<\/p>\r\n<p>&nbsp;<\/p>\r\n<p><strong>&#8222;Langosz&#8220; Essenstand<br \/>\r\n<\/strong>Romanowicza 2, 33-100 Tarn\u00f3w, Poland<br \/>\r\nMobil: <span class=\"x193iq5w xeuugli x13faqbe x1vvkbs x1xmvt09 x1lliihq x1s928wv xhkezso x1gmr53x x1cpjm7i x1fgarty x1943h6x xudqn12 x3x7a5m x6prxxf xvq8zen xo1l8bm xzsf02u x1yc453h\" dir=\"auto\">884 197 634<\/span><br \/>\r\n<a href=\"https:\/\/www.facebook.com\/profile.php?id=100068623396223\">facebook.com<br \/>\r\n<\/a>Aktualisierung: 16.01.2026\u00a0<\/p>\r\n<p>&nbsp;<\/p>\r\n<p>&nbsp;<\/p>\r\n<h2><b>B\u00fcfetts<\/b><\/h2>\r\n<p>&nbsp;<\/p>\r\n<p>\u00a0<b>Bar &#8222;\u0141asuch&#8220;<\/b><br \/>\r\n33-100 Tarn\u00f3w, ul. Sowi\u0144skiego 4,<br \/>\r\nTel. +48 14 627 71 23<br \/>\r\n<a href=\"https:\/\/www.facebook.com\/pages\/Bar-Mleczny-%C5%81asuch\/203641242997128\">facebook.com<\/a><br \/>\r\nAktualisierung: 16.01.2026<\/p>\r\n<p>&nbsp;<\/p>\r\n<p>\u00a0<b>Milchbar &#8222;Szarotka&#8220;<\/b><br \/>\r\n\u00a033-100 Tarn\u00f3w, ul. Wary\u0144skiego 16<br \/>\r\n\u00a0Tel. +48 14 627 71 21<br \/>\r\n\u00a0K\u00fcche: traditionelle polnische<br \/>\r\n\u00a0<a href=\"https:\/\/www.facebook.com\/p\/Bar-Mleczny-Szarotka-100068672076815\/\">facebook.com<\/a><br \/>\r\n\u00a0Aktualisierung: 16.01.2026<\/p>\r\n<p>&nbsp;<\/p>\r\n<p>\u00a0<b>Milchbar &#8222;Przysmak&#8220;<\/b><br \/>\r\n\u00a033-100 Tarn\u00f3w, ul. Sikorskiego 4a<br \/>\r\n\u00a0Mobil:+48 <span class=\"LrzXr zdqRlf kno-fv\"><span aria-label=\"Zadzwo\u0144 pod numer 660 183 310\">660 183 310<\/span><\/span><br \/>\r\n\u00a0<a href=\"https:\/\/www.cylex-polska.pl\/firmy\/bar-mleczny-przysmak-wies%C5%82awa-kami%C5%84ska-12796403.html\">cylex-polska.pl<\/a><br \/>\r\n\u00a0K\u00fcche: traditionelle polnische<br \/>\r\n\u00a0Aktualisierung: 16.01.2026<\/p>\r\n<p>&nbsp;<\/p>\r\n<p><b>Milchbar \u201eTradycja\u201c<\/b><br \/>\r\nul. Narutowicza 37, 33-100 Tarn\u00f3w<br \/>\r\nMobil: +48 608 093 082<br \/>\r\nK\u00fcche: traditionelle polnische<br \/>\r\nAktualisierung: 16.01.2026<\/p>\r\n<p>&nbsp;<\/p>\r\n<p><strong>Milchbar &#8222;Piero\u017cek&#8220;<br \/>\r\n<\/strong>33-100 Tarn\u00f3w, <span class=\"LrzXr\">Wilsona 2<br \/>\r\nMobil: 504 842 269<br \/>\r\n<a href=\"https:\/\/pierozek-bar.pl\/\">pierozek-bar.pl<\/a><br \/>\r\nK\u00fcche: traditionelle polnische<br \/>\r\nAktualisierung: 16.01.2026<\/span><\/p>\r\n<p>&nbsp;<\/p>\r\n<p><strong>Milchbar &#8222;Gruszka i Pietruszka&#8220;<br \/>\r\n<\/strong>33-100 Tarn\u00f3w, Ko\u015bciuszki 37<br \/>\r\nMobil: <span class=\"x193iq5w xeuugli x13faqbe x1vvkbs x1xmvt09 x1lliihq x1s928wv xhkezso x1gmr53x x1cpjm7i x1fgarty x1943h6x xudqn12 x3x7a5m x6prxxf xvq8zen xo1l8bm xzsf02u x1yc453h\" dir=\"auto\">518 705 409<\/span><br \/>\r\n<a href=\"https:\/\/www.facebook.com\/gruszkaipietruszkaTarnow\">facebook.com<\/a> \u00a0 <a href=\"mailto:gruszkaipietruszka.bistro@gmail.com\"><span class=\"x193iq5w xeuugli x13faqbe x1vvkbs x1xmvt09 x1lliihq x1s928wv xhkezso x1gmr53x x1cpjm7i x1fgarty x1943h6x xudqn12 x3x7a5m x6prxxf xvq8zen xo1l8bm xzsf02u x1yc453h\" dir=\"auto\">gruszkaipietruszka.bistro@gmail.com<\/span><\/a><br \/>\r\nK\u00fcche: traditionelle polnische<br \/>\r\nAktualisierung: 16.01.2026<\/p>\r\n<p>&nbsp;<\/p>\r\n<p><strong>Apetyt na Zdrowie<\/strong><br \/>\r\nul. Czarna Droga 52d, 33-100 Tarn\u00f3w<br \/>\r\nTel: +48 796 500 156<br \/>\r\n<a href=\"https:\/\/apetytnazdrowie.com.pl\/\">apetytnazdrowie.com.pl<\/a> \u00a0 <a href=\"mailto:dietetyk@apetytnazdrowie.com.pl\">dietetyk@apetytnazdrowie.com.pl<\/a><br \/>\r\nAktualisierung: 16.01.2026<\/p>\r\n<p>&nbsp;<\/p>\r\n<h2><b>Caf\u00e9s:<\/b><\/h2>\r\n<p>&nbsp;<\/p>\r\n<p><b>Sofa<\/b><br \/>\r\nWa\u0142owa 15, 33-100 Tarn\u00f3w<br \/>\r\nTel.: +48 535 700 408<br \/>\r\n<a href=\"http:\/\/sofatarnow.pl\/\">sofatarnow.pl<\/a> <br \/>\r\nAktualisierung: 16.01.2026<\/p>\r\n<p>&nbsp;<\/p>\r\n<p><b>Cafe Tramwaj<\/b><br \/>\r\nPlac Sobieskiego 1, 33-100 Tarn\u00f3w<br \/>\r\n<a href=\"https:\/\/www.facebook.com\/CafeTramwaj\/\">facebook.com<\/a> <br \/>\r\nAktualisierung: 16.01.2026<\/p>\r\n<p>&nbsp;<\/p>\r\n<p><b>Fili\u017canka<\/b><span class=\"d2edcug0 hpfvmrgz qv66sw1b c1et5uql lr9zc1uh a8c37x1j keod5gw0 nxhoafnm aigsh9s9 d3f4x2em fe6kdd0r mau55g9w c8b282yb iv3no6db jq4qci2q a3bd9o3v b1v8xokw oo9gr5id hzawbc8m\" dir=\"auto\"><br \/>\r\n<\/span>ul. Bernardy\u0144ska 4, 33-100 Tarn\u00f3w<br \/>\r\nTel.: +48 <span class=\"d2edcug0 hpfvmrgz qv66sw1b c1et5uql lr9zc1uh a8c37x1j keod5gw0 nxhoafnm aigsh9s9 d3f4x2em fe6kdd0r mau55g9w c8b282yb iv3no6db jq4qci2q a3bd9o3v b1v8xokw oo9gr5id hzawbc8m\" dir=\"auto\">881 556 643<\/span><br \/>\r\n<a href=\"https:\/\/www.facebook.com\/pages\/category\/Coffee-Shop\/Fili%C5%BCanka-239905429743906\/\">facebook.com<\/a> \u00a0 <a href=\"mailto:filizankakawiarnia@gmail.com\"><span class=\"d2edcug0 hpfvmrgz qv66sw1b c1et5uql lr9zc1uh a8c37x1j keod5gw0 nxhoafnm aigsh9s9 d3f4x2em fe6kdd0r mau55g9w c8b282yb iv3no6db jq4qci2q a3bd9o3v b1v8xokw oo9gr5id hzawbc8m\" dir=\"auto\">filizankakawiarnia@gmail.com<\/span><\/a> <br \/>\r\nAktualisierung: 16.01.2026<\/p>\r\n<p>&nbsp;<\/p>\r\n<p><strong>\u201cCafe Galeria\u201d<\/strong><br \/>\r\nul. Rynek 4, 33-100 Tarn\u00f3w<br \/>\r\nTel: +48 <span class=\"icdd\">14 692 81 22<br \/>\r\n<a href=\"https:\/\/www.instagram.com\/cafegaleria_pub\/\">instagram.com<\/a><\/span><br \/>\r\nAktualisierung: 16.01.2026<\/p>\r\n<p>&nbsp;<\/p>\r\n<p><strong>AMFITEATR Cafe<\/strong><br \/>\r\nul. Kopernika 2, 33-100 Tarn\u00f3w<br \/>\r\n<a href=\"http:\/\/www.facebook.com\/AmfiteatrCafe\/\">facebook.com<\/a><br \/>\r\nAktualisierung: 16.01.2026<\/p>\r\n<p>&nbsp;<\/p>\r\n<p><strong>PORTA SEI Caffe and wine lounge<\/strong><br \/>\r\nul. Sowi\u0144skiego 13, 33-100 Tarn\u00f3w<br \/>\r\nTel: + 48 14 656 30 76<br \/>\r\n<a href=\"https:\/\/www.facebook.com\/portasei\">facebook.com<\/a><br \/>\r\nAktualisierung: 16.01.2026<\/p>\r\n<p>&nbsp;<\/p>\r\n<h2><strong>Kneipen:<\/strong><\/h2>\r\n<p>&nbsp;<\/p>\r\n<p><b>LEPRIKON Irish Pub<\/b> <br \/>\r\n33-100 Tarn\u00f3w, Rynek 16<br \/>\r\nphone: +48 607 800 507<br \/>\r\n<a href=\"https:\/\/www.leprikonirish.com\/\">leprikonirish.com<\/a> \u00a0 <a href=\"mailto:leprikonpub@gmail.com\"><span class=\"x193iq5w xeuugli x13faqbe x1vvkbs x1xmvt09 x1lliihq x1s928wv xhkezso x1gmr53x x1cpjm7i x1fgarty x1943h6x xudqn12 x3x7a5m x6prxxf xvq8zen xo1l8bm xzsf02u x1yc453h\" dir=\"auto\">leprikonpub@gmail.com<\/span>\u00a0<\/a> <br \/>\r\n<span class=\"LrzXr\">K\u00fcche:<\/span> irisch, polnische<br \/>\r\nAktualisierung: 16.01.2026<\/p>\r\n<p>&nbsp;<\/p>\r\n<p><b>PIWIARNIA WARKA<\/b> <b>Pub<\/b><br \/>\r\n33-100 Tarn\u00f3w, Rynek 2<br \/>\r\nphone: +48 14 648 30 30<br \/>\r\n<a href=\"https:\/\/warkatarnow.pl\/\">warkatarnow.pl<\/a><br \/>\r\n<span class=\"LrzXr\">K\u00fcche<\/span>: traditionelle polnische, ,vegetarische, internationale<br \/>\r\nAktualisierung: 16.01.2026<\/p>\r\n<p>&nbsp;<\/p>\r\n<p><b>POD ARKADAMI Pub<\/b>\u00a0<br \/>\r\n33-100 Tarn\u00f3w, ul. Wekslarska 2<br \/>\r\nphone: +48 14 688 90 50<br \/>\r\n<a href=\"https:\/\/www.facebook.com\/pod.arkadami.tarnow\/\">facebook.com<\/a> \u00a0 <a href=\"mailto:ygor@poczta.fm\"><span class=\"x193iq5w xeuugli x13faqbe x1vvkbs x1xmvt09 x1lliihq x1s928wv xhkezso x1gmr53x x1cpjm7i x1fgarty x1943h6x xudqn12 x3x7a5m x6prxxf xvq8zen xo1l8bm xzsf02u x1yc453h\" dir=\"auto\">ygor@poczta.fm<\/span><\/a><br \/>\r\nAktualisierung: 16.01.2026<\/p>\r\n<p>&nbsp;<\/p>\r\n<p><b>\u015ar\u00f3dmie\u015bcie Pub<\/b><br \/>\r\n33-100 Tarn\u00f3w, Plac Kazimierza Wielkiego 2<br \/>\r\nTel: 604 872 318, 600 745 057<br \/>\r\n<a href=\"http:\/\/www.srodmiesciepub.pl\/\">srodmiesciepub.pl<\/a> \u00a0 <a href=\"mailto:kontakt@srodmiesciepub.pl\">kontakt@srodmiesciepub.pl<\/a> <br \/>\r\nK\u00fcche: internationale<br \/>\r\nAktualisierung: 16.01.2026<\/p>","protected":false},"excerpt":{"rendered":"&nbsp; Pizzerias &nbsp; &#8222;Maranto&#8220; Pizzeria \u00a033-100 Tarn\u00f3w, ul. Wa\u0142owa 26 \u00a0Tel. +48 14 629 41 10, +48 14 622 46 78 \u00a0maranto.pl \u00a0 marantopizzeria@gmail.com \u00a0Aktualisierung: 16.01.2026 &nbsp; \u00a0&#8222;Aida&#8220; Pizzeria \u00a033-100 [&hellip;]","protected":false},"author":1,"featured_media":0,"parent":18923,"menu_order":613,"comment_status":"closed","ping_status":"closed","template":"","meta":{"_acf_changed":false,"footnotes":""},"tags":[],"class_list":["post-9979","page","type-page","status-publish","hentry"],"acf":{"old_object_id":"5606","old_parent_id":"220","old_url":"Restaurants2\/Andere","intro_text":"","show_children":"1","class":"folder","type":"single","in_menu":true,"show_date":false,"map":"","old_id":"","top_column":"","left_column":"","right_column":"","bottom_column":"","skip_import":false,"_menu_related_id":"96067","rooms_info":""},"yoast_head":"<!-- This site is optimized with the Yoast SEO Premium plugin v25.4 (Yoast SEO v25.4) - https:\/\/yoast.com\/wordpress\/plugins\/seo\/ -->\n<title>Andere - Tarnowskie Centrum Informacji<\/title>\n<meta name=\"robots\" content=\"index, follow, max-snippet:-1, max-image-preview:large, max-video-preview:-1\" \/>\n<link rel=\"canonical\" href=\"https:\/\/www.it.tarnow.pl\/de\/restaurants-2\/andere\/\" \/>\n<meta property=\"og:locale\" content=\"de_DE\" \/>\n<meta property=\"og:type\" content=\"article\" \/>\n<meta property=\"og:title\" content=\"Andere\" \/>\n<meta property=\"og:description\" content=\"&nbsp; Pizzerias &nbsp; &#8222;Maranto&#8220; Pizzeria \u00a033-100 Tarn\u00f3w, ul. Wa\u0142owa 26 \u00a0Tel. +48 14 629 41 10, +48 14 622 46 78 \u00a0maranto.pl \u00a0 marantopizzeria@gmail.com \u00a0Aktualisierung: 16.01.2026 &nbsp; \u00a0&#8222;Aida&#8220; Pizzeria \u00a033-100 [&hellip;]\" \/>\n<meta property=\"og:url\" content=\"https:\/\/www.it.tarnow.pl\/de\/restaurants-2\/andere\/\" \/>\n<meta property=\"og:site_name\" content=\"Tarnowskie Centrum Informacji\" \/>\n<meta property=\"article:modified_time\" content=\"2026-01-16T11:18:38+00:00\" \/>\n<meta name=\"twitter:card\" content=\"summary_large_image\" \/>\n<meta name=\"twitter:label1\" content=\"Gesch\u00e4tzte Lesezeit\" \/>\n\t<meta name=\"twitter:data1\" content=\"4\u00a0Minuten\" \/>\n<script type=\"application\/ld+json\" class=\"yoast-schema-graph\">{\"@context\":\"https:\/\/schema.org\",\"@graph\":[{\"@type\":\"WebPage\",\"@id\":\"https:\/\/www.it.tarnow.pl\/de\/restaurants-2\/andere\/\",\"url\":\"https:\/\/www.it.tarnow.pl\/de\/restaurants-2\/andere\/\",\"name\":\"Andere - Tarnowskie Centrum Informacji\",\"isPartOf\":{\"@id\":\"https:\/\/www.it.tarnow.pl\/#website\"},\"datePublished\":\"2010-08-09T09:31:12+00:00\",\"dateModified\":\"2026-01-16T11:18:38+00:00\",\"breadcrumb\":{\"@id\":\"https:\/\/www.it.tarnow.pl\/de\/restaurants-2\/andere\/#breadcrumb\"},\"inLanguage\":\"de\",\"potentialAction\":[{\"@type\":\"ReadAction\",\"target\":[\"https:\/\/www.it.tarnow.pl\/de\/restaurants-2\/andere\/\"]}]},{\"@type\":\"BreadcrumbList\",\"@id\":\"https:\/\/www.it.tarnow.pl\/de\/restaurants-2\/andere\/#breadcrumb\",\"itemListElement\":[{\"@type\":\"ListItem\",\"position\":1,\"name\":\"Homepage\",\"item\":\"https:\/\/www.it.tarnow.pl\/de\/\"},{\"@type\":\"ListItem\",\"position\":2,\"name\":\"Restaurants\",\"item\":\"https:\/\/www.it.tarnow.pl\/de\/restaurants-2\/\"},{\"@type\":\"ListItem\",\"position\":3,\"name\":\"Andere\"}]},{\"@type\":\"WebSite\",\"@id\":\"https:\/\/www.it.tarnow.pl\/#website\",\"url\":\"https:\/\/www.it.tarnow.pl\/\",\"name\":\"Tarnowskie Centrum Informacji\",\"description\":\"Informacja turystyczna o Tarnowie i regionie tarnowskim.\",\"potentialAction\":[{\"@type\":\"SearchAction\",\"target\":{\"@type\":\"EntryPoint\",\"urlTemplate\":\"https:\/\/www.it.tarnow.pl\/?s={search_term_string}\"},\"query-input\":{\"@type\":\"PropertyValueSpecification\",\"valueRequired\":true,\"valueName\":\"search_term_string\"}}],\"inLanguage\":\"de\"}]}<\/script>\n<!-- \/ Yoast SEO Premium plugin. -->","yoast_head_json":{"title":"Andere - Tarnowskie Centrum Informacji","robots":{"index":"index","follow":"follow","max-snippet":"max-snippet:-1","max-image-preview":"max-image-preview:large","max-video-preview":"max-video-preview:-1"},"canonical":"https:\/\/www.it.tarnow.pl\/de\/restaurants-2\/andere\/","og_locale":"de_DE","og_type":"article","og_title":"Andere","og_description":"&nbsp; Pizzerias &nbsp; &#8222;Maranto&#8220; Pizzeria \u00a033-100 Tarn\u00f3w, ul. Wa\u0142owa 26 \u00a0Tel. +48 14 629 41 10, +48 14 622 46 78 \u00a0maranto.pl \u00a0 marantopizzeria@gmail.com \u00a0Aktualisierung: 16.01.2026 &nbsp; \u00a0&#8222;Aida&#8220; Pizzeria \u00a033-100 [&hellip;]","og_url":"https:\/\/www.it.tarnow.pl\/de\/restaurants-2\/andere\/","og_site_name":"Tarnowskie Centrum Informacji","article_modified_time":"2026-01-16T11:18:38+00:00","twitter_card":"summary_large_image","twitter_misc":{"Gesch\u00e4tzte Lesezeit":"4\u00a0Minuten"},"schema":{"@context":"https:\/\/schema.org","@graph":[{"@type":"WebPage","@id":"https:\/\/www.it.tarnow.pl\/de\/restaurants-2\/andere\/","url":"https:\/\/www.it.tarnow.pl\/de\/restaurants-2\/andere\/","name":"Andere - Tarnowskie Centrum Informacji","isPartOf":{"@id":"https:\/\/www.it.tarnow.pl\/#website"},"datePublished":"2010-08-09T09:31:12+00:00","dateModified":"2026-01-16T11:18:38+00:00","breadcrumb":{"@id":"https:\/\/www.it.tarnow.pl\/de\/restaurants-2\/andere\/#breadcrumb"},"inLanguage":"de","potentialAction":[{"@type":"ReadAction","target":["https:\/\/www.it.tarnow.pl\/de\/restaurants-2\/andere\/"]}]},{"@type":"BreadcrumbList","@id":"https:\/\/www.it.tarnow.pl\/de\/restaurants-2\/andere\/#breadcrumb","itemListElement":[{"@type":"ListItem","position":1,"name":"Homepage","item":"https:\/\/www.it.tarnow.pl\/de\/"},{"@type":"ListItem","position":2,"name":"Restaurants","item":"https:\/\/www.it.tarnow.pl\/de\/restaurants-2\/"},{"@type":"ListItem","position":3,"name":"Andere"}]},{"@type":"WebSite","@id":"https:\/\/www.it.tarnow.pl\/#website","url":"https:\/\/www.it.tarnow.pl\/","name":"Tarnowskie Centrum Informacji","description":"Informacja turystyczna o Tarnowie i regionie tarnowskim.","potentialAction":[{"@type":"SearchAction","target":{"@type":"EntryPoint","urlTemplate":"https:\/\/www.it.tarnow.pl\/?s={search_term_string}"},"query-input":{"@type":"PropertyValueSpecification","valueRequired":true,"valueName":"search_term_string"}}],"inLanguage":"de"}]}},"_links":{"self":[{"href":"https:\/\/www.it.tarnow.pl\/de\/wp-json\/wp\/v2\/pages\/9979","targetHints":{"allow":["GET"]}}],"collection":[{"href":"https:\/\/www.it.tarnow.pl\/de\/wp-json\/wp\/v2\/pages"}],"about":[{"href":"https:\/\/www.it.tarnow.pl\/de\/wp-json\/wp\/v2\/types\/page"}],"author":[{"embeddable":true,"href":"https:\/\/www.it.tarnow.pl\/de\/wp-json\/wp\/v2\/users\/1"}],"replies":[{"embeddable":true,"href":"https:\/\/www.it.tarnow.pl\/de\/wp-json\/wp\/v2\/comments?post=9979"}],"version-history":[{"count":9,"href":"https:\/\/www.it.tarnow.pl\/de\/wp-json\/wp\/v2\/pages\/9979\/revisions"}],"predecessor-version":[{"id":340271,"href":"https:\/\/www.it.tarnow.pl\/de\/wp-json\/wp\/v2\/pages\/9979\/revisions\/340271"}],"up":[{"embeddable":true,"href":"https:\/\/www.it.tarnow.pl\/de\/wp-json\/wp\/v2\/pages\/18923"}],"wp:attachment":[{"href":"https:\/\/www.it.tarnow.pl\/de\/wp-json\/wp\/v2\/media?parent=9979"}],"wp:term":[{"taxonomy":"post_tag","embeddable":true,"href":"https:\/\/www.it.tarnow.pl\/de\/wp-json\/wp\/v2\/tags?post=9979"}],"curies":[{"name":"wp","href":"https:\/\/api.w.org\/{rel}","templated":true}]}}