{"id":9978,"date":"2010-08-09T11:27:03","date_gmt":"2010-08-09T09:27:03","guid":{"rendered":"http:\/\/www.it.tarnow.pl\/restaurants\/"},"modified":"2026-01-16T12:26:07","modified_gmt":"2026-01-16T11:26:07","slug":"restaurants","status":"publish","type":"page","link":"https:\/\/www.it.tarnow.pl\/de\/restaurants-2\/restaurants\/","title":{"rendered":"Restaurants"},"content":{"rendered":"<p>&nbsp;<\/p>\r\n<p><b>P\u00f3\u0142 na p\u00f3\u0142<\/b><br \/>\r\nPlac Kazimierza Wielkiego 2, w Pasa\u017cu Tertila, 33-100 Tarn\u00f3w<br \/>\r\nTel.: 602 614 214, 146 278 278<br \/>\r\n<a href=\"https:\/\/polnapol-tarnow.pl\/\">polnapol-tarnow.pl<\/a> \u00a0 <a href=\"mailto:restauracjapnp@gmail.com\">restauracjapnp@gmail.com<\/a> <br \/>\r\nK\u00fcche: polnische,vegetarische, internationale<br \/>\r\nAktualisierung: 16.01.2026<\/p>\r\n<p>&nbsp;<\/p>\r\n<p><b>&#8222;Tatrza\u0144ska&#8220; Restaurant<\/b><br \/>\r\nul. Krakowska 1, 33-100 Tarn\u00f3w<br \/>\r\nTel. +48 14 622 46 36<br \/>\r\n<a class=\"target_blank\" href=\"http:\/\/www.kudelski.pl\/\">kudelski.pl<\/a> \u00a0 <a href=\"mailto:kawiarnia@kudelski.pl\">kawiarnia@kudelski.pl<\/a> \u00a0 \u00a0<br \/>\r\nK\u00fcche: traditionelle polnische, italienische, vegetarische und internationale<br \/>\r\nAktualisierung: 16.01.2026<\/p>\r\n<p>&nbsp;<\/p>\r\n<p><b>&#8222;U Jana&#8220; Restaurant<\/b><br \/>\r\nRynek 14, 33-100 Tarn\u00f3w<br \/>\r\nTel.\/Fax.+48 14 626 05 64<br \/>\r\n<a href=\"https:\/\/restauracjaujana.pl\/\">restauracjaujana.pl<\/a> \u00a0 <a href=\"mailto:recepcja@restauracjaujana.pl\" target=\"_blank\" rel=\"noopener\">recepcja@restauracjaujana.pl<\/a> <br \/>\r\nK\u00fcche: traditionelle polnische,vegetarische, internationale<br \/>\r\nAktualisierung: 16.01.2026<\/p>\r\n<p>&nbsp;<\/p>\r\n<p><b>&#8222;Soprano<\/b><b>&#8220; Restaurant<\/b><br \/>\r\nul. Mo\u015bcickiego 6, 33-100 Tarn\u00f3w<br \/>\r\nTel. +48 14 621 09 09<br \/>\r\n<a class=\"target_blank\" href=\"http:\/\/soprano-tarnow.pl\/\">soprano-tarnow.pl<\/a>\u00a0 \u00a0<a href=\"mailto:restauracjasoprano@gmail.com\">restauracjasoprano@gmail.com<\/a> \u00a0 \u00a0<br \/>\r\nK\u00fcche:\u00a0italienische<br \/>\r\nAktualisierung: 16.01.2026<\/p>\r\n<p>&nbsp;<\/p>\r\n<p><strong>\u201cR\u00f3\u017cana\u201d Restaurant<\/strong><br \/>\r\nul. Stefana Batorego 19, 33-100 Tarn\u00f3w<br \/>\r\nTel. +48 697 567 776<br \/>\r\n<a href=\"http:\/\/www.rozana-batorego19.pl\/\">rozana-batorego19.pl<\/a> \u00a0 <a href=\"mailto:rozana@batorego19.pl\">rozana@batorego19.pl<\/a><br \/>\r\nAktualisierung: 16.01.2026<\/p>\r\n<p>&nbsp;<\/p>\r\n<p><strong>\u201cCristalino Kuchnia i Wino\u201d<\/strong><br \/>\r\nul. Traugutta 5, 33-100 Tarn\u00f3w<br \/>\r\nTel. +48 601 995 266 <br \/>\r\n<a href=\"http:\/\/www.cristalino.pl\">cristalino.pl<\/a> \u00a0 <a href=\"mailto:restauracja@cristalpark.pl\">restauracja@cristalpark.pl<\/a><br \/>\r\nAktualisierung: 16.01.2026<\/p>\r\n<p>&nbsp;<\/p>\r\n<p><strong>Bistro PRZEPIS<\/strong><br \/>\r\nul. Plac Kazimierza 3, 33-100 Tarn\u00f3w<br \/>\r\nTel. 692 923 315<br \/>\r\n<a href=\"https:\/\/www.bistroprzepis.pl\">bistroprzepis.pl<\/a> \u00a0 <a href=\"mailto:przepis.tarnow@gmail.com\">przepis.tarnow@gmail.com<\/a><br \/>\r\nAktualisierung: 16.01.2026<\/p>\r\n<p>&nbsp;<\/p>\r\n<p><strong> &#8222;Czarny Sezam&#8220; Restaurant<\/strong><br \/>\r\nul. Mo\u015bcickiego 50, 33-100 Tarn\u00f3w<br \/>\r\nTel. +48 14 639 08 07<br \/>\r\n<a href=\"http:\/\/czarnysezam.pl\/\">czarnysezam.pl<\/a> \u00a0 <a href=\"mailto:tarnow@czarnysezam.pl\">tarnow@czarnysezam.pl<\/a><br \/>\r\nAktualisierung: 16.01.2026<\/p>\r\n<p>&nbsp;<\/p>\r\n<p><strong>\u201cKantoria\u201d Hotel Restaurant<\/strong><br \/>\r\nul. Pi\u0142sudskiego 28 A, 33-100 Tarn\u00f3w<br \/>\r\nTel. +48 146 522 933, +48 502 562 005<br \/>\r\n<a href=\"https:\/\/www.kantoria.pl\/\">kantoria.pl<\/a> \u00a0 <a href=\"mailto:recepcja@kantoria.pl\">recepcja@kantoria.pl<\/a><br \/>\r\nAktualisierung: 16.01.2026<\/p>\r\n<p>&nbsp;<\/p>\r\n<p><b>&#8222;Bristol&#8220; Hotel Restaurant<\/b><br \/>\r\nul. Krakowska 9, 33-100 Tarn\u00f3w<br \/>\r\nTel.\/Fax.: +48 14 621 22 79, Mobil: +48 880 477 477<br \/>\r\n<a class=\"target_blank\" href=\"http:\/\/www.hotelbristol.com.pl\/\">hotelbristol.com.pl<\/a> \u00a0 \u00a0<a href=\"mailto:recepcja@hotelbristol.com.pl\">recepcja@hotelbristol.com.pl<\/a> \u00a0\u00a0<br \/>\r\nK\u00fcche: traditionelle polnische, italienische, franz\u00f6sische, internationale und vegetarische<br \/>\r\nAktualisierung: 16.01.2026<\/p>\r\n<p>&nbsp;<\/p>\r\n<p><b>&#8222;Cristal Park&#8220; Hotel Restaurant<\/b><br \/>\r\nul Traugutta 5, 33-100 Tarn\u00f3w<br \/>\r\nTel\/Fax +48 601 995 266, +48 14 633 12 25<br \/>\r\n<a class=\"target_blank\" href=\"http:\/\/www.cristalpark.pl\/\">cristalpark.pl<\/a> \u00a0 <a href=\"mailto:restauracja@cristalpark.pl\">restauracja@cristalpark.pl<\/a><br \/>\r\nK\u00fcche: traditionelle polnische, italienische, franz\u00f6sische, und internationale<br \/>\r\nAktualisierung: 16.01.2026<\/p>\r\n<p>&nbsp;<\/p>\r\n<p><b>&#8222;Tarnovia&#8220; Hotel Restaurant<\/b><br \/>\r\nul. Ko\u015bciuszki 10, 33-100 Tarn\u00f3w<br \/>\r\nTel. +48 14 630 03 50, +48 607 665 826<br \/>\r\n<a class=\"target_blank\" href=\"http:\/\/www.hotel.tarnovia.pl\/\">hotel.tarnovia.pl<\/a>\u00a0 \u00a0<a href=\"mailto:restauracja@hotel.tarnovia.pl\">restauracja@hotel.tarnovia.pl<\/a><br \/>\r\nK\u00fcche: traditionelle polnische, italienische, franz\u00f6sische, internationale und vegetarische<br \/>\r\nAktualisierung: 16.01.2026<\/p>\r\n<p>&nbsp;<\/p>\r\n<p><b>Krzyska Restaurant<\/b><br \/>\r\nul. Krzyska 52 b, 33-100 Tarn\u00f3w<br \/>\r\nTel.: +48 14 620 11 34, Mobil:\u00a0+48 510 078 860<br \/>\r\n<a class=\"target_blank\" href=\"http:\/\/www.hotelkrzyski.pl\/\">hotelkrzyski.pl<\/a> \u00a0\u00a0 <a href=\"mailto:recepcja@hotelkrzyski.pl\">recepcja@hotelkrzyski.pl<\/a> \u00a0 \u00a0<br \/>\r\nK\u00fcche: traditionelle polnische, europ\u00e4ische, und vegetarische<br \/>\r\nAktualisierung: 16.01.2026<\/p>\r\n<p>&nbsp;<\/p>\r\n<p><b>&#8222;Bombay Music&#8220; Restaurant<\/b><br \/>\r\nul. Krakowska 11a, 33-100 Tarn\u00f3w<br \/>\r\nTel. +48 14 627 07 60,\u00a0 Mobile +48 507 029 058\u00a0<br \/>\r\n<a class=\"target_blank\" href=\"http:\/\/www.bombay.pl\/\">bombay.pl<\/a> \u00a0 <a href=\"mailto:oktan@krakus.tarnow.pl\">restauracjabombay@gmail.com<\/a> <br \/>\r\nK\u00fcche: indische, europ\u00e4ische, und vegetarische<br \/>\r\nAktualisierung: 16.01.2026<\/p>\r\n<p>&nbsp;<\/p>\r\n<p><b>&#8222;Gospoda Rycerska&#8220;<\/b><br \/>\r\nul. Wekslarska 1, 33-100 Tarn\u00f3w<br \/>\r\nTel\/Fax: +48 14 627 59 80, Mobil: +48 512 431 497<br \/>\r\n<u><a href=\"http:\/\/www.gospodarycerska.pl\">gospodarycerska.pl<\/a> <\/u><br \/>\r\nK\u00fcche: traditionelle polnische, italienische, vegetarische<br \/>\r\nAktualisierung: 16.01.2026<\/p>\r\n<p>&nbsp;<\/p>\r\n<p><b>&#8222;Jama Z\u0142otego Smoka&#8220; Restaurant<\/b><br \/>\r\nul. Matejki 16, 33-100 Tarn\u00f3w<br \/>\r\nTel. +48 14 692 96 54<br \/>\r\n<a class=\"www-link\" href=\"http:\/\/jamazlotegosmoka.pl\/\">jamazlotegosmoka.pl <\/a><br \/>\r\nK\u00fcche: chinesische, internationale, vegetarische<br \/>\r\nAktualisierung: 16.01.2026<\/p>\r\n<p>&nbsp;<\/p>\r\n<p><b>&#8222;Kasyno&#8220; Restaurant<\/b><br \/>\r\nul. Kwiatkowskiego 20, 33-100 Tarn\u00f3w<br \/>\r\nTel. +48 661 993 862<br \/>\r\n<a class=\"target_blank\" href=\"http:\/\/www.restauracjakasyno.pl\/\">restauracjakasyno.pl<\/a> \u00a0\u00a0 <a href=\"mailto:kasyno@phg.com.pl\">kasyno@phg.com.pl<\/a> \u00a0<br \/>\r\nK\u00fcche: traditionelle polnische, italienische<br \/>\r\nAktualisierung: 16.01.2026<\/p>\r\n<p>&nbsp;<\/p>\r\n<p><b>Restaurant &#8211; Pizzeria\u00a0&#8222;Aida&#8220;<\/b><br \/>\r\nul. Wa\u0142owa 4, 33-100 Tarn\u00f3w<br \/>\r\nTel. +48 662 253 337<br \/>\r\n<a href=\"https:\/\/aida-restauracja.pl\/\">aida-restauracja.pl<\/a> \u00a0 <a href=\"mailto:restauracja.aida@interia.pl\">restauracja.aida@interia.pl<\/a> \u00a0 \u00a0<br \/>\r\nK\u00fcche: traditionelle polnische, italienische, pizza, russische, vegetarische<br \/>\r\nAktualisierung: 16.01.2026<\/p>\r\n<p>&nbsp;<\/p>\r\n<p><b>Restaurant &#8222;Obsesja Smaku&#8220;<\/b><br \/>\r\nul. Krakowska 3, 33-100 Tarn\u00f3w<br \/>\r\ntel. +48 (14) 688 80 77, Mobil: +48 570 080 373\u00a0<br \/>\r\n<a class=\"target_blank\" href=\"http:\/\/www.obsesja-smaku.pl\/\">obsesja-smaku.pl<\/a> \u00a0\u00a0 <a href=\"mailto:obsesjasmaku@interia.pl\">obsesjasmaku@interia.pl<\/a> \u00a0 \u00a0<br \/>\r\nK\u00fcche:\u00a0traditionelle polnische<br \/>\r\nAktualisierung: 16.01.2026<\/p>\r\n<p>&nbsp;<\/p>\r\n<p><b>Restaurant &#8222;Pyza&#8220;<\/b><br \/>\r\nul. Wekslarska 6, 33-100 Tarn\u00f3w<br \/>\r\nMobil +48 508 740 488<br \/>\r\n<a class=\"target_blank\" href=\"http:\/\/www.facebook.com\/pyzatarnow\">facebook.com<\/a> \u00a0 <a href=\"mailto:kontakt@pyzakuchniapolska.pl\"><span class=\"x193iq5w xeuugli x13faqbe x1vvkbs x1xmvt09 x1lliihq x1s928wv xhkezso x1gmr53x x1cpjm7i x1fgarty x1943h6x xudqn12 x3x7a5m x6prxxf xvq8zen xo1l8bm xzsf02u x1yc453h\" dir=\"auto\">kontakt@pyzakuchniapolska.pl<\/span> <\/a><br \/>\r\nK\u00fcche:\u00a0traditionelle polnische<br \/>\r\nAktualisierung: 16.01.2026<\/p>\r\n<p>&nbsp;<\/p>\r\n<p><b>Hacjenda &#8222;El Paso&#8220;<\/b><br \/>\r\nul. Lwowska 18, 33-100 Tarn\u00f3w<br \/>\r\ntel. +48 (14) 656 20 20 Mobil 663 700 727<br \/>\r\n<a href=\"https:\/\/www.facebook.com\/RESTAURACJAELPASO\/\">facebook.com<\/a><br \/>\r\nK\u00fcche: mexikanische<br \/>\r\nAktualisierung: 16.01.2026<\/p>\r\n<p>&nbsp;<\/p>\r\n<p><b>Restauracja Jani Sushi<\/b><br \/>\r\nul. Krasi\u0144skiego 42, 33-100 Tarn\u00f3w<br \/>\r\nMobil: +48 535 535 700<br \/>\r\n<a href=\"https:\/\/www.janisushi.pl\/\">janisushi.pl<\/a> \u00a0 <a href=\"mailto:jpodlasiewicz@gmail.com\">jpodlasiewicz@gmail.com<\/a> <br \/>\r\nK\u00fcche: Sushi\u00a0<br \/>\r\nAktualisierung: 16.01.2026<\/p>\r\n<p>&nbsp;<\/p>\r\n<p><b>\u201cSzcz\u0119\u015bcie\u201d Restaurant<\/b><br \/>\r\nul. Rynek 23, 33-100 Tarn\u00f3w<br \/>\r\nMobil: +48 784 631 648 <br \/>\r\n<a href=\"https:\/\/szczescie-tarnow.pl\/\">szczescie-tarnow.pl<\/a> \u00a0 <a href=\"mailto:szczescietarnow@gmail.com\"><span class=\"x193iq5w xeuugli x13faqbe x1vvkbs x1xmvt09 x1lliihq x1s928wv xhkezso x1gmr53x x1cpjm7i x1fgarty x1943h6x xudqn12 x3x7a5m x6prxxf xvq8zen xo1l8bm xzsf02u x1yc453h\" dir=\"auto\">szczescietarnow@gmail.com<\/span><\/a><br \/>\r\nK\u00fcche: traditionelle polnische<br \/>\r\nAktualisierung: 16.01.2026<\/p>\r\n<p>&nbsp;<\/p>\r\n<p>\u00a0<b>&#8222;Yayoi Ramen&#8220; Restaurant <\/b><br \/>\r\n\u00a0ul. Wa\u0142owa 30, 33-100 Tarn\u00f3w<br \/>\r\n\u00a0Tel.: +48 14 692 02 09<br \/>\r\n\u00a0<a href=\"https:\/\/yayoi.pl\/\">yayoi.pl<\/a> \u00a0\u00a0 <a href=\"mailto:ramen@yayoi.pl\">ramen@yayoi.pl<\/a>\u00a0 <br \/>\r\n\u00a0Aktualisierung: 16.01.2026<\/p>","protected":false},"excerpt":{"rendered":"&nbsp; P\u00f3\u0142 na p\u00f3\u0142 Plac Kazimierza Wielkiego 2, w Pasa\u017cu Tertila, 33-100 Tarn\u00f3w Tel.: 602 614 214, 146 278 278 polnapol-tarnow.pl \u00a0 restauracjapnp@gmail.com K\u00fcche: polnische,vegetarische, internationale Aktualisierung: 16.01.2026 &nbsp; &#8222;Tatrza\u0144ska&#8220; [&hellip;]","protected":false},"author":1,"featured_media":0,"parent":18923,"menu_order":771,"comment_status":"closed","ping_status":"closed","template":"","meta":{"_acf_changed":false,"footnotes":""},"tags":[],"class_list":["post-9978","page","type-page","status-publish","hentry"],"acf":{"old_object_id":"5605","old_parent_id":"220","old_url":"Restaurants2\/Restaurants","intro_text":"","show_children":"1","class":"folder","type":"single","in_menu":true,"show_date":false,"map":"","old_id":"","top_column":"","left_column":"","right_column":"","bottom_column":"","skip_import":false,"_menu_related_id":"96116","rooms_info":""},"yoast_head":"<!-- This site is optimized with the Yoast SEO Premium plugin v25.4 (Yoast SEO v25.4) - https:\/\/yoast.com\/wordpress\/plugins\/seo\/ -->\n<title>Restaurants - Tarnowskie Centrum Informacji<\/title>\n<meta name=\"robots\" content=\"index, follow, max-snippet:-1, max-image-preview:large, max-video-preview:-1\" \/>\n<link rel=\"canonical\" href=\"https:\/\/www.it.tarnow.pl\/de\/restaurants-2\/restaurants\/\" \/>\n<meta property=\"og:locale\" content=\"de_DE\" \/>\n<meta property=\"og:type\" content=\"article\" \/>\n<meta property=\"og:title\" content=\"Restaurants\" \/>\n<meta property=\"og:description\" content=\"&nbsp; P\u00f3\u0142 na p\u00f3\u0142 Plac Kazimierza Wielkiego 2, w Pasa\u017cu Tertila, 33-100 Tarn\u00f3w Tel.: 602 614 214, 146 278 278 polnapol-tarnow.pl \u00a0 restauracjapnp@gmail.com K\u00fcche: polnische,vegetarische, internationale Aktualisierung: 16.01.2026 &nbsp; &#8222;Tatrza\u0144ska&#8220; [&hellip;]\" \/>\n<meta property=\"og:url\" content=\"https:\/\/www.it.tarnow.pl\/de\/restaurants-2\/restaurants\/\" \/>\n<meta property=\"og:site_name\" content=\"Tarnowskie Centrum Informacji\" \/>\n<meta property=\"article:modified_time\" content=\"2026-01-16T11:26:07+00:00\" \/>\n<meta name=\"twitter:card\" content=\"summary_large_image\" \/>\n<meta name=\"twitter:label1\" content=\"Gesch\u00e4tzte Lesezeit\" \/>\n\t<meta name=\"twitter:data1\" content=\"4\u00a0Minuten\" \/>\n<script type=\"application\/ld+json\" class=\"yoast-schema-graph\">{\"@context\":\"https:\/\/schema.org\",\"@graph\":[{\"@type\":\"WebPage\",\"@id\":\"https:\/\/www.it.tarnow.pl\/de\/restaurants-2\/restaurants\/\",\"url\":\"https:\/\/www.it.tarnow.pl\/de\/restaurants-2\/restaurants\/\",\"name\":\"Restaurants - Tarnowskie Centrum Informacji\",\"isPartOf\":{\"@id\":\"https:\/\/www.it.tarnow.pl\/#website\"},\"datePublished\":\"2010-08-09T09:27:03+00:00\",\"dateModified\":\"2026-01-16T11:26:07+00:00\",\"breadcrumb\":{\"@id\":\"https:\/\/www.it.tarnow.pl\/de\/restaurants-2\/restaurants\/#breadcrumb\"},\"inLanguage\":\"de\",\"potentialAction\":[{\"@type\":\"ReadAction\",\"target\":[\"https:\/\/www.it.tarnow.pl\/de\/restaurants-2\/restaurants\/\"]}]},{\"@type\":\"BreadcrumbList\",\"@id\":\"https:\/\/www.it.tarnow.pl\/de\/restaurants-2\/restaurants\/#breadcrumb\",\"itemListElement\":[{\"@type\":\"ListItem\",\"position\":1,\"name\":\"Homepage\",\"item\":\"https:\/\/www.it.tarnow.pl\/de\/\"},{\"@type\":\"ListItem\",\"position\":2,\"name\":\"Restaurants\",\"item\":\"https:\/\/www.it.tarnow.pl\/de\/restaurants-2\/\"},{\"@type\":\"ListItem\",\"position\":3,\"name\":\"Restaurants\"}]},{\"@type\":\"WebSite\",\"@id\":\"https:\/\/www.it.tarnow.pl\/#website\",\"url\":\"https:\/\/www.it.tarnow.pl\/\",\"name\":\"Tarnowskie Centrum Informacji\",\"description\":\"Informacja turystyczna o Tarnowie i regionie tarnowskim.\",\"potentialAction\":[{\"@type\":\"SearchAction\",\"target\":{\"@type\":\"EntryPoint\",\"urlTemplate\":\"https:\/\/www.it.tarnow.pl\/?s={search_term_string}\"},\"query-input\":{\"@type\":\"PropertyValueSpecification\",\"valueRequired\":true,\"valueName\":\"search_term_string\"}}],\"inLanguage\":\"de\"}]}<\/script>\n<!-- \/ Yoast SEO Premium plugin. -->","yoast_head_json":{"title":"Restaurants - Tarnowskie Centrum Informacji","robots":{"index":"index","follow":"follow","max-snippet":"max-snippet:-1","max-image-preview":"max-image-preview:large","max-video-preview":"max-video-preview:-1"},"canonical":"https:\/\/www.it.tarnow.pl\/de\/restaurants-2\/restaurants\/","og_locale":"de_DE","og_type":"article","og_title":"Restaurants","og_description":"&nbsp; P\u00f3\u0142 na p\u00f3\u0142 Plac Kazimierza Wielkiego 2, w Pasa\u017cu Tertila, 33-100 Tarn\u00f3w Tel.: 602 614 214, 146 278 278 polnapol-tarnow.pl \u00a0 restauracjapnp@gmail.com K\u00fcche: polnische,vegetarische, internationale Aktualisierung: 16.01.2026 &nbsp; &#8222;Tatrza\u0144ska&#8220; [&hellip;]","og_url":"https:\/\/www.it.tarnow.pl\/de\/restaurants-2\/restaurants\/","og_site_name":"Tarnowskie Centrum Informacji","article_modified_time":"2026-01-16T11:26:07+00:00","twitter_card":"summary_large_image","twitter_misc":{"Gesch\u00e4tzte Lesezeit":"4\u00a0Minuten"},"schema":{"@context":"https:\/\/schema.org","@graph":[{"@type":"WebPage","@id":"https:\/\/www.it.tarnow.pl\/de\/restaurants-2\/restaurants\/","url":"https:\/\/www.it.tarnow.pl\/de\/restaurants-2\/restaurants\/","name":"Restaurants - Tarnowskie Centrum Informacji","isPartOf":{"@id":"https:\/\/www.it.tarnow.pl\/#website"},"datePublished":"2010-08-09T09:27:03+00:00","dateModified":"2026-01-16T11:26:07+00:00","breadcrumb":{"@id":"https:\/\/www.it.tarnow.pl\/de\/restaurants-2\/restaurants\/#breadcrumb"},"inLanguage":"de","potentialAction":[{"@type":"ReadAction","target":["https:\/\/www.it.tarnow.pl\/de\/restaurants-2\/restaurants\/"]}]},{"@type":"BreadcrumbList","@id":"https:\/\/www.it.tarnow.pl\/de\/restaurants-2\/restaurants\/#breadcrumb","itemListElement":[{"@type":"ListItem","position":1,"name":"Homepage","item":"https:\/\/www.it.tarnow.pl\/de\/"},{"@type":"ListItem","position":2,"name":"Restaurants","item":"https:\/\/www.it.tarnow.pl\/de\/restaurants-2\/"},{"@type":"ListItem","position":3,"name":"Restaurants"}]},{"@type":"WebSite","@id":"https:\/\/www.it.tarnow.pl\/#website","url":"https:\/\/www.it.tarnow.pl\/","name":"Tarnowskie Centrum Informacji","description":"Informacja turystyczna o Tarnowie i regionie tarnowskim.","potentialAction":[{"@type":"SearchAction","target":{"@type":"EntryPoint","urlTemplate":"https:\/\/www.it.tarnow.pl\/?s={search_term_string}"},"query-input":{"@type":"PropertyValueSpecification","valueRequired":true,"valueName":"search_term_string"}}],"inLanguage":"de"}]}},"_links":{"self":[{"href":"https:\/\/www.it.tarnow.pl\/de\/wp-json\/wp\/v2\/pages\/9978","targetHints":{"allow":["GET"]}}],"collection":[{"href":"https:\/\/www.it.tarnow.pl\/de\/wp-json\/wp\/v2\/pages"}],"about":[{"href":"https:\/\/www.it.tarnow.pl\/de\/wp-json\/wp\/v2\/types\/page"}],"author":[{"embeddable":true,"href":"https:\/\/www.it.tarnow.pl\/de\/wp-json\/wp\/v2\/users\/1"}],"replies":[{"embeddable":true,"href":"https:\/\/www.it.tarnow.pl\/de\/wp-json\/wp\/v2\/comments?post=9978"}],"version-history":[{"count":11,"href":"https:\/\/www.it.tarnow.pl\/de\/wp-json\/wp\/v2\/pages\/9978\/revisions"}],"predecessor-version":[{"id":340274,"href":"https:\/\/www.it.tarnow.pl\/de\/wp-json\/wp\/v2\/pages\/9978\/revisions\/340274"}],"up":[{"embeddable":true,"href":"https:\/\/www.it.tarnow.pl\/de\/wp-json\/wp\/v2\/pages\/18923"}],"wp:attachment":[{"href":"https:\/\/www.it.tarnow.pl\/de\/wp-json\/wp\/v2\/media?parent=9978"}],"wp:term":[{"taxonomy":"post_tag","embeddable":true,"href":"https:\/\/www.it.tarnow.pl\/de\/wp-json\/wp\/v2\/tags?post=9978"}],"curies":[{"name":"wp","href":"https:\/\/api.w.org\/{rel}","templated":true}]}}