{"id":9975,"date":"2010-07-23T14:41:16","date_gmt":"2010-07-23T12:41:16","guid":{"rendered":"http:\/\/www.it.tarnow.pl\/die-region-um-tarnow\/"},"modified":"2026-01-16T13:05:13","modified_gmt":"2026-01-16T12:05:13","slug":"die-region-um-tarnow","status":"publish","type":"page","link":"https:\/\/www.it.tarnow.pl\/de\/ubernachtung\/campingplatze\/die-region-um-tarnow\/","title":{"rendered":"Die Region um Tarn\u00f3w"},"content":{"rendered":"<p>&nbsp;<\/p>\r\n<h3>UMGEBUNG UM BOCHNIA<\/h3>\r\n<p>&nbsp;<\/p>\r\n<p><strong>Gminny O\u015brodek Sportu i Rekreacji &#8222;Zalew&#8220; w \u0141apanowie<\/strong><br \/>\r\nul. D\u0119bina, \u00a032-740 \u0141apan\u00f3w<br \/>\r\ntel. +4814 613 45 50, Mobil: +48\u00a0663 064 964<br \/>\r\n<a href=\"http:\/\/lapanow.pl\/turystyka\/zalew\/\">lapanow.pl<\/a>\u00a0\u00a0\u00a0 <br \/>\r\naktualisiert: 16.01.2026<\/p>\r\n<p>&nbsp;<\/p>\r\n<h3>UMGEBUNG UM D\u0104BROWA TARNOWSKA<\/h3>\r\n<p>&nbsp;<\/p>\r\n<p><strong>Camping Zalew Kaka\u0142ko<\/strong><br \/>\r\nul. Podlesie D\u0119bowe, 33-240 \u017babno<br \/>\r\nMobil: +48 535 867 933, 784 007 984<br \/>\r\n<a href=\"http:\/\/www.zalewkakalko.pl\/\">zalewkakalko.pl<\/a> \u00a0 <a href=\"mailto:kontakt@zalewkakalko.pl\">kontakt@zalewkakalko.pl<\/a> <br \/>\r\naktualisiert: 16.01.2026<\/p>\r\n<p>&nbsp;<\/p>\r\n<p><strong>K\u0105pielisko przy O\u015brodku Rekreacyjno Wypoczynkowym Naro\u017cniki<\/strong><br \/>\r\nNaro\u017cniki, 33-100 Radgoszcz<br \/>\r\nMobil: +48 784 007 984, 535 867 933<br \/>\r\n<a href=\"http:\/\/www.facebook.com\/naroznikiradgoszcz\/\">facebook.com<\/a> \u00a0 <a href=\"mailto:kontakt@zalewkakalko.pl\">kontakt@zalewkakalko.pl<\/a><br \/>\r\naktualisiert: 16.01.2026<\/p>","protected":false},"excerpt":{"rendered":"&nbsp; UMGEBUNG UM BOCHNIA &nbsp; Gminny O\u015brodek Sportu i Rekreacji &#8222;Zalew&#8220; w \u0141apanowie ul. D\u0119bina, \u00a032-740 \u0141apan\u00f3w tel. +4814 613 45 50, Mobil: +48\u00a0663 064 964 lapanow.pl\u00a0\u00a0\u00a0 aktualisiert: 16.01.2026 &nbsp; [&hellip;]","protected":false},"author":1,"featured_media":0,"parent":9973,"menu_order":645,"comment_status":"closed","ping_status":"closed","template":"","meta":{"_acf_changed":false,"footnotes":""},"tags":[],"class_list":["post-9975","page","type-page","status-publish","hentry"],"acf":{"old_object_id":"4896","old_parent_id":"4871","old_url":"Uebernachtung\/Campingplaetze\/Die-Region-um-Tarnow","intro_text":"","show_children":"1","class":"folder","type":"single","in_menu":true,"show_date":false,"map":"","old_id":"","top_column":"","left_column":"","right_column":"","bottom_column":"","skip_import":false,"_menu_related_id":"96123","rooms_info":""},"yoast_head":"<!-- This site is optimized with the Yoast SEO Premium plugin v25.4 (Yoast SEO v25.4) - https:\/\/yoast.com\/wordpress\/plugins\/seo\/ -->\n<title>Die Region um Tarn\u00f3w - Tarnowskie Centrum Informacji<\/title>\n<meta name=\"robots\" content=\"index, follow, max-snippet:-1, max-image-preview:large, max-video-preview:-1\" \/>\n<link rel=\"canonical\" href=\"https:\/\/www.it.tarnow.pl\/de\/ubernachtung\/campingplatze\/die-region-um-tarnow\/\" \/>\n<meta property=\"og:locale\" content=\"de_DE\" \/>\n<meta property=\"og:type\" content=\"article\" \/>\n<meta property=\"og:title\" content=\"Die Region um Tarn\u00f3w\" \/>\n<meta property=\"og:description\" content=\"&nbsp; UMGEBUNG UM BOCHNIA &nbsp; Gminny O\u015brodek Sportu i Rekreacji &#8222;Zalew&#8220; w \u0141apanowie ul. D\u0119bina, \u00a032-740 \u0141apan\u00f3w tel. +4814 613 45 50, Mobil: +48\u00a0663 064 964 lapanow.pl\u00a0\u00a0\u00a0 aktualisiert: 16.01.2026 &nbsp; [&hellip;]\" \/>\n<meta property=\"og:url\" content=\"https:\/\/www.it.tarnow.pl\/de\/ubernachtung\/campingplatze\/die-region-um-tarnow\/\" \/>\n<meta property=\"og:site_name\" content=\"Tarnowskie Centrum Informacji\" \/>\n<meta property=\"article:modified_time\" content=\"2026-01-16T12:05:13+00:00\" \/>\n<meta name=\"twitter:card\" content=\"summary_large_image\" \/>\n<meta name=\"twitter:label1\" content=\"Gesch\u00e4tzte Lesezeit\" \/>\n\t<meta name=\"twitter:data1\" content=\"1\u00a0Minute\" \/>\n<script type=\"application\/ld+json\" class=\"yoast-schema-graph\">{\"@context\":\"https:\/\/schema.org\",\"@graph\":[{\"@type\":\"WebPage\",\"@id\":\"https:\/\/www.it.tarnow.pl\/de\/ubernachtung\/campingplatze\/die-region-um-tarnow\/\",\"url\":\"https:\/\/www.it.tarnow.pl\/de\/ubernachtung\/campingplatze\/die-region-um-tarnow\/\",\"name\":\"Die Region um Tarn\u00f3w - Tarnowskie Centrum Informacji\",\"isPartOf\":{\"@id\":\"https:\/\/www.it.tarnow.pl\/#website\"},\"datePublished\":\"2010-07-23T12:41:16+00:00\",\"dateModified\":\"2026-01-16T12:05:13+00:00\",\"breadcrumb\":{\"@id\":\"https:\/\/www.it.tarnow.pl\/de\/ubernachtung\/campingplatze\/die-region-um-tarnow\/#breadcrumb\"},\"inLanguage\":\"de\",\"potentialAction\":[{\"@type\":\"ReadAction\",\"target\":[\"https:\/\/www.it.tarnow.pl\/de\/ubernachtung\/campingplatze\/die-region-um-tarnow\/\"]}]},{\"@type\":\"BreadcrumbList\",\"@id\":\"https:\/\/www.it.tarnow.pl\/de\/ubernachtung\/campingplatze\/die-region-um-tarnow\/#breadcrumb\",\"itemListElement\":[{\"@type\":\"ListItem\",\"position\":1,\"name\":\"Homepage\",\"item\":\"https:\/\/www.it.tarnow.pl\/de\/\"},{\"@type\":\"ListItem\",\"position\":2,\"name\":\"\u00dcbernachtung\",\"item\":\"https:\/\/www.it.tarnow.pl\/de\/ubernachtung\/\"},{\"@type\":\"ListItem\",\"position\":3,\"name\":\"Campingpl\u00e4tze\",\"item\":\"https:\/\/www.it.tarnow.pl\/de\/ubernachtung\/campingplatze\/\"},{\"@type\":\"ListItem\",\"position\":4,\"name\":\"Die Region um Tarn\u00f3w\"}]},{\"@type\":\"WebSite\",\"@id\":\"https:\/\/www.it.tarnow.pl\/#website\",\"url\":\"https:\/\/www.it.tarnow.pl\/\",\"name\":\"Tarnowskie Centrum Informacji\",\"description\":\"Informacja turystyczna o Tarnowie i regionie tarnowskim.\",\"potentialAction\":[{\"@type\":\"SearchAction\",\"target\":{\"@type\":\"EntryPoint\",\"urlTemplate\":\"https:\/\/www.it.tarnow.pl\/?s={search_term_string}\"},\"query-input\":{\"@type\":\"PropertyValueSpecification\",\"valueRequired\":true,\"valueName\":\"search_term_string\"}}],\"inLanguage\":\"de\"}]}<\/script>\n<!-- \/ Yoast SEO Premium plugin. -->","yoast_head_json":{"title":"Die Region um Tarn\u00f3w - Tarnowskie Centrum Informacji","robots":{"index":"index","follow":"follow","max-snippet":"max-snippet:-1","max-image-preview":"max-image-preview:large","max-video-preview":"max-video-preview:-1"},"canonical":"https:\/\/www.it.tarnow.pl\/de\/ubernachtung\/campingplatze\/die-region-um-tarnow\/","og_locale":"de_DE","og_type":"article","og_title":"Die Region um Tarn\u00f3w","og_description":"&nbsp; UMGEBUNG UM BOCHNIA &nbsp; Gminny O\u015brodek Sportu i Rekreacji &#8222;Zalew&#8220; w \u0141apanowie ul. D\u0119bina, \u00a032-740 \u0141apan\u00f3w tel. +4814 613 45 50, Mobil: +48\u00a0663 064 964 lapanow.pl\u00a0\u00a0\u00a0 aktualisiert: 16.01.2026 &nbsp; [&hellip;]","og_url":"https:\/\/www.it.tarnow.pl\/de\/ubernachtung\/campingplatze\/die-region-um-tarnow\/","og_site_name":"Tarnowskie Centrum Informacji","article_modified_time":"2026-01-16T12:05:13+00:00","twitter_card":"summary_large_image","twitter_misc":{"Gesch\u00e4tzte Lesezeit":"1\u00a0Minute"},"schema":{"@context":"https:\/\/schema.org","@graph":[{"@type":"WebPage","@id":"https:\/\/www.it.tarnow.pl\/de\/ubernachtung\/campingplatze\/die-region-um-tarnow\/","url":"https:\/\/www.it.tarnow.pl\/de\/ubernachtung\/campingplatze\/die-region-um-tarnow\/","name":"Die Region um Tarn\u00f3w - Tarnowskie Centrum Informacji","isPartOf":{"@id":"https:\/\/www.it.tarnow.pl\/#website"},"datePublished":"2010-07-23T12:41:16+00:00","dateModified":"2026-01-16T12:05:13+00:00","breadcrumb":{"@id":"https:\/\/www.it.tarnow.pl\/de\/ubernachtung\/campingplatze\/die-region-um-tarnow\/#breadcrumb"},"inLanguage":"de","potentialAction":[{"@type":"ReadAction","target":["https:\/\/www.it.tarnow.pl\/de\/ubernachtung\/campingplatze\/die-region-um-tarnow\/"]}]},{"@type":"BreadcrumbList","@id":"https:\/\/www.it.tarnow.pl\/de\/ubernachtung\/campingplatze\/die-region-um-tarnow\/#breadcrumb","itemListElement":[{"@type":"ListItem","position":1,"name":"Homepage","item":"https:\/\/www.it.tarnow.pl\/de\/"},{"@type":"ListItem","position":2,"name":"\u00dcbernachtung","item":"https:\/\/www.it.tarnow.pl\/de\/ubernachtung\/"},{"@type":"ListItem","position":3,"name":"Campingpl\u00e4tze","item":"https:\/\/www.it.tarnow.pl\/de\/ubernachtung\/campingplatze\/"},{"@type":"ListItem","position":4,"name":"Die Region um Tarn\u00f3w"}]},{"@type":"WebSite","@id":"https:\/\/www.it.tarnow.pl\/#website","url":"https:\/\/www.it.tarnow.pl\/","name":"Tarnowskie Centrum Informacji","description":"Informacja turystyczna o Tarnowie i regionie tarnowskim.","potentialAction":[{"@type":"SearchAction","target":{"@type":"EntryPoint","urlTemplate":"https:\/\/www.it.tarnow.pl\/?s={search_term_string}"},"query-input":{"@type":"PropertyValueSpecification","valueRequired":true,"valueName":"search_term_string"}}],"inLanguage":"de"}]}},"_links":{"self":[{"href":"https:\/\/www.it.tarnow.pl\/de\/wp-json\/wp\/v2\/pages\/9975","targetHints":{"allow":["GET"]}}],"collection":[{"href":"https:\/\/www.it.tarnow.pl\/de\/wp-json\/wp\/v2\/pages"}],"about":[{"href":"https:\/\/www.it.tarnow.pl\/de\/wp-json\/wp\/v2\/types\/page"}],"author":[{"embeddable":true,"href":"https:\/\/www.it.tarnow.pl\/de\/wp-json\/wp\/v2\/users\/1"}],"replies":[{"embeddable":true,"href":"https:\/\/www.it.tarnow.pl\/de\/wp-json\/wp\/v2\/comments?post=9975"}],"version-history":[{"count":6,"href":"https:\/\/www.it.tarnow.pl\/de\/wp-json\/wp\/v2\/pages\/9975\/revisions"}],"predecessor-version":[{"id":340295,"href":"https:\/\/www.it.tarnow.pl\/de\/wp-json\/wp\/v2\/pages\/9975\/revisions\/340295"}],"up":[{"embeddable":true,"href":"https:\/\/www.it.tarnow.pl\/de\/wp-json\/wp\/v2\/pages\/9973"}],"wp:attachment":[{"href":"https:\/\/www.it.tarnow.pl\/de\/wp-json\/wp\/v2\/media?parent=9975"}],"wp:term":[{"taxonomy":"post_tag","embeddable":true,"href":"https:\/\/www.it.tarnow.pl\/de\/wp-json\/wp\/v2\/tags?post=9975"}],"curies":[{"name":"wp","href":"https:\/\/api.w.org\/{rel}","templated":true}]}}