{"id":9970,"date":"2010-07-23T13:54:02","date_gmt":"2010-07-23T11:54:02","guid":{"rendered":"http:\/\/www.it.tarnow.pl\/die-region-um-tarnow\/"},"modified":"2026-01-16T12:59:33","modified_gmt":"2026-01-16T11:59:33","slug":"die-region-um-tarnow","status":"publish","type":"page","link":"https:\/\/www.it.tarnow.pl\/de\/ubernachtung\/jugendherbergen\/die-region-um-tarnow\/","title":{"rendered":"Die Region um Tarn\u00f3w"},"content":{"rendered":"<p>&nbsp;<\/p>\r\n<h3>UMGEBUNG UM TARN\u00d3W<\/h3>\r\n<p>&nbsp;<\/p>\r\n<p><b>Szkolne Schronisko M\u0142odzie\u017cowe w Wojniczu<\/b> (nicht kategorisiertes)<br \/>\r\nul. Jagiello\u0144ska 17, 32-830 Tarn\u00f3w<br \/>\r\nTel. +48 14 67 90 083, +48 14 67 90 005 <br \/>\r\n<a class=\"www-link\" href=\"http:\/\/www.wojnicz.edu.pl\/\">wojnicz.edu.pl<\/a> \u00a0 <a href=\"mailto:sekretariat@wojnicz.edu.pl\">sekretariat@wojnicz.edu.pl<\/a><br \/>\r\n<i>aktualisiert: 16.01.2026<\/i><\/p>\r\n<p>&nbsp;<\/p>\r\n<p><b>Bac\u00f3wka Brzanka <\/b>(nicht kategorisiertes)<br \/>\r\nJod\u0142\u00f3wka Tuchowska 125, 33-173 Jod\u0142\u00f3wka Tuchowska <br \/>\r\nTel.: +48 14 652 68 02, Mobil: +48 604 135 018\u00a0<br \/>\r\n<a href=\"https:\/\/brzanka.pl\/\">brzanka.pl<\/a> \u00a0 <a href=\"mailto:recepcja@brzanka.pl\">recepcja@brzanka.pl<\/a> <br \/>\r\n<i>aktualisiert: 16.01.2026<\/i><\/p>\r\n<p>&nbsp;<\/p>\r\n<p><b>Schronisko &#8222;Bac\u00f3wka na Jamnej&#8220; <\/b>(nicht kategorisiertes)<br \/>\r\nJamna 14, 32-842 Pale\u015bnica <br \/>\r\nMobil: +48 517 340 735, +48 <span class=\"oi732d6d ik7dh3pa d2edcug0 hpfvmrgz qv66sw1b c1et5uql a8c37x1j muag1w35 ew0dbk1b jq4qci2q a3bd9o3v knj5qynh oo9gr5id hzawbc8m\" dir=\"auto\"><span class=\"oi732d6d ik7dh3pa d2edcug0 hpfvmrgz qv66sw1b c1et5uql jq4qci2q a3bd9o3v knj5qynh oo9gr5id\">512 189 600<\/span><\/span><br \/>\r\n<a href=\"http:\/\/www.bacowkajamna.pl\">bacowkajamna.pl<\/a> \u00a0 <a href=\"mailto:kontakt@bacowkajamna.pl\">kontakt@bacowkajamna.pl<\/a> <br \/>\r\n<i>aktualisiert:16.01.2026\u00a0<\/i><\/p>\r\n<p>&nbsp;<\/p>\r\n<p><b>Szkolne Schronisko M\u0142odzie\u017cowe w Ci\u0119\u017ckowicach\u00a0<\/b>(nicht kategorisiertes)<br \/>\r\nul. \u015aw. Andrzeja 6, 33-190 Ci\u0119\u017ckowice <br \/>\r\nMobil: +48 668 708 069, +48 668 235 286<br \/>\r\n<a href=\"https:\/\/www.facebook.com\/profile.php?id=100081253420701\">facebook.com<\/a>\u00a0\u00a0 <a href=\"mailto:kp.ssmciezkowice@interia.pl\">kp.ssmciezkowice@interia.pl<\/a><br \/>\r\n<i>aktualisiert: 16.01.2026<\/i><\/p>\r\n<p>&nbsp;<\/p>\r\n<p>&nbsp;<\/p>\r\n<h3>UMGEBUNG UM BOCHNIA<\/h3>\r\n<p>&nbsp;<\/p>\r\n<p><b>Szkolne Schronisko M\u0142odzie\u017cowe w Rozdzielu\u00a0<\/b>(nicht kategorisiertes)<br \/>\r\nRozdziele 194, 32-731 \u017begocina <br \/>\r\nTel.\/Fax: +48 14 613 30 87 , Mobil: +48 504 864 631<br \/>\r\n<a href=\"http:\/\/www.schronisko.rozdziele.pl\">schronisko.rozdziele.pl<\/a> \u00a0\u00a0 <a href=\"mailto:schronisko@rozdziele.pl\">schronisko@rozdziele.pl<\/a><br \/>\r\n<i>aktualisiert: 16.01.2026<\/i><\/p>\r\n<p>&nbsp;<\/p>\r\n<p><strong>Dom Pielgrzyma w Bochni<\/strong> <br \/>\r\nul. Stasiaka 10, 32-700 Bochnia <br \/>\r\nTel: +48 14 612 21 95<br \/>\r\n<a href=\"mailto:bursa.bochnia@gmail.com\">bursa.bochnia@gmail.com<\/a> <br \/>\r\n<em>aktualisiert: <i>16.01.2026<\/i><\/em><\/p>\r\n<p>&nbsp;<\/p>\r\n<p>&nbsp;<\/p>\r\n<h3><b>UMGEBUNG UM BRZESKO<\/b><\/h3>\r\n<h3>\u00a0<\/h3>\r\n<p><b>Bac\u00f3wka &#8222;Bia\u0142y Jele\u0144&#8220;<\/b> (nicht kategorisiertes)<br \/>\r\nIwkowa 586, 32-861 Iwkowa<br \/>\r\nTel.:+48 14 684 44 40 , Mobil: +48 605 555 077<br \/>\r\n<a href=\"http:\/\/www.bacowka.com.pl\">bacowka.com.pl<\/a> \u00a0\u00a0 <a href=\"bacowka@bacowka.com.pl\">bacowka@bacowka.com.pl<\/a><br \/>\r\n<i>aktualisiert: 16.01.2026<\/i><\/p>\r\n<p>&nbsp;<\/p>\r\n<p><b>Szkolne Schronisko M\u0142odzie\u017cowe w Brzesku<\/b> (nicht kategorisiertes)<br \/>\r\nul. Piastowska 2B, 32-800 Brzesko <br \/>\r\nTel.\/Fax: +48 14 663 00 63, +48 14 652 03 40<br \/>\r\n<a href=\"https:\/\/noclegi-brzesko.pl\/\">noclegi-brzesko.pl\u00a0<\/a>\u00a0\u00a0 <a href=\"mailto:recepcja@ssm-brzesko.pl\">recepcja@ssm-brzesko.pl<\/a> <br \/>\r\n<i>aktualisiert: 16.01.2026<\/i><\/p>\r\n<p>&nbsp;<\/p>\r\n<p>&nbsp;<\/p>\r\n<h3>UMGEBUNG UM D\u0118BICA<\/h3>\r\n<p>&nbsp;<\/p>\r\n<p><b>Szkolne Schronisko M\u0142odzie\u017cowe &#8222;Rozdzielnia Wiatr\u00f3w&#8220;<\/b> (nicht kategorisiertes)<br \/>\r\nG\u0142obikowa 81 c, 39-210 D\u0119bica <br \/>\r\nTel.\/Fax: +48 14 681 67 69<br \/>\r\n<a href=\"http:\/\/globikowa.ugdebica.pl\/\">globikowa.ugdebica.pl<\/a> \u00a0 <a href=\"mailto:zsglobikowa@gzeas.pl\">zsglobikowa@gzeas.pl<\/a> <br \/>\r\n<i>aktualisiert: 16.01.2026<\/i><\/p>\r\n<p>&nbsp;<\/p>\r\n<p>&nbsp;<\/p>\r\n<h3>UMGEBUNG UM D\u0104BROWA TARNOWSKA<\/h3>\r\n<p><b>\u00a0<\/b><\/p>\r\n<p><b>Szkolne Schronisko M\u0142odzie\u017cowe w D\u0105browie Tarnowskiej <\/b>(nicht kategorisiertes)<br \/>\r\nul. Pi\u0142sudskiego 44, 33-200 D\u0105browa Tarnowska<br \/>\r\nTel.: +48 14 642 41 00<br \/>\r\n<a href=\"https:\/\/zsdt.edu.pl\/\">zsdt.edu.pl<\/a><br \/>\r\n<i>aktualisiert: 16.01.2026<\/i><\/p>\r\n<p>&nbsp;<\/p>\r\n<p>&nbsp;<\/p>\r\n<h3>UMGEBUNG UM GORLICE<\/h3>\r\n<p>&nbsp;<\/p>\r\n<p><strong>Szkolne Schronisko M\u0142odzie\u017cowe<\/strong><br \/>\r\nul. Parkowa 1, 38-340 Biecz<br \/>\r\nTel.\/Fax: +48 13 447 10 14<br \/>\r\n<a href=\"https:\/\/www.pzpobiecz.pl\/\">pzpobiecz.pl<\/a> \u00a0\u00a0<a href=\"mailto:ssmbiecz@pzpobiecz.pl\">ssmbiecz@pzpobiecz.pl<\/a> <br \/>\r\n<em>aktualisiert: <i>16.01.2026<\/i><\/em><\/p>\r\n<p>&nbsp;<\/p>\r\n<p><strong>Szkolne Schronisko M\u0142odzie\u017cowe<\/strong><br \/>\r\nBobowa 131, 38-350 Bobowa<br \/>\r\nTel: +48 18 35 14 010<br \/>\r\n<a href=\"https:\/\/zsz.bobowa.pl\/\">zsz.bobowa.pl<\/a> \u00a0\u00a0 <a href=\"mailto:sekretariat@zsz.bobowa.pl\">sekretariat@zsz.bobowa.pl<\/a> <br \/>\r\n<em>aktualisiert: <i>16.01.2026<\/i><\/em><\/p>","protected":false},"excerpt":{"rendered":"&nbsp; UMGEBUNG UM TARN\u00d3W &nbsp; Szkolne Schronisko M\u0142odzie\u017cowe w Wojniczu (nicht kategorisiertes) ul. Jagiello\u0144ska 17, 32-830 Tarn\u00f3w Tel. +48 14 67 90 083, +48 14 67 90 005 wojnicz.edu.pl \u00a0 [&hellip;]","protected":false},"author":1,"featured_media":0,"parent":9968,"menu_order":643,"comment_status":"closed","ping_status":"closed","template":"","meta":{"_acf_changed":false,"footnotes":""},"tags":[],"class_list":["post-9970","page","type-page","status-publish","hentry"],"acf":{"old_object_id":"4878","old_parent_id":"4869","old_url":"Uebernachtung\/Jugendherbergen\/Die-Region-um-Tarnow","intro_text":"","show_children":"1","class":"folder","type":"single","in_menu":true,"show_date":false,"map":"","old_id":"","top_column":"","left_column":"","right_column":"","bottom_column":"","skip_import":false,"_menu_related_id":"96132","rooms_info":""},"yoast_head":"<!-- This site is optimized with the Yoast SEO Premium plugin v25.4 (Yoast SEO v25.4) - https:\/\/yoast.com\/wordpress\/plugins\/seo\/ -->\n<title>Die Region um Tarn\u00f3w - Tarnowskie Centrum Informacji<\/title>\n<meta name=\"robots\" content=\"index, follow, max-snippet:-1, max-image-preview:large, max-video-preview:-1\" \/>\n<link rel=\"canonical\" href=\"https:\/\/www.it.tarnow.pl\/de\/ubernachtung\/jugendherbergen\/die-region-um-tarnow\/\" \/>\n<meta property=\"og:locale\" content=\"de_DE\" \/>\n<meta property=\"og:type\" content=\"article\" \/>\n<meta property=\"og:title\" content=\"Die Region um Tarn\u00f3w\" \/>\n<meta property=\"og:description\" content=\"&nbsp; UMGEBUNG UM TARN\u00d3W &nbsp; Szkolne Schronisko M\u0142odzie\u017cowe w Wojniczu (nicht kategorisiertes) ul. Jagiello\u0144ska 17, 32-830 Tarn\u00f3w Tel. +48 14 67 90 083, +48 14 67 90 005 wojnicz.edu.pl \u00a0 [&hellip;]\" \/>\n<meta property=\"og:url\" content=\"https:\/\/www.it.tarnow.pl\/de\/ubernachtung\/jugendherbergen\/die-region-um-tarnow\/\" \/>\n<meta property=\"og:site_name\" content=\"Tarnowskie Centrum Informacji\" \/>\n<meta property=\"article:modified_time\" content=\"2026-01-16T11:59:33+00:00\" \/>\n<meta name=\"twitter:card\" content=\"summary_large_image\" \/>\n<meta name=\"twitter:label1\" content=\"Gesch\u00e4tzte Lesezeit\" \/>\n\t<meta name=\"twitter:data1\" content=\"2\u00a0Minuten\" \/>\n<script type=\"application\/ld+json\" class=\"yoast-schema-graph\">{\"@context\":\"https:\/\/schema.org\",\"@graph\":[{\"@type\":\"WebPage\",\"@id\":\"https:\/\/www.it.tarnow.pl\/de\/ubernachtung\/jugendherbergen\/die-region-um-tarnow\/\",\"url\":\"https:\/\/www.it.tarnow.pl\/de\/ubernachtung\/jugendherbergen\/die-region-um-tarnow\/\",\"name\":\"Die Region um Tarn\u00f3w - Tarnowskie Centrum Informacji\",\"isPartOf\":{\"@id\":\"https:\/\/www.it.tarnow.pl\/#website\"},\"datePublished\":\"2010-07-23T11:54:02+00:00\",\"dateModified\":\"2026-01-16T11:59:33+00:00\",\"breadcrumb\":{\"@id\":\"https:\/\/www.it.tarnow.pl\/de\/ubernachtung\/jugendherbergen\/die-region-um-tarnow\/#breadcrumb\"},\"inLanguage\":\"de\",\"potentialAction\":[{\"@type\":\"ReadAction\",\"target\":[\"https:\/\/www.it.tarnow.pl\/de\/ubernachtung\/jugendherbergen\/die-region-um-tarnow\/\"]}]},{\"@type\":\"BreadcrumbList\",\"@id\":\"https:\/\/www.it.tarnow.pl\/de\/ubernachtung\/jugendherbergen\/die-region-um-tarnow\/#breadcrumb\",\"itemListElement\":[{\"@type\":\"ListItem\",\"position\":1,\"name\":\"Homepage\",\"item\":\"https:\/\/www.it.tarnow.pl\/de\/\"},{\"@type\":\"ListItem\",\"position\":2,\"name\":\"\u00dcbernachtung\",\"item\":\"https:\/\/www.it.tarnow.pl\/de\/ubernachtung\/\"},{\"@type\":\"ListItem\",\"position\":3,\"name\":\"Jugendherbergen\",\"item\":\"https:\/\/www.it.tarnow.pl\/de\/ubernachtung\/jugendherbergen\/\"},{\"@type\":\"ListItem\",\"position\":4,\"name\":\"Die Region um Tarn\u00f3w\"}]},{\"@type\":\"WebSite\",\"@id\":\"https:\/\/www.it.tarnow.pl\/#website\",\"url\":\"https:\/\/www.it.tarnow.pl\/\",\"name\":\"Tarnowskie Centrum Informacji\",\"description\":\"Informacja turystyczna o Tarnowie i regionie tarnowskim.\",\"potentialAction\":[{\"@type\":\"SearchAction\",\"target\":{\"@type\":\"EntryPoint\",\"urlTemplate\":\"https:\/\/www.it.tarnow.pl\/?s={search_term_string}\"},\"query-input\":{\"@type\":\"PropertyValueSpecification\",\"valueRequired\":true,\"valueName\":\"search_term_string\"}}],\"inLanguage\":\"de\"}]}<\/script>\n<!-- \/ Yoast SEO Premium plugin. -->","yoast_head_json":{"title":"Die Region um Tarn\u00f3w - Tarnowskie Centrum Informacji","robots":{"index":"index","follow":"follow","max-snippet":"max-snippet:-1","max-image-preview":"max-image-preview:large","max-video-preview":"max-video-preview:-1"},"canonical":"https:\/\/www.it.tarnow.pl\/de\/ubernachtung\/jugendherbergen\/die-region-um-tarnow\/","og_locale":"de_DE","og_type":"article","og_title":"Die Region um Tarn\u00f3w","og_description":"&nbsp; UMGEBUNG UM TARN\u00d3W &nbsp; Szkolne Schronisko M\u0142odzie\u017cowe w Wojniczu (nicht kategorisiertes) ul. Jagiello\u0144ska 17, 32-830 Tarn\u00f3w Tel. +48 14 67 90 083, +48 14 67 90 005 wojnicz.edu.pl \u00a0 [&hellip;]","og_url":"https:\/\/www.it.tarnow.pl\/de\/ubernachtung\/jugendherbergen\/die-region-um-tarnow\/","og_site_name":"Tarnowskie Centrum Informacji","article_modified_time":"2026-01-16T11:59:33+00:00","twitter_card":"summary_large_image","twitter_misc":{"Gesch\u00e4tzte Lesezeit":"2\u00a0Minuten"},"schema":{"@context":"https:\/\/schema.org","@graph":[{"@type":"WebPage","@id":"https:\/\/www.it.tarnow.pl\/de\/ubernachtung\/jugendherbergen\/die-region-um-tarnow\/","url":"https:\/\/www.it.tarnow.pl\/de\/ubernachtung\/jugendherbergen\/die-region-um-tarnow\/","name":"Die Region um Tarn\u00f3w - Tarnowskie Centrum Informacji","isPartOf":{"@id":"https:\/\/www.it.tarnow.pl\/#website"},"datePublished":"2010-07-23T11:54:02+00:00","dateModified":"2026-01-16T11:59:33+00:00","breadcrumb":{"@id":"https:\/\/www.it.tarnow.pl\/de\/ubernachtung\/jugendherbergen\/die-region-um-tarnow\/#breadcrumb"},"inLanguage":"de","potentialAction":[{"@type":"ReadAction","target":["https:\/\/www.it.tarnow.pl\/de\/ubernachtung\/jugendherbergen\/die-region-um-tarnow\/"]}]},{"@type":"BreadcrumbList","@id":"https:\/\/www.it.tarnow.pl\/de\/ubernachtung\/jugendherbergen\/die-region-um-tarnow\/#breadcrumb","itemListElement":[{"@type":"ListItem","position":1,"name":"Homepage","item":"https:\/\/www.it.tarnow.pl\/de\/"},{"@type":"ListItem","position":2,"name":"\u00dcbernachtung","item":"https:\/\/www.it.tarnow.pl\/de\/ubernachtung\/"},{"@type":"ListItem","position":3,"name":"Jugendherbergen","item":"https:\/\/www.it.tarnow.pl\/de\/ubernachtung\/jugendherbergen\/"},{"@type":"ListItem","position":4,"name":"Die Region um Tarn\u00f3w"}]},{"@type":"WebSite","@id":"https:\/\/www.it.tarnow.pl\/#website","url":"https:\/\/www.it.tarnow.pl\/","name":"Tarnowskie Centrum Informacji","description":"Informacja turystyczna o Tarnowie i regionie tarnowskim.","potentialAction":[{"@type":"SearchAction","target":{"@type":"EntryPoint","urlTemplate":"https:\/\/www.it.tarnow.pl\/?s={search_term_string}"},"query-input":{"@type":"PropertyValueSpecification","valueRequired":true,"valueName":"search_term_string"}}],"inLanguage":"de"}]}},"_links":{"self":[{"href":"https:\/\/www.it.tarnow.pl\/de\/wp-json\/wp\/v2\/pages\/9970","targetHints":{"allow":["GET"]}}],"collection":[{"href":"https:\/\/www.it.tarnow.pl\/de\/wp-json\/wp\/v2\/pages"}],"about":[{"href":"https:\/\/www.it.tarnow.pl\/de\/wp-json\/wp\/v2\/types\/page"}],"author":[{"embeddable":true,"href":"https:\/\/www.it.tarnow.pl\/de\/wp-json\/wp\/v2\/users\/1"}],"replies":[{"embeddable":true,"href":"https:\/\/www.it.tarnow.pl\/de\/wp-json\/wp\/v2\/comments?post=9970"}],"version-history":[{"count":7,"href":"https:\/\/www.it.tarnow.pl\/de\/wp-json\/wp\/v2\/pages\/9970\/revisions"}],"predecessor-version":[{"id":340290,"href":"https:\/\/www.it.tarnow.pl\/de\/wp-json\/wp\/v2\/pages\/9970\/revisions\/340290"}],"up":[{"embeddable":true,"href":"https:\/\/www.it.tarnow.pl\/de\/wp-json\/wp\/v2\/pages\/9968"}],"wp:attachment":[{"href":"https:\/\/www.it.tarnow.pl\/de\/wp-json\/wp\/v2\/media?parent=9970"}],"wp:term":[{"taxonomy":"post_tag","embeddable":true,"href":"https:\/\/www.it.tarnow.pl\/de\/wp-json\/wp\/v2\/tags?post=9970"}],"curies":[{"name":"wp","href":"https:\/\/api.w.org\/{rel}","templated":true}]}}