{"id":9969,"date":"2010-07-23T13:51:43","date_gmt":"2010-07-23T11:51:43","guid":{"rendered":"http:\/\/www.it.tarnow.pl\/tarnow-13\/"},"modified":"2026-01-16T12:54:51","modified_gmt":"2026-01-16T11:54:51","slug":"tarnow-13","status":"publish","type":"page","link":"https:\/\/www.it.tarnow.pl\/de\/ubernachtung\/jugendherbergen\/tarnow-13\/","title":{"rendered":"Tarn\u00f3w"},"content":{"rendered":"<p><strong>Dom Studenta<\/strong> (nicht kategorisiertes)<br \/>\r\nul. S\u0142owackiego 7, 33-100 Tarn\u00f3w <br \/>\r\nTel. +48 14 631 69 01<br \/>\r\nZimmeranzahl\/Bettenanzahl: 14\/30<br \/>\r\n<a href=\"https:\/\/anstar.edu.pl\/jednostki\/dom-studenta\/\">anstar.edu.pl<\/a><br \/>\r\naktualisiert: 16.01.2026<\/p>\r\n<p>&nbsp;<\/p>\r\n<p><strong>OHP <\/strong><br \/>\r\nul. Mo\u015bcickiego 27, 33-100 Tarn\u00f3w <br \/>\r\nTel.\/Fax: +48 14 627 38 79<br \/>\r\n<a href=\"http:\/\/www.ckiw-tarnow.ohp.pl\/\">ckiw-tarnow.ohp.pl<\/a> \u00a0\u00a0<a href=\"mailto:rezerwacje@ckiw-tarnow.ohp.pl\">rezerwacje@ckiw-tarnow.ohp.pl<\/a> <br \/>\r\nZimmeranzahl\/Bettenanzahl: 24\/78<br \/>\r\naktualisiert: 16.01.2026<\/p>\r\n<p>&nbsp;<\/p>\r\n<p><strong>Inka Hostel<\/strong><br \/>\r\nul. Dobrza\u0144skiego 6, 33-100 Tarn\u00f3w<br \/>\r\nTel.\/Fax: +48 14 626 72 12; Mobil: +48 605 960 750<br \/>\r\n<a href=\"http:\/\/www.hostel-inka.pl\/\">hostel-inka.pl<\/a> \u00a0\u00a0<a href=\"mailto:kontakt@hostel-inka.pl\">kontakt@hostel-inka.pl<\/a> <br \/>\r\nZimmeranzahl\/Bettenanzahl: 17\/65<br \/>\r\naktualisiert: 16.01.2026<\/p>","protected":false},"excerpt":{"rendered":"Dom Studenta (nicht kategorisiertes) ul. S\u0142owackiego 7, 33-100 Tarn\u00f3w Tel. +48 14 631 69 01 Zimmeranzahl\/Bettenanzahl: 14\/30 anstar.edu.pl aktualisiert: 16.01.2026 &nbsp; OHP ul. Mo\u015bcickiego 27, 33-100 Tarn\u00f3w Tel.\/Fax: +48 14 [&hellip;]","protected":false},"author":1,"featured_media":0,"parent":9968,"menu_order":815,"comment_status":"closed","ping_status":"closed","template":"","meta":{"_acf_changed":false,"footnotes":""},"tags":[],"class_list":["post-9969","page","type-page","status-publish","hentry"],"acf":{"old_object_id":"4877","old_parent_id":"4869","old_url":"Uebernachtung\/Jugendherbergen\/Tarnow","intro_text":"","show_children":"1","class":"folder","type":"single","in_menu":true,"show_date":false,"map":"","old_id":"","top_column":"","left_column":"","right_column":"","bottom_column":"","skip_import":false,"_menu_related_id":"96133","rooms_info":""},"yoast_head":"<!-- This site is optimized with the Yoast SEO Premium plugin v25.4 (Yoast SEO v25.4) - https:\/\/yoast.com\/wordpress\/plugins\/seo\/ -->\n<title>Tarn\u00f3w - Tarnowskie Centrum Informacji<\/title>\n<meta name=\"robots\" content=\"index, follow, max-snippet:-1, max-image-preview:large, max-video-preview:-1\" \/>\n<link rel=\"canonical\" href=\"https:\/\/www.it.tarnow.pl\/de\/ubernachtung\/jugendherbergen\/tarnow-13\/\" \/>\n<meta property=\"og:locale\" content=\"de_DE\" \/>\n<meta property=\"og:type\" content=\"article\" \/>\n<meta property=\"og:title\" content=\"Tarn\u00f3w\" \/>\n<meta property=\"og:description\" content=\"Dom Studenta (nicht kategorisiertes) ul. S\u0142owackiego 7, 33-100 Tarn\u00f3w Tel. +48 14 631 69 01 Zimmeranzahl\/Bettenanzahl: 14\/30 anstar.edu.pl aktualisiert: 16.01.2026 &nbsp; OHP ul. Mo\u015bcickiego 27, 33-100 Tarn\u00f3w Tel.\/Fax: +48 14 [&hellip;]\" \/>\n<meta property=\"og:url\" content=\"https:\/\/www.it.tarnow.pl\/de\/ubernachtung\/jugendherbergen\/tarnow-13\/\" \/>\n<meta property=\"og:site_name\" content=\"Tarnowskie Centrum Informacji\" \/>\n<meta property=\"article:modified_time\" content=\"2026-01-16T11:54:51+00:00\" \/>\n<meta name=\"twitter:card\" content=\"summary_large_image\" \/>\n<meta name=\"twitter:label1\" content=\"Gesch\u00e4tzte Lesezeit\" \/>\n\t<meta name=\"twitter:data1\" content=\"1\u00a0Minute\" \/>\n<script type=\"application\/ld+json\" class=\"yoast-schema-graph\">{\"@context\":\"https:\/\/schema.org\",\"@graph\":[{\"@type\":\"WebPage\",\"@id\":\"https:\/\/www.it.tarnow.pl\/de\/ubernachtung\/jugendherbergen\/tarnow-13\/\",\"url\":\"https:\/\/www.it.tarnow.pl\/de\/ubernachtung\/jugendherbergen\/tarnow-13\/\",\"name\":\"Tarn\u00f3w - Tarnowskie Centrum Informacji\",\"isPartOf\":{\"@id\":\"https:\/\/www.it.tarnow.pl\/#website\"},\"datePublished\":\"2010-07-23T11:51:43+00:00\",\"dateModified\":\"2026-01-16T11:54:51+00:00\",\"breadcrumb\":{\"@id\":\"https:\/\/www.it.tarnow.pl\/de\/ubernachtung\/jugendherbergen\/tarnow-13\/#breadcrumb\"},\"inLanguage\":\"de\",\"potentialAction\":[{\"@type\":\"ReadAction\",\"target\":[\"https:\/\/www.it.tarnow.pl\/de\/ubernachtung\/jugendherbergen\/tarnow-13\/\"]}]},{\"@type\":\"BreadcrumbList\",\"@id\":\"https:\/\/www.it.tarnow.pl\/de\/ubernachtung\/jugendherbergen\/tarnow-13\/#breadcrumb\",\"itemListElement\":[{\"@type\":\"ListItem\",\"position\":1,\"name\":\"Homepage\",\"item\":\"https:\/\/www.it.tarnow.pl\/de\/\"},{\"@type\":\"ListItem\",\"position\":2,\"name\":\"\u00dcbernachtung\",\"item\":\"https:\/\/www.it.tarnow.pl\/de\/ubernachtung\/\"},{\"@type\":\"ListItem\",\"position\":3,\"name\":\"Jugendherbergen\",\"item\":\"https:\/\/www.it.tarnow.pl\/de\/ubernachtung\/jugendherbergen\/\"},{\"@type\":\"ListItem\",\"position\":4,\"name\":\"Tarn\u00f3w\"}]},{\"@type\":\"WebSite\",\"@id\":\"https:\/\/www.it.tarnow.pl\/#website\",\"url\":\"https:\/\/www.it.tarnow.pl\/\",\"name\":\"Tarnowskie Centrum Informacji\",\"description\":\"Informacja turystyczna o Tarnowie i regionie tarnowskim.\",\"potentialAction\":[{\"@type\":\"SearchAction\",\"target\":{\"@type\":\"EntryPoint\",\"urlTemplate\":\"https:\/\/www.it.tarnow.pl\/?s={search_term_string}\"},\"query-input\":{\"@type\":\"PropertyValueSpecification\",\"valueRequired\":true,\"valueName\":\"search_term_string\"}}],\"inLanguage\":\"de\"}]}<\/script>\n<!-- \/ Yoast SEO Premium plugin. -->","yoast_head_json":{"title":"Tarn\u00f3w - Tarnowskie Centrum Informacji","robots":{"index":"index","follow":"follow","max-snippet":"max-snippet:-1","max-image-preview":"max-image-preview:large","max-video-preview":"max-video-preview:-1"},"canonical":"https:\/\/www.it.tarnow.pl\/de\/ubernachtung\/jugendherbergen\/tarnow-13\/","og_locale":"de_DE","og_type":"article","og_title":"Tarn\u00f3w","og_description":"Dom Studenta (nicht kategorisiertes) ul. S\u0142owackiego 7, 33-100 Tarn\u00f3w Tel. +48 14 631 69 01 Zimmeranzahl\/Bettenanzahl: 14\/30 anstar.edu.pl aktualisiert: 16.01.2026 &nbsp; OHP ul. Mo\u015bcickiego 27, 33-100 Tarn\u00f3w Tel.\/Fax: +48 14 [&hellip;]","og_url":"https:\/\/www.it.tarnow.pl\/de\/ubernachtung\/jugendherbergen\/tarnow-13\/","og_site_name":"Tarnowskie Centrum Informacji","article_modified_time":"2026-01-16T11:54:51+00:00","twitter_card":"summary_large_image","twitter_misc":{"Gesch\u00e4tzte Lesezeit":"1\u00a0Minute"},"schema":{"@context":"https:\/\/schema.org","@graph":[{"@type":"WebPage","@id":"https:\/\/www.it.tarnow.pl\/de\/ubernachtung\/jugendherbergen\/tarnow-13\/","url":"https:\/\/www.it.tarnow.pl\/de\/ubernachtung\/jugendherbergen\/tarnow-13\/","name":"Tarn\u00f3w - Tarnowskie Centrum Informacji","isPartOf":{"@id":"https:\/\/www.it.tarnow.pl\/#website"},"datePublished":"2010-07-23T11:51:43+00:00","dateModified":"2026-01-16T11:54:51+00:00","breadcrumb":{"@id":"https:\/\/www.it.tarnow.pl\/de\/ubernachtung\/jugendherbergen\/tarnow-13\/#breadcrumb"},"inLanguage":"de","potentialAction":[{"@type":"ReadAction","target":["https:\/\/www.it.tarnow.pl\/de\/ubernachtung\/jugendherbergen\/tarnow-13\/"]}]},{"@type":"BreadcrumbList","@id":"https:\/\/www.it.tarnow.pl\/de\/ubernachtung\/jugendherbergen\/tarnow-13\/#breadcrumb","itemListElement":[{"@type":"ListItem","position":1,"name":"Homepage","item":"https:\/\/www.it.tarnow.pl\/de\/"},{"@type":"ListItem","position":2,"name":"\u00dcbernachtung","item":"https:\/\/www.it.tarnow.pl\/de\/ubernachtung\/"},{"@type":"ListItem","position":3,"name":"Jugendherbergen","item":"https:\/\/www.it.tarnow.pl\/de\/ubernachtung\/jugendherbergen\/"},{"@type":"ListItem","position":4,"name":"Tarn\u00f3w"}]},{"@type":"WebSite","@id":"https:\/\/www.it.tarnow.pl\/#website","url":"https:\/\/www.it.tarnow.pl\/","name":"Tarnowskie Centrum Informacji","description":"Informacja turystyczna o Tarnowie i regionie tarnowskim.","potentialAction":[{"@type":"SearchAction","target":{"@type":"EntryPoint","urlTemplate":"https:\/\/www.it.tarnow.pl\/?s={search_term_string}"},"query-input":{"@type":"PropertyValueSpecification","valueRequired":true,"valueName":"search_term_string"}}],"inLanguage":"de"}]}},"_links":{"self":[{"href":"https:\/\/www.it.tarnow.pl\/de\/wp-json\/wp\/v2\/pages\/9969","targetHints":{"allow":["GET"]}}],"collection":[{"href":"https:\/\/www.it.tarnow.pl\/de\/wp-json\/wp\/v2\/pages"}],"about":[{"href":"https:\/\/www.it.tarnow.pl\/de\/wp-json\/wp\/v2\/types\/page"}],"author":[{"embeddable":true,"href":"https:\/\/www.it.tarnow.pl\/de\/wp-json\/wp\/v2\/users\/1"}],"replies":[{"embeddable":true,"href":"https:\/\/www.it.tarnow.pl\/de\/wp-json\/wp\/v2\/comments?post=9969"}],"version-history":[{"count":5,"href":"https:\/\/www.it.tarnow.pl\/de\/wp-json\/wp\/v2\/pages\/9969\/revisions"}],"predecessor-version":[{"id":340288,"href":"https:\/\/www.it.tarnow.pl\/de\/wp-json\/wp\/v2\/pages\/9969\/revisions\/340288"}],"up":[{"embeddable":true,"href":"https:\/\/www.it.tarnow.pl\/de\/wp-json\/wp\/v2\/pages\/9968"}],"wp:attachment":[{"href":"https:\/\/www.it.tarnow.pl\/de\/wp-json\/wp\/v2\/media?parent=9969"}],"wp:term":[{"taxonomy":"post_tag","embeddable":true,"href":"https:\/\/www.it.tarnow.pl\/de\/wp-json\/wp\/v2\/tags?post=9969"}],"curies":[{"name":"wp","href":"https:\/\/api.w.org\/{rel}","templated":true}]}}