{"id":9967,"date":"2010-07-23T13:50:46","date_gmt":"2010-07-23T11:50:46","guid":{"rendered":"http:\/\/www.it.tarnow.pl\/die-region-um-tarnow\/"},"modified":"2026-01-16T12:50:05","modified_gmt":"2026-01-16T11:50:05","slug":"die-region-um-tarnow","status":"publish","type":"page","link":"https:\/\/www.it.tarnow.pl\/de\/ubernachtung\/gastezimmer\/die-region-um-tarnow\/","title":{"rendered":"Die Region um Tarn\u00f3w"},"content":{"rendered":"<p>&nbsp;<\/p>\r\n<h3>UMGEBUNG UM TARN\u00d3W<\/h3>\r\n<p>&nbsp;<\/p>\r\n<p><strong>Gutshof von Paderewski\u00a0<\/strong><br \/>\r\nK\u0105\u015bna Dolna 17, 33-190 Ci\u0119\u017ckowice <br \/>\r\nTel.+48 14 600 00 16, +48 14 651 02 08\u00a0<br \/>\r\n<a href=\"https:\/\/www.centrumpaderewskiego.pl\/\">centrumpaderewskiego.pl <\/a>\u00a0 <a href=\"mailto:noclegi@centrumpaderewskiego.pl\">noclegi@centrumpaderewskiego.pl<\/a><br \/>\r\n<em>aktualisiert: 16.01.2026<\/em><\/p>\r\n<p>&nbsp;<\/p>\r\n<p><strong>Gutshof in Bistuszowa\u00a0<\/strong><br \/>\r\nBistuszowa 6, 33-160 Ryglice <br \/>\r\nTel.: +48 14 654 02 84, Mobil.: +48 609 090 438 <br \/>\r\n<a href=\"http:\/\/www.dworbistuszowa.pl\/index.php?lang=de\">dworbistuszowa.pl<\/a> \u00a0\u00a0<a href=\"mailto:awos74@op.pl\">awos74@op.pl<\/a> <br \/>\r\n<em>aktualisiert: 16.01.2026<\/em><\/p>\r\n<p>&nbsp;<\/p>\r\n<p><strong>Dom Wczas\u00f3w Dzieci\u0119cych<br \/>\r\n<\/strong>Jod\u0142\u00f3wka Tuchowska 275b, 33-173 Jod\u0142\u00f3wka Tuchowska<br \/>\r\nTel. +48 14 652 68 24<br \/>\r\n<a href=\"http:\/\/www.dwdjt.pl\/\">dwdjt.pl<\/a> \u00a0\u00a0<a href=\"mailto:turnusy@dwdjt.pl\">turnusy@dwdjt.pl<\/a> <br \/>\r\n<em>aktualisiert: 16.01.2026<\/em><\/p>\r\n<p>&nbsp;<\/p>\r\n<p><strong>&#8222;U Martusiowej&#8220; <\/strong><br \/>\r\nul. Krynicka 33, 33-190 Ci\u0119\u017ckowice<br \/>\r\nTel.: +48 14 651 00 52<br \/>\r\n<a href=\"https:\/\/www.tripadvisor.com\/Restaurant_Review-g2427971-d3369907-Reviews-U_Martusiowej_Restaurant-Ciezkowice_Lesser_Poland_Province_Southern_Poland.html\">tripadvisor.com<\/a>\u00a0\u00a0 <br \/>\r\n<em>aktualisiert: 16.01.2026<\/em><\/p>\r\n<p>&nbsp;<\/p>\r\n<p><strong>Western Riding Center &#8222;Furioso&#8220;\u00a0<\/strong><br \/>\r\nStare \u017bukowice 1, 33-151 Nowa Jastrz\u0105bka<br \/>\r\nMobil: + 48 603 678 999, +48 609 457 237<br \/>\r\n<a href=\"http:\/\/furioso.com.pl\/\">furioso.com.pl<\/a> \u00a0 <a href=\"mailto:furiosowestern@poczta.onet.pl\">furiosowestern@poczta.onet.pl<\/a> <br \/>\r\n<em>aktualisiert: 16.01.2026<\/em><\/p>\r\n<p>&nbsp;<\/p>\r\n<p><strong>Ranczo &#8222;Palomino&#8220;<\/strong><br \/>\r\nStare \u017bukowice 3A, 33-151 Nowa Jastrz\u0105bka<br \/>\r\nMobil: + 48 602 491 343<br \/>\r\n<a href=\"https:\/\/pl-pl.facebook.com\/RanczoPalomino\">facebook.com<\/a>\u00a0\u00a0 <a href=\"mailto:jola@lubera.pl\">jola@lubera.pl<\/a> <br \/>\r\n<em>aktualisiert: 16.01.2026<\/em><\/p>\r\n<p>&nbsp;<\/p>\r\n<p><strong>O\u015brodek Jazdy Konnej &#8222;Roleski Ranch&#8220;\u00a0<\/strong><br \/>\r\n33-151 Nowa Jastrz\u0105bka, Stare \u017bukowice 1A<br \/>\r\nMobil: +48 602 753 148<br \/>\r\n<a href=\"http:\/\/roleskiranch.com\/pl\/ranch\/\">roleskiranch.com<\/a> \u00a0 <a href=\"mailto:kroleska@roleski.pl\">kroleska@roleski.pl<\/a> <br \/>\r\n<em>aktualisiert: 16.01.2026<\/em><\/p>\r\n<p>&nbsp;<\/p>\r\n<h3>DISTRICT D\u0104BROWA TARNOWSKA<\/h3>\r\n<p>&nbsp;<\/p>\r\n<p><strong>\u201cU Batora\u201d<\/strong><br \/>\r\nZazamcze 3 a, 33-200 D\u0105browa Tarnowska <br \/>\r\nphone: +48 14 642 20 58 <br \/>\r\n<em>aktualisiert: 16.01.2026<\/em><\/p>\r\n<p>&nbsp;<\/p>\r\n<p>&nbsp;<\/p>\r\n<h3>UMGEBUNG UM BOCHNIA<\/h3>\r\n<p>&nbsp;<\/p>\r\n<p><strong>&#8222;Hexe&#8220;<\/strong><br \/>\r\n\u00a0\u017begocina 360, 32-731 \u017begocina<br \/>\r\n\u00a0Tel.: +48 14 613 20 98, +48 602 714 327<br \/>\r\n\u00a0<a href=\"https:\/\/hexe-imprezy.pl\/\">hexe-imprezy.pl<\/a>\u00a0\u00a0 <a href=\"mailto:piotrekkepa@o2.pl\">piotrekkepa@o2.pl<\/a><br \/>\r\n\u00a0<em>aktualisiert: 16.01.2026<\/em><\/p>\r\n<p>&nbsp;<\/p>\r\n<p><strong>Dom Pielgrzyma &#8222;U \u015bwi\u0119tego Miko\u0142aja&#8220;<\/strong><br \/>\r\nul. Stasiaka 10, 32-700 Bochnia <br \/>\r\nTel.: +48 14 612 21 95<br \/>\r\n<a href=\"https:\/\/www.facebook.com\/dom.pielgrzyma.bursa.bochnia\">facebook.com<\/a> \u00a0 <a href=\"mailto:bursa.bochnia@gmail.com\">bursa.bochnia@gmail.com<\/a><br \/>\r\n<em>aktualisiert: 16.01.2026<\/em><\/p>\r\n<p>&nbsp;<\/p>\r\n<p><strong>Centrum Kultury Sportu i Turystyki w \u017begocinie<\/strong><br \/>\r\n\u00a0\u017begocina 378, 32-731 \u017begocina <br \/>\r\n\u00a0Tel:, Fax: +48 14 613 20 35<br \/>\r\n<a href=\"https:\/\/cksitzegocina.pl\/\">\u00a0cksitzegocina.pl<\/a> \u00a0 <a href=\"mailto:cksit@zegocina.pl\">cksit@zegocina.pl<\/a><br \/>\r\n<em>\u00a0aktualisiert: 16.01.2026<\/em><\/p>\r\n<p>&nbsp;<\/p>\r\n<p><strong>Wiejski Dom Kultury &#8222;Kasztan&#8220;<\/strong><br \/>\r\nLipnica Dolna 74, 32-724 Lipnica Murowana <br \/>\r\nTel.\/Fax: +48 14 685 21 08<br \/>\r\n<a href=\"http:\/\/www.kulturalipnica.pl\">kulturalipnica.pl<\/a> \u00a0 <a href=\"mailto:gdk@kulturalipnica.pl\">gdk@kulturalipnica.pl<\/a><br \/>\r\n<em>aktualisiert: 16.01.2026<\/em><\/p>\r\n<p>&nbsp;<\/p>\r\n<p><strong>O\u015brodek Edukacji w Bor\u00f3wnej<\/strong><br \/>\r\nBor\u00f3wna, 32-724 Lipnica Murowana <br \/>\r\nTel.: +48 14 685 21 08<br \/>\r\n<a href=\"http:\/\/oeeborowna.pl\/\">\u00a0oeeborowna.pl<\/a> \u00a0\u00a0<a href=\"mailto:kontakt@oeeborowna.pl\">kontakt@oeeborowna.pl<\/a><br \/>\r\n<em>aktualisiert: 16.01.2026<\/em><\/p>\r\n<p>&nbsp;<\/p>\r\n<p>&nbsp;<\/p>\r\n<h3>UMGEBUNG UM BRZESKO<\/h3>\r\n<p>&nbsp;<\/p>\r\n<p><strong>Bac\u00f3wka &#8222;Bia\u0142y Jele\u0144&#8220;<\/strong><br \/>\r\nIwkowa 586, 32-861 Iwkowa<br \/>\r\nTel.\/Fax +48 14 684 44 40, Mobil.: +48 605 555 077<br \/>\r\n<a href=\"http:\/\/www.bacowka.com.pl\/\">bacowka.com.pl<\/a> \u00a0 <a href=\"mailto:bacowka@bacowka.com.pl\">bacowka@bacowka.com.pl<\/a> <br \/>\r\n<em>aktualisiert: 16.01.2026<\/em><\/p>\r\n<p>&nbsp;<\/p>\r\n<p><strong>O\u015brodek Wypoczynkowy Chor\u0105gwi Krakowskiej ZHP (vor\u00fcbergehend geschlossen)<\/strong><br \/>\r\nPiaski Dru\u017ck\u00f3w, 32-860 Czch\u00f3w <br \/>\r\nMobil.:+48 572 596 865<br \/>\r\n<a href=\"http:\/\/piaskidruzkow.zhp.pl\/\">piaskidruzkow.zhp.pl<\/a> \u00a0 <a href=\"mailto:%20piaskidruzkow@fundacja.malopolska.pl\">piaskidruzkow@fundacja.malopolska.pl<\/a><br \/>\r\n<em>aktualisiert: 16.01.2026<\/em><\/p>\r\n<p>&nbsp;<\/p>\r\n<p>&nbsp;<\/p>\r\n<h3>UMGEBUNG UM NOWY S\u0104CZ<\/h3>\r\n<p>&nbsp;<\/p>\r\n<p><strong>Dom Wczasowy &#8222;Stalownik&#8220;<\/strong><br \/>\r\nBartkowa 264, 33-318 Gr\u00f3dek n\/Dunajcem <br \/>\r\nMobil: +48 663 401 355<br \/>\r\n<a href=\"http:\/\/stalownik.com.pl\/\">stalownik.com.pl<\/a> \u00a0 <a href=\"mailto:stalownik264@gmail.com\">stalownik264@gmail.com<\/a> <br \/>\r\n<em>aktualisiert: 16.01.2026<\/em><\/p>\r\n<p>&nbsp;<\/p>\r\n<p><strong>Centrum Formacyjno Rekolekcyjne Diecezji Tarnowskiej ARKA<\/strong><br \/>\r\nGr\u00f3dek n\/Dunajcem 153, 33-318 Gr\u00f3dek n\/Dunajcem <br \/>\r\nTel.: +48 18 440 13 00, Fax: +48 18 440 12 02, Mobil.: +48 606 807 407<br \/>\r\n<a href=\"http:\/\/www.cfr-arka.pl\/\">cfr-arka.pl<\/a> \u00a0\u00a0<a href=\"mailto:info@cfr-arka.pl\">info@cfr-arka.pl<\/a> <br \/>\r\n<em>aktualisiert: 16.01.2026<\/em><\/p>\r\n<p>&nbsp;<\/p>\r\n<p><strong>O\u015brodek Szkolenia \u017beglarskiego i rekreacji wodnej YC PTTK &#8222;Beskid&#8220;<\/strong><br \/>\r\nZnamirowice 23, 33-312 T\u0119goborze<br \/>\r\nTel.: +48 18 444 91 00, Mobil.: +48 502 769 770<br \/>\r\n<a href=\"http:\/\/www.znamirowice.pl\/index.php\">znamirowice.pl<\/a> \u00a0 <a href=\"mailto:znamirowice@onet.pl\">znamirowice@onet.pl<\/a><br \/>\r\n<em>aktualisiert: 16.01.2026<\/em><\/p>\r\n<p>&nbsp;<\/p>\r\n<p><strong>Pensjonat Zacisze **<\/strong><br \/>\r\nul. Kwa\u015bni\u00f3wka 23, 32-860 Czch\u00f3w<br \/>\r\nMobil: + 48 604 265 885<br \/>\r\n<a href=\"http:\/\/www.zaciszeczchow.pl\">zaciszeczchow.pl<\/a>\u00a0\u00a0 <a href=\"mailto:pensjonat@zaciszeczchow.pl\">pensjonat@zaciszeczchow.pl<\/a> <br \/>\r\n<em>aktualisiert: 16.01.2026<\/em><\/p>\r\n<p>&nbsp;<\/p>\r\n<p><strong>Lemon Resort Spa<\/strong>\u00a0<br \/>\r\nul. Gr\u00f3dek nad Dunajcem 38, 33-318 Gr\u00f3dek nad Dunajcem<br \/>\r\nTel. +48 18 440 58 00<br \/>\r\n<a href=\"http:\/\/www.lemonresort.pl\">lemonresort.pl<\/a>\u00a0\u00a0\u00a0<a href=\"mailto:recepcja@lemonresort.pl\">recepcja@lemonresort.pl<\/a><br \/>\r\n<em>aktualisiert: 16.01.2026<\/em><\/p>\r\n<p>&nbsp;<\/p>\r\n<p><strong>Domki Letniskowe &#8222;Cztery Pory Roku&#8220;<\/strong><br \/>\r\nul. S\u0105decka 20, 32-860 Czch\u00f3w<br \/>\r\nMobil: + 48 880 006 666<br \/>\r\n<a href=\"http:\/\/www.domki.czchow.pl\/\">domki.czchow.pl<\/a>\u00a0 <a href=\"mailto:biuro@domki.czchow.pl\">biuro@domki.czchow.pl<\/a><br \/>\r\n<em>aktualisiert: 16.01.2026<\/em><\/p>\r\n<p>&nbsp;<\/p>\r\n<p><strong>Cztery Pliszki<\/strong><br \/>\r\nul. Gr\u00f3dek nad Dunajcem 53, 31-118 Gr\u00f3dek nad Dunajcem<br \/>\r\nTel. (18) 440 10 17 , Mobile: +48 509 547 706<br \/>\r\n<a href=\"http:\/\/www.4pliszki.pl\">4pliszki.pl<\/a> \u00a0\u00a0<a href=\"mailto:kontakt@4pliszki.pl\">kontakt@4pliszki.pl<\/a> <br \/>\r\n<em>aktualisiert: 16.01.2026<\/em><\/p>\r\n<p>&nbsp;<\/p>\r\n<p>&nbsp;<\/p>\r\n<h3>UMGEBUNG UM D\u0118BICA<\/h3>\r\n<p>&nbsp;<\/p>\r\n<p><strong>O\u015brodek Szkoleniowo-Wypoczynkowy &#8222;Grand Chotowa&#8220;<\/strong><br \/>\r\nChotowa 87c, 39-217 Grabiny <br \/>\r\nTel..\/Fax: +48 14 670 65 00<br \/>\r\n<a href=\"http:\/\/grandchotowa.pl\/\">grandchotowa.pl<\/a> \u00a0\u00a0<a href=\"mailto:recepcja@grandchotowa.pl\">recepcja@grandchotowa.pl<\/a> \u00a0<br \/>\r\n<em>aktualisiert: 16.01.2026<\/em><\/p>\r\n<p>&nbsp;<\/p>\r\n<p><strong>Bia\u0142a Przysta\u0144\u00a0<\/strong><br \/>\r\nul. \u0141\u0119ki Dolne 194B, 39-221 \u0141\u0119ki Dolne<br \/>\r\nTel. +48 14 676 36 51 <br \/>\r\n<a href=\"http:\/\/www.bialaprzystan.pl\/\">bialaprzystan.pl<\/a> \u00a0\u00a0<a href=\"mailto:biuro@bialaprzystan.pl\">biuro@bialaprzystan.pl<\/a> <br \/>\r\n<em>aktualisiert: 16.01.2026<\/em><\/p>","protected":false},"excerpt":{"rendered":"&nbsp; UMGEBUNG UM TARN\u00d3W &nbsp; Gutshof von Paderewski\u00a0 K\u0105\u015bna Dolna 17, 33-190 Ci\u0119\u017ckowice Tel.+48 14 600 00 16, +48 14 651 02 08\u00a0 centrumpaderewskiego.pl \u00a0 noclegi@centrumpaderewskiego.pl aktualisiert: 16.01.2026 &nbsp; Gutshof [&hellip;]","protected":false},"author":1,"featured_media":0,"parent":9965,"menu_order":642,"comment_status":"closed","ping_status":"closed","template":"","meta":{"_acf_changed":false,"footnotes":""},"tags":[],"class_list":["post-9967","page","type-page","status-publish","hentry"],"acf":{"old_object_id":"4876","old_parent_id":"4868","old_url":"Uebernachtung\/Gaestezimmer\/Die-Region-um-Tarnow","intro_text":"","show_children":"1","class":"folder","type":"single","in_menu":true,"show_date":false,"map":"","old_id":"","top_column":"","left_column":"","right_column":"","bottom_column":"","skip_import":false,"_menu_related_id":"96126","rooms_info":""},"yoast_head":"<!-- This site is optimized with the Yoast SEO Premium plugin v25.4 (Yoast SEO v25.4) - https:\/\/yoast.com\/wordpress\/plugins\/seo\/ -->\n<title>Die Region um Tarn\u00f3w - Tarnowskie Centrum Informacji<\/title>\n<meta name=\"robots\" content=\"index, follow, max-snippet:-1, max-image-preview:large, max-video-preview:-1\" \/>\n<link rel=\"canonical\" href=\"https:\/\/www.it.tarnow.pl\/de\/ubernachtung\/gastezimmer\/die-region-um-tarnow\/\" \/>\n<meta property=\"og:locale\" content=\"de_DE\" \/>\n<meta property=\"og:type\" content=\"article\" \/>\n<meta property=\"og:title\" content=\"Die Region um Tarn\u00f3w\" \/>\n<meta property=\"og:description\" content=\"&nbsp; UMGEBUNG UM TARN\u00d3W &nbsp; Gutshof von Paderewski\u00a0 K\u0105\u015bna Dolna 17, 33-190 Ci\u0119\u017ckowice Tel.+48 14 600 00 16, +48 14 651 02 08\u00a0 centrumpaderewskiego.pl \u00a0 noclegi@centrumpaderewskiego.pl aktualisiert: 16.01.2026 &nbsp; Gutshof [&hellip;]\" \/>\n<meta property=\"og:url\" content=\"https:\/\/www.it.tarnow.pl\/de\/ubernachtung\/gastezimmer\/die-region-um-tarnow\/\" \/>\n<meta property=\"og:site_name\" content=\"Tarnowskie Centrum Informacji\" \/>\n<meta property=\"article:modified_time\" content=\"2026-01-16T11:50:05+00:00\" \/>\n<meta name=\"twitter:card\" content=\"summary_large_image\" \/>\n<meta name=\"twitter:label1\" content=\"Gesch\u00e4tzte Lesezeit\" \/>\n\t<meta name=\"twitter:data1\" content=\"4\u00a0Minuten\" \/>\n<script type=\"application\/ld+json\" class=\"yoast-schema-graph\">{\"@context\":\"https:\/\/schema.org\",\"@graph\":[{\"@type\":\"WebPage\",\"@id\":\"https:\/\/www.it.tarnow.pl\/de\/ubernachtung\/gastezimmer\/die-region-um-tarnow\/\",\"url\":\"https:\/\/www.it.tarnow.pl\/de\/ubernachtung\/gastezimmer\/die-region-um-tarnow\/\",\"name\":\"Die Region um Tarn\u00f3w - Tarnowskie Centrum Informacji\",\"isPartOf\":{\"@id\":\"https:\/\/www.it.tarnow.pl\/#website\"},\"datePublished\":\"2010-07-23T11:50:46+00:00\",\"dateModified\":\"2026-01-16T11:50:05+00:00\",\"breadcrumb\":{\"@id\":\"https:\/\/www.it.tarnow.pl\/de\/ubernachtung\/gastezimmer\/die-region-um-tarnow\/#breadcrumb\"},\"inLanguage\":\"de\",\"potentialAction\":[{\"@type\":\"ReadAction\",\"target\":[\"https:\/\/www.it.tarnow.pl\/de\/ubernachtung\/gastezimmer\/die-region-um-tarnow\/\"]}]},{\"@type\":\"BreadcrumbList\",\"@id\":\"https:\/\/www.it.tarnow.pl\/de\/ubernachtung\/gastezimmer\/die-region-um-tarnow\/#breadcrumb\",\"itemListElement\":[{\"@type\":\"ListItem\",\"position\":1,\"name\":\"Homepage\",\"item\":\"https:\/\/www.it.tarnow.pl\/de\/\"},{\"@type\":\"ListItem\",\"position\":2,\"name\":\"\u00dcbernachtung\",\"item\":\"https:\/\/www.it.tarnow.pl\/de\/ubernachtung\/\"},{\"@type\":\"ListItem\",\"position\":3,\"name\":\"G\u00e4stezimmer\",\"item\":\"https:\/\/www.it.tarnow.pl\/de\/ubernachtung\/gastezimmer\/\"},{\"@type\":\"ListItem\",\"position\":4,\"name\":\"Die Region um Tarn\u00f3w\"}]},{\"@type\":\"WebSite\",\"@id\":\"https:\/\/www.it.tarnow.pl\/#website\",\"url\":\"https:\/\/www.it.tarnow.pl\/\",\"name\":\"Tarnowskie Centrum Informacji\",\"description\":\"Informacja turystyczna o Tarnowie i regionie tarnowskim.\",\"potentialAction\":[{\"@type\":\"SearchAction\",\"target\":{\"@type\":\"EntryPoint\",\"urlTemplate\":\"https:\/\/www.it.tarnow.pl\/?s={search_term_string}\"},\"query-input\":{\"@type\":\"PropertyValueSpecification\",\"valueRequired\":true,\"valueName\":\"search_term_string\"}}],\"inLanguage\":\"de\"}]}<\/script>\n<!-- \/ Yoast SEO Premium plugin. -->","yoast_head_json":{"title":"Die Region um Tarn\u00f3w - Tarnowskie Centrum Informacji","robots":{"index":"index","follow":"follow","max-snippet":"max-snippet:-1","max-image-preview":"max-image-preview:large","max-video-preview":"max-video-preview:-1"},"canonical":"https:\/\/www.it.tarnow.pl\/de\/ubernachtung\/gastezimmer\/die-region-um-tarnow\/","og_locale":"de_DE","og_type":"article","og_title":"Die Region um Tarn\u00f3w","og_description":"&nbsp; UMGEBUNG UM TARN\u00d3W &nbsp; Gutshof von Paderewski\u00a0 K\u0105\u015bna Dolna 17, 33-190 Ci\u0119\u017ckowice Tel.+48 14 600 00 16, +48 14 651 02 08\u00a0 centrumpaderewskiego.pl \u00a0 noclegi@centrumpaderewskiego.pl aktualisiert: 16.01.2026 &nbsp; Gutshof [&hellip;]","og_url":"https:\/\/www.it.tarnow.pl\/de\/ubernachtung\/gastezimmer\/die-region-um-tarnow\/","og_site_name":"Tarnowskie Centrum Informacji","article_modified_time":"2026-01-16T11:50:05+00:00","twitter_card":"summary_large_image","twitter_misc":{"Gesch\u00e4tzte Lesezeit":"4\u00a0Minuten"},"schema":{"@context":"https:\/\/schema.org","@graph":[{"@type":"WebPage","@id":"https:\/\/www.it.tarnow.pl\/de\/ubernachtung\/gastezimmer\/die-region-um-tarnow\/","url":"https:\/\/www.it.tarnow.pl\/de\/ubernachtung\/gastezimmer\/die-region-um-tarnow\/","name":"Die Region um Tarn\u00f3w - Tarnowskie Centrum Informacji","isPartOf":{"@id":"https:\/\/www.it.tarnow.pl\/#website"},"datePublished":"2010-07-23T11:50:46+00:00","dateModified":"2026-01-16T11:50:05+00:00","breadcrumb":{"@id":"https:\/\/www.it.tarnow.pl\/de\/ubernachtung\/gastezimmer\/die-region-um-tarnow\/#breadcrumb"},"inLanguage":"de","potentialAction":[{"@type":"ReadAction","target":["https:\/\/www.it.tarnow.pl\/de\/ubernachtung\/gastezimmer\/die-region-um-tarnow\/"]}]},{"@type":"BreadcrumbList","@id":"https:\/\/www.it.tarnow.pl\/de\/ubernachtung\/gastezimmer\/die-region-um-tarnow\/#breadcrumb","itemListElement":[{"@type":"ListItem","position":1,"name":"Homepage","item":"https:\/\/www.it.tarnow.pl\/de\/"},{"@type":"ListItem","position":2,"name":"\u00dcbernachtung","item":"https:\/\/www.it.tarnow.pl\/de\/ubernachtung\/"},{"@type":"ListItem","position":3,"name":"G\u00e4stezimmer","item":"https:\/\/www.it.tarnow.pl\/de\/ubernachtung\/gastezimmer\/"},{"@type":"ListItem","position":4,"name":"Die Region um Tarn\u00f3w"}]},{"@type":"WebSite","@id":"https:\/\/www.it.tarnow.pl\/#website","url":"https:\/\/www.it.tarnow.pl\/","name":"Tarnowskie Centrum Informacji","description":"Informacja turystyczna o Tarnowie i regionie tarnowskim.","potentialAction":[{"@type":"SearchAction","target":{"@type":"EntryPoint","urlTemplate":"https:\/\/www.it.tarnow.pl\/?s={search_term_string}"},"query-input":{"@type":"PropertyValueSpecification","valueRequired":true,"valueName":"search_term_string"}}],"inLanguage":"de"}]}},"_links":{"self":[{"href":"https:\/\/www.it.tarnow.pl\/de\/wp-json\/wp\/v2\/pages\/9967","targetHints":{"allow":["GET"]}}],"collection":[{"href":"https:\/\/www.it.tarnow.pl\/de\/wp-json\/wp\/v2\/pages"}],"about":[{"href":"https:\/\/www.it.tarnow.pl\/de\/wp-json\/wp\/v2\/types\/page"}],"author":[{"embeddable":true,"href":"https:\/\/www.it.tarnow.pl\/de\/wp-json\/wp\/v2\/users\/1"}],"replies":[{"embeddable":true,"href":"https:\/\/www.it.tarnow.pl\/de\/wp-json\/wp\/v2\/comments?post=9967"}],"version-history":[{"count":17,"href":"https:\/\/www.it.tarnow.pl\/de\/wp-json\/wp\/v2\/pages\/9967\/revisions"}],"predecessor-version":[{"id":340286,"href":"https:\/\/www.it.tarnow.pl\/de\/wp-json\/wp\/v2\/pages\/9967\/revisions\/340286"}],"up":[{"embeddable":true,"href":"https:\/\/www.it.tarnow.pl\/de\/wp-json\/wp\/v2\/pages\/9965"}],"wp:attachment":[{"href":"https:\/\/www.it.tarnow.pl\/de\/wp-json\/wp\/v2\/media?parent=9967"}],"wp:term":[{"taxonomy":"post_tag","embeddable":true,"href":"https:\/\/www.it.tarnow.pl\/de\/wp-json\/wp\/v2\/tags?post=9967"}],"curies":[{"name":"wp","href":"https:\/\/api.w.org\/{rel}","templated":true}]}}