{"id":9964,"date":"2010-07-23T13:46:27","date_gmt":"2010-07-23T11:46:27","guid":{"rendered":"http:\/\/www.it.tarnow.pl\/die-region-um-tarnow\/"},"modified":"2026-01-16T12:37:54","modified_gmt":"2026-01-16T11:37:54","slug":"die-region-um-tarnow","status":"publish","type":"page","link":"https:\/\/www.it.tarnow.pl\/de\/ubernachtung\/hotels\/die-region-um-tarnow\/","title":{"rendered":"Die Region um Tarn\u00f3w"},"content":{"rendered":"<h3>\u00a0<\/h3>\r\n<h3>UMGEBUNG UM TARN\u00d3W<\/h3>\r\n<p>&nbsp;<\/p>\r\n<p><b>Dw\u00f3r Prezydencki Boutique Hotel&amp;Spa *****\u00a0<\/b>(kategorisiertes)<br \/>\r\nul. Dworska 1, 33-113 Zg\u0142obice<br \/>\r\nTel. +48 14 652 76 50, Mobil: + 48 781 666 676<br \/>\r\n<a href=\"http:\/\/www.dwor-prezydencki.pl\/\">dwor-prezydencki.pl<\/a> \u00a0 <a href=\"mailto:hotel@dwor-prezydencki.pl\">hotel@dwor-prezydencki.pl<\/a> <br \/>\r\naktualisiert: 16.01.2026<\/p>\r\n<p>&nbsp;<\/p>\r\n<p><strong>Hotel Kardamon ***\u00a0<\/strong>(kategorisiertes)<br \/>\r\nul. Zbylitowskich 157, 33-113 Zbylitowska G\u00f3ra<br \/>\r\nTel. +48 14 652 06 05 , Mobil +48 538 812 525<br \/>\r\n<a href=\"https:\/\/hotel-kardamon.pl\/\">hotel-kardamon.pl<\/a> \u00a0 <a href=\"mailto:biuro@hotel-kardamon.pl\">biuro@hotel-kardamon.pl<\/a> \u00a0 <br \/>\r\naktualisiert: 16.01.2026<\/p>\r\n<p>&nbsp;<\/p>\r\n<p><strong>Hotel TAURUS ***<\/strong>(kategorisiertes)<strong>\u00a0<\/strong><br \/>\r\n\u0141adna 5,\u00a033-156 Skrzysz\u00f3w<br \/>\r\nTel.: +48 14 674 80 80, +48 14 691 09 99<br \/>\r\n<a href=\"http:\/\/www.stan-taurus.com.pl\/hotel-ladna.html\">stan-taurus.com.pl\/hotel-ladna.html<\/a> \u00a0 <a href=\"mailto:barladna@stan-taurus.com.pl\">barladna@stan-taurus.com.pl<\/a> <br \/>\r\naktualisiert: 16.01.2026<\/p>\r\n<p>&nbsp;<\/p>\r\n<p><strong>Hotel \u201cDunajec\u201d ***<\/strong>(kategorisiertes)<br \/>\r\nul. Krakowska 85, 33-113 Zg\u0142obice<br \/>\r\nTel., Fax: +48 14 674 30 96<br \/>\r\n<a href=\"http:\/\/www.hoteldunajec.pl\">hoteldunajec.pl<\/a> \u00a0 <a href=\"mailto:recepcja@hoteldunajec.pl\">recepcja@hoteldunajec.pl<\/a><br \/>\r\naktualisiert: 16.01.2026<\/p>\r\n<p>&nbsp;<\/p>\r\n<p><b>Hotel &#8222;Zabawa&#8220;<\/b> <b>***<\/b><br \/>\r\nul. B\u0142ogos\u0142awionej Karoliny K\u00f3zk\u00f3wnej 26 , 33-133 Zabawa <br \/>\r\nTel.:+48 14 678 14 47, Mobil: +48 600 180 964<br \/>\r\n<a class=\"target_blank\" href=\"http:\/\/www.hotelzabawa.pl\/\">hotelzabawa.pl<\/a> \u00a0\u00a0<a href=\"mailto:recepcja@hotelzabawa.pl\">recepcja@hotelzabawa.pl<\/a> <br \/>\r\n<i>aktualisiert: 16.01.2026<\/i><\/p>\r\n<p>&nbsp;<\/p>\r\n<p><b>Hotel &#8222;<\/b><b>Weso\u0142a&#8220; \u00a0***<\/b><br \/>\r\nNowa Jastrz\u0105bka 92 A, 33-151 Nowa Jastrz\u0105bka <br \/>\r\nTel., Fax: +48 14 678 62 14, Mobil: +48 784 987 118<br \/>\r\n<a class=\"target_blank\" href=\"http:\/\/www.hotelwesola.pl\/\">hotelwesola.pl<\/a> \u00a0\u00a0<a href=\"mailto:hotel@restauracjawesola.pl\">hotel@restauracjawesola.pl<\/a> <br \/>\r\n<i>aktualisiert: 16.01.2026<\/i><\/p>\r\n<p>&nbsp;<\/p>\r\n<p>&nbsp;<\/p>\r\n<h3>UMGEBUNG UM BOCHNIA<\/h3>\r\n<p>&nbsp;<\/p>\r\n<p><b>Hotel &#8222;<\/b><b>Pod Kamieniem&#8220;\u00a0<\/b>\u00a0<b>***<\/b> <br \/>\r\nLipnica G\u00f3rna 304, 32-724 Lipnica Murowana <br \/>\r\nTel.: +48 14 685 24 80<br \/>\r\n<a class=\"target_blank\" href=\"http:\/\/www.hotel-lipnica.pl\/\">hotel-lipnica.pl<\/a> \u00a0\u00a0<a href=\"mailto:biuro@hotel-lipnica.pl\">biuro@hotel-lipnica.pl <\/a><br \/>\r\n<i>aktualisiert: 16.01.2026<\/i><\/p>\r\n<p>&nbsp;<\/p>\r\n<p><b>Hotel<\/b>\u00a0<b>Zalesie ***<\/b> <br \/>\r\nul. D\u0105browskiego 1 A , 32-700 Bochnia <br \/>\r\nTel. +48 14 611 90 04, +48 14 611 60 77<br \/>\r\n<a href=\"http:\/\/wwww.hotelzalesie.pl\/\">hotelzalesie.pl<\/a> \u00a0 <a href=\"mailto:zalesie@onet.pl\">zalesie@onet.pl<\/a> <br \/>\r\n<i>aktualisiert: 16.01.2026<\/i><\/p>\r\n<p>&nbsp;<\/p>\r\n<p><b>Panorama Hotel ***<\/b> <br \/>\r\nStary Wi\u015bnicz 508, 32-720 Nowy Wi\u015bnicz<br \/>\r\ntel. +48 14 610 92 30<br \/>\r\n<a class=\"target_blank\" href=\"http:\/\/www.panorama-wisnicz.pl\/\">panorama-wisnicz.pl<\/a> \u00a0 <a href=\"mailto:biuro@panorama-wisnicz.pl\">biuro@panorama-wisnicz.pl<\/a> <br \/>\r\n<i>aktualisiert: 16.01.2026<\/i><\/p>\r\n<p>&nbsp;<\/p>\r\n<p><b>Hotel &#8222;Nad Rab\u0105&#8220;<\/b><br \/>\r\nul. Proszowska 121, 32-700 Bochnia<br \/>\r\nTel.:+48 14 611 39 93, +48 14 610 59 66<br \/>\r\n<a href=\"http:\/\/hotelnadraba.pl\/\">hotelnadraba.pl<\/a> \u00a0\u00a0<a href=\"mailto:recepcja@hotelnadraba.pl\">recepcja@hotelnadraba.pl<\/a> <br \/>\r\n<i>aktualisiert: 16.01.2026<\/i><\/p>\r\n<p>&nbsp;<\/p>\r\n<p>&nbsp;<\/p>\r\n<h3>UMGEBUNG UM BRZESKO<\/h3>\r\n<p>&nbsp;<\/p>\r\n<p><b>Hotel<\/b>\u00a0&#8222;<b>August&#8220;\u00a0***<\/b> <br \/>\r\nul. Mickiewicza 66, 32-800 Brzesko <br \/>\r\ntel.\/fax: +48 14 663 10 83 <br \/>\r\n<a class=\"target_blank\" href=\"http:\/\/www.hotelaugust.pl\">hotelaugust.pl<\/a> \u00a0 <a href=\"mailto:hotel@hotelaugust.pl\">hotel@hotelaugust.pl<\/a> <br \/>\r\n<i>aktualisiert: 16.01.2026<\/i><\/p>\r\n<p>&nbsp;<\/p>\r\n<p><b>Hotel &#8222;<\/b><b>Mark 1&#8243;\u00a0\u00a0***<\/b> <br \/>\r\nul. Mickiewicza 29, 32-800 Brzesko <br \/>\r\ntel.: +48 695 605 444<br \/>\r\n<a href=\"https:\/\/www.mark1.pl\/\">mark1.pl<\/a>\u00a0\u00a0 <a href=\"mailto:recepcja@mark1.pl\">recepcja@mark1.pl<\/a><br \/>\r\n<i>aktualisiert: 16.01.2026<\/i><\/p>\r\n<p>&nbsp;<\/p>\r\n<p><b>Hotel &#8222;<\/b><b>Jaga&#8220;\u00a0\u00a0***<\/b> <br \/>\r\nul.Marii Konopnickiej 9, 32-800 Brzesko <br \/>\r\ntel.+ 48 14 684 94 01, +48 14 684 94 02, Mobil: +48 607 279 779 <br \/>\r\n<a class=\"target_blank\" href=\"http:\/\/www.hoteljaga.pl\/index0253.html?page=deutsch\">hoteljaga.pl<\/a> \u00a0\u00a0<a href=\"mailto:hoteljaga@hoteljaga.pl\">info@hoteljaga.pl<\/a> <br \/>\r\n<i>aktualisiert: 16.01.2026<\/i><\/p>\r\n<p>&nbsp;<\/p>\r\n<p><b>Hotel &#8222;<\/b><b>Agawa&#8220;\u00a0<\/b>\u00a0<b>***<br \/>\r\n<\/b>Wola D\u0119bi\u0144ska 278, 32-852 D\u0119bno <br \/>\r\ntel.+48 14 665 83 17<br \/>\r\n<a href=\"https:\/\/www.facebook.com\/agawadebno\/\">facebook.com<\/a><br \/>\r\n<i>aktualisiert: 16.01.2026<\/i><\/p>\r\n<p>&nbsp;<\/p>\r\n<p><b>Hotel &#8222;<\/b><b>Planeta&#8220; \u00a0***<\/b><br \/>\r\nul.Pomianowska 2B, 32-800 Brzesko <br \/>\r\ntel.\/fax: +48 14 68 58 804 <br \/>\r\n<a href=\"http:\/\/hotel.planetabrzesko.com.pl\/\">hotel.planetabrzesko.com.pl<\/a> \u00a0 <a href=\"mailto:hotel@planetabrzesko.pl\">hotel@planetabrzesko.pl<\/a> <br \/>\r\n<i>aktualisiert: 16.01.2026<\/i><\/p>\r\n<p>&nbsp;<\/p>\r\n<p><b>Hotel\u00a0<\/b><b>Tadeusz \u00a0***<\/b><br \/>\r\nUszew 502, 32-865 Gnojnik <br \/>\r\ntel.: +48 14 685 88 45, <br \/>\r\n<a class=\"target_blank\" href=\"http:\/\/www.hotel-tadeusz.pl\/\">hotel-tadeusz.pl<\/a>\u00a0\u00a0\u00a0 <a class=\"email-link\" href=\"mailto:biuro@hotel-tadeusz.pl\">biuro@hotel-tadeusz.pl <\/a> <br \/>\r\n<i>aktualisiert: 16.01.2026<\/i><br \/>\r\n<i>\u00a0<\/i><\/p>\r\n<p><b>Hotel &#8222;<\/b><b>\u0141aziska&#8220;\u00a0<\/b><b>\u00a0**<\/b><br \/>\r\nul. Kolonia 4, 32-860 Czch\u00f3w\u00a0<br \/>\r\nMobil: +48 723 110 110<br \/>\r\n<a class=\"target_blank\" href=\"http:\/\/www.hotellaziska.com.pl\/\">hotellaziska.com.pl<\/a> \u00a0 <a href=\"mailto:hotellaziska@gmail.com\">hotellaziska@gmail.com<\/a> <br \/>\r\n<i>aktualisiert: 16.01.2026<\/i><\/p>\r\n<p>&nbsp;<\/p>\r\n<p><b>Hotel Kasztel ***<\/b><br \/>\r\nul. Brzeska 51, 32-765 Rzezawa<br \/>\r\nTel. +48 609 345 545<br \/>\r\n<a class=\"target_blank\" href=\"http:\/\/www.hotelkasztel.pl\/\">hotelkasztel.pl<\/a> \u00a0 <a href=\"mailto:biuro@hotelkasztel.pl\">biuro@hotelkasztel.pl<\/a> <br \/>\r\n<i>aktualisiert: 16.01.2026<\/i><\/p>\r\n<p>&nbsp;<\/p>\r\n<p>&nbsp;<\/p>\r\n<h3>UMGEBUNG UM D\u0104BROWA TARNOWSKA<\/h3>\r\n<p>&nbsp;<\/p>\r\n<p><b>Hotel\u00a0<\/b><b>Cristal Park \u00a0****<\/b> <br \/>\r\nul. Sportowa 2a, 33-200 D\u0105browa Tarnowska <br \/>\r\ntel.\/fax: +48 14 657 01 00, Mobil: +48 661 279 666<br \/>\r\n<a href=\"http:\/\/www.dabrowa.cristalpark.pl\">dabrowa.cristalpark.pl<\/a> \u00a0\u00a0<a href=\"mailto:hotel.dt@cristalpark.pl\">hotel.dt@cristalpark.pl<\/a> \u00a0 <br \/>\r\n<i>aktualisiert: 16.01.2026<\/i><\/p>\r\n<p>&nbsp;<\/p>\r\n<p><b>Hotel\u00a0<\/b><b>Gospoda Szlachecka ***\u00a0<\/b><br \/>\r\nul. Niedomicka 43,\u00a033-132 Niedomice<br \/>\r\nMobil: +48 731 110 610, +48 645 75 72<br \/>\r\n<a href=\"https:\/\/pl-pl.facebook.com\/pages\/category\/Breakfast---Brunch-Restaurant\/Gospoda-Szlachecka-Hotel-i-Restauracja-191936287519241\/\">facebook.com<\/a> \u00a0 <a href=\"mailto:gbpiotrowski@wp.pl\"><span class=\"x193iq5w xeuugli x13faqbe x1vvkbs x1xmvt09 x1lliihq x1s928wv xhkezso x1gmr53x x1cpjm7i x1fgarty x1943h6x xudqn12 x3x7a5m x6prxxf xvq8zen xo1l8bm xzsf02u x1yc453h\" dir=\"auto\">gbpiotrowski@wp.pl<\/span><\/a><br \/>\r\n<i>aktualisiert: 16.01.2026<\/i><\/p>\r\n<p>&nbsp;<\/p>\r\n<p>&nbsp;<\/p>\r\n<h3>UMGEBUNG UM D\u0118BICA<\/h3>\r\n<h3>\u00a0<\/h3>\r\n<p><b>Hotel<\/b>\u00a0&#8222;<b>Sezam&#8220;\u00a0***<\/b> <br \/>\r\nMachowa 178, 39-220 Pilzno <br \/>\r\ntel.\/fax: +48 14 672 45 11, Mobil: +48 731 632 597<br \/>\r\n<a href=\"http:\/\/machowa.sezam-hotel.pl\">machowa.sezam-hotel.pl<\/a> \u00a0 <a class=\"email-link\" href=\"mailto:machowa@sezam-hotel.pl\">machowa@sezam-hotel.pl<\/a><br \/>\r\n<i>aktualisiert: 16.01.2026<\/i><\/p>\r\n<p>&nbsp;<\/p>\r\n<p class=\"info-box__paragraph info-box__paragraph--www\"><span style=\"font-size: 12pt;\"><b>GRAND Chotowa HOTEL SPA &amp; RESORT ***<\/b> <\/span><br \/>\r\n<span style=\"font-size: 12pt;\">Chotowa 87c, 39-217 Grabiny <\/span><br \/>\r\n<span style=\"font-size: 12pt;\">tel.\/fax: +48 14 670 65 00<\/span><br \/>\r\n<span style=\"font-size: 12pt;\"><a href=\"https:\/\/grandchotowa.pl\/\">grandchotowa.pl<\/a> \u00a0 <a href=\"mailto:recepcja@grandchotowa.pl\">recepcja@grandchotowa.pl<\/a><\/span><br \/>\r\n<span style=\"font-size: 12pt;\"><i>aktualisiert: 16.01.2026<\/i><\/span><i><\/i><\/p>\r\n<p>&nbsp;<\/p>\r\n<p><b>Hotel &#8222;<\/b><b>Dolina Pstr\u0105ga&#8220; ***\u00a0<\/b><br \/>\r\nMachowa 7a,\u00a039-220 Machowa<br \/>\r\ntel. +48 14 627 00 28, +48 14 627 00 29, Mobil: +48 733 280 800<br \/>\r\n<a class=\"target_blank\" href=\"http:\/\/www.dolinapstraga.pl\/\">dolinapstraga.pl<\/a> \u00a0 <a href=\"mailto:karczma@dolinapstraga.pl\">karczma@dolinapstraga.pl<\/a> <br \/>\r\n<i>aktualisiert: 16.01.2026<\/i><\/p>\r\n<p>&nbsp;<\/p>\r\n<h3>UMGEBUNG UM GORLICE<\/h3>\r\n<p>&nbsp;<\/p>\r\n<p><b>Hotel\u00a0<\/b><b>Mimoza<\/b>\u00a0<b>**<\/b> <br \/>\r\nLibusza 1, 38-306 Libusza <br \/>\r\ntel.\/fax: +48 13 447 51 94, Mobil: +48 500-102-992<br \/>\r\n<a href=\"https:\/\/www.facebook.com\/MimozaLibusza\">facebook.com<\/a>\u00a0 \u00a0<a href=\"mailto:mimozalibusza@interia.pl\">mimozalibusza@interia.pl<\/a> <br \/>\r\n<i>aktualisiert: 16.01.2026<\/i><\/p>\r\n<p>&nbsp;<\/p>\r\n<p><b>Hotel &#8222;Ostoja&#8220;<\/b><b> ***<\/b><br \/>\r\nul. Grunwaldzka 78, 38-350 Bobowa<br \/>\r\ntel.: +48 18 35 14 169, Mobil: +48 602 440 123<br \/>\r\n<a href=\"https:\/\/ostoja.com.pl\/\">ostoja.com.pl<\/a>\u00a0 \u00a0<a href=\"mailto:kontakt@zajazdostoja.pl\">kontakt@zajazdostoja.pl<\/a> <br \/>\r\n<i>aktualisiert: 16.01.2026<\/i><\/p>\r\n<p>&nbsp;<\/p>\r\n<p><b>Hotel Restauracja &#8222;Grodzka&#8220;<\/b><br \/>\r\nul. Kazimierza Wielkiego 35, 38-340 Biecz<br \/>\r\ntel. +48 13 447 11 21<br \/>\r\n<a class=\"www-link\" href=\"http:\/\/www.restauracjagrodzka.pl\">restauracjagrodzka.pl<\/a> \u00a0 <a href=\"mailto:rgrodzka@poczta.onet.pl\">rgrodzka@poczta.onet.pl<\/a> <br \/>\r\n<i>aktualisiert: 16.01.2026<\/i><\/p>\r\n<p>&nbsp;<\/p>\r\n<p>&nbsp;<\/p>\r\n<h3>UMGEBUNG UM NOWY S\u0104CZ<\/h3>\r\n<p>&nbsp;<\/p>\r\n<p><b>Hotel &#8222;HERON&#8220; *****<\/b><br \/>\r\nul. Sienna 104, 33-318 Gr\u00f3dek nad Dunajcem<br \/>\r\ntel.\/fax: +48 18 88 88 500, +48 18 88 88 535\u00a0<br \/>\r\n<a class=\"target_blank\" href=\"http:\/\/www.heron-hotel.com\/\">heron-hotel.com<\/a> \u00a0\u00a0<a href=\"mailto:recepcja@heron-hotel.com\">recepcja@heron-hotel.com<\/a> \u00a0\u00a0<a href=\"mailto:recepcja@heron-hotel.com\" target=\"_blank\" rel=\"noopener noreferrer\">rezerwacja@heron-hotel.com <\/a><br \/>\r\n<i>aktualisiert: 16.01.2026<i> <\/i><\/i><\/p>\r\n<p>&nbsp;<\/p>\r\n<p><b>Hotel &#8222;<\/b><b>Litwi\u0144ski&#8220;\u00a0\u00a0**<\/b> <br \/>\r\nT\u0119goborze 336, 33-312 T\u0119goborze <br \/>\r\ntel.\/fax: +48 18 444 90 24, +48 18 444 90 25<br \/>\r\n<a class=\"target_blank\" href=\"https:\/\/www.hotel-litwinski.pl\/\">hotel-litwinski.pl<\/a> \u00a0 <a href=\"mailto:hotel@litwinski.pl\">hotel@litwinski.pl<\/a> <br \/>\r\n<i>aktualisiert: 16.01.2026<\/i><\/p>","protected":false},"excerpt":{"rendered":"\u00a0 UMGEBUNG UM TARN\u00d3W &nbsp; Dw\u00f3r Prezydencki Boutique Hotel&amp;Spa *****\u00a0(kategorisiertes) ul. Dworska 1, 33-113 Zg\u0142obice Tel. +48 14 652 76 50, Mobil: + 48 781 666 676 dwor-prezydencki.pl \u00a0 hotel@dwor-prezydencki.pl [&hellip;]","protected":false},"author":1,"featured_media":0,"parent":9962,"menu_order":641,"comment_status":"closed","ping_status":"closed","template":"","meta":{"_acf_changed":false,"footnotes":""},"tags":[],"class_list":["post-9964","page","type-page","status-publish","hentry"],"acf":{"old_object_id":"4874","old_parent_id":"4867","old_url":"Uebernachtung\/Hotels\/Die-Region-um-Tarnow","intro_text":"","show_children":"1","class":"folder","type":"single","in_menu":true,"show_date":false,"map":"","old_id":"","top_column":"","left_column":"","right_column":"","bottom_column":"","skip_import":false,"_menu_related_id":"96129","rooms_info":""},"yoast_head":"<!-- This site is optimized with the Yoast SEO Premium plugin v25.4 (Yoast SEO v25.4) - https:\/\/yoast.com\/wordpress\/plugins\/seo\/ -->\n<title>Die Region um Tarn\u00f3w - Tarnowskie Centrum Informacji<\/title>\n<meta name=\"robots\" content=\"index, follow, max-snippet:-1, max-image-preview:large, max-video-preview:-1\" \/>\n<link rel=\"canonical\" href=\"https:\/\/www.it.tarnow.pl\/de\/ubernachtung\/hotels\/die-region-um-tarnow\/\" \/>\n<meta property=\"og:locale\" content=\"de_DE\" \/>\n<meta property=\"og:type\" content=\"article\" \/>\n<meta property=\"og:title\" content=\"Die Region um Tarn\u00f3w\" \/>\n<meta property=\"og:description\" content=\"\u00a0 UMGEBUNG UM TARN\u00d3W &nbsp; Dw\u00f3r Prezydencki Boutique Hotel&amp;Spa *****\u00a0(kategorisiertes) ul. Dworska 1, 33-113 Zg\u0142obice Tel. +48 14 652 76 50, Mobil: + 48 781 666 676 dwor-prezydencki.pl \u00a0 hotel@dwor-prezydencki.pl [&hellip;]\" \/>\n<meta property=\"og:url\" content=\"https:\/\/www.it.tarnow.pl\/de\/ubernachtung\/hotels\/die-region-um-tarnow\/\" \/>\n<meta property=\"og:site_name\" content=\"Tarnowskie Centrum Informacji\" \/>\n<meta property=\"article:modified_time\" content=\"2026-01-16T11:37:54+00:00\" \/>\n<meta name=\"twitter:card\" content=\"summary_large_image\" \/>\n<meta name=\"twitter:label1\" content=\"Gesch\u00e4tzte Lesezeit\" \/>\n\t<meta name=\"twitter:data1\" content=\"4\u00a0Minuten\" \/>\n<script type=\"application\/ld+json\" class=\"yoast-schema-graph\">{\"@context\":\"https:\/\/schema.org\",\"@graph\":[{\"@type\":\"WebPage\",\"@id\":\"https:\/\/www.it.tarnow.pl\/de\/ubernachtung\/hotels\/die-region-um-tarnow\/\",\"url\":\"https:\/\/www.it.tarnow.pl\/de\/ubernachtung\/hotels\/die-region-um-tarnow\/\",\"name\":\"Die Region um Tarn\u00f3w - Tarnowskie Centrum Informacji\",\"isPartOf\":{\"@id\":\"https:\/\/www.it.tarnow.pl\/#website\"},\"datePublished\":\"2010-07-23T11:46:27+00:00\",\"dateModified\":\"2026-01-16T11:37:54+00:00\",\"breadcrumb\":{\"@id\":\"https:\/\/www.it.tarnow.pl\/de\/ubernachtung\/hotels\/die-region-um-tarnow\/#breadcrumb\"},\"inLanguage\":\"de\",\"potentialAction\":[{\"@type\":\"ReadAction\",\"target\":[\"https:\/\/www.it.tarnow.pl\/de\/ubernachtung\/hotels\/die-region-um-tarnow\/\"]}]},{\"@type\":\"BreadcrumbList\",\"@id\":\"https:\/\/www.it.tarnow.pl\/de\/ubernachtung\/hotels\/die-region-um-tarnow\/#breadcrumb\",\"itemListElement\":[{\"@type\":\"ListItem\",\"position\":1,\"name\":\"Homepage\",\"item\":\"https:\/\/www.it.tarnow.pl\/de\/\"},{\"@type\":\"ListItem\",\"position\":2,\"name\":\"\u00dcbernachtung\",\"item\":\"https:\/\/www.it.tarnow.pl\/de\/ubernachtung\/\"},{\"@type\":\"ListItem\",\"position\":3,\"name\":\"Hotels\",\"item\":\"https:\/\/www.it.tarnow.pl\/de\/ubernachtung\/hotels\/\"},{\"@type\":\"ListItem\",\"position\":4,\"name\":\"Die Region um Tarn\u00f3w\"}]},{\"@type\":\"WebSite\",\"@id\":\"https:\/\/www.it.tarnow.pl\/#website\",\"url\":\"https:\/\/www.it.tarnow.pl\/\",\"name\":\"Tarnowskie Centrum Informacji\",\"description\":\"Informacja turystyczna o Tarnowie i regionie tarnowskim.\",\"potentialAction\":[{\"@type\":\"SearchAction\",\"target\":{\"@type\":\"EntryPoint\",\"urlTemplate\":\"https:\/\/www.it.tarnow.pl\/?s={search_term_string}\"},\"query-input\":{\"@type\":\"PropertyValueSpecification\",\"valueRequired\":true,\"valueName\":\"search_term_string\"}}],\"inLanguage\":\"de\"}]}<\/script>\n<!-- \/ Yoast SEO Premium plugin. -->","yoast_head_json":{"title":"Die Region um Tarn\u00f3w - Tarnowskie Centrum Informacji","robots":{"index":"index","follow":"follow","max-snippet":"max-snippet:-1","max-image-preview":"max-image-preview:large","max-video-preview":"max-video-preview:-1"},"canonical":"https:\/\/www.it.tarnow.pl\/de\/ubernachtung\/hotels\/die-region-um-tarnow\/","og_locale":"de_DE","og_type":"article","og_title":"Die Region um Tarn\u00f3w","og_description":"\u00a0 UMGEBUNG UM TARN\u00d3W &nbsp; Dw\u00f3r Prezydencki Boutique Hotel&amp;Spa *****\u00a0(kategorisiertes) ul. Dworska 1, 33-113 Zg\u0142obice Tel. +48 14 652 76 50, Mobil: + 48 781 666 676 dwor-prezydencki.pl \u00a0 hotel@dwor-prezydencki.pl [&hellip;]","og_url":"https:\/\/www.it.tarnow.pl\/de\/ubernachtung\/hotels\/die-region-um-tarnow\/","og_site_name":"Tarnowskie Centrum Informacji","article_modified_time":"2026-01-16T11:37:54+00:00","twitter_card":"summary_large_image","twitter_misc":{"Gesch\u00e4tzte Lesezeit":"4\u00a0Minuten"},"schema":{"@context":"https:\/\/schema.org","@graph":[{"@type":"WebPage","@id":"https:\/\/www.it.tarnow.pl\/de\/ubernachtung\/hotels\/die-region-um-tarnow\/","url":"https:\/\/www.it.tarnow.pl\/de\/ubernachtung\/hotels\/die-region-um-tarnow\/","name":"Die Region um Tarn\u00f3w - Tarnowskie Centrum Informacji","isPartOf":{"@id":"https:\/\/www.it.tarnow.pl\/#website"},"datePublished":"2010-07-23T11:46:27+00:00","dateModified":"2026-01-16T11:37:54+00:00","breadcrumb":{"@id":"https:\/\/www.it.tarnow.pl\/de\/ubernachtung\/hotels\/die-region-um-tarnow\/#breadcrumb"},"inLanguage":"de","potentialAction":[{"@type":"ReadAction","target":["https:\/\/www.it.tarnow.pl\/de\/ubernachtung\/hotels\/die-region-um-tarnow\/"]}]},{"@type":"BreadcrumbList","@id":"https:\/\/www.it.tarnow.pl\/de\/ubernachtung\/hotels\/die-region-um-tarnow\/#breadcrumb","itemListElement":[{"@type":"ListItem","position":1,"name":"Homepage","item":"https:\/\/www.it.tarnow.pl\/de\/"},{"@type":"ListItem","position":2,"name":"\u00dcbernachtung","item":"https:\/\/www.it.tarnow.pl\/de\/ubernachtung\/"},{"@type":"ListItem","position":3,"name":"Hotels","item":"https:\/\/www.it.tarnow.pl\/de\/ubernachtung\/hotels\/"},{"@type":"ListItem","position":4,"name":"Die Region um Tarn\u00f3w"}]},{"@type":"WebSite","@id":"https:\/\/www.it.tarnow.pl\/#website","url":"https:\/\/www.it.tarnow.pl\/","name":"Tarnowskie Centrum Informacji","description":"Informacja turystyczna o Tarnowie i regionie tarnowskim.","potentialAction":[{"@type":"SearchAction","target":{"@type":"EntryPoint","urlTemplate":"https:\/\/www.it.tarnow.pl\/?s={search_term_string}"},"query-input":{"@type":"PropertyValueSpecification","valueRequired":true,"valueName":"search_term_string"}}],"inLanguage":"de"}]}},"_links":{"self":[{"href":"https:\/\/www.it.tarnow.pl\/de\/wp-json\/wp\/v2\/pages\/9964","targetHints":{"allow":["GET"]}}],"collection":[{"href":"https:\/\/www.it.tarnow.pl\/de\/wp-json\/wp\/v2\/pages"}],"about":[{"href":"https:\/\/www.it.tarnow.pl\/de\/wp-json\/wp\/v2\/types\/page"}],"author":[{"embeddable":true,"href":"https:\/\/www.it.tarnow.pl\/de\/wp-json\/wp\/v2\/users\/1"}],"replies":[{"embeddable":true,"href":"https:\/\/www.it.tarnow.pl\/de\/wp-json\/wp\/v2\/comments?post=9964"}],"version-history":[{"count":15,"href":"https:\/\/www.it.tarnow.pl\/de\/wp-json\/wp\/v2\/pages\/9964\/revisions"}],"predecessor-version":[{"id":340280,"href":"https:\/\/www.it.tarnow.pl\/de\/wp-json\/wp\/v2\/pages\/9964\/revisions\/340280"}],"up":[{"embeddable":true,"href":"https:\/\/www.it.tarnow.pl\/de\/wp-json\/wp\/v2\/pages\/9962"}],"wp:attachment":[{"href":"https:\/\/www.it.tarnow.pl\/de\/wp-json\/wp\/v2\/media?parent=9964"}],"wp:term":[{"taxonomy":"post_tag","embeddable":true,"href":"https:\/\/www.it.tarnow.pl\/de\/wp-json\/wp\/v2\/tags?post=9964"}],"curies":[{"name":"wp","href":"https:\/\/api.w.org\/{rel}","templated":true}]}}