{"id":9960,"date":"2009-11-30T11:06:17","date_gmt":"2009-11-30T10:06:17","guid":{"rendered":"http:\/\/www.it.tarnow.pl\/ankunft\/"},"modified":"2024-10-25T09:42:00","modified_gmt":"2024-10-25T07:42:00","slug":"ankunft","status":"publish","type":"page","link":"https:\/\/www.it.tarnow.pl\/de\/ankunft\/","title":{"rendered":"Ankunft"},"content":{"rendered":"<p><img loading=\"lazy\" decoding=\"async\" class=\"aligncenter wp-image-30504\" src=\"http:\/\/www.it.tarnow.pl\/wp-content\/uploads\/2019\/02\/dworzec-panorama-02_2_1m-1024x250.jpg\" alt=\"\" width=\"900\" height=\"219\" \/><\/p>\r\n<p>&nbsp;<\/p>\r\n<p>Letzte Aktualisierung: 09.12.2022<\/p>\r\n<p>Entfernungen von Tarn\u00f3w:<\/p>\r\n<ul>\r\n\t<li>Krak\u00f3w: 80 km<\/li>\r\n\t<li>Rzesz\u00f3w: 80 km<\/li>\r\n\t<li>Warszawa: 300 km<\/li>\r\n\t<li>Zakopane: 155 km<\/li>\r\n\t<li>Wroc\u0142aw: 350 km<\/li>\r\n<\/ul>\r\n<div class=\"separator\"><\/div>\r\n<h2><b>MIT DEM FLUGZEUG:<\/b><\/h2>\r\n<p>\u00a0Ein Landeplatz f\u00fcr leichte Flugzeuge: Lotnicza &#8211; Stra\u00dfe in Tarn\u00f3w<\/p>\r\n<p>\u00a0<a class=\"target_blank\" href=\"http:\/\/www.azt.tarman.pl\/\">www.azt.tarman.pl<\/a><\/p>\r\n<p><a href=\"https:\/\/www.facebook.com\/aeroklub.tarnow\/\">https:\/\/www.facebook.com\/aeroklub.tarnow\/<\/a><br \/>\r\n\u00a0<br \/>\r\n\u00a0Der n\u00e4chste Flughafen:<\/p>\r\n<p><br \/>\r\n\u00a0<b>Krak\u00f3w- Balice<\/b>, die Entfernung von Tarn\u00f3w: 90 km<br \/>\r\n\u00a0<a href=\"http:\/\/www.krakowairport.pl\/en\/\">http:\/\/www.krakowairport.pl\/en\/<\/a><\/p>\r\n<p>&nbsp;<\/p>\r\n<h3>Die Fahrt von Balice nach Tarn\u00f3w:<\/h3>\r\n<p>\u00a0Vom Flughafen bis zum Hauptbahnhof in Krak\u00f3w mit dem:<\/p>\r\n<p>Zug &#8211; jede alle 30 Minuten, die Fahrt vom Flughafen bis zum Bahnhof dauert\u00a0 ca. 18 Minuten<\/p>\r\n<p><a class=\"target_blank\" href=\"http:\/\/rozklad-pkp.pl\/de\">Der Zugfahrplan<\/a><\/p>\r\n<p>\u00a0Bus nach Krakau<\/p>\r\n<p><a href=\"https:\/\/www.krakowairport.pl\/en\/passenger\/transport-en\/directions\/from-to-krakow-airport\/public-buses-en\/\">Der Busfahrplan<\/a><\/p>\r\n<p>&nbsp;<\/p>\r\n<p>\u00a0Dann mit dem Zug \u00a0weiter &#8211; jede alle 20-40 Minuten f\u00e4hrt der Zug nach Tarn\u00f3w ab: <a href=\"https:\/\/rozklad-pkp.pl\/de\">der Zugfahrplan<\/a><\/p>\r\n<p>Oder Bus Krak\u00f3w-Tarn\u00f3w (f\u00e4hrt nur selten): <a href=\"https:\/\/de.e-podroznik.pl\/\">der Busfahrplan<\/a><\/p>\r\n<p>&nbsp;<\/p>\r\n<p>\u00a0Der zweite internationale Flughafen:<\/p>\r\n<p><br \/>\r\n\u00a0<b>Rzesz\u00f3w- Jasionka<\/b>, die Entfernung von Tarn\u00f3w: 90 km<br \/>\r\n\u00a0<a class=\"target_blank\" href=\"http:\/\/www.rzeszowairport.pl\/en\">http:\/\/www.rzeszowairport.pl<\/a><\/p>\r\n<p>&nbsp;<\/p>\r\n<h3>\u00a0Die Fahrt vom Flughafen in Jasionka nach Tarn\u00f3w:<\/h3>\r\n<p>Vom Flughafen bis zum Zugbahnhof in Rzesz\u00f3w mit dem Bus. Die Fahrt vom Flughafen bis zum Bahnhof dauert ungef\u00e4hr \u00a025 Minuten, dann mit dem Zug weiter &#8211; jede Stunde f\u00e4hrt der Zug nach Tarnow ab.<\/p>\r\n<p>\u00a0<a class=\"target_blank\" href=\"http:\/\/rozklad-pkp.pl\/de\">Der Zugfahrplan<\/a><\/p>\r\n<p><a href=\"https:\/\/de.e-podroznik.pl\/\">der Busfahrplan <\/a>(f\u00e4hrt nur selten)<\/p>\r\n<p>&nbsp;<\/p>\r\n<h2><b>MIT DEM AUTO:<\/b><\/h2>\r\n<p>\u00a0Tarn\u00f3w liegt 80 km \u00f6stlich von Krak\u00f3w entfernt, an der internationalen Stra\u00dfe E4 und an der Autobahn A4.<br \/>\r\n\u00a0Die Reisenden aus dem Norden k\u00f6nnen nach Tarn\u00f3w mit der Strecke 73 kommen<\/p>\r\n<p>\u00a0<b>Entfernungen von Tarn\u00f3w:<\/b><br \/>\r\n\u00a0Krak\u00f3w: 80 km<br \/>\r\n\u00a0Wieliczka: 70 km<br \/>\r\n\u00a0Warszawa: 298 km<br \/>\r\n\u00a0Cz\u0119stochowa: 200 km<\/p>\r\n<p>&nbsp;<\/p>\r\n<p><strong>ACHTUNG! Wichtige Information f\u00fcr Reisen mit Wohnmobilen, PKW\u00b4s mit Anh\u00e4nger und Bussen mit mehr als 9 Sitzen:<\/strong><\/p>\r\n<h1 class=\"pt-0 pb-4 d-none d-sm-block\"><span style=\"font-size: 18pt;\">e-TOLL System<\/span><\/h1>\r\n<div class=\"row\">\r\n<div class=\"umb-grid\">\r\n<div class=\"grid-section\">\r\n<div>\r\n<div class=\"row clearfix\">\r\n<div class=\"col-md-12 column\">\r\n<div>\r\n<p>Das e-TOLL System ist eine moderne L\u00f6sung, die vom Leiter der Nationalen Steuerverwaltung zum Zweck der Mauterhebung auf mautpflichtigen, von der Generaldirektion f\u00fcr Nationalstra\u00dfen und Autobahnen verwalteten Stra\u00dfenabschnitten in Polen, gebaut, implementiert, gewartet und beaufsichtigt wird.<\/p>\r\n<p>Das System basiert auf der Technologie der Positionsbestimmung des Benutzers mittels Satellitenortung unter der Verwendung von virtuellen Mautportalen.<\/p>\r\n<p>Jeder Benutzer eines Fahrzeugs mit einem zul\u00e4ssigen Gesamtgewicht \u00fcber 3,5 t kann die f\u00fcr sich bequemste Art der \u00dcbermittlung von Ortungsdaten an das System w\u00e4hlen: \u00fcber eine kostenlose App, die auf einem Mobilger\u00e4t installiert werden kann, \u00fcber werkseitig eingebaute externe Ortungsger\u00e4te (ZSL) in Fahrzeugen oder OBU-Bordeinheiten (On-Board-Units).<\/p>\r\n<p>Die Systembenutzer k\u00f6nnen eine kostenlose Applikation nutzen, die erm\u00f6glicht, eine elektronische Maut zu bezahlen und die Verpflichtungen der Bef\u00f6rdere von sensiblen G\u00fctern im SENT-GEO-System zu erf\u00fcllen.<\/p>\r\n<p>Der Zugang zu Ger\u00e4ten, die Standortdaten \u00fcbermitteln, basiert auf einem offenen Vertriebs- und Verkaufsmodell von OBU-Bordeinheiten (OBU) und externen Ortungsger\u00e4ten (ZSL) mit einer m\u00f6glichst gro\u00dfen Auswahl an Rechtsformen, d.h. Kautionsmodell, Verkauf, Vermietung. Dies bedeutet, dass sowohl Bordger\u00e4te als auch externe Ortungsger\u00e4te auf dem freien Markt erworben werden k\u00f6nnen.<\/p>\r\n<\/div>\r\n<\/div>\r\n<\/div>\r\n<\/div>\r\n<\/div>\r\n<\/div>\r\n<\/div>\r\n<p>Weitere Informationen sowie eine Auflistung der mautpflichtigen Strassen finden Sie <a href=\"https:\/\/etoll.gov.pl\/de\/\">https:\/\/etoll.gov.pl\/de\/<\/a><\/p>\r\n<p>&nbsp;<\/p>\r\n<h1><span style=\"font-size: 18pt;\">Der EETS-Service jetzt auch in Polen verf\u00fcgbar<\/span><\/h1>\r\n<div class=\"row\">\r\n<div class=\"umb-grid\">\r\n<div class=\"grid-section\">\r\n<div>\r\n<div class=\"row clearfix\">\r\n<div class=\"col-md-12 column\">\r\n<div>\r\n<p>Am 17. Oktober 2022 trat Polen der Gruppe der L\u00e4nder bei, die den Europ\u00e4ischen Elektronischen Mautdienst (European Electronic Toll Service, EETS) anbieten.<\/p>\r\n<p>Dank EETS ist es m\u00f6glich, Mautgeb\u00fchren auf Stra\u00dfen, die unter die elektronische Mauterhebung fallen, in der gesamten Europ\u00e4ischen Union mit einer einzigen OBU Bordeinheit zu zahlen.<\/p>\r\n<p>Weitere Informationen finden Sie<a href=\"https:\/\/etoll.gov.pl\/de\/schwere\/e-toll-system\/eets\/was-ist-eets\/\"> https:\/\/etoll.gov.pl\/de\/schwere\/e-toll-system\/eets\/was-ist-eets\/<\/a><\/p>\r\n<\/div>\r\n<\/div>\r\n<\/div>\r\n<\/div>\r\n<\/div>\r\n<\/div>\r\n<\/div>\r\n<p>&nbsp;<\/p>\r\n<p><a id=\"eisenbahnverkehr\" name=\"eisenbahnverkehr\"><\/a>\u00a0<\/p>\r\n<h2><b>MIT DER BAHN:<\/b><\/h2>\r\n<h2><img loading=\"lazy\" decoding=\"async\" class=\"aligncenter wp-image-21499 size-full\" src=\"http:\/\/www.it.tarnow.pl\/wp-content\/uploads\/2019\/02\/Dworzec-PKP-9.jpg\" alt=\"\" width=\"643\" height=\"330\" srcset=\"https:\/\/www.it.tarnow.pl\/wp-content\/uploads\/2019\/02\/Dworzec-PKP-9.jpg 643w, https:\/\/www.it.tarnow.pl\/wp-content\/uploads\/2019\/02\/Dworzec-PKP-9-400x205.jpg 400w, https:\/\/www.it.tarnow.pl\/wp-content\/uploads\/2019\/02\/Dworzec-PKP-9-300x154.jpg 300w\" sizes=\"auto, (max-width: 643px) 100vw, 643px\" \/><\/h2>\r\n<p>&nbsp;<\/p>\r\n<p>Tarn\u00f3w ist leicht mit \u00f6ffentlichen Verkehrsmitteln in Polen zu erreichen. Es gibt regelm\u00e4\u00dfige Eisenbahnverbindungen zu den meisten Gro\u00dfst\u00e4dten, einschlie\u00dflich Krakau und Warszawa.<\/p>\r\n<p>&nbsp;<\/p>\r\n<p><strong>Die durchschnittliche Fahrtzeit der Z\u00fcge aus Tarn\u00f3w:<\/strong><\/p>\r\n<p>nach Warszawa \u2013 ab 3:08 h (Express InterCity , darunter Pendolino) bis 5:00 h (Z\u00fcge und Busse)<\/p>\r\n<p>nach Krak\u00f3w \u2013 ab 0:48 h (Express InterCity ) bis\u00a0 1:15 h ( Z\u00fcge SKA 3) and 1:25 ( Busse)<\/p>\r\n<p>nach Rzesz\u00f3w \u2013 1:20 h (Z\u00fcge); 1:25 (Busse)<\/p>\r\n<p>Jede Information \u00fcber den Fahrplan, die Verbindungen und Bahnh\u00f6fe finden Sie auf der PKP- Internetseite (der Polnischen Staatseisenbahn).\u00a0<\/p>\r\n<p>Der Fahrplan:<\/p>\r\n<p><a class=\"target_blank\" href=\"https:\/\/rozklad-pkp.pl\/de\">www.pkp.pl<\/a> <br \/>\r\n<a href=\"https:\/\/www.intercity.pl\/en\/\">www.intercity.pl<\/a> <br \/>\r\n<a class=\"target_blank\" href=\"https:\/\/polregio.pl\/pl\/\">www.polregio.pl<\/a><\/p>\r\n<p>&nbsp;<\/p>\r\n<p>Verkehrsmittelvergleich:<\/p>\r\n<p>Die Reisesuchmaschine GoEuro vergleicht unterschiedliche Transportm\u00f6glichkeiten wie\u00a0Bahn , Bus und Flug und sucht die besten Verbindungen raus. Die Anfahrtsm\u00f6glichkeiten werden miteinander kombiniert und mit nur einer Suche aufgezeigt.<\/p>\r\n<p>&nbsp;<\/p>\r\n<p>&nbsp;<\/p>\r\n<p><img loading=\"lazy\" decoding=\"async\" width=\"407\" height=\"407\" class=\"size-original aligncenter wp-image-30525\" src=\"http:\/\/www.it.tarnow.pl\/wp-content\/uploads\/2019\/02\/mapka-EIP_reference.jpg\" alt=\"\" srcset=\"https:\/\/www.it.tarnow.pl\/wp-content\/uploads\/2019\/02\/mapka-EIP_reference.jpg 407w, https:\/\/www.it.tarnow.pl\/wp-content\/uploads\/2019\/02\/mapka-EIP_reference-250x250.jpg 250w, https:\/\/www.it.tarnow.pl\/wp-content\/uploads\/2019\/02\/mapka-EIP_reference-400x400.jpg 400w, https:\/\/www.it.tarnow.pl\/wp-content\/uploads\/2019\/02\/mapka-EIP_reference-300x300.jpg 300w, https:\/\/www.it.tarnow.pl\/wp-content\/uploads\/2019\/02\/mapka-EIP_reference-150x150.jpg 150w\" sizes=\"auto, (max-width: 407px) 100vw, 407px\" \/><\/p>\r\n<p>&nbsp;<\/p>\r\n<p>Die schnellste Verbindung von Tarn\u00f3w nach Krakau, nach Warschau und nach Dreist\u00e4dteverbund (Danzig, Gdingen und Zoppot).\u00a0<\/p>\r\n<p>&nbsp;<\/p>\r\n<p><b>Die Parkpl\u00e4tze f\u00fcr Reisebusse:<\/b><\/p>\r\n<p>&nbsp;<\/p>\r\n<p><iframe loading=\"lazy\" src=\"https:\/\/mapsengine.google.com\/map\/embed?mid=zBQFYyJ7D-_A.kCqO5NJro9Yg\" width=\"648\" height=\"480\"><\/iframe><\/p>\r\n<p>&nbsp;<\/p>\r\n<p>\u00a0<b>Die Parkpl\u00e4tze f\u00fcr Reisebusse:<\/b><\/p>\r\n<div class=\"table-responsive\">\r\n<table class=\"table-cols table-bordered table-hover table\" style=\"width: 600px;\" border=\"0\" summary=\"123\" width=\"600px\" cellspacing=\"0\" cellpadding=\"2\">\r\n<tbody>\r\n<tr>\r\n<td style=\"vertical-align: top; width: 385.333px;\" valign=\"top\">\u00a0Goldhammerstrasse (zwischen Mickiewicz- und Wigurystrasse, Einfahrt Mickiewiczstr.)<\/td>\r\n<td style=\"vertical-align: top; width: 200.667px;\" valign=\"top\">GPS 50\u00b000&#8217;55.9&#8243;N 20\u00b059&#8217;22.7&#8243;E<\/td>\r\n<\/tr>\r\n<tr>\r\n<td style=\"vertical-align: top; width: 385.333px;\" valign=\"top\">\u00a0Lwowska Stra\u00dfe, vor dem Wincenty Witos &#8211; Denkmal<\/td>\r\n<td style=\"vertical-align: top; width: 200.667px;\" valign=\"top\">\u00a0GPS 50\u00b000&#8217;47,1&#8220; 20\u00b059&#8217;34,5&#8220;<\/td>\r\n<\/tr>\r\n<tr>\r\n<td style=\"vertical-align: top; width: 385.333px;\" valign=\"top\">Ko\u015bciuszki Stra\u00dfe 10 (Hotel Tarnovia***); Privater Parkplatz, mehr unter <a href=\"http:\/\/www.hotel.tarnovia.pl\/\">www.hotel.tarnovia.pl<\/a><\/td>\r\n<td style=\"vertical-align: top; width: 200.667px;\" valign=\"top\">GPS 50\u00b00&#8217;33.804&#8243;, 20\u00b058&#8217;26.652&#8243;<\/td>\r\n<\/tr>\r\n<tr>\r\n<td style=\"vertical-align: top; width: 385.333px;\" valign=\"top\">Ks. J. Marsza\u0142ka Stra\u00dfe (der ehemalige Kap\u0142an\u00f3wka-Platz)<\/td>\r\n<td style=\"vertical-align: top; width: 200.667px;\" valign=\"top\">\u00a0GPS 50\u00b01&#8217;12.144&#8243;,20\u00b059&#8217;33.288&#8243;<\/td>\r\n<\/tr>\r\n<\/tbody>\r\n<\/table>\r\n<\/div>\r\n<p><a href=\"http:\/\/www.it.tarnow.pl\/de\/uber-uns\/\">\u00a0Bitte rufen Sie uns an, um weitere Informationen zu erhalten<\/a><\/p>\r\n<p>&nbsp;<\/p>\r\n<h2><b>DIE GEB\u00dcHRENPFLICHTIGE PARKZONE:<\/b><\/h2>\r\n<p>Im Zentrum der Stadt Tarn\u00f3w gilt die geb\u00fchrenpflichtige Parkzone (SPP). Sie befindet sich im Gebiet, das mit Strassen Narutowicza \u2013 Konarskiego \u2013 D\u0105browskiego &#8211; Ko\u0142\u0142\u0105taja \u2013 Mostowa &#8211; Lwowska &#8211; Starod\u0105browska \u2013 S\u0142oneczna \u2013 Sitki \u2013 S\u0142owackiego &#8211; Nowy \u015awiat \u2013 Solidarno\u015bci \u2013 Szujskiego \u2013 Szkotnik &#8211; Mo\u015bcickiego \u2013 Pu\u0142askiego \u2013 Krakowska begrenzt ist.<\/p>\r\n<p>Die Zone erstreckt sich \u00fcber Dworcowa Stra\u00dfe (in der in der N\u00e4he vom Bahnhof und Busbahnhof) und Ko\u015bciuszki Stra\u00dfe (auf der Strecke zwischen Pu\u0142askiego und Reymonta Stra\u00dfe) .<\/p>\r\n<p>Die Parkgeb\u00fchren auf \u00f6ffentlichen Strassen in SPP gelten an Werktagen, von Montag bis Freitag von 8:00 bis 18:00 Uhr, und an Samstagen und Sonntagen &#8211; ohne Geb\u00fchrenpflicht.<\/p>\r\n<p>Die Parkgeb\u00fchren:<\/p>\r\n<ul>\r\n\t<li>f\u00fcr die erste Stunde \u2013 3,90 z\u0142<\/li>\r\n\t<li>f\u00fcr je zweite angefangene Stunde \u2013 4,60 z\u0142<\/li>\r\n\t<li>f\u00fcr je dritte angefangene Stunde \u2013 5,40 z\u0142<\/li>\r\n\t<li>jede vierte und n\u00e4chste Stunde\u00a0 &#8211; 3,90 z\u0142<\/li>\r\n<\/ul>\r\n<p>&nbsp;<\/p>\r\n<p>Die Parkscheine kann man am Parkscheinautomaten, in den Kiosken und in L\u00e4den kaufen, die mit einem Symbol \u201eP\u201c bezeichnet sind.\u00a0<\/p>\r\n<p><span lang=\"EN-US\"><em>Aktualisiert<\/em>: <em>25.10<\/em>.2024<\/span><\/p>\r\n<p>&nbsp;<\/p>\r\n<p><b>Park &amp; Ride<\/b><\/p>\r\n<p>1. ul. Do Huty (S\u00fcdlich vom Hauptbahnhof Tarn\u00f3w). P &amp; R ist durch einen Fu\u00dfg\u00e4ngertunnel mit \u00a0den Bahnsteigen verbunden. Es kostet 7 z\u0142\/24h.\u00a0<\/p>\r\n<p>2. ul. ks. J. Marsza\u0142ka (n\u00f6rdlich des Stadtzentrums, kostenlos).\u00a0<\/p>\r\n<div class=\"separator\">\u00a0<\/div>\r\n<p>\u2192 <a href=\"http:\/\/ec.europa.eu\/transport\/passenger-rights\/\">Passagierrechte<\/a><\/p>","protected":false},"excerpt":{"rendered":"&nbsp; Letzte Aktualisierung: 09.12.2022 Entfernungen von Tarn\u00f3w: Krak\u00f3w: 80 km Rzesz\u00f3w: 80 km Warszawa: 300 km Zakopane: 155 km Wroc\u0142aw: 350 km MIT DEM FLUGZEUG: \u00a0Ein Landeplatz f\u00fcr leichte Flugzeuge: [&hellip;]","protected":false},"author":1,"featured_media":0,"parent":0,"menu_order":457,"comment_status":"closed","ping_status":"closed","template":"","meta":{"_acf_changed":false,"footnotes":""},"tags":[],"class_list":["post-9960","page","type-page","status-publish","hentry"],"acf":{"old_object_id":"218","old_parent_id":"65","old_url":"Ankunft","intro_text":"","show_children":"1","class":"folder","type":"single","in_menu":true,"map":"","old_id":"","top_column":"","left_column":"","right_column":"","bottom_column":"","skip_import":false,"_menu_related_id":"96068","show_date":false,"rooms_info":""},"yoast_head":"<!-- This site is optimized with the Yoast SEO Premium plugin v25.4 (Yoast SEO v25.4) - https:\/\/yoast.com\/wordpress\/plugins\/seo\/ -->\n<title>Ankunft - Tarnowskie Centrum Informacji<\/title>\n<meta name=\"robots\" content=\"index, follow, max-snippet:-1, max-image-preview:large, max-video-preview:-1\" \/>\n<link rel=\"canonical\" href=\"https:\/\/www.it.tarnow.pl\/de\/ankunft\/\" \/>\n<meta property=\"og:locale\" content=\"de_DE\" \/>\n<meta property=\"og:type\" content=\"article\" \/>\n<meta property=\"og:title\" content=\"Ankunft\" \/>\n<meta property=\"og:description\" content=\"&nbsp; Letzte Aktualisierung: 09.12.2022 Entfernungen von Tarn\u00f3w: Krak\u00f3w: 80 km Rzesz\u00f3w: 80 km Warszawa: 300 km Zakopane: 155 km Wroc\u0142aw: 350 km MIT DEM FLUGZEUG: \u00a0Ein Landeplatz f\u00fcr leichte Flugzeuge: [&hellip;]\" \/>\n<meta property=\"og:url\" content=\"https:\/\/www.it.tarnow.pl\/de\/ankunft\/\" \/>\n<meta property=\"og:site_name\" content=\"Tarnowskie Centrum Informacji\" \/>\n<meta property=\"article:modified_time\" content=\"2024-10-25T07:42:00+00:00\" \/>\n<meta property=\"og:image\" content=\"http:\/\/www.it.tarnow.pl\/wp-content\/uploads\/2019\/02\/dworzec-panorama-02_2_1m-1024x250.jpg\" \/>\n<meta name=\"twitter:card\" content=\"summary_large_image\" \/>\n<meta name=\"twitter:label1\" content=\"Gesch\u00e4tzte Lesezeit\" \/>\n\t<meta name=\"twitter:data1\" content=\"6\u00a0Minuten\" \/>\n<script type=\"application\/ld+json\" class=\"yoast-schema-graph\">{\"@context\":\"https:\/\/schema.org\",\"@graph\":[{\"@type\":\"WebPage\",\"@id\":\"https:\/\/www.it.tarnow.pl\/de\/ankunft\/\",\"url\":\"https:\/\/www.it.tarnow.pl\/de\/ankunft\/\",\"name\":\"Ankunft - Tarnowskie Centrum Informacji\",\"isPartOf\":{\"@id\":\"https:\/\/www.it.tarnow.pl\/#website\"},\"primaryImageOfPage\":{\"@id\":\"https:\/\/www.it.tarnow.pl\/de\/ankunft\/#primaryimage\"},\"image\":{\"@id\":\"https:\/\/www.it.tarnow.pl\/de\/ankunft\/#primaryimage\"},\"thumbnailUrl\":\"http:\/\/www.it.tarnow.pl\/wp-content\/uploads\/2019\/02\/dworzec-panorama-02_2_1m-1024x250.jpg\",\"datePublished\":\"2009-11-30T10:06:17+00:00\",\"dateModified\":\"2024-10-25T07:42:00+00:00\",\"breadcrumb\":{\"@id\":\"https:\/\/www.it.tarnow.pl\/de\/ankunft\/#breadcrumb\"},\"inLanguage\":\"de\",\"potentialAction\":[{\"@type\":\"ReadAction\",\"target\":[\"https:\/\/www.it.tarnow.pl\/de\/ankunft\/\"]}]},{\"@type\":\"ImageObject\",\"inLanguage\":\"de\",\"@id\":\"https:\/\/www.it.tarnow.pl\/de\/ankunft\/#primaryimage\",\"url\":\"http:\/\/www.it.tarnow.pl\/wp-content\/uploads\/2019\/02\/dworzec-panorama-02_2_1m-1024x250.jpg\",\"contentUrl\":\"http:\/\/www.it.tarnow.pl\/wp-content\/uploads\/2019\/02\/dworzec-panorama-02_2_1m-1024x250.jpg\"},{\"@type\":\"BreadcrumbList\",\"@id\":\"https:\/\/www.it.tarnow.pl\/de\/ankunft\/#breadcrumb\",\"itemListElement\":[{\"@type\":\"ListItem\",\"position\":1,\"name\":\"Homepage\",\"item\":\"https:\/\/www.it.tarnow.pl\/de\/\"},{\"@type\":\"ListItem\",\"position\":2,\"name\":\"Ankunft\"}]},{\"@type\":\"WebSite\",\"@id\":\"https:\/\/www.it.tarnow.pl\/#website\",\"url\":\"https:\/\/www.it.tarnow.pl\/\",\"name\":\"Tarnowskie Centrum Informacji\",\"description\":\"Informacja turystyczna o Tarnowie i regionie tarnowskim.\",\"potentialAction\":[{\"@type\":\"SearchAction\",\"target\":{\"@type\":\"EntryPoint\",\"urlTemplate\":\"https:\/\/www.it.tarnow.pl\/?s={search_term_string}\"},\"query-input\":{\"@type\":\"PropertyValueSpecification\",\"valueRequired\":true,\"valueName\":\"search_term_string\"}}],\"inLanguage\":\"de\"}]}<\/script>\n<!-- \/ Yoast SEO Premium plugin. -->","yoast_head_json":{"title":"Ankunft - Tarnowskie Centrum Informacji","robots":{"index":"index","follow":"follow","max-snippet":"max-snippet:-1","max-image-preview":"max-image-preview:large","max-video-preview":"max-video-preview:-1"},"canonical":"https:\/\/www.it.tarnow.pl\/de\/ankunft\/","og_locale":"de_DE","og_type":"article","og_title":"Ankunft","og_description":"&nbsp; Letzte Aktualisierung: 09.12.2022 Entfernungen von Tarn\u00f3w: Krak\u00f3w: 80 km Rzesz\u00f3w: 80 km Warszawa: 300 km Zakopane: 155 km Wroc\u0142aw: 350 km MIT DEM FLUGZEUG: \u00a0Ein Landeplatz f\u00fcr leichte Flugzeuge: [&hellip;]","og_url":"https:\/\/www.it.tarnow.pl\/de\/ankunft\/","og_site_name":"Tarnowskie Centrum Informacji","article_modified_time":"2024-10-25T07:42:00+00:00","og_image":[{"url":"http:\/\/www.it.tarnow.pl\/wp-content\/uploads\/2019\/02\/dworzec-panorama-02_2_1m-1024x250.jpg","type":"","width":"","height":""}],"twitter_card":"summary_large_image","twitter_misc":{"Gesch\u00e4tzte Lesezeit":"6\u00a0Minuten"},"schema":{"@context":"https:\/\/schema.org","@graph":[{"@type":"WebPage","@id":"https:\/\/www.it.tarnow.pl\/de\/ankunft\/","url":"https:\/\/www.it.tarnow.pl\/de\/ankunft\/","name":"Ankunft - Tarnowskie Centrum Informacji","isPartOf":{"@id":"https:\/\/www.it.tarnow.pl\/#website"},"primaryImageOfPage":{"@id":"https:\/\/www.it.tarnow.pl\/de\/ankunft\/#primaryimage"},"image":{"@id":"https:\/\/www.it.tarnow.pl\/de\/ankunft\/#primaryimage"},"thumbnailUrl":"http:\/\/www.it.tarnow.pl\/wp-content\/uploads\/2019\/02\/dworzec-panorama-02_2_1m-1024x250.jpg","datePublished":"2009-11-30T10:06:17+00:00","dateModified":"2024-10-25T07:42:00+00:00","breadcrumb":{"@id":"https:\/\/www.it.tarnow.pl\/de\/ankunft\/#breadcrumb"},"inLanguage":"de","potentialAction":[{"@type":"ReadAction","target":["https:\/\/www.it.tarnow.pl\/de\/ankunft\/"]}]},{"@type":"ImageObject","inLanguage":"de","@id":"https:\/\/www.it.tarnow.pl\/de\/ankunft\/#primaryimage","url":"http:\/\/www.it.tarnow.pl\/wp-content\/uploads\/2019\/02\/dworzec-panorama-02_2_1m-1024x250.jpg","contentUrl":"http:\/\/www.it.tarnow.pl\/wp-content\/uploads\/2019\/02\/dworzec-panorama-02_2_1m-1024x250.jpg"},{"@type":"BreadcrumbList","@id":"https:\/\/www.it.tarnow.pl\/de\/ankunft\/#breadcrumb","itemListElement":[{"@type":"ListItem","position":1,"name":"Homepage","item":"https:\/\/www.it.tarnow.pl\/de\/"},{"@type":"ListItem","position":2,"name":"Ankunft"}]},{"@type":"WebSite","@id":"https:\/\/www.it.tarnow.pl\/#website","url":"https:\/\/www.it.tarnow.pl\/","name":"Tarnowskie Centrum Informacji","description":"Informacja turystyczna o Tarnowie i regionie tarnowskim.","potentialAction":[{"@type":"SearchAction","target":{"@type":"EntryPoint","urlTemplate":"https:\/\/www.it.tarnow.pl\/?s={search_term_string}"},"query-input":{"@type":"PropertyValueSpecification","valueRequired":true,"valueName":"search_term_string"}}],"inLanguage":"de"}]}},"_links":{"self":[{"href":"https:\/\/www.it.tarnow.pl\/de\/wp-json\/wp\/v2\/pages\/9960","targetHints":{"allow":["GET"]}}],"collection":[{"href":"https:\/\/www.it.tarnow.pl\/de\/wp-json\/wp\/v2\/pages"}],"about":[{"href":"https:\/\/www.it.tarnow.pl\/de\/wp-json\/wp\/v2\/types\/page"}],"author":[{"embeddable":true,"href":"https:\/\/www.it.tarnow.pl\/de\/wp-json\/wp\/v2\/users\/1"}],"replies":[{"embeddable":true,"href":"https:\/\/www.it.tarnow.pl\/de\/wp-json\/wp\/v2\/comments?post=9960"}],"version-history":[{"count":3,"href":"https:\/\/www.it.tarnow.pl\/de\/wp-json\/wp\/v2\/pages\/9960\/revisions"}],"predecessor-version":[{"id":295735,"href":"https:\/\/www.it.tarnow.pl\/de\/wp-json\/wp\/v2\/pages\/9960\/revisions\/295735"}],"wp:attachment":[{"href":"https:\/\/www.it.tarnow.pl\/de\/wp-json\/wp\/v2\/media?parent=9960"}],"wp:term":[{"taxonomy":"post_tag","embeddable":true,"href":"https:\/\/www.it.tarnow.pl\/de\/wp-json\/wp\/v2\/tags?post=9960"}],"curies":[{"name":"wp","href":"https:\/\/api.w.org\/{rel}","templated":true}]}}