{"id":9828,"date":"2010-08-13T09:52:10","date_gmt":"2010-08-13T07:52:10","guid":{"rendered":"http:\/\/www.it.tarnow.pl\/broschuren-pdf\/"},"modified":"2019-04-03T15:17:44","modified_gmt":"2019-04-03T13:17:44","slug":"broschuren-pdf","status":"publish","type":"page","link":"https:\/\/www.it.tarnow.pl\/de\/es-ist-sehenswert\/broschuren-pdf\/","title":{"rendered":"Brosch\u00fcren (.pdf)"},"content":{"rendered":"<h2>\n<a href=\"http:\/\/www.it.tarnow.pl\/wp-content\/uploads\/2019\/02\/Tarnow-und-Umgebung.pdf\"><b>\u2192 <\/b><b>Tarn\u00f3w und Umgebung<\/b><\/a>\n<\/h2>\n<p>\u00a0<\/p>\n<p>Touristischer Wegweiser der Tarnower region:: <br>\u00a0<\/p>\n<ul>\n<li>\n<a href=\"http:\/\/www.it.tarnow.pl\/wp-content\/uploads\/2019\/02\/Tarnow_2.pdf\">Tarn\u00f3w<\/a>\n<\/li>\n<li>\n<a href=\"http:\/\/www.it.tarnow.pl\/wp-content\/uploads\/2019\/02\/Tarnow-Perle-der-Renaissance.pdf\">Tarnow &#8211; Perle der Renaissance<\/a>\n<\/li>\n<li>\n<a href=\"http:\/\/www.it.tarnow.pl\/wp-content\/uploads\/2019\/02\/Tarnow-der-Waermepol-Polens.pdf\">Tarnow der &#8222;W\u00e4rmepol&#8220; Polens<\/a>\n<\/li>\n<li>\n<a href=\"http:\/\/www.it.tarnow.pl\/wp-content\/uploads\/2019\/02\/Holzarchitektur.pdf\" class=\"target_blank\">Holzarchitektur<\/a>\n<\/li>\n<li>\n<a href=\"http:\/\/www.it.tarnow.pl\/wp-content\/uploads\/2019\/02\/Soldatenfriedhoefe-aus-dem-I.-Wetlkrieg.pdf\" class=\"target_blank\">Soldatenfriedh\u00f6fe aus dem I. Wetlkrieg<\/a>\n<\/li>\n<li>\n<a href=\"http:\/\/www.it.tarnow.pl\/wp-content\/uploads\/2019\/02\/Unvergessene-orte.pdf\" class=\"target_blank\">Unvergessene orte<\/a>\n<\/li>\n<li>\n<a href=\"http:\/\/www.it.tarnow.pl\/wp-content\/uploads\/2019\/02\/Der-Reiz-kleiner-Staedte.pdf\" class=\"target_blank\">Der Reiz kleiner St\u00e4dte<\/a>\n<\/li>\n<li>\n<a href=\"http:\/\/www.it.tarnow.pl\/wp-content\/uploads\/2019\/02\/Aktiver-Tourismus.pdf\" class=\"target_blank\">Aktiver Tourismus<\/a>\n<\/li>\n<li>\n<a href=\"http:\/\/www.it.tarnow.pl\/wp-content\/uploads\/2019\/02\/Tarnow-in-330-Minuten.pdf\" class=\"target_blank\">Tarn\u00f3w in 330 Minuten<\/a>\n<\/li>\n<li>\n<a href=\"http:\/\/www.it.tarnow.pl\/wp-content\/uploads\/2019\/02\/Tarnow-in-3-Tagen.pdf\" class=\"target_blank\">Tarn\u00f3w in 3 Tagen<\/a>\n<\/li>\n<li>\n<a href=\"http:\/\/www.it.tarnow.pl\/wp-content\/uploads\/2019\/02\/Tarnow-fuer-die-Juengsten.pdf\" class=\"target_blank\">Tarn\u00f3w f\u00fcr die J\u00fcngsten<\/a>\n<\/li>\n\n<\/ul>\n<p>\u00a0<\/p>\n<p>Tarn\u00f3w. Karte der Holzarchitektur<\/p>\n<ul>\n<li>\n<a href=\"http:\/\/www.it.tarnow.pl\/wp-content\/uploads\/2019\/02\/Mapa-smartSAD-Tarnow.jpg\">Tarn\u00f3w<\/a>\n<\/li>\n<li>\n<a href=\"http:\/\/www.it.tarnow.pl\/wp-content\/uploads\/2019\/02\/Mapa-smartSAD-Region-tarnowski.jpg\">Tarn\u00f3w Region<\/a>\n<\/li>\n\n<\/ul>\n<p>\u00a0<\/p>\n<p><a href=\"http:\/\/www.it.tarnow.pl\/wp-content\/uploads\/2019\/02\/Tarnower-Nachrichter-2012.pdf\">Tarnower Nachrichter 2012<\/a>\n<\/p>","protected":false},"excerpt":{"rendered":"\u2192 Tarn\u00f3w und Umgebung \u00a0 Touristischer Wegweiser der Tarnower region:: \u00a0 Tarn\u00f3w Tarnow &#8211; Perle der Renaissance Tarnow der &#8222;W\u00e4rmepol&#8220; Polens Holzarchitektur Soldatenfriedh\u00f6fe aus dem I. Wetlkrieg Unvergessene orte Der [&hellip;]","protected":false},"author":1,"featured_media":0,"parent":9792,"menu_order":449,"comment_status":"closed","ping_status":"closed","template":"","meta":{"_acf_changed":false,"footnotes":""},"tags":[],"class_list":["post-9828","page","type-page","status-publish","hentry"],"acf":{"in_menu":null,"show_date":null,"intro_text":"","map":null},"yoast_head":"<!-- This site is optimized with the Yoast SEO Premium plugin v25.4 (Yoast SEO v25.4) - https:\/\/yoast.com\/wordpress\/plugins\/seo\/ -->\n<title>Brosch\u00fcren (.pdf) - Tarnowskie Centrum Informacji<\/title>\n<meta name=\"robots\" content=\"index, follow, max-snippet:-1, max-image-preview:large, max-video-preview:-1\" \/>\n<link rel=\"canonical\" href=\"https:\/\/www.it.tarnow.pl\/de\/es-ist-sehenswert\/broschuren-pdf\/\" \/>\n<meta property=\"og:locale\" content=\"de_DE\" \/>\n<meta property=\"og:type\" content=\"article\" \/>\n<meta property=\"og:title\" content=\"Brosch\u00fcren (.pdf)\" \/>\n<meta property=\"og:description\" content=\"\u2192 Tarn\u00f3w und Umgebung \u00a0 Touristischer Wegweiser der Tarnower region:: \u00a0 Tarn\u00f3w Tarnow &#8211; Perle der Renaissance Tarnow der &#8222;W\u00e4rmepol&#8220; Polens Holzarchitektur Soldatenfriedh\u00f6fe aus dem I. Wetlkrieg Unvergessene orte Der [&hellip;]\" \/>\n<meta property=\"og:url\" content=\"https:\/\/www.it.tarnow.pl\/de\/es-ist-sehenswert\/broschuren-pdf\/\" \/>\n<meta property=\"og:site_name\" content=\"Tarnowskie Centrum Informacji\" \/>\n<meta property=\"article:modified_time\" content=\"2019-04-03T13:17:44+00:00\" \/>\n<meta name=\"twitter:card\" content=\"summary_large_image\" \/>\n<script type=\"application\/ld+json\" class=\"yoast-schema-graph\">{\"@context\":\"https:\/\/schema.org\",\"@graph\":[{\"@type\":\"WebPage\",\"@id\":\"https:\/\/www.it.tarnow.pl\/de\/es-ist-sehenswert\/broschuren-pdf\/\",\"url\":\"https:\/\/www.it.tarnow.pl\/de\/es-ist-sehenswert\/broschuren-pdf\/\",\"name\":\"Brosch\u00fcren (.pdf) - Tarnowskie Centrum Informacji\",\"isPartOf\":{\"@id\":\"https:\/\/www.it.tarnow.pl\/#website\"},\"datePublished\":\"2010-08-13T07:52:10+00:00\",\"dateModified\":\"2019-04-03T13:17:44+00:00\",\"breadcrumb\":{\"@id\":\"https:\/\/www.it.tarnow.pl\/de\/es-ist-sehenswert\/broschuren-pdf\/#breadcrumb\"},\"inLanguage\":\"de\",\"potentialAction\":[{\"@type\":\"ReadAction\",\"target\":[\"https:\/\/www.it.tarnow.pl\/de\/es-ist-sehenswert\/broschuren-pdf\/\"]}]},{\"@type\":\"BreadcrumbList\",\"@id\":\"https:\/\/www.it.tarnow.pl\/de\/es-ist-sehenswert\/broschuren-pdf\/#breadcrumb\",\"itemListElement\":[{\"@type\":\"ListItem\",\"position\":1,\"name\":\"Homepage\",\"item\":\"https:\/\/www.it.tarnow.pl\/de\/\"},{\"@type\":\"ListItem\",\"position\":2,\"name\":\"Es ist sehenswert\",\"item\":\"https:\/\/www.it.tarnow.pl\/de\/es-ist-sehenswert\/\"},{\"@type\":\"ListItem\",\"position\":3,\"name\":\"Brosch\u00fcren (.pdf)\"}]},{\"@type\":\"WebSite\",\"@id\":\"https:\/\/www.it.tarnow.pl\/#website\",\"url\":\"https:\/\/www.it.tarnow.pl\/\",\"name\":\"Tarnowskie Centrum Informacji\",\"description\":\"Informacja turystyczna o Tarnowie i regionie tarnowskim.\",\"potentialAction\":[{\"@type\":\"SearchAction\",\"target\":{\"@type\":\"EntryPoint\",\"urlTemplate\":\"https:\/\/www.it.tarnow.pl\/?s={search_term_string}\"},\"query-input\":{\"@type\":\"PropertyValueSpecification\",\"valueRequired\":true,\"valueName\":\"search_term_string\"}}],\"inLanguage\":\"de\"}]}<\/script>\n<!-- \/ Yoast SEO Premium plugin. -->","yoast_head_json":{"title":"Brosch\u00fcren (.pdf) - Tarnowskie Centrum Informacji","robots":{"index":"index","follow":"follow","max-snippet":"max-snippet:-1","max-image-preview":"max-image-preview:large","max-video-preview":"max-video-preview:-1"},"canonical":"https:\/\/www.it.tarnow.pl\/de\/es-ist-sehenswert\/broschuren-pdf\/","og_locale":"de_DE","og_type":"article","og_title":"Brosch\u00fcren (.pdf)","og_description":"\u2192 Tarn\u00f3w und Umgebung \u00a0 Touristischer Wegweiser der Tarnower region:: \u00a0 Tarn\u00f3w Tarnow &#8211; Perle der Renaissance Tarnow der &#8222;W\u00e4rmepol&#8220; Polens Holzarchitektur Soldatenfriedh\u00f6fe aus dem I. Wetlkrieg Unvergessene orte Der [&hellip;]","og_url":"https:\/\/www.it.tarnow.pl\/de\/es-ist-sehenswert\/broschuren-pdf\/","og_site_name":"Tarnowskie Centrum Informacji","article_modified_time":"2019-04-03T13:17:44+00:00","twitter_card":"summary_large_image","schema":{"@context":"https:\/\/schema.org","@graph":[{"@type":"WebPage","@id":"https:\/\/www.it.tarnow.pl\/de\/es-ist-sehenswert\/broschuren-pdf\/","url":"https:\/\/www.it.tarnow.pl\/de\/es-ist-sehenswert\/broschuren-pdf\/","name":"Brosch\u00fcren (.pdf) - Tarnowskie Centrum Informacji","isPartOf":{"@id":"https:\/\/www.it.tarnow.pl\/#website"},"datePublished":"2010-08-13T07:52:10+00:00","dateModified":"2019-04-03T13:17:44+00:00","breadcrumb":{"@id":"https:\/\/www.it.tarnow.pl\/de\/es-ist-sehenswert\/broschuren-pdf\/#breadcrumb"},"inLanguage":"de","potentialAction":[{"@type":"ReadAction","target":["https:\/\/www.it.tarnow.pl\/de\/es-ist-sehenswert\/broschuren-pdf\/"]}]},{"@type":"BreadcrumbList","@id":"https:\/\/www.it.tarnow.pl\/de\/es-ist-sehenswert\/broschuren-pdf\/#breadcrumb","itemListElement":[{"@type":"ListItem","position":1,"name":"Homepage","item":"https:\/\/www.it.tarnow.pl\/de\/"},{"@type":"ListItem","position":2,"name":"Es ist sehenswert","item":"https:\/\/www.it.tarnow.pl\/de\/es-ist-sehenswert\/"},{"@type":"ListItem","position":3,"name":"Brosch\u00fcren (.pdf)"}]},{"@type":"WebSite","@id":"https:\/\/www.it.tarnow.pl\/#website","url":"https:\/\/www.it.tarnow.pl\/","name":"Tarnowskie Centrum Informacji","description":"Informacja turystyczna o Tarnowie i regionie tarnowskim.","potentialAction":[{"@type":"SearchAction","target":{"@type":"EntryPoint","urlTemplate":"https:\/\/www.it.tarnow.pl\/?s={search_term_string}"},"query-input":{"@type":"PropertyValueSpecification","valueRequired":true,"valueName":"search_term_string"}}],"inLanguage":"de"}]}},"_links":{"self":[{"href":"https:\/\/www.it.tarnow.pl\/de\/wp-json\/wp\/v2\/pages\/9828","targetHints":{"allow":["GET"]}}],"collection":[{"href":"https:\/\/www.it.tarnow.pl\/de\/wp-json\/wp\/v2\/pages"}],"about":[{"href":"https:\/\/www.it.tarnow.pl\/de\/wp-json\/wp\/v2\/types\/page"}],"author":[{"embeddable":true,"href":"https:\/\/www.it.tarnow.pl\/de\/wp-json\/wp\/v2\/users\/1"}],"replies":[{"embeddable":true,"href":"https:\/\/www.it.tarnow.pl\/de\/wp-json\/wp\/v2\/comments?post=9828"}],"version-history":[{"count":0,"href":"https:\/\/www.it.tarnow.pl\/de\/wp-json\/wp\/v2\/pages\/9828\/revisions"}],"up":[{"embeddable":true,"href":"https:\/\/www.it.tarnow.pl\/de\/wp-json\/wp\/v2\/pages\/9792"}],"wp:attachment":[{"href":"https:\/\/www.it.tarnow.pl\/de\/wp-json\/wp\/v2\/media?parent=9828"}],"wp:term":[{"taxonomy":"post_tag","embeddable":true,"href":"https:\/\/www.it.tarnow.pl\/de\/wp-json\/wp\/v2\/tags?post=9828"}],"curies":[{"name":"wp","href":"https:\/\/api.w.org\/{rel}","templated":true}]}}