{"id":9827,"date":"2013-04-12T14:32:33","date_gmt":"2013-04-12T12:32:33","guid":{"rendered":"http:\/\/www.it.tarnow.pl\/tarnow-fur-die-jungsten\/"},"modified":"2021-11-20T15:24:45","modified_gmt":"2021-11-20T14:24:45","slug":"tarnow-fur-die-jungsten","status":"publish","type":"page","link":"https:\/\/www.it.tarnow.pl\/de\/es-ist-sehenswert\/tarnow-fur-die-jungsten\/","title":{"rendered":"Tarn\u00f3w f\u00fcr die J\u00fcngsten"},"content":{"rendered":"<p>F\u00fcr die Menschen, die sich ein bisschen von der Stadt erholen wollen, bietet die Region viele Wanderwege im Gebiet von Pog\u00f3rze Ci\u0119\u017ckowickie an. Von Tarn\u00f3w f\u00fchren zahlreiche Wander- und Radwege. Au\u00dferhalb von Ci\u0119\u017ckowice befindet sich ein Naturschutzgebiet \u201eVersteinerte Stadt\u201c, die durch die zahlreichen malerischen Sandsteinfelsen ber\u00fchmt ist u.a. der Pilz, der Dachs, die Festung, die Hexe. Ein bisschen n\u00e4her der Stadt Tarn\u00f3w befindet sich ein \u00d6kologisches Bildungszentrum \u201ePolichty &#8211; Sucha G\u00f3ra\u201d. In der N\u00e4he dieses Zentrums wurden die Naturpfade abgesteckt. Gut markierte und beschriebene Strecken lassen eine systematische Naturbeobachtung in verschiedenen Jahreszeiten f\u00fchren.<\/p>\r\n<p><b>Zyklische Ereignisse:<\/b><\/p>\r\n<p>Tarn\u00f3w ist eine veranstaltungsreiche Stadt. Hier die ausgew\u00e4hlten Veranstaltungen f\u00fcr die Kinder:<br \/>\r\nIm Fr\u00fchling: der s\u00fc\u00dfe Geburtstag der Stadt, der Wettbewerb f\u00fcr die Osterpalmen in Lipnica Murowana.<br \/>\r\nIm Sommer: das Volksfest \u201eWianki\u201c, Theatervorstellungen im Sch\u00fctzenpark, die Roma &#8211; Karawane, \u201edas bemalte Geh\u00f6ft\u201c in Zalipie.<br \/>\r\nIm Herbst: \u201eDas Festival der Preistr\u00e4ger der Musikwettbewerbe\u201c, \u201edie Talentwoche\u201c, das Ritterturnier in D\u0119bno.<br \/>\r\nIm Winter: Weihnachtsbaumschm\u00fccken auf dem Tarnower Marktplatz, die lebende Krippe bei der Abtei der Bernhardiner, die Winterferien beim Jugendzentrum \u201ePa\u0142ac M\u0142odzie\u017cy\u201d, Vortrag weihnachtlichen Liedguts \u201eO Lipnick\u0105 Gwiazd\u0119\u201d und auch die anderen zahlreichen Sportveranstaltungen, darunter die Weltmeisterschaften im Klettern.<\/p>\r\n<p><b>Parks und Spielpl\u00e4tze:<\/b><\/p>\r\n<p>Ein Dutzend von Parks in Tarn\u00f3w ermuntern zu famili\u00e4ren Sonntagsspazierg\u00e4ngen. Die gro\u00dfe Mehrheit von ihnen besitzt Spielpl\u00e4tze. Die bekanntesten und attraktivsten befinden sich im Strzelecki Park (Sch\u00fctzenpark) und auf dem Berg des heiligen Martin.<\/p>\r\n<p>Der Strzelecki Park (Sch\u00fctzenpark) ist der \u00e4lteste in der Stadt<b> <\/b>(von 1866). Das ist ein Garten im englischen Stil, mit einer unregelm\u00e4\u00dfigen Form, mit einem Teich im n\u00f6rdlichen Teil, der im Sommer mit sch\u00f6nen Wasserlilien (Teichrosen) bedeckt ist. In der Mitte des Teichs wurde ein beachtliches Mausoleum von General Josef Bem, des polnischen und ungarischen Helden errichtet. Gleich daneben befindet sich der allgemein bekannte Spielplatz <b> <\/b>Jordangarten\u201c.<\/p>\r\n<p>Der Park auf dem Berg des heiligen Martin liegt im s\u00fcdlichen Teil der Stadt und umfasst den n\u00f6rdlichen Abhang der h\u00f6chsten Anh\u00f6he in der Umgebung (384 Meter \u00fc.d.M.) zugleich ist das der ausgepr\u00e4gteste n\u00f6rdliche Teil der Karpaten. Am Abhang des Berges, im Park befindet sich ein Erholungsort mit einem Spielplatz, einem Freibad und einem Naturpfad, der oft von den Familien mit Kindern besucht wird.<\/p>\r\n<p>Tarn\u00f3w wird auch als \u201eW\u00e4rmepol\u201c Polens bezeichnet. Im Jahre 1989 wurde in Tarn\u00f3w der W\u00e4rmerekord aufgestellt. Im Dezember zeigten die Thermometer plus 19 Grad an. Der w\u00e4rmste Ort ist der s\u00fcdliche Teil des \u201eSanguszko Parks\u201c in Tarn\u00f3w &#8211; Gumniska. Au\u00dferdem ist dieser Park durch die Sonntagskonzerte der klassischen Musik bekannt, die immer im Sommer stattfinden.<\/p>\r\n<p>Vor der Anreise \u00fcberpr\u00fcfen Sie bitte die einzelnen \u00d6ffnungszeiten ausgew\u00e4hlter touristischer Objekte direkt bei ihnen oder bei Tarnower Touristinformation.<\/p>\r\n<p><b>Die ausgew\u00e4hlten Tarnower Attraktionen f\u00fcr die J\u00fcngsten:<\/b><\/p>\r\n<p><img loading=\"lazy\" decoding=\"async\" width=\"400\" height=\"300\" class=\"size-medium alignright wp-image-21514\" src=\"http:\/\/www.it.tarnow.pl\/wp-content\/uploads\/2019\/02\/TARNOW-Rynek-03-400x300.jpg\" alt=\"\" srcset=\"https:\/\/www.it.tarnow.pl\/wp-content\/uploads\/2019\/02\/TARNOW-Rynek-03-400x300.jpg 400w, https:\/\/www.it.tarnow.pl\/wp-content\/uploads\/2019\/02\/TARNOW-Rynek-03-768x576.jpg 768w, https:\/\/www.it.tarnow.pl\/wp-content\/uploads\/2019\/02\/TARNOW-Rynek-03-650x488.jpg 650w, https:\/\/www.it.tarnow.pl\/wp-content\/uploads\/2019\/02\/TARNOW-Rynek-03-300x225.jpg 300w, https:\/\/www.it.tarnow.pl\/wp-content\/uploads\/2019\/02\/TARNOW-Rynek-03.jpg 1024w\" sizes=\"auto, (max-width: 400px) 100vw, 400px\" \/><\/p>\r\n<p><b>Der Tarnower Marktplatz<\/b> wird von historischen B\u00fcrgerh\u00e4usern mit Arkaden umgeben, kleinen Perlen der Renaissance. In der Mitte steht zweist\u00f6ckiges Rathaus, bei dem noch urspr\u00fcngliche gotische Teile erhalten geblieben sind, bekr\u00f6nt durch eine Attika mit charakteristischen 14 Maskaronen. Dieses Renaissancegeb\u00e4ude schuf Jan Maria Padovano. 30 Meter hoher Turm verbirgt einen noch t\u00e4tigen Mechanismus der \u00e4ltesten in Polen von Hand aufgezogenen Rathausuhr. Aus dem Rathausturm, der den Touristen gelegentlich zur Verf\u00fcgung gestellt ist, erstreckt sich ein sch\u00f6ner Blick \u00fcber Tarn\u00f3w und Umgebung.<\/p>\r\n<p><b>Die Basilikakathedrale<\/b> ist durch die h\u00f6chsten in Europa \u00fcber 13 Meter hohen monumentalen Grabdenkm\u00e4ler ber\u00fchmt, die dem Geschlecht der Familien Tarnowski und Ostrogski angeh\u00f6ren. Au\u00dferdem befindet sich in der Kathedrale die sch\u00f6nste Darstellung der Frau der Renaissancezeit.<\/p>\r\n<p><img loading=\"lazy\" decoding=\"async\" width=\"400\" height=\"300\" class=\"size-medium alignright wp-image-21628\" src=\"http:\/\/www.it.tarnow.pl\/wp-content\/uploads\/2019\/02\/TARNOW-Muzeum-Etnograficzne-2-400x300.jpg\" alt=\"\" srcset=\"https:\/\/www.it.tarnow.pl\/wp-content\/uploads\/2019\/02\/TARNOW-Muzeum-Etnograficzne-2-400x300.jpg 400w, https:\/\/www.it.tarnow.pl\/wp-content\/uploads\/2019\/02\/TARNOW-Muzeum-Etnograficzne-2-768x576.jpg 768w, https:\/\/www.it.tarnow.pl\/wp-content\/uploads\/2019\/02\/TARNOW-Muzeum-Etnograficzne-2-650x488.jpg 650w, https:\/\/www.it.tarnow.pl\/wp-content\/uploads\/2019\/02\/TARNOW-Muzeum-Etnograficzne-2-300x225.jpg 300w, https:\/\/www.it.tarnow.pl\/wp-content\/uploads\/2019\/02\/TARNOW-Muzeum-Etnograficzne-2.jpg 1024w\" sizes=\"auto, (max-width: 400px) 100vw, 400px\" \/><\/p>\r\n<p><b>Das Ethnografische Museum<\/b>, wo sich die einzige in Europa Dauerausstellung befindet, die dem Leben und der Kultur der Roma gewidmet ist. Im Hof des Museums kann man sich an einem Lagerfeuer mit Roma beteiligen, wo man den Tanz der Zigeunerinnen mit farbigen Trachten bewundern kann. Jedes Jahr im Juli zieht von hier eine \u201eRoma &#8211; Karawane der Erinnerung\u201c los, die die Touristen aus der ganzen Welt heranzieht. W\u00e4hrend einer mehrt\u00e4gigen Wanderung durch die Tarnower Region kann man das Nomadenleben erfahren.<\/p>\r\n<p><b>Die Tarnower Denkm\u00e4ler:<\/b><\/p>\r\n<p><img loading=\"lazy\" decoding=\"async\" width=\"280\" height=\"210\" class=\"size-medium alignleft wp-image-21987\" src=\"http:\/\/www.it.tarnow.pl\/wp-content\/uploads\/2019\/02\/pmn_slon.jpg\" alt=\"\" \/><\/p>\r\n<p>Ein bunter, von Kindern bemalter <b>Elefant<\/b>, an der Ecke der Krakowska- und Nowy-\u015awiatstra\u00dfe der immer h\u00e4ufiger zum Treffpunkt der Tarnower Jugend wird und die <b>\u201eDichter Bank\u201c <\/b>wo die Skulpturen von Agnieszka Osiecka, Jan Brzechwa und Zbigniew Herbert sitzen. In den, gleich bei den Gestalten gelegten Schatullen, kann man mit ein bisschen Gl\u00fcck ihre Werke finden. In der N\u00e4he befindet sich eine reizvolle Gr\u00fcnanlage mit dem gr\u00f6\u00dften in Polen Denkmal von<b> K\u00f6nig W\u0142adys\u0142aw \u0141okietek. <\/b>Laut einer Legende soll das Ber\u00fchren mit der rechten Hand des Schuhs des K\u00f6nigs Gl\u00fcck bringen und W\u00fcnsche erf\u00fcllen.<\/p>\r\n<p>&nbsp;<\/p>\r\n<p>&nbsp;<\/p>\r\n<p>&nbsp;<\/p>\r\n<p><b>Der Sonnensystem-Brunnen<\/b><\/p>\r\n<p><img loading=\"lazy\" decoding=\"async\" class=\"alignleft wp-image-186875 size-medium\" src=\"http:\/\/www.it.tarnow.pl\/wp-content\/uploads\/2020\/04\/Fontanna-uk\u0142ad-s\u0142oneczny-planetarny-Tarn\u00f3w-1-400x267.jpg\" alt=\"\" width=\"400\" height=\"267\" \/><\/p>\r\n<p>In der N\u00e4he des Bahnhofs und der Planty Kolejowe (Bahnhofsgr\u00fcnanlagen) befindet sich eine neue Kinderattraktion \u2013 ein Springbrunnen mit der Sonne und dem Sonnensystem. Der Stern wurde aus Glas und Stahl hergestellt und auf den Stahlumlaufbahnen bewegen sich die Granitplaneten. Die durch das Wasser angetriebenen Planeten sehen wie die echten Himmelsk\u00f6rper aus, die sich um eigene Achse drehen. Da der Brunnen beleuchtet ist, lohnt es sich hier abends zu kommen, um die effektvollen Wasserspiele zu bewundern.<\/p>\r\n<p>&nbsp;<\/p>\r\n<p>&nbsp;<\/p>\r\n<p>&nbsp;<\/p>\r\n<p>&nbsp;<\/p>\r\n<p><b>Bildung<\/b><\/p>\r\n<p><b>Museen in Tarn\u00f3w<\/b><\/p>\r\n<p>Das Bezirksmuseum, Rynek 21, tel.: +48 14 621 21 49, <i>www.muzeum.tarnow.pl <\/i><br \/>\r\nDas Ethnografische Museum, Krakowska &#8211; Stra\u00dfe 10, tel.: +48 14 622 06 25,<br \/>\r\n<a href=\"http:\/\/www.muzeum.tarnow.pl\/\">www.muzeum.tarnow.pl<\/a><\/p>\r\n<p>Die Tarnower Museen veranstalten einen \u201elebendigen Unterricht\u201c f\u00fcr Kinder und Jugendliche. Diese Unterrichtsstunden wurden f\u00fcr die Sch\u00fcler als eine Erg\u00e4nzung der Bildungsprogramme gedacht. Sie wurden dem Alter angepasst, gef\u00fchrt in den originellen Innenr\u00e4umen, erm\u00f6glichen den Jugendlichen den Kontakt mit der \u201elebendigen Geschichte\u201c mit den Ausstellungsst\u00fccken und audiovisuellen Mitteln. Die Beispielthemen der veranstalteten Unterrichtsstunden sind: Bauernh\u00fctte vor 100 Jahren (der Innenraum der H\u00fctte, die Ausr\u00fcstung, b\u00e4uerliche T\u00e4tigkeiten), Winterbr\u00e4uche, Fr\u00fchlingsbr\u00e4uche, Geschichte und Kultur der Roma, eine Brotgeschichte.<\/p>\r\n<p><b>Museen in der Tarnower Region <\/b><\/p>\r\n<p><b>Das Verkehrsmuseum in Szczucin<\/b> (35 km von Tarn\u00f3w, Richtung Kielce und Warszawa)<br \/>\r\n1 Maja \u2013 Stra\u00dfe 39, tel.: +48 14 643 63 81, <a href=\"http:\/\/www.gddkia.gov.pl\/whd\">www.gddkia.gov.pl\/whd<\/a><\/p>\r\n<p>Das Museum pr\u00e4sentiert unter freiem Himmel eine interessante Ausstellung von alten Maschinen und Verkehrsvorrichtungen. Im Geb\u00e4ude des Museums, das die Form einer Jochbr\u00fccke hat, kann man sich eine interessante Ausstellung von einzigartigen Dokumenten aus dem 19 Jh. Stra\u00dfen- und Br\u00fcckenprojekte, Andenken und Uniforme der Verkehrsarbeiter ansehen. Die Ausstellungsst\u00fccke wurden in Panoramaform dargestellt, was auf eine interessante Art und Weise die Stra\u00dfenarbeit zeigt. F\u00fcr Willige veranstalten wir auch Dia- und Filmschau, ebenso eine Darstellung, die mit der Geschichte und Stra\u00dfen &#8211; Br\u00fcckenbautechnik verbunden ist.<\/p>\r\n<p><b>Zalipie &#8211; einziges \u201ebemaltes Dorf\u201c in Polen<\/b> (40 km von Tarnow, Richtung \u017babno)<\/p>\r\n<p>Das Haus der Malerinnen in Zalipie, tel.: +48 14 641 19 38, <i>www.dommalarek.pl<b> <\/b><\/i><\/p>\r\n<p>Das Geh\u00f6ft von Felicja Cury\u0142owa in Zalipie, tel.: +48 14 641 19 12, <i>www.muzeum.tarnow.pl<\/i><\/p>\r\n<p>Zalipie &#8211; ein bemaltes Dorf, ber\u00fchmt durch das Bemalen von Geh\u00f6ften im charakteristischen Blumenornamentenstil. Im Haus der Malerinnen kann man sich eine Ausstellung ansehen, die der Tradition der Bemalung von Geh\u00f6ften gewidmet ist. F\u00fcr Kinder und Jugendliche werden hier Kunstworkshops zum Thema: Ostereier bemalen und Anfertigung von Osterpalmen veranstaltet. Zu den wichtigen Ausflugsorten geh\u00f6rt bestimmt das Geh\u00f6ft von Felicja Cury\u0142owa, wo man neben den bemalten Innenw\u00e4nden der H\u00e4user und b\u00e4uerlichen Geb\u00e4uden wundersch\u00f6n dekorierte Au\u00dfenw\u00e4nde bewundern kann. Hier kann man sich auch an einem lebendigen Unterricht beteiligen.<\/p>\r\n<p><b>Das Puppenmuseum in Pilzno und Lipiny<\/b> (25 und 15 km von Tarnow, Richtung Rzesz\u00f3w)<br \/>\r\nGrodzka &#8211; Stra\u00dfe 24, tel.: +48 14 627 13 21, <i>www.muzeumlalek.pl, <\/i>ein Freilichtmuseum (an der Fernstra\u00dfe E40 nach Rzesz\u00f3w)<\/p>\r\n<p>Die Bildungst\u00e4tigkeit des Museums ist so breit entwickelt, dass sie die Neugierde und das Interesse jedes Kindes befriedigen kann. Hier die Beispielthemen der veranstalteten Unterrichtsstunden: \u201eKoche mit der Hexe\u201c, Workshop &#8211; Weben, Keramikwerkstatt, Anfertigung der Blumen aus Seidenpapier, Anfertigung von Theaterpuppen, Weihnachts- und Osterschmuck, Dramaunterricht (Gef\u00fchlsausdruck durch Farben und Form mit Hilfe von Puppen).<\/p>\r\n<p><b>Naturmuseum in Ci\u0119\u017ckowice<\/b> (35 km von Tarn\u00f3w Richtung Krynica)<br \/>\r\n3 Maja &#8211; Stra\u00dfe 4, tel.: +48 14 651 00 38,<a href=\"http:\/\/www.ciezkowice.pl\/\"> www.ciezkowice.pl<\/a><\/p>\r\n<p>Die Ausstellung umfasst eine Sammlung von 200 Arten von V\u00f6geln, 500 St\u00fcck Insekten und Jagdtroph\u00e4en. Au\u00dferdem kann man sich im Museum eine Fledermaush\u00f6hle, Beispiele der Futterpl\u00e4tze der Insekten, die Pflanzen unserer W\u00e4lder und die Fotos der besten Fotografen der Region anschauen.<\/p>\r\n<p>Das Bildungsangebot: \u201eUnsere Flederm\u00e4use\u201c, \u201eDie Eulen Polens\u201c und \u201e\u00dcber die Natur der Region Pog\u00f3rze auf Englisch\u201d.<\/p>\r\n<p><b>Unterhaltung<\/b><\/p>\r\n<p>Tarnower Kinos und Theaters laden die J\u00fcngsten zum Zeitverbringen ein. Kinos bieten regelm\u00e4\u00dfige Filmvorstellungen f\u00fcr Kinder, das Tarnower Theater und das Kulturzentrum in Mo\u015bcice schlagen eigene Theaterst\u00fccke und die von den eingeladenen Theatertruppen vor.<\/p>\r\n<p>Den Tarnower Veranstaltungskalender finden Sie unter <a href=\"http:\/\/www.it.tarnow.pl\/index.php\/pol\/Atrakcje\/Najblizsze-wydarzenia\">www.it.tarnow.pl<\/a><\/p>","protected":false},"excerpt":{"rendered":"F\u00fcr die Menschen, die sich ein bisschen von der Stadt erholen wollen, bietet die Region viele Wanderwege im Gebiet von Pog\u00f3rze Ci\u0119\u017ckowickie an. Von Tarn\u00f3w f\u00fchren zahlreiche Wander- und Radwege. [&hellip;]","protected":false},"author":1,"featured_media":0,"parent":9792,"menu_order":434,"comment_status":"closed","ping_status":"closed","template":"","meta":{"_acf_changed":false,"footnotes":""},"tags":[],"class_list":["post-9827","page","type-page","status-publish","hentry"],"acf":{"old_object_id":"13455","old_parent_id":"250","old_url":"Es-ist-sehenswert\/Tarnow-fuer-die-Juengsten","intro_text":"","show_children":"1","class":"folder","type":"single","in_menu":true,"show_date":false,"map":"","old_id":"","rooms_info":"","top_column":"","left_column":"","right_column":"","bottom_column":"","skip_import":false,"_menu_related_id":"96094"},"yoast_head":"<!-- This site is optimized with the Yoast SEO Premium plugin v25.4 (Yoast SEO v25.4) - https:\/\/yoast.com\/wordpress\/plugins\/seo\/ -->\n<title>Tarn\u00f3w f\u00fcr die J\u00fcngsten - Tarnowskie Centrum Informacji<\/title>\n<meta name=\"robots\" content=\"index, follow, max-snippet:-1, max-image-preview:large, max-video-preview:-1\" \/>\n<link rel=\"canonical\" href=\"https:\/\/www.it.tarnow.pl\/de\/es-ist-sehenswert\/tarnow-fur-die-jungsten\/\" \/>\n<meta property=\"og:locale\" content=\"de_DE\" \/>\n<meta property=\"og:type\" content=\"article\" \/>\n<meta property=\"og:title\" content=\"Tarn\u00f3w f\u00fcr die J\u00fcngsten\" \/>\n<meta property=\"og:description\" content=\"F\u00fcr die Menschen, die sich ein bisschen von der Stadt erholen wollen, bietet die Region viele Wanderwege im Gebiet von Pog\u00f3rze Ci\u0119\u017ckowickie an. Von Tarn\u00f3w f\u00fchren zahlreiche Wander- und Radwege. [&hellip;]\" \/>\n<meta property=\"og:url\" content=\"https:\/\/www.it.tarnow.pl\/de\/es-ist-sehenswert\/tarnow-fur-die-jungsten\/\" \/>\n<meta property=\"og:site_name\" content=\"Tarnowskie Centrum Informacji\" \/>\n<meta property=\"article:modified_time\" content=\"2021-11-20T14:24:45+00:00\" \/>\n<meta property=\"og:image\" content=\"http:\/\/www.it.tarnow.pl\/wp-content\/uploads\/2019\/02\/TARNOW-Rynek-03-400x300.jpg\" \/>\n<meta name=\"twitter:card\" content=\"summary_large_image\" \/>\n<meta name=\"twitter:label1\" content=\"Gesch\u00e4tzte Lesezeit\" \/>\n\t<meta name=\"twitter:data1\" content=\"7\u00a0Minuten\" \/>\n<script type=\"application\/ld+json\" class=\"yoast-schema-graph\">{\"@context\":\"https:\/\/schema.org\",\"@graph\":[{\"@type\":\"WebPage\",\"@id\":\"https:\/\/www.it.tarnow.pl\/de\/es-ist-sehenswert\/tarnow-fur-die-jungsten\/\",\"url\":\"https:\/\/www.it.tarnow.pl\/de\/es-ist-sehenswert\/tarnow-fur-die-jungsten\/\",\"name\":\"Tarn\u00f3w f\u00fcr die J\u00fcngsten - Tarnowskie Centrum Informacji\",\"isPartOf\":{\"@id\":\"https:\/\/www.it.tarnow.pl\/#website\"},\"primaryImageOfPage\":{\"@id\":\"https:\/\/www.it.tarnow.pl\/de\/es-ist-sehenswert\/tarnow-fur-die-jungsten\/#primaryimage\"},\"image\":{\"@id\":\"https:\/\/www.it.tarnow.pl\/de\/es-ist-sehenswert\/tarnow-fur-die-jungsten\/#primaryimage\"},\"thumbnailUrl\":\"http:\/\/www.it.tarnow.pl\/wp-content\/uploads\/2019\/02\/TARNOW-Rynek-03-400x300.jpg\",\"datePublished\":\"2013-04-12T12:32:33+00:00\",\"dateModified\":\"2021-11-20T14:24:45+00:00\",\"breadcrumb\":{\"@id\":\"https:\/\/www.it.tarnow.pl\/de\/es-ist-sehenswert\/tarnow-fur-die-jungsten\/#breadcrumb\"},\"inLanguage\":\"de\",\"potentialAction\":[{\"@type\":\"ReadAction\",\"target\":[\"https:\/\/www.it.tarnow.pl\/de\/es-ist-sehenswert\/tarnow-fur-die-jungsten\/\"]}]},{\"@type\":\"ImageObject\",\"inLanguage\":\"de\",\"@id\":\"https:\/\/www.it.tarnow.pl\/de\/es-ist-sehenswert\/tarnow-fur-die-jungsten\/#primaryimage\",\"url\":\"http:\/\/www.it.tarnow.pl\/wp-content\/uploads\/2019\/02\/TARNOW-Rynek-03-400x300.jpg\",\"contentUrl\":\"http:\/\/www.it.tarnow.pl\/wp-content\/uploads\/2019\/02\/TARNOW-Rynek-03-400x300.jpg\"},{\"@type\":\"BreadcrumbList\",\"@id\":\"https:\/\/www.it.tarnow.pl\/de\/es-ist-sehenswert\/tarnow-fur-die-jungsten\/#breadcrumb\",\"itemListElement\":[{\"@type\":\"ListItem\",\"position\":1,\"name\":\"Homepage\",\"item\":\"https:\/\/www.it.tarnow.pl\/de\/\"},{\"@type\":\"ListItem\",\"position\":2,\"name\":\"Es ist sehenswert\",\"item\":\"https:\/\/www.it.tarnow.pl\/de\/es-ist-sehenswert\/\"},{\"@type\":\"ListItem\",\"position\":3,\"name\":\"Tarn\u00f3w f\u00fcr die J\u00fcngsten\"}]},{\"@type\":\"WebSite\",\"@id\":\"https:\/\/www.it.tarnow.pl\/#website\",\"url\":\"https:\/\/www.it.tarnow.pl\/\",\"name\":\"Tarnowskie Centrum Informacji\",\"description\":\"Informacja turystyczna o Tarnowie i regionie tarnowskim.\",\"potentialAction\":[{\"@type\":\"SearchAction\",\"target\":{\"@type\":\"EntryPoint\",\"urlTemplate\":\"https:\/\/www.it.tarnow.pl\/?s={search_term_string}\"},\"query-input\":{\"@type\":\"PropertyValueSpecification\",\"valueRequired\":true,\"valueName\":\"search_term_string\"}}],\"inLanguage\":\"de\"}]}<\/script>\n<!-- \/ Yoast SEO Premium plugin. -->","yoast_head_json":{"title":"Tarn\u00f3w f\u00fcr die J\u00fcngsten - Tarnowskie Centrum Informacji","robots":{"index":"index","follow":"follow","max-snippet":"max-snippet:-1","max-image-preview":"max-image-preview:large","max-video-preview":"max-video-preview:-1"},"canonical":"https:\/\/www.it.tarnow.pl\/de\/es-ist-sehenswert\/tarnow-fur-die-jungsten\/","og_locale":"de_DE","og_type":"article","og_title":"Tarn\u00f3w f\u00fcr die J\u00fcngsten","og_description":"F\u00fcr die Menschen, die sich ein bisschen von der Stadt erholen wollen, bietet die Region viele Wanderwege im Gebiet von Pog\u00f3rze Ci\u0119\u017ckowickie an. Von Tarn\u00f3w f\u00fchren zahlreiche Wander- und Radwege. [&hellip;]","og_url":"https:\/\/www.it.tarnow.pl\/de\/es-ist-sehenswert\/tarnow-fur-die-jungsten\/","og_site_name":"Tarnowskie Centrum Informacji","article_modified_time":"2021-11-20T14:24:45+00:00","og_image":[{"url":"http:\/\/www.it.tarnow.pl\/wp-content\/uploads\/2019\/02\/TARNOW-Rynek-03-400x300.jpg","type":"","width":"","height":""}],"twitter_card":"summary_large_image","twitter_misc":{"Gesch\u00e4tzte Lesezeit":"7\u00a0Minuten"},"schema":{"@context":"https:\/\/schema.org","@graph":[{"@type":"WebPage","@id":"https:\/\/www.it.tarnow.pl\/de\/es-ist-sehenswert\/tarnow-fur-die-jungsten\/","url":"https:\/\/www.it.tarnow.pl\/de\/es-ist-sehenswert\/tarnow-fur-die-jungsten\/","name":"Tarn\u00f3w f\u00fcr die J\u00fcngsten - Tarnowskie Centrum Informacji","isPartOf":{"@id":"https:\/\/www.it.tarnow.pl\/#website"},"primaryImageOfPage":{"@id":"https:\/\/www.it.tarnow.pl\/de\/es-ist-sehenswert\/tarnow-fur-die-jungsten\/#primaryimage"},"image":{"@id":"https:\/\/www.it.tarnow.pl\/de\/es-ist-sehenswert\/tarnow-fur-die-jungsten\/#primaryimage"},"thumbnailUrl":"http:\/\/www.it.tarnow.pl\/wp-content\/uploads\/2019\/02\/TARNOW-Rynek-03-400x300.jpg","datePublished":"2013-04-12T12:32:33+00:00","dateModified":"2021-11-20T14:24:45+00:00","breadcrumb":{"@id":"https:\/\/www.it.tarnow.pl\/de\/es-ist-sehenswert\/tarnow-fur-die-jungsten\/#breadcrumb"},"inLanguage":"de","potentialAction":[{"@type":"ReadAction","target":["https:\/\/www.it.tarnow.pl\/de\/es-ist-sehenswert\/tarnow-fur-die-jungsten\/"]}]},{"@type":"ImageObject","inLanguage":"de","@id":"https:\/\/www.it.tarnow.pl\/de\/es-ist-sehenswert\/tarnow-fur-die-jungsten\/#primaryimage","url":"http:\/\/www.it.tarnow.pl\/wp-content\/uploads\/2019\/02\/TARNOW-Rynek-03-400x300.jpg","contentUrl":"http:\/\/www.it.tarnow.pl\/wp-content\/uploads\/2019\/02\/TARNOW-Rynek-03-400x300.jpg"},{"@type":"BreadcrumbList","@id":"https:\/\/www.it.tarnow.pl\/de\/es-ist-sehenswert\/tarnow-fur-die-jungsten\/#breadcrumb","itemListElement":[{"@type":"ListItem","position":1,"name":"Homepage","item":"https:\/\/www.it.tarnow.pl\/de\/"},{"@type":"ListItem","position":2,"name":"Es ist sehenswert","item":"https:\/\/www.it.tarnow.pl\/de\/es-ist-sehenswert\/"},{"@type":"ListItem","position":3,"name":"Tarn\u00f3w f\u00fcr die J\u00fcngsten"}]},{"@type":"WebSite","@id":"https:\/\/www.it.tarnow.pl\/#website","url":"https:\/\/www.it.tarnow.pl\/","name":"Tarnowskie Centrum Informacji","description":"Informacja turystyczna o Tarnowie i regionie tarnowskim.","potentialAction":[{"@type":"SearchAction","target":{"@type":"EntryPoint","urlTemplate":"https:\/\/www.it.tarnow.pl\/?s={search_term_string}"},"query-input":{"@type":"PropertyValueSpecification","valueRequired":true,"valueName":"search_term_string"}}],"inLanguage":"de"}]}},"_links":{"self":[{"href":"https:\/\/www.it.tarnow.pl\/de\/wp-json\/wp\/v2\/pages\/9827","targetHints":{"allow":["GET"]}}],"collection":[{"href":"https:\/\/www.it.tarnow.pl\/de\/wp-json\/wp\/v2\/pages"}],"about":[{"href":"https:\/\/www.it.tarnow.pl\/de\/wp-json\/wp\/v2\/types\/page"}],"author":[{"embeddable":true,"href":"https:\/\/www.it.tarnow.pl\/de\/wp-json\/wp\/v2\/users\/1"}],"replies":[{"embeddable":true,"href":"https:\/\/www.it.tarnow.pl\/de\/wp-json\/wp\/v2\/comments?post=9827"}],"version-history":[{"count":0,"href":"https:\/\/www.it.tarnow.pl\/de\/wp-json\/wp\/v2\/pages\/9827\/revisions"}],"up":[{"embeddable":true,"href":"https:\/\/www.it.tarnow.pl\/de\/wp-json\/wp\/v2\/pages\/9792"}],"wp:attachment":[{"href":"https:\/\/www.it.tarnow.pl\/de\/wp-json\/wp\/v2\/media?parent=9827"}],"wp:term":[{"taxonomy":"post_tag","embeddable":true,"href":"https:\/\/www.it.tarnow.pl\/de\/wp-json\/wp\/v2\/tags?post=9827"}],"curies":[{"name":"wp","href":"https:\/\/api.w.org\/{rel}","templated":true}]}}