{"id":9826,"date":"2013-04-19T15:45:08","date_gmt":"2013-04-19T13:45:08","guid":{"rendered":"http:\/\/www.it.tarnow.pl\/kultur\/"},"modified":"2019-04-03T15:17:39","modified_gmt":"2019-04-03T13:17:39","slug":"kultur","status":"publish","type":"page","link":"https:\/\/www.it.tarnow.pl\/de\/es-ist-sehenswert\/kultur\/","title":{"rendered":"Kultur"},"content":{"rendered":"<p>\u00a0<\/p>\n<p><b>MUSIK<\/b><\/p>\n<p>\u00a0<\/p>\n<p><b>Der Zyklus der Sommerkonzerte \u201e Musiktreffen mit Paderewski\u201c.<\/b> Jedes Jahr finden die Konzerte der klassischen Musik im Landhaus von Ignacy Paderewski in K\u0105sna Dolna statt.<\/p>\n<p><b>Das Kammermusikfestival \u201eBravo Maestro\u201c<\/b> geh\u00f6rt zu den prestigereichsten Musikveranstaltungen Polens, das alle zwei Jahre stattfindet. <br>vergessene Musikst\u00fccke der polnischen und ausl\u00e4ndischen Komponisten pr\u00e4sentiert. Es findet u.a. unter dem Patronat von Staatspr\u00e4sident der Republik Polen statt. <\/p>\n<p><b> Das National Festival \u201eTalentwoche\u201d<\/b>. Der Hauptziel des Festivals ist die Promotion der jungen Musiker, der Preistr\u00e4ger der nationalen und internationalen Wettbewerbe. F\u00fcr viele Teilnehmer ist der Auftritt in Tarn\u00f3w der erste Schritt zur Karriere.<\/p> <img loading=\"lazy\" decoding=\"async\" width=\"400\" height=\"259\" class=\"size-medium alignright wp-image-26280\" src=\"http:\/\/www.it.tarnow.pl\/wp-content\/uploads\/2019\/02\/F-Muzyki-Odnalezionej-01-400x259.jpg\" alt=\"\" srcset=\"https:\/\/www.it.tarnow.pl\/wp-content\/uploads\/2019\/02\/F-Muzyki-Odnalezionej-01-400x259.jpg 400w, https:\/\/www.it.tarnow.pl\/wp-content\/uploads\/2019\/02\/F-Muzyki-Odnalezionej-01-300x194.jpg 300w, https:\/\/www.it.tarnow.pl\/wp-content\/uploads\/2019\/02\/F-Muzyki-Odnalezionej-01.jpg 635w\" sizes=\"auto, (max-width: 400px) 100vw, 400px\" \/><p><b> \u201eDas Internationale Festival der Erfundenen Musik\u201c<\/b> ist das einzige Festival auf der Welt, das vergessene Musikst\u00fccke der polnischen und ausl\u00e4ndischen Komponisten pr\u00e4sentiert. Es findet u.a. unter dem Patronat von Staatspr\u00e4sident der Republik Polen statt. <\/p>\n<p>Seit Januar 2013 begann die T\u00e4tigkeit <b>Das<\/b> <b>Europ\u00e4ische Musikzentrum<\/b> <b>von Krzysztof Penderecki in Lus\u0142awice. <\/b>(25 km von Tarn\u00f3w). In modernen Innenr\u00e4umen finden Meisterworkshops, die Kurse f\u00fcr junge Adepten der Musikkunst, Konzerte mit gr\u00f6\u00dften Stars der klassischen Musik statt.<\/p>\n<p>\u00a0<\/p>\n<p><b>THEATER UND FILM<\/b><\/p>\n<p>\u00a0<\/p> <img loading=\"lazy\" decoding=\"async\" width=\"400\" height=\"259\" class=\"size-medium alignright wp-image-26290\" src=\"http:\/\/www.it.tarnow.pl\/wp-content\/uploads\/2019\/02\/TNF-01-400x259.jpg\" alt=\"\" srcset=\"https:\/\/www.it.tarnow.pl\/wp-content\/uploads\/2019\/02\/TNF-01-400x259.jpg 400w, https:\/\/www.it.tarnow.pl\/wp-content\/uploads\/2019\/02\/TNF-01-300x194.jpg 300w, https:\/\/www.it.tarnow.pl\/wp-content\/uploads\/2019\/02\/TNF-01.jpg 635w\" sizes=\"auto, (max-width: 400px) 100vw, 400px\" \/><p><b>\u201eTarnows Filmfestival\u201c<\/b> \u2013 Filmfestspiele in Tarn\u00f3w zeigen jedes Jahr die interessantesten polnischen Filme, die ein Jahr bevor Festival pr\u00e4sentiert wurden. Die ersten Filmfestspiele fanden im Jahre 1987 statt.<\/p> <img loading=\"lazy\" decoding=\"async\" width=\"400\" height=\"259\" class=\"size-medium alignright wp-image-26285\" src=\"http:\/\/www.it.tarnow.pl\/wp-content\/uploads\/2019\/02\/Talia-02-400x259.jpg\" alt=\"\" srcset=\"https:\/\/www.it.tarnow.pl\/wp-content\/uploads\/2019\/02\/Talia-02-400x259.jpg 400w, https:\/\/www.it.tarnow.pl\/wp-content\/uploads\/2019\/02\/Talia-02-300x194.jpg 300w, https:\/\/www.it.tarnow.pl\/wp-content\/uploads\/2019\/02\/Talia-02.jpg 635w\" sizes=\"auto, (max-width: 400px) 100vw, 400px\" \/><p><b>Kom\u00f6dienfestival \u201eTalia\u201c &#8211;<\/b> die wichtigste Theaterveranstaltung in Tarn\u00f3w findet jedes Jahr im Oktober statt. Die Kom\u00f6dienvorf\u00fchrungen aus In- und Ausland traten von der B\u00fchne des Tarnower Theaters ab, drangen in Pubs und Cafes ein und hinterlassen auf den Strassen Tarnows den fr\u00f6hlichen Personenkreis. <b> <\/b><\/p>\n<p><b>\u201eVitae Valor Festival\u201c <\/b>ist die zweite wichtige Veranstaltung der Kinematographie in Tarn\u00f3w. Ziel des Festivals ist Pr\u00e4sentierung und Verbreitung der Filme, die die Bedeutung der menschlichen Existenz betonen.<\/p>\n<p>\u00a0<\/p>\n<p><b>AU\u00dfERGEW\u00d6HNLICHE EREIGNISSE<\/b><\/p>\n<p>\u00a0<\/p> <img loading=\"lazy\" decoding=\"async\" width=\"400\" height=\"259\" class=\"size-medium alignright wp-image-26295\" src=\"http:\/\/www.it.tarnow.pl\/wp-content\/uploads\/2019\/02\/Zderzenia-01-400x259.jpg\" alt=\"\" srcset=\"https:\/\/www.it.tarnow.pl\/wp-content\/uploads\/2019\/02\/Zderzenia-01-400x259.jpg 400w, https:\/\/www.it.tarnow.pl\/wp-content\/uploads\/2019\/02\/Zderzenia-01-300x194.jpg 300w, https:\/\/www.it.tarnow.pl\/wp-content\/uploads\/2019\/02\/Zderzenia-01.jpg 635w\" sizes=\"auto, (max-width: 400px) 100vw, 400px\" \/><p><b>Tarnower Stadtfest \u201eEreignisse\u201c<\/b> wird jedes Jahr gefeiert und geh\u00f6rt zu den wichtigsten Kulturveranstaltungen der Stadt. Es werden verschiedene Konzerte, Theaterst\u00fccke und Folklore pr\u00e4sentiert.<\/p> <img loading=\"lazy\" decoding=\"async\" width=\"400\" height=\"259\" class=\"size-medium alignleft wp-image-26300\" src=\"http:\/\/www.it.tarnow.pl\/wp-content\/uploads\/2019\/02\/Galicjaner-02-400x259.jpg\" alt=\"\" srcset=\"https:\/\/www.it.tarnow.pl\/wp-content\/uploads\/2019\/02\/Galicjaner-02-400x259.jpg 400w, https:\/\/www.it.tarnow.pl\/wp-content\/uploads\/2019\/02\/Galicjaner-02-300x194.jpg 300w, https:\/\/www.it.tarnow.pl\/wp-content\/uploads\/2019\/02\/Galicjaner-02.jpg 635w\" sizes=\"auto, (max-width: 400px) 100vw, 400px\" \/><p><b>Gedenktage an galizischen Juden &#8211;<\/b> werden jedes Jahr zum Andenken an die 10 Tsd. Stadtbewohner der j\u00fcdischen Herkunft organisiert. Die Juden wurden von Nazis im Jahre 1942 im nahe gelegenen Wald Buczyna ermordet. Zum Programm geh\u00f6ren Konzerte der klezmerischen Musik bei Bimah und Gedenkspektakels. Man kann auch der J\u00fcdische Friedhof mit einem Fremdenf\u00fchrer besichtigen.<\/p> <img loading=\"lazy\" decoding=\"async\" width=\"400\" height=\"259\" class=\"size-medium alignright wp-image-26305\" src=\"http:\/\/www.it.tarnow.pl\/wp-content\/uploads\/2019\/02\/tabor-02-400x259.jpg\" alt=\"\" srcset=\"https:\/\/www.it.tarnow.pl\/wp-content\/uploads\/2019\/02\/tabor-02-400x259.jpg 400w, https:\/\/www.it.tarnow.pl\/wp-content\/uploads\/2019\/02\/tabor-02-300x194.jpg 300w, https:\/\/www.it.tarnow.pl\/wp-content\/uploads\/2019\/02\/tabor-02.jpg 635w\" sizes=\"auto, (max-width: 400px) 100vw, 400px\" \/><p><b>Zigeunerlager der Erinnerung<\/b> &#8211; der Gedenkzug ist eine Erinnerung am Zigeuner-Martyrium. Die Zigeuner wurden w\u00e4hrend des Zweiten Weltkrieges von der deutschen Polizei ermordet. Zu den bekannteren Ortschaften des Gedenkzugs geh\u00f6ren: Szczurowa, Bielcza und Borzecin<\/p> <img loading=\"lazy\" decoding=\"async\" width=\"400\" height=\"266\" class=\"size-medium alignleft wp-image-26310\" src=\"http:\/\/www.it.tarnow.pl\/wp-content\/uploads\/2019\/02\/Malowana-chata-01-400x266.jpg\" alt=\"\" srcset=\"https:\/\/www.it.tarnow.pl\/wp-content\/uploads\/2019\/02\/Malowana-chata-01-400x266.jpg 400w, https:\/\/www.it.tarnow.pl\/wp-content\/uploads\/2019\/02\/Malowana-chata-01-300x200.jpg 300w, https:\/\/www.it.tarnow.pl\/wp-content\/uploads\/2019\/02\/Malowana-chata-01.jpg 600w\" sizes=\"auto, (max-width: 400px) 100vw, 400px\" \/><p><b>\u201eBemaltes Dorf\u201c in Zalipie &#8211;<\/b> jedes Jahr findet am Wochenende nach dem Frohleichnamfest ein Wettbewerb im H\u00fcttenmalen statt, an dem die Frauen aus benachbarten D\u00f6rfern teilnehmen. Die Tradition die H\u00e4user mit Blumenornamenten zu schm\u00fccken reich bis ins 19. Jh. zur\u00fcck.<\/p>\n<p><b>Ein Ritterturnier um den \u201eGoldenen Zopf der Tar\u0142\u00f3wna&#8220;<\/b> in Debno geh\u00f6rt zu den gr\u00f6\u00dften Freilichtveranstaltungen in Kleinpolen. Tar\u0142\u00f3wna war die Tochter eines der ehemaligen Besitzer der Burg. Die Volkssage erz\u00e4hlt, dass der Vater das M\u00e4dchen in der Bastei gefangen hielt, weil sie sich in einen kleinen Bediensteten verliebte.<\/p>\n<p><b>Osterpalmenwettbewerb in Lipnica Murowana<\/b> &#8211; das kleine Dorf mit dem mittelalterlichen st\u00e4dtischen Aufbau ist ber\u00fchmt f\u00fcr den j\u00e4hrlichen Osterpalmenwettbewerb. Die gr\u00f6\u00dften Palmen sind fast 30 Meter hoch. Den Wettbewerb begleiteten zahlreiche Veranstaltungen unter anderem die folkloristischen Auftritte, Ostermarkt und Kostprobe von regionalen Speisen. <\/p>\n<p>\u00a0<\/p>\n<p>\u00a0<\/p>\n<p>\u00a0<\/p>","protected":false},"excerpt":{"rendered":"\u00a0 MUSIK \u00a0 Der Zyklus der Sommerkonzerte \u201e Musiktreffen mit Paderewski\u201c. Jedes Jahr finden die Konzerte der klassischen Musik im Landhaus von Ignacy Paderewski in K\u0105sna Dolna statt. Das Kammermusikfestival [&hellip;]","protected":false},"author":1,"featured_media":0,"parent":9792,"menu_order":413,"comment_status":"closed","ping_status":"closed","template":"","meta":{"_acf_changed":false,"footnotes":""},"tags":[],"class_list":["post-9826","page","type-page","status-publish","hentry"],"acf":{"in_menu":null,"show_date":null,"intro_text":"","map":null},"yoast_head":"<!-- This site is optimized with the Yoast SEO Premium plugin v25.4 (Yoast SEO v25.4) - https:\/\/yoast.com\/wordpress\/plugins\/seo\/ -->\n<title>Kultur - Tarnowskie Centrum Informacji<\/title>\n<meta name=\"robots\" content=\"index, follow, max-snippet:-1, max-image-preview:large, max-video-preview:-1\" \/>\n<link rel=\"canonical\" href=\"https:\/\/www.it.tarnow.pl\/de\/es-ist-sehenswert\/kultur\/\" \/>\n<meta property=\"og:locale\" content=\"de_DE\" \/>\n<meta property=\"og:type\" content=\"article\" \/>\n<meta property=\"og:title\" content=\"Kultur\" \/>\n<meta property=\"og:description\" content=\"\u00a0 MUSIK \u00a0 Der Zyklus der Sommerkonzerte \u201e Musiktreffen mit Paderewski\u201c. Jedes Jahr finden die Konzerte der klassischen Musik im Landhaus von Ignacy Paderewski in K\u0105sna Dolna statt. Das Kammermusikfestival [&hellip;]\" \/>\n<meta property=\"og:url\" content=\"https:\/\/www.it.tarnow.pl\/de\/es-ist-sehenswert\/kultur\/\" \/>\n<meta property=\"og:site_name\" content=\"Tarnowskie Centrum Informacji\" \/>\n<meta property=\"article:modified_time\" content=\"2019-04-03T13:17:39+00:00\" \/>\n<meta property=\"og:image\" content=\"http:\/\/www.it.tarnow.pl\/wp-content\/uploads\/2019\/02\/F-Muzyki-Odnalezionej-01-400x259.jpg\" \/>\n<meta name=\"twitter:card\" content=\"summary_large_image\" \/>\n<meta name=\"twitter:label1\" content=\"Gesch\u00e4tzte Lesezeit\" \/>\n\t<meta name=\"twitter:data1\" content=\"3\u00a0Minuten\" \/>\n<script type=\"application\/ld+json\" class=\"yoast-schema-graph\">{\"@context\":\"https:\/\/schema.org\",\"@graph\":[{\"@type\":\"WebPage\",\"@id\":\"https:\/\/www.it.tarnow.pl\/de\/es-ist-sehenswert\/kultur\/\",\"url\":\"https:\/\/www.it.tarnow.pl\/de\/es-ist-sehenswert\/kultur\/\",\"name\":\"Kultur - Tarnowskie Centrum Informacji\",\"isPartOf\":{\"@id\":\"https:\/\/www.it.tarnow.pl\/#website\"},\"primaryImageOfPage\":{\"@id\":\"https:\/\/www.it.tarnow.pl\/de\/es-ist-sehenswert\/kultur\/#primaryimage\"},\"image\":{\"@id\":\"https:\/\/www.it.tarnow.pl\/de\/es-ist-sehenswert\/kultur\/#primaryimage\"},\"thumbnailUrl\":\"http:\/\/www.it.tarnow.pl\/wp-content\/uploads\/2019\/02\/F-Muzyki-Odnalezionej-01-400x259.jpg\",\"datePublished\":\"2013-04-19T13:45:08+00:00\",\"dateModified\":\"2019-04-03T13:17:39+00:00\",\"breadcrumb\":{\"@id\":\"https:\/\/www.it.tarnow.pl\/de\/es-ist-sehenswert\/kultur\/#breadcrumb\"},\"inLanguage\":\"de\",\"potentialAction\":[{\"@type\":\"ReadAction\",\"target\":[\"https:\/\/www.it.tarnow.pl\/de\/es-ist-sehenswert\/kultur\/\"]}]},{\"@type\":\"ImageObject\",\"inLanguage\":\"de\",\"@id\":\"https:\/\/www.it.tarnow.pl\/de\/es-ist-sehenswert\/kultur\/#primaryimage\",\"url\":\"http:\/\/www.it.tarnow.pl\/wp-content\/uploads\/2019\/02\/F-Muzyki-Odnalezionej-01-400x259.jpg\",\"contentUrl\":\"http:\/\/www.it.tarnow.pl\/wp-content\/uploads\/2019\/02\/F-Muzyki-Odnalezionej-01-400x259.jpg\"},{\"@type\":\"BreadcrumbList\",\"@id\":\"https:\/\/www.it.tarnow.pl\/de\/es-ist-sehenswert\/kultur\/#breadcrumb\",\"itemListElement\":[{\"@type\":\"ListItem\",\"position\":1,\"name\":\"Homepage\",\"item\":\"https:\/\/www.it.tarnow.pl\/de\/\"},{\"@type\":\"ListItem\",\"position\":2,\"name\":\"Es ist sehenswert\",\"item\":\"https:\/\/www.it.tarnow.pl\/de\/es-ist-sehenswert\/\"},{\"@type\":\"ListItem\",\"position\":3,\"name\":\"Kultur\"}]},{\"@type\":\"WebSite\",\"@id\":\"https:\/\/www.it.tarnow.pl\/#website\",\"url\":\"https:\/\/www.it.tarnow.pl\/\",\"name\":\"Tarnowskie Centrum Informacji\",\"description\":\"Informacja turystyczna o Tarnowie i regionie tarnowskim.\",\"potentialAction\":[{\"@type\":\"SearchAction\",\"target\":{\"@type\":\"EntryPoint\",\"urlTemplate\":\"https:\/\/www.it.tarnow.pl\/?s={search_term_string}\"},\"query-input\":{\"@type\":\"PropertyValueSpecification\",\"valueRequired\":true,\"valueName\":\"search_term_string\"}}],\"inLanguage\":\"de\"}]}<\/script>\n<!-- \/ Yoast SEO Premium plugin. -->","yoast_head_json":{"title":"Kultur - Tarnowskie Centrum Informacji","robots":{"index":"index","follow":"follow","max-snippet":"max-snippet:-1","max-image-preview":"max-image-preview:large","max-video-preview":"max-video-preview:-1"},"canonical":"https:\/\/www.it.tarnow.pl\/de\/es-ist-sehenswert\/kultur\/","og_locale":"de_DE","og_type":"article","og_title":"Kultur","og_description":"\u00a0 MUSIK \u00a0 Der Zyklus der Sommerkonzerte \u201e Musiktreffen mit Paderewski\u201c. Jedes Jahr finden die Konzerte der klassischen Musik im Landhaus von Ignacy Paderewski in K\u0105sna Dolna statt. Das Kammermusikfestival [&hellip;]","og_url":"https:\/\/www.it.tarnow.pl\/de\/es-ist-sehenswert\/kultur\/","og_site_name":"Tarnowskie Centrum Informacji","article_modified_time":"2019-04-03T13:17:39+00:00","og_image":[{"url":"http:\/\/www.it.tarnow.pl\/wp-content\/uploads\/2019\/02\/F-Muzyki-Odnalezionej-01-400x259.jpg","type":"","width":"","height":""}],"twitter_card":"summary_large_image","twitter_misc":{"Gesch\u00e4tzte Lesezeit":"3\u00a0Minuten"},"schema":{"@context":"https:\/\/schema.org","@graph":[{"@type":"WebPage","@id":"https:\/\/www.it.tarnow.pl\/de\/es-ist-sehenswert\/kultur\/","url":"https:\/\/www.it.tarnow.pl\/de\/es-ist-sehenswert\/kultur\/","name":"Kultur - Tarnowskie Centrum Informacji","isPartOf":{"@id":"https:\/\/www.it.tarnow.pl\/#website"},"primaryImageOfPage":{"@id":"https:\/\/www.it.tarnow.pl\/de\/es-ist-sehenswert\/kultur\/#primaryimage"},"image":{"@id":"https:\/\/www.it.tarnow.pl\/de\/es-ist-sehenswert\/kultur\/#primaryimage"},"thumbnailUrl":"http:\/\/www.it.tarnow.pl\/wp-content\/uploads\/2019\/02\/F-Muzyki-Odnalezionej-01-400x259.jpg","datePublished":"2013-04-19T13:45:08+00:00","dateModified":"2019-04-03T13:17:39+00:00","breadcrumb":{"@id":"https:\/\/www.it.tarnow.pl\/de\/es-ist-sehenswert\/kultur\/#breadcrumb"},"inLanguage":"de","potentialAction":[{"@type":"ReadAction","target":["https:\/\/www.it.tarnow.pl\/de\/es-ist-sehenswert\/kultur\/"]}]},{"@type":"ImageObject","inLanguage":"de","@id":"https:\/\/www.it.tarnow.pl\/de\/es-ist-sehenswert\/kultur\/#primaryimage","url":"http:\/\/www.it.tarnow.pl\/wp-content\/uploads\/2019\/02\/F-Muzyki-Odnalezionej-01-400x259.jpg","contentUrl":"http:\/\/www.it.tarnow.pl\/wp-content\/uploads\/2019\/02\/F-Muzyki-Odnalezionej-01-400x259.jpg"},{"@type":"BreadcrumbList","@id":"https:\/\/www.it.tarnow.pl\/de\/es-ist-sehenswert\/kultur\/#breadcrumb","itemListElement":[{"@type":"ListItem","position":1,"name":"Homepage","item":"https:\/\/www.it.tarnow.pl\/de\/"},{"@type":"ListItem","position":2,"name":"Es ist sehenswert","item":"https:\/\/www.it.tarnow.pl\/de\/es-ist-sehenswert\/"},{"@type":"ListItem","position":3,"name":"Kultur"}]},{"@type":"WebSite","@id":"https:\/\/www.it.tarnow.pl\/#website","url":"https:\/\/www.it.tarnow.pl\/","name":"Tarnowskie Centrum Informacji","description":"Informacja turystyczna o Tarnowie i regionie tarnowskim.","potentialAction":[{"@type":"SearchAction","target":{"@type":"EntryPoint","urlTemplate":"https:\/\/www.it.tarnow.pl\/?s={search_term_string}"},"query-input":{"@type":"PropertyValueSpecification","valueRequired":true,"valueName":"search_term_string"}}],"inLanguage":"de"}]}},"_links":{"self":[{"href":"https:\/\/www.it.tarnow.pl\/de\/wp-json\/wp\/v2\/pages\/9826","targetHints":{"allow":["GET"]}}],"collection":[{"href":"https:\/\/www.it.tarnow.pl\/de\/wp-json\/wp\/v2\/pages"}],"about":[{"href":"https:\/\/www.it.tarnow.pl\/de\/wp-json\/wp\/v2\/types\/page"}],"author":[{"embeddable":true,"href":"https:\/\/www.it.tarnow.pl\/de\/wp-json\/wp\/v2\/users\/1"}],"replies":[{"embeddable":true,"href":"https:\/\/www.it.tarnow.pl\/de\/wp-json\/wp\/v2\/comments?post=9826"}],"version-history":[{"count":0,"href":"https:\/\/www.it.tarnow.pl\/de\/wp-json\/wp\/v2\/pages\/9826\/revisions"}],"up":[{"embeddable":true,"href":"https:\/\/www.it.tarnow.pl\/de\/wp-json\/wp\/v2\/pages\/9792"}],"wp:attachment":[{"href":"https:\/\/www.it.tarnow.pl\/de\/wp-json\/wp\/v2\/media?parent=9826"}],"wp:term":[{"taxonomy":"post_tag","embeddable":true,"href":"https:\/\/www.it.tarnow.pl\/de\/wp-json\/wp\/v2\/tags?post=9826"}],"curies":[{"name":"wp","href":"https:\/\/api.w.org\/{rel}","templated":true}]}}