{"id":9825,"date":"2013-04-12T13:58:38","date_gmt":"2013-04-12T11:58:38","guid":{"rendered":"http:\/\/www.it.tarnow.pl\/aktiver-tourismus\/"},"modified":"2019-04-03T15:17:38","modified_gmt":"2019-04-03T13:17:38","slug":"aktiver-tourismus","status":"publish","type":"page","link":"https:\/\/www.it.tarnow.pl\/de\/es-ist-sehenswert\/aktiver-tourismus\/","title":{"rendered":"Aktiver Tourismus"},"content":{"rendered":"<p><b>Erholung im Sattel und am Wasser<\/b><\/p> <img loading=\"lazy\" decoding=\"async\" width=\"260\" height=\"400\" class=\"size-medium alignleft wp-image-25366\" src=\"http:\/\/www.it.tarnow.pl\/wp-content\/uploads\/2019\/02\/konie-1-260x400.jpg\" alt=\"\" srcset=\"https:\/\/www.it.tarnow.pl\/wp-content\/uploads\/2019\/02\/konie-1-260x400.jpg 260w, https:\/\/www.it.tarnow.pl\/wp-content\/uploads\/2019\/02\/konie-1-195x300.jpg 195w, https:\/\/www.it.tarnow.pl\/wp-content\/uploads\/2019\/02\/konie-1.jpg 357w\" sizes=\"auto, (max-width: 260px) 100vw, 260px\" \/><p>Die Tarnower Region ist ein Gel\u00e4nde mit einem differenzierten Relief der Umgebung. Eine flache Landschaft im Norden steht im Gegensatz zu den Anh\u00f6hen im S\u00fcden. Die Gebiete von der Tarnower Hochebene (\u201eP\u0142askowy\u017c Tarnowski\u201d) eignen sich sehr gut zum Reittourismus. Sandiger Erdboden und kleine Gel\u00e4ndedifferenzen machen das Reiten weniger anstrengend, was das Verletzungsrisiko bei den Pferden verringert. In Stare \u017bukowice, nur 15 km von Tarn\u00f3w entfernt, befindet sich ein \u201eReitdorf\u201c. Hier befinden sich auch andere nicht nur in Polen, sondern auch im Ausland bekannten Reitzentren z.B. \u201eRoleski Ranch\u201c mit einer Reithalle mit einer Gr\u00f6\u00dfe von 30 m x 80 m, mit 800 Sitzpl\u00e4tzen f\u00fcr die Zuschauer. Dagegen das gem\u00fctliche FURIOSO entstand in Polen als das erste Reitzentrum im \u201eWestern Stil\u201c. Das Angebot im Westernstil w\u00e4re ohne Indianer nicht vollst\u00e4ndig. F\u00fcr die Sucher des Wilden Westens wurde ein Indianerdorf im Reitzentrum am Stausee in Radgoszcz errichtet. Im Angebot der Reitzentren befinden sich sowohl Reitstunden, Hypotherapie, als auch Betriebstreffen. Zu den \u00e4u\u00dferst interessanten M\u00f6glichkeiten der Freizeitgestaltung geh\u00f6ren die mehrt\u00e4gigen Pferderitte, die durch die Wiesen und Waldwege f\u00fchren. In Fl\u00fcssen und B\u00e4chen der Tarnower Region leben verschiedene Fischarten, die leider immer seltener in polnischen Fl\u00fcssen vorkommen. Solche Fl\u00fcsse in der Region wie: Dunajec und Bia\u0142a Tarnowska haben ihren urspr\u00fcnglichen Charakter beibehalten und sind deshalb besonders attraktiv f\u00fcr Angler und die Liebhaber der Natur. Zu den gr\u00f6\u00dften Seen der Region geh\u00f6ren: der Roznowskiesee und der Czchowskiesee, sie bilden eine gute Basis f\u00fcr Betreiben von Wassersportarten. Viele Erholungszentren und Ferienh\u00e4user bieten sowohl die Unterkunft, als auch die M\u00f6glichkeit die Sportausr\u00fcstung zu verleihen. Auf der Tarnower \u201eDunajec &#8211; Strecke\u201c, (von dem Czchowskisee bis Tarn\u00f3w) kann man die sch\u00f6nen Festungen in Wytrzyszczka, Czch\u00f3w und Melsztyn bewundern, weil fr\u00fcher auf dieser Strecke ein alter, schiffbarer, ungarischer Weg verlief.<\/p>\n<p style=\"text-align: left;\">\u00a0<\/p> <img loading=\"lazy\" decoding=\"async\" width=\"400\" height=\"266\" class=\"size-medium alignright wp-image-25371\" src=\"http:\/\/www.it.tarnow.pl\/wp-content\/uploads\/2019\/02\/woda-1-400x266.jpg\" alt=\"\" srcset=\"https:\/\/www.it.tarnow.pl\/wp-content\/uploads\/2019\/02\/woda-1-400x266.jpg 400w, https:\/\/www.it.tarnow.pl\/wp-content\/uploads\/2019\/02\/woda-1-300x200.jpg 300w, https:\/\/www.it.tarnow.pl\/wp-content\/uploads\/2019\/02\/woda-1.jpg 635w\" sizes=\"auto, (max-width: 400px) 100vw, 400px\" \/><p>\u00a0<\/p>\n<p><b>Zu Fu\u00df und mit dem Rad<\/b><\/p>\n<p>Ein \u00fcberwiegender Teil der Wander- und Radwege f\u00fchrt die Touristen in den s\u00fcdlichen Teil der Region. Hier befinden sich drei Landschaftsparks: der \u201eWi\u015bnicko &#8211; Lipnicki Park\u201c, der \u201eCi\u0119\u017ckowicko \u2013 Ro\u017cnowski Park\u201c, der Landschaftspark der \u201eGebirgskette Brzanka\u201c und die zahlreichen Naturschutzgebiete. An vielen Orten begegnen wir den malerischen Felsenformationen. Zu den interessantesten Wanderwegen geh\u00f6ren die, die sich auf dem Gebiet von \u201ePog\u00f3rze &#8211; Landschaftspark\u201c befinden: \u201edie Versteinerte Stadt\u201c &#8211; ein Naturschutzgebiet der unbelebten Natur, wo sich verschiedene Felsen in Gestalten von Menschen, Geb\u00e4uden oder Tieren befinden. In Polichty befinden sich die abgesteckten Bildungsstrecken. In Bukowiec, im Naturschutzgebiet \u201eTeufelfelsen\u201c befindet sich die l\u00e4ngste H\u00f6hle in den polnischen Beskiden, \u201eTeufelsh\u00f6hle\u201c genannt. Die abgesteckten Strecken zeigen die Eigenartigkeit der Natur und das Kulturerbe. Dazu geh\u00f6ren die Sehensw\u00fcrdigkeiten der Holzarchitektur, darunter die gr\u00f6\u00dfte Kirche (in Skrzysz\u00f3w) auf dem Gebiet von Kleinpolen, oder die Kirche des heiligen Leonard in Lipnica Murowana, die in die Liste der UNESCO aufgenommen wurde. Wenn man durch die Tarnower Region wandert, kann man leicht den Wanderweg zu den Soldatenfriedh\u00f6fen aus dem Ersten Weltkrieg finden, die zu Verehrungsorten wurden und zum Nachdenken veranlassen. Hier kann man nat\u00fcrlich auch die architektonischen Denkm\u00e4ler bewundern. F\u00fcr die Menschen, die nach st\u00e4rkeren Eindr\u00fccken suchen, laden wir zum Kurort des Salzbergwerks in Bochnia ein. Hier gibt es eine extreme, geologische Strecke, die sich nur f\u00fcr tapfere und sportliche Personen eignet. Die Tarnower Umgebung ist auch sehr gut geeignet, um Radtourismus zu betreiben. Die Charakteristik der Radwege im Tarnower Gebiet ist die Unterscheidung in L\u00e4nge und verschiedenen Schwierigkeitsgraden. Gute Markierung der Radwege, die von den Hauptverkehrsstra\u00dfen entfernt sind, macht sie noch attraktiver und die Fahrt auf diesen Radwegen bereitet Ihnen bestimmt viel Freude und unvergessliche Eindr\u00fccke. <\/p>\n<p>\u00a0<\/p>\n<p><b>Der Winter in der Region<\/b><\/p> <img loading=\"lazy\" decoding=\"async\" width=\"400\" height=\"259\" class=\"size-medium alignleft wp-image-25381\" src=\"http:\/\/www.it.tarnow.pl\/wp-content\/uploads\/2019\/02\/zima-2-400x259.jpg\" alt=\"\" srcset=\"https:\/\/www.it.tarnow.pl\/wp-content\/uploads\/2019\/02\/zima-2-400x259.jpg 400w, https:\/\/www.it.tarnow.pl\/wp-content\/uploads\/2019\/02\/zima-2-300x194.jpg 300w, https:\/\/www.it.tarnow.pl\/wp-content\/uploads\/2019\/02\/zima-2.jpg 625w\" sizes=\"auto, (max-width: 400px) 100vw, 400px\" \/><p>Die Tarnower Region bietet Ihnen ein breites Angebot an Orten der aktiven Erholung und unterschiedliche Arten die Zeit aktiv zu gestalten an. Jeder Mensch, unabh\u00e4ngig vom Alter und nach individueller Vorliebe findet hier etwas f\u00fcr sich. Die Enthusiasten des wei\u00dfen Wahnsinns finden bestimmt Orte, wo sie Ski, oder Snowboard fahren k\u00f6nnen. Auf dem Land stehen Ihnen viele Ferienwohnungen zur Verf\u00fcgung, wo auch gemeinsame Schlittenfahrten organisiert werden. Zu den unbestrittenen Tr\u00fcmphen der Tarnower Skigebiete geh\u00f6ren die stadtnahe Entfernung und der Nutzungskomfort, weil sie nicht so \u00fcberf\u00fcllt sind, wie die sich in Tatra &#8211; Gebirge befindlichen Kurorte. Die Tarnower Skigebiete bieten eine Vielfalt von Dienstleistungen an wie z. B. Verleihstellen f\u00fcr Skiausr\u00fcstung, Unterkunft und Verpflegung. Skipisten werden auch k\u00fcnstlich beschneit und beleuchtet. Sowohl die L\u00e4nge als auch die Neigung der Pisten veranlagen sie eher zur Erholungsfahrt statt Leistungsfahrt. Die l\u00e4ngste Skipiste in der Region \u201eLaskowa Kamionna\u201c ist 2000 m lang. Eine gute Basis f\u00fcr Betreiben der Wintersportarten bilden Herbergen und Pensionen, die sich auf dem Pog\u00f3rze \u2013 Gebiet befinden. In der N\u00e4he von Ci\u0119\u017ckowice (Jastrz\u0119bia), Gromnik (Juras\u00f3wka), Ple\u015bna (Lubinka) und \u017begociny (Stoki Kamionnej) befinden sich Schlepplifte. Die hervorragenden Bedingungen und die sch\u00f6ne Umgebung verschaffen den Liebhabern der aktiven Erholung im Winter unvergessliche Eindr\u00fccke, die Sie dazu bringen hier wieder zu kommen.<\/p>\n<p>\u00a0<\/p>\n<p><b>Tarn\u00f3w<\/b><\/p> <img loading=\"lazy\" decoding=\"async\" width=\"400\" height=\"267\" class=\"size-medium alignright wp-image-25477\" src=\"http:\/\/www.it.tarnow.pl\/wp-content\/uploads\/2019\/02\/Sciana-wspinaczkowa-TOSIR-2012-17-400x267.jpg\" alt=\"\" srcset=\"https:\/\/www.it.tarnow.pl\/wp-content\/uploads\/2019\/02\/Sciana-wspinaczkowa-TOSIR-2012-17-400x267.jpg 400w, https:\/\/www.it.tarnow.pl\/wp-content\/uploads\/2019\/02\/Sciana-wspinaczkowa-TOSIR-2012-17-768x512.jpg 768w, https:\/\/www.it.tarnow.pl\/wp-content\/uploads\/2019\/02\/Sciana-wspinaczkowa-TOSIR-2012-17-650x433.jpg 650w, https:\/\/www.it.tarnow.pl\/wp-content\/uploads\/2019\/02\/Sciana-wspinaczkowa-TOSIR-2012-17-300x200.jpg 300w, https:\/\/www.it.tarnow.pl\/wp-content\/uploads\/2019\/02\/Sciana-wspinaczkowa-TOSIR-2012-17.jpg 800w\" sizes=\"auto, (max-width: 400px) 100vw, 400px\" \/><p>Tarn\u00f3w und die Tarnower Region ist auch ein hervorragender Ort f\u00fcr solche Menschen, die nicht sitzen bleiben k\u00f6nnen. Den J\u00fcngsten bieten wir ein Unterhaltungszentrum \u201eDas strahlende Schloss\u201c in Tarn\u00f3w an. Die \u00c4lteren laden wir zum Gokartrennen auf den Kartingstrecken, Quadfahrten, Bowling, oder zum Klettern auf einer der h\u00f6chsten Kletterwand Polens ein. Au\u00dferdem kann man in unserer Stadt Paintball spielen (unter freiem Himmel, oder in der Halle), oder Skateboard fahren in einem von vielen Skate Parks. Auf die Menschen, die gern schwimmen, warten Schwimmhallen und Freib\u00e4der. Im Winter stehen Ihnen zwei k\u00fcnstliche Schlittschuhbahnen zur Verf\u00fcgung. Man braucht eigene Schlittschuhe nicht zu haben, weil es bei jeder Eisbahnfl\u00e4che eine Verleihstelle gibt.<\/p>\n<p>\u00a0<\/p>","protected":false},"excerpt":{"rendered":"Erholung im Sattel und am Wasser Die Tarnower Region ist ein Gel\u00e4nde mit einem differenzierten Relief der Umgebung. Eine flache Landschaft im Norden steht im Gegensatz zu den Anh\u00f6hen im [&hellip;]","protected":false},"author":1,"featured_media":0,"parent":9792,"menu_order":383,"comment_status":"closed","ping_status":"closed","template":"","meta":{"_acf_changed":false,"footnotes":""},"tags":[],"class_list":["post-9825","page","type-page","status-publish","hentry"],"acf":{"in_menu":null,"show_date":null,"intro_text":"<img class=\"size-medium alignleft wp-image-25477\" src=\"http:\/\/www.it.tarnow.pl\/wp-content\/uploads\/2019\/02\/Sciana-wspinaczkowa-TOSIR-2012-17-400x267.jpg\" alt=\"\"><p>Laut einer polnischen Monatszeitschrift ist Tarn\u00f3w als die ges\u00fcndeste Stadt f\u00fcr die M\u00e4nner in Polen bekannt. Diese Einsch\u00e4tzung basiert auf dem Freizeitsportst\u00fctzpunkt der Stadt. Tarn\u00f3w und die Tarnower Region ist auch ein hervorragender Ort f\u00fcr solche Menschen, die nicht sitzen bleiben k\u00f6nnen.<\/p>","map":null},"yoast_head":"<!-- This site is optimized with the Yoast SEO Premium plugin v25.4 (Yoast SEO v25.4) - https:\/\/yoast.com\/wordpress\/plugins\/seo\/ -->\n<title>Aktiver Tourismus - Tarnowskie Centrum Informacji<\/title>\n<meta name=\"robots\" content=\"index, follow, max-snippet:-1, max-image-preview:large, max-video-preview:-1\" \/>\n<link rel=\"canonical\" href=\"https:\/\/www.it.tarnow.pl\/de\/es-ist-sehenswert\/aktiver-tourismus\/\" \/>\n<meta property=\"og:locale\" content=\"de_DE\" \/>\n<meta property=\"og:type\" content=\"article\" \/>\n<meta property=\"og:title\" content=\"Aktiver Tourismus\" \/>\n<meta property=\"og:description\" content=\"Erholung im Sattel und am Wasser Die Tarnower Region ist ein Gel\u00e4nde mit einem differenzierten Relief der Umgebung. Eine flache Landschaft im Norden steht im Gegensatz zu den Anh\u00f6hen im [&hellip;]\" \/>\n<meta property=\"og:url\" content=\"https:\/\/www.it.tarnow.pl\/de\/es-ist-sehenswert\/aktiver-tourismus\/\" \/>\n<meta property=\"og:site_name\" content=\"Tarnowskie Centrum Informacji\" \/>\n<meta property=\"article:modified_time\" content=\"2019-04-03T13:17:38+00:00\" \/>\n<meta property=\"og:image\" content=\"http:\/\/www.it.tarnow.pl\/wp-content\/uploads\/2019\/02\/konie-1-260x400.jpg\" \/>\n<meta name=\"twitter:card\" content=\"summary_large_image\" \/>\n<meta name=\"twitter:label1\" content=\"Gesch\u00e4tzte Lesezeit\" \/>\n\t<meta name=\"twitter:data1\" content=\"5\u00a0Minuten\" \/>\n<script type=\"application\/ld+json\" class=\"yoast-schema-graph\">{\"@context\":\"https:\/\/schema.org\",\"@graph\":[{\"@type\":\"WebPage\",\"@id\":\"https:\/\/www.it.tarnow.pl\/de\/es-ist-sehenswert\/aktiver-tourismus\/\",\"url\":\"https:\/\/www.it.tarnow.pl\/de\/es-ist-sehenswert\/aktiver-tourismus\/\",\"name\":\"Aktiver Tourismus - Tarnowskie Centrum Informacji\",\"isPartOf\":{\"@id\":\"https:\/\/www.it.tarnow.pl\/#website\"},\"primaryImageOfPage\":{\"@id\":\"https:\/\/www.it.tarnow.pl\/de\/es-ist-sehenswert\/aktiver-tourismus\/#primaryimage\"},\"image\":{\"@id\":\"https:\/\/www.it.tarnow.pl\/de\/es-ist-sehenswert\/aktiver-tourismus\/#primaryimage\"},\"thumbnailUrl\":\"http:\/\/www.it.tarnow.pl\/wp-content\/uploads\/2019\/02\/konie-1-260x400.jpg\",\"datePublished\":\"2013-04-12T11:58:38+00:00\",\"dateModified\":\"2019-04-03T13:17:38+00:00\",\"breadcrumb\":{\"@id\":\"https:\/\/www.it.tarnow.pl\/de\/es-ist-sehenswert\/aktiver-tourismus\/#breadcrumb\"},\"inLanguage\":\"de\",\"potentialAction\":[{\"@type\":\"ReadAction\",\"target\":[\"https:\/\/www.it.tarnow.pl\/de\/es-ist-sehenswert\/aktiver-tourismus\/\"]}]},{\"@type\":\"ImageObject\",\"inLanguage\":\"de\",\"@id\":\"https:\/\/www.it.tarnow.pl\/de\/es-ist-sehenswert\/aktiver-tourismus\/#primaryimage\",\"url\":\"http:\/\/www.it.tarnow.pl\/wp-content\/uploads\/2019\/02\/konie-1-260x400.jpg\",\"contentUrl\":\"http:\/\/www.it.tarnow.pl\/wp-content\/uploads\/2019\/02\/konie-1-260x400.jpg\"},{\"@type\":\"BreadcrumbList\",\"@id\":\"https:\/\/www.it.tarnow.pl\/de\/es-ist-sehenswert\/aktiver-tourismus\/#breadcrumb\",\"itemListElement\":[{\"@type\":\"ListItem\",\"position\":1,\"name\":\"Homepage\",\"item\":\"https:\/\/www.it.tarnow.pl\/de\/\"},{\"@type\":\"ListItem\",\"position\":2,\"name\":\"Es ist sehenswert\",\"item\":\"https:\/\/www.it.tarnow.pl\/de\/es-ist-sehenswert\/\"},{\"@type\":\"ListItem\",\"position\":3,\"name\":\"Aktiver Tourismus\"}]},{\"@type\":\"WebSite\",\"@id\":\"https:\/\/www.it.tarnow.pl\/#website\",\"url\":\"https:\/\/www.it.tarnow.pl\/\",\"name\":\"Tarnowskie Centrum Informacji\",\"description\":\"Informacja turystyczna o Tarnowie i regionie tarnowskim.\",\"potentialAction\":[{\"@type\":\"SearchAction\",\"target\":{\"@type\":\"EntryPoint\",\"urlTemplate\":\"https:\/\/www.it.tarnow.pl\/?s={search_term_string}\"},\"query-input\":{\"@type\":\"PropertyValueSpecification\",\"valueRequired\":true,\"valueName\":\"search_term_string\"}}],\"inLanguage\":\"de\"}]}<\/script>\n<!-- \/ Yoast SEO Premium plugin. -->","yoast_head_json":{"title":"Aktiver Tourismus - Tarnowskie Centrum Informacji","robots":{"index":"index","follow":"follow","max-snippet":"max-snippet:-1","max-image-preview":"max-image-preview:large","max-video-preview":"max-video-preview:-1"},"canonical":"https:\/\/www.it.tarnow.pl\/de\/es-ist-sehenswert\/aktiver-tourismus\/","og_locale":"de_DE","og_type":"article","og_title":"Aktiver Tourismus","og_description":"Erholung im Sattel und am Wasser Die Tarnower Region ist ein Gel\u00e4nde mit einem differenzierten Relief der Umgebung. Eine flache Landschaft im Norden steht im Gegensatz zu den Anh\u00f6hen im [&hellip;]","og_url":"https:\/\/www.it.tarnow.pl\/de\/es-ist-sehenswert\/aktiver-tourismus\/","og_site_name":"Tarnowskie Centrum Informacji","article_modified_time":"2019-04-03T13:17:38+00:00","og_image":[{"url":"http:\/\/www.it.tarnow.pl\/wp-content\/uploads\/2019\/02\/konie-1-260x400.jpg","type":"","width":"","height":""}],"twitter_card":"summary_large_image","twitter_misc":{"Gesch\u00e4tzte Lesezeit":"5\u00a0Minuten"},"schema":{"@context":"https:\/\/schema.org","@graph":[{"@type":"WebPage","@id":"https:\/\/www.it.tarnow.pl\/de\/es-ist-sehenswert\/aktiver-tourismus\/","url":"https:\/\/www.it.tarnow.pl\/de\/es-ist-sehenswert\/aktiver-tourismus\/","name":"Aktiver Tourismus - Tarnowskie Centrum Informacji","isPartOf":{"@id":"https:\/\/www.it.tarnow.pl\/#website"},"primaryImageOfPage":{"@id":"https:\/\/www.it.tarnow.pl\/de\/es-ist-sehenswert\/aktiver-tourismus\/#primaryimage"},"image":{"@id":"https:\/\/www.it.tarnow.pl\/de\/es-ist-sehenswert\/aktiver-tourismus\/#primaryimage"},"thumbnailUrl":"http:\/\/www.it.tarnow.pl\/wp-content\/uploads\/2019\/02\/konie-1-260x400.jpg","datePublished":"2013-04-12T11:58:38+00:00","dateModified":"2019-04-03T13:17:38+00:00","breadcrumb":{"@id":"https:\/\/www.it.tarnow.pl\/de\/es-ist-sehenswert\/aktiver-tourismus\/#breadcrumb"},"inLanguage":"de","potentialAction":[{"@type":"ReadAction","target":["https:\/\/www.it.tarnow.pl\/de\/es-ist-sehenswert\/aktiver-tourismus\/"]}]},{"@type":"ImageObject","inLanguage":"de","@id":"https:\/\/www.it.tarnow.pl\/de\/es-ist-sehenswert\/aktiver-tourismus\/#primaryimage","url":"http:\/\/www.it.tarnow.pl\/wp-content\/uploads\/2019\/02\/konie-1-260x400.jpg","contentUrl":"http:\/\/www.it.tarnow.pl\/wp-content\/uploads\/2019\/02\/konie-1-260x400.jpg"},{"@type":"BreadcrumbList","@id":"https:\/\/www.it.tarnow.pl\/de\/es-ist-sehenswert\/aktiver-tourismus\/#breadcrumb","itemListElement":[{"@type":"ListItem","position":1,"name":"Homepage","item":"https:\/\/www.it.tarnow.pl\/de\/"},{"@type":"ListItem","position":2,"name":"Es ist sehenswert","item":"https:\/\/www.it.tarnow.pl\/de\/es-ist-sehenswert\/"},{"@type":"ListItem","position":3,"name":"Aktiver Tourismus"}]},{"@type":"WebSite","@id":"https:\/\/www.it.tarnow.pl\/#website","url":"https:\/\/www.it.tarnow.pl\/","name":"Tarnowskie Centrum Informacji","description":"Informacja turystyczna o Tarnowie i regionie tarnowskim.","potentialAction":[{"@type":"SearchAction","target":{"@type":"EntryPoint","urlTemplate":"https:\/\/www.it.tarnow.pl\/?s={search_term_string}"},"query-input":{"@type":"PropertyValueSpecification","valueRequired":true,"valueName":"search_term_string"}}],"inLanguage":"de"}]}},"_links":{"self":[{"href":"https:\/\/www.it.tarnow.pl\/de\/wp-json\/wp\/v2\/pages\/9825","targetHints":{"allow":["GET"]}}],"collection":[{"href":"https:\/\/www.it.tarnow.pl\/de\/wp-json\/wp\/v2\/pages"}],"about":[{"href":"https:\/\/www.it.tarnow.pl\/de\/wp-json\/wp\/v2\/types\/page"}],"author":[{"embeddable":true,"href":"https:\/\/www.it.tarnow.pl\/de\/wp-json\/wp\/v2\/users\/1"}],"replies":[{"embeddable":true,"href":"https:\/\/www.it.tarnow.pl\/de\/wp-json\/wp\/v2\/comments?post=9825"}],"version-history":[{"count":0,"href":"https:\/\/www.it.tarnow.pl\/de\/wp-json\/wp\/v2\/pages\/9825\/revisions"}],"up":[{"embeddable":true,"href":"https:\/\/www.it.tarnow.pl\/de\/wp-json\/wp\/v2\/pages\/9792"}],"wp:attachment":[{"href":"https:\/\/www.it.tarnow.pl\/de\/wp-json\/wp\/v2\/media?parent=9825"}],"wp:term":[{"taxonomy":"post_tag","embeddable":true,"href":"https:\/\/www.it.tarnow.pl\/de\/wp-json\/wp\/v2\/tags?post=9825"}],"curies":[{"name":"wp","href":"https:\/\/api.w.org\/{rel}","templated":true}]}}