{"id":9823,"date":"2010-08-12T15:42:25","date_gmt":"2010-08-12T13:42:25","guid":{"rendered":"http:\/\/www.it.tarnow.pl\/die-sehenswurdigkeiten-der-judischen-kultur\/"},"modified":"2019-04-03T15:17:35","modified_gmt":"2019-04-03T13:17:35","slug":"die-sehenswurdigkeiten-der-judischen-kultur","status":"publish","type":"page","link":"https:\/\/www.it.tarnow.pl\/de\/es-ist-sehenswert\/die-sehenswurdigkeiten-der-judischen-kultur\/","title":{"rendered":"Die Sehensw\u00fcrdigkeiten der j\u00fcdischen Kultur"},"content":{"rendered":"<img loading=\"lazy\" decoding=\"async\" width=\"400\" height=\"300\" class=\"size-medium alignright wp-image-21376\" src=\"http:\/\/www.it.tarnow.pl\/wp-content\/uploads\/2019\/02\/TARNOW-Cmentarz-zydowski-03-400x300.jpg\" alt=\"\" srcset=\"https:\/\/www.it.tarnow.pl\/wp-content\/uploads\/2019\/02\/TARNOW-Cmentarz-zydowski-03-400x300.jpg 400w, https:\/\/www.it.tarnow.pl\/wp-content\/uploads\/2019\/02\/TARNOW-Cmentarz-zydowski-03-768x576.jpg 768w, https:\/\/www.it.tarnow.pl\/wp-content\/uploads\/2019\/02\/TARNOW-Cmentarz-zydowski-03-650x488.jpg 650w, https:\/\/www.it.tarnow.pl\/wp-content\/uploads\/2019\/02\/TARNOW-Cmentarz-zydowski-03-300x225.jpg 300w, https:\/\/www.it.tarnow.pl\/wp-content\/uploads\/2019\/02\/TARNOW-Cmentarz-zydowski-03.jpg 1024w\" sizes=\"auto, (max-width: 400px) 100vw, 400px\" \/><p>\u2192 <a href=\"http:\/\/www.it.tarnow.pl\/de\/es-ist-sehenswert\/tarnow-13\/sehenswurdigkeiten-der-judischen-kultur\/\"><b>Tarn\u00f3w<\/b><\/a>\n<\/p>\n<p>\u00a0<\/p>\n<p><b>Baczk\u00f3w<\/b> &#8211; Am Rande des Niepo\u0142omicki Urwaldes befindet sich ein Grabdenkmal zum Gedenken an von Deutschen ermordeten Menschen haupts\u00e4chlich \u00c4ltere und Kinder im Rahmen einer Aussiedlungsaktion. F\u00fcnf Betonplatten bedecken ihre Grabdenkm\u00e4ler. In der mittleren hat man eine senkrecht stehende Stele errichtet in der Form von Mazzeva, versehen mit polnischen und hebr\u00e4ischen Inschriften.<\/p>\n<p> <b>Bobowa<\/b> &#8211; eines der Zentren der chassidischen Religion . Hier finden wir eine gut erhaltene Mauersynagoge aus der H\u00e4lfte des 18. Jahrhundert. Es gibt hier auch einen Friedhof mit teilweise erhaltenen Grabdenkm\u00e4lern und ein paar Gedenktafel.<\/p>\n<p> <b>Bochnia<\/b> &#8211; ein gut erhaltener Friedhof aus dem Jahre 1872, unvollendete Synagoge, die in eine Bank umgewandelt wurde. Aus dem ganzen Komplex ist das Gefl\u00fcgelschlachthofgeb\u00e4ude erhalten geblieben, wo es heute Wohnungen gibt, das hiesige Museum namens S. Fischer stellt eine Dauerausstellung der j\u00fcdischen Kultur dar.<\/p>\n<p> <b>Brzesko<\/b> &#8211; hier finden wir wieder einen gut erhaltenen Friedhof mit wertvollen Grabsteinen wie: Ohelim und Mazzeva. Au\u00dferdem befindet sich hier ein j\u00fcdisches Gemeindehaus, die ehemalige Synagoge und das Badehaus. Heute sind es kulturelle Objekte.<\/p>\n<p> <b>Brzostek<\/b> &#8211; im Geb\u00e4ude, wo sich heute das Internat befindet, gab es fr\u00fcher eine Synagoge.<\/p>\n<p> <b>D\u0105browa Tarnowska<\/b> &#8211; in der Stadt fanden j\u00fcdische Versammlungen (&#8220; waad&#8220;) statt. Bis heute ist der Friedhof mit einigen Grabsteinen erhalten geblieben, eine verfallene Synagoge mit \u00dcberresten nach sch\u00f6nen Malereien und noch bis heute als Museum erhalten privates Gebetshaus. <\/p>\n<p> <b>D\u0119bica<\/b> &#8211; der Friedhof mit einem neuen Grabdenkmal f\u00fcr die Naziopfer.<\/p>\n<p> <b>Nowy Wi\u015bnicz<\/b> &#8211; der Friedhof aus dem Anfang des 17. Jahrhundert, der \u00e4lteste nach dem Tarnower Friedhof.. Einige wertvolle Grabsteine (Mazzeva) mit einer interessanten Ornamentik sind erhalten geblieben.<\/p>\n<p> <b>Pilzno<\/b> &#8211; ein v\u00f6llig zerst\u00f6rter Friedhof, Grabsteine von Naziopfern.<\/p>\n<p> <b>Radomy\u015bl Wielki<\/b> &#8211; au\u00dfer dem zerst\u00f6rten Friedhof aus dem 19. Jahrhundert kann man ein regionales Haus mit j\u00fcdischer Sammlung besichtigen.<\/p>\n<p> <b>Rzepiennik Strzy\u017cewski<\/b> &#8211; ein v\u00f6llig zerst\u00f6rter Friedhof<\/p>\n<p> <b>Szczucin<\/b> &#8211; ein mit einem Wald bedeckter zerst\u00f6rter Friedhof.<\/p>\n<p> <b>Zakliczyn<\/b> &#8211; ein eher untypischer Friedhof, angelegt durch die \u00f6sterreichische Armee. An der Pi\u0142sudski- Stra\u00dfe befindet sich ein Rabi Haus, wo Juden manchmal Gebete verrichtet haben.<\/p>\n<p> <b>Zbylitowska G\u00f3ra<\/b> &#8211; hier in dem Wald Buczyna finden wir ein Grabdenkmal zum Gedenken an 6 Tausend ermordeten Tarnower Juden, darunter ein markiertes Grab von 800 get\u00f6teten Kindern.<\/p>\n<p> <b>\u017babno<\/b> &#8211; auf dem hier befindlichen Friedhof sind viele Grabdenkm\u00e4ler erhalten geblieben.<\/p>","protected":false},"excerpt":{"rendered":"\u2192 Tarn\u00f3w \u00a0 Baczk\u00f3w &#8211; Am Rande des Niepo\u0142omicki Urwaldes befindet sich ein Grabdenkmal zum Gedenken an von Deutschen ermordeten Menschen haupts\u00e4chlich \u00c4ltere und Kinder im Rahmen einer Aussiedlungsaktion. F\u00fcnf [&hellip;]","protected":false},"author":1,"featured_media":0,"parent":9792,"menu_order":322,"comment_status":"closed","ping_status":"closed","template":"","meta":{"_acf_changed":false,"footnotes":""},"tags":[],"class_list":["post-9823","page","type-page","status-publish","hentry"],"acf":{"in_menu":null,"show_date":null,"intro_text":"<img class=\"size-medium alignleft wp-image-21376\" src=\"http:\/\/www.it.tarnow.pl\/wp-content\/uploads\/2019\/02\/TARNOW-Cmentarz-zydowski-03-400x300.jpg\" alt=\"\"><p><b>Baczk\u00f3w<\/b> - Am Rande des Niepo\u0142omicki Urwaldes befindet sich ein Grabdenkmal zum Gedenken an von Deutschen ermordeten Menschen haupts\u00e4chlich \u00c4ltere und Kinder im Rahmen einer Aussiedlungsaktion. F\u00fcnf Betonplatten bedecken ihre Grabdenkm\u00e4ler. In der mittleren hat man eine senkrecht stehende Stele errichtet in der Form von Mazzeva, versehen mit polnischen und hebr\u00e4ischen Inschriften.<\/p>\n<p> <b>Bobowa<\/b> - eines der Zentren der chassidischen Religion . Hier finden wir eine gut erhaltene Mauersynagoge aus der H\u00e4lfte des 18. Jahrhundert. Es gibt hier auch einen Friedhof mit teilweise erhaltenen Grabdenkm\u00e4lern und ein paar Gedenktafel...<\/p>","map":null},"yoast_head":"<!-- This site is optimized with the Yoast SEO Premium plugin v25.4 (Yoast SEO v25.4) - https:\/\/yoast.com\/wordpress\/plugins\/seo\/ -->\n<title>Die Sehensw\u00fcrdigkeiten der j\u00fcdischen Kultur - Tarnowskie Centrum Informacji<\/title>\n<meta name=\"robots\" content=\"index, follow, max-snippet:-1, max-image-preview:large, max-video-preview:-1\" \/>\n<link rel=\"canonical\" href=\"https:\/\/www.it.tarnow.pl\/de\/es-ist-sehenswert\/die-sehenswurdigkeiten-der-judischen-kultur\/\" \/>\n<meta property=\"og:locale\" content=\"de_DE\" \/>\n<meta property=\"og:type\" content=\"article\" \/>\n<meta property=\"og:title\" content=\"Die Sehensw\u00fcrdigkeiten der j\u00fcdischen Kultur\" \/>\n<meta property=\"og:description\" content=\"\u2192 Tarn\u00f3w \u00a0 Baczk\u00f3w &#8211; Am Rande des Niepo\u0142omicki Urwaldes befindet sich ein Grabdenkmal zum Gedenken an von Deutschen ermordeten Menschen haupts\u00e4chlich \u00c4ltere und Kinder im Rahmen einer Aussiedlungsaktion. F\u00fcnf [&hellip;]\" \/>\n<meta property=\"og:url\" content=\"https:\/\/www.it.tarnow.pl\/de\/es-ist-sehenswert\/die-sehenswurdigkeiten-der-judischen-kultur\/\" \/>\n<meta property=\"og:site_name\" content=\"Tarnowskie Centrum Informacji\" \/>\n<meta property=\"article:modified_time\" content=\"2019-04-03T13:17:35+00:00\" \/>\n<meta property=\"og:image\" content=\"http:\/\/www.it.tarnow.pl\/wp-content\/uploads\/2019\/02\/TARNOW-Cmentarz-zydowski-03-400x300.jpg\" \/>\n<meta name=\"twitter:card\" content=\"summary_large_image\" \/>\n<meta name=\"twitter:label1\" content=\"Gesch\u00e4tzte Lesezeit\" \/>\n\t<meta name=\"twitter:data1\" content=\"2\u00a0Minuten\" \/>\n<script type=\"application\/ld+json\" class=\"yoast-schema-graph\">{\"@context\":\"https:\/\/schema.org\",\"@graph\":[{\"@type\":\"WebPage\",\"@id\":\"https:\/\/www.it.tarnow.pl\/de\/es-ist-sehenswert\/die-sehenswurdigkeiten-der-judischen-kultur\/\",\"url\":\"https:\/\/www.it.tarnow.pl\/de\/es-ist-sehenswert\/die-sehenswurdigkeiten-der-judischen-kultur\/\",\"name\":\"Die Sehensw\u00fcrdigkeiten der j\u00fcdischen Kultur - Tarnowskie Centrum Informacji\",\"isPartOf\":{\"@id\":\"https:\/\/www.it.tarnow.pl\/#website\"},\"primaryImageOfPage\":{\"@id\":\"https:\/\/www.it.tarnow.pl\/de\/es-ist-sehenswert\/die-sehenswurdigkeiten-der-judischen-kultur\/#primaryimage\"},\"image\":{\"@id\":\"https:\/\/www.it.tarnow.pl\/de\/es-ist-sehenswert\/die-sehenswurdigkeiten-der-judischen-kultur\/#primaryimage\"},\"thumbnailUrl\":\"http:\/\/www.it.tarnow.pl\/wp-content\/uploads\/2019\/02\/TARNOW-Cmentarz-zydowski-03-400x300.jpg\",\"datePublished\":\"2010-08-12T13:42:25+00:00\",\"dateModified\":\"2019-04-03T13:17:35+00:00\",\"breadcrumb\":{\"@id\":\"https:\/\/www.it.tarnow.pl\/de\/es-ist-sehenswert\/die-sehenswurdigkeiten-der-judischen-kultur\/#breadcrumb\"},\"inLanguage\":\"de\",\"potentialAction\":[{\"@type\":\"ReadAction\",\"target\":[\"https:\/\/www.it.tarnow.pl\/de\/es-ist-sehenswert\/die-sehenswurdigkeiten-der-judischen-kultur\/\"]}]},{\"@type\":\"ImageObject\",\"inLanguage\":\"de\",\"@id\":\"https:\/\/www.it.tarnow.pl\/de\/es-ist-sehenswert\/die-sehenswurdigkeiten-der-judischen-kultur\/#primaryimage\",\"url\":\"http:\/\/www.it.tarnow.pl\/wp-content\/uploads\/2019\/02\/TARNOW-Cmentarz-zydowski-03-400x300.jpg\",\"contentUrl\":\"http:\/\/www.it.tarnow.pl\/wp-content\/uploads\/2019\/02\/TARNOW-Cmentarz-zydowski-03-400x300.jpg\"},{\"@type\":\"BreadcrumbList\",\"@id\":\"https:\/\/www.it.tarnow.pl\/de\/es-ist-sehenswert\/die-sehenswurdigkeiten-der-judischen-kultur\/#breadcrumb\",\"itemListElement\":[{\"@type\":\"ListItem\",\"position\":1,\"name\":\"Homepage\",\"item\":\"https:\/\/www.it.tarnow.pl\/de\/\"},{\"@type\":\"ListItem\",\"position\":2,\"name\":\"Es ist sehenswert\",\"item\":\"https:\/\/www.it.tarnow.pl\/de\/es-ist-sehenswert\/\"},{\"@type\":\"ListItem\",\"position\":3,\"name\":\"Die Sehensw\u00fcrdigkeiten der j\u00fcdischen Kultur\"}]},{\"@type\":\"WebSite\",\"@id\":\"https:\/\/www.it.tarnow.pl\/#website\",\"url\":\"https:\/\/www.it.tarnow.pl\/\",\"name\":\"Tarnowskie Centrum Informacji\",\"description\":\"Informacja turystyczna o Tarnowie i regionie tarnowskim.\",\"potentialAction\":[{\"@type\":\"SearchAction\",\"target\":{\"@type\":\"EntryPoint\",\"urlTemplate\":\"https:\/\/www.it.tarnow.pl\/?s={search_term_string}\"},\"query-input\":{\"@type\":\"PropertyValueSpecification\",\"valueRequired\":true,\"valueName\":\"search_term_string\"}}],\"inLanguage\":\"de\"}]}<\/script>\n<!-- \/ Yoast SEO Premium plugin. -->","yoast_head_json":{"title":"Die Sehensw\u00fcrdigkeiten der j\u00fcdischen Kultur - Tarnowskie Centrum Informacji","robots":{"index":"index","follow":"follow","max-snippet":"max-snippet:-1","max-image-preview":"max-image-preview:large","max-video-preview":"max-video-preview:-1"},"canonical":"https:\/\/www.it.tarnow.pl\/de\/es-ist-sehenswert\/die-sehenswurdigkeiten-der-judischen-kultur\/","og_locale":"de_DE","og_type":"article","og_title":"Die Sehensw\u00fcrdigkeiten der j\u00fcdischen Kultur","og_description":"\u2192 Tarn\u00f3w \u00a0 Baczk\u00f3w &#8211; Am Rande des Niepo\u0142omicki Urwaldes befindet sich ein Grabdenkmal zum Gedenken an von Deutschen ermordeten Menschen haupts\u00e4chlich \u00c4ltere und Kinder im Rahmen einer Aussiedlungsaktion. F\u00fcnf [&hellip;]","og_url":"https:\/\/www.it.tarnow.pl\/de\/es-ist-sehenswert\/die-sehenswurdigkeiten-der-judischen-kultur\/","og_site_name":"Tarnowskie Centrum Informacji","article_modified_time":"2019-04-03T13:17:35+00:00","og_image":[{"url":"http:\/\/www.it.tarnow.pl\/wp-content\/uploads\/2019\/02\/TARNOW-Cmentarz-zydowski-03-400x300.jpg","type":"","width":"","height":""}],"twitter_card":"summary_large_image","twitter_misc":{"Gesch\u00e4tzte Lesezeit":"2\u00a0Minuten"},"schema":{"@context":"https:\/\/schema.org","@graph":[{"@type":"WebPage","@id":"https:\/\/www.it.tarnow.pl\/de\/es-ist-sehenswert\/die-sehenswurdigkeiten-der-judischen-kultur\/","url":"https:\/\/www.it.tarnow.pl\/de\/es-ist-sehenswert\/die-sehenswurdigkeiten-der-judischen-kultur\/","name":"Die Sehensw\u00fcrdigkeiten der j\u00fcdischen Kultur - Tarnowskie Centrum Informacji","isPartOf":{"@id":"https:\/\/www.it.tarnow.pl\/#website"},"primaryImageOfPage":{"@id":"https:\/\/www.it.tarnow.pl\/de\/es-ist-sehenswert\/die-sehenswurdigkeiten-der-judischen-kultur\/#primaryimage"},"image":{"@id":"https:\/\/www.it.tarnow.pl\/de\/es-ist-sehenswert\/die-sehenswurdigkeiten-der-judischen-kultur\/#primaryimage"},"thumbnailUrl":"http:\/\/www.it.tarnow.pl\/wp-content\/uploads\/2019\/02\/TARNOW-Cmentarz-zydowski-03-400x300.jpg","datePublished":"2010-08-12T13:42:25+00:00","dateModified":"2019-04-03T13:17:35+00:00","breadcrumb":{"@id":"https:\/\/www.it.tarnow.pl\/de\/es-ist-sehenswert\/die-sehenswurdigkeiten-der-judischen-kultur\/#breadcrumb"},"inLanguage":"de","potentialAction":[{"@type":"ReadAction","target":["https:\/\/www.it.tarnow.pl\/de\/es-ist-sehenswert\/die-sehenswurdigkeiten-der-judischen-kultur\/"]}]},{"@type":"ImageObject","inLanguage":"de","@id":"https:\/\/www.it.tarnow.pl\/de\/es-ist-sehenswert\/die-sehenswurdigkeiten-der-judischen-kultur\/#primaryimage","url":"http:\/\/www.it.tarnow.pl\/wp-content\/uploads\/2019\/02\/TARNOW-Cmentarz-zydowski-03-400x300.jpg","contentUrl":"http:\/\/www.it.tarnow.pl\/wp-content\/uploads\/2019\/02\/TARNOW-Cmentarz-zydowski-03-400x300.jpg"},{"@type":"BreadcrumbList","@id":"https:\/\/www.it.tarnow.pl\/de\/es-ist-sehenswert\/die-sehenswurdigkeiten-der-judischen-kultur\/#breadcrumb","itemListElement":[{"@type":"ListItem","position":1,"name":"Homepage","item":"https:\/\/www.it.tarnow.pl\/de\/"},{"@type":"ListItem","position":2,"name":"Es ist sehenswert","item":"https:\/\/www.it.tarnow.pl\/de\/es-ist-sehenswert\/"},{"@type":"ListItem","position":3,"name":"Die Sehensw\u00fcrdigkeiten der j\u00fcdischen Kultur"}]},{"@type":"WebSite","@id":"https:\/\/www.it.tarnow.pl\/#website","url":"https:\/\/www.it.tarnow.pl\/","name":"Tarnowskie Centrum Informacji","description":"Informacja turystyczna o Tarnowie i regionie tarnowskim.","potentialAction":[{"@type":"SearchAction","target":{"@type":"EntryPoint","urlTemplate":"https:\/\/www.it.tarnow.pl\/?s={search_term_string}"},"query-input":{"@type":"PropertyValueSpecification","valueRequired":true,"valueName":"search_term_string"}}],"inLanguage":"de"}]}},"_links":{"self":[{"href":"https:\/\/www.it.tarnow.pl\/de\/wp-json\/wp\/v2\/pages\/9823","targetHints":{"allow":["GET"]}}],"collection":[{"href":"https:\/\/www.it.tarnow.pl\/de\/wp-json\/wp\/v2\/pages"}],"about":[{"href":"https:\/\/www.it.tarnow.pl\/de\/wp-json\/wp\/v2\/types\/page"}],"author":[{"embeddable":true,"href":"https:\/\/www.it.tarnow.pl\/de\/wp-json\/wp\/v2\/users\/1"}],"replies":[{"embeddable":true,"href":"https:\/\/www.it.tarnow.pl\/de\/wp-json\/wp\/v2\/comments?post=9823"}],"version-history":[{"count":0,"href":"https:\/\/www.it.tarnow.pl\/de\/wp-json\/wp\/v2\/pages\/9823\/revisions"}],"up":[{"embeddable":true,"href":"https:\/\/www.it.tarnow.pl\/de\/wp-json\/wp\/v2\/pages\/9792"}],"wp:attachment":[{"href":"https:\/\/www.it.tarnow.pl\/de\/wp-json\/wp\/v2\/media?parent=9823"}],"wp:term":[{"taxonomy":"post_tag","embeddable":true,"href":"https:\/\/www.it.tarnow.pl\/de\/wp-json\/wp\/v2\/tags?post=9823"}],"curies":[{"name":"wp","href":"https:\/\/api.w.org\/{rel}","templated":true}]}}