{"id":9822,"date":"2010-08-12T15:18:10","date_gmt":"2010-08-12T13:18:10","guid":{"rendered":"http:\/\/www.it.tarnow.pl\/ethnographie-das-volk\/"},"modified":"2019-04-16T15:16:39","modified_gmt":"2019-04-16T13:16:39","slug":"ethnographie-das-volk","status":"publish","type":"page","link":"https:\/\/www.it.tarnow.pl\/de\/es-ist-sehenswert\/ethnographie-das-volk\/","title":{"rendered":"Ethnographie &amp; das Volk"},"content":{"rendered":"<img loading=\"lazy\" decoding=\"async\" width=\"400\" height=\"300\" class=\"size-medium alignleft wp-image-22480\" src=\"http:\/\/www.it.tarnow.pl\/wp-content\/uploads\/2019\/02\/Zalipie-Malowana-Wies-7-400x300.jpg\" alt=\"\" srcset=\"https:\/\/www.it.tarnow.pl\/wp-content\/uploads\/2019\/02\/Zalipie-Malowana-Wies-7-400x300.jpg 400w, https:\/\/www.it.tarnow.pl\/wp-content\/uploads\/2019\/02\/Zalipie-Malowana-Wies-7-768x576.jpg 768w, https:\/\/www.it.tarnow.pl\/wp-content\/uploads\/2019\/02\/Zalipie-Malowana-Wies-7-650x488.jpg 650w, https:\/\/www.it.tarnow.pl\/wp-content\/uploads\/2019\/02\/Zalipie-Malowana-Wies-7-300x225.jpg 300w, https:\/\/www.it.tarnow.pl\/wp-content\/uploads\/2019\/02\/Zalipie-Malowana-Wies-7.jpg 1024w\" sizes=\"auto, (max-width: 400px) 100vw, 400px\" \/>\r\n\r\nW\u00e4hrend wir in einer Welt leben, die sich schnell ver\u00e4ndert, suchen wir nach der Weisheit und dem Wissen unserer Urahnen. Es gibt viele Orte der Tarnowischen Region, in denen die Br\u00e4uche und Gewohnheiten der Vergangenheit immernoch gelebt werden. Am Palmsonntag (der Sonntag, eine Woche vor Ostern) findet der Palmen-Wettbewerb in Lipnica Murowana statt. Handgemachte Palmen reichen bis zu 38 Metern in die H\u00f6he. Es gibt auch ein &#8222;bemaltes Dorf&#8220; in Zalipie; eine Pr\u00e4sentation, die die traditionale Art Brot zu backen zeigt, kann in Jastrzebia besucht werden, in der N\u00e4he von Ciezkowice; eine einzigartge Ausstellung der Geschichte und Kultur der Zigeuner, welche die einzige dieser Art in Europa ist, kann man im Ethnographischen Museum in Tarnow bewundern.\r\n\r\n<img loading=\"lazy\" decoding=\"async\" width=\"400\" height=\"300\" class=\"size-medium alignright wp-image-21203\" src=\"http:\/\/www.it.tarnow.pl\/wp-content\/uploads\/2019\/02\/TARNOW-Muzeum-Etnograficzne-400x300.jpg\" alt=\"\" srcset=\"https:\/\/www.it.tarnow.pl\/wp-content\/uploads\/2019\/02\/TARNOW-Muzeum-Etnograficzne-400x300.jpg 400w, https:\/\/www.it.tarnow.pl\/wp-content\/uploads\/2019\/02\/TARNOW-Muzeum-Etnograficzne-768x576.jpg 768w, https:\/\/www.it.tarnow.pl\/wp-content\/uploads\/2019\/02\/TARNOW-Muzeum-Etnograficzne-650x488.jpg 650w, https:\/\/www.it.tarnow.pl\/wp-content\/uploads\/2019\/02\/TARNOW-Muzeum-Etnograficzne-300x225.jpg 300w, https:\/\/www.it.tarnow.pl\/wp-content\/uploads\/2019\/02\/TARNOW-Muzeum-Etnograficzne.jpg 1024w\" sizes=\"auto, (max-width: 400px) 100vw, 400px\" \/>\r\n\r\n<b>Das Ethnographische Museum in Tarnow<\/b> befindet sich in einem Herrenhaus, das auf die Wende zwischen dem 18. und dem 19. Jh. zur\u00fcckdatiert. Die in Europa einzige permanente Austellung der Geschichte und Kultur der Zigeuner wird hier pr\u00e4sentiert.\r\n\r\n<img loading=\"lazy\" decoding=\"async\" width=\"178\" height=\"240\" class=\"size-medium alignleft wp-image-21193\" src=\"http:\/\/www.it.tarnow.pl\/wp-content\/uploads\/2019\/02\/P4138248m.jpg\" alt=\"\" \/>\r\n\r\n<b>Lipnica Murowana<\/b>, das kleine Dorf mit dem mittelalterlichen st\u00e4dtischen Aufbau ist ber\u00fchmt f\u00fcr den j\u00e4hrlichen Osterpalmen- Wettbewerb. Die gr\u00f6ssten Palmen sind fast 38 Meter hoch.\r\n\r\n<b>Bobowa<\/b> ist eine der \u00e4ltesten Ansiedlungen am Flusstal der Biala. Es ist ber\u00fchmt f\u00fcr seine reichhaltige Folklore und die auffallende Bastelarbeit. Die Frauen in Bobowa \u00fcben die Kunst der Kl\u00f6ppelarbeit seit Hunderten von Jahren aus. Es gibt keinen anderen Ort in Polen, in dem diese Kunst so ausgedehnt praktiziert wird. Jedes Jahr in der ersten Oktoberwoche findet hier das Internationale Festival der Kl\u00f6ppelarbeit statt.\r\n\r\n<b>Das farbige Zalipie<\/b>\r\n\r\n<img loading=\"lazy\" decoding=\"async\" width=\"400\" height=\"300\" class=\"size-medium alignright wp-image-21106\" src=\"http:\/\/www.it.tarnow.pl\/wp-content\/uploads\/2019\/02\/Zalipie-Malowana-Wies-4-400x300.jpg\" alt=\"\" srcset=\"https:\/\/www.it.tarnow.pl\/wp-content\/uploads\/2019\/02\/Zalipie-Malowana-Wies-4-400x300.jpg 400w, https:\/\/www.it.tarnow.pl\/wp-content\/uploads\/2019\/02\/Zalipie-Malowana-Wies-4-768x576.jpg 768w, https:\/\/www.it.tarnow.pl\/wp-content\/uploads\/2019\/02\/Zalipie-Malowana-Wies-4-650x488.jpg 650w, https:\/\/www.it.tarnow.pl\/wp-content\/uploads\/2019\/02\/Zalipie-Malowana-Wies-4-300x225.jpg 300w, https:\/\/www.it.tarnow.pl\/wp-content\/uploads\/2019\/02\/Zalipie-Malowana-Wies-4.jpg 1024w\" sizes=\"auto, (max-width: 400px) 100vw, 400px\" \/>\r\n\r\nNord &#8211; westlich von Tarnow, wo sich die Fl\u00fcsse Duajec und Vistula treffen, kann man eine der interessantesten ethnogaphischen Mikroregionen in Polen, mit dem Dorf Zalapie in der Mitte, bewundern. Zalapie und die umliegenden D\u00f6rfer sind sehr bekannt durch ihre bemalten H\u00fctten. Die Tradition vom Dekorieren der inneren sowie der aeusseren Hausw\u00e4nde kam am Ende des 19. Jhs. auf; als Heizoefen ohne Kamine anfingen zu verschwinden und der Rauch direkt durch den Kamin zog ohne die weissen W\u00e4nde schwarz zu f\u00e4rben. In den Zeiten, als das Innere der Behausungen dunkel war vom Russ, der sich an den W\u00e4nden angesammet hat, versuchten Frauen und M\u00e4dchen sie durch das Dekorieren der W\u00e4nde mit hellen Kalkflecken aufzuhellen. Sp\u00e4ter wurden sie in einfache Blumen geformt und als so wie die Zeit verflog, gibt es jetzt sogar m\u00e4rchenhafte Blumenstr\u00e4usse.\r\n\r\n<img loading=\"lazy\" decoding=\"async\" width=\"300\" height=\"400\" class=\"size-medium alignright wp-image-25179\" src=\"http:\/\/www.it.tarnow.pl\/wp-content\/uploads\/2019\/02\/Zalipie-Malowana-Wies-3-300x400.jpg\" alt=\"\" srcset=\"https:\/\/www.it.tarnow.pl\/wp-content\/uploads\/2019\/02\/Zalipie-Malowana-Wies-3-300x400.jpg 300w, https:\/\/www.it.tarnow.pl\/wp-content\/uploads\/2019\/02\/Zalipie-Malowana-Wies-3.jpg 768w, https:\/\/www.it.tarnow.pl\/wp-content\/uploads\/2019\/02\/Zalipie-Malowana-Wies-3-488x650.jpg 488w, https:\/\/www.it.tarnow.pl\/wp-content\/uploads\/2019\/02\/Zalipie-Malowana-Wies-3-225x300.jpg 225w\" sizes=\"auto, (max-width: 300px) 100vw, 300px\" \/>\r\n\r\nFrauen dekorierten vor allem die weissen Kachel\u00f6fen mit diesen Blumenkompositionen. Sie setzten die Girlanden der Blumen unter Gem\u00e4lde, um die Fenster und um Tueren herum. Sp\u00e4ter fingen sie an die Aussenw\u00e4nde der H\u00fctten zu dekorieren. Am Anfang bestanden die Ornamente an den W\u00e4nden vorwiegend aus geometrischen Figuren: Punkte, Kurven, Zick- Zacks, geschwungene Linien usw. Urspr\u00fcnglich wurden sehr einfache und leicht erh\u00e4ltliche Materialien wie: brauner Lehm, Russ und Kalk benutzt. Als Binder wurde Milch, Zucker oder Eier genommen. Es war \u00fcblich, dass Frauen die B\u00fcrsten selbst aus Heu oder kleinere B\u00fcrsten aus Pferdehaar, Kuhleder oder Menschenhaar herstellten. Einige Artisten benutzten immer noch diese B\u00fcrsten vor einigen Jahren. Im Jahre 1905, liess sich ein Angestellter aus Krakow, Wladyslaw Hickel, sehr stark von den Dekorationen der Zalipian H\u00fctten faszinieren und war der erste, der einen Artikel dar\u00fcber in einer ethnographischen Zeitschrift &#8220; Lud&#8220; veroeffentlichte. Vor dem Zweiten Weltkrieg bewirkte das Interesse der Ethnographen an diesem Phenom\u00e4n das Schaffen eines Raumes \u00fcber Zalipie in dem Ethnographischen Museum in Krakow.\r\n\r\n<img loading=\"lazy\" decoding=\"async\" width=\"400\" height=\"300\" class=\"size-medium alignright wp-image-25184\" src=\"http:\/\/www.it.tarnow.pl\/wp-content\/uploads\/2019\/02\/Zalipie-Malowana-Wies-8-400x300.jpg\" alt=\"\" srcset=\"https:\/\/www.it.tarnow.pl\/wp-content\/uploads\/2019\/02\/Zalipie-Malowana-Wies-8-400x300.jpg 400w, https:\/\/www.it.tarnow.pl\/wp-content\/uploads\/2019\/02\/Zalipie-Malowana-Wies-8-768x576.jpg 768w, https:\/\/www.it.tarnow.pl\/wp-content\/uploads\/2019\/02\/Zalipie-Malowana-Wies-8-650x488.jpg 650w, https:\/\/www.it.tarnow.pl\/wp-content\/uploads\/2019\/02\/Zalipie-Malowana-Wies-8-300x225.jpg 300w, https:\/\/www.it.tarnow.pl\/wp-content\/uploads\/2019\/02\/Zalipie-Malowana-Wies-8.jpg 1024w\" sizes=\"auto, (max-width: 400px) 100vw, 400px\" \/>\r\n\r\nNach dem Zweiten Weltkrieg verschwand diese Form der Kunst langsam und es war der Verdienst der Ethnographen, die der Kunst wieder zum Leben verhalfen. In 1948 gab es die ersten Wettbewerbe im Hausbemalen, anfangs nur alle paar Jahre, sp\u00e4ter dann nach 1965 j\u00e4hrlich. Neben Zalipie kann man die bemalten H\u00e4user in vielen umliegenden Doerfern finden, doch aufgrund der hohen Bev\u00f6lkerung dieses Dorfes und des telentierten Malers Felicja Curylo (1904- 1974), ist es das Ber\u00fchmteste. Selbst heute ist Zalipie der Ort, wo man die meisten bemalten H\u00e4user findet: mehr als zwanzig; einzelne H\u00fctten kann man in Cwikow sehen, Klyz, Kuzie, Niwki, Podlipie oder Samocice sehen. Der Unterschied zu den H\u00e4usern in Zalipie ist, dass sie viel einfacher und altert\u00fcmlicher sind.\r\nDie Talente der Dorfk\u00fcnstler halten sie nicht auf, alleine W\u00e4nde zu bemalen. Sie machen wundersch\u00f6ne dekorative Bl\u00e4tter, bestickte und bemalte Ornamente an: Tischdecken, Sch\u00fcrzen, Kimms, Glas, usw. Touristen k\u00f6nnen im Malerhaus (Dom Malarek) Souvniere kaufen. F\u00fcr Touristen, die dieses Dorf besichtigen m\u00f6chten, kann es etwas schwierig werden, bemalte Haeuser zu finden, da sie in dem Dorf ausgebreitet sind und weit entfernt von der Hauptstrasse. Sie sind keine Museums, sondern normale Haushalte. Nur eine H\u00fctte dient heute als Museum und geh\u00f6rt Felicja Curylowa.\r\n\r\nDie Kirche in Zalipie ist ebenfalls empfehlenswert. Durch die Aussenwandmalereien wirkt sie nicht wie eine gew\u00f6hnliche Kirche, ebensowenig wie die Schule und andere \u00f6ffentliche Geb\u00e4ude. Das Ethnographische Museum in Tarnow organisiert j\u00e4hrlich einen Wettbewerb, der sich &#8220; Die bemalte H\u00fctte&#8220; nennt. Es ist die beste Gelegenheit die K\u00fcnstler bei der Arbeit zu erleben. Der Wettbewerb findet im Fr\u00fchling, direkt nach Fronleichnam statt.","protected":false},"excerpt":{"rendered":"W\u00e4hrend wir in einer Welt leben, die sich schnell ver\u00e4ndert, suchen wir nach der Weisheit und dem Wissen unserer Urahnen. Es gibt viele Orte der Tarnowischen Region, in denen die [&hellip;]","protected":false},"author":1,"featured_media":0,"parent":9792,"menu_order":293,"comment_status":"closed","ping_status":"closed","template":"","meta":{"_acf_changed":false,"footnotes":""},"tags":[],"class_list":["post-9822","page","type-page","status-publish","hentry"],"acf":{"old_object_id":"5646","old_parent_id":"250","old_url":"Es-ist-sehenswert\/Ethnographie-das-Volk","intro_text":"<p><img loading=\"lazy\" decoding=\"async\" width=\"400\" height=\"300\" class=\"size-medium alignleft wp-image-22480\" src=\"http:\/\/www.it.tarnow.pl\/wp-content\/uploads\/2019\/02\/Zalipie-Malowana-Wies-7-400x300.jpg\" alt=\"\" srcset=\"https:\/\/www.it.tarnow.pl\/wp-content\/uploads\/2019\/02\/Zalipie-Malowana-Wies-7-400x300.jpg 400w, https:\/\/www.it.tarnow.pl\/wp-content\/uploads\/2019\/02\/Zalipie-Malowana-Wies-7-768x576.jpg 768w, https:\/\/www.it.tarnow.pl\/wp-content\/uploads\/2019\/02\/Zalipie-Malowana-Wies-7-650x488.jpg 650w, https:\/\/www.it.tarnow.pl\/wp-content\/uploads\/2019\/02\/Zalipie-Malowana-Wies-7-300x225.jpg 300w, https:\/\/www.it.tarnow.pl\/wp-content\/uploads\/2019\/02\/Zalipie-Malowana-Wies-7.jpg 1024w\" sizes=\"auto, (max-width: 400px) 100vw, 400px\" \/><\/p>\n<p>W\u00e4hrend wir in einer Welt leben, die sich schnell ver\u00e4ndert, suchen wir nach der Weisheit und dem Wissen unserer Urahnen. Es gibt viele Orte der Tarnowischen Region, in denen die Br\u00e4uche und Gewohnheiten der Vergangenheit immernoch gelebt werden. Am Palmsonntag (der Sonntag, eine Woche vor Ostern) findet der Palmen-Wettbewerb in Lipnica Murowana statt. Handgemachte Palmen reichen bis zu 38 Metern in die H\u00f6he. Es gibt auch ein &#8222;bemaltes Dorf&#8220; in Zalipie; eine Pr\u00e4sentation, die die traditionale Art Brot zu backen zeigt, kann in Jastrzebia besucht werden, in der N\u00e4he von Ciezkowice; eine einzigartge Ausstellung der Geschichte und Kultur der Zigeuner, welche die einzige dieser Art in Europa ist, kann man im Ethnographischen Museum in Tarnow bewundern.<\/p>\n","show_children":"1","class":"folder","type":"single","old_id":"","top_column":"","left_column":"","right_column":"","bottom_column":"","skip_import":true},"yoast_head":"<!-- This site is optimized with the Yoast SEO Premium plugin v25.4 (Yoast SEO v25.4) - https:\/\/yoast.com\/wordpress\/plugins\/seo\/ -->\n<title>Ethnographie &amp; das Volk - Tarnowskie Centrum Informacji<\/title>\n<meta name=\"robots\" content=\"index, follow, max-snippet:-1, max-image-preview:large, max-video-preview:-1\" \/>\n<link rel=\"canonical\" href=\"https:\/\/www.it.tarnow.pl\/de\/es-ist-sehenswert\/ethnographie-das-volk\/\" \/>\n<meta property=\"og:locale\" content=\"de_DE\" \/>\n<meta property=\"og:type\" content=\"article\" \/>\n<meta property=\"og:title\" content=\"Ethnographie &amp; das Volk\" \/>\n<meta property=\"og:description\" content=\"W\u00e4hrend wir in einer Welt leben, die sich schnell ver\u00e4ndert, suchen wir nach der Weisheit und dem Wissen unserer Urahnen. Es gibt viele Orte der Tarnowischen Region, in denen die [&hellip;]\" \/>\n<meta property=\"og:url\" content=\"https:\/\/www.it.tarnow.pl\/de\/es-ist-sehenswert\/ethnographie-das-volk\/\" \/>\n<meta property=\"og:site_name\" content=\"Tarnowskie Centrum Informacji\" \/>\n<meta property=\"article:modified_time\" content=\"2019-04-16T13:16:39+00:00\" \/>\n<meta property=\"og:image\" content=\"http:\/\/www.it.tarnow.pl\/wp-content\/uploads\/2019\/02\/Zalipie-Malowana-Wies-7-400x300.jpg\" \/>\n<meta name=\"twitter:card\" content=\"summary_large_image\" \/>\n<meta name=\"twitter:label1\" content=\"Gesch\u00e4tzte Lesezeit\" \/>\n\t<meta name=\"twitter:data1\" content=\"4\u00a0Minuten\" \/>\n<script type=\"application\/ld+json\" class=\"yoast-schema-graph\">{\"@context\":\"https:\/\/schema.org\",\"@graph\":[{\"@type\":\"WebPage\",\"@id\":\"https:\/\/www.it.tarnow.pl\/de\/es-ist-sehenswert\/ethnographie-das-volk\/\",\"url\":\"https:\/\/www.it.tarnow.pl\/de\/es-ist-sehenswert\/ethnographie-das-volk\/\",\"name\":\"Ethnographie &amp; das Volk - Tarnowskie Centrum Informacji\",\"isPartOf\":{\"@id\":\"https:\/\/www.it.tarnow.pl\/#website\"},\"primaryImageOfPage\":{\"@id\":\"https:\/\/www.it.tarnow.pl\/de\/es-ist-sehenswert\/ethnographie-das-volk\/#primaryimage\"},\"image\":{\"@id\":\"https:\/\/www.it.tarnow.pl\/de\/es-ist-sehenswert\/ethnographie-das-volk\/#primaryimage\"},\"thumbnailUrl\":\"http:\/\/www.it.tarnow.pl\/wp-content\/uploads\/2019\/02\/Zalipie-Malowana-Wies-7-400x300.jpg\",\"datePublished\":\"2010-08-12T13:18:10+00:00\",\"dateModified\":\"2019-04-16T13:16:39+00:00\",\"breadcrumb\":{\"@id\":\"https:\/\/www.it.tarnow.pl\/de\/es-ist-sehenswert\/ethnographie-das-volk\/#breadcrumb\"},\"inLanguage\":\"de\",\"potentialAction\":[{\"@type\":\"ReadAction\",\"target\":[\"https:\/\/www.it.tarnow.pl\/de\/es-ist-sehenswert\/ethnographie-das-volk\/\"]}]},{\"@type\":\"ImageObject\",\"inLanguage\":\"de\",\"@id\":\"https:\/\/www.it.tarnow.pl\/de\/es-ist-sehenswert\/ethnographie-das-volk\/#primaryimage\",\"url\":\"http:\/\/www.it.tarnow.pl\/wp-content\/uploads\/2019\/02\/Zalipie-Malowana-Wies-7-400x300.jpg\",\"contentUrl\":\"http:\/\/www.it.tarnow.pl\/wp-content\/uploads\/2019\/02\/Zalipie-Malowana-Wies-7-400x300.jpg\"},{\"@type\":\"BreadcrumbList\",\"@id\":\"https:\/\/www.it.tarnow.pl\/de\/es-ist-sehenswert\/ethnographie-das-volk\/#breadcrumb\",\"itemListElement\":[{\"@type\":\"ListItem\",\"position\":1,\"name\":\"Homepage\",\"item\":\"https:\/\/www.it.tarnow.pl\/de\/\"},{\"@type\":\"ListItem\",\"position\":2,\"name\":\"Es ist sehenswert\",\"item\":\"https:\/\/www.it.tarnow.pl\/de\/es-ist-sehenswert\/\"},{\"@type\":\"ListItem\",\"position\":3,\"name\":\"Ethnographie &amp; das Volk\"}]},{\"@type\":\"WebSite\",\"@id\":\"https:\/\/www.it.tarnow.pl\/#website\",\"url\":\"https:\/\/www.it.tarnow.pl\/\",\"name\":\"Tarnowskie Centrum Informacji\",\"description\":\"Informacja turystyczna o Tarnowie i regionie tarnowskim.\",\"potentialAction\":[{\"@type\":\"SearchAction\",\"target\":{\"@type\":\"EntryPoint\",\"urlTemplate\":\"https:\/\/www.it.tarnow.pl\/?s={search_term_string}\"},\"query-input\":{\"@type\":\"PropertyValueSpecification\",\"valueRequired\":true,\"valueName\":\"search_term_string\"}}],\"inLanguage\":\"de\"}]}<\/script>\n<!-- \/ Yoast SEO Premium plugin. -->","yoast_head_json":{"title":"Ethnographie &amp; das Volk - Tarnowskie Centrum Informacji","robots":{"index":"index","follow":"follow","max-snippet":"max-snippet:-1","max-image-preview":"max-image-preview:large","max-video-preview":"max-video-preview:-1"},"canonical":"https:\/\/www.it.tarnow.pl\/de\/es-ist-sehenswert\/ethnographie-das-volk\/","og_locale":"de_DE","og_type":"article","og_title":"Ethnographie &amp; das Volk","og_description":"W\u00e4hrend wir in einer Welt leben, die sich schnell ver\u00e4ndert, suchen wir nach der Weisheit und dem Wissen unserer Urahnen. Es gibt viele Orte der Tarnowischen Region, in denen die [&hellip;]","og_url":"https:\/\/www.it.tarnow.pl\/de\/es-ist-sehenswert\/ethnographie-das-volk\/","og_site_name":"Tarnowskie Centrum Informacji","article_modified_time":"2019-04-16T13:16:39+00:00","og_image":[{"url":"http:\/\/www.it.tarnow.pl\/wp-content\/uploads\/2019\/02\/Zalipie-Malowana-Wies-7-400x300.jpg","type":"","width":"","height":""}],"twitter_card":"summary_large_image","twitter_misc":{"Gesch\u00e4tzte Lesezeit":"4\u00a0Minuten"},"schema":{"@context":"https:\/\/schema.org","@graph":[{"@type":"WebPage","@id":"https:\/\/www.it.tarnow.pl\/de\/es-ist-sehenswert\/ethnographie-das-volk\/","url":"https:\/\/www.it.tarnow.pl\/de\/es-ist-sehenswert\/ethnographie-das-volk\/","name":"Ethnographie &amp; das Volk - Tarnowskie Centrum Informacji","isPartOf":{"@id":"https:\/\/www.it.tarnow.pl\/#website"},"primaryImageOfPage":{"@id":"https:\/\/www.it.tarnow.pl\/de\/es-ist-sehenswert\/ethnographie-das-volk\/#primaryimage"},"image":{"@id":"https:\/\/www.it.tarnow.pl\/de\/es-ist-sehenswert\/ethnographie-das-volk\/#primaryimage"},"thumbnailUrl":"http:\/\/www.it.tarnow.pl\/wp-content\/uploads\/2019\/02\/Zalipie-Malowana-Wies-7-400x300.jpg","datePublished":"2010-08-12T13:18:10+00:00","dateModified":"2019-04-16T13:16:39+00:00","breadcrumb":{"@id":"https:\/\/www.it.tarnow.pl\/de\/es-ist-sehenswert\/ethnographie-das-volk\/#breadcrumb"},"inLanguage":"de","potentialAction":[{"@type":"ReadAction","target":["https:\/\/www.it.tarnow.pl\/de\/es-ist-sehenswert\/ethnographie-das-volk\/"]}]},{"@type":"ImageObject","inLanguage":"de","@id":"https:\/\/www.it.tarnow.pl\/de\/es-ist-sehenswert\/ethnographie-das-volk\/#primaryimage","url":"http:\/\/www.it.tarnow.pl\/wp-content\/uploads\/2019\/02\/Zalipie-Malowana-Wies-7-400x300.jpg","contentUrl":"http:\/\/www.it.tarnow.pl\/wp-content\/uploads\/2019\/02\/Zalipie-Malowana-Wies-7-400x300.jpg"},{"@type":"BreadcrumbList","@id":"https:\/\/www.it.tarnow.pl\/de\/es-ist-sehenswert\/ethnographie-das-volk\/#breadcrumb","itemListElement":[{"@type":"ListItem","position":1,"name":"Homepage","item":"https:\/\/www.it.tarnow.pl\/de\/"},{"@type":"ListItem","position":2,"name":"Es ist sehenswert","item":"https:\/\/www.it.tarnow.pl\/de\/es-ist-sehenswert\/"},{"@type":"ListItem","position":3,"name":"Ethnographie &amp; das Volk"}]},{"@type":"WebSite","@id":"https:\/\/www.it.tarnow.pl\/#website","url":"https:\/\/www.it.tarnow.pl\/","name":"Tarnowskie Centrum Informacji","description":"Informacja turystyczna o Tarnowie i regionie tarnowskim.","potentialAction":[{"@type":"SearchAction","target":{"@type":"EntryPoint","urlTemplate":"https:\/\/www.it.tarnow.pl\/?s={search_term_string}"},"query-input":{"@type":"PropertyValueSpecification","valueRequired":true,"valueName":"search_term_string"}}],"inLanguage":"de"}]}},"_links":{"self":[{"href":"https:\/\/www.it.tarnow.pl\/de\/wp-json\/wp\/v2\/pages\/9822","targetHints":{"allow":["GET"]}}],"collection":[{"href":"https:\/\/www.it.tarnow.pl\/de\/wp-json\/wp\/v2\/pages"}],"about":[{"href":"https:\/\/www.it.tarnow.pl\/de\/wp-json\/wp\/v2\/types\/page"}],"author":[{"embeddable":true,"href":"https:\/\/www.it.tarnow.pl\/de\/wp-json\/wp\/v2\/users\/1"}],"replies":[{"embeddable":true,"href":"https:\/\/www.it.tarnow.pl\/de\/wp-json\/wp\/v2\/comments?post=9822"}],"version-history":[{"count":0,"href":"https:\/\/www.it.tarnow.pl\/de\/wp-json\/wp\/v2\/pages\/9822\/revisions"}],"up":[{"embeddable":true,"href":"https:\/\/www.it.tarnow.pl\/de\/wp-json\/wp\/v2\/pages\/9792"}],"wp:attachment":[{"href":"https:\/\/www.it.tarnow.pl\/de\/wp-json\/wp\/v2\/media?parent=9822"}],"wp:term":[{"taxonomy":"post_tag","embeddable":true,"href":"https:\/\/www.it.tarnow.pl\/de\/wp-json\/wp\/v2\/tags?post=9822"}],"curies":[{"name":"wp","href":"https:\/\/api.w.org\/{rel}","templated":true}]}}