{"id":9821,"date":"2010-08-12T14:03:39","date_gmt":"2010-08-12T12:03:39","guid":{"rendered":"http:\/\/www.it.tarnow.pl\/die-natur\/"},"modified":"2019-04-03T15:17:32","modified_gmt":"2019-04-03T13:17:32","slug":"die-natur","status":"publish","type":"page","link":"https:\/\/www.it.tarnow.pl\/de\/es-ist-sehenswert\/die-natur\/","title":{"rendered":"Die Natur"},"content":{"rendered":"<img loading=\"lazy\" decoding=\"async\" width=\"400\" height=\"300\" class=\"size-medium alignleft wp-image-21123\" src=\"http:\/\/www.it.tarnow.pl\/wp-content\/uploads\/2019\/02\/Ciezkowice-Skamieniale-Miasto-2-400x300.jpg\" alt=\"\" srcset=\"https:\/\/www.it.tarnow.pl\/wp-content\/uploads\/2019\/02\/Ciezkowice-Skamieniale-Miasto-2-400x300.jpg 400w, https:\/\/www.it.tarnow.pl\/wp-content\/uploads\/2019\/02\/Ciezkowice-Skamieniale-Miasto-2-768x576.jpg 768w, https:\/\/www.it.tarnow.pl\/wp-content\/uploads\/2019\/02\/Ciezkowice-Skamieniale-Miasto-2-650x488.jpg 650w, https:\/\/www.it.tarnow.pl\/wp-content\/uploads\/2019\/02\/Ciezkowice-Skamieniale-Miasto-2-300x225.jpg 300w, https:\/\/www.it.tarnow.pl\/wp-content\/uploads\/2019\/02\/Ciezkowice-Skamieniale-Miasto-2.jpg 1024w\" sizes=\"auto, (max-width: 400px) 100vw, 400px\" \/><p>Die &#8222;Steinstadt&#8220; &#8211; ist ein Reservat von kunsvollen, nat\u00fcrlichen Fels- Formationen, die im Jahre 1948 am Abhang der Skala (367m n.p.m.), auf einem 15ha grossen Gebiet entstanden. Die malerischen H\u00e4rtlinge(einzelne Felsen), geformt aus dem grobk\u00f6rngen Sandstein, sowie der umliegende gemischte Wald sind naturgesch\u00fctzt. Im Gegensatz zu anderen Orten in Pogorze, an denen H\u00e4rtlinge auftauchen, gibt es in der &#8222;Steinstadt&#8220; das gr\u00f6sste Komplex von ihnen auf einer vergleichbar kleinen Fl\u00e4che. Zusammen aus der Anzahl an H\u00e4rtlingen gehen ungew\u00f6hnlicherweise interessante Formen hervor- das Resutat ist ein stimmungsvoller Faktorvorgang: Regen, Wind oder Frost. Der Prozess der Bewitterung der Felsen geht weiter, unterst\u00fctzt von den auf den Felsen wachsenden Pflanzen, zum Beispiel die Kiefer, deren Wurzeln tief in die Spalten gelangen und die Felsen sehr oft dadurch zum Aufplatzen bringen. Die sich ergebenden Felsen werden von den Wissenschaftlern durch den Erosionsprozess erkl\u00e4rt, wobei die Einheimischen jedoch eigene Ideen haben. Es sind nicht immer die gleichen da es viele Legenden \u00fcber diese Felsen gibt.<\/p> <img loading=\"lazy\" decoding=\"async\" width=\"1024\" height=\"350\" class=\"size-reference aligncenter wp-image-25205\" src=\"http:\/\/www.it.tarnow.pl\/wp-content\/uploads\/2019\/02\/Park-Krajobrazowy-Pasma-Brzanki.jpg\" alt=\"\" srcset=\"https:\/\/www.it.tarnow.pl\/wp-content\/uploads\/2019\/02\/Park-Krajobrazowy-Pasma-Brzanki.jpg 1024w, https:\/\/www.it.tarnow.pl\/wp-content\/uploads\/2019\/02\/Park-Krajobrazowy-Pasma-Brzanki-400x137.jpg 400w, https:\/\/www.it.tarnow.pl\/wp-content\/uploads\/2019\/02\/Park-Krajobrazowy-Pasma-Brzanki-768x263.jpg 768w, https:\/\/www.it.tarnow.pl\/wp-content\/uploads\/2019\/02\/Park-Krajobrazowy-Pasma-Brzanki-650x222.jpg 650w, https:\/\/www.it.tarnow.pl\/wp-content\/uploads\/2019\/02\/Park-Krajobrazowy-Pasma-Brzanki-300x103.jpg 300w\" sizes=\"auto, (max-width: 1024px) 100vw, 1024px\" \/><img loading=\"lazy\" decoding=\"async\" width=\"400\" height=\"300\" class=\"size-medium alignright wp-image-25324\" src=\"http:\/\/www.it.tarnow.pl\/wp-content\/uploads\/2019\/02\/Skamieniale-Miasto-w-Ciezkowicach-2-400x300.jpg\" alt=\"\" srcset=\"https:\/\/www.it.tarnow.pl\/wp-content\/uploads\/2019\/02\/Skamieniale-Miasto-w-Ciezkowicach-2-400x300.jpg 400w, https:\/\/www.it.tarnow.pl\/wp-content\/uploads\/2019\/02\/Skamieniale-Miasto-w-Ciezkowicach-2-768x577.jpg 768w, https:\/\/www.it.tarnow.pl\/wp-content\/uploads\/2019\/02\/Skamieniale-Miasto-w-Ciezkowicach-2-650x488.jpg 650w, https:\/\/www.it.tarnow.pl\/wp-content\/uploads\/2019\/02\/Skamieniale-Miasto-w-Ciezkowicach-2-300x225.jpg 300w, https:\/\/www.it.tarnow.pl\/wp-content\/uploads\/2019\/02\/Skamieniale-Miasto-w-Ciezkowicach-2.jpg 1024w\" sizes=\"auto, (max-width: 400px) 100vw, 400px\" \/><p>Eine der Legenden erz\u00e4hlt eine Geschichte von Cieszko, dem Anf\u00fchrer, der mit Kasna- dem Nachbarsdorf, auf der gegen\u00fcberliegenden Seite des Biala Flusses- etwas im Schilde f\u00fchrte. Kasna war der Besitz eines Ritters aus Roznow, der nicht einmal daran dachte dieses Dorf zu verkaufen. Eines Tages kam eine junge Frau, die gerade aus der Gefangenschaft des Anf\u00fchrers von Roznow gefl\u00fcchtet war, zu Cieszko. Direkt nach ihr erschien der Erbe von Roznow und bot Cieszko Kasna an f\u00fcr die Wiedergabe der Frau. Cieszko stimmte nach einer kurzen Unterbrechung zu. Die verzweifelte Frau starb und als Missbrauch der Gastfreundschaft verwandelte sich die ganze Stadt in Felsen. <\/p> <img loading=\"lazy\" decoding=\"async\" width=\"400\" height=\"300\" class=\"size-medium alignright wp-image-25277\" src=\"http:\/\/www.it.tarnow.pl\/wp-content\/uploads\/2019\/02\/Skamieniale-Miasto-w-Ciezkowicach-4-400x300.jpg\" alt=\"\" srcset=\"https:\/\/www.it.tarnow.pl\/wp-content\/uploads\/2019\/02\/Skamieniale-Miasto-w-Ciezkowicach-4-400x300.jpg 400w, https:\/\/www.it.tarnow.pl\/wp-content\/uploads\/2019\/02\/Skamieniale-Miasto-w-Ciezkowicach-4-768x577.jpg 768w, https:\/\/www.it.tarnow.pl\/wp-content\/uploads\/2019\/02\/Skamieniale-Miasto-w-Ciezkowicach-4-650x488.jpg 650w, https:\/\/www.it.tarnow.pl\/wp-content\/uploads\/2019\/02\/Skamieniale-Miasto-w-Ciezkowicach-4-300x225.jpg 300w, https:\/\/www.it.tarnow.pl\/wp-content\/uploads\/2019\/02\/Skamieniale-Miasto-w-Ciezkowicach-4.jpg 1024w\" sizes=\"auto, (max-width: 400px) 100vw, 400px\" \/><p>Eine andere Geschichte ist erz\u00e4hlt \u00fcber einen F\u00fchrer, der einst das hier exestierende Schloss regierte und die nebenliegende Stadt. Nicht nur dass er ein Dieb war, er war auch ein Mann von schlechtestem Charakter, der Angst und Hass erweckte. Kein Wunder, dass als seine Frau verstarb, er keine zweite Frau finden konnte. Ganz irritiert, beschloss er seine eigene Tochter zu heiraten. Das Hochzeitsmahl war vorbereitet und die Zeremonie am anfangen, als das ganze Schloss, die Stadt und alle G\u00e4ste zu Stein wurden.<\/p>\n<p>\u00a0<\/p>\n<p><i>Eine andere Version schreibt den Einwohnern der Stadt verschiedene Degenerationenen zu, welche, als eine Bestrafung, sich in Stein verwandelten. Kein Wunder, dass sie nicht nur kontinuierlich tranken, sondern auch durch sexuelle Freiz\u00fcgigkeit s\u00fcndigten. <\/i><\/p>\n<p> Die interessantesten Felsgestalten in der Steinstadt sind: &#8222;Grunwald&#8220; (benannt nach einem Ort einer ber\u00fchmten polnischen Schlacht), &#8222;die Hexe&#8220; (der bekannteste Felsen), &#8220; Die Stadthalle&#8220; (12m hoch in den den hohen Fragmenten), &#8222;die Festung&#8220; (die Felsen sind wie eine Hochburg geformt), &#8222;Der Dachs&#8220; (einer von ihnen ist geformt wie ein Dachskopf), &#8222;Die Pyramide&#8220; (\u00e4hnelt den \u00e4gyptischen Pyramiden) und &#8222;Die Fuchsschlucht&#8220; (viele Fuchsl\u00f6cher befanden sich in der Gegend). <\/p> <img loading=\"lazy\" decoding=\"async\" width=\"400\" height=\"300\" class=\"size-medium alignleft wp-image-25236\" src=\"http:\/\/www.it.tarnow.pl\/wp-content\/uploads\/2019\/02\/Ostry-Kamien-Park-Krajobrazowy-Pasma-Brzanki-400x300.jpg\" alt=\"\" srcset=\"https:\/\/www.it.tarnow.pl\/wp-content\/uploads\/2019\/02\/Ostry-Kamien-Park-Krajobrazowy-Pasma-Brzanki-400x300.jpg 400w, https:\/\/www.it.tarnow.pl\/wp-content\/uploads\/2019\/02\/Ostry-Kamien-Park-Krajobrazowy-Pasma-Brzanki-768x577.jpg 768w, https:\/\/www.it.tarnow.pl\/wp-content\/uploads\/2019\/02\/Ostry-Kamien-Park-Krajobrazowy-Pasma-Brzanki-650x488.jpg 650w, https:\/\/www.it.tarnow.pl\/wp-content\/uploads\/2019\/02\/Ostry-Kamien-Park-Krajobrazowy-Pasma-Brzanki-300x225.jpg 300w, https:\/\/www.it.tarnow.pl\/wp-content\/uploads\/2019\/02\/Ostry-Kamien-Park-Krajobrazowy-Pasma-Brzanki.jpg 1024w\" sizes=\"auto, (max-width: 400px) 100vw, 400px\" \/><img loading=\"lazy\" decoding=\"async\" width=\"400\" height=\"300\" class=\"size-medium alignright wp-image-25225\" src=\"http:\/\/www.it.tarnow.pl\/wp-content\/uploads\/2019\/02\/Park-Krajobrazowy-Pasma-Brzanki-1-400x300.jpg\" alt=\"\" srcset=\"https:\/\/www.it.tarnow.pl\/wp-content\/uploads\/2019\/02\/Park-Krajobrazowy-Pasma-Brzanki-1-400x300.jpg 400w, https:\/\/www.it.tarnow.pl\/wp-content\/uploads\/2019\/02\/Park-Krajobrazowy-Pasma-Brzanki-1-768x577.jpg 768w, https:\/\/www.it.tarnow.pl\/wp-content\/uploads\/2019\/02\/Park-Krajobrazowy-Pasma-Brzanki-1-650x488.jpg 650w, https:\/\/www.it.tarnow.pl\/wp-content\/uploads\/2019\/02\/Park-Krajobrazowy-Pasma-Brzanki-1-300x225.jpg 300w, https:\/\/www.it.tarnow.pl\/wp-content\/uploads\/2019\/02\/Park-Krajobrazowy-Pasma-Brzanki-1.jpg 1024w\" sizes=\"auto, (max-width: 400px) 100vw, 400px\" \/><p>\u00a0<\/p>\n<p>\u00a0<\/p>\n<p>\u00a0<\/p>\n<p>\u00a0<\/p>\n<p>\u00a0<\/p>\n<p>\u00a0<\/p>\n<p>\u00a0<\/p>\n<p>\u00a0<\/p>\n<p>\u00a0<\/p> <img loading=\"lazy\" decoding=\"async\" width=\"1024\" height=\"313\" class=\"size-reference aligncenter wp-image-25230\" src=\"http:\/\/www.it.tarnow.pl\/wp-content\/uploads\/2019\/02\/Ciezkowicko-Roznowski-Park-Krajobrazowy-6.jpg\" alt=\"\" srcset=\"https:\/\/www.it.tarnow.pl\/wp-content\/uploads\/2019\/02\/Ciezkowicko-Roznowski-Park-Krajobrazowy-6.jpg 1024w, https:\/\/www.it.tarnow.pl\/wp-content\/uploads\/2019\/02\/Ciezkowicko-Roznowski-Park-Krajobrazowy-6-400x122.jpg 400w, https:\/\/www.it.tarnow.pl\/wp-content\/uploads\/2019\/02\/Ciezkowicko-Roznowski-Park-Krajobrazowy-6-768x235.jpg 768w, https:\/\/www.it.tarnow.pl\/wp-content\/uploads\/2019\/02\/Ciezkowicko-Roznowski-Park-Krajobrazowy-6-650x199.jpg 650w, https:\/\/www.it.tarnow.pl\/wp-content\/uploads\/2019\/02\/Ciezkowicko-Roznowski-Park-Krajobrazowy-6-300x92.jpg 300w\" sizes=\"auto, (max-width: 1024px) 100vw, 1024px\" \/>","protected":false},"excerpt":{"rendered":"Die &#8222;Steinstadt&#8220; &#8211; ist ein Reservat von kunsvollen, nat\u00fcrlichen Fels- Formationen, die im Jahre 1948 am Abhang der Skala (367m n.p.m.), auf einem 15ha grossen Gebiet entstanden. Die malerischen H\u00e4rtlinge(einzelne [&hellip;]","protected":false},"author":1,"featured_media":0,"parent":9792,"menu_order":264,"comment_status":"closed","ping_status":"closed","template":"","meta":{"_acf_changed":false,"footnotes":""},"tags":[],"class_list":["post-9821","page","type-page","status-publish","hentry"],"acf":{"in_menu":null,"show_date":null,"intro_text":"<img class=\"size-medium alignleft wp-image-21123\" src=\"http:\/\/www.it.tarnow.pl\/wp-content\/uploads\/2019\/02\/Ciezkowice-Skamieniale-Miasto-2-400x300.jpg\" alt=\"\"><p>Die \"Steinstadt\" - ist ein Reservat von kunsvollen, nat\u00fcrlichen Fels- Formationen, die im Jahre 1948 am Abhang der Skala (367m n.p.m.), auf einem 15ha grossen Gebiet entstanden. Die malerischen H\u00e4rtlinge(einzelne Felsen), geformt aus dem grobk\u00f6rngen Sandstein, sowie der umliegende gemischte Wald sind naturgesch\u00fctzt. Im Gegensatz zu anderen Orten in Pogorze, an denen H\u00e4rtlinge auftauchen, gibt es in der \"Steinstadt\" das gr\u00f6sste Komplex von ihnen auf einer vergleichbar kleinen Fl\u00e4che. Zusammen aus der Anzahl an H\u00e4rtlingen gehen ungew\u00f6hnlicherweise interessante Formen hervor- das Resutat ist ein stimmungsvoller Faktorvorgang: Regen, Wind oder Frost.<\/p>","map":null},"yoast_head":"<!-- This site is optimized with the Yoast SEO Premium plugin v25.4 (Yoast SEO v25.4) - https:\/\/yoast.com\/wordpress\/plugins\/seo\/ -->\n<title>Die Natur - Tarnowskie Centrum Informacji<\/title>\n<meta name=\"robots\" content=\"index, follow, max-snippet:-1, max-image-preview:large, max-video-preview:-1\" \/>\n<link rel=\"canonical\" href=\"https:\/\/www.it.tarnow.pl\/de\/es-ist-sehenswert\/die-natur\/\" \/>\n<meta property=\"og:locale\" content=\"de_DE\" \/>\n<meta property=\"og:type\" content=\"article\" \/>\n<meta property=\"og:title\" content=\"Die Natur\" \/>\n<meta property=\"og:description\" content=\"Die &#8222;Steinstadt&#8220; &#8211; ist ein Reservat von kunsvollen, nat\u00fcrlichen Fels- Formationen, die im Jahre 1948 am Abhang der Skala (367m n.p.m.), auf einem 15ha grossen Gebiet entstanden. Die malerischen H\u00e4rtlinge(einzelne [&hellip;]\" \/>\n<meta property=\"og:url\" content=\"https:\/\/www.it.tarnow.pl\/de\/es-ist-sehenswert\/die-natur\/\" \/>\n<meta property=\"og:site_name\" content=\"Tarnowskie Centrum Informacji\" \/>\n<meta property=\"article:modified_time\" content=\"2019-04-03T13:17:32+00:00\" \/>\n<meta property=\"og:image\" content=\"http:\/\/www.it.tarnow.pl\/wp-content\/uploads\/2019\/02\/Ciezkowice-Skamieniale-Miasto-2-400x300.jpg\" \/>\n<meta name=\"twitter:card\" content=\"summary_large_image\" \/>\n<meta name=\"twitter:label1\" content=\"Gesch\u00e4tzte Lesezeit\" \/>\n\t<meta name=\"twitter:data1\" content=\"2\u00a0Minuten\" \/>\n<script type=\"application\/ld+json\" class=\"yoast-schema-graph\">{\"@context\":\"https:\/\/schema.org\",\"@graph\":[{\"@type\":\"WebPage\",\"@id\":\"https:\/\/www.it.tarnow.pl\/de\/es-ist-sehenswert\/die-natur\/\",\"url\":\"https:\/\/www.it.tarnow.pl\/de\/es-ist-sehenswert\/die-natur\/\",\"name\":\"Die Natur - Tarnowskie Centrum Informacji\",\"isPartOf\":{\"@id\":\"https:\/\/www.it.tarnow.pl\/#website\"},\"primaryImageOfPage\":{\"@id\":\"https:\/\/www.it.tarnow.pl\/de\/es-ist-sehenswert\/die-natur\/#primaryimage\"},\"image\":{\"@id\":\"https:\/\/www.it.tarnow.pl\/de\/es-ist-sehenswert\/die-natur\/#primaryimage\"},\"thumbnailUrl\":\"http:\/\/www.it.tarnow.pl\/wp-content\/uploads\/2019\/02\/Ciezkowice-Skamieniale-Miasto-2-400x300.jpg\",\"datePublished\":\"2010-08-12T12:03:39+00:00\",\"dateModified\":\"2019-04-03T13:17:32+00:00\",\"breadcrumb\":{\"@id\":\"https:\/\/www.it.tarnow.pl\/de\/es-ist-sehenswert\/die-natur\/#breadcrumb\"},\"inLanguage\":\"de\",\"potentialAction\":[{\"@type\":\"ReadAction\",\"target\":[\"https:\/\/www.it.tarnow.pl\/de\/es-ist-sehenswert\/die-natur\/\"]}]},{\"@type\":\"ImageObject\",\"inLanguage\":\"de\",\"@id\":\"https:\/\/www.it.tarnow.pl\/de\/es-ist-sehenswert\/die-natur\/#primaryimage\",\"url\":\"http:\/\/www.it.tarnow.pl\/wp-content\/uploads\/2019\/02\/Ciezkowice-Skamieniale-Miasto-2-400x300.jpg\",\"contentUrl\":\"http:\/\/www.it.tarnow.pl\/wp-content\/uploads\/2019\/02\/Ciezkowice-Skamieniale-Miasto-2-400x300.jpg\"},{\"@type\":\"BreadcrumbList\",\"@id\":\"https:\/\/www.it.tarnow.pl\/de\/es-ist-sehenswert\/die-natur\/#breadcrumb\",\"itemListElement\":[{\"@type\":\"ListItem\",\"position\":1,\"name\":\"Homepage\",\"item\":\"https:\/\/www.it.tarnow.pl\/de\/\"},{\"@type\":\"ListItem\",\"position\":2,\"name\":\"Es ist sehenswert\",\"item\":\"https:\/\/www.it.tarnow.pl\/de\/es-ist-sehenswert\/\"},{\"@type\":\"ListItem\",\"position\":3,\"name\":\"Die Natur\"}]},{\"@type\":\"WebSite\",\"@id\":\"https:\/\/www.it.tarnow.pl\/#website\",\"url\":\"https:\/\/www.it.tarnow.pl\/\",\"name\":\"Tarnowskie Centrum Informacji\",\"description\":\"Informacja turystyczna o Tarnowie i regionie tarnowskim.\",\"potentialAction\":[{\"@type\":\"SearchAction\",\"target\":{\"@type\":\"EntryPoint\",\"urlTemplate\":\"https:\/\/www.it.tarnow.pl\/?s={search_term_string}\"},\"query-input\":{\"@type\":\"PropertyValueSpecification\",\"valueRequired\":true,\"valueName\":\"search_term_string\"}}],\"inLanguage\":\"de\"}]}<\/script>\n<!-- \/ Yoast SEO Premium plugin. -->","yoast_head_json":{"title":"Die Natur - Tarnowskie Centrum Informacji","robots":{"index":"index","follow":"follow","max-snippet":"max-snippet:-1","max-image-preview":"max-image-preview:large","max-video-preview":"max-video-preview:-1"},"canonical":"https:\/\/www.it.tarnow.pl\/de\/es-ist-sehenswert\/die-natur\/","og_locale":"de_DE","og_type":"article","og_title":"Die Natur","og_description":"Die &#8222;Steinstadt&#8220; &#8211; ist ein Reservat von kunsvollen, nat\u00fcrlichen Fels- Formationen, die im Jahre 1948 am Abhang der Skala (367m n.p.m.), auf einem 15ha grossen Gebiet entstanden. Die malerischen H\u00e4rtlinge(einzelne [&hellip;]","og_url":"https:\/\/www.it.tarnow.pl\/de\/es-ist-sehenswert\/die-natur\/","og_site_name":"Tarnowskie Centrum Informacji","article_modified_time":"2019-04-03T13:17:32+00:00","og_image":[{"url":"http:\/\/www.it.tarnow.pl\/wp-content\/uploads\/2019\/02\/Ciezkowice-Skamieniale-Miasto-2-400x300.jpg","type":"","width":"","height":""}],"twitter_card":"summary_large_image","twitter_misc":{"Gesch\u00e4tzte Lesezeit":"2\u00a0Minuten"},"schema":{"@context":"https:\/\/schema.org","@graph":[{"@type":"WebPage","@id":"https:\/\/www.it.tarnow.pl\/de\/es-ist-sehenswert\/die-natur\/","url":"https:\/\/www.it.tarnow.pl\/de\/es-ist-sehenswert\/die-natur\/","name":"Die Natur - Tarnowskie Centrum Informacji","isPartOf":{"@id":"https:\/\/www.it.tarnow.pl\/#website"},"primaryImageOfPage":{"@id":"https:\/\/www.it.tarnow.pl\/de\/es-ist-sehenswert\/die-natur\/#primaryimage"},"image":{"@id":"https:\/\/www.it.tarnow.pl\/de\/es-ist-sehenswert\/die-natur\/#primaryimage"},"thumbnailUrl":"http:\/\/www.it.tarnow.pl\/wp-content\/uploads\/2019\/02\/Ciezkowice-Skamieniale-Miasto-2-400x300.jpg","datePublished":"2010-08-12T12:03:39+00:00","dateModified":"2019-04-03T13:17:32+00:00","breadcrumb":{"@id":"https:\/\/www.it.tarnow.pl\/de\/es-ist-sehenswert\/die-natur\/#breadcrumb"},"inLanguage":"de","potentialAction":[{"@type":"ReadAction","target":["https:\/\/www.it.tarnow.pl\/de\/es-ist-sehenswert\/die-natur\/"]}]},{"@type":"ImageObject","inLanguage":"de","@id":"https:\/\/www.it.tarnow.pl\/de\/es-ist-sehenswert\/die-natur\/#primaryimage","url":"http:\/\/www.it.tarnow.pl\/wp-content\/uploads\/2019\/02\/Ciezkowice-Skamieniale-Miasto-2-400x300.jpg","contentUrl":"http:\/\/www.it.tarnow.pl\/wp-content\/uploads\/2019\/02\/Ciezkowice-Skamieniale-Miasto-2-400x300.jpg"},{"@type":"BreadcrumbList","@id":"https:\/\/www.it.tarnow.pl\/de\/es-ist-sehenswert\/die-natur\/#breadcrumb","itemListElement":[{"@type":"ListItem","position":1,"name":"Homepage","item":"https:\/\/www.it.tarnow.pl\/de\/"},{"@type":"ListItem","position":2,"name":"Es ist sehenswert","item":"https:\/\/www.it.tarnow.pl\/de\/es-ist-sehenswert\/"},{"@type":"ListItem","position":3,"name":"Die Natur"}]},{"@type":"WebSite","@id":"https:\/\/www.it.tarnow.pl\/#website","url":"https:\/\/www.it.tarnow.pl\/","name":"Tarnowskie Centrum Informacji","description":"Informacja turystyczna o Tarnowie i regionie tarnowskim.","potentialAction":[{"@type":"SearchAction","target":{"@type":"EntryPoint","urlTemplate":"https:\/\/www.it.tarnow.pl\/?s={search_term_string}"},"query-input":{"@type":"PropertyValueSpecification","valueRequired":true,"valueName":"search_term_string"}}],"inLanguage":"de"}]}},"_links":{"self":[{"href":"https:\/\/www.it.tarnow.pl\/de\/wp-json\/wp\/v2\/pages\/9821","targetHints":{"allow":["GET"]}}],"collection":[{"href":"https:\/\/www.it.tarnow.pl\/de\/wp-json\/wp\/v2\/pages"}],"about":[{"href":"https:\/\/www.it.tarnow.pl\/de\/wp-json\/wp\/v2\/types\/page"}],"author":[{"embeddable":true,"href":"https:\/\/www.it.tarnow.pl\/de\/wp-json\/wp\/v2\/users\/1"}],"replies":[{"embeddable":true,"href":"https:\/\/www.it.tarnow.pl\/de\/wp-json\/wp\/v2\/comments?post=9821"}],"version-history":[{"count":0,"href":"https:\/\/www.it.tarnow.pl\/de\/wp-json\/wp\/v2\/pages\/9821\/revisions"}],"up":[{"embeddable":true,"href":"https:\/\/www.it.tarnow.pl\/de\/wp-json\/wp\/v2\/pages\/9792"}],"wp:attachment":[{"href":"https:\/\/www.it.tarnow.pl\/de\/wp-json\/wp\/v2\/media?parent=9821"}],"wp:term":[{"taxonomy":"post_tag","embeddable":true,"href":"https:\/\/www.it.tarnow.pl\/de\/wp-json\/wp\/v2\/tags?post=9821"}],"curies":[{"name":"wp","href":"https:\/\/api.w.org\/{rel}","templated":true}]}}