{"id":9820,"date":"2010-08-12T13:04:31","date_gmt":"2010-08-12T11:04:31","guid":{"rendered":"http:\/\/www.it.tarnow.pl\/salzbergwerk-bochnia\/"},"modified":"2019-04-03T15:17:30","modified_gmt":"2019-04-03T13:17:30","slug":"salzbergwerk-bochnia","status":"publish","type":"page","link":"https:\/\/www.it.tarnow.pl\/de\/es-ist-sehenswert\/salzbergwerk-bochnia\/","title":{"rendered":"Salzbergwerk Bochnia"},"content":{"rendered":"<img loading=\"lazy\" decoding=\"async\" width=\"202\" height=\"300\" class=\"size-medium alignright wp-image-36039\" src=\"http:\/\/www.it.tarnow.pl\/wp-content\/uploads\/2019\/02\/kopalnia-bochnia-2014-02-1-202x300.jpg\" alt=\"\"><p>Die Salzgrube ist die \u00e4lteste von Polen (auf der Liste der UNESCO ab 2013; \u00e4lter als die Salzgrube in Wieliczka) und zugleich das \u00e4lteste Salzunternehmen, das ununterbrochen seit 750 Jahren in Betrieb ist. Seit ein paar Jahren l\u00e4dt die Salzgrube in Bochnia viele Touristen zur unterirdischen Welt ein. Infolge der T\u00e4tigkeiten der Bergleute entstand hier ein Labyrinth unterirdischer G\u00e4nge und Kammern mit einer L\u00e4nge von 300 m, das bei den Touristen esthetische Eindr\u00fccke hinterl\u00e4sst.<\/p>\n<p>Eine Legende erz\u00e4hlt, dass Salz dank der heiligen Kinga, der Tochter des K\u00f6nigs von Ungarn Bel IV. gefunden wurde, die den Krakauer F\u00fcrsten Boleslaus heiratete. Kinga w\u00fcnschte sich von seinem Vater als Mitgift weder Gold noch wertvolle Steine, sondern nur Salz. <\/p> <img loading=\"lazy\" decoding=\"async\" width=\"300\" height=\"185\" class=\"size-medium alignright wp-image-36049\" src=\"http:\/\/www.it.tarnow.pl\/wp-content\/uploads\/2019\/02\/kopalnia-bochnia-2014-01-1-300x185.jpg\" alt=\"\"><img loading=\"lazy\" decoding=\"async\" width=\"150\" height=\"150\" class=\"size-small alignleft wp-image-36044\" src=\"http:\/\/www.it.tarnow.pl\/wp-content\/uploads\/2019\/02\/kopalnia-bochnia-2014-03-1-150x150.jpg\" alt=\"\"><p>Diesen Schatz wollte sie ihrer neuen Heimat schenken. Der K\u00f6nig von Ungarn schenkte seiner Tochter die Salzgrube in Siebenb\u00fcrgen und Kinga schmiss ihren Verlobungsring nach einem mittelalterlichen Brauch in den Schacht. Auf dem Weg nach Krak\u00f3w (der entlang des Dunajectals \u00fcber Wojnicz verlief) w\u00e4hrend sie in Bochnia war, hatte sie einen Traum, um im Garten eines Schuhmachers einen Schacht zu graben. Der Traum von der heiligen Kinga war prophetisch. In diesem Schacht hat man Salz gefunden und in dem ersten Salzblock haben die Bergleute sp\u00e4ter das Kleinod von der heiligen Kinga gefunden, das in das Salzbergwerk in Siebenb\u00fcrgen geschmissen wurde. Um dem Schuhmacher Gen\u00fcge zu tun, der sein v\u00e4terliches Erbe f\u00fcr das Salzbergwerk \u00fcberwiesen hat, wurde der Schacht nach der Bezeichnung des Schuchmachers &#8220; Sutoris&#8220; genannt ( sutor lat.`der Schuhmacher d.h. szewczy). Das Ereignis, das in dieser Legende beschrieben wurde, soll im Jahre 1248 ereignet haben. Seit dieser Zeit wird die Entstehung des Salzbergwerks in Bochnia datiert, was auch mit der Entwicklung der Stadt und der umliegenden Gegend zusammenh\u00e4ngt. <\/p>\n<p>Das Salzbergwerk in Bochnia hat im Vergleich zu der meist bekannten Salzgrube in Wieliczka eine andere Atmosph\u00e4re. Wenn man in Bochnia durch Salzg\u00e4nge wandert, kann man noch den Bergleuten begegnen, die sich zur Arbeit begeben. Das Salzbergwerk bietet auch Erholung und Attraktionen. In der gr\u00f6\u0102\u017aten Kammer &#8220; Wa\u017cyn&#8220;, die 350 m lang und 10-12 m breit ist, befindet sich ein einziges in Europa unterirdisches Sportfeld. Dort werden auch Discos, Schul- und Silvesterb\u00e4lle organisiert. Es ist m\u00f6glich in der Kammer &#8220; Wa\u017cyn&#8220; f\u00fcr die \u00dcbernachtung zu bleiben, wo Betten, Kissen und Schlafs\u00e4cke zur Verf\u00fcgung stehen.<\/p>\n<p>Mehr Informationen unter: <a href=\"http:\/\/www.kopalnia-bochnia.pl\/\">www.kopalnia-bochnia.pl<\/a>\n<\/p>\n<p>\u00a0<\/p>\n<h5>Der Arch\u00e4ologische Park &#8211; Die Siedlung der sechs Pfl\u00fcger<\/h5>\n<p>Eine neue Attraktion mit langer Geschichte. Die Siedlung der sechs Pfl\u00fcger befindet sich gleich neben des Campi \u2013 Schachtes. Es ist die Rekonstruktion einer Dorfsiedlung aus der Mitte des 13. Jahrhunderts, die kennzeichnend f\u00fcr den Siedlungswesen in Kleinpolen gewesen war. Es ist aber kein gew\u00f6hnliches Museum! Im Dorf das so aussieht, als ob das Mittelalter noch weiter andauern wurde, arbeiten Vertreter ehemaliger Berufe.<\/p>\n<p>Eine zweifellose Attraktion f\u00fcr die Besucher, ist die M\u00f6glichkeit im t\u00e4glichen Leben der Siedlung Teil zu nehmen. Es ist eine ungew\u00f6hnliche Geschichtslehrstunde und M\u00f6glichkeit Menschen vergangener Epochen zu treffen. Jeder kann in die H\u00e4user der Handwerker hineingehen und sich mit verschiedenen Land- und Gewerbearbeiten messen.<\/p>\n<p>\u201eDer Arch\u00e4ologische Park &#8211; die Siedlung der sechs Pfl\u00fcger\u201d ist eine hervorragende Erg\u00e4nzung des Ausflugs zum Salzbergwerk in Bochnia. Zuerst ein Besuch in der Salzgrube und dann eine Reise in die Vergangenheit, direkt ins 13. Jahrhundert.<\/p>\n<p>Mehr Informationen unter: <a href=\"http:\/\/www.kopalniasoli.pl\/\">www.kopalniasoli.pl<\/a>\n<\/p>","protected":false},"excerpt":{"rendered":"Die Salzgrube ist die \u00e4lteste von Polen (auf der Liste der UNESCO ab 2013; \u00e4lter als die Salzgrube in Wieliczka) und zugleich das \u00e4lteste Salzunternehmen, das ununterbrochen seit 750 Jahren [&hellip;]","protected":false},"author":1,"featured_media":0,"parent":9792,"menu_order":236,"comment_status":"closed","ping_status":"closed","template":"","meta":{"_acf_changed":false,"footnotes":""},"tags":[],"class_list":["post-9820","page","type-page","status-publish","hentry"],"acf":{"in_menu":null,"show_date":null,"intro_text":"<img class=\"size-small alignleft wp-image-36039\" src=\"http:\/\/www.it.tarnow.pl\/wp-content\/uploads\/2019\/02\/kopalnia-bochnia-2014-02-1-150x150.jpg\" alt=\"\"><p>Die Salzgrube ist die \u00e4lteste von Polen (\u00e4lter als die Salzgrube in Wieliczka) und zugleich das \u00e4lteste Salzunternehmen, das ununterbrochen seit 750 Jahren in Betrieb ist. Seit ein paar Jahren l\u00e4dt die Salzgrube in Bochnia viele Touristen zur unterirdischen Welt ein. Infolge der T\u00e4tigkeiten der Bergleute entstand hier ein Labyrinth unterirdischer G\u00e4nge und Kammern mit einer L\u00e4nge von 300 m, das bei den Touristen esthetische Eindr\u00fccke hinterl\u00e4sst.<\/p>\n<p>Eine Legende erz\u00e4hlt, dass Salz dank der heiligen Kinga, der Tochter des K\u00f6nigs von Ungarn Bel IV. gefunden wurde, die den Krakauer F\u00fcrsten Boleslaus heiratete. Kinga w\u00fcnschte sich von seinem Vater als Mitgift weder Gold noch wertvolle Steine, sondern nur Salz.<\/p>","map":null},"yoast_head":"<!-- This site is optimized with the Yoast SEO Premium plugin v25.4 (Yoast SEO v25.4) - https:\/\/yoast.com\/wordpress\/plugins\/seo\/ -->\n<title>Salzbergwerk Bochnia - Tarnowskie Centrum Informacji<\/title>\n<meta name=\"robots\" content=\"index, follow, max-snippet:-1, max-image-preview:large, max-video-preview:-1\" \/>\n<link rel=\"canonical\" href=\"https:\/\/www.it.tarnow.pl\/de\/es-ist-sehenswert\/salzbergwerk-bochnia\/\" \/>\n<meta property=\"og:locale\" content=\"de_DE\" \/>\n<meta property=\"og:type\" content=\"article\" \/>\n<meta property=\"og:title\" content=\"Salzbergwerk Bochnia\" \/>\n<meta property=\"og:description\" content=\"Die Salzgrube ist die \u00e4lteste von Polen (auf der Liste der UNESCO ab 2013; \u00e4lter als die Salzgrube in Wieliczka) und zugleich das \u00e4lteste Salzunternehmen, das ununterbrochen seit 750 Jahren [&hellip;]\" \/>\n<meta property=\"og:url\" content=\"https:\/\/www.it.tarnow.pl\/de\/es-ist-sehenswert\/salzbergwerk-bochnia\/\" \/>\n<meta property=\"og:site_name\" content=\"Tarnowskie Centrum Informacji\" \/>\n<meta property=\"article:modified_time\" content=\"2019-04-03T13:17:30+00:00\" \/>\n<meta property=\"og:image\" content=\"http:\/\/www.it.tarnow.pl\/wp-content\/uploads\/2019\/02\/kopalnia-bochnia-2014-02-1-202x300.jpg\" \/>\n<meta name=\"twitter:card\" content=\"summary_large_image\" \/>\n<meta name=\"twitter:label1\" content=\"Gesch\u00e4tzte Lesezeit\" \/>\n\t<meta name=\"twitter:data1\" content=\"3\u00a0Minuten\" \/>\n<script type=\"application\/ld+json\" class=\"yoast-schema-graph\">{\"@context\":\"https:\/\/schema.org\",\"@graph\":[{\"@type\":\"WebPage\",\"@id\":\"https:\/\/www.it.tarnow.pl\/de\/es-ist-sehenswert\/salzbergwerk-bochnia\/\",\"url\":\"https:\/\/www.it.tarnow.pl\/de\/es-ist-sehenswert\/salzbergwerk-bochnia\/\",\"name\":\"Salzbergwerk Bochnia - Tarnowskie Centrum Informacji\",\"isPartOf\":{\"@id\":\"https:\/\/www.it.tarnow.pl\/#website\"},\"primaryImageOfPage\":{\"@id\":\"https:\/\/www.it.tarnow.pl\/de\/es-ist-sehenswert\/salzbergwerk-bochnia\/#primaryimage\"},\"image\":{\"@id\":\"https:\/\/www.it.tarnow.pl\/de\/es-ist-sehenswert\/salzbergwerk-bochnia\/#primaryimage\"},\"thumbnailUrl\":\"http:\/\/www.it.tarnow.pl\/wp-content\/uploads\/2019\/02\/kopalnia-bochnia-2014-02-1-202x300.jpg\",\"datePublished\":\"2010-08-12T11:04:31+00:00\",\"dateModified\":\"2019-04-03T13:17:30+00:00\",\"breadcrumb\":{\"@id\":\"https:\/\/www.it.tarnow.pl\/de\/es-ist-sehenswert\/salzbergwerk-bochnia\/#breadcrumb\"},\"inLanguage\":\"de\",\"potentialAction\":[{\"@type\":\"ReadAction\",\"target\":[\"https:\/\/www.it.tarnow.pl\/de\/es-ist-sehenswert\/salzbergwerk-bochnia\/\"]}]},{\"@type\":\"ImageObject\",\"inLanguage\":\"de\",\"@id\":\"https:\/\/www.it.tarnow.pl\/de\/es-ist-sehenswert\/salzbergwerk-bochnia\/#primaryimage\",\"url\":\"http:\/\/www.it.tarnow.pl\/wp-content\/uploads\/2019\/02\/kopalnia-bochnia-2014-02-1-202x300.jpg\",\"contentUrl\":\"http:\/\/www.it.tarnow.pl\/wp-content\/uploads\/2019\/02\/kopalnia-bochnia-2014-02-1-202x300.jpg\"},{\"@type\":\"BreadcrumbList\",\"@id\":\"https:\/\/www.it.tarnow.pl\/de\/es-ist-sehenswert\/salzbergwerk-bochnia\/#breadcrumb\",\"itemListElement\":[{\"@type\":\"ListItem\",\"position\":1,\"name\":\"Homepage\",\"item\":\"https:\/\/www.it.tarnow.pl\/de\/\"},{\"@type\":\"ListItem\",\"position\":2,\"name\":\"Es ist sehenswert\",\"item\":\"https:\/\/www.it.tarnow.pl\/de\/es-ist-sehenswert\/\"},{\"@type\":\"ListItem\",\"position\":3,\"name\":\"Salzbergwerk Bochnia\"}]},{\"@type\":\"WebSite\",\"@id\":\"https:\/\/www.it.tarnow.pl\/#website\",\"url\":\"https:\/\/www.it.tarnow.pl\/\",\"name\":\"Tarnowskie Centrum Informacji\",\"description\":\"Informacja turystyczna o Tarnowie i regionie tarnowskim.\",\"potentialAction\":[{\"@type\":\"SearchAction\",\"target\":{\"@type\":\"EntryPoint\",\"urlTemplate\":\"https:\/\/www.it.tarnow.pl\/?s={search_term_string}\"},\"query-input\":{\"@type\":\"PropertyValueSpecification\",\"valueRequired\":true,\"valueName\":\"search_term_string\"}}],\"inLanguage\":\"de\"}]}<\/script>\n<!-- \/ Yoast SEO Premium plugin. -->","yoast_head_json":{"title":"Salzbergwerk Bochnia - Tarnowskie Centrum Informacji","robots":{"index":"index","follow":"follow","max-snippet":"max-snippet:-1","max-image-preview":"max-image-preview:large","max-video-preview":"max-video-preview:-1"},"canonical":"https:\/\/www.it.tarnow.pl\/de\/es-ist-sehenswert\/salzbergwerk-bochnia\/","og_locale":"de_DE","og_type":"article","og_title":"Salzbergwerk Bochnia","og_description":"Die Salzgrube ist die \u00e4lteste von Polen (auf der Liste der UNESCO ab 2013; \u00e4lter als die Salzgrube in Wieliczka) und zugleich das \u00e4lteste Salzunternehmen, das ununterbrochen seit 750 Jahren [&hellip;]","og_url":"https:\/\/www.it.tarnow.pl\/de\/es-ist-sehenswert\/salzbergwerk-bochnia\/","og_site_name":"Tarnowskie Centrum Informacji","article_modified_time":"2019-04-03T13:17:30+00:00","og_image":[{"url":"http:\/\/www.it.tarnow.pl\/wp-content\/uploads\/2019\/02\/kopalnia-bochnia-2014-02-1-202x300.jpg","type":"","width":"","height":""}],"twitter_card":"summary_large_image","twitter_misc":{"Gesch\u00e4tzte Lesezeit":"3\u00a0Minuten"},"schema":{"@context":"https:\/\/schema.org","@graph":[{"@type":"WebPage","@id":"https:\/\/www.it.tarnow.pl\/de\/es-ist-sehenswert\/salzbergwerk-bochnia\/","url":"https:\/\/www.it.tarnow.pl\/de\/es-ist-sehenswert\/salzbergwerk-bochnia\/","name":"Salzbergwerk Bochnia - Tarnowskie Centrum Informacji","isPartOf":{"@id":"https:\/\/www.it.tarnow.pl\/#website"},"primaryImageOfPage":{"@id":"https:\/\/www.it.tarnow.pl\/de\/es-ist-sehenswert\/salzbergwerk-bochnia\/#primaryimage"},"image":{"@id":"https:\/\/www.it.tarnow.pl\/de\/es-ist-sehenswert\/salzbergwerk-bochnia\/#primaryimage"},"thumbnailUrl":"http:\/\/www.it.tarnow.pl\/wp-content\/uploads\/2019\/02\/kopalnia-bochnia-2014-02-1-202x300.jpg","datePublished":"2010-08-12T11:04:31+00:00","dateModified":"2019-04-03T13:17:30+00:00","breadcrumb":{"@id":"https:\/\/www.it.tarnow.pl\/de\/es-ist-sehenswert\/salzbergwerk-bochnia\/#breadcrumb"},"inLanguage":"de","potentialAction":[{"@type":"ReadAction","target":["https:\/\/www.it.tarnow.pl\/de\/es-ist-sehenswert\/salzbergwerk-bochnia\/"]}]},{"@type":"ImageObject","inLanguage":"de","@id":"https:\/\/www.it.tarnow.pl\/de\/es-ist-sehenswert\/salzbergwerk-bochnia\/#primaryimage","url":"http:\/\/www.it.tarnow.pl\/wp-content\/uploads\/2019\/02\/kopalnia-bochnia-2014-02-1-202x300.jpg","contentUrl":"http:\/\/www.it.tarnow.pl\/wp-content\/uploads\/2019\/02\/kopalnia-bochnia-2014-02-1-202x300.jpg"},{"@type":"BreadcrumbList","@id":"https:\/\/www.it.tarnow.pl\/de\/es-ist-sehenswert\/salzbergwerk-bochnia\/#breadcrumb","itemListElement":[{"@type":"ListItem","position":1,"name":"Homepage","item":"https:\/\/www.it.tarnow.pl\/de\/"},{"@type":"ListItem","position":2,"name":"Es ist sehenswert","item":"https:\/\/www.it.tarnow.pl\/de\/es-ist-sehenswert\/"},{"@type":"ListItem","position":3,"name":"Salzbergwerk Bochnia"}]},{"@type":"WebSite","@id":"https:\/\/www.it.tarnow.pl\/#website","url":"https:\/\/www.it.tarnow.pl\/","name":"Tarnowskie Centrum Informacji","description":"Informacja turystyczna o Tarnowie i regionie tarnowskim.","potentialAction":[{"@type":"SearchAction","target":{"@type":"EntryPoint","urlTemplate":"https:\/\/www.it.tarnow.pl\/?s={search_term_string}"},"query-input":{"@type":"PropertyValueSpecification","valueRequired":true,"valueName":"search_term_string"}}],"inLanguage":"de"}]}},"_links":{"self":[{"href":"https:\/\/www.it.tarnow.pl\/de\/wp-json\/wp\/v2\/pages\/9820","targetHints":{"allow":["GET"]}}],"collection":[{"href":"https:\/\/www.it.tarnow.pl\/de\/wp-json\/wp\/v2\/pages"}],"about":[{"href":"https:\/\/www.it.tarnow.pl\/de\/wp-json\/wp\/v2\/types\/page"}],"author":[{"embeddable":true,"href":"https:\/\/www.it.tarnow.pl\/de\/wp-json\/wp\/v2\/users\/1"}],"replies":[{"embeddable":true,"href":"https:\/\/www.it.tarnow.pl\/de\/wp-json\/wp\/v2\/comments?post=9820"}],"version-history":[{"count":0,"href":"https:\/\/www.it.tarnow.pl\/de\/wp-json\/wp\/v2\/pages\/9820\/revisions"}],"up":[{"embeddable":true,"href":"https:\/\/www.it.tarnow.pl\/de\/wp-json\/wp\/v2\/pages\/9792"}],"wp:attachment":[{"href":"https:\/\/www.it.tarnow.pl\/de\/wp-json\/wp\/v2\/media?parent=9820"}],"wp:term":[{"taxonomy":"post_tag","embeddable":true,"href":"https:\/\/www.it.tarnow.pl\/de\/wp-json\/wp\/v2\/tags?post=9820"}],"curies":[{"name":"wp","href":"https:\/\/api.w.org\/{rel}","templated":true}]}}