{"id":9817,"date":"2011-02-11T13:08:28","date_gmt":"2011-02-11T12:08:28","guid":{"rendered":"http:\/\/www.it.tarnow.pl\/der-springbrunnen-das-sonnensystem\/"},"modified":"2021-11-20T15:03:13","modified_gmt":"2021-11-20T14:03:13","slug":"der-springbrunnen-das-sonnensystem","status":"publish","type":"page","link":"https:\/\/www.it.tarnow.pl\/de\/es-ist-sehenswert\/tarnow-13\/der-springbrunnen-das-sonnensystem\/","title":{"rendered":"Der Springbrunnen \u2013 das Sonnensystem"},"content":{"rendered":"<p><img loading=\"lazy\" decoding=\"async\" class=\"alignleft wp-image-205305 size-medium\" src=\"http:\/\/www.it.tarnow.pl\/wp-content\/uploads\/2021\/06\/Tarn\u00f3w-Fontanna-Uk\u0142ad-s\u0142oneczny-400x267.jpg\" alt=\"Fontanna &quot;Uk\u0142ad s\u0142oneczny&quot;&quot;\" width=\"400\" height=\"267\" \/>In der N\u00e4he des Bahnhofs und der Planty Kolejowe (Bahnhofsgr\u00fcnanlagen) befindet sich eine neue Kinderattraktion \u2013 ein Springbrunnen mit der Sonne und dem Sonnensystem. Der Stern wurde aus Glas und Stahl hergestellt und auf den Stahlumlaufbahnen bewegen sich die Granitplaneten. Die durch das Wasser angetriebene Planeten sehen wie die echten Himmelsk\u00f6rper aus, die sich um eigene Achse drehen. Da der Brunnen beleuchtet ist, lohnt es sich hier abends zu kommen, um die effektvollen Wasserspiele zu bewundern.<\/p>\r\n<p>Ein Hintergrund f\u00fcr das Sonnensystem bildet ein schwarzer Basalt, in dessen Leuchtdioden platziert wurden, die die anderen Sterne nachahmen.<\/p>\r\n<p>\u00dcber die Thematik des Springbrunnens entschied u. a. die Tatsache, dass in Tarn\u00f3w einer der ber\u00fchmtesten polnischen Kosmologen, Professor und Priester, Micha\u0142 Heller arbeitet und lebt. Priester Micha\u0142 Heller ist auch ein polnischer <a href=\"http:\/\/www.it.tarnow.pl\/index.php\/ger\/Es-ist-sehenwert\/Wussten-Sie-dass\/Professor-und-Priester-Michal-Heller-der-erste-polnische-Templeton-Preistraeger\">Templeton-Preistr\u00e4ger.<\/a><\/p>\r\n<p>&nbsp;<\/p>","protected":false},"excerpt":{"rendered":"In der N\u00e4he des Bahnhofs und der Planty Kolejowe (Bahnhofsgr\u00fcnanlagen) befindet sich eine neue Kinderattraktion \u2013 ein Springbrunnen mit der Sonne und dem Sonnensystem. Der Stern wurde aus Glas und [&hellip;]","protected":false},"author":18,"featured_media":0,"parent":9807,"menu_order":352,"comment_status":"closed","ping_status":"closed","template":"","meta":{"_acf_changed":false,"footnotes":""},"tags":[],"class_list":["post-9817","page","type-page","status-publish","hentry"],"acf":{"old_object_id":"6916","old_parent_id":"5631","old_url":"Es-ist-sehenswert\/Tarnow\/Der-Springbrunnen-das-Sonnensystem","intro_text":"","show_children":"1","class":"folder","type":"single","in_menu":true,"show_date":false,"map":"","old_id":"","rooms_info":"","top_column":"","left_column":"","right_column":"","bottom_column":"","skip_import":false,"_menu_related_id":"96088"},"yoast_head":"<!-- This site is optimized with the Yoast SEO Premium plugin v25.4 (Yoast SEO v25.4) - https:\/\/yoast.com\/wordpress\/plugins\/seo\/ -->\n<title>Der Springbrunnen \u2013 das Sonnensystem - Tarnowskie Centrum Informacji<\/title>\n<meta name=\"robots\" content=\"index, follow, max-snippet:-1, max-image-preview:large, max-video-preview:-1\" \/>\n<link rel=\"canonical\" href=\"https:\/\/www.it.tarnow.pl\/de\/es-ist-sehenswert\/tarnow-13\/der-springbrunnen-das-sonnensystem\/\" \/>\n<meta property=\"og:locale\" content=\"de_DE\" \/>\n<meta property=\"og:type\" content=\"article\" \/>\n<meta property=\"og:title\" content=\"Der Springbrunnen \u2013 das Sonnensystem\" \/>\n<meta property=\"og:description\" content=\"In der N\u00e4he des Bahnhofs und der Planty Kolejowe (Bahnhofsgr\u00fcnanlagen) befindet sich eine neue Kinderattraktion \u2013 ein Springbrunnen mit der Sonne und dem Sonnensystem. Der Stern wurde aus Glas und [&hellip;]\" \/>\n<meta property=\"og:url\" content=\"https:\/\/www.it.tarnow.pl\/de\/es-ist-sehenswert\/tarnow-13\/der-springbrunnen-das-sonnensystem\/\" \/>\n<meta property=\"og:site_name\" content=\"Tarnowskie Centrum Informacji\" \/>\n<meta property=\"article:modified_time\" content=\"2021-11-20T14:03:13+00:00\" \/>\n<meta name=\"twitter:card\" content=\"summary_large_image\" \/>\n<meta name=\"twitter:label1\" content=\"Gesch\u00e4tzte Lesezeit\" \/>\n\t<meta name=\"twitter:data1\" content=\"1\u00a0Minute\" \/>\n<script type=\"application\/ld+json\" class=\"yoast-schema-graph\">{\"@context\":\"https:\/\/schema.org\",\"@graph\":[{\"@type\":\"WebPage\",\"@id\":\"https:\/\/www.it.tarnow.pl\/de\/es-ist-sehenswert\/tarnow-13\/der-springbrunnen-das-sonnensystem\/\",\"url\":\"https:\/\/www.it.tarnow.pl\/de\/es-ist-sehenswert\/tarnow-13\/der-springbrunnen-das-sonnensystem\/\",\"name\":\"Der Springbrunnen \u2013 das Sonnensystem - Tarnowskie Centrum Informacji\",\"isPartOf\":{\"@id\":\"https:\/\/www.it.tarnow.pl\/#website\"},\"datePublished\":\"2011-02-11T12:08:28+00:00\",\"dateModified\":\"2021-11-20T14:03:13+00:00\",\"breadcrumb\":{\"@id\":\"https:\/\/www.it.tarnow.pl\/de\/es-ist-sehenswert\/tarnow-13\/der-springbrunnen-das-sonnensystem\/#breadcrumb\"},\"inLanguage\":\"de\",\"potentialAction\":[{\"@type\":\"ReadAction\",\"target\":[\"https:\/\/www.it.tarnow.pl\/de\/es-ist-sehenswert\/tarnow-13\/der-springbrunnen-das-sonnensystem\/\"]}]},{\"@type\":\"BreadcrumbList\",\"@id\":\"https:\/\/www.it.tarnow.pl\/de\/es-ist-sehenswert\/tarnow-13\/der-springbrunnen-das-sonnensystem\/#breadcrumb\",\"itemListElement\":[{\"@type\":\"ListItem\",\"position\":1,\"name\":\"Homepage\",\"item\":\"https:\/\/www.it.tarnow.pl\/de\/\"},{\"@type\":\"ListItem\",\"position\":2,\"name\":\"Es ist sehenswert\",\"item\":\"https:\/\/www.it.tarnow.pl\/de\/es-ist-sehenswert\/\"},{\"@type\":\"ListItem\",\"position\":3,\"name\":\"Tarn\u00f3w\",\"item\":\"https:\/\/www.it.tarnow.pl\/de\/es-ist-sehenswert\/tarnow-13\/\"},{\"@type\":\"ListItem\",\"position\":4,\"name\":\"Der Springbrunnen \u2013 das Sonnensystem\"}]},{\"@type\":\"WebSite\",\"@id\":\"https:\/\/www.it.tarnow.pl\/#website\",\"url\":\"https:\/\/www.it.tarnow.pl\/\",\"name\":\"Tarnowskie Centrum Informacji\",\"description\":\"Informacja turystyczna o Tarnowie i regionie tarnowskim.\",\"potentialAction\":[{\"@type\":\"SearchAction\",\"target\":{\"@type\":\"EntryPoint\",\"urlTemplate\":\"https:\/\/www.it.tarnow.pl\/?s={search_term_string}\"},\"query-input\":{\"@type\":\"PropertyValueSpecification\",\"valueRequired\":true,\"valueName\":\"search_term_string\"}}],\"inLanguage\":\"de\"}]}<\/script>\n<!-- \/ Yoast SEO Premium plugin. -->","yoast_head_json":{"title":"Der Springbrunnen \u2013 das Sonnensystem - Tarnowskie Centrum Informacji","robots":{"index":"index","follow":"follow","max-snippet":"max-snippet:-1","max-image-preview":"max-image-preview:large","max-video-preview":"max-video-preview:-1"},"canonical":"https:\/\/www.it.tarnow.pl\/de\/es-ist-sehenswert\/tarnow-13\/der-springbrunnen-das-sonnensystem\/","og_locale":"de_DE","og_type":"article","og_title":"Der Springbrunnen \u2013 das Sonnensystem","og_description":"In der N\u00e4he des Bahnhofs und der Planty Kolejowe (Bahnhofsgr\u00fcnanlagen) befindet sich eine neue Kinderattraktion \u2013 ein Springbrunnen mit der Sonne und dem Sonnensystem. Der Stern wurde aus Glas und [&hellip;]","og_url":"https:\/\/www.it.tarnow.pl\/de\/es-ist-sehenswert\/tarnow-13\/der-springbrunnen-das-sonnensystem\/","og_site_name":"Tarnowskie Centrum Informacji","article_modified_time":"2021-11-20T14:03:13+00:00","twitter_card":"summary_large_image","twitter_misc":{"Gesch\u00e4tzte Lesezeit":"1\u00a0Minute"},"schema":{"@context":"https:\/\/schema.org","@graph":[{"@type":"WebPage","@id":"https:\/\/www.it.tarnow.pl\/de\/es-ist-sehenswert\/tarnow-13\/der-springbrunnen-das-sonnensystem\/","url":"https:\/\/www.it.tarnow.pl\/de\/es-ist-sehenswert\/tarnow-13\/der-springbrunnen-das-sonnensystem\/","name":"Der Springbrunnen \u2013 das Sonnensystem - Tarnowskie Centrum Informacji","isPartOf":{"@id":"https:\/\/www.it.tarnow.pl\/#website"},"datePublished":"2011-02-11T12:08:28+00:00","dateModified":"2021-11-20T14:03:13+00:00","breadcrumb":{"@id":"https:\/\/www.it.tarnow.pl\/de\/es-ist-sehenswert\/tarnow-13\/der-springbrunnen-das-sonnensystem\/#breadcrumb"},"inLanguage":"de","potentialAction":[{"@type":"ReadAction","target":["https:\/\/www.it.tarnow.pl\/de\/es-ist-sehenswert\/tarnow-13\/der-springbrunnen-das-sonnensystem\/"]}]},{"@type":"BreadcrumbList","@id":"https:\/\/www.it.tarnow.pl\/de\/es-ist-sehenswert\/tarnow-13\/der-springbrunnen-das-sonnensystem\/#breadcrumb","itemListElement":[{"@type":"ListItem","position":1,"name":"Homepage","item":"https:\/\/www.it.tarnow.pl\/de\/"},{"@type":"ListItem","position":2,"name":"Es ist sehenswert","item":"https:\/\/www.it.tarnow.pl\/de\/es-ist-sehenswert\/"},{"@type":"ListItem","position":3,"name":"Tarn\u00f3w","item":"https:\/\/www.it.tarnow.pl\/de\/es-ist-sehenswert\/tarnow-13\/"},{"@type":"ListItem","position":4,"name":"Der Springbrunnen \u2013 das Sonnensystem"}]},{"@type":"WebSite","@id":"https:\/\/www.it.tarnow.pl\/#website","url":"https:\/\/www.it.tarnow.pl\/","name":"Tarnowskie Centrum Informacji","description":"Informacja turystyczna o Tarnowie i regionie tarnowskim.","potentialAction":[{"@type":"SearchAction","target":{"@type":"EntryPoint","urlTemplate":"https:\/\/www.it.tarnow.pl\/?s={search_term_string}"},"query-input":{"@type":"PropertyValueSpecification","valueRequired":true,"valueName":"search_term_string"}}],"inLanguage":"de"}]}},"_links":{"self":[{"href":"https:\/\/www.it.tarnow.pl\/de\/wp-json\/wp\/v2\/pages\/9817","targetHints":{"allow":["GET"]}}],"collection":[{"href":"https:\/\/www.it.tarnow.pl\/de\/wp-json\/wp\/v2\/pages"}],"about":[{"href":"https:\/\/www.it.tarnow.pl\/de\/wp-json\/wp\/v2\/types\/page"}],"author":[{"embeddable":true,"href":"https:\/\/www.it.tarnow.pl\/de\/wp-json\/wp\/v2\/users\/18"}],"replies":[{"embeddable":true,"href":"https:\/\/www.it.tarnow.pl\/de\/wp-json\/wp\/v2\/comments?post=9817"}],"version-history":[{"count":0,"href":"https:\/\/www.it.tarnow.pl\/de\/wp-json\/wp\/v2\/pages\/9817\/revisions"}],"up":[{"embeddable":true,"href":"https:\/\/www.it.tarnow.pl\/de\/wp-json\/wp\/v2\/pages\/9807"}],"wp:attachment":[{"href":"https:\/\/www.it.tarnow.pl\/de\/wp-json\/wp\/v2\/media?parent=9817"}],"wp:term":[{"taxonomy":"post_tag","embeddable":true,"href":"https:\/\/www.it.tarnow.pl\/de\/wp-json\/wp\/v2\/tags?post=9817"}],"curies":[{"name":"wp","href":"https:\/\/api.w.org\/{rel}","templated":true}]}}