{"id":9815,"date":"2010-08-10T14:49:36","date_gmt":"2010-08-10T12:49:36","guid":{"rendered":"http:\/\/www.it.tarnow.pl\/museen\/"},"modified":"2021-11-20T15:01:03","modified_gmt":"2021-11-20T14:01:03","slug":"museen","status":"publish","type":"page","link":"https:\/\/www.it.tarnow.pl\/de\/es-ist-sehenswert\/tarnow-13\/museen\/","title":{"rendered":"Museen"},"content":{"rendered":"<p><img loading=\"lazy\" decoding=\"async\" width=\"400\" height=\"300\" class=\"size-medium alignright wp-image-25680\" src=\"http:\/\/www.it.tarnow.pl\/wp-content\/uploads\/2019\/02\/TARNOW-Muzeum-Diecezjalne-2-400x300.jpg\" alt=\"\" srcset=\"https:\/\/www.it.tarnow.pl\/wp-content\/uploads\/2019\/02\/TARNOW-Muzeum-Diecezjalne-2-400x300.jpg 400w, https:\/\/www.it.tarnow.pl\/wp-content\/uploads\/2019\/02\/TARNOW-Muzeum-Diecezjalne-2-768x576.jpg 768w, https:\/\/www.it.tarnow.pl\/wp-content\/uploads\/2019\/02\/TARNOW-Muzeum-Diecezjalne-2-650x488.jpg 650w, https:\/\/www.it.tarnow.pl\/wp-content\/uploads\/2019\/02\/TARNOW-Muzeum-Diecezjalne-2-300x225.jpg 300w, https:\/\/www.it.tarnow.pl\/wp-content\/uploads\/2019\/02\/TARNOW-Muzeum-Diecezjalne-2.jpg 1024w\" sizes=\"auto, (max-width: 400px) 100vw, 400px\" \/><\/p>\r\n<p><b>Das Di\u00f6zesanmuseum<\/b> in Tarn\u00f3w ist das \u00e4lteste seiner Art in Polen. Es wurde im Jahre 1888 von dem damaligen Regens des Priesterseminars Joseph B\u0105ba gegr\u00fcndet und fand zuerst Platz im Seminargeb\u00e4ude, dann in der Zwischenkriegszeit im Geb\u00e4ude des Rathauses, jetzt befindet sich das Di\u00f6zesanmuseum in einem der sehensw\u00fcrdigsten Geb\u00e4ude aus dem 16. Jahrhundert, die die Kathedrale umgeben. Den Geb\u00e4udekomplex des Museums bilden:<\/p>\r\n<ul>\r\n\t<li>die fr\u00fchere Academiola, wie die erste Tarnower Schule genannt wurde, weil sie eine Filiale der Krakauer Akademie war.<\/li>\r\n\t<li>das Miko\u0142ajowski Haus, das von dem Stadtb\u00fcrger Jan Miko\u0142ajowski im Jahre 1524 erbaut wurde und das von dem Regens der erw\u00e4hnten Academiola bewohnt wurde.<\/li>\r\n\t<li>das Haus der Mansionare und die Scholasteria( Lehrerhaus).<\/li>\r\n<\/ul>\r\n<p>&nbsp;<\/p>\r\n<p><img loading=\"lazy\" decoding=\"async\" width=\"300\" height=\"400\" class=\"size-medium alignleft wp-image-21474\" src=\"http:\/\/www.it.tarnow.pl\/wp-content\/uploads\/2019\/02\/TARNOW-Dom-Mikolajowskich-03-300x400.jpg\" alt=\"\" srcset=\"https:\/\/www.it.tarnow.pl\/wp-content\/uploads\/2019\/02\/TARNOW-Dom-Mikolajowskich-03-300x400.jpg 300w, https:\/\/www.it.tarnow.pl\/wp-content\/uploads\/2019\/02\/TARNOW-Dom-Mikolajowskich-03.jpg 768w, https:\/\/www.it.tarnow.pl\/wp-content\/uploads\/2019\/02\/TARNOW-Dom-Mikolajowskich-03-488x650.jpg 488w, https:\/\/www.it.tarnow.pl\/wp-content\/uploads\/2019\/02\/TARNOW-Dom-Mikolajowskich-03-225x300.jpg 225w\" sizes=\"auto, (max-width: 300px) 100vw, 300px\" \/><\/p>\r\n<p>Die genannten H\u00e4user, die die Kathedrale von der westlichen Seite umgeben bilden eine herrliche Gegend der Altstadt, wo sich die Sammlungen des Tarnower Di\u00f6zesanmuseums befinden.<br \/>\r\n\u00a0<br \/>\r\n\u00a0Der wichtigste Teil der Sammlung sind die Monumente der Innungskunst: gotische Skulpturen und Malereien von der Umgebung Kleinpolens, welche die Kunstschule von Krakow- Nowy S\u0105cz repr\u00e4sentieren. Diese Sehensw\u00fcrdigkeiten spiele eine bedeutende Rolle, erlauben eine tiefe Einsicht in die Geschichte der polnischen Kunst im Mittelalter und lassen das Niveau gut erkennen. Der zweite Teil beinhaltet Messnerstoffe (Messgew\u00e4nder, Kappen usw.) aus der Mittelalterzeit bis zum 19. Jahrhundert. Au\u00dferdem befindet sich im Di\u00f6zesanmuseum auch eine Abteilung mit Volkskunst, wo insbesondere die mit Bildern bemalten Gl\u00e4ser Beachtung finden, die aus Europa, oder anderen Kontinenten stammen.<\/p>\r\n<p>&nbsp;<\/p>\r\n<p><img loading=\"lazy\" decoding=\"async\" width=\"400\" height=\"300\" class=\"size-medium alignright wp-image-21158\" src=\"http:\/\/www.it.tarnow.pl\/wp-content\/uploads\/2019\/02\/TARNOW-Muzeum-Diecezjalne-400x300.jpg\" alt=\"\" srcset=\"https:\/\/www.it.tarnow.pl\/wp-content\/uploads\/2019\/02\/TARNOW-Muzeum-Diecezjalne-400x300.jpg 400w, https:\/\/www.it.tarnow.pl\/wp-content\/uploads\/2019\/02\/TARNOW-Muzeum-Diecezjalne-768x576.jpg 768w, https:\/\/www.it.tarnow.pl\/wp-content\/uploads\/2019\/02\/TARNOW-Muzeum-Diecezjalne-650x488.jpg 650w, https:\/\/www.it.tarnow.pl\/wp-content\/uploads\/2019\/02\/TARNOW-Muzeum-Diecezjalne-300x225.jpg 300w, https:\/\/www.it.tarnow.pl\/wp-content\/uploads\/2019\/02\/TARNOW-Muzeum-Diecezjalne.jpg 1024w\" sizes=\"auto, (max-width: 400px) 100vw, 400px\" \/><\/p>\r\n<p>Dies hat im Jahre 1957 als Gabe ein sowohl in Polen als auch im Ausland bekannter Sammler Norbert Lipp\u00f3czy dem Di\u00f6zesanmuseum \u00fcbergeben. Im Museum befinden sich auch Beispiele der gegenw\u00e4rtigen Volkskunst, vor allem die Skulpturen aus dem lebendigen Volkszentrum dieser Kunst in Paszyn bei Nowy S\u0105cz. Im Jahre 1988, anl\u00e4sslich des 100- j\u00e4hrigen Jubil\u00e4ums wurde das Di\u00f6zesanmuseum in Tarnow durch eine neue Sammlung bereichert: zahlreiche Kunstgegenst\u00e4nde aus der Zeit um 1900. Es sind vor allem Bilder von bekannten polnischen Malern wie Jacek Malczewski, Vlastimil Hofman, Kazimierz Sichulski, Wojciech Weiss, wie auch eine Porzellan- und Uhrensammlung. All diese Kunstgegenst\u00e4nde sind die Schenkung einer Sammlerin aus Tarnow, Olga Majewska.<\/p>\r\n<p>&nbsp;<\/p>\r\n<p>\u00a0<b>Das Ethnographische Museum<\/b><\/p>\r\n<p><img loading=\"lazy\" decoding=\"async\" width=\"400\" height=\"300\" class=\"size-medium alignright wp-image-21203\" src=\"http:\/\/www.it.tarnow.pl\/wp-content\/uploads\/2019\/02\/TARNOW-Muzeum-Etnograficzne-400x300.jpg\" alt=\"\" srcset=\"https:\/\/www.it.tarnow.pl\/wp-content\/uploads\/2019\/02\/TARNOW-Muzeum-Etnograficzne-400x300.jpg 400w, https:\/\/www.it.tarnow.pl\/wp-content\/uploads\/2019\/02\/TARNOW-Muzeum-Etnograficzne-768x576.jpg 768w, https:\/\/www.it.tarnow.pl\/wp-content\/uploads\/2019\/02\/TARNOW-Muzeum-Etnograficzne-650x488.jpg 650w, https:\/\/www.it.tarnow.pl\/wp-content\/uploads\/2019\/02\/TARNOW-Muzeum-Etnograficzne-300x225.jpg 300w, https:\/\/www.it.tarnow.pl\/wp-content\/uploads\/2019\/02\/TARNOW-Muzeum-Etnograficzne.jpg 1024w\" sizes=\"auto, (max-width: 400px) 100vw, 400px\" \/><\/p>\r\n<p>Das Ethnographische Museum in Tarnow befindet sich in einem Herrenhaus, das auf die Wende zwischen dem 18. und dem 19. Jh. zur\u00fcckdatiert. Die in Europa einzige permanente Austellung der Geschichte und Kultur der Zigeuner wird hier pr\u00e4sentiert.<\/p>\r\n<p>&nbsp;<\/p>\r\n<p>\u00a0<b>Das Bezirksmuseum Rynek 20 ( Marktplatz 20)<\/b><\/p>\r\n<p>Ein Haus im Renaissancestil, um das Jahr 1565 erbaut, einst\u00f6ckig, mit Arkaden und einem ger\u00e4umigen Keller. Im 18. Jahrhundert wurde es tief ins Erdreich umgebaut. Im Jahre 1735 wurde es wegen des Brandes zerst\u00f6rt.<\/p>\r\n<p><img loading=\"lazy\" decoding=\"async\" width=\"400\" height=\"300\" class=\"size-medium wp-image-21603 alignright\" src=\"http:\/\/www.it.tarnow.pl\/wp-content\/uploads\/2019\/02\/TARNOW-Rynek-podcienia-400x300.jpg\" alt=\"\" srcset=\"https:\/\/www.it.tarnow.pl\/wp-content\/uploads\/2019\/02\/TARNOW-Rynek-podcienia-400x300.jpg 400w, https:\/\/www.it.tarnow.pl\/wp-content\/uploads\/2019\/02\/TARNOW-Rynek-podcienia-768x576.jpg 768w, https:\/\/www.it.tarnow.pl\/wp-content\/uploads\/2019\/02\/TARNOW-Rynek-podcienia-650x488.jpg 650w, https:\/\/www.it.tarnow.pl\/wp-content\/uploads\/2019\/02\/TARNOW-Rynek-podcienia-300x225.jpg 300w, https:\/\/www.it.tarnow.pl\/wp-content\/uploads\/2019\/02\/TARNOW-Rynek-podcienia.jpg 1024w\" sizes=\"auto, (max-width: 400px) 100vw, 400px\" \/>Damals geh\u00f6rte das Haus der schottischen Familie Huyson. 1780 wurden die inneren R\u00e4ume des Hauses mit dem benachbarten B\u00fcrgerhaus ( Rynek 21) zusammen verbunden. Auf diese Weise wurde das Haus f\u00fcr den \u00f6sterreichischen Genaral d\u00c2\u00b4Alton zum Quartier geworden, der im Auftrag \u00d6sterreich im Jahre 1772 die Stadt besetzte. 1942 wurde es restauriert und mit Fassaden verziert, in den Jahren 1946-47 wurden die Arkaden rekonstruiert, seit 1949 wurde das Haus durch das Museum \u00fcbernommen.<\/p>\r\n<p>&nbsp;<\/p>\r\n<p><img loading=\"lazy\" decoding=\"async\" class=\"alignleft wp-image-190197 size-medium\" src=\"http:\/\/www.it.tarnow.pl\/wp-content\/uploads\/2020\/05\/Rynek-kamienice-Tarn\u00f3w-4-400x267.jpg\" alt=\"\" width=\"400\" height=\"267\" \/><\/p>\r\n<p><strong>Das B\u00fcrgerhaus &#8211; Rynek 21 (Marktplatz 21)<\/strong> wurde in der zweiten H\u00e4lfte des 16. Jhd. erbaut als einst\u00f6ckiges Geb\u00e4ude mit einer zweijochigen Arkade und einem Keller, wo das Steinmetzhandwerk sehr repr\u00e4sentativ ist. 1735 wurde das so genannte &#8222;Kaczewiczowski B\u00fcrgerhaus&#8220; infolge eines Brandes besch\u00e4digt. 1780 wurde es restauriert und durch einen Durchgang mit dem benachbarten Haus verbunden, wo sich die Unterkunft des Generals d\u00c2\u00b4Alton befand. Anfang des 19. Jhd. gelangte das Haus in j\u00fcdische H\u00e4nde. In den Jahren 1946-49 fand eine gr\u00fcndliche Renovierung des Geb\u00e4udes statt. Seit 1975 ist das Haus im Besitze des Bezirksmuseums.<\/p>\r\n<p>&nbsp;<\/p>\r\n<p>\u00a0<b>Das Rathaus<\/b><\/p>\r\n<p><img loading=\"lazy\" decoding=\"async\" class=\"alignleft wp-image-72546\" src=\"http:\/\/www.it.tarnow.pl\/wp-content\/uploads\/2019\/02\/Tarn\u00f3w-Ratusz-DSC01285-300x200.jpg\" alt=\"\" width=\"400\" height=\"266\" \/><\/p>\r\n<p>In den Jahren 1889-92 wurde das Rathaus gr\u00fcndlich wiederaufgebaut. Die Konservationsarbeiten erfolgten in den Jahren 1962-68, wobei auch die Innenr\u00e4ume den musealen Zwecken angepasst wurden. Zurzeit befindet sich im Rathaus eine st\u00e4ndige Ausstellung des Regionalmuseums. Diese Ausstellung umfasst haupts\u00e4chlich die Kunstsammlungen aus dem Palast der F\u00fcrsten Sanguszko: Portr\u00e4ts von Sarmaten, Militaria der R\u00fcstkammer aus der Burg in Podhorce, Porzellan- und Silberausstellung.<\/p>\r\n<p>&nbsp;<\/p>\r\n<p><img loading=\"lazy\" decoding=\"async\" width=\"400\" height=\"300\" class=\"size-medium alignright wp-image-21309\" src=\"http:\/\/www.it.tarnow.pl\/wp-content\/uploads\/2019\/02\/TARNOW-Rynek-02-400x300.jpg\" alt=\"\" srcset=\"https:\/\/www.it.tarnow.pl\/wp-content\/uploads\/2019\/02\/TARNOW-Rynek-02-400x300.jpg 400w, https:\/\/www.it.tarnow.pl\/wp-content\/uploads\/2019\/02\/TARNOW-Rynek-02-768x576.jpg 768w, https:\/\/www.it.tarnow.pl\/wp-content\/uploads\/2019\/02\/TARNOW-Rynek-02-650x488.jpg 650w, https:\/\/www.it.tarnow.pl\/wp-content\/uploads\/2019\/02\/TARNOW-Rynek-02-300x225.jpg 300w, https:\/\/www.it.tarnow.pl\/wp-content\/uploads\/2019\/02\/TARNOW-Rynek-02.jpg 1024w\" sizes=\"auto, (max-width: 400px) 100vw, 400px\" \/><\/p>\r\n<p>&nbsp;<\/p>\r\n<p>\u00a0<b>Ausstellungen<\/b><\/p>\r\n<p>\u00a0Es gibt Zeitausstellungen in der Galerie im ersten Stock nach einem j\u00e4hrlichen Terminkalender. In der Galerie &#8220; Piwnica&#8220; ( Keller)- Zeitausstellungen nach einem j\u00e4hrlichen Terminkalender. F\u00fcr beide Ausstellungen gilt eine Eintrittskarte. Es besteht die M\u00f6glichkeit Anrechtskarten g\u00fcnstig zu kaufen, die berechtigen die Sammlungen im Hauptgeb\u00e4ude des Museums, im Rathaus und im Ethnographischen Museum zu besichtigen<\/p>","protected":false},"excerpt":{"rendered":"Das Di\u00f6zesanmuseum in Tarn\u00f3w ist das \u00e4lteste seiner Art in Polen. Es wurde im Jahre 1888 von dem damaligen Regens des Priesterseminars Joseph B\u0105ba gegr\u00fcndet und fand zuerst Platz im [&hellip;]","protected":false},"author":1,"featured_media":0,"parent":9807,"menu_order":292,"comment_status":"closed","ping_status":"closed","template":"","meta":{"_acf_changed":false,"footnotes":""},"tags":[],"class_list":["post-9815","page","type-page","status-publish","hentry"],"acf":{"old_object_id":"5638","old_parent_id":"5631","old_url":"Es-ist-sehenswert\/Tarnow\/Museen","intro_text":"","show_children":"1","class":"folder","type":"single","in_menu":true,"show_date":false,"map":"","old_id":"","rooms_info":"","top_column":"","left_column":"","right_column":"","bottom_column":"","skip_import":false,"_menu_related_id":"96092"},"yoast_head":"<!-- This site is optimized with the Yoast SEO Premium plugin v25.4 (Yoast SEO v25.4) - https:\/\/yoast.com\/wordpress\/plugins\/seo\/ -->\n<title>Museen - Tarnowskie Centrum Informacji<\/title>\n<meta name=\"robots\" content=\"index, follow, max-snippet:-1, max-image-preview:large, max-video-preview:-1\" \/>\n<link rel=\"canonical\" href=\"https:\/\/www.it.tarnow.pl\/de\/es-ist-sehenswert\/tarnow-13\/museen\/\" \/>\n<meta property=\"og:locale\" content=\"de_DE\" \/>\n<meta property=\"og:type\" content=\"article\" \/>\n<meta property=\"og:title\" content=\"Museen\" \/>\n<meta property=\"og:description\" content=\"Das Di\u00f6zesanmuseum in Tarn\u00f3w ist das \u00e4lteste seiner Art in Polen. Es wurde im Jahre 1888 von dem damaligen Regens des Priesterseminars Joseph B\u0105ba gegr\u00fcndet und fand zuerst Platz im [&hellip;]\" \/>\n<meta property=\"og:url\" content=\"https:\/\/www.it.tarnow.pl\/de\/es-ist-sehenswert\/tarnow-13\/museen\/\" \/>\n<meta property=\"og:site_name\" content=\"Tarnowskie Centrum Informacji\" \/>\n<meta property=\"article:modified_time\" content=\"2021-11-20T14:01:03+00:00\" \/>\n<meta property=\"og:image\" content=\"http:\/\/www.it.tarnow.pl\/wp-content\/uploads\/2019\/02\/TARNOW-Muzeum-Diecezjalne-2-400x300.jpg\" \/>\n<meta name=\"twitter:card\" content=\"summary_large_image\" \/>\n<meta name=\"twitter:label1\" content=\"Gesch\u00e4tzte Lesezeit\" \/>\n\t<meta name=\"twitter:data1\" content=\"4\u00a0Minuten\" \/>\n<script type=\"application\/ld+json\" class=\"yoast-schema-graph\">{\"@context\":\"https:\/\/schema.org\",\"@graph\":[{\"@type\":\"WebPage\",\"@id\":\"https:\/\/www.it.tarnow.pl\/de\/es-ist-sehenswert\/tarnow-13\/museen\/\",\"url\":\"https:\/\/www.it.tarnow.pl\/de\/es-ist-sehenswert\/tarnow-13\/museen\/\",\"name\":\"Museen - Tarnowskie Centrum Informacji\",\"isPartOf\":{\"@id\":\"https:\/\/www.it.tarnow.pl\/#website\"},\"primaryImageOfPage\":{\"@id\":\"https:\/\/www.it.tarnow.pl\/de\/es-ist-sehenswert\/tarnow-13\/museen\/#primaryimage\"},\"image\":{\"@id\":\"https:\/\/www.it.tarnow.pl\/de\/es-ist-sehenswert\/tarnow-13\/museen\/#primaryimage\"},\"thumbnailUrl\":\"http:\/\/www.it.tarnow.pl\/wp-content\/uploads\/2019\/02\/TARNOW-Muzeum-Diecezjalne-2-400x300.jpg\",\"datePublished\":\"2010-08-10T12:49:36+00:00\",\"dateModified\":\"2021-11-20T14:01:03+00:00\",\"breadcrumb\":{\"@id\":\"https:\/\/www.it.tarnow.pl\/de\/es-ist-sehenswert\/tarnow-13\/museen\/#breadcrumb\"},\"inLanguage\":\"de\",\"potentialAction\":[{\"@type\":\"ReadAction\",\"target\":[\"https:\/\/www.it.tarnow.pl\/de\/es-ist-sehenswert\/tarnow-13\/museen\/\"]}]},{\"@type\":\"ImageObject\",\"inLanguage\":\"de\",\"@id\":\"https:\/\/www.it.tarnow.pl\/de\/es-ist-sehenswert\/tarnow-13\/museen\/#primaryimage\",\"url\":\"http:\/\/www.it.tarnow.pl\/wp-content\/uploads\/2019\/02\/TARNOW-Muzeum-Diecezjalne-2-400x300.jpg\",\"contentUrl\":\"http:\/\/www.it.tarnow.pl\/wp-content\/uploads\/2019\/02\/TARNOW-Muzeum-Diecezjalne-2-400x300.jpg\"},{\"@type\":\"BreadcrumbList\",\"@id\":\"https:\/\/www.it.tarnow.pl\/de\/es-ist-sehenswert\/tarnow-13\/museen\/#breadcrumb\",\"itemListElement\":[{\"@type\":\"ListItem\",\"position\":1,\"name\":\"Homepage\",\"item\":\"https:\/\/www.it.tarnow.pl\/de\/\"},{\"@type\":\"ListItem\",\"position\":2,\"name\":\"Es ist sehenswert\",\"item\":\"https:\/\/www.it.tarnow.pl\/de\/es-ist-sehenswert\/\"},{\"@type\":\"ListItem\",\"position\":3,\"name\":\"Tarn\u00f3w\",\"item\":\"https:\/\/www.it.tarnow.pl\/de\/es-ist-sehenswert\/tarnow-13\/\"},{\"@type\":\"ListItem\",\"position\":4,\"name\":\"Museen\"}]},{\"@type\":\"WebSite\",\"@id\":\"https:\/\/www.it.tarnow.pl\/#website\",\"url\":\"https:\/\/www.it.tarnow.pl\/\",\"name\":\"Tarnowskie Centrum Informacji\",\"description\":\"Informacja turystyczna o Tarnowie i regionie tarnowskim.\",\"potentialAction\":[{\"@type\":\"SearchAction\",\"target\":{\"@type\":\"EntryPoint\",\"urlTemplate\":\"https:\/\/www.it.tarnow.pl\/?s={search_term_string}\"},\"query-input\":{\"@type\":\"PropertyValueSpecification\",\"valueRequired\":true,\"valueName\":\"search_term_string\"}}],\"inLanguage\":\"de\"}]}<\/script>\n<!-- \/ Yoast SEO Premium plugin. -->","yoast_head_json":{"title":"Museen - Tarnowskie Centrum Informacji","robots":{"index":"index","follow":"follow","max-snippet":"max-snippet:-1","max-image-preview":"max-image-preview:large","max-video-preview":"max-video-preview:-1"},"canonical":"https:\/\/www.it.tarnow.pl\/de\/es-ist-sehenswert\/tarnow-13\/museen\/","og_locale":"de_DE","og_type":"article","og_title":"Museen","og_description":"Das Di\u00f6zesanmuseum in Tarn\u00f3w ist das \u00e4lteste seiner Art in Polen. Es wurde im Jahre 1888 von dem damaligen Regens des Priesterseminars Joseph B\u0105ba gegr\u00fcndet und fand zuerst Platz im [&hellip;]","og_url":"https:\/\/www.it.tarnow.pl\/de\/es-ist-sehenswert\/tarnow-13\/museen\/","og_site_name":"Tarnowskie Centrum Informacji","article_modified_time":"2021-11-20T14:01:03+00:00","og_image":[{"url":"http:\/\/www.it.tarnow.pl\/wp-content\/uploads\/2019\/02\/TARNOW-Muzeum-Diecezjalne-2-400x300.jpg","type":"","width":"","height":""}],"twitter_card":"summary_large_image","twitter_misc":{"Gesch\u00e4tzte Lesezeit":"4\u00a0Minuten"},"schema":{"@context":"https:\/\/schema.org","@graph":[{"@type":"WebPage","@id":"https:\/\/www.it.tarnow.pl\/de\/es-ist-sehenswert\/tarnow-13\/museen\/","url":"https:\/\/www.it.tarnow.pl\/de\/es-ist-sehenswert\/tarnow-13\/museen\/","name":"Museen - Tarnowskie Centrum Informacji","isPartOf":{"@id":"https:\/\/www.it.tarnow.pl\/#website"},"primaryImageOfPage":{"@id":"https:\/\/www.it.tarnow.pl\/de\/es-ist-sehenswert\/tarnow-13\/museen\/#primaryimage"},"image":{"@id":"https:\/\/www.it.tarnow.pl\/de\/es-ist-sehenswert\/tarnow-13\/museen\/#primaryimage"},"thumbnailUrl":"http:\/\/www.it.tarnow.pl\/wp-content\/uploads\/2019\/02\/TARNOW-Muzeum-Diecezjalne-2-400x300.jpg","datePublished":"2010-08-10T12:49:36+00:00","dateModified":"2021-11-20T14:01:03+00:00","breadcrumb":{"@id":"https:\/\/www.it.tarnow.pl\/de\/es-ist-sehenswert\/tarnow-13\/museen\/#breadcrumb"},"inLanguage":"de","potentialAction":[{"@type":"ReadAction","target":["https:\/\/www.it.tarnow.pl\/de\/es-ist-sehenswert\/tarnow-13\/museen\/"]}]},{"@type":"ImageObject","inLanguage":"de","@id":"https:\/\/www.it.tarnow.pl\/de\/es-ist-sehenswert\/tarnow-13\/museen\/#primaryimage","url":"http:\/\/www.it.tarnow.pl\/wp-content\/uploads\/2019\/02\/TARNOW-Muzeum-Diecezjalne-2-400x300.jpg","contentUrl":"http:\/\/www.it.tarnow.pl\/wp-content\/uploads\/2019\/02\/TARNOW-Muzeum-Diecezjalne-2-400x300.jpg"},{"@type":"BreadcrumbList","@id":"https:\/\/www.it.tarnow.pl\/de\/es-ist-sehenswert\/tarnow-13\/museen\/#breadcrumb","itemListElement":[{"@type":"ListItem","position":1,"name":"Homepage","item":"https:\/\/www.it.tarnow.pl\/de\/"},{"@type":"ListItem","position":2,"name":"Es ist sehenswert","item":"https:\/\/www.it.tarnow.pl\/de\/es-ist-sehenswert\/"},{"@type":"ListItem","position":3,"name":"Tarn\u00f3w","item":"https:\/\/www.it.tarnow.pl\/de\/es-ist-sehenswert\/tarnow-13\/"},{"@type":"ListItem","position":4,"name":"Museen"}]},{"@type":"WebSite","@id":"https:\/\/www.it.tarnow.pl\/#website","url":"https:\/\/www.it.tarnow.pl\/","name":"Tarnowskie Centrum Informacji","description":"Informacja turystyczna o Tarnowie i regionie tarnowskim.","potentialAction":[{"@type":"SearchAction","target":{"@type":"EntryPoint","urlTemplate":"https:\/\/www.it.tarnow.pl\/?s={search_term_string}"},"query-input":{"@type":"PropertyValueSpecification","valueRequired":true,"valueName":"search_term_string"}}],"inLanguage":"de"}]}},"_links":{"self":[{"href":"https:\/\/www.it.tarnow.pl\/de\/wp-json\/wp\/v2\/pages\/9815","targetHints":{"allow":["GET"]}}],"collection":[{"href":"https:\/\/www.it.tarnow.pl\/de\/wp-json\/wp\/v2\/pages"}],"about":[{"href":"https:\/\/www.it.tarnow.pl\/de\/wp-json\/wp\/v2\/types\/page"}],"author":[{"embeddable":true,"href":"https:\/\/www.it.tarnow.pl\/de\/wp-json\/wp\/v2\/users\/1"}],"replies":[{"embeddable":true,"href":"https:\/\/www.it.tarnow.pl\/de\/wp-json\/wp\/v2\/comments?post=9815"}],"version-history":[{"count":0,"href":"https:\/\/www.it.tarnow.pl\/de\/wp-json\/wp\/v2\/pages\/9815\/revisions"}],"up":[{"embeddable":true,"href":"https:\/\/www.it.tarnow.pl\/de\/wp-json\/wp\/v2\/pages\/9807"}],"wp:attachment":[{"href":"https:\/\/www.it.tarnow.pl\/de\/wp-json\/wp\/v2\/media?parent=9815"}],"wp:term":[{"taxonomy":"post_tag","embeddable":true,"href":"https:\/\/www.it.tarnow.pl\/de\/wp-json\/wp\/v2\/tags?post=9815"}],"curies":[{"name":"wp","href":"https:\/\/api.w.org\/{rel}","templated":true}]}}