{"id":9812,"date":"2010-12-10T14:01:58","date_gmt":"2010-12-10T13:01:58","guid":{"rendered":"http:\/\/www.it.tarnow.pl\/der-hauptbahnhof\/"},"modified":"2019-04-03T15:17:06","modified_gmt":"2019-04-03T13:17:06","slug":"der-hauptbahnhof","status":"publish","type":"page","link":"https:\/\/www.it.tarnow.pl\/de\/es-ist-sehenswert\/tarnow-13\/der-hauptbahnhof\/","title":{"rendered":"Der Hauptbahnhof"},"content":{"rendered":"<img loading=\"lazy\" decoding=\"async\" width=\"643\" height=\"330\" class=\"size-original wp-image-21499\" src=\"http:\/\/www.it.tarnow.pl\/wp-content\/uploads\/2019\/02\/Dworzec-PKP-9.jpg\" alt=\"\" srcset=\"https:\/\/www.it.tarnow.pl\/wp-content\/uploads\/2019\/02\/Dworzec-PKP-9.jpg 643w, https:\/\/www.it.tarnow.pl\/wp-content\/uploads\/2019\/02\/Dworzec-PKP-9-400x205.jpg 400w, https:\/\/www.it.tarnow.pl\/wp-content\/uploads\/2019\/02\/Dworzec-PKP-9-300x154.jpg 300w\" sizes=\"auto, (max-width: 643px) 100vw, 643px\" \/><p>Der monumentale und im Secessionstil gebauter Hauptbahnhof wurde nach dem Vorbild von Lemberger Bahnhof in den Jahren 1906-1910 errichtet und im Jahre 2010 grundlegend modernisiert. Die neulich renovierten Innenr\u00e4ume \u00e4hneln der eleganten Innenausstattung der Hotels aus der Jugendstilepoche. <\/p> <img loading=\"lazy\" decoding=\"async\" width=\"300\" height=\"225\" class=\"size-medium alignright wp-image-36753\" src=\"http:\/\/www.it.tarnow.pl\/wp-content\/uploads\/2019\/02\/Dworzec-PKP-21-300x225.jpg\" alt=\"\" srcset=\"https:\/\/www.it.tarnow.pl\/wp-content\/uploads\/2019\/02\/Dworzec-PKP-21-300x225.jpg 300w, https:\/\/www.it.tarnow.pl\/wp-content\/uploads\/2019\/02\/Dworzec-PKP-21.jpg 643w\" sizes=\"auto, (max-width: 300px) 100vw, 300px\" \/><p>Die Modernisierung wurde piet\u00e4tvoll behandeln, davon zeugt unter anderem die Tatsache, dass der Investor die Bodenplatten aus England und aus Italien die Pflastersteine importiert hat, die besonders den aus der Zeit von Franz Josef \u00e4hneln. Bedeutend renoviert wurde auch der Platz vor dem Bahnhof, der eine neue Decke aus<i> <\/i>Basalt- und Porphyrpflastern, sowie eine effektvolle Illumination bekam.<\/p>\n<p>\u00a0<\/p> <img loading=\"lazy\" decoding=\"async\" width=\"400\" height=\"300\" class=\"size-medium alignright wp-image-30535\" src=\"http:\/\/www.it.tarnow.pl\/wp-content\/uploads\/2019\/02\/Dworzec-PKP-24-400x300.jpg\" alt=\"\" srcset=\"https:\/\/www.it.tarnow.pl\/wp-content\/uploads\/2019\/02\/Dworzec-PKP-24-400x300.jpg 400w, https:\/\/www.it.tarnow.pl\/wp-content\/uploads\/2019\/02\/Dworzec-PKP-24-300x225.jpg 300w, https:\/\/www.it.tarnow.pl\/wp-content\/uploads\/2019\/02\/Dworzec-PKP-24.jpg 643w\" sizes=\"auto, (max-width: 400px) 100vw, 400px\" \/><p>Im Verlauf der Jahre war das Geb\u00e4ude Zeuge von wichtigen historischen Ereignissen. Im Jahre 1914 fuhren nach Krakau die Z\u00fcge mit den ersten Tarnower Legion\u00e4ren ab, die sp\u00e4ter unter der F\u00fchrung von General Pi\u0142sudski den Kampf aufnahmen, der die Unabh\u00e4ngigkeit Polens bringen sollte. 1929 begr\u00fc\u00dften die Tarnower Einwohner die Asche von General Joseph Bem, die aus Syrien gebracht wurden. Am 28. August 1939 explodierte eine Bombe, die von den deutschen Saboteuren gelegt wurde. 20 Personen kamen ums Leben, weitere 35 wurden verletzt. Am 14. Juni 1940 aus dem Anschlussgleis in Kochanowskistr., unweit des Hauptbahnhofs, fuhr der Erste Transport von 728 H\u00e4ftlingen ins KL Auschwitz ab. Der Zugbahnhof in Tarn\u00f3w ist derzeit der gr\u00f6\u00dfte Bahnhof \u00f6stlich von Krakau und der sch\u00f6nste nicht nur in Polen, sondern auch in Europa. <\/p>","protected":false},"excerpt":{"rendered":"Der monumentale und im Secessionstil gebauter Hauptbahnhof wurde nach dem Vorbild von Lemberger Bahnhof in den Jahren 1906-1910 errichtet und im Jahre 2010 grundlegend modernisiert. Die neulich renovierten Innenr\u00e4ume \u00e4hneln [&hellip;]","protected":false},"author":1,"featured_media":0,"parent":9807,"menu_order":211,"comment_status":"closed","ping_status":"closed","template":"","meta":{"_acf_changed":false,"footnotes":""},"tags":[],"class_list":["post-9812","page","type-page","status-publish","hentry"],"acf":{"in_menu":null,"show_date":null,"intro_text":"","map":null},"yoast_head":"<!-- This site is optimized with the Yoast SEO Premium plugin v25.4 (Yoast SEO v25.4) - https:\/\/yoast.com\/wordpress\/plugins\/seo\/ -->\n<title>Der Hauptbahnhof - Tarnowskie Centrum Informacji<\/title>\n<meta name=\"robots\" content=\"index, follow, max-snippet:-1, max-image-preview:large, max-video-preview:-1\" \/>\n<link rel=\"canonical\" href=\"https:\/\/www.it.tarnow.pl\/de\/es-ist-sehenswert\/tarnow-13\/der-hauptbahnhof\/\" \/>\n<meta property=\"og:locale\" content=\"de_DE\" \/>\n<meta property=\"og:type\" content=\"article\" \/>\n<meta property=\"og:title\" content=\"Der Hauptbahnhof\" \/>\n<meta property=\"og:description\" content=\"Der monumentale und im Secessionstil gebauter Hauptbahnhof wurde nach dem Vorbild von Lemberger Bahnhof in den Jahren 1906-1910 errichtet und im Jahre 2010 grundlegend modernisiert. Die neulich renovierten Innenr\u00e4ume \u00e4hneln [&hellip;]\" \/>\n<meta property=\"og:url\" content=\"https:\/\/www.it.tarnow.pl\/de\/es-ist-sehenswert\/tarnow-13\/der-hauptbahnhof\/\" \/>\n<meta property=\"og:site_name\" content=\"Tarnowskie Centrum Informacji\" \/>\n<meta property=\"article:modified_time\" content=\"2019-04-03T13:17:06+00:00\" \/>\n<meta property=\"og:image\" content=\"http:\/\/www.it.tarnow.pl\/wp-content\/uploads\/2019\/02\/Dworzec-PKP-9.jpg\" \/>\n<meta name=\"twitter:card\" content=\"summary_large_image\" \/>\n<meta name=\"twitter:label1\" content=\"Gesch\u00e4tzte Lesezeit\" \/>\n\t<meta name=\"twitter:data1\" content=\"1\u00a0Minute\" \/>\n<script type=\"application\/ld+json\" class=\"yoast-schema-graph\">{\"@context\":\"https:\/\/schema.org\",\"@graph\":[{\"@type\":\"WebPage\",\"@id\":\"https:\/\/www.it.tarnow.pl\/de\/es-ist-sehenswert\/tarnow-13\/der-hauptbahnhof\/\",\"url\":\"https:\/\/www.it.tarnow.pl\/de\/es-ist-sehenswert\/tarnow-13\/der-hauptbahnhof\/\",\"name\":\"Der Hauptbahnhof - Tarnowskie Centrum Informacji\",\"isPartOf\":{\"@id\":\"https:\/\/www.it.tarnow.pl\/#website\"},\"primaryImageOfPage\":{\"@id\":\"https:\/\/www.it.tarnow.pl\/de\/es-ist-sehenswert\/tarnow-13\/der-hauptbahnhof\/#primaryimage\"},\"image\":{\"@id\":\"https:\/\/www.it.tarnow.pl\/de\/es-ist-sehenswert\/tarnow-13\/der-hauptbahnhof\/#primaryimage\"},\"thumbnailUrl\":\"http:\/\/www.it.tarnow.pl\/wp-content\/uploads\/2019\/02\/Dworzec-PKP-9.jpg\",\"datePublished\":\"2010-12-10T13:01:58+00:00\",\"dateModified\":\"2019-04-03T13:17:06+00:00\",\"breadcrumb\":{\"@id\":\"https:\/\/www.it.tarnow.pl\/de\/es-ist-sehenswert\/tarnow-13\/der-hauptbahnhof\/#breadcrumb\"},\"inLanguage\":\"de\",\"potentialAction\":[{\"@type\":\"ReadAction\",\"target\":[\"https:\/\/www.it.tarnow.pl\/de\/es-ist-sehenswert\/tarnow-13\/der-hauptbahnhof\/\"]}]},{\"@type\":\"ImageObject\",\"inLanguage\":\"de\",\"@id\":\"https:\/\/www.it.tarnow.pl\/de\/es-ist-sehenswert\/tarnow-13\/der-hauptbahnhof\/#primaryimage\",\"url\":\"http:\/\/www.it.tarnow.pl\/wp-content\/uploads\/2019\/02\/Dworzec-PKP-9.jpg\",\"contentUrl\":\"http:\/\/www.it.tarnow.pl\/wp-content\/uploads\/2019\/02\/Dworzec-PKP-9.jpg\"},{\"@type\":\"BreadcrumbList\",\"@id\":\"https:\/\/www.it.tarnow.pl\/de\/es-ist-sehenswert\/tarnow-13\/der-hauptbahnhof\/#breadcrumb\",\"itemListElement\":[{\"@type\":\"ListItem\",\"position\":1,\"name\":\"Homepage\",\"item\":\"https:\/\/www.it.tarnow.pl\/de\/\"},{\"@type\":\"ListItem\",\"position\":2,\"name\":\"Es ist sehenswert\",\"item\":\"https:\/\/www.it.tarnow.pl\/de\/es-ist-sehenswert\/\"},{\"@type\":\"ListItem\",\"position\":3,\"name\":\"Tarn\u00f3w\",\"item\":\"https:\/\/www.it.tarnow.pl\/de\/es-ist-sehenswert\/tarnow-13\/\"},{\"@type\":\"ListItem\",\"position\":4,\"name\":\"Der Hauptbahnhof\"}]},{\"@type\":\"WebSite\",\"@id\":\"https:\/\/www.it.tarnow.pl\/#website\",\"url\":\"https:\/\/www.it.tarnow.pl\/\",\"name\":\"Tarnowskie Centrum Informacji\",\"description\":\"Informacja turystyczna o Tarnowie i regionie tarnowskim.\",\"potentialAction\":[{\"@type\":\"SearchAction\",\"target\":{\"@type\":\"EntryPoint\",\"urlTemplate\":\"https:\/\/www.it.tarnow.pl\/?s={search_term_string}\"},\"query-input\":{\"@type\":\"PropertyValueSpecification\",\"valueRequired\":true,\"valueName\":\"search_term_string\"}}],\"inLanguage\":\"de\"}]}<\/script>\n<!-- \/ Yoast SEO Premium plugin. -->","yoast_head_json":{"title":"Der Hauptbahnhof - Tarnowskie Centrum Informacji","robots":{"index":"index","follow":"follow","max-snippet":"max-snippet:-1","max-image-preview":"max-image-preview:large","max-video-preview":"max-video-preview:-1"},"canonical":"https:\/\/www.it.tarnow.pl\/de\/es-ist-sehenswert\/tarnow-13\/der-hauptbahnhof\/","og_locale":"de_DE","og_type":"article","og_title":"Der Hauptbahnhof","og_description":"Der monumentale und im Secessionstil gebauter Hauptbahnhof wurde nach dem Vorbild von Lemberger Bahnhof in den Jahren 1906-1910 errichtet und im Jahre 2010 grundlegend modernisiert. Die neulich renovierten Innenr\u00e4ume \u00e4hneln [&hellip;]","og_url":"https:\/\/www.it.tarnow.pl\/de\/es-ist-sehenswert\/tarnow-13\/der-hauptbahnhof\/","og_site_name":"Tarnowskie Centrum Informacji","article_modified_time":"2019-04-03T13:17:06+00:00","og_image":[{"url":"http:\/\/www.it.tarnow.pl\/wp-content\/uploads\/2019\/02\/Dworzec-PKP-9.jpg","type":"","width":"","height":""}],"twitter_card":"summary_large_image","twitter_misc":{"Gesch\u00e4tzte Lesezeit":"1\u00a0Minute"},"schema":{"@context":"https:\/\/schema.org","@graph":[{"@type":"WebPage","@id":"https:\/\/www.it.tarnow.pl\/de\/es-ist-sehenswert\/tarnow-13\/der-hauptbahnhof\/","url":"https:\/\/www.it.tarnow.pl\/de\/es-ist-sehenswert\/tarnow-13\/der-hauptbahnhof\/","name":"Der Hauptbahnhof - Tarnowskie Centrum Informacji","isPartOf":{"@id":"https:\/\/www.it.tarnow.pl\/#website"},"primaryImageOfPage":{"@id":"https:\/\/www.it.tarnow.pl\/de\/es-ist-sehenswert\/tarnow-13\/der-hauptbahnhof\/#primaryimage"},"image":{"@id":"https:\/\/www.it.tarnow.pl\/de\/es-ist-sehenswert\/tarnow-13\/der-hauptbahnhof\/#primaryimage"},"thumbnailUrl":"http:\/\/www.it.tarnow.pl\/wp-content\/uploads\/2019\/02\/Dworzec-PKP-9.jpg","datePublished":"2010-12-10T13:01:58+00:00","dateModified":"2019-04-03T13:17:06+00:00","breadcrumb":{"@id":"https:\/\/www.it.tarnow.pl\/de\/es-ist-sehenswert\/tarnow-13\/der-hauptbahnhof\/#breadcrumb"},"inLanguage":"de","potentialAction":[{"@type":"ReadAction","target":["https:\/\/www.it.tarnow.pl\/de\/es-ist-sehenswert\/tarnow-13\/der-hauptbahnhof\/"]}]},{"@type":"ImageObject","inLanguage":"de","@id":"https:\/\/www.it.tarnow.pl\/de\/es-ist-sehenswert\/tarnow-13\/der-hauptbahnhof\/#primaryimage","url":"http:\/\/www.it.tarnow.pl\/wp-content\/uploads\/2019\/02\/Dworzec-PKP-9.jpg","contentUrl":"http:\/\/www.it.tarnow.pl\/wp-content\/uploads\/2019\/02\/Dworzec-PKP-9.jpg"},{"@type":"BreadcrumbList","@id":"https:\/\/www.it.tarnow.pl\/de\/es-ist-sehenswert\/tarnow-13\/der-hauptbahnhof\/#breadcrumb","itemListElement":[{"@type":"ListItem","position":1,"name":"Homepage","item":"https:\/\/www.it.tarnow.pl\/de\/"},{"@type":"ListItem","position":2,"name":"Es ist sehenswert","item":"https:\/\/www.it.tarnow.pl\/de\/es-ist-sehenswert\/"},{"@type":"ListItem","position":3,"name":"Tarn\u00f3w","item":"https:\/\/www.it.tarnow.pl\/de\/es-ist-sehenswert\/tarnow-13\/"},{"@type":"ListItem","position":4,"name":"Der Hauptbahnhof"}]},{"@type":"WebSite","@id":"https:\/\/www.it.tarnow.pl\/#website","url":"https:\/\/www.it.tarnow.pl\/","name":"Tarnowskie Centrum Informacji","description":"Informacja turystyczna o Tarnowie i regionie tarnowskim.","potentialAction":[{"@type":"SearchAction","target":{"@type":"EntryPoint","urlTemplate":"https:\/\/www.it.tarnow.pl\/?s={search_term_string}"},"query-input":{"@type":"PropertyValueSpecification","valueRequired":true,"valueName":"search_term_string"}}],"inLanguage":"de"}]}},"_links":{"self":[{"href":"https:\/\/www.it.tarnow.pl\/de\/wp-json\/wp\/v2\/pages\/9812","targetHints":{"allow":["GET"]}}],"collection":[{"href":"https:\/\/www.it.tarnow.pl\/de\/wp-json\/wp\/v2\/pages"}],"about":[{"href":"https:\/\/www.it.tarnow.pl\/de\/wp-json\/wp\/v2\/types\/page"}],"author":[{"embeddable":true,"href":"https:\/\/www.it.tarnow.pl\/de\/wp-json\/wp\/v2\/users\/1"}],"replies":[{"embeddable":true,"href":"https:\/\/www.it.tarnow.pl\/de\/wp-json\/wp\/v2\/comments?post=9812"}],"version-history":[{"count":0,"href":"https:\/\/www.it.tarnow.pl\/de\/wp-json\/wp\/v2\/pages\/9812\/revisions"}],"up":[{"embeddable":true,"href":"https:\/\/www.it.tarnow.pl\/de\/wp-json\/wp\/v2\/pages\/9807"}],"wp:attachment":[{"href":"https:\/\/www.it.tarnow.pl\/de\/wp-json\/wp\/v2\/media?parent=9812"}],"wp:term":[{"taxonomy":"post_tag","embeddable":true,"href":"https:\/\/www.it.tarnow.pl\/de\/wp-json\/wp\/v2\/tags?post=9812"}],"curies":[{"name":"wp","href":"https:\/\/api.w.org\/{rel}","templated":true}]}}