{"id":9810,"date":"2010-08-10T14:07:15","date_gmt":"2010-08-10T12:07:15","guid":{"rendered":"http:\/\/www.it.tarnow.pl\/die-kathedralbasilika\/"},"modified":"2019-04-03T15:17:03","modified_gmt":"2019-04-03T13:17:03","slug":"die-kathedralbasilika","status":"publish","type":"page","link":"https:\/\/www.it.tarnow.pl\/de\/es-ist-sehenswert\/tarnow-13\/die-kathedralbasilika\/","title":{"rendered":"Die Kathedralbasilika"},"content":{"rendered":"<img loading=\"lazy\" decoding=\"async\" width=\"300\" height=\"400\" class=\"size-medium alignright wp-image-21573\" src=\"http:\/\/www.it.tarnow.pl\/wp-content\/uploads\/2019\/02\/TARNOW-Bazylika-katedralna-01-1-300x400.jpg\" alt=\"\" srcset=\"https:\/\/www.it.tarnow.pl\/wp-content\/uploads\/2019\/02\/TARNOW-Bazylika-katedralna-01-1-300x400.jpg 300w, https:\/\/www.it.tarnow.pl\/wp-content\/uploads\/2019\/02\/TARNOW-Bazylika-katedralna-01-1.jpg 768w, https:\/\/www.it.tarnow.pl\/wp-content\/uploads\/2019\/02\/TARNOW-Bazylika-katedralna-01-1-488x650.jpg 488w, https:\/\/www.it.tarnow.pl\/wp-content\/uploads\/2019\/02\/TARNOW-Bazylika-katedralna-01-1-225x300.jpg 225w\" sizes=\"auto, (max-width: 300px) 100vw, 300px\" \/><p>Die Kathedrale, seit dem Jahre 1972 Basilika minor, geh\u00f6rt zu den prachtvollen Sehensw\u00fcrdigkeiten Tarn\u00f3ws. Dieses Gotteshaus war urspr\u00fcnglich ein einschiffiges Geb\u00e4ude mit einem rechteckigen Presbyterium und einem quadratischen Turm. F\u00fcr damalige Zeiten war das eine betr\u00e4chtliche Kathedrale. Schon im Jahre 1346 wurde die Kirche urkundlich bezeugt.<\/p>\n<p>1400 erlangte die Kirche den Rang einer Stiftskirche. Die Marienkirche wurde im Laufe der Jahrhunderte vielmals umgestaltet, zus\u00e4tzliche Kapellen wurden angebaut. Ein riesiger Turm wurde Ende des 15. Jh. nach dem Brand im Jahre 1494 zum Mittelschiff zugebaut. Die H\u00f6he des Turmes betr\u00e4gt 72 Meter. Es ist schwer festzustellen, wie hoch der Turm urspr\u00fcnglich war. Im Jahre 1810 hat man den Turm bis zur Dachh\u00f6he abgebaut. 1881 hat man den Wiederaufbau beendet. Die Stiftskirche wurde zur Kathedrale 1768, damals wurde ein Bistum gegr\u00fcndet, das aber von dem Papst Pius VII. im Jahre 1805 abgeschafft wurde.<\/p> <img loading=\"lazy\" decoding=\"async\" width=\"300\" height=\"400\" class=\"size-medium alignleft wp-image-21464\" src=\"http:\/\/www.it.tarnow.pl\/wp-content\/uploads\/2019\/02\/TARNOW-Bazylika-katedralna-04-300x400.jpg\" alt=\"\" srcset=\"https:\/\/www.it.tarnow.pl\/wp-content\/uploads\/2019\/02\/TARNOW-Bazylika-katedralna-04-300x400.jpg 300w, https:\/\/www.it.tarnow.pl\/wp-content\/uploads\/2019\/02\/TARNOW-Bazylika-katedralna-04.jpg 768w, https:\/\/www.it.tarnow.pl\/wp-content\/uploads\/2019\/02\/TARNOW-Bazylika-katedralna-04-488x650.jpg 488w, https:\/\/www.it.tarnow.pl\/wp-content\/uploads\/2019\/02\/TARNOW-Bazylika-katedralna-04-225x300.jpg 225w\" sizes=\"auto, (max-width: 300px) 100vw, 300px\" \/><p>21 Jahre sp\u00e4ter wurde es wiederhergestellt. Im Laufe der Zeit hat man die Kirche weiter umgebaut. Zur Zeit des Bischofs Grzegorz Ziegler wurde die Nord- und S\u00fcdkapelle mit Arkaden in 2 Seitenschiffe verbunden. Seit dieser Zeit hat das Gotteshaus eine dreischiffige Form. Von der S\u00fcdseite hat man zum Presbyterium die so genannte Benediktkapelle angebaut,also die heutige Kapelle des Heiligen Sakraments. Die \u00e4u\u00dferen W\u00e4nde wurden verputzt. Auf der Nordseite der Kirche entstanden schon fr\u00fcher die R\u00e4ume f\u00fcr eine Sakristei und eine Schatzkammer. <\/p> <img loading=\"lazy\" decoding=\"async\" width=\"300\" height=\"400\" class=\"size-medium alignright wp-image-21541\" src=\"http:\/\/www.it.tarnow.pl\/wp-content\/uploads\/2019\/02\/TARNOW-Bazylika-katedralna-12-300x400.jpg\" alt=\"\" srcset=\"https:\/\/www.it.tarnow.pl\/wp-content\/uploads\/2019\/02\/TARNOW-Bazylika-katedralna-12-300x400.jpg 300w, https:\/\/www.it.tarnow.pl\/wp-content\/uploads\/2019\/02\/TARNOW-Bazylika-katedralna-12.jpg 768w, https:\/\/www.it.tarnow.pl\/wp-content\/uploads\/2019\/02\/TARNOW-Bazylika-katedralna-12-488x650.jpg 488w, https:\/\/www.it.tarnow.pl\/wp-content\/uploads\/2019\/02\/TARNOW-Bazylika-katedralna-12-225x300.jpg 225w\" sizes=\"auto, (max-width: 300px) 100vw, 300px\" \/><p>In den Jahren 1889-1900 wurde die Kirche nach einer gr\u00fcndlichen Renovierung im neugotischen Stil umgebaut. Im Dom befinden sich viele interessante Kunstwerke u.a. ein Komplex von Renaissance- und Barockgrabdenkm\u00e4lern der Familien Tarnowski und Ostrogski, die ganz recht zu den hervorragenden Kunstwerken in Polen geh\u00f6ren. Sie wurden von den ausl\u00e4ndischen Bildhauern B. Berecci, J.M Padovano und J. Pfister geschaffen.<\/p>\n<p>Das Grabdenkmal von Barbara Tarnowska ( Jungfrau namens T\u0119czy\u0144ska) wurde von Bart\u0142omiej Berecci erschaffen und geh\u00f6rt zu den sch\u00f6nsten Grabdenkm\u00e4ler in Europa, das eine Frau mit Renaissance Mitteln und Techniken beschreibt. Genauso beeindruckend sind die Grabdenkm\u00e4ler von Hetman Jan Tarnowski und von seinem Sohn Krzysztof. Es ist 13,8 Meter hoch und 5,6 Meter breit. Zu der reichen Innenausstattung der Kathedrale geh\u00f6ren auch gotische Fl\u00fcgelalt\u00e4re mit prachtvollen R\u00fccklehnen, Skulpturen, Epitaphen, Bilder und Mosaikfenster dank denen die Kathedrale zu den sch\u00f6nsten Basiliken geh\u00f6rt. Die Tarnower Basilika hat einen umfangreichen Domf\u00fchrer der Autorschaft von Priester Dr. W\u0142adys\u0142aw Szczebak.<\/p>","protected":false},"excerpt":{"rendered":"Die Kathedrale, seit dem Jahre 1972 Basilika minor, geh\u00f6rt zu den prachtvollen Sehensw\u00fcrdigkeiten Tarn\u00f3ws. Dieses Gotteshaus war urspr\u00fcnglich ein einschiffiges Geb\u00e4ude mit einem rechteckigen Presbyterium und einem quadratischen Turm. F\u00fcr [&hellip;]","protected":false},"author":1,"featured_media":0,"parent":9807,"menu_order":148,"comment_status":"closed","ping_status":"closed","template":"","meta":{"_acf_changed":false,"footnotes":""},"tags":[],"class_list":["post-9810","page","type-page","status-publish","hentry"],"acf":{"in_menu":null,"show_date":null,"intro_text":"","map":null},"yoast_head":"<!-- This site is optimized with the Yoast SEO Premium plugin v25.4 (Yoast SEO v25.4) - https:\/\/yoast.com\/wordpress\/plugins\/seo\/ -->\n<title>Die Kathedralbasilika - Tarnowskie Centrum Informacji<\/title>\n<meta name=\"robots\" content=\"index, follow, max-snippet:-1, max-image-preview:large, max-video-preview:-1\" \/>\n<link rel=\"canonical\" href=\"https:\/\/www.it.tarnow.pl\/de\/es-ist-sehenswert\/tarnow-13\/die-kathedralbasilika\/\" \/>\n<meta property=\"og:locale\" content=\"de_DE\" \/>\n<meta property=\"og:type\" content=\"article\" \/>\n<meta property=\"og:title\" content=\"Die Kathedralbasilika\" \/>\n<meta property=\"og:description\" content=\"Die Kathedrale, seit dem Jahre 1972 Basilika minor, geh\u00f6rt zu den prachtvollen Sehensw\u00fcrdigkeiten Tarn\u00f3ws. Dieses Gotteshaus war urspr\u00fcnglich ein einschiffiges Geb\u00e4ude mit einem rechteckigen Presbyterium und einem quadratischen Turm. F\u00fcr [&hellip;]\" \/>\n<meta property=\"og:url\" content=\"https:\/\/www.it.tarnow.pl\/de\/es-ist-sehenswert\/tarnow-13\/die-kathedralbasilika\/\" \/>\n<meta property=\"og:site_name\" content=\"Tarnowskie Centrum Informacji\" \/>\n<meta property=\"article:modified_time\" content=\"2019-04-03T13:17:03+00:00\" \/>\n<meta property=\"og:image\" content=\"http:\/\/www.it.tarnow.pl\/wp-content\/uploads\/2019\/02\/TARNOW-Bazylika-katedralna-01-1-300x400.jpg\" \/>\n<meta name=\"twitter:card\" content=\"summary_large_image\" \/>\n<meta name=\"twitter:label1\" content=\"Gesch\u00e4tzte Lesezeit\" \/>\n\t<meta name=\"twitter:data1\" content=\"2\u00a0Minuten\" \/>\n<script type=\"application\/ld+json\" class=\"yoast-schema-graph\">{\"@context\":\"https:\/\/schema.org\",\"@graph\":[{\"@type\":\"WebPage\",\"@id\":\"https:\/\/www.it.tarnow.pl\/de\/es-ist-sehenswert\/tarnow-13\/die-kathedralbasilika\/\",\"url\":\"https:\/\/www.it.tarnow.pl\/de\/es-ist-sehenswert\/tarnow-13\/die-kathedralbasilika\/\",\"name\":\"Die Kathedralbasilika - Tarnowskie Centrum Informacji\",\"isPartOf\":{\"@id\":\"https:\/\/www.it.tarnow.pl\/#website\"},\"primaryImageOfPage\":{\"@id\":\"https:\/\/www.it.tarnow.pl\/de\/es-ist-sehenswert\/tarnow-13\/die-kathedralbasilika\/#primaryimage\"},\"image\":{\"@id\":\"https:\/\/www.it.tarnow.pl\/de\/es-ist-sehenswert\/tarnow-13\/die-kathedralbasilika\/#primaryimage\"},\"thumbnailUrl\":\"http:\/\/www.it.tarnow.pl\/wp-content\/uploads\/2019\/02\/TARNOW-Bazylika-katedralna-01-1-300x400.jpg\",\"datePublished\":\"2010-08-10T12:07:15+00:00\",\"dateModified\":\"2019-04-03T13:17:03+00:00\",\"breadcrumb\":{\"@id\":\"https:\/\/www.it.tarnow.pl\/de\/es-ist-sehenswert\/tarnow-13\/die-kathedralbasilika\/#breadcrumb\"},\"inLanguage\":\"de\",\"potentialAction\":[{\"@type\":\"ReadAction\",\"target\":[\"https:\/\/www.it.tarnow.pl\/de\/es-ist-sehenswert\/tarnow-13\/die-kathedralbasilika\/\"]}]},{\"@type\":\"ImageObject\",\"inLanguage\":\"de\",\"@id\":\"https:\/\/www.it.tarnow.pl\/de\/es-ist-sehenswert\/tarnow-13\/die-kathedralbasilika\/#primaryimage\",\"url\":\"http:\/\/www.it.tarnow.pl\/wp-content\/uploads\/2019\/02\/TARNOW-Bazylika-katedralna-01-1-300x400.jpg\",\"contentUrl\":\"http:\/\/www.it.tarnow.pl\/wp-content\/uploads\/2019\/02\/TARNOW-Bazylika-katedralna-01-1-300x400.jpg\"},{\"@type\":\"BreadcrumbList\",\"@id\":\"https:\/\/www.it.tarnow.pl\/de\/es-ist-sehenswert\/tarnow-13\/die-kathedralbasilika\/#breadcrumb\",\"itemListElement\":[{\"@type\":\"ListItem\",\"position\":1,\"name\":\"Homepage\",\"item\":\"https:\/\/www.it.tarnow.pl\/de\/\"},{\"@type\":\"ListItem\",\"position\":2,\"name\":\"Es ist sehenswert\",\"item\":\"https:\/\/www.it.tarnow.pl\/de\/es-ist-sehenswert\/\"},{\"@type\":\"ListItem\",\"position\":3,\"name\":\"Tarn\u00f3w\",\"item\":\"https:\/\/www.it.tarnow.pl\/de\/es-ist-sehenswert\/tarnow-13\/\"},{\"@type\":\"ListItem\",\"position\":4,\"name\":\"Die Kathedralbasilika\"}]},{\"@type\":\"WebSite\",\"@id\":\"https:\/\/www.it.tarnow.pl\/#website\",\"url\":\"https:\/\/www.it.tarnow.pl\/\",\"name\":\"Tarnowskie Centrum Informacji\",\"description\":\"Informacja turystyczna o Tarnowie i regionie tarnowskim.\",\"potentialAction\":[{\"@type\":\"SearchAction\",\"target\":{\"@type\":\"EntryPoint\",\"urlTemplate\":\"https:\/\/www.it.tarnow.pl\/?s={search_term_string}\"},\"query-input\":{\"@type\":\"PropertyValueSpecification\",\"valueRequired\":true,\"valueName\":\"search_term_string\"}}],\"inLanguage\":\"de\"}]}<\/script>\n<!-- \/ Yoast SEO Premium plugin. -->","yoast_head_json":{"title":"Die Kathedralbasilika - Tarnowskie Centrum Informacji","robots":{"index":"index","follow":"follow","max-snippet":"max-snippet:-1","max-image-preview":"max-image-preview:large","max-video-preview":"max-video-preview:-1"},"canonical":"https:\/\/www.it.tarnow.pl\/de\/es-ist-sehenswert\/tarnow-13\/die-kathedralbasilika\/","og_locale":"de_DE","og_type":"article","og_title":"Die Kathedralbasilika","og_description":"Die Kathedrale, seit dem Jahre 1972 Basilika minor, geh\u00f6rt zu den prachtvollen Sehensw\u00fcrdigkeiten Tarn\u00f3ws. Dieses Gotteshaus war urspr\u00fcnglich ein einschiffiges Geb\u00e4ude mit einem rechteckigen Presbyterium und einem quadratischen Turm. F\u00fcr [&hellip;]","og_url":"https:\/\/www.it.tarnow.pl\/de\/es-ist-sehenswert\/tarnow-13\/die-kathedralbasilika\/","og_site_name":"Tarnowskie Centrum Informacji","article_modified_time":"2019-04-03T13:17:03+00:00","og_image":[{"url":"http:\/\/www.it.tarnow.pl\/wp-content\/uploads\/2019\/02\/TARNOW-Bazylika-katedralna-01-1-300x400.jpg","type":"","width":"","height":""}],"twitter_card":"summary_large_image","twitter_misc":{"Gesch\u00e4tzte Lesezeit":"2\u00a0Minuten"},"schema":{"@context":"https:\/\/schema.org","@graph":[{"@type":"WebPage","@id":"https:\/\/www.it.tarnow.pl\/de\/es-ist-sehenswert\/tarnow-13\/die-kathedralbasilika\/","url":"https:\/\/www.it.tarnow.pl\/de\/es-ist-sehenswert\/tarnow-13\/die-kathedralbasilika\/","name":"Die Kathedralbasilika - Tarnowskie Centrum Informacji","isPartOf":{"@id":"https:\/\/www.it.tarnow.pl\/#website"},"primaryImageOfPage":{"@id":"https:\/\/www.it.tarnow.pl\/de\/es-ist-sehenswert\/tarnow-13\/die-kathedralbasilika\/#primaryimage"},"image":{"@id":"https:\/\/www.it.tarnow.pl\/de\/es-ist-sehenswert\/tarnow-13\/die-kathedralbasilika\/#primaryimage"},"thumbnailUrl":"http:\/\/www.it.tarnow.pl\/wp-content\/uploads\/2019\/02\/TARNOW-Bazylika-katedralna-01-1-300x400.jpg","datePublished":"2010-08-10T12:07:15+00:00","dateModified":"2019-04-03T13:17:03+00:00","breadcrumb":{"@id":"https:\/\/www.it.tarnow.pl\/de\/es-ist-sehenswert\/tarnow-13\/die-kathedralbasilika\/#breadcrumb"},"inLanguage":"de","potentialAction":[{"@type":"ReadAction","target":["https:\/\/www.it.tarnow.pl\/de\/es-ist-sehenswert\/tarnow-13\/die-kathedralbasilika\/"]}]},{"@type":"ImageObject","inLanguage":"de","@id":"https:\/\/www.it.tarnow.pl\/de\/es-ist-sehenswert\/tarnow-13\/die-kathedralbasilika\/#primaryimage","url":"http:\/\/www.it.tarnow.pl\/wp-content\/uploads\/2019\/02\/TARNOW-Bazylika-katedralna-01-1-300x400.jpg","contentUrl":"http:\/\/www.it.tarnow.pl\/wp-content\/uploads\/2019\/02\/TARNOW-Bazylika-katedralna-01-1-300x400.jpg"},{"@type":"BreadcrumbList","@id":"https:\/\/www.it.tarnow.pl\/de\/es-ist-sehenswert\/tarnow-13\/die-kathedralbasilika\/#breadcrumb","itemListElement":[{"@type":"ListItem","position":1,"name":"Homepage","item":"https:\/\/www.it.tarnow.pl\/de\/"},{"@type":"ListItem","position":2,"name":"Es ist sehenswert","item":"https:\/\/www.it.tarnow.pl\/de\/es-ist-sehenswert\/"},{"@type":"ListItem","position":3,"name":"Tarn\u00f3w","item":"https:\/\/www.it.tarnow.pl\/de\/es-ist-sehenswert\/tarnow-13\/"},{"@type":"ListItem","position":4,"name":"Die Kathedralbasilika"}]},{"@type":"WebSite","@id":"https:\/\/www.it.tarnow.pl\/#website","url":"https:\/\/www.it.tarnow.pl\/","name":"Tarnowskie Centrum Informacji","description":"Informacja turystyczna o Tarnowie i regionie tarnowskim.","potentialAction":[{"@type":"SearchAction","target":{"@type":"EntryPoint","urlTemplate":"https:\/\/www.it.tarnow.pl\/?s={search_term_string}"},"query-input":{"@type":"PropertyValueSpecification","valueRequired":true,"valueName":"search_term_string"}}],"inLanguage":"de"}]}},"_links":{"self":[{"href":"https:\/\/www.it.tarnow.pl\/de\/wp-json\/wp\/v2\/pages\/9810","targetHints":{"allow":["GET"]}}],"collection":[{"href":"https:\/\/www.it.tarnow.pl\/de\/wp-json\/wp\/v2\/pages"}],"about":[{"href":"https:\/\/www.it.tarnow.pl\/de\/wp-json\/wp\/v2\/types\/page"}],"author":[{"embeddable":true,"href":"https:\/\/www.it.tarnow.pl\/de\/wp-json\/wp\/v2\/users\/1"}],"replies":[{"embeddable":true,"href":"https:\/\/www.it.tarnow.pl\/de\/wp-json\/wp\/v2\/comments?post=9810"}],"version-history":[{"count":0,"href":"https:\/\/www.it.tarnow.pl\/de\/wp-json\/wp\/v2\/pages\/9810\/revisions"}],"up":[{"embeddable":true,"href":"https:\/\/www.it.tarnow.pl\/de\/wp-json\/wp\/v2\/pages\/9807"}],"wp:attachment":[{"href":"https:\/\/www.it.tarnow.pl\/de\/wp-json\/wp\/v2\/media?parent=9810"}],"wp:term":[{"taxonomy":"post_tag","embeddable":true,"href":"https:\/\/www.it.tarnow.pl\/de\/wp-json\/wp\/v2\/tags?post=9810"}],"curies":[{"name":"wp","href":"https:\/\/api.w.org\/{rel}","templated":true}]}}