{"id":9809,"date":"2010-08-10T14:02:36","date_gmt":"2010-08-10T12:02:36","guid":{"rendered":"http:\/\/www.it.tarnow.pl\/der-marktplatz\/"},"modified":"2021-11-20T14:47:52","modified_gmt":"2021-11-20T13:47:52","slug":"der-marktplatz","status":"publish","type":"page","link":"https:\/\/www.it.tarnow.pl\/de\/es-ist-sehenswert\/tarnow-13\/der-marktplatz\/","title":{"rendered":"Der Marktplatz"},"content":{"rendered":"<p><img loading=\"lazy\" decoding=\"async\" width=\"400\" height=\"300\" class=\"size-medium alignright wp-image-21608\" src=\"http:\/\/www.it.tarnow.pl\/wp-content\/uploads\/2019\/02\/TARNOW-Rynek-04-400x300.jpg\" alt=\"\" srcset=\"https:\/\/www.it.tarnow.pl\/wp-content\/uploads\/2019\/02\/TARNOW-Rynek-04-400x300.jpg 400w, https:\/\/www.it.tarnow.pl\/wp-content\/uploads\/2019\/02\/TARNOW-Rynek-04-768x576.jpg 768w, https:\/\/www.it.tarnow.pl\/wp-content\/uploads\/2019\/02\/TARNOW-Rynek-04-650x488.jpg 650w, https:\/\/www.it.tarnow.pl\/wp-content\/uploads\/2019\/02\/TARNOW-Rynek-04-300x225.jpg 300w, https:\/\/www.it.tarnow.pl\/wp-content\/uploads\/2019\/02\/TARNOW-Rynek-04.jpg 1024w\" sizes=\"auto, (max-width: 400px) 100vw, 400px\" \/><\/p>\r\n<p>Im Zentrum der Stadt gelegen, spielte von Anfang an eine gro\u00dfe Rolle sowohl im \u00f6ffentlichen, als auch im gesch\u00e4ftlichen Leben. Er ist im zentralen Bereich der Anh\u00f6he lokalisiert, auf dem sich leicht Richtung S\u00fcden gesenkten Gebiet, was den Abfluss des Regenwassers erleichterte. Im Vergleich zu den anderen Marktpl\u00e4tzen scheint er typisch zu sein. Seine Fl\u00e4che betrug 66 Are und geh\u00f6rte auf diese Weise zu den kleineren Marktpl\u00e4tzen. Im 15. Jahrhundert l\u00f6ste gemauerte Bebauung die h\u00f6lzerne ab. Am Anfang waren das nur haupts\u00e4chlich gemauerte Keller unter den Holzh\u00e4usern.<\/p>\r\n<p>\u00a0Ende des 15. Jahrhunderts wurde die Stadt durch viele Br\u00e4nde heimgesucht, die sowohl innere Bebauung des Marktplatzes als auch die Stra\u00dfenfront zerst\u00f6rt haben. Dank den Bem\u00fchungen von Jan Amor Tarnowski wurden die H\u00e4user wiederaufgebaut und im 16. Jahrhundert sind sie in echte gemauerte B\u00fcrgerh\u00e4user mit Arkaden umgebaut worden. In Folge der Kriege hat die Stadt ihren Untergang erlitten. Seit der zweiten H\u00e4lfte des 18. Jahrhunderts, unter der \u00f6sterreichischen Herrschaft begann die Altstadt ihren Schwung wieder zu erleben.<\/p>\r\n<p>\u00a0Die heutige Bebauung bilden meistens zweist\u00f6ckige gemauerte B\u00fcrgerh\u00e4user, die verschiedene Baustile repr\u00e4sentieren. In der n\u00f6rdlichen Stra\u00dfenfront unterscheidet man die H\u00e4user Nr.20 und 21, wo sich das Museum der Region Tarnow befindet. In der westlichen Stra\u00dfenfront befindet sich eine Anfang des 20. Jh. entstandene Passage bis zum &#8222;Kazimierz Wielki- Platz&#8220;.<\/p>\r\n<p><img loading=\"lazy\" decoding=\"async\" width=\"400\" height=\"300\" class=\"size-medium alignright wp-image-21163\" src=\"http:\/\/www.it.tarnow.pl\/wp-content\/uploads\/2019\/02\/TARNOW-Kamienice-przy-Rynku-10-400x300.jpg\" alt=\"\" srcset=\"https:\/\/www.it.tarnow.pl\/wp-content\/uploads\/2019\/02\/TARNOW-Kamienice-przy-Rynku-10-400x300.jpg 400w, https:\/\/www.it.tarnow.pl\/wp-content\/uploads\/2019\/02\/TARNOW-Kamienice-przy-Rynku-10-768x576.jpg 768w, https:\/\/www.it.tarnow.pl\/wp-content\/uploads\/2019\/02\/TARNOW-Kamienice-przy-Rynku-10-650x488.jpg 650w, https:\/\/www.it.tarnow.pl\/wp-content\/uploads\/2019\/02\/TARNOW-Kamienice-przy-Rynku-10-300x225.jpg 300w, https:\/\/www.it.tarnow.pl\/wp-content\/uploads\/2019\/02\/TARNOW-Kamienice-przy-Rynku-10.jpg 1024w\" sizes=\"auto, (max-width: 400px) 100vw, 400px\" \/><\/p>\r\n<p><b>Das Haus Nr. 20<\/b> wurde 1565 unter Renaissance Einfluessen gegr\u00fcndet und geh\u00f6rte den wohlhabenden schottischen Kaufm\u00e4nnern dieser Zeit. Im 17. Jh. wurde es der Ort der Arians Kapelle bis zum Ende des 18. Jhs, als es die Freimauererloge wurde.<\/p>\r\n<p>\u00a0<b>Das Haus Nr. 21<\/b> wurde etwa im Jahre 1568 im Renaissancestil gebaut.<\/p>\r\n<p>&nbsp;<\/p>\r\n<p><img loading=\"lazy\" decoding=\"async\" class=\"alignleft wp-image-187491 size-medium\" src=\"http:\/\/www.it.tarnow.pl\/wp-content\/uploads\/2020\/04\/Rynek-Ratusz-Tarn\u00f3w-8-267x400.jpg\" alt=\"\" width=\"267\" height=\"400\" \/><\/p>\r\n<p><b>Das Rathaus<\/b><br \/>\r\n\u00a0Das Rathausgeb\u00e4ude ist 18 Meter hoch und st\u00fctzt einen 30 Meter hohen Turm, ein Beispiel eines Renaissancebauwerkes. Es ist ein gemauertes Etagengeb\u00e4ude aus dem Backstein.<\/p>\r\n<p>\u00a0Rechteckig mit dem Turm von der Nordseite und dem Vorbau mit dem Treppenhaus von der S\u00fcdseite. Die Attika wurde mit sch\u00f6nen Voluten Pinkeln und 14 Maskaronen verziert. Der Unterteil des Turmes ist quadratisch, im Oberteil ist rund mit einer sich auf dem Kragstein befindenden Burgwache. Der Turm ist mit dem Wappen dem Pogo\u0144 versehen, dem Familienwappen der letzten Stadtbesitzer der F\u00fcrsten Sanguszko. Fr\u00fcher war der Turm mit Leliwa-Krone verziert.<\/p>\r\n<p>\u00a0Urspr\u00fcnglich war das Tarnower Rathaus ein gotisches Geb\u00e4ude. Als einziges gotisches Element ist nur der spitzbogige Sturz des Portals im heutigen Flur erhalten geblieben. H\u00f6chstwahrscheinlich befand sich dort der ehemalige Haupteingang ins Rathaus. Zum ersten Mal wurde das Rathaus im Jahre 1448 urkundlich bezeugt: Das Gehalt 8 &#8220; grzywien&#8220; vom Rathaus (de pretorio) wird jedes Jahr f\u00fcr die Hospitalkapelle hinter den Mauern \u00fcbergeben.<\/p>\r\n<p><img loading=\"lazy\" decoding=\"async\" width=\"300\" height=\"400\" class=\"size-medium alignright wp-image-21340\" src=\"http:\/\/www.it.tarnow.pl\/wp-content\/uploads\/2019\/02\/TARNOW-Ratusz-03-300x400.jpg\" alt=\"\" srcset=\"https:\/\/www.it.tarnow.pl\/wp-content\/uploads\/2019\/02\/TARNOW-Ratusz-03-300x400.jpg 300w, https:\/\/www.it.tarnow.pl\/wp-content\/uploads\/2019\/02\/TARNOW-Ratusz-03.jpg 768w, https:\/\/www.it.tarnow.pl\/wp-content\/uploads\/2019\/02\/TARNOW-Ratusz-03-488x650.jpg 488w, https:\/\/www.it.tarnow.pl\/wp-content\/uploads\/2019\/02\/TARNOW-Ratusz-03-225x300.jpg 225w\" sizes=\"auto, (max-width: 300px) 100vw, 300px\" \/><\/p>\r\n<p>In dem schon erw\u00e4hnten Dokument sind auch die Namen des alten und neuen Stadtrates genannt. Die n\u00e4chste Erw\u00e4hnung des Rathauses ist in den Akten des Stadtrates aus dem Jahre 1526 erhalten. Es ist dort die Rede \u00fcber die Kosten, die bei dem &#8222;Einf\u00fcgen von der alten T\u00fcr in der Turmuhr und von der Stubent\u00fcr&#8220; getragen worden sind. das Rathaus wurde gr\u00fcndlich wahrscheinlich Ende des 16. Jh. umgebaut. Westlicherseits wurde die Unterkellerung angebaut und der Vorbau mit dem Treppenhaus von der S\u00fcdseite. Das ganze Geb\u00e4ude ist mit dem Dach bedeckt worden und mit Renaissanceattika verziert. Als Vorbild dienten die Krakauer Tuchhallen. In 28 Attikablenden befanden sich wahrscheinlich Portr\u00e4ts der Familie Tarnowski von Spycymir bis Jan Krzysztof (gestorben 1567). Dazu wurde die Sgrafittotechnik verwendet. Die 14 Maskarone sollten die Zahl der Mitglieder des alten und neuen Stadtrates symbolisieren. Das Tarnower Rathaus wurde vom Mittelalter bis zum Jahre 1792 von vielen Br\u00e4nden heimgesucht. Ende des 19. Jh. war das Geb\u00e4ude dem Einsturz nahe.<\/p>\r\n<p>\u00a0In den Jahren 1889-92 wurde das Rathaus gr\u00fcndlich wiederaufgebaut. Die Konservationsarbeiten erfolgten in den Jahren 1962-68, wobei auch die Innenr\u00e4ume den musealen Zwecken angepasst wurden. Zurzeit befindet sich im Rathaus eine st\u00e4ndige Ausstellung des Regionalmuseums.<\/p>\r\n<p>&nbsp;<\/p>\r\n<p><img loading=\"lazy\" decoding=\"async\" width=\"400\" height=\"300\" class=\"size-medium alignleft wp-image-21324\" src=\"http:\/\/www.it.tarnow.pl\/wp-content\/uploads\/2019\/02\/TARNOW-Dom-Mikolajowskich-02-400x300.jpg\" alt=\"\" srcset=\"https:\/\/www.it.tarnow.pl\/wp-content\/uploads\/2019\/02\/TARNOW-Dom-Mikolajowskich-02-400x300.jpg 400w, https:\/\/www.it.tarnow.pl\/wp-content\/uploads\/2019\/02\/TARNOW-Dom-Mikolajowskich-02-768x576.jpg 768w, https:\/\/www.it.tarnow.pl\/wp-content\/uploads\/2019\/02\/TARNOW-Dom-Mikolajowskich-02-650x488.jpg 650w, https:\/\/www.it.tarnow.pl\/wp-content\/uploads\/2019\/02\/TARNOW-Dom-Mikolajowskich-02-300x225.jpg 300w, https:\/\/www.it.tarnow.pl\/wp-content\/uploads\/2019\/02\/TARNOW-Dom-Mikolajowskich-02.jpg 1024w\" sizes=\"auto, (max-width: 400px) 100vw, 400px\" \/><\/p>\r\n<p><b>Das Haus der Familie Miko\u0142ajowski<\/b><\/p>\r\n<p>\u00a0Unter den B\u00fcrgerh\u00e4usern mit den Putzfassaden unterscheidet sich von den anderen ein unverputztes Ziegelhaus im Fr\u00fchrenaissancestil. \u00dcber dem Stein- Portal am Eingang asymmetrisch rechts befindet sich ein eingemauertes Wappenschild der Familie Gryf mit reicher Ornamentik. Unter dem Wappenschild steht das Datum in arabischen und r\u00f6mischen Ziffern und das Jahr 1524. Unten noch befindet sich eine lateinische Inskription: Fundatio Domus per Joannem Mikolayowski (das Haus von Jan Miko\u0142ajewski gebaut). Das Datum, der Name und das Wappenschild wiederholen sich auch auf dem Portal innerhalb des Hauses.<\/p>\r\n<p>\u00a0Jan Miko\u0142ajewski und seine Frau Barbara stammten aus dem Dorf Miko\u0142ajowice in der N\u00e4he von Tarn\u00f3w. Dieses Dorf hat von ihnen der Hetman Jan Tarnowski gekauft. Die kinderlose Ehe hat sich beim Hetman verschuldet, und nachdem sie das Stammgut losgeworden waren, zogen sie nach Tarn\u00f3w um, wo sie den Rest ihres Lebens verbrachten.<\/p>\r\n<p>\u00a01527 haben sie das B\u00fcrgerhaus den Vikaren geschenkt, die aber 2 Messen pro Monat f\u00fcr die Ruhe ihrer Asche nachdem Tode halten sollten.<br \/>\r\n\u00a01547 hat das Vikarenkollegium mit Genehmigung des Kapitels das Haus der Familie Miko\u0142ajowski in ein B\u00fcrgerhaus die so genannte &#8220; Zamek&#8220;(Burg) oder &#8222;Jurk\u00f3w&#8220; mit dem Kantor der Kollegiatskirche Marcin Blady umgetauscht. Im Jahre 1554 \u00fcbergab der Kantor das Haus dem Miko\u0142aj \u0141owczowski aus Ple\u015bna.<\/p>\r\n<p>&nbsp;<\/p>\r\n<p><img loading=\"lazy\" decoding=\"async\" width=\"400\" height=\"300\" class=\"size-medium alignright wp-image-21469\" src=\"http:\/\/www.it.tarnow.pl\/wp-content\/uploads\/2019\/02\/TARNOW-Muzeum-Diecezjalne-1-400x300.jpg\" alt=\"\" srcset=\"https:\/\/www.it.tarnow.pl\/wp-content\/uploads\/2019\/02\/TARNOW-Muzeum-Diecezjalne-1-400x300.jpg 400w, https:\/\/www.it.tarnow.pl\/wp-content\/uploads\/2019\/02\/TARNOW-Muzeum-Diecezjalne-1-768x576.jpg 768w, https:\/\/www.it.tarnow.pl\/wp-content\/uploads\/2019\/02\/TARNOW-Muzeum-Diecezjalne-1-650x488.jpg 650w, https:\/\/www.it.tarnow.pl\/wp-content\/uploads\/2019\/02\/TARNOW-Muzeum-Diecezjalne-1-300x225.jpg 300w, https:\/\/www.it.tarnow.pl\/wp-content\/uploads\/2019\/02\/TARNOW-Muzeum-Diecezjalne-1.jpg 1024w\" sizes=\"auto, (max-width: 400px) 100vw, 400px\" \/><\/p>\r\n<p>1578 wurde das Haus das Eigentum des Tarnower Kapitels. Im 18. Jh. bewohnte das Haus der Rektor der Akademischen Kolonie (Akademiola), die seit 1756 wirkte.<br \/>\r\n\u00a0Im Jahre 1791 wurde das Haus von der \u00f6sterreichischen Herrschaft f\u00fcr eine religi\u00f6se Stiftung \u00fcbernommen. Dann befand sich in diesem Geb\u00e4ude ein Gymnasium. Bis zum Jahre 1904 dienten die R\u00e4ume des Hauses verschiedenen Arten von Schulen. 1930 befanden sich hier sogar eine Sanit\u00e4tsstation und das Museum der Hygiene. Nach dem 2. Weltkrieg fand hier ihre Zuflucht die Sammlung des Di\u00f6zesianmuseums. In den Jahren 1947-49 wurde das Geb\u00e4ude renoviert mit Bestimmung f\u00fcr Ausstellungszwecke.<\/p>\r\n<p>\u00a0Jetzt ist das ein einst\u00f6ckiges Haus, mit Unterkellerung. Im Erdgescho\u00df befinden sich ein Flur und ein Treppenhaus. Im ersten Stock ist die Einteilung \u00e4hnlich, statt des Flurs gibt es eine Stube. Aller Wahrscheinlichkeit nach hat dieses B\u00fcrgerhaus Kasper Simon erbaut. Er kam aus der Slowakei und geh\u00f6rte zu den Mitarbeitern von Franciszek Florentynczyk und sp\u00e4ter von Bartlomiej Berecci, Baumeister des Wawelschlosses.<\/p>\r\n<p>&nbsp;<\/p>\r\n<p><img loading=\"lazy\" decoding=\"async\" class=\"alignleft wp-image-205289 size-medium\" src=\"http:\/\/www.it.tarnow.pl\/wp-content\/uploads\/2021\/06\/Tarn\u00f3w-Basteja-1-400x267.jpg\" alt=\"\" width=\"400\" height=\"267\" \/><\/p>\r\n<p><b>Die Bastei<\/b> ist ein halbkreis- artiger Turm, der in der ersten H\u00e4lfte des 16. Jhs. entstand und einen Teil der \u00e4usseren Stadtmauern ausmacht.<br \/>\r\n\u00a0<\/p>\r\n<p><img loading=\"lazy\" decoding=\"async\" width=\"300\" height=\"400\" class=\"size-medium alignright wp-image-21329\" src=\"http:\/\/www.it.tarnow.pl\/wp-content\/uploads\/2019\/02\/TARNOW-Dom-Florencki-300x400.jpg\" alt=\"\" srcset=\"https:\/\/www.it.tarnow.pl\/wp-content\/uploads\/2019\/02\/TARNOW-Dom-Florencki-300x400.jpg 300w, https:\/\/www.it.tarnow.pl\/wp-content\/uploads\/2019\/02\/TARNOW-Dom-Florencki.jpg 768w, https:\/\/www.it.tarnow.pl\/wp-content\/uploads\/2019\/02\/TARNOW-Dom-Florencki-488x650.jpg 488w, https:\/\/www.it.tarnow.pl\/wp-content\/uploads\/2019\/02\/TARNOW-Dom-Florencki-225x300.jpg 225w\" sizes=\"auto, (max-width: 300px) 100vw, 300px\" \/><\/p>\r\n<p><b>Das Florentin Haus<\/b> wurde am Ende des 16. Jhs. gegr\u00fcndet und steht als Beispiel f\u00fcr die st\u00e4dtische Renaissance Architektur mit einer \u00fcberstehenden Vorderfassade.<\/p>","protected":false},"excerpt":{"rendered":"Im Zentrum der Stadt gelegen, spielte von Anfang an eine gro\u00dfe Rolle sowohl im \u00f6ffentlichen, als auch im gesch\u00e4ftlichen Leben. Er ist im zentralen Bereich der Anh\u00f6he lokalisiert, auf dem [&hellip;]","protected":false},"author":1,"featured_media":0,"parent":9807,"menu_order":114,"comment_status":"closed","ping_status":"closed","template":"","meta":{"_acf_changed":false,"footnotes":""},"tags":[],"class_list":["post-9809","page","type-page","status-publish","hentry"],"acf":{"old_object_id":"5633","old_parent_id":"5631","old_url":"Es-ist-sehenswert\/Tarnow\/Der-Marktplatz","intro_text":"","show_children":"1","class":"folder","type":"single","in_menu":true,"show_date":false,"map":"","old_id":"","rooms_info":"","top_column":"","left_column":"","right_column":"","bottom_column":"","skip_import":false,"_menu_related_id":"96087"},"yoast_head":"<!-- This site is optimized with the Yoast SEO Premium plugin v25.4 (Yoast SEO v25.4) - https:\/\/yoast.com\/wordpress\/plugins\/seo\/ -->\n<title>Der Marktplatz - Tarnowskie Centrum Informacji<\/title>\n<meta name=\"robots\" content=\"index, follow, max-snippet:-1, max-image-preview:large, max-video-preview:-1\" \/>\n<link rel=\"canonical\" href=\"https:\/\/www.it.tarnow.pl\/de\/es-ist-sehenswert\/tarnow-13\/der-marktplatz\/\" \/>\n<meta property=\"og:locale\" content=\"de_DE\" \/>\n<meta property=\"og:type\" content=\"article\" \/>\n<meta property=\"og:title\" content=\"Der Marktplatz\" \/>\n<meta property=\"og:description\" content=\"Im Zentrum der Stadt gelegen, spielte von Anfang an eine gro\u00dfe Rolle sowohl im \u00f6ffentlichen, als auch im gesch\u00e4ftlichen Leben. Er ist im zentralen Bereich der Anh\u00f6he lokalisiert, auf dem [&hellip;]\" \/>\n<meta property=\"og:url\" content=\"https:\/\/www.it.tarnow.pl\/de\/es-ist-sehenswert\/tarnow-13\/der-marktplatz\/\" \/>\n<meta property=\"og:site_name\" content=\"Tarnowskie Centrum Informacji\" \/>\n<meta property=\"article:modified_time\" content=\"2021-11-20T13:47:52+00:00\" \/>\n<meta property=\"og:image\" content=\"http:\/\/www.it.tarnow.pl\/wp-content\/uploads\/2019\/02\/TARNOW-Rynek-04-400x300.jpg\" \/>\n<meta name=\"twitter:card\" content=\"summary_large_image\" \/>\n<meta name=\"twitter:label1\" content=\"Gesch\u00e4tzte Lesezeit\" \/>\n\t<meta name=\"twitter:data1\" content=\"5\u00a0Minuten\" \/>\n<script type=\"application\/ld+json\" class=\"yoast-schema-graph\">{\"@context\":\"https:\/\/schema.org\",\"@graph\":[{\"@type\":\"WebPage\",\"@id\":\"https:\/\/www.it.tarnow.pl\/de\/es-ist-sehenswert\/tarnow-13\/der-marktplatz\/\",\"url\":\"https:\/\/www.it.tarnow.pl\/de\/es-ist-sehenswert\/tarnow-13\/der-marktplatz\/\",\"name\":\"Der Marktplatz - Tarnowskie Centrum Informacji\",\"isPartOf\":{\"@id\":\"https:\/\/www.it.tarnow.pl\/#website\"},\"primaryImageOfPage\":{\"@id\":\"https:\/\/www.it.tarnow.pl\/de\/es-ist-sehenswert\/tarnow-13\/der-marktplatz\/#primaryimage\"},\"image\":{\"@id\":\"https:\/\/www.it.tarnow.pl\/de\/es-ist-sehenswert\/tarnow-13\/der-marktplatz\/#primaryimage\"},\"thumbnailUrl\":\"http:\/\/www.it.tarnow.pl\/wp-content\/uploads\/2019\/02\/TARNOW-Rynek-04-400x300.jpg\",\"datePublished\":\"2010-08-10T12:02:36+00:00\",\"dateModified\":\"2021-11-20T13:47:52+00:00\",\"breadcrumb\":{\"@id\":\"https:\/\/www.it.tarnow.pl\/de\/es-ist-sehenswert\/tarnow-13\/der-marktplatz\/#breadcrumb\"},\"inLanguage\":\"de\",\"potentialAction\":[{\"@type\":\"ReadAction\",\"target\":[\"https:\/\/www.it.tarnow.pl\/de\/es-ist-sehenswert\/tarnow-13\/der-marktplatz\/\"]}]},{\"@type\":\"ImageObject\",\"inLanguage\":\"de\",\"@id\":\"https:\/\/www.it.tarnow.pl\/de\/es-ist-sehenswert\/tarnow-13\/der-marktplatz\/#primaryimage\",\"url\":\"http:\/\/www.it.tarnow.pl\/wp-content\/uploads\/2019\/02\/TARNOW-Rynek-04-400x300.jpg\",\"contentUrl\":\"http:\/\/www.it.tarnow.pl\/wp-content\/uploads\/2019\/02\/TARNOW-Rynek-04-400x300.jpg\"},{\"@type\":\"BreadcrumbList\",\"@id\":\"https:\/\/www.it.tarnow.pl\/de\/es-ist-sehenswert\/tarnow-13\/der-marktplatz\/#breadcrumb\",\"itemListElement\":[{\"@type\":\"ListItem\",\"position\":1,\"name\":\"Homepage\",\"item\":\"https:\/\/www.it.tarnow.pl\/de\/\"},{\"@type\":\"ListItem\",\"position\":2,\"name\":\"Es ist sehenswert\",\"item\":\"https:\/\/www.it.tarnow.pl\/de\/es-ist-sehenswert\/\"},{\"@type\":\"ListItem\",\"position\":3,\"name\":\"Tarn\u00f3w\",\"item\":\"https:\/\/www.it.tarnow.pl\/de\/es-ist-sehenswert\/tarnow-13\/\"},{\"@type\":\"ListItem\",\"position\":4,\"name\":\"Der Marktplatz\"}]},{\"@type\":\"WebSite\",\"@id\":\"https:\/\/www.it.tarnow.pl\/#website\",\"url\":\"https:\/\/www.it.tarnow.pl\/\",\"name\":\"Tarnowskie Centrum Informacji\",\"description\":\"Informacja turystyczna o Tarnowie i regionie tarnowskim.\",\"potentialAction\":[{\"@type\":\"SearchAction\",\"target\":{\"@type\":\"EntryPoint\",\"urlTemplate\":\"https:\/\/www.it.tarnow.pl\/?s={search_term_string}\"},\"query-input\":{\"@type\":\"PropertyValueSpecification\",\"valueRequired\":true,\"valueName\":\"search_term_string\"}}],\"inLanguage\":\"de\"}]}<\/script>\n<!-- \/ Yoast SEO Premium plugin. -->","yoast_head_json":{"title":"Der Marktplatz - Tarnowskie Centrum Informacji","robots":{"index":"index","follow":"follow","max-snippet":"max-snippet:-1","max-image-preview":"max-image-preview:large","max-video-preview":"max-video-preview:-1"},"canonical":"https:\/\/www.it.tarnow.pl\/de\/es-ist-sehenswert\/tarnow-13\/der-marktplatz\/","og_locale":"de_DE","og_type":"article","og_title":"Der Marktplatz","og_description":"Im Zentrum der Stadt gelegen, spielte von Anfang an eine gro\u00dfe Rolle sowohl im \u00f6ffentlichen, als auch im gesch\u00e4ftlichen Leben. Er ist im zentralen Bereich der Anh\u00f6he lokalisiert, auf dem [&hellip;]","og_url":"https:\/\/www.it.tarnow.pl\/de\/es-ist-sehenswert\/tarnow-13\/der-marktplatz\/","og_site_name":"Tarnowskie Centrum Informacji","article_modified_time":"2021-11-20T13:47:52+00:00","og_image":[{"url":"http:\/\/www.it.tarnow.pl\/wp-content\/uploads\/2019\/02\/TARNOW-Rynek-04-400x300.jpg","type":"","width":"","height":""}],"twitter_card":"summary_large_image","twitter_misc":{"Gesch\u00e4tzte Lesezeit":"5\u00a0Minuten"},"schema":{"@context":"https:\/\/schema.org","@graph":[{"@type":"WebPage","@id":"https:\/\/www.it.tarnow.pl\/de\/es-ist-sehenswert\/tarnow-13\/der-marktplatz\/","url":"https:\/\/www.it.tarnow.pl\/de\/es-ist-sehenswert\/tarnow-13\/der-marktplatz\/","name":"Der Marktplatz - Tarnowskie Centrum Informacji","isPartOf":{"@id":"https:\/\/www.it.tarnow.pl\/#website"},"primaryImageOfPage":{"@id":"https:\/\/www.it.tarnow.pl\/de\/es-ist-sehenswert\/tarnow-13\/der-marktplatz\/#primaryimage"},"image":{"@id":"https:\/\/www.it.tarnow.pl\/de\/es-ist-sehenswert\/tarnow-13\/der-marktplatz\/#primaryimage"},"thumbnailUrl":"http:\/\/www.it.tarnow.pl\/wp-content\/uploads\/2019\/02\/TARNOW-Rynek-04-400x300.jpg","datePublished":"2010-08-10T12:02:36+00:00","dateModified":"2021-11-20T13:47:52+00:00","breadcrumb":{"@id":"https:\/\/www.it.tarnow.pl\/de\/es-ist-sehenswert\/tarnow-13\/der-marktplatz\/#breadcrumb"},"inLanguage":"de","potentialAction":[{"@type":"ReadAction","target":["https:\/\/www.it.tarnow.pl\/de\/es-ist-sehenswert\/tarnow-13\/der-marktplatz\/"]}]},{"@type":"ImageObject","inLanguage":"de","@id":"https:\/\/www.it.tarnow.pl\/de\/es-ist-sehenswert\/tarnow-13\/der-marktplatz\/#primaryimage","url":"http:\/\/www.it.tarnow.pl\/wp-content\/uploads\/2019\/02\/TARNOW-Rynek-04-400x300.jpg","contentUrl":"http:\/\/www.it.tarnow.pl\/wp-content\/uploads\/2019\/02\/TARNOW-Rynek-04-400x300.jpg"},{"@type":"BreadcrumbList","@id":"https:\/\/www.it.tarnow.pl\/de\/es-ist-sehenswert\/tarnow-13\/der-marktplatz\/#breadcrumb","itemListElement":[{"@type":"ListItem","position":1,"name":"Homepage","item":"https:\/\/www.it.tarnow.pl\/de\/"},{"@type":"ListItem","position":2,"name":"Es ist sehenswert","item":"https:\/\/www.it.tarnow.pl\/de\/es-ist-sehenswert\/"},{"@type":"ListItem","position":3,"name":"Tarn\u00f3w","item":"https:\/\/www.it.tarnow.pl\/de\/es-ist-sehenswert\/tarnow-13\/"},{"@type":"ListItem","position":4,"name":"Der Marktplatz"}]},{"@type":"WebSite","@id":"https:\/\/www.it.tarnow.pl\/#website","url":"https:\/\/www.it.tarnow.pl\/","name":"Tarnowskie Centrum Informacji","description":"Informacja turystyczna o Tarnowie i regionie tarnowskim.","potentialAction":[{"@type":"SearchAction","target":{"@type":"EntryPoint","urlTemplate":"https:\/\/www.it.tarnow.pl\/?s={search_term_string}"},"query-input":{"@type":"PropertyValueSpecification","valueRequired":true,"valueName":"search_term_string"}}],"inLanguage":"de"}]}},"_links":{"self":[{"href":"https:\/\/www.it.tarnow.pl\/de\/wp-json\/wp\/v2\/pages\/9809","targetHints":{"allow":["GET"]}}],"collection":[{"href":"https:\/\/www.it.tarnow.pl\/de\/wp-json\/wp\/v2\/pages"}],"about":[{"href":"https:\/\/www.it.tarnow.pl\/de\/wp-json\/wp\/v2\/types\/page"}],"author":[{"embeddable":true,"href":"https:\/\/www.it.tarnow.pl\/de\/wp-json\/wp\/v2\/users\/1"}],"replies":[{"embeddable":true,"href":"https:\/\/www.it.tarnow.pl\/de\/wp-json\/wp\/v2\/comments?post=9809"}],"version-history":[{"count":0,"href":"https:\/\/www.it.tarnow.pl\/de\/wp-json\/wp\/v2\/pages\/9809\/revisions"}],"up":[{"embeddable":true,"href":"https:\/\/www.it.tarnow.pl\/de\/wp-json\/wp\/v2\/pages\/9807"}],"wp:attachment":[{"href":"https:\/\/www.it.tarnow.pl\/de\/wp-json\/wp\/v2\/media?parent=9809"}],"wp:term":[{"taxonomy":"post_tag","embeddable":true,"href":"https:\/\/www.it.tarnow.pl\/de\/wp-json\/wp\/v2\/tags?post=9809"}],"curies":[{"name":"wp","href":"https:\/\/api.w.org\/{rel}","templated":true}]}}