{"id":9808,"date":"2010-08-10T12:54:50","date_gmt":"2010-08-10T10:54:50","guid":{"rendered":"http:\/\/www.it.tarnow.pl\/die-geschichte-der-stadt\/"},"modified":"2019-04-03T15:17:01","modified_gmt":"2019-04-03T13:17:01","slug":"die-geschichte-der-stadt","status":"publish","type":"page","link":"https:\/\/www.it.tarnow.pl\/de\/es-ist-sehenswert\/tarnow-13\/die-geschichte-der-stadt\/","title":{"rendered":"Die Geschichte der Stadt"},"content":{"rendered":"<img loading=\"lazy\" decoding=\"async\" width=\"240\" height=\"149\" class=\"size-medium alignright wp-image-21271\" src=\"http:\/\/www.it.tarnow.pl\/wp-content\/uploads\/2019\/02\/IMG_7053m.jpg\" alt=\"\"><p>Am 7. M\u00e4rz 1330 gew\u00e4hrte das K\u00f6nigshaus mit dem K\u00f6nig Wladyslaw Lokietek, dem Krakauer Governeur Spicymir, ein Dokument, welches ihm das Recht gab, die Stadt Tarn\u00f3w entwickeln zu k\u00f6nnen. Der Grund f\u00fcr die Lage waren eine sehr gute Handelsroute zwischen Deutschland und Russland und eine Verkehrsroute zwischen Ungarn und der Ostsee. Er beschloss die Stadt auf einem H\u00fcgel anzusiedeln, womit sie sich jetzt hoch \u00fcber der Landschaft befindet (226m \u00fcber dem Wasserspiegel). Der mittelalterliche Aufbau der Stadt war charekteristisch f\u00fcr diese Zeit seiner Gr\u00fcndung und ist bis heute noch erkennbar.<\/p> <img loading=\"lazy\" decoding=\"async\" width=\"240\" height=\"157\" class=\"size-medium alignright wp-image-21281\" src=\"http:\/\/www.it.tarnow.pl\/wp-content\/uploads\/2019\/02\/IMG_7056m.jpg\" alt=\"\"><p>\u00a0<\/p>\n<p>Die l\u00e4ngste Periode der Entwicklung Tarnows fand im 16. Jh. statt, in der Zeit, als Jan Tarnowski, der Adlige, &#8222;Hetman&#8220; genannt, ein grosser Hausherr und Unternehmer, der Erbe Tarnows war. Im Jahre 1536 standen 200 H\u00e4user und es lebten 2000 Einwohner inmitten der Stadtmauern. Leider zerst\u00f6rten in den Jahren 1567-1787 (das Jahr, als es eine private Stadt wurde) zahlreiche Br\u00e4nde, Krankheiten, Kriege und vor allem die Gier der Autorit\u00e4ten die Stadt, und es endete der Wohlstand. In einem Bestreben, die Existenz der Stadt zu retten, begann Tarnow seine Entwicklung am Ende des 18. Jhs. wieder zu steigern. Zus\u00e4tzlich war hier ein grosser Hauptsitz f\u00fcr die Brigade stationiert. Schon in 1870 hatte Tarnow 21779 Einwohner und war die dritt- gr\u00f6sste Stadt in Galicia, nach Lvov und Krakow. Als der Erste Weltkrieg im August 1914 ausbrach, traten Tarnower gewillt der Polnischen Legion bei und am Ende vom Oktober 1918 war Tarnow die erste Stadt, die ihre Unabh\u00e4ngigkeit gewann. W\u00e4hrend der Periode 1918- 1939, entwickelte sich die Polnische Republik zu einer Industriestadt. Doch das endete leider am 28. August 1939, als eine Bombe, von einem deutschen Saboteur gelegt, im Bahnhof explodierte. Zwanzig Menschen starben und man streitet darum, ob der Zweite Weltkrieg nicht ein Resultet daraus ist. Am 14. Juni 1940 fand der erste Transport von 728 Gefangenen aus dem j\u00fcdischen Bad zu dem Konzentrationslager in Auschwitz statt.<\/p>\n<p>\u00a0<\/p>\n<p>Nach dem Krieg, wurde Tarnow die Hauptstadt des Tarn\u00f3w-Kreises und nach 1975, als Ergebnis einer administrativen Landesreform, wurde sie zur Hauptstadt der Woiwodschaft.<br> Darafhin nahm sie die Rolle eines administrativen, wirtschaftlichen und kulturellen Zentrums der Region an. Gleichzeitig \u00fcberstieg die Zahl der Einwohner mehr als 120 Tausend, doch irgendwie verlor die Stadt ihren Titel als im Januar des Jahres 1999 und ist heute der Sitz zweier Distrikte.<\/p>","protected":false},"excerpt":{"rendered":"Am 7. M\u00e4rz 1330 gew\u00e4hrte das K\u00f6nigshaus mit dem K\u00f6nig Wladyslaw Lokietek, dem Krakauer Governeur Spicymir, ein Dokument, welches ihm das Recht gab, die Stadt Tarn\u00f3w entwickeln zu k\u00f6nnen. Der [&hellip;]","protected":false},"author":1,"featured_media":0,"parent":9807,"menu_order":81,"comment_status":"closed","ping_status":"closed","template":"","meta":{"_acf_changed":false,"footnotes":""},"tags":[],"class_list":["post-9808","page","type-page","status-publish","hentry"],"acf":{"in_menu":null,"show_date":null,"intro_text":"","map":null},"yoast_head":"<!-- This site is optimized with the Yoast SEO Premium plugin v25.4 (Yoast SEO v25.4) - https:\/\/yoast.com\/wordpress\/plugins\/seo\/ -->\n<title>Die Geschichte der Stadt - Tarnowskie Centrum Informacji<\/title>\n<meta name=\"robots\" content=\"index, follow, max-snippet:-1, max-image-preview:large, max-video-preview:-1\" \/>\n<link rel=\"canonical\" href=\"https:\/\/www.it.tarnow.pl\/de\/es-ist-sehenswert\/tarnow-13\/die-geschichte-der-stadt\/\" \/>\n<meta property=\"og:locale\" content=\"de_DE\" \/>\n<meta property=\"og:type\" content=\"article\" \/>\n<meta property=\"og:title\" content=\"Die Geschichte der Stadt\" \/>\n<meta property=\"og:description\" content=\"Am 7. M\u00e4rz 1330 gew\u00e4hrte das K\u00f6nigshaus mit dem K\u00f6nig Wladyslaw Lokietek, dem Krakauer Governeur Spicymir, ein Dokument, welches ihm das Recht gab, die Stadt Tarn\u00f3w entwickeln zu k\u00f6nnen. Der [&hellip;]\" \/>\n<meta property=\"og:url\" content=\"https:\/\/www.it.tarnow.pl\/de\/es-ist-sehenswert\/tarnow-13\/die-geschichte-der-stadt\/\" \/>\n<meta property=\"og:site_name\" content=\"Tarnowskie Centrum Informacji\" \/>\n<meta property=\"article:modified_time\" content=\"2019-04-03T13:17:01+00:00\" \/>\n<meta property=\"og:image\" content=\"http:\/\/www.it.tarnow.pl\/wp-content\/uploads\/2019\/02\/IMG_7053m.jpg\" \/>\n<meta name=\"twitter:card\" content=\"summary_large_image\" \/>\n<meta name=\"twitter:label1\" content=\"Gesch\u00e4tzte Lesezeit\" \/>\n\t<meta name=\"twitter:data1\" content=\"2\u00a0Minuten\" \/>\n<script type=\"application\/ld+json\" class=\"yoast-schema-graph\">{\"@context\":\"https:\/\/schema.org\",\"@graph\":[{\"@type\":\"WebPage\",\"@id\":\"https:\/\/www.it.tarnow.pl\/de\/es-ist-sehenswert\/tarnow-13\/die-geschichte-der-stadt\/\",\"url\":\"https:\/\/www.it.tarnow.pl\/de\/es-ist-sehenswert\/tarnow-13\/die-geschichte-der-stadt\/\",\"name\":\"Die Geschichte der Stadt - Tarnowskie Centrum Informacji\",\"isPartOf\":{\"@id\":\"https:\/\/www.it.tarnow.pl\/#website\"},\"primaryImageOfPage\":{\"@id\":\"https:\/\/www.it.tarnow.pl\/de\/es-ist-sehenswert\/tarnow-13\/die-geschichte-der-stadt\/#primaryimage\"},\"image\":{\"@id\":\"https:\/\/www.it.tarnow.pl\/de\/es-ist-sehenswert\/tarnow-13\/die-geschichte-der-stadt\/#primaryimage\"},\"thumbnailUrl\":\"http:\/\/www.it.tarnow.pl\/wp-content\/uploads\/2019\/02\/IMG_7053m.jpg\",\"datePublished\":\"2010-08-10T10:54:50+00:00\",\"dateModified\":\"2019-04-03T13:17:01+00:00\",\"breadcrumb\":{\"@id\":\"https:\/\/www.it.tarnow.pl\/de\/es-ist-sehenswert\/tarnow-13\/die-geschichte-der-stadt\/#breadcrumb\"},\"inLanguage\":\"de\",\"potentialAction\":[{\"@type\":\"ReadAction\",\"target\":[\"https:\/\/www.it.tarnow.pl\/de\/es-ist-sehenswert\/tarnow-13\/die-geschichte-der-stadt\/\"]}]},{\"@type\":\"ImageObject\",\"inLanguage\":\"de\",\"@id\":\"https:\/\/www.it.tarnow.pl\/de\/es-ist-sehenswert\/tarnow-13\/die-geschichte-der-stadt\/#primaryimage\",\"url\":\"http:\/\/www.it.tarnow.pl\/wp-content\/uploads\/2019\/02\/IMG_7053m.jpg\",\"contentUrl\":\"http:\/\/www.it.tarnow.pl\/wp-content\/uploads\/2019\/02\/IMG_7053m.jpg\"},{\"@type\":\"BreadcrumbList\",\"@id\":\"https:\/\/www.it.tarnow.pl\/de\/es-ist-sehenswert\/tarnow-13\/die-geschichte-der-stadt\/#breadcrumb\",\"itemListElement\":[{\"@type\":\"ListItem\",\"position\":1,\"name\":\"Homepage\",\"item\":\"https:\/\/www.it.tarnow.pl\/de\/\"},{\"@type\":\"ListItem\",\"position\":2,\"name\":\"Es ist sehenswert\",\"item\":\"https:\/\/www.it.tarnow.pl\/de\/es-ist-sehenswert\/\"},{\"@type\":\"ListItem\",\"position\":3,\"name\":\"Tarn\u00f3w\",\"item\":\"https:\/\/www.it.tarnow.pl\/de\/es-ist-sehenswert\/tarnow-13\/\"},{\"@type\":\"ListItem\",\"position\":4,\"name\":\"Die Geschichte der Stadt\"}]},{\"@type\":\"WebSite\",\"@id\":\"https:\/\/www.it.tarnow.pl\/#website\",\"url\":\"https:\/\/www.it.tarnow.pl\/\",\"name\":\"Tarnowskie Centrum Informacji\",\"description\":\"Informacja turystyczna o Tarnowie i regionie tarnowskim.\",\"potentialAction\":[{\"@type\":\"SearchAction\",\"target\":{\"@type\":\"EntryPoint\",\"urlTemplate\":\"https:\/\/www.it.tarnow.pl\/?s={search_term_string}\"},\"query-input\":{\"@type\":\"PropertyValueSpecification\",\"valueRequired\":true,\"valueName\":\"search_term_string\"}}],\"inLanguage\":\"de\"}]}<\/script>\n<!-- \/ Yoast SEO Premium plugin. -->","yoast_head_json":{"title":"Die Geschichte der Stadt - Tarnowskie Centrum Informacji","robots":{"index":"index","follow":"follow","max-snippet":"max-snippet:-1","max-image-preview":"max-image-preview:large","max-video-preview":"max-video-preview:-1"},"canonical":"https:\/\/www.it.tarnow.pl\/de\/es-ist-sehenswert\/tarnow-13\/die-geschichte-der-stadt\/","og_locale":"de_DE","og_type":"article","og_title":"Die Geschichte der Stadt","og_description":"Am 7. M\u00e4rz 1330 gew\u00e4hrte das K\u00f6nigshaus mit dem K\u00f6nig Wladyslaw Lokietek, dem Krakauer Governeur Spicymir, ein Dokument, welches ihm das Recht gab, die Stadt Tarn\u00f3w entwickeln zu k\u00f6nnen. Der [&hellip;]","og_url":"https:\/\/www.it.tarnow.pl\/de\/es-ist-sehenswert\/tarnow-13\/die-geschichte-der-stadt\/","og_site_name":"Tarnowskie Centrum Informacji","article_modified_time":"2019-04-03T13:17:01+00:00","og_image":[{"url":"http:\/\/www.it.tarnow.pl\/wp-content\/uploads\/2019\/02\/IMG_7053m.jpg","type":"","width":"","height":""}],"twitter_card":"summary_large_image","twitter_misc":{"Gesch\u00e4tzte Lesezeit":"2\u00a0Minuten"},"schema":{"@context":"https:\/\/schema.org","@graph":[{"@type":"WebPage","@id":"https:\/\/www.it.tarnow.pl\/de\/es-ist-sehenswert\/tarnow-13\/die-geschichte-der-stadt\/","url":"https:\/\/www.it.tarnow.pl\/de\/es-ist-sehenswert\/tarnow-13\/die-geschichte-der-stadt\/","name":"Die Geschichte der Stadt - Tarnowskie Centrum Informacji","isPartOf":{"@id":"https:\/\/www.it.tarnow.pl\/#website"},"primaryImageOfPage":{"@id":"https:\/\/www.it.tarnow.pl\/de\/es-ist-sehenswert\/tarnow-13\/die-geschichte-der-stadt\/#primaryimage"},"image":{"@id":"https:\/\/www.it.tarnow.pl\/de\/es-ist-sehenswert\/tarnow-13\/die-geschichte-der-stadt\/#primaryimage"},"thumbnailUrl":"http:\/\/www.it.tarnow.pl\/wp-content\/uploads\/2019\/02\/IMG_7053m.jpg","datePublished":"2010-08-10T10:54:50+00:00","dateModified":"2019-04-03T13:17:01+00:00","breadcrumb":{"@id":"https:\/\/www.it.tarnow.pl\/de\/es-ist-sehenswert\/tarnow-13\/die-geschichte-der-stadt\/#breadcrumb"},"inLanguage":"de","potentialAction":[{"@type":"ReadAction","target":["https:\/\/www.it.tarnow.pl\/de\/es-ist-sehenswert\/tarnow-13\/die-geschichte-der-stadt\/"]}]},{"@type":"ImageObject","inLanguage":"de","@id":"https:\/\/www.it.tarnow.pl\/de\/es-ist-sehenswert\/tarnow-13\/die-geschichte-der-stadt\/#primaryimage","url":"http:\/\/www.it.tarnow.pl\/wp-content\/uploads\/2019\/02\/IMG_7053m.jpg","contentUrl":"http:\/\/www.it.tarnow.pl\/wp-content\/uploads\/2019\/02\/IMG_7053m.jpg"},{"@type":"BreadcrumbList","@id":"https:\/\/www.it.tarnow.pl\/de\/es-ist-sehenswert\/tarnow-13\/die-geschichte-der-stadt\/#breadcrumb","itemListElement":[{"@type":"ListItem","position":1,"name":"Homepage","item":"https:\/\/www.it.tarnow.pl\/de\/"},{"@type":"ListItem","position":2,"name":"Es ist sehenswert","item":"https:\/\/www.it.tarnow.pl\/de\/es-ist-sehenswert\/"},{"@type":"ListItem","position":3,"name":"Tarn\u00f3w","item":"https:\/\/www.it.tarnow.pl\/de\/es-ist-sehenswert\/tarnow-13\/"},{"@type":"ListItem","position":4,"name":"Die Geschichte der Stadt"}]},{"@type":"WebSite","@id":"https:\/\/www.it.tarnow.pl\/#website","url":"https:\/\/www.it.tarnow.pl\/","name":"Tarnowskie Centrum Informacji","description":"Informacja turystyczna o Tarnowie i regionie tarnowskim.","potentialAction":[{"@type":"SearchAction","target":{"@type":"EntryPoint","urlTemplate":"https:\/\/www.it.tarnow.pl\/?s={search_term_string}"},"query-input":{"@type":"PropertyValueSpecification","valueRequired":true,"valueName":"search_term_string"}}],"inLanguage":"de"}]}},"_links":{"self":[{"href":"https:\/\/www.it.tarnow.pl\/de\/wp-json\/wp\/v2\/pages\/9808","targetHints":{"allow":["GET"]}}],"collection":[{"href":"https:\/\/www.it.tarnow.pl\/de\/wp-json\/wp\/v2\/pages"}],"about":[{"href":"https:\/\/www.it.tarnow.pl\/de\/wp-json\/wp\/v2\/types\/page"}],"author":[{"embeddable":true,"href":"https:\/\/www.it.tarnow.pl\/de\/wp-json\/wp\/v2\/users\/1"}],"replies":[{"embeddable":true,"href":"https:\/\/www.it.tarnow.pl\/de\/wp-json\/wp\/v2\/comments?post=9808"}],"version-history":[{"count":0,"href":"https:\/\/www.it.tarnow.pl\/de\/wp-json\/wp\/v2\/pages\/9808\/revisions"}],"up":[{"embeddable":true,"href":"https:\/\/www.it.tarnow.pl\/de\/wp-json\/wp\/v2\/pages\/9807"}],"wp:attachment":[{"href":"https:\/\/www.it.tarnow.pl\/de\/wp-json\/wp\/v2\/media?parent=9808"}],"wp:term":[{"taxonomy":"post_tag","embeddable":true,"href":"https:\/\/www.it.tarnow.pl\/de\/wp-json\/wp\/v2\/tags?post=9808"}],"curies":[{"name":"wp","href":"https:\/\/api.w.org\/{rel}","templated":true}]}}