{"id":9807,"date":"2010-08-10T11:40:41","date_gmt":"2010-08-10T09:40:41","guid":{"rendered":"http:\/\/www.it.tarnow.pl\/tarnow-13\/"},"modified":"2021-11-20T13:38:12","modified_gmt":"2021-11-20T12:38:12","slug":"tarnow-13","status":"publish","type":"page","link":"https:\/\/www.it.tarnow.pl\/de\/es-ist-sehenswert\/tarnow-13\/","title":{"rendered":"Tarn\u00f3w"},"content":{"rendered":"<p><img loading=\"lazy\" decoding=\"async\" class=\"alignleft wp-image-205345 size-medium\" src=\"http:\/\/www.it.tarnow.pl\/wp-content\/uploads\/2021\/06\/Tarn\u00f3w-Rynek-1-400x267.jpg\" alt=\"\" width=\"400\" height=\"267\" \/><\/p>\r\n<p>Wer nur einmal Tarn\u00f3w gesehen hat, kann dem unwiederholbaren Reiz der galizischen Atmosph\u00e4re nicht widerstehen. Das verdankt die Stadt nicht nur der besonderen Sch\u00f6nheit der Altstadt, in der mittelalterliche Stra\u00dfen, Gotik- und Renaissancebauten und Fragmente der Festigungsmauer erhalten blieben, sondern auch dem Geist, der \u00e4ltere St\u00e4dte im S\u00fcden von den anderen Polens unterscheidet. <br \/>\r\nWenn man durch die Tarnower Stra\u00dfen spazieren geht, kann man im B\u00fcrgersteig einzelne Steine des farbenpr\u00e4chtigen Mosaiks bemerken.<\/p>\r\n<p>In den ruhigen Stra\u00dfen kann man vielleicht noch die Stimmen der Helden h\u00f6ren: den klugen Spicymir Leliwita, der die Stadt Tarn\u00f3w im Jahre 1330 gegr\u00fcndet hat, den gro\u00dfen Feldherrn und Politiker- Hetman Jan Tarnowski, des unerm\u00fcdlichen Soldaten, der f\u00fcr die Unabh\u00e4ngigkeit k\u00e4mpfte- General Joseph Bem, den klugen Historiker Joseph Szujski, den aufst\u00e4ndischen Bauern Jakub Szela, den genialen Erfinder Jan Szczepanik, den charismatischen Politiker Wincenty Witos, den heldenmutigen Feldherrn &#8211; Major Henryk Sucharski und den Schriftsteller Roman Brandstaetter.<br \/>\r\n<br \/>\r\n<\/p>\r\n<p><img loading=\"lazy\" decoding=\"async\" width=\"637\" height=\"326\" class=\"size-original aligncenter wp-image-21253\" src=\"http:\/\/www.it.tarnow.pl\/wp-content\/uploads\/2019\/02\/IMG_1294_www.jpg\" alt=\"\" srcset=\"https:\/\/www.it.tarnow.pl\/wp-content\/uploads\/2019\/02\/IMG_1294_www.jpg 637w, https:\/\/www.it.tarnow.pl\/wp-content\/uploads\/2019\/02\/IMG_1294_www-400x205.jpg 400w, https:\/\/www.it.tarnow.pl\/wp-content\/uploads\/2019\/02\/IMG_1294_www-300x154.jpg 300w\" sizes=\"auto, (max-width: 637px) 100vw, 637px\" \/><img loading=\"lazy\" decoding=\"async\" class=\"alignleft wp-image-205329 size-medium\" src=\"http:\/\/www.it.tarnow.pl\/wp-content\/uploads\/2021\/06\/Tarn\u00f3w-Mauzoleum-gen.-J.-Bema-1-400x267.jpg\" alt=\"\" width=\"400\" height=\"267\" \/><\/p>\r\n<p>Tarn\u00f3w war \u00fcber Jahrhunderte ein Zufluchtsort f\u00fcr Juden, Deutsche, Ukrainer, Schotten, \u00d6sterreicher, Tscheche u.a. Jede Nationalit\u00e4t und Kultur hinterlie\u00df ihre Spuren in der Geschichte von Tarn\u00f3w.<\/p>\r\n<p>W\u00e4hrend der Stadtbesichtigung kann man zwischen verschiedenen Besichtigungsrouten w\u00e4hlen z. B. &#8222;auf den Spuren der italienischen Renaissance&#8220;, oder &#8220; auf den Spuren des Helden General Joseph Bem und guten ungarisch- polnischen Beziehungen&#8220;. Man kann sich auch in die Sch\u00f6nheit der j\u00fcdischen Stra\u00dfen vertiefen, um an der Bimah.- \u00dcberresten in Gedanken zu versinken und sich auf dem Friedhof vor dem Grabdenkmal von hundert ermordeten Stadtb\u00fcrger zu verbeugen.<\/p>\r\n<p>&nbsp;<\/p>\r\n<p><img loading=\"lazy\" decoding=\"async\" width=\"300\" height=\"400\" class=\"size-medium alignright wp-image-21573\" src=\"http:\/\/www.it.tarnow.pl\/wp-content\/uploads\/2019\/02\/TARNOW-Bazylika-katedralna-01-1-300x400.jpg\" alt=\"\" srcset=\"https:\/\/www.it.tarnow.pl\/wp-content\/uploads\/2019\/02\/TARNOW-Bazylika-katedralna-01-1-300x400.jpg 300w, https:\/\/www.it.tarnow.pl\/wp-content\/uploads\/2019\/02\/TARNOW-Bazylika-katedralna-01-1.jpg 768w, https:\/\/www.it.tarnow.pl\/wp-content\/uploads\/2019\/02\/TARNOW-Bazylika-katedralna-01-1-488x650.jpg 488w, https:\/\/www.it.tarnow.pl\/wp-content\/uploads\/2019\/02\/TARNOW-Bazylika-katedralna-01-1-225x300.jpg 225w\" sizes=\"auto, (max-width: 300px) 100vw, 300px\" \/><\/p>\r\n<p>Man kann auch w\u00e4hrend der Stadtbesichtigung entz\u00fcckt von Kunstsch\u00e4tzen auf den Spuren der sakralen Architektur sein, unter welchen die Kathedrale als Perle mit monumentalen Grabdenkm\u00e4lern der Familien Tarnowski und Ostrogski gl\u00e4nzt.<\/p>\r\n<p>&nbsp;<\/p>\r\n<p><img loading=\"lazy\" decoding=\"async\" width=\"400\" height=\"300\" class=\"size-medium alignleft wp-image-21158\" src=\"http:\/\/www.it.tarnow.pl\/wp-content\/uploads\/2019\/02\/TARNOW-Muzeum-Diecezjalne-400x300.jpg\" alt=\"\" srcset=\"https:\/\/www.it.tarnow.pl\/wp-content\/uploads\/2019\/02\/TARNOW-Muzeum-Diecezjalne-400x300.jpg 400w, https:\/\/www.it.tarnow.pl\/wp-content\/uploads\/2019\/02\/TARNOW-Muzeum-Diecezjalne-768x576.jpg 768w, https:\/\/www.it.tarnow.pl\/wp-content\/uploads\/2019\/02\/TARNOW-Muzeum-Diecezjalne-650x488.jpg 650w, https:\/\/www.it.tarnow.pl\/wp-content\/uploads\/2019\/02\/TARNOW-Muzeum-Diecezjalne-300x225.jpg 300w, https:\/\/www.it.tarnow.pl\/wp-content\/uploads\/2019\/02\/TARNOW-Muzeum-Diecezjalne.jpg 1024w\" sizes=\"auto, (max-width: 400px) 100vw, 400px\" \/><\/p>\r\n<p>Daneben befindet sich das Di\u00f6zesanmuseum mit seiner unsch\u00e4tzbaren Sammlung.<\/p>\r\n<p>&nbsp;<\/p>\r\n<p>Jeder sollte sich auch sowohl die au\u00dfergew\u00f6hnliche Sammlung im Rathaus im Renaissancestil, als auch die in den H\u00e4usern mit Arkaden am Marktplatz anschauen. Besonders sehenswert ist die einzige in Europa im Ethnographischen Museum befindliche Dauerausstellung, die dem Leben und der Kultur der Roma gewidmet ist.<\/p>\r\n<p>&nbsp;<\/p>\r\n<p>Es ist empfehlenswert besonders am Abend durch die Tarnower Stra\u00dfen spazieren zu gehen. Die Stra\u00dfenlaternen werfen das Licht auf das Stra\u00dfenpflaster, viele S\u00e4le laden zu Konzerten der Meister ein, Cafes und Restaurants laden zu ehemaligen kaufm\u00e4nnischen Kellern ein. Nach einem Glas des ungarischen Tokaiweins schauen Sie noch einmal auf erleuchtete T\u00fcrme, H\u00e4user im Sezessionstil, auf die Bastei und Verteidigungsmauer. Atmen Sie die Luft tief ein und h\u00f6ren Sie den Wind rauschen, der aus Tatra-Gebirge und Beskidenwiesen anwehte.<\/p>\r\n<p>In Ihrer Erinnerung bleibt das Bild der Stadt, nach der Sie Sehnsucht empfinden werden.<\/p>","protected":false},"excerpt":{"rendered":"Wer nur einmal Tarn\u00f3w gesehen hat, kann dem unwiederholbaren Reiz der galizischen Atmosph\u00e4re nicht widerstehen. Das verdankt die Stadt nicht nur der besonderen Sch\u00f6nheit der Altstadt, in der mittelalterliche Stra\u00dfen, [&hellip;]","protected":false},"author":1,"featured_media":0,"parent":9792,"menu_order":147,"comment_status":"closed","ping_status":"closed","template":"","meta":{"_acf_changed":false,"footnotes":""},"tags":[],"class_list":["post-9807","page","type-page","status-publish","hentry"],"acf":{"old_object_id":"5631","old_parent_id":"250","old_url":"Es-ist-sehenswert\/Tarnow","intro_text":"<p><img loading=\"lazy\" decoding=\"async\" class=\"alignleft wp-image-205345 size-medium\" src=\"http:\/\/www.it.tarnow.pl\/wp-content\/uploads\/2021\/06\/Tarn\u00f3w-Rynek-1-400x267.jpg\" alt=\"\" width=\"400\" height=\"267\" \/><\/p>\n<p>Wer nur einmal Tarn\u00f3w gesehen hat, kann dem unwiederholbaren Reiz der galizischen Atmosph\u00e4re nicht widerstehen. Das verdankt die Stadt nicht nur der besonderen Sch\u00f6nheit der Altstadt, in der mittelalterliche Stra\u00dfen, Gotik- und Renaissancebauten und Fragmente der Festigungsmauer erhalten blieben, sondern auch dem Geist, der \u00e4ltere St\u00e4dte im S\u00fcden von den anderen Polens unterscheidet.<\/p>\n<p>Wenn man durch die Tarnower Stra\u00dfen spazieren geht, kann man im B\u00fcrgersteig einzelne Steine des farbenpr\u00e4chtigen Mosaiks bemerken.<\/p>\n","show_children":"1","class":"folder","type":"page","in_menu":true,"show_date":false,"map":"","old_id":"","rooms_info":"","top_column":"","left_column":"","right_column":"","bottom_column":"","skip_import":false,"_menu_related_id":"96083"},"yoast_head":"<!-- This site is optimized with the Yoast SEO Premium plugin v25.4 (Yoast SEO v25.4) - https:\/\/yoast.com\/wordpress\/plugins\/seo\/ -->\n<title>Tarn\u00f3w - Tarnowskie Centrum Informacji<\/title>\n<meta name=\"robots\" content=\"index, follow, max-snippet:-1, max-image-preview:large, max-video-preview:-1\" \/>\n<link rel=\"canonical\" href=\"https:\/\/www.it.tarnow.pl\/de\/es-ist-sehenswert\/tarnow-13\/\" \/>\n<meta property=\"og:locale\" content=\"de_DE\" \/>\n<meta property=\"og:type\" content=\"article\" \/>\n<meta property=\"og:title\" content=\"Tarn\u00f3w\" \/>\n<meta property=\"og:description\" content=\"Wer nur einmal Tarn\u00f3w gesehen hat, kann dem unwiederholbaren Reiz der galizischen Atmosph\u00e4re nicht widerstehen. Das verdankt die Stadt nicht nur der besonderen Sch\u00f6nheit der Altstadt, in der mittelalterliche Stra\u00dfen, [&hellip;]\" \/>\n<meta property=\"og:url\" content=\"https:\/\/www.it.tarnow.pl\/de\/es-ist-sehenswert\/tarnow-13\/\" \/>\n<meta property=\"og:site_name\" content=\"Tarnowskie Centrum Informacji\" \/>\n<meta property=\"article:modified_time\" content=\"2021-11-20T12:38:12+00:00\" \/>\n<meta property=\"og:image\" content=\"http:\/\/www.it.tarnow.pl\/wp-content\/uploads\/2019\/02\/IMG_1294_www.jpg\" \/>\n<meta name=\"twitter:card\" content=\"summary_large_image\" \/>\n<meta name=\"twitter:label1\" content=\"Gesch\u00e4tzte Lesezeit\" \/>\n\t<meta name=\"twitter:data1\" content=\"2\u00a0Minuten\" \/>\n<script type=\"application\/ld+json\" class=\"yoast-schema-graph\">{\"@context\":\"https:\/\/schema.org\",\"@graph\":[{\"@type\":\"WebPage\",\"@id\":\"https:\/\/www.it.tarnow.pl\/de\/es-ist-sehenswert\/tarnow-13\/\",\"url\":\"https:\/\/www.it.tarnow.pl\/de\/es-ist-sehenswert\/tarnow-13\/\",\"name\":\"Tarn\u00f3w - Tarnowskie Centrum Informacji\",\"isPartOf\":{\"@id\":\"https:\/\/www.it.tarnow.pl\/#website\"},\"primaryImageOfPage\":{\"@id\":\"https:\/\/www.it.tarnow.pl\/de\/es-ist-sehenswert\/tarnow-13\/#primaryimage\"},\"image\":{\"@id\":\"https:\/\/www.it.tarnow.pl\/de\/es-ist-sehenswert\/tarnow-13\/#primaryimage\"},\"thumbnailUrl\":\"http:\/\/www.it.tarnow.pl\/wp-content\/uploads\/2019\/02\/IMG_1294_www.jpg\",\"datePublished\":\"2010-08-10T09:40:41+00:00\",\"dateModified\":\"2021-11-20T12:38:12+00:00\",\"breadcrumb\":{\"@id\":\"https:\/\/www.it.tarnow.pl\/de\/es-ist-sehenswert\/tarnow-13\/#breadcrumb\"},\"inLanguage\":\"de\",\"potentialAction\":[{\"@type\":\"ReadAction\",\"target\":[\"https:\/\/www.it.tarnow.pl\/de\/es-ist-sehenswert\/tarnow-13\/\"]}]},{\"@type\":\"ImageObject\",\"inLanguage\":\"de\",\"@id\":\"https:\/\/www.it.tarnow.pl\/de\/es-ist-sehenswert\/tarnow-13\/#primaryimage\",\"url\":\"http:\/\/www.it.tarnow.pl\/wp-content\/uploads\/2019\/02\/IMG_1294_www.jpg\",\"contentUrl\":\"http:\/\/www.it.tarnow.pl\/wp-content\/uploads\/2019\/02\/IMG_1294_www.jpg\"},{\"@type\":\"BreadcrumbList\",\"@id\":\"https:\/\/www.it.tarnow.pl\/de\/es-ist-sehenswert\/tarnow-13\/#breadcrumb\",\"itemListElement\":[{\"@type\":\"ListItem\",\"position\":1,\"name\":\"Homepage\",\"item\":\"https:\/\/www.it.tarnow.pl\/de\/\"},{\"@type\":\"ListItem\",\"position\":2,\"name\":\"Es ist sehenswert\",\"item\":\"https:\/\/www.it.tarnow.pl\/de\/es-ist-sehenswert\/\"},{\"@type\":\"ListItem\",\"position\":3,\"name\":\"Tarn\u00f3w\"}]},{\"@type\":\"WebSite\",\"@id\":\"https:\/\/www.it.tarnow.pl\/#website\",\"url\":\"https:\/\/www.it.tarnow.pl\/\",\"name\":\"Tarnowskie Centrum Informacji\",\"description\":\"Informacja turystyczna o Tarnowie i regionie tarnowskim.\",\"potentialAction\":[{\"@type\":\"SearchAction\",\"target\":{\"@type\":\"EntryPoint\",\"urlTemplate\":\"https:\/\/www.it.tarnow.pl\/?s={search_term_string}\"},\"query-input\":{\"@type\":\"PropertyValueSpecification\",\"valueRequired\":true,\"valueName\":\"search_term_string\"}}],\"inLanguage\":\"de\"}]}<\/script>\n<!-- \/ Yoast SEO Premium plugin. -->","yoast_head_json":{"title":"Tarn\u00f3w - Tarnowskie Centrum Informacji","robots":{"index":"index","follow":"follow","max-snippet":"max-snippet:-1","max-image-preview":"max-image-preview:large","max-video-preview":"max-video-preview:-1"},"canonical":"https:\/\/www.it.tarnow.pl\/de\/es-ist-sehenswert\/tarnow-13\/","og_locale":"de_DE","og_type":"article","og_title":"Tarn\u00f3w","og_description":"Wer nur einmal Tarn\u00f3w gesehen hat, kann dem unwiederholbaren Reiz der galizischen Atmosph\u00e4re nicht widerstehen. Das verdankt die Stadt nicht nur der besonderen Sch\u00f6nheit der Altstadt, in der mittelalterliche Stra\u00dfen, [&hellip;]","og_url":"https:\/\/www.it.tarnow.pl\/de\/es-ist-sehenswert\/tarnow-13\/","og_site_name":"Tarnowskie Centrum Informacji","article_modified_time":"2021-11-20T12:38:12+00:00","og_image":[{"url":"http:\/\/www.it.tarnow.pl\/wp-content\/uploads\/2019\/02\/IMG_1294_www.jpg","type":"","width":"","height":""}],"twitter_card":"summary_large_image","twitter_misc":{"Gesch\u00e4tzte Lesezeit":"2\u00a0Minuten"},"schema":{"@context":"https:\/\/schema.org","@graph":[{"@type":"WebPage","@id":"https:\/\/www.it.tarnow.pl\/de\/es-ist-sehenswert\/tarnow-13\/","url":"https:\/\/www.it.tarnow.pl\/de\/es-ist-sehenswert\/tarnow-13\/","name":"Tarn\u00f3w - Tarnowskie Centrum Informacji","isPartOf":{"@id":"https:\/\/www.it.tarnow.pl\/#website"},"primaryImageOfPage":{"@id":"https:\/\/www.it.tarnow.pl\/de\/es-ist-sehenswert\/tarnow-13\/#primaryimage"},"image":{"@id":"https:\/\/www.it.tarnow.pl\/de\/es-ist-sehenswert\/tarnow-13\/#primaryimage"},"thumbnailUrl":"http:\/\/www.it.tarnow.pl\/wp-content\/uploads\/2019\/02\/IMG_1294_www.jpg","datePublished":"2010-08-10T09:40:41+00:00","dateModified":"2021-11-20T12:38:12+00:00","breadcrumb":{"@id":"https:\/\/www.it.tarnow.pl\/de\/es-ist-sehenswert\/tarnow-13\/#breadcrumb"},"inLanguage":"de","potentialAction":[{"@type":"ReadAction","target":["https:\/\/www.it.tarnow.pl\/de\/es-ist-sehenswert\/tarnow-13\/"]}]},{"@type":"ImageObject","inLanguage":"de","@id":"https:\/\/www.it.tarnow.pl\/de\/es-ist-sehenswert\/tarnow-13\/#primaryimage","url":"http:\/\/www.it.tarnow.pl\/wp-content\/uploads\/2019\/02\/IMG_1294_www.jpg","contentUrl":"http:\/\/www.it.tarnow.pl\/wp-content\/uploads\/2019\/02\/IMG_1294_www.jpg"},{"@type":"BreadcrumbList","@id":"https:\/\/www.it.tarnow.pl\/de\/es-ist-sehenswert\/tarnow-13\/#breadcrumb","itemListElement":[{"@type":"ListItem","position":1,"name":"Homepage","item":"https:\/\/www.it.tarnow.pl\/de\/"},{"@type":"ListItem","position":2,"name":"Es ist sehenswert","item":"https:\/\/www.it.tarnow.pl\/de\/es-ist-sehenswert\/"},{"@type":"ListItem","position":3,"name":"Tarn\u00f3w"}]},{"@type":"WebSite","@id":"https:\/\/www.it.tarnow.pl\/#website","url":"https:\/\/www.it.tarnow.pl\/","name":"Tarnowskie Centrum Informacji","description":"Informacja turystyczna o Tarnowie i regionie tarnowskim.","potentialAction":[{"@type":"SearchAction","target":{"@type":"EntryPoint","urlTemplate":"https:\/\/www.it.tarnow.pl\/?s={search_term_string}"},"query-input":{"@type":"PropertyValueSpecification","valueRequired":true,"valueName":"search_term_string"}}],"inLanguage":"de"}]}},"_links":{"self":[{"href":"https:\/\/www.it.tarnow.pl\/de\/wp-json\/wp\/v2\/pages\/9807","targetHints":{"allow":["GET"]}}],"collection":[{"href":"https:\/\/www.it.tarnow.pl\/de\/wp-json\/wp\/v2\/pages"}],"about":[{"href":"https:\/\/www.it.tarnow.pl\/de\/wp-json\/wp\/v2\/types\/page"}],"author":[{"embeddable":true,"href":"https:\/\/www.it.tarnow.pl\/de\/wp-json\/wp\/v2\/users\/1"}],"replies":[{"embeddable":true,"href":"https:\/\/www.it.tarnow.pl\/de\/wp-json\/wp\/v2\/comments?post=9807"}],"version-history":[{"count":0,"href":"https:\/\/www.it.tarnow.pl\/de\/wp-json\/wp\/v2\/pages\/9807\/revisions"}],"up":[{"embeddable":true,"href":"https:\/\/www.it.tarnow.pl\/de\/wp-json\/wp\/v2\/pages\/9792"}],"wp:attachment":[{"href":"https:\/\/www.it.tarnow.pl\/de\/wp-json\/wp\/v2\/media?parent=9807"}],"wp:term":[{"taxonomy":"post_tag","embeddable":true,"href":"https:\/\/www.it.tarnow.pl\/de\/wp-json\/wp\/v2\/tags?post=9807"}],"curies":[{"name":"wp","href":"https:\/\/api.w.org\/{rel}","templated":true}]}}