{"id":9805,"date":"2012-08-20T14:06:44","date_gmt":"2012-08-20T12:06:44","guid":{"rendered":"http:\/\/www.it.tarnow.pl\/die-tarnower-bania-kugel-ein-einzigartiges-objekt-in-der-welt\/"},"modified":"2019-04-03T15:16:58","modified_gmt":"2019-04-03T13:16:58","slug":"die-tarnower-bania-kugel-ein-einzigartiges-objekt-in-der-welt","status":"publish","type":"page","link":"https:\/\/www.it.tarnow.pl\/de\/es-ist-sehenswert\/wussten-sie-dass\/die-tarnower-bania-kugel-ein-einzigartiges-objekt-in-der-welt\/","title":{"rendered":"Die Tarnower \u201eBania\u201d (\u201eKugel\u201c) \u2013 ein einzigartiges Objekt in der Welt!"},"content":{"rendered":"<img loading=\"lazy\" decoding=\"async\" width=\"643\" height=\"429\" class=\"size-large alignright wp-image-21216\" src=\"http:\/\/www.it.tarnow.pl\/wp-content\/uploads\/2019\/02\/wieza-cisnien-bania-01.jpg\" alt=\"\" srcset=\"https:\/\/www.it.tarnow.pl\/wp-content\/uploads\/2019\/02\/wieza-cisnien-bania-01.jpg 643w, https:\/\/www.it.tarnow.pl\/wp-content\/uploads\/2019\/02\/wieza-cisnien-bania-01-400x267.jpg 400w, https:\/\/www.it.tarnow.pl\/wp-content\/uploads\/2019\/02\/wieza-cisnien-bania-01-300x200.jpg 300w\" sizes=\"auto, (max-width: 643px) 100vw, 643px\" \/><p>Die Tarnower \u201eBania\u201c ist eines der Symbole der modernen Stadt Tarn\u00f3w und der einzige aktive Wasserturm dieses Typs. Die 37 Meter hohe Turmkonstruktion ist aus Stahl gefertigt. Gro\u00dfer Wasserbeh\u00e4lter (mit einer Kapazit\u00e4t von 3000 m3) in Form eines Torus (Reifens) ist von 24 Pfeilern gest\u00fctzt. Der Au\u00dfendurchmesser der Pfeiler betr\u00e4gt 28 Meter, der Querschnitt 8 Meter. Die Tarnower \u201eBania\u201d wurde gegen Ende der 70er Jahre des 20. Jahrhunderts an der Politechnika Warszawska (Die Technische Universit\u00e4t Warschau) entworfen und Anfang der 80er Jahre errichtet. Die Tarnower \u201eBania\u201d funktioniert als Wasserturm. Sie dient als Wasserbeh\u00e4lter, wenn Wasserverbrauch von Menschen, die in den gr\u00f6\u00dften und am h\u00f6chsten gelegenen Tarnower Wohnsiedlungen wohnen (\u201eFalklandy\u201c), seinen H\u00f6hepunkt erreicht. Die Tarnower \u201eBania\u201c ist Eigentum von den Tarnower Wasserleitungen und ist f\u00fcr Besucher leider nicht zug\u00e4nglich. <\/p>","protected":false},"excerpt":{"rendered":"Die Tarnower \u201eBania\u201c ist eines der Symbole der modernen Stadt Tarn\u00f3w und der einzige aktive Wasserturm dieses Typs. Die 37 Meter hohe Turmkonstruktion ist aus Stahl gefertigt. Gro\u00dfer Wasserbeh\u00e4lter (mit [&hellip;]","protected":false},"author":1,"featured_media":0,"parent":9794,"menu_order":380,"comment_status":"closed","ping_status":"closed","template":"","meta":{"_acf_changed":false,"footnotes":""},"tags":[],"class_list":["post-9805","page","type-page","status-publish","hentry"],"acf":{"in_menu":null,"show_date":null,"intro_text":"<img class=\"size-small alignleft wp-image-21216\" src=\"http:\/\/www.it.tarnow.pl\/wp-content\/uploads\/2019\/02\/wieza-cisnien-bania-01-250x250.jpg\" alt=\"\"><p>Die Tarnower \u201eBania\u201c ist eines der Symbole der modernen Stadt Tarn\u00f3w und der einzige aktive Wasserturm dieses Typs. Die 37 Meter hohe Turmkonstruktion ist aus Stahl gefertigt. Gro\u00dfer Wasserbeh\u00e4lter (mit einer Kapazit\u00e4t von 3000 m3) in Form eines Torus (Reifens) ist von 24 Pfeilern gest\u00fctzt.<\/p>","map":null},"yoast_head":"<!-- This site is optimized with the Yoast SEO Premium plugin v25.4 (Yoast SEO v25.4) - https:\/\/yoast.com\/wordpress\/plugins\/seo\/ -->\n<title>Die Tarnower \u201eBania\u201d (\u201eKugel\u201c) \u2013 ein einzigartiges Objekt in der Welt! - Tarnowskie Centrum Informacji<\/title>\n<meta name=\"robots\" content=\"index, follow, max-snippet:-1, max-image-preview:large, max-video-preview:-1\" \/>\n<link rel=\"canonical\" href=\"https:\/\/www.it.tarnow.pl\/de\/es-ist-sehenswert\/wussten-sie-dass\/die-tarnower-bania-kugel-ein-einzigartiges-objekt-in-der-welt\/\" \/>\n<meta property=\"og:locale\" content=\"de_DE\" \/>\n<meta property=\"og:type\" content=\"article\" \/>\n<meta property=\"og:title\" content=\"Die Tarnower \u201eBania\u201d (\u201eKugel\u201c) \u2013 ein einzigartiges Objekt in der Welt!\" \/>\n<meta property=\"og:description\" content=\"Die Tarnower \u201eBania\u201c ist eines der Symbole der modernen Stadt Tarn\u00f3w und der einzige aktive Wasserturm dieses Typs. Die 37 Meter hohe Turmkonstruktion ist aus Stahl gefertigt. Gro\u00dfer Wasserbeh\u00e4lter (mit [&hellip;]\" \/>\n<meta property=\"og:url\" content=\"https:\/\/www.it.tarnow.pl\/de\/es-ist-sehenswert\/wussten-sie-dass\/die-tarnower-bania-kugel-ein-einzigartiges-objekt-in-der-welt\/\" \/>\n<meta property=\"og:site_name\" content=\"Tarnowskie Centrum Informacji\" \/>\n<meta property=\"article:modified_time\" content=\"2019-04-03T13:16:58+00:00\" \/>\n<meta property=\"og:image\" content=\"http:\/\/www.it.tarnow.pl\/wp-content\/uploads\/2019\/02\/wieza-cisnien-bania-01.jpg\" \/>\n<meta name=\"twitter:card\" content=\"summary_large_image\" \/>\n<meta name=\"twitter:label1\" content=\"Gesch\u00e4tzte Lesezeit\" \/>\n\t<meta name=\"twitter:data1\" content=\"1\u00a0Minute\" \/>\n<script type=\"application\/ld+json\" class=\"yoast-schema-graph\">{\"@context\":\"https:\/\/schema.org\",\"@graph\":[{\"@type\":\"WebPage\",\"@id\":\"https:\/\/www.it.tarnow.pl\/de\/es-ist-sehenswert\/wussten-sie-dass\/die-tarnower-bania-kugel-ein-einzigartiges-objekt-in-der-welt\/\",\"url\":\"https:\/\/www.it.tarnow.pl\/de\/es-ist-sehenswert\/wussten-sie-dass\/die-tarnower-bania-kugel-ein-einzigartiges-objekt-in-der-welt\/\",\"name\":\"Die Tarnower \u201eBania\u201d (\u201eKugel\u201c) \u2013 ein einzigartiges Objekt in der Welt! - Tarnowskie Centrum Informacji\",\"isPartOf\":{\"@id\":\"https:\/\/www.it.tarnow.pl\/#website\"},\"primaryImageOfPage\":{\"@id\":\"https:\/\/www.it.tarnow.pl\/de\/es-ist-sehenswert\/wussten-sie-dass\/die-tarnower-bania-kugel-ein-einzigartiges-objekt-in-der-welt\/#primaryimage\"},\"image\":{\"@id\":\"https:\/\/www.it.tarnow.pl\/de\/es-ist-sehenswert\/wussten-sie-dass\/die-tarnower-bania-kugel-ein-einzigartiges-objekt-in-der-welt\/#primaryimage\"},\"thumbnailUrl\":\"http:\/\/www.it.tarnow.pl\/wp-content\/uploads\/2019\/02\/wieza-cisnien-bania-01.jpg\",\"datePublished\":\"2012-08-20T12:06:44+00:00\",\"dateModified\":\"2019-04-03T13:16:58+00:00\",\"breadcrumb\":{\"@id\":\"https:\/\/www.it.tarnow.pl\/de\/es-ist-sehenswert\/wussten-sie-dass\/die-tarnower-bania-kugel-ein-einzigartiges-objekt-in-der-welt\/#breadcrumb\"},\"inLanguage\":\"de\",\"potentialAction\":[{\"@type\":\"ReadAction\",\"target\":[\"https:\/\/www.it.tarnow.pl\/de\/es-ist-sehenswert\/wussten-sie-dass\/die-tarnower-bania-kugel-ein-einzigartiges-objekt-in-der-welt\/\"]}]},{\"@type\":\"ImageObject\",\"inLanguage\":\"de\",\"@id\":\"https:\/\/www.it.tarnow.pl\/de\/es-ist-sehenswert\/wussten-sie-dass\/die-tarnower-bania-kugel-ein-einzigartiges-objekt-in-der-welt\/#primaryimage\",\"url\":\"http:\/\/www.it.tarnow.pl\/wp-content\/uploads\/2019\/02\/wieza-cisnien-bania-01.jpg\",\"contentUrl\":\"http:\/\/www.it.tarnow.pl\/wp-content\/uploads\/2019\/02\/wieza-cisnien-bania-01.jpg\"},{\"@type\":\"BreadcrumbList\",\"@id\":\"https:\/\/www.it.tarnow.pl\/de\/es-ist-sehenswert\/wussten-sie-dass\/die-tarnower-bania-kugel-ein-einzigartiges-objekt-in-der-welt\/#breadcrumb\",\"itemListElement\":[{\"@type\":\"ListItem\",\"position\":1,\"name\":\"Homepage\",\"item\":\"https:\/\/www.it.tarnow.pl\/de\/\"},{\"@type\":\"ListItem\",\"position\":2,\"name\":\"Es ist sehenswert\",\"item\":\"https:\/\/www.it.tarnow.pl\/de\/es-ist-sehenswert\/\"},{\"@type\":\"ListItem\",\"position\":3,\"name\":\"Wussten Sie, dass&#8230;?\",\"item\":\"https:\/\/www.it.tarnow.pl\/de\/es-ist-sehenswert\/wussten-sie-dass\/\"},{\"@type\":\"ListItem\",\"position\":4,\"name\":\"Die Tarnower \u201eBania\u201d (\u201eKugel\u201c) \u2013 ein einzigartiges Objekt in der Welt!\"}]},{\"@type\":\"WebSite\",\"@id\":\"https:\/\/www.it.tarnow.pl\/#website\",\"url\":\"https:\/\/www.it.tarnow.pl\/\",\"name\":\"Tarnowskie Centrum Informacji\",\"description\":\"Informacja turystyczna o Tarnowie i regionie tarnowskim.\",\"potentialAction\":[{\"@type\":\"SearchAction\",\"target\":{\"@type\":\"EntryPoint\",\"urlTemplate\":\"https:\/\/www.it.tarnow.pl\/?s={search_term_string}\"},\"query-input\":{\"@type\":\"PropertyValueSpecification\",\"valueRequired\":true,\"valueName\":\"search_term_string\"}}],\"inLanguage\":\"de\"}]}<\/script>\n<!-- \/ Yoast SEO Premium plugin. -->","yoast_head_json":{"title":"Die Tarnower \u201eBania\u201d (\u201eKugel\u201c) \u2013 ein einzigartiges Objekt in der Welt! - Tarnowskie Centrum Informacji","robots":{"index":"index","follow":"follow","max-snippet":"max-snippet:-1","max-image-preview":"max-image-preview:large","max-video-preview":"max-video-preview:-1"},"canonical":"https:\/\/www.it.tarnow.pl\/de\/es-ist-sehenswert\/wussten-sie-dass\/die-tarnower-bania-kugel-ein-einzigartiges-objekt-in-der-welt\/","og_locale":"de_DE","og_type":"article","og_title":"Die Tarnower \u201eBania\u201d (\u201eKugel\u201c) \u2013 ein einzigartiges Objekt in der Welt!","og_description":"Die Tarnower \u201eBania\u201c ist eines der Symbole der modernen Stadt Tarn\u00f3w und der einzige aktive Wasserturm dieses Typs. Die 37 Meter hohe Turmkonstruktion ist aus Stahl gefertigt. Gro\u00dfer Wasserbeh\u00e4lter (mit [&hellip;]","og_url":"https:\/\/www.it.tarnow.pl\/de\/es-ist-sehenswert\/wussten-sie-dass\/die-tarnower-bania-kugel-ein-einzigartiges-objekt-in-der-welt\/","og_site_name":"Tarnowskie Centrum Informacji","article_modified_time":"2019-04-03T13:16:58+00:00","og_image":[{"url":"http:\/\/www.it.tarnow.pl\/wp-content\/uploads\/2019\/02\/wieza-cisnien-bania-01.jpg","type":"","width":"","height":""}],"twitter_card":"summary_large_image","twitter_misc":{"Gesch\u00e4tzte Lesezeit":"1\u00a0Minute"},"schema":{"@context":"https:\/\/schema.org","@graph":[{"@type":"WebPage","@id":"https:\/\/www.it.tarnow.pl\/de\/es-ist-sehenswert\/wussten-sie-dass\/die-tarnower-bania-kugel-ein-einzigartiges-objekt-in-der-welt\/","url":"https:\/\/www.it.tarnow.pl\/de\/es-ist-sehenswert\/wussten-sie-dass\/die-tarnower-bania-kugel-ein-einzigartiges-objekt-in-der-welt\/","name":"Die Tarnower \u201eBania\u201d (\u201eKugel\u201c) \u2013 ein einzigartiges Objekt in der Welt! - Tarnowskie Centrum Informacji","isPartOf":{"@id":"https:\/\/www.it.tarnow.pl\/#website"},"primaryImageOfPage":{"@id":"https:\/\/www.it.tarnow.pl\/de\/es-ist-sehenswert\/wussten-sie-dass\/die-tarnower-bania-kugel-ein-einzigartiges-objekt-in-der-welt\/#primaryimage"},"image":{"@id":"https:\/\/www.it.tarnow.pl\/de\/es-ist-sehenswert\/wussten-sie-dass\/die-tarnower-bania-kugel-ein-einzigartiges-objekt-in-der-welt\/#primaryimage"},"thumbnailUrl":"http:\/\/www.it.tarnow.pl\/wp-content\/uploads\/2019\/02\/wieza-cisnien-bania-01.jpg","datePublished":"2012-08-20T12:06:44+00:00","dateModified":"2019-04-03T13:16:58+00:00","breadcrumb":{"@id":"https:\/\/www.it.tarnow.pl\/de\/es-ist-sehenswert\/wussten-sie-dass\/die-tarnower-bania-kugel-ein-einzigartiges-objekt-in-der-welt\/#breadcrumb"},"inLanguage":"de","potentialAction":[{"@type":"ReadAction","target":["https:\/\/www.it.tarnow.pl\/de\/es-ist-sehenswert\/wussten-sie-dass\/die-tarnower-bania-kugel-ein-einzigartiges-objekt-in-der-welt\/"]}]},{"@type":"ImageObject","inLanguage":"de","@id":"https:\/\/www.it.tarnow.pl\/de\/es-ist-sehenswert\/wussten-sie-dass\/die-tarnower-bania-kugel-ein-einzigartiges-objekt-in-der-welt\/#primaryimage","url":"http:\/\/www.it.tarnow.pl\/wp-content\/uploads\/2019\/02\/wieza-cisnien-bania-01.jpg","contentUrl":"http:\/\/www.it.tarnow.pl\/wp-content\/uploads\/2019\/02\/wieza-cisnien-bania-01.jpg"},{"@type":"BreadcrumbList","@id":"https:\/\/www.it.tarnow.pl\/de\/es-ist-sehenswert\/wussten-sie-dass\/die-tarnower-bania-kugel-ein-einzigartiges-objekt-in-der-welt\/#breadcrumb","itemListElement":[{"@type":"ListItem","position":1,"name":"Homepage","item":"https:\/\/www.it.tarnow.pl\/de\/"},{"@type":"ListItem","position":2,"name":"Es ist sehenswert","item":"https:\/\/www.it.tarnow.pl\/de\/es-ist-sehenswert\/"},{"@type":"ListItem","position":3,"name":"Wussten Sie, dass&#8230;?","item":"https:\/\/www.it.tarnow.pl\/de\/es-ist-sehenswert\/wussten-sie-dass\/"},{"@type":"ListItem","position":4,"name":"Die Tarnower \u201eBania\u201d (\u201eKugel\u201c) \u2013 ein einzigartiges Objekt in der Welt!"}]},{"@type":"WebSite","@id":"https:\/\/www.it.tarnow.pl\/#website","url":"https:\/\/www.it.tarnow.pl\/","name":"Tarnowskie Centrum Informacji","description":"Informacja turystyczna o Tarnowie i regionie tarnowskim.","potentialAction":[{"@type":"SearchAction","target":{"@type":"EntryPoint","urlTemplate":"https:\/\/www.it.tarnow.pl\/?s={search_term_string}"},"query-input":{"@type":"PropertyValueSpecification","valueRequired":true,"valueName":"search_term_string"}}],"inLanguage":"de"}]}},"_links":{"self":[{"href":"https:\/\/www.it.tarnow.pl\/de\/wp-json\/wp\/v2\/pages\/9805","targetHints":{"allow":["GET"]}}],"collection":[{"href":"https:\/\/www.it.tarnow.pl\/de\/wp-json\/wp\/v2\/pages"}],"about":[{"href":"https:\/\/www.it.tarnow.pl\/de\/wp-json\/wp\/v2\/types\/page"}],"author":[{"embeddable":true,"href":"https:\/\/www.it.tarnow.pl\/de\/wp-json\/wp\/v2\/users\/1"}],"replies":[{"embeddable":true,"href":"https:\/\/www.it.tarnow.pl\/de\/wp-json\/wp\/v2\/comments?post=9805"}],"version-history":[{"count":0,"href":"https:\/\/www.it.tarnow.pl\/de\/wp-json\/wp\/v2\/pages\/9805\/revisions"}],"up":[{"embeddable":true,"href":"https:\/\/www.it.tarnow.pl\/de\/wp-json\/wp\/v2\/pages\/9794"}],"wp:attachment":[{"href":"https:\/\/www.it.tarnow.pl\/de\/wp-json\/wp\/v2\/media?parent=9805"}],"wp:term":[{"taxonomy":"post_tag","embeddable":true,"href":"https:\/\/www.it.tarnow.pl\/de\/wp-json\/wp\/v2\/tags?post=9805"}],"curies":[{"name":"wp","href":"https:\/\/api.w.org\/{rel}","templated":true}]}}