{"id":9804,"date":"2010-08-10T08:49:00","date_gmt":"2010-08-10T06:49:00","guid":{"rendered":"http:\/\/www.it.tarnow.pl\/garri-kasparov-spielte-mit-schach-aus-tarnow\/"},"modified":"2019-04-03T15:16:57","modified_gmt":"2019-04-03T13:16:57","slug":"garri-kasparov-spielte-mit-schach-aus-tarnow","status":"publish","type":"page","link":"https:\/\/www.it.tarnow.pl\/de\/es-ist-sehenswert\/wussten-sie-dass\/garri-kasparov-spielte-mit-schach-aus-tarnow\/","title":{"rendered":"Garri Kasparov spielte mit Schach aus Tarn\u00f3w"},"content":{"rendered":"<p>Das Unternehmen &#8222;W\u0119giel&#8220; <a href=\"http:\/\/www.wegiel-chess.com.pl\/\" class=\"target_blank\">www.wegiel-chess.com.pl<\/a>\n produziert h\u00f6chst qualitatives Schach f\u00fcr professionellen Spieler. Das Schach der Firma &#8222;W\u0119giel&#8220; wurde von vielen Schachmeistern anerkannt, unter anderem selbst von Garri Kasparov, der mehrmals Schach der Firma &#8222;W\u0119giel&#8220; benutzte. Schachbretter der Firma &#8222;W\u0119giel&#8220; wurden auf vielen renommierten Schachturnieren in der ganzen Welt angewendet.<\/p>","protected":false},"excerpt":{"rendered":"Das Unternehmen &#8222;W\u0119giel&#8220; www.wegiel-chess.com.pl produziert h\u00f6chst qualitatives Schach f\u00fcr professionellen Spieler. Das Schach der Firma &#8222;W\u0119giel&#8220; wurde von vielen Schachmeistern anerkannt, unter anderem selbst von Garri Kasparov, der mehrmals Schach [&hellip;]","protected":false},"author":1,"featured_media":0,"parent":9794,"menu_order":349,"comment_status":"closed","ping_status":"closed","template":"","meta":{"_acf_changed":false,"footnotes":""},"tags":[],"class_list":["post-9804","page","type-page","status-publish","hentry"],"acf":{"in_menu":null,"show_date":null,"intro_text":"<p>Das Unternehmen \"W\u0119giel\" <a href=\"http:\/\/www.wegiel-chess.com.pl\/\" class=\"target_blank\">www.wegiel-chess.com.pl<\/a> produziert h\u00f6chst qualitatives Schach f\u00fcr professionellen Spieler. Das Schach der Firma \"W\u0119giel\" wurde von vielen Schachmeistern anerkannt, unter anderem selbst von Garri Kasparov, der mehrmals Schach der Firma \"W\u0119giel\" benutzte.<\/p>","map":null},"yoast_head":"<!-- This site is optimized with the Yoast SEO Premium plugin v25.4 (Yoast SEO v25.4) - https:\/\/yoast.com\/wordpress\/plugins\/seo\/ -->\n<title>Garri Kasparov spielte mit Schach aus Tarn\u00f3w - Tarnowskie Centrum Informacji<\/title>\n<meta name=\"robots\" content=\"index, follow, max-snippet:-1, max-image-preview:large, max-video-preview:-1\" \/>\n<link rel=\"canonical\" href=\"https:\/\/www.it.tarnow.pl\/de\/es-ist-sehenswert\/wussten-sie-dass\/garri-kasparov-spielte-mit-schach-aus-tarnow\/\" \/>\n<meta property=\"og:locale\" content=\"de_DE\" \/>\n<meta property=\"og:type\" content=\"article\" \/>\n<meta property=\"og:title\" content=\"Garri Kasparov spielte mit Schach aus Tarn\u00f3w\" \/>\n<meta property=\"og:description\" content=\"Das Unternehmen &#8222;W\u0119giel&#8220; www.wegiel-chess.com.pl produziert h\u00f6chst qualitatives Schach f\u00fcr professionellen Spieler. Das Schach der Firma &#8222;W\u0119giel&#8220; wurde von vielen Schachmeistern anerkannt, unter anderem selbst von Garri Kasparov, der mehrmals Schach [&hellip;]\" \/>\n<meta property=\"og:url\" content=\"https:\/\/www.it.tarnow.pl\/de\/es-ist-sehenswert\/wussten-sie-dass\/garri-kasparov-spielte-mit-schach-aus-tarnow\/\" \/>\n<meta property=\"og:site_name\" content=\"Tarnowskie Centrum Informacji\" \/>\n<meta property=\"article:modified_time\" content=\"2019-04-03T13:16:57+00:00\" \/>\n<meta name=\"twitter:card\" content=\"summary_large_image\" \/>\n<script type=\"application\/ld+json\" class=\"yoast-schema-graph\">{\"@context\":\"https:\/\/schema.org\",\"@graph\":[{\"@type\":\"WebPage\",\"@id\":\"https:\/\/www.it.tarnow.pl\/de\/es-ist-sehenswert\/wussten-sie-dass\/garri-kasparov-spielte-mit-schach-aus-tarnow\/\",\"url\":\"https:\/\/www.it.tarnow.pl\/de\/es-ist-sehenswert\/wussten-sie-dass\/garri-kasparov-spielte-mit-schach-aus-tarnow\/\",\"name\":\"Garri Kasparov spielte mit Schach aus Tarn\u00f3w - Tarnowskie Centrum Informacji\",\"isPartOf\":{\"@id\":\"https:\/\/www.it.tarnow.pl\/#website\"},\"datePublished\":\"2010-08-10T06:49:00+00:00\",\"dateModified\":\"2019-04-03T13:16:57+00:00\",\"breadcrumb\":{\"@id\":\"https:\/\/www.it.tarnow.pl\/de\/es-ist-sehenswert\/wussten-sie-dass\/garri-kasparov-spielte-mit-schach-aus-tarnow\/#breadcrumb\"},\"inLanguage\":\"de\",\"potentialAction\":[{\"@type\":\"ReadAction\",\"target\":[\"https:\/\/www.it.tarnow.pl\/de\/es-ist-sehenswert\/wussten-sie-dass\/garri-kasparov-spielte-mit-schach-aus-tarnow\/\"]}]},{\"@type\":\"BreadcrumbList\",\"@id\":\"https:\/\/www.it.tarnow.pl\/de\/es-ist-sehenswert\/wussten-sie-dass\/garri-kasparov-spielte-mit-schach-aus-tarnow\/#breadcrumb\",\"itemListElement\":[{\"@type\":\"ListItem\",\"position\":1,\"name\":\"Homepage\",\"item\":\"https:\/\/www.it.tarnow.pl\/de\/\"},{\"@type\":\"ListItem\",\"position\":2,\"name\":\"Es ist sehenswert\",\"item\":\"https:\/\/www.it.tarnow.pl\/de\/es-ist-sehenswert\/\"},{\"@type\":\"ListItem\",\"position\":3,\"name\":\"Wussten Sie, dass&#8230;?\",\"item\":\"https:\/\/www.it.tarnow.pl\/de\/es-ist-sehenswert\/wussten-sie-dass\/\"},{\"@type\":\"ListItem\",\"position\":4,\"name\":\"Garri Kasparov spielte mit Schach aus Tarn\u00f3w\"}]},{\"@type\":\"WebSite\",\"@id\":\"https:\/\/www.it.tarnow.pl\/#website\",\"url\":\"https:\/\/www.it.tarnow.pl\/\",\"name\":\"Tarnowskie Centrum Informacji\",\"description\":\"Informacja turystyczna o Tarnowie i regionie tarnowskim.\",\"potentialAction\":[{\"@type\":\"SearchAction\",\"target\":{\"@type\":\"EntryPoint\",\"urlTemplate\":\"https:\/\/www.it.tarnow.pl\/?s={search_term_string}\"},\"query-input\":{\"@type\":\"PropertyValueSpecification\",\"valueRequired\":true,\"valueName\":\"search_term_string\"}}],\"inLanguage\":\"de\"}]}<\/script>\n<!-- \/ Yoast SEO Premium plugin. -->","yoast_head_json":{"title":"Garri Kasparov spielte mit Schach aus Tarn\u00f3w - Tarnowskie Centrum Informacji","robots":{"index":"index","follow":"follow","max-snippet":"max-snippet:-1","max-image-preview":"max-image-preview:large","max-video-preview":"max-video-preview:-1"},"canonical":"https:\/\/www.it.tarnow.pl\/de\/es-ist-sehenswert\/wussten-sie-dass\/garri-kasparov-spielte-mit-schach-aus-tarnow\/","og_locale":"de_DE","og_type":"article","og_title":"Garri Kasparov spielte mit Schach aus Tarn\u00f3w","og_description":"Das Unternehmen &#8222;W\u0119giel&#8220; www.wegiel-chess.com.pl produziert h\u00f6chst qualitatives Schach f\u00fcr professionellen Spieler. Das Schach der Firma &#8222;W\u0119giel&#8220; wurde von vielen Schachmeistern anerkannt, unter anderem selbst von Garri Kasparov, der mehrmals Schach [&hellip;]","og_url":"https:\/\/www.it.tarnow.pl\/de\/es-ist-sehenswert\/wussten-sie-dass\/garri-kasparov-spielte-mit-schach-aus-tarnow\/","og_site_name":"Tarnowskie Centrum Informacji","article_modified_time":"2019-04-03T13:16:57+00:00","twitter_card":"summary_large_image","schema":{"@context":"https:\/\/schema.org","@graph":[{"@type":"WebPage","@id":"https:\/\/www.it.tarnow.pl\/de\/es-ist-sehenswert\/wussten-sie-dass\/garri-kasparov-spielte-mit-schach-aus-tarnow\/","url":"https:\/\/www.it.tarnow.pl\/de\/es-ist-sehenswert\/wussten-sie-dass\/garri-kasparov-spielte-mit-schach-aus-tarnow\/","name":"Garri Kasparov spielte mit Schach aus Tarn\u00f3w - Tarnowskie Centrum Informacji","isPartOf":{"@id":"https:\/\/www.it.tarnow.pl\/#website"},"datePublished":"2010-08-10T06:49:00+00:00","dateModified":"2019-04-03T13:16:57+00:00","breadcrumb":{"@id":"https:\/\/www.it.tarnow.pl\/de\/es-ist-sehenswert\/wussten-sie-dass\/garri-kasparov-spielte-mit-schach-aus-tarnow\/#breadcrumb"},"inLanguage":"de","potentialAction":[{"@type":"ReadAction","target":["https:\/\/www.it.tarnow.pl\/de\/es-ist-sehenswert\/wussten-sie-dass\/garri-kasparov-spielte-mit-schach-aus-tarnow\/"]}]},{"@type":"BreadcrumbList","@id":"https:\/\/www.it.tarnow.pl\/de\/es-ist-sehenswert\/wussten-sie-dass\/garri-kasparov-spielte-mit-schach-aus-tarnow\/#breadcrumb","itemListElement":[{"@type":"ListItem","position":1,"name":"Homepage","item":"https:\/\/www.it.tarnow.pl\/de\/"},{"@type":"ListItem","position":2,"name":"Es ist sehenswert","item":"https:\/\/www.it.tarnow.pl\/de\/es-ist-sehenswert\/"},{"@type":"ListItem","position":3,"name":"Wussten Sie, dass&#8230;?","item":"https:\/\/www.it.tarnow.pl\/de\/es-ist-sehenswert\/wussten-sie-dass\/"},{"@type":"ListItem","position":4,"name":"Garri Kasparov spielte mit Schach aus Tarn\u00f3w"}]},{"@type":"WebSite","@id":"https:\/\/www.it.tarnow.pl\/#website","url":"https:\/\/www.it.tarnow.pl\/","name":"Tarnowskie Centrum Informacji","description":"Informacja turystyczna o Tarnowie i regionie tarnowskim.","potentialAction":[{"@type":"SearchAction","target":{"@type":"EntryPoint","urlTemplate":"https:\/\/www.it.tarnow.pl\/?s={search_term_string}"},"query-input":{"@type":"PropertyValueSpecification","valueRequired":true,"valueName":"search_term_string"}}],"inLanguage":"de"}]}},"_links":{"self":[{"href":"https:\/\/www.it.tarnow.pl\/de\/wp-json\/wp\/v2\/pages\/9804","targetHints":{"allow":["GET"]}}],"collection":[{"href":"https:\/\/www.it.tarnow.pl\/de\/wp-json\/wp\/v2\/pages"}],"about":[{"href":"https:\/\/www.it.tarnow.pl\/de\/wp-json\/wp\/v2\/types\/page"}],"author":[{"embeddable":true,"href":"https:\/\/www.it.tarnow.pl\/de\/wp-json\/wp\/v2\/users\/1"}],"replies":[{"embeddable":true,"href":"https:\/\/www.it.tarnow.pl\/de\/wp-json\/wp\/v2\/comments?post=9804"}],"version-history":[{"count":0,"href":"https:\/\/www.it.tarnow.pl\/de\/wp-json\/wp\/v2\/pages\/9804\/revisions"}],"up":[{"embeddable":true,"href":"https:\/\/www.it.tarnow.pl\/de\/wp-json\/wp\/v2\/pages\/9794"}],"wp:attachment":[{"href":"https:\/\/www.it.tarnow.pl\/de\/wp-json\/wp\/v2\/media?parent=9804"}],"wp:term":[{"taxonomy":"post_tag","embeddable":true,"href":"https:\/\/www.it.tarnow.pl\/de\/wp-json\/wp\/v2\/tags?post=9804"}],"curies":[{"name":"wp","href":"https:\/\/api.w.org\/{rel}","templated":true}]}}