{"id":9802,"date":"2010-08-09T15:51:35","date_gmt":"2010-08-09T13:51:35","guid":{"rendered":"http:\/\/www.it.tarnow.pl\/tarnow-hat-das-groste-denkmal-von-wladyslaw-lokietek-in-der-welt\/"},"modified":"2019-04-03T15:16:56","modified_gmt":"2019-04-03T13:16:56","slug":"tarnow-hat-das-groste-denkmal-von-wladyslaw-lokietek-in-der-welt","status":"publish","type":"page","link":"https:\/\/www.it.tarnow.pl\/de\/es-ist-sehenswert\/wussten-sie-dass\/tarnow-hat-das-groste-denkmal-von-wladyslaw-lokietek-in-der-welt\/","title":{"rendered":"Tarn\u00f3w hat das gr\u00f6\u00dfte Denkmal von W\u0142adys\u0142aw \u0141okietek in der Welt"},"content":{"rendered":"<img loading=\"lazy\" decoding=\"async\" width=\"1024\" height=\"683\" class=\"size-large alignright wp-image-36738\" src=\"http:\/\/www.it.tarnow.pl\/wp-content\/uploads\/2019\/02\/Lokietek_monument_m-1-1024x683.jpg\" alt=\"\" srcset=\"https:\/\/www.it.tarnow.pl\/wp-content\/uploads\/2019\/02\/Lokietek_monument_m-1.jpg 1024w, https:\/\/www.it.tarnow.pl\/wp-content\/uploads\/2019\/02\/Lokietek_monument_m-1-300x200.jpg 300w, https:\/\/www.it.tarnow.pl\/wp-content\/uploads\/2019\/02\/Lokietek_monument_m-1-768x512.jpg 768w\" sizes=\"auto, (max-width: 1024px) 100vw, 1024px\" \/><p>Die Stadt hat eine neue touristische Attraktion \u2013 es ist ein f\u00fcnf Meter hohes Denkmal des K\u00f6nigs W\u0142adys\u0142aw \u0141okietek, der Tarn\u00f3w die Stadtrechte verliehen hat. Er war auch f\u00fcr seine kleine K\u00f6rpergr\u00f6\u00dfe bekannt. Das Denkmal befindet sich in einer reizvollen Ecke der Stadt, in einer neulich renovierten Gr\u00fcnanlage in der Wa\u0142owa \u2013 Strasse 7. Damit werden auch, bisher unerreichbare, Fragmente der alten Schutzmauer sichtbar.<\/p>","protected":false},"excerpt":{"rendered":"Die Stadt hat eine neue touristische Attraktion \u2013 es ist ein f\u00fcnf Meter hohes Denkmal des K\u00f6nigs W\u0142adys\u0142aw \u0141okietek, der Tarn\u00f3w die Stadtrechte verliehen hat. Er war auch f\u00fcr seine [&hellip;]","protected":false},"author":1,"featured_media":0,"parent":9794,"menu_order":291,"comment_status":"closed","ping_status":"closed","template":"","meta":{"_acf_changed":false,"footnotes":""},"tags":[],"class_list":["post-9802","page","type-page","status-publish","hentry"],"acf":{"in_menu":null,"show_date":null,"intro_text":"<img class=\"size-small alignleft wp-image-36738\" src=\"http:\/\/www.it.tarnow.pl\/wp-content\/uploads\/2019\/02\/Lokietek_monument_m-1-150x150.jpg\" alt=\"\"><p>Die Stadt hat eine neue touristische Attraktion \u2013 es ist ein f\u00fcnf Meter hohes Denkmal des K\u00f6nigs W\u0142adys\u0142aw \u0141okietek, der Tarn\u00f3w die Stadtrechte verliehen hat. Er war auch f\u00fcr seine kleine K\u00f6rpergr\u00f6\u00dfe bekannt.<\/p>","map":null},"yoast_head":"<!-- This site is optimized with the Yoast SEO Premium plugin v25.4 (Yoast SEO v25.4) - https:\/\/yoast.com\/wordpress\/plugins\/seo\/ -->\n<title>Tarn\u00f3w hat das gr\u00f6\u00dfte Denkmal von W\u0142adys\u0142aw \u0141okietek in der Welt - Tarnowskie Centrum Informacji<\/title>\n<meta name=\"robots\" content=\"index, follow, max-snippet:-1, max-image-preview:large, max-video-preview:-1\" \/>\n<link rel=\"canonical\" href=\"https:\/\/www.it.tarnow.pl\/de\/es-ist-sehenswert\/wussten-sie-dass\/tarnow-hat-das-groste-denkmal-von-wladyslaw-lokietek-in-der-welt\/\" \/>\n<meta property=\"og:locale\" content=\"de_DE\" \/>\n<meta property=\"og:type\" content=\"article\" \/>\n<meta property=\"og:title\" content=\"Tarn\u00f3w hat das gr\u00f6\u00dfte Denkmal von W\u0142adys\u0142aw \u0141okietek in der Welt\" \/>\n<meta property=\"og:description\" content=\"Die Stadt hat eine neue touristische Attraktion \u2013 es ist ein f\u00fcnf Meter hohes Denkmal des K\u00f6nigs W\u0142adys\u0142aw \u0141okietek, der Tarn\u00f3w die Stadtrechte verliehen hat. Er war auch f\u00fcr seine [&hellip;]\" \/>\n<meta property=\"og:url\" content=\"https:\/\/www.it.tarnow.pl\/de\/es-ist-sehenswert\/wussten-sie-dass\/tarnow-hat-das-groste-denkmal-von-wladyslaw-lokietek-in-der-welt\/\" \/>\n<meta property=\"og:site_name\" content=\"Tarnowskie Centrum Informacji\" \/>\n<meta property=\"article:modified_time\" content=\"2019-04-03T13:16:56+00:00\" \/>\n<meta property=\"og:image\" content=\"http:\/\/www.it.tarnow.pl\/wp-content\/uploads\/2019\/02\/Lokietek_monument_m-1-1024x683.jpg\" \/>\n<meta name=\"twitter:card\" content=\"summary_large_image\" \/>\n<script type=\"application\/ld+json\" class=\"yoast-schema-graph\">{\"@context\":\"https:\/\/schema.org\",\"@graph\":[{\"@type\":\"WebPage\",\"@id\":\"https:\/\/www.it.tarnow.pl\/de\/es-ist-sehenswert\/wussten-sie-dass\/tarnow-hat-das-groste-denkmal-von-wladyslaw-lokietek-in-der-welt\/\",\"url\":\"https:\/\/www.it.tarnow.pl\/de\/es-ist-sehenswert\/wussten-sie-dass\/tarnow-hat-das-groste-denkmal-von-wladyslaw-lokietek-in-der-welt\/\",\"name\":\"Tarn\u00f3w hat das gr\u00f6\u00dfte Denkmal von W\u0142adys\u0142aw \u0141okietek in der Welt - Tarnowskie Centrum Informacji\",\"isPartOf\":{\"@id\":\"https:\/\/www.it.tarnow.pl\/#website\"},\"primaryImageOfPage\":{\"@id\":\"https:\/\/www.it.tarnow.pl\/de\/es-ist-sehenswert\/wussten-sie-dass\/tarnow-hat-das-groste-denkmal-von-wladyslaw-lokietek-in-der-welt\/#primaryimage\"},\"image\":{\"@id\":\"https:\/\/www.it.tarnow.pl\/de\/es-ist-sehenswert\/wussten-sie-dass\/tarnow-hat-das-groste-denkmal-von-wladyslaw-lokietek-in-der-welt\/#primaryimage\"},\"thumbnailUrl\":\"http:\/\/www.it.tarnow.pl\/wp-content\/uploads\/2019\/02\/Lokietek_monument_m-1-1024x683.jpg\",\"datePublished\":\"2010-08-09T13:51:35+00:00\",\"dateModified\":\"2019-04-03T13:16:56+00:00\",\"breadcrumb\":{\"@id\":\"https:\/\/www.it.tarnow.pl\/de\/es-ist-sehenswert\/wussten-sie-dass\/tarnow-hat-das-groste-denkmal-von-wladyslaw-lokietek-in-der-welt\/#breadcrumb\"},\"inLanguage\":\"de\",\"potentialAction\":[{\"@type\":\"ReadAction\",\"target\":[\"https:\/\/www.it.tarnow.pl\/de\/es-ist-sehenswert\/wussten-sie-dass\/tarnow-hat-das-groste-denkmal-von-wladyslaw-lokietek-in-der-welt\/\"]}]},{\"@type\":\"ImageObject\",\"inLanguage\":\"de\",\"@id\":\"https:\/\/www.it.tarnow.pl\/de\/es-ist-sehenswert\/wussten-sie-dass\/tarnow-hat-das-groste-denkmal-von-wladyslaw-lokietek-in-der-welt\/#primaryimage\",\"url\":\"http:\/\/www.it.tarnow.pl\/wp-content\/uploads\/2019\/02\/Lokietek_monument_m-1-1024x683.jpg\",\"contentUrl\":\"http:\/\/www.it.tarnow.pl\/wp-content\/uploads\/2019\/02\/Lokietek_monument_m-1-1024x683.jpg\"},{\"@type\":\"BreadcrumbList\",\"@id\":\"https:\/\/www.it.tarnow.pl\/de\/es-ist-sehenswert\/wussten-sie-dass\/tarnow-hat-das-groste-denkmal-von-wladyslaw-lokietek-in-der-welt\/#breadcrumb\",\"itemListElement\":[{\"@type\":\"ListItem\",\"position\":1,\"name\":\"Homepage\",\"item\":\"https:\/\/www.it.tarnow.pl\/de\/\"},{\"@type\":\"ListItem\",\"position\":2,\"name\":\"Es ist sehenswert\",\"item\":\"https:\/\/www.it.tarnow.pl\/de\/es-ist-sehenswert\/\"},{\"@type\":\"ListItem\",\"position\":3,\"name\":\"Wussten Sie, dass&#8230;?\",\"item\":\"https:\/\/www.it.tarnow.pl\/de\/es-ist-sehenswert\/wussten-sie-dass\/\"},{\"@type\":\"ListItem\",\"position\":4,\"name\":\"Tarn\u00f3w hat das gr\u00f6\u00dfte Denkmal von W\u0142adys\u0142aw \u0141okietek in der Welt\"}]},{\"@type\":\"WebSite\",\"@id\":\"https:\/\/www.it.tarnow.pl\/#website\",\"url\":\"https:\/\/www.it.tarnow.pl\/\",\"name\":\"Tarnowskie Centrum Informacji\",\"description\":\"Informacja turystyczna o Tarnowie i regionie tarnowskim.\",\"potentialAction\":[{\"@type\":\"SearchAction\",\"target\":{\"@type\":\"EntryPoint\",\"urlTemplate\":\"https:\/\/www.it.tarnow.pl\/?s={search_term_string}\"},\"query-input\":{\"@type\":\"PropertyValueSpecification\",\"valueRequired\":true,\"valueName\":\"search_term_string\"}}],\"inLanguage\":\"de\"}]}<\/script>\n<!-- \/ Yoast SEO Premium plugin. -->","yoast_head_json":{"title":"Tarn\u00f3w hat das gr\u00f6\u00dfte Denkmal von W\u0142adys\u0142aw \u0141okietek in der Welt - Tarnowskie Centrum Informacji","robots":{"index":"index","follow":"follow","max-snippet":"max-snippet:-1","max-image-preview":"max-image-preview:large","max-video-preview":"max-video-preview:-1"},"canonical":"https:\/\/www.it.tarnow.pl\/de\/es-ist-sehenswert\/wussten-sie-dass\/tarnow-hat-das-groste-denkmal-von-wladyslaw-lokietek-in-der-welt\/","og_locale":"de_DE","og_type":"article","og_title":"Tarn\u00f3w hat das gr\u00f6\u00dfte Denkmal von W\u0142adys\u0142aw \u0141okietek in der Welt","og_description":"Die Stadt hat eine neue touristische Attraktion \u2013 es ist ein f\u00fcnf Meter hohes Denkmal des K\u00f6nigs W\u0142adys\u0142aw \u0141okietek, der Tarn\u00f3w die Stadtrechte verliehen hat. Er war auch f\u00fcr seine [&hellip;]","og_url":"https:\/\/www.it.tarnow.pl\/de\/es-ist-sehenswert\/wussten-sie-dass\/tarnow-hat-das-groste-denkmal-von-wladyslaw-lokietek-in-der-welt\/","og_site_name":"Tarnowskie Centrum Informacji","article_modified_time":"2019-04-03T13:16:56+00:00","og_image":[{"url":"http:\/\/www.it.tarnow.pl\/wp-content\/uploads\/2019\/02\/Lokietek_monument_m-1-1024x683.jpg","type":"","width":"","height":""}],"twitter_card":"summary_large_image","schema":{"@context":"https:\/\/schema.org","@graph":[{"@type":"WebPage","@id":"https:\/\/www.it.tarnow.pl\/de\/es-ist-sehenswert\/wussten-sie-dass\/tarnow-hat-das-groste-denkmal-von-wladyslaw-lokietek-in-der-welt\/","url":"https:\/\/www.it.tarnow.pl\/de\/es-ist-sehenswert\/wussten-sie-dass\/tarnow-hat-das-groste-denkmal-von-wladyslaw-lokietek-in-der-welt\/","name":"Tarn\u00f3w hat das gr\u00f6\u00dfte Denkmal von W\u0142adys\u0142aw \u0141okietek in der Welt - Tarnowskie Centrum Informacji","isPartOf":{"@id":"https:\/\/www.it.tarnow.pl\/#website"},"primaryImageOfPage":{"@id":"https:\/\/www.it.tarnow.pl\/de\/es-ist-sehenswert\/wussten-sie-dass\/tarnow-hat-das-groste-denkmal-von-wladyslaw-lokietek-in-der-welt\/#primaryimage"},"image":{"@id":"https:\/\/www.it.tarnow.pl\/de\/es-ist-sehenswert\/wussten-sie-dass\/tarnow-hat-das-groste-denkmal-von-wladyslaw-lokietek-in-der-welt\/#primaryimage"},"thumbnailUrl":"http:\/\/www.it.tarnow.pl\/wp-content\/uploads\/2019\/02\/Lokietek_monument_m-1-1024x683.jpg","datePublished":"2010-08-09T13:51:35+00:00","dateModified":"2019-04-03T13:16:56+00:00","breadcrumb":{"@id":"https:\/\/www.it.tarnow.pl\/de\/es-ist-sehenswert\/wussten-sie-dass\/tarnow-hat-das-groste-denkmal-von-wladyslaw-lokietek-in-der-welt\/#breadcrumb"},"inLanguage":"de","potentialAction":[{"@type":"ReadAction","target":["https:\/\/www.it.tarnow.pl\/de\/es-ist-sehenswert\/wussten-sie-dass\/tarnow-hat-das-groste-denkmal-von-wladyslaw-lokietek-in-der-welt\/"]}]},{"@type":"ImageObject","inLanguage":"de","@id":"https:\/\/www.it.tarnow.pl\/de\/es-ist-sehenswert\/wussten-sie-dass\/tarnow-hat-das-groste-denkmal-von-wladyslaw-lokietek-in-der-welt\/#primaryimage","url":"http:\/\/www.it.tarnow.pl\/wp-content\/uploads\/2019\/02\/Lokietek_monument_m-1-1024x683.jpg","contentUrl":"http:\/\/www.it.tarnow.pl\/wp-content\/uploads\/2019\/02\/Lokietek_monument_m-1-1024x683.jpg"},{"@type":"BreadcrumbList","@id":"https:\/\/www.it.tarnow.pl\/de\/es-ist-sehenswert\/wussten-sie-dass\/tarnow-hat-das-groste-denkmal-von-wladyslaw-lokietek-in-der-welt\/#breadcrumb","itemListElement":[{"@type":"ListItem","position":1,"name":"Homepage","item":"https:\/\/www.it.tarnow.pl\/de\/"},{"@type":"ListItem","position":2,"name":"Es ist sehenswert","item":"https:\/\/www.it.tarnow.pl\/de\/es-ist-sehenswert\/"},{"@type":"ListItem","position":3,"name":"Wussten Sie, dass&#8230;?","item":"https:\/\/www.it.tarnow.pl\/de\/es-ist-sehenswert\/wussten-sie-dass\/"},{"@type":"ListItem","position":4,"name":"Tarn\u00f3w hat das gr\u00f6\u00dfte Denkmal von W\u0142adys\u0142aw \u0141okietek in der Welt"}]},{"@type":"WebSite","@id":"https:\/\/www.it.tarnow.pl\/#website","url":"https:\/\/www.it.tarnow.pl\/","name":"Tarnowskie Centrum Informacji","description":"Informacja turystyczna o Tarnowie i regionie tarnowskim.","potentialAction":[{"@type":"SearchAction","target":{"@type":"EntryPoint","urlTemplate":"https:\/\/www.it.tarnow.pl\/?s={search_term_string}"},"query-input":{"@type":"PropertyValueSpecification","valueRequired":true,"valueName":"search_term_string"}}],"inLanguage":"de"}]}},"_links":{"self":[{"href":"https:\/\/www.it.tarnow.pl\/de\/wp-json\/wp\/v2\/pages\/9802","targetHints":{"allow":["GET"]}}],"collection":[{"href":"https:\/\/www.it.tarnow.pl\/de\/wp-json\/wp\/v2\/pages"}],"about":[{"href":"https:\/\/www.it.tarnow.pl\/de\/wp-json\/wp\/v2\/types\/page"}],"author":[{"embeddable":true,"href":"https:\/\/www.it.tarnow.pl\/de\/wp-json\/wp\/v2\/users\/1"}],"replies":[{"embeddable":true,"href":"https:\/\/www.it.tarnow.pl\/de\/wp-json\/wp\/v2\/comments?post=9802"}],"version-history":[{"count":0,"href":"https:\/\/www.it.tarnow.pl\/de\/wp-json\/wp\/v2\/pages\/9802\/revisions"}],"up":[{"embeddable":true,"href":"https:\/\/www.it.tarnow.pl\/de\/wp-json\/wp\/v2\/pages\/9794"}],"wp:attachment":[{"href":"https:\/\/www.it.tarnow.pl\/de\/wp-json\/wp\/v2\/media?parent=9802"}],"wp:term":[{"taxonomy":"post_tag","embeddable":true,"href":"https:\/\/www.it.tarnow.pl\/de\/wp-json\/wp\/v2\/tags?post=9802"}],"curies":[{"name":"wp","href":"https:\/\/api.w.org\/{rel}","templated":true}]}}