{"id":9801,"date":"2010-08-09T15:42:12","date_gmt":"2010-08-09T13:42:12","guid":{"rendered":"http:\/\/www.it.tarnow.pl\/professor-und-priester-michal-heller-der-erste-polnische-templeton-preistrager\/"},"modified":"2019-04-03T15:16:56","modified_gmt":"2019-04-03T13:16:56","slug":"professor-und-priester-michal-heller-der-erste-polnische-templeton-preistrager","status":"publish","type":"page","link":"https:\/\/www.it.tarnow.pl\/de\/es-ist-sehenswert\/wussten-sie-dass\/professor-und-priester-michal-heller-der-erste-polnische-templeton-preistrager\/","title":{"rendered":"Professor und Priester Micha\u0142 Heller \u2013 der erste polnische Templeton-Preistr\u00e4ger"},"content":{"rendered":"<img loading=\"lazy\" decoding=\"async\" width=\"147\" height=\"211\" class=\"size-medium alignright wp-image-21146\" src=\"http:\/\/www.it.tarnow.pl\/wp-content\/uploads\/2019\/02\/heller.jpg\" alt=\"\"><p>Prof. und katholischer Priester Micha\u0142 Heller, der am 12. M\u00e4rz 1936 in Tarn\u00f3w geboren wurde, erhielt als erste Pole den weltweit renommierten Templeton-Preis. Mit dem Templeton &#8211; Preis werden Personen gew\u00fcrdigt, die sich um den Dialog zwischen Wissenschaft und Religion verdient gemacht haben. Der Priester Micha\u0142 Heller ist ein Absolvent des Tarnower Priesterseminars und weltweit ber\u00fchmter Physiker, Kosmologe, Philosoph und Theologe. Prof. Micha\u0142 Heller ist auch Mitglied u.a. des Vatikanischen Observatoriums, der P\u00e4pstlichen Akademie der Wissenschaften, der Polnischen Gesellschaft f\u00fcr Physik, der Polnischen Gesellschaft f\u00fcr Astronomie, der International Society for General Relativity and Gravitation, der European Physical Society, des Center for Theology and the Natural Science. Prof. Heller unterrichtete an der P\u00e4pstlichen Theologischen Akademie in Krakau und hat eine Vielzahl von Publikationen geschrieben.<\/p>","protected":false},"excerpt":{"rendered":"Prof. und katholischer Priester Micha\u0142 Heller, der am 12. M\u00e4rz 1936 in Tarn\u00f3w geboren wurde, erhielt als erste Pole den weltweit renommierten Templeton-Preis. Mit dem Templeton &#8211; Preis werden Personen [&hellip;]","protected":false},"author":1,"featured_media":0,"parent":9794,"menu_order":262,"comment_status":"closed","ping_status":"closed","template":"","meta":{"_acf_changed":false,"footnotes":""},"tags":[],"class_list":["post-9801","page","type-page","status-publish","hentry"],"acf":{"in_menu":null,"show_date":null,"intro_text":"<img class=\"size-small alignleft wp-image-21146\" src=\"http:\/\/www.it.tarnow.pl\/wp-content\/uploads\/2019\/02\/heller-147x150.jpg\" alt=\"\"><p>Prof. und katholischer Priester Micha\u0142 Heller, der am 12. M\u00e4rz 1936 in Tarn\u00f3w geboren wurde, erhielt als erste Pole den weltweit renommierten Templeton-Preis. Mit dem Templeton - Preis werden Personen gew\u00fcrdigt, die sich um den Dialog zwischen Wissenschaft und Religion verdient gemacht haben.<\/p>","map":null},"yoast_head":"<!-- This site is optimized with the Yoast SEO Premium plugin v25.4 (Yoast SEO v25.4) - https:\/\/yoast.com\/wordpress\/plugins\/seo\/ -->\n<title>Professor und Priester Micha\u0142 Heller \u2013 der erste polnische Templeton-Preistr\u00e4ger - Tarnowskie Centrum Informacji<\/title>\n<meta name=\"robots\" content=\"index, follow, max-snippet:-1, max-image-preview:large, max-video-preview:-1\" \/>\n<link rel=\"canonical\" href=\"https:\/\/www.it.tarnow.pl\/de\/es-ist-sehenswert\/wussten-sie-dass\/professor-und-priester-michal-heller-der-erste-polnische-templeton-preistrager\/\" \/>\n<meta property=\"og:locale\" content=\"de_DE\" \/>\n<meta property=\"og:type\" content=\"article\" \/>\n<meta property=\"og:title\" content=\"Professor und Priester Micha\u0142 Heller \u2013 der erste polnische Templeton-Preistr\u00e4ger\" \/>\n<meta property=\"og:description\" content=\"Prof. und katholischer Priester Micha\u0142 Heller, der am 12. M\u00e4rz 1936 in Tarn\u00f3w geboren wurde, erhielt als erste Pole den weltweit renommierten Templeton-Preis. Mit dem Templeton &#8211; Preis werden Personen [&hellip;]\" \/>\n<meta property=\"og:url\" content=\"https:\/\/www.it.tarnow.pl\/de\/es-ist-sehenswert\/wussten-sie-dass\/professor-und-priester-michal-heller-der-erste-polnische-templeton-preistrager\/\" \/>\n<meta property=\"og:site_name\" content=\"Tarnowskie Centrum Informacji\" \/>\n<meta property=\"article:modified_time\" content=\"2019-04-03T13:16:56+00:00\" \/>\n<meta property=\"og:image\" content=\"http:\/\/www.it.tarnow.pl\/wp-content\/uploads\/2019\/02\/heller.jpg\" \/>\n<meta name=\"twitter:card\" content=\"summary_large_image\" \/>\n<meta name=\"twitter:label1\" content=\"Gesch\u00e4tzte Lesezeit\" \/>\n\t<meta name=\"twitter:data1\" content=\"1\u00a0Minute\" \/>\n<script type=\"application\/ld+json\" class=\"yoast-schema-graph\">{\"@context\":\"https:\/\/schema.org\",\"@graph\":[{\"@type\":\"WebPage\",\"@id\":\"https:\/\/www.it.tarnow.pl\/de\/es-ist-sehenswert\/wussten-sie-dass\/professor-und-priester-michal-heller-der-erste-polnische-templeton-preistrager\/\",\"url\":\"https:\/\/www.it.tarnow.pl\/de\/es-ist-sehenswert\/wussten-sie-dass\/professor-und-priester-michal-heller-der-erste-polnische-templeton-preistrager\/\",\"name\":\"Professor und Priester Micha\u0142 Heller \u2013 der erste polnische Templeton-Preistr\u00e4ger - Tarnowskie Centrum Informacji\",\"isPartOf\":{\"@id\":\"https:\/\/www.it.tarnow.pl\/#website\"},\"primaryImageOfPage\":{\"@id\":\"https:\/\/www.it.tarnow.pl\/de\/es-ist-sehenswert\/wussten-sie-dass\/professor-und-priester-michal-heller-der-erste-polnische-templeton-preistrager\/#primaryimage\"},\"image\":{\"@id\":\"https:\/\/www.it.tarnow.pl\/de\/es-ist-sehenswert\/wussten-sie-dass\/professor-und-priester-michal-heller-der-erste-polnische-templeton-preistrager\/#primaryimage\"},\"thumbnailUrl\":\"http:\/\/www.it.tarnow.pl\/wp-content\/uploads\/2019\/02\/heller.jpg\",\"datePublished\":\"2010-08-09T13:42:12+00:00\",\"dateModified\":\"2019-04-03T13:16:56+00:00\",\"breadcrumb\":{\"@id\":\"https:\/\/www.it.tarnow.pl\/de\/es-ist-sehenswert\/wussten-sie-dass\/professor-und-priester-michal-heller-der-erste-polnische-templeton-preistrager\/#breadcrumb\"},\"inLanguage\":\"de\",\"potentialAction\":[{\"@type\":\"ReadAction\",\"target\":[\"https:\/\/www.it.tarnow.pl\/de\/es-ist-sehenswert\/wussten-sie-dass\/professor-und-priester-michal-heller-der-erste-polnische-templeton-preistrager\/\"]}]},{\"@type\":\"ImageObject\",\"inLanguage\":\"de\",\"@id\":\"https:\/\/www.it.tarnow.pl\/de\/es-ist-sehenswert\/wussten-sie-dass\/professor-und-priester-michal-heller-der-erste-polnische-templeton-preistrager\/#primaryimage\",\"url\":\"http:\/\/www.it.tarnow.pl\/wp-content\/uploads\/2019\/02\/heller.jpg\",\"contentUrl\":\"http:\/\/www.it.tarnow.pl\/wp-content\/uploads\/2019\/02\/heller.jpg\"},{\"@type\":\"BreadcrumbList\",\"@id\":\"https:\/\/www.it.tarnow.pl\/de\/es-ist-sehenswert\/wussten-sie-dass\/professor-und-priester-michal-heller-der-erste-polnische-templeton-preistrager\/#breadcrumb\",\"itemListElement\":[{\"@type\":\"ListItem\",\"position\":1,\"name\":\"Homepage\",\"item\":\"https:\/\/www.it.tarnow.pl\/de\/\"},{\"@type\":\"ListItem\",\"position\":2,\"name\":\"Es ist sehenswert\",\"item\":\"https:\/\/www.it.tarnow.pl\/de\/es-ist-sehenswert\/\"},{\"@type\":\"ListItem\",\"position\":3,\"name\":\"Wussten Sie, dass&#8230;?\",\"item\":\"https:\/\/www.it.tarnow.pl\/de\/es-ist-sehenswert\/wussten-sie-dass\/\"},{\"@type\":\"ListItem\",\"position\":4,\"name\":\"Professor und Priester Micha\u0142 Heller \u2013 der erste polnische Templeton-Preistr\u00e4ger\"}]},{\"@type\":\"WebSite\",\"@id\":\"https:\/\/www.it.tarnow.pl\/#website\",\"url\":\"https:\/\/www.it.tarnow.pl\/\",\"name\":\"Tarnowskie Centrum Informacji\",\"description\":\"Informacja turystyczna o Tarnowie i regionie tarnowskim.\",\"potentialAction\":[{\"@type\":\"SearchAction\",\"target\":{\"@type\":\"EntryPoint\",\"urlTemplate\":\"https:\/\/www.it.tarnow.pl\/?s={search_term_string}\"},\"query-input\":{\"@type\":\"PropertyValueSpecification\",\"valueRequired\":true,\"valueName\":\"search_term_string\"}}],\"inLanguage\":\"de\"}]}<\/script>\n<!-- \/ Yoast SEO Premium plugin. -->","yoast_head_json":{"title":"Professor und Priester Micha\u0142 Heller \u2013 der erste polnische Templeton-Preistr\u00e4ger - Tarnowskie Centrum Informacji","robots":{"index":"index","follow":"follow","max-snippet":"max-snippet:-1","max-image-preview":"max-image-preview:large","max-video-preview":"max-video-preview:-1"},"canonical":"https:\/\/www.it.tarnow.pl\/de\/es-ist-sehenswert\/wussten-sie-dass\/professor-und-priester-michal-heller-der-erste-polnische-templeton-preistrager\/","og_locale":"de_DE","og_type":"article","og_title":"Professor und Priester Micha\u0142 Heller \u2013 der erste polnische Templeton-Preistr\u00e4ger","og_description":"Prof. und katholischer Priester Micha\u0142 Heller, der am 12. M\u00e4rz 1936 in Tarn\u00f3w geboren wurde, erhielt als erste Pole den weltweit renommierten Templeton-Preis. Mit dem Templeton &#8211; Preis werden Personen [&hellip;]","og_url":"https:\/\/www.it.tarnow.pl\/de\/es-ist-sehenswert\/wussten-sie-dass\/professor-und-priester-michal-heller-der-erste-polnische-templeton-preistrager\/","og_site_name":"Tarnowskie Centrum Informacji","article_modified_time":"2019-04-03T13:16:56+00:00","og_image":[{"url":"http:\/\/www.it.tarnow.pl\/wp-content\/uploads\/2019\/02\/heller.jpg","type":"","width":"","height":""}],"twitter_card":"summary_large_image","twitter_misc":{"Gesch\u00e4tzte Lesezeit":"1\u00a0Minute"},"schema":{"@context":"https:\/\/schema.org","@graph":[{"@type":"WebPage","@id":"https:\/\/www.it.tarnow.pl\/de\/es-ist-sehenswert\/wussten-sie-dass\/professor-und-priester-michal-heller-der-erste-polnische-templeton-preistrager\/","url":"https:\/\/www.it.tarnow.pl\/de\/es-ist-sehenswert\/wussten-sie-dass\/professor-und-priester-michal-heller-der-erste-polnische-templeton-preistrager\/","name":"Professor und Priester Micha\u0142 Heller \u2013 der erste polnische Templeton-Preistr\u00e4ger - Tarnowskie Centrum Informacji","isPartOf":{"@id":"https:\/\/www.it.tarnow.pl\/#website"},"primaryImageOfPage":{"@id":"https:\/\/www.it.tarnow.pl\/de\/es-ist-sehenswert\/wussten-sie-dass\/professor-und-priester-michal-heller-der-erste-polnische-templeton-preistrager\/#primaryimage"},"image":{"@id":"https:\/\/www.it.tarnow.pl\/de\/es-ist-sehenswert\/wussten-sie-dass\/professor-und-priester-michal-heller-der-erste-polnische-templeton-preistrager\/#primaryimage"},"thumbnailUrl":"http:\/\/www.it.tarnow.pl\/wp-content\/uploads\/2019\/02\/heller.jpg","datePublished":"2010-08-09T13:42:12+00:00","dateModified":"2019-04-03T13:16:56+00:00","breadcrumb":{"@id":"https:\/\/www.it.tarnow.pl\/de\/es-ist-sehenswert\/wussten-sie-dass\/professor-und-priester-michal-heller-der-erste-polnische-templeton-preistrager\/#breadcrumb"},"inLanguage":"de","potentialAction":[{"@type":"ReadAction","target":["https:\/\/www.it.tarnow.pl\/de\/es-ist-sehenswert\/wussten-sie-dass\/professor-und-priester-michal-heller-der-erste-polnische-templeton-preistrager\/"]}]},{"@type":"ImageObject","inLanguage":"de","@id":"https:\/\/www.it.tarnow.pl\/de\/es-ist-sehenswert\/wussten-sie-dass\/professor-und-priester-michal-heller-der-erste-polnische-templeton-preistrager\/#primaryimage","url":"http:\/\/www.it.tarnow.pl\/wp-content\/uploads\/2019\/02\/heller.jpg","contentUrl":"http:\/\/www.it.tarnow.pl\/wp-content\/uploads\/2019\/02\/heller.jpg"},{"@type":"BreadcrumbList","@id":"https:\/\/www.it.tarnow.pl\/de\/es-ist-sehenswert\/wussten-sie-dass\/professor-und-priester-michal-heller-der-erste-polnische-templeton-preistrager\/#breadcrumb","itemListElement":[{"@type":"ListItem","position":1,"name":"Homepage","item":"https:\/\/www.it.tarnow.pl\/de\/"},{"@type":"ListItem","position":2,"name":"Es ist sehenswert","item":"https:\/\/www.it.tarnow.pl\/de\/es-ist-sehenswert\/"},{"@type":"ListItem","position":3,"name":"Wussten Sie, dass&#8230;?","item":"https:\/\/www.it.tarnow.pl\/de\/es-ist-sehenswert\/wussten-sie-dass\/"},{"@type":"ListItem","position":4,"name":"Professor und Priester Micha\u0142 Heller \u2013 der erste polnische Templeton-Preistr\u00e4ger"}]},{"@type":"WebSite","@id":"https:\/\/www.it.tarnow.pl\/#website","url":"https:\/\/www.it.tarnow.pl\/","name":"Tarnowskie Centrum Informacji","description":"Informacja turystyczna o Tarnowie i regionie tarnowskim.","potentialAction":[{"@type":"SearchAction","target":{"@type":"EntryPoint","urlTemplate":"https:\/\/www.it.tarnow.pl\/?s={search_term_string}"},"query-input":{"@type":"PropertyValueSpecification","valueRequired":true,"valueName":"search_term_string"}}],"inLanguage":"de"}]}},"_links":{"self":[{"href":"https:\/\/www.it.tarnow.pl\/de\/wp-json\/wp\/v2\/pages\/9801","targetHints":{"allow":["GET"]}}],"collection":[{"href":"https:\/\/www.it.tarnow.pl\/de\/wp-json\/wp\/v2\/pages"}],"about":[{"href":"https:\/\/www.it.tarnow.pl\/de\/wp-json\/wp\/v2\/types\/page"}],"author":[{"embeddable":true,"href":"https:\/\/www.it.tarnow.pl\/de\/wp-json\/wp\/v2\/users\/1"}],"replies":[{"embeddable":true,"href":"https:\/\/www.it.tarnow.pl\/de\/wp-json\/wp\/v2\/comments?post=9801"}],"version-history":[{"count":0,"href":"https:\/\/www.it.tarnow.pl\/de\/wp-json\/wp\/v2\/pages\/9801\/revisions"}],"up":[{"embeddable":true,"href":"https:\/\/www.it.tarnow.pl\/de\/wp-json\/wp\/v2\/pages\/9794"}],"wp:attachment":[{"href":"https:\/\/www.it.tarnow.pl\/de\/wp-json\/wp\/v2\/media?parent=9801"}],"wp:term":[{"taxonomy":"post_tag","embeddable":true,"href":"https:\/\/www.it.tarnow.pl\/de\/wp-json\/wp\/v2\/tags?post=9801"}],"curies":[{"name":"wp","href":"https:\/\/api.w.org\/{rel}","templated":true}]}}