{"id":9800,"date":"2010-08-09T15:37:36","date_gmt":"2010-08-09T13:37:36","guid":{"rendered":"http:\/\/www.it.tarnow.pl\/polnischer-edison-jan-szczepanik\/"},"modified":"2019-04-03T15:16:55","modified_gmt":"2019-04-03T13:16:55","slug":"polnischer-edison-jan-szczepanik","status":"publish","type":"page","link":"https:\/\/www.it.tarnow.pl\/de\/es-ist-sehenswert\/wussten-sie-dass\/polnischer-edison-jan-szczepanik\/","title":{"rendered":"&#8222;Polnischer Edison&#8220; &#8211; Jan Szczepanik"},"content":{"rendered":"<img loading=\"lazy\" decoding=\"async\" width=\"230\" height=\"300\" class=\"size-medium alignright wp-image-35668\" src=\"http:\/\/www.it.tarnow.pl\/wp-content\/uploads\/2019\/02\/Szczepanik_b_proof_jacket-230x300.jpg\" alt=\"\" srcset=\"https:\/\/www.it.tarnow.pl\/wp-content\/uploads\/2019\/02\/Szczepanik_b_proof_jacket-230x300.jpg 230w, https:\/\/www.it.tarnow.pl\/wp-content\/uploads\/2019\/02\/Szczepanik_b_proof_jacket.jpg 640w\" sizes=\"auto, (max-width: 230px) 100vw, 230px\" \/><p>Mit Tarn\u00f3w ist auch der vielseitige Erfinder Polens Jan Szczepanik verbunden. Ein Pionier der Farbfotografie, des Farbfernsehens und des Farbfilms. Wegbereiter der modernen Textilindustrie, so auch der kugelsicheren Westen. Geboren am 13. Juni 1872 im Gebiet um Przemy\u015bl, in beruflichem Zusammenhang gebracht mit Berlin und Dresden, starb er am 8. November 1926 und wurde in Tarn\u00f3w beerdigt. Auf einem Rundgang durch Tarn\u00f3w lohnt es sich vor folgenden H\u00e4usern zu halten: in der Chopin Stra\u00dfe Nummer 11 (Elternhaus) sowie in der Sowinskistra\u00dfe Nummer 11 (durch einige Jahre f\u00fchrte der Erfinder, mit Erfolg beendend, Forschungen an der Entwicklung der Farbfotografie und Farbdias). Im Bezirksmuseum in Tarn\u00f3w in der &#8222;Apoteoza&#8220; Sammlung kann man den gr\u00f6\u00dften Gobelin bewundern, der mit der Szczepanikmethode gewebt wurde aus Anlass der 50 j\u00e4hrigen Herrschaft des Kaisers Franz Joseph I.. Auf dem Alten Friedhof im Stadtteil Zab\u0139\u201aocie, welcher der \u00e4lteste Gottesacker Tarnows aus dem Jahre 1790 ist, befindet sich das Grab des Erfinders in der Familiengruft der Dzikowskis und Szczepaniks. Das einzige Denkmal in Polen ist auf dem Szczepanik Platz gegen\u00fcber der Schule, in welcher sich Gedenkraum mit Andenken an den &#8222;Polnischen Edison&#8220; befindet.<\/p>","protected":false},"excerpt":{"rendered":"Mit Tarn\u00f3w ist auch der vielseitige Erfinder Polens Jan Szczepanik verbunden. Ein Pionier der Farbfotografie, des Farbfernsehens und des Farbfilms. Wegbereiter der modernen Textilindustrie, so auch der kugelsicheren Westen. Geboren [&hellip;]","protected":false},"author":1,"featured_media":0,"parent":9794,"menu_order":233,"comment_status":"closed","ping_status":"closed","template":"","meta":{"_acf_changed":false,"footnotes":""},"tags":[],"class_list":["post-9800","page","type-page","status-publish","hentry"],"acf":{"in_menu":null,"show_date":null,"intro_text":"<img class=\"size-small alignleft wp-image-35663\" src=\"http:\/\/www.it.tarnow.pl\/wp-content\/uploads\/2019\/02\/Szczepanik_portrait_m-150x150.jpg\" alt=\"\"><p>Mit Tarn\u00f3w ist auch der vielseitige Erfinder Polens Jan Szczepanik verbunden. Ein Pionier der Farbfotografie, des Farbfernsehens und des Farbfilms. Wegbereiter der modernen Textilindustrie, so auch der kugelsicheren Westen.<\/p>","map":null},"yoast_head":"<!-- This site is optimized with the Yoast SEO Premium plugin v25.4 (Yoast SEO v25.4) - https:\/\/yoast.com\/wordpress\/plugins\/seo\/ -->\n<title>&quot;Polnischer Edison&quot; - Jan Szczepanik - Tarnowskie Centrum Informacji<\/title>\n<meta name=\"robots\" content=\"index, follow, max-snippet:-1, max-image-preview:large, max-video-preview:-1\" \/>\n<link rel=\"canonical\" href=\"https:\/\/www.it.tarnow.pl\/de\/es-ist-sehenswert\/wussten-sie-dass\/polnischer-edison-jan-szczepanik\/\" \/>\n<meta property=\"og:locale\" content=\"de_DE\" \/>\n<meta property=\"og:type\" content=\"article\" \/>\n<meta property=\"og:title\" content=\"&quot;Polnischer Edison&quot; - Jan Szczepanik\" \/>\n<meta property=\"og:description\" content=\"Mit Tarn\u00f3w ist auch der vielseitige Erfinder Polens Jan Szczepanik verbunden. Ein Pionier der Farbfotografie, des Farbfernsehens und des Farbfilms. Wegbereiter der modernen Textilindustrie, so auch der kugelsicheren Westen. Geboren [&hellip;]\" \/>\n<meta property=\"og:url\" content=\"https:\/\/www.it.tarnow.pl\/de\/es-ist-sehenswert\/wussten-sie-dass\/polnischer-edison-jan-szczepanik\/\" \/>\n<meta property=\"og:site_name\" content=\"Tarnowskie Centrum Informacji\" \/>\n<meta property=\"article:modified_time\" content=\"2019-04-03T13:16:55+00:00\" \/>\n<meta property=\"og:image\" content=\"http:\/\/www.it.tarnow.pl\/wp-content\/uploads\/2019\/02\/Szczepanik_b_proof_jacket-230x300.jpg\" \/>\n<meta name=\"twitter:card\" content=\"summary_large_image\" \/>\n<meta name=\"twitter:label1\" content=\"Gesch\u00e4tzte Lesezeit\" \/>\n\t<meta name=\"twitter:data1\" content=\"1\u00a0Minute\" \/>\n<script type=\"application\/ld+json\" class=\"yoast-schema-graph\">{\"@context\":\"https:\/\/schema.org\",\"@graph\":[{\"@type\":\"WebPage\",\"@id\":\"https:\/\/www.it.tarnow.pl\/de\/es-ist-sehenswert\/wussten-sie-dass\/polnischer-edison-jan-szczepanik\/\",\"url\":\"https:\/\/www.it.tarnow.pl\/de\/es-ist-sehenswert\/wussten-sie-dass\/polnischer-edison-jan-szczepanik\/\",\"name\":\"\\\"Polnischer Edison\\\" - Jan Szczepanik - Tarnowskie Centrum Informacji\",\"isPartOf\":{\"@id\":\"https:\/\/www.it.tarnow.pl\/#website\"},\"primaryImageOfPage\":{\"@id\":\"https:\/\/www.it.tarnow.pl\/de\/es-ist-sehenswert\/wussten-sie-dass\/polnischer-edison-jan-szczepanik\/#primaryimage\"},\"image\":{\"@id\":\"https:\/\/www.it.tarnow.pl\/de\/es-ist-sehenswert\/wussten-sie-dass\/polnischer-edison-jan-szczepanik\/#primaryimage\"},\"thumbnailUrl\":\"http:\/\/www.it.tarnow.pl\/wp-content\/uploads\/2019\/02\/Szczepanik_b_proof_jacket-230x300.jpg\",\"datePublished\":\"2010-08-09T13:37:36+00:00\",\"dateModified\":\"2019-04-03T13:16:55+00:00\",\"breadcrumb\":{\"@id\":\"https:\/\/www.it.tarnow.pl\/de\/es-ist-sehenswert\/wussten-sie-dass\/polnischer-edison-jan-szczepanik\/#breadcrumb\"},\"inLanguage\":\"de\",\"potentialAction\":[{\"@type\":\"ReadAction\",\"target\":[\"https:\/\/www.it.tarnow.pl\/de\/es-ist-sehenswert\/wussten-sie-dass\/polnischer-edison-jan-szczepanik\/\"]}]},{\"@type\":\"ImageObject\",\"inLanguage\":\"de\",\"@id\":\"https:\/\/www.it.tarnow.pl\/de\/es-ist-sehenswert\/wussten-sie-dass\/polnischer-edison-jan-szczepanik\/#primaryimage\",\"url\":\"http:\/\/www.it.tarnow.pl\/wp-content\/uploads\/2019\/02\/Szczepanik_b_proof_jacket-230x300.jpg\",\"contentUrl\":\"http:\/\/www.it.tarnow.pl\/wp-content\/uploads\/2019\/02\/Szczepanik_b_proof_jacket-230x300.jpg\"},{\"@type\":\"BreadcrumbList\",\"@id\":\"https:\/\/www.it.tarnow.pl\/de\/es-ist-sehenswert\/wussten-sie-dass\/polnischer-edison-jan-szczepanik\/#breadcrumb\",\"itemListElement\":[{\"@type\":\"ListItem\",\"position\":1,\"name\":\"Homepage\",\"item\":\"https:\/\/www.it.tarnow.pl\/de\/\"},{\"@type\":\"ListItem\",\"position\":2,\"name\":\"Es ist sehenswert\",\"item\":\"https:\/\/www.it.tarnow.pl\/de\/es-ist-sehenswert\/\"},{\"@type\":\"ListItem\",\"position\":3,\"name\":\"Wussten Sie, dass&#8230;?\",\"item\":\"https:\/\/www.it.tarnow.pl\/de\/es-ist-sehenswert\/wussten-sie-dass\/\"},{\"@type\":\"ListItem\",\"position\":4,\"name\":\"&#8222;Polnischer Edison&#8221; &#8211; Jan Szczepanik\"}]},{\"@type\":\"WebSite\",\"@id\":\"https:\/\/www.it.tarnow.pl\/#website\",\"url\":\"https:\/\/www.it.tarnow.pl\/\",\"name\":\"Tarnowskie Centrum Informacji\",\"description\":\"Informacja turystyczna o Tarnowie i regionie tarnowskim.\",\"potentialAction\":[{\"@type\":\"SearchAction\",\"target\":{\"@type\":\"EntryPoint\",\"urlTemplate\":\"https:\/\/www.it.tarnow.pl\/?s={search_term_string}\"},\"query-input\":{\"@type\":\"PropertyValueSpecification\",\"valueRequired\":true,\"valueName\":\"search_term_string\"}}],\"inLanguage\":\"de\"}]}<\/script>\n<!-- \/ Yoast SEO Premium plugin. -->","yoast_head_json":{"title":"\"Polnischer Edison\" - Jan Szczepanik - Tarnowskie Centrum Informacji","robots":{"index":"index","follow":"follow","max-snippet":"max-snippet:-1","max-image-preview":"max-image-preview:large","max-video-preview":"max-video-preview:-1"},"canonical":"https:\/\/www.it.tarnow.pl\/de\/es-ist-sehenswert\/wussten-sie-dass\/polnischer-edison-jan-szczepanik\/","og_locale":"de_DE","og_type":"article","og_title":"\"Polnischer Edison\" - Jan Szczepanik","og_description":"Mit Tarn\u00f3w ist auch der vielseitige Erfinder Polens Jan Szczepanik verbunden. Ein Pionier der Farbfotografie, des Farbfernsehens und des Farbfilms. Wegbereiter der modernen Textilindustrie, so auch der kugelsicheren Westen. Geboren [&hellip;]","og_url":"https:\/\/www.it.tarnow.pl\/de\/es-ist-sehenswert\/wussten-sie-dass\/polnischer-edison-jan-szczepanik\/","og_site_name":"Tarnowskie Centrum Informacji","article_modified_time":"2019-04-03T13:16:55+00:00","og_image":[{"url":"http:\/\/www.it.tarnow.pl\/wp-content\/uploads\/2019\/02\/Szczepanik_b_proof_jacket-230x300.jpg","type":"","width":"","height":""}],"twitter_card":"summary_large_image","twitter_misc":{"Gesch\u00e4tzte Lesezeit":"1\u00a0Minute"},"schema":{"@context":"https:\/\/schema.org","@graph":[{"@type":"WebPage","@id":"https:\/\/www.it.tarnow.pl\/de\/es-ist-sehenswert\/wussten-sie-dass\/polnischer-edison-jan-szczepanik\/","url":"https:\/\/www.it.tarnow.pl\/de\/es-ist-sehenswert\/wussten-sie-dass\/polnischer-edison-jan-szczepanik\/","name":"\"Polnischer Edison\" - Jan Szczepanik - Tarnowskie Centrum Informacji","isPartOf":{"@id":"https:\/\/www.it.tarnow.pl\/#website"},"primaryImageOfPage":{"@id":"https:\/\/www.it.tarnow.pl\/de\/es-ist-sehenswert\/wussten-sie-dass\/polnischer-edison-jan-szczepanik\/#primaryimage"},"image":{"@id":"https:\/\/www.it.tarnow.pl\/de\/es-ist-sehenswert\/wussten-sie-dass\/polnischer-edison-jan-szczepanik\/#primaryimage"},"thumbnailUrl":"http:\/\/www.it.tarnow.pl\/wp-content\/uploads\/2019\/02\/Szczepanik_b_proof_jacket-230x300.jpg","datePublished":"2010-08-09T13:37:36+00:00","dateModified":"2019-04-03T13:16:55+00:00","breadcrumb":{"@id":"https:\/\/www.it.tarnow.pl\/de\/es-ist-sehenswert\/wussten-sie-dass\/polnischer-edison-jan-szczepanik\/#breadcrumb"},"inLanguage":"de","potentialAction":[{"@type":"ReadAction","target":["https:\/\/www.it.tarnow.pl\/de\/es-ist-sehenswert\/wussten-sie-dass\/polnischer-edison-jan-szczepanik\/"]}]},{"@type":"ImageObject","inLanguage":"de","@id":"https:\/\/www.it.tarnow.pl\/de\/es-ist-sehenswert\/wussten-sie-dass\/polnischer-edison-jan-szczepanik\/#primaryimage","url":"http:\/\/www.it.tarnow.pl\/wp-content\/uploads\/2019\/02\/Szczepanik_b_proof_jacket-230x300.jpg","contentUrl":"http:\/\/www.it.tarnow.pl\/wp-content\/uploads\/2019\/02\/Szczepanik_b_proof_jacket-230x300.jpg"},{"@type":"BreadcrumbList","@id":"https:\/\/www.it.tarnow.pl\/de\/es-ist-sehenswert\/wussten-sie-dass\/polnischer-edison-jan-szczepanik\/#breadcrumb","itemListElement":[{"@type":"ListItem","position":1,"name":"Homepage","item":"https:\/\/www.it.tarnow.pl\/de\/"},{"@type":"ListItem","position":2,"name":"Es ist sehenswert","item":"https:\/\/www.it.tarnow.pl\/de\/es-ist-sehenswert\/"},{"@type":"ListItem","position":3,"name":"Wussten Sie, dass&#8230;?","item":"https:\/\/www.it.tarnow.pl\/de\/es-ist-sehenswert\/wussten-sie-dass\/"},{"@type":"ListItem","position":4,"name":"&#8222;Polnischer Edison&#8221; &#8211; Jan Szczepanik"}]},{"@type":"WebSite","@id":"https:\/\/www.it.tarnow.pl\/#website","url":"https:\/\/www.it.tarnow.pl\/","name":"Tarnowskie Centrum Informacji","description":"Informacja turystyczna o Tarnowie i regionie tarnowskim.","potentialAction":[{"@type":"SearchAction","target":{"@type":"EntryPoint","urlTemplate":"https:\/\/www.it.tarnow.pl\/?s={search_term_string}"},"query-input":{"@type":"PropertyValueSpecification","valueRequired":true,"valueName":"search_term_string"}}],"inLanguage":"de"}]}},"_links":{"self":[{"href":"https:\/\/www.it.tarnow.pl\/de\/wp-json\/wp\/v2\/pages\/9800","targetHints":{"allow":["GET"]}}],"collection":[{"href":"https:\/\/www.it.tarnow.pl\/de\/wp-json\/wp\/v2\/pages"}],"about":[{"href":"https:\/\/www.it.tarnow.pl\/de\/wp-json\/wp\/v2\/types\/page"}],"author":[{"embeddable":true,"href":"https:\/\/www.it.tarnow.pl\/de\/wp-json\/wp\/v2\/users\/1"}],"replies":[{"embeddable":true,"href":"https:\/\/www.it.tarnow.pl\/de\/wp-json\/wp\/v2\/comments?post=9800"}],"version-history":[{"count":0,"href":"https:\/\/www.it.tarnow.pl\/de\/wp-json\/wp\/v2\/pages\/9800\/revisions"}],"up":[{"embeddable":true,"href":"https:\/\/www.it.tarnow.pl\/de\/wp-json\/wp\/v2\/pages\/9794"}],"wp:attachment":[{"href":"https:\/\/www.it.tarnow.pl\/de\/wp-json\/wp\/v2\/media?parent=9800"}],"wp:term":[{"taxonomy":"post_tag","embeddable":true,"href":"https:\/\/www.it.tarnow.pl\/de\/wp-json\/wp\/v2\/tags?post=9800"}],"curies":[{"name":"wp","href":"https:\/\/api.w.org\/{rel}","templated":true}]}}